{"id":1440,"date":"2026-02-18T19:27:09","date_gmt":"2026-02-18T19:27:09","guid":{"rendered":"https:\/\/www.copantalya.com\/?page_id=1440"},"modified":"2026-03-02T19:36:09","modified_gmt":"2026-03-02T19:36:09","slug":"sifir-emisyon-yolculugu","status":"publish","type":"page","link":"https:\/\/www.copantalya.com\/ar\/sifir-emisyon-yolculugu\/","title":{"rendered":"\u0631\u062d\u0644\u0629 \u0627\u0644\u0627\u0646\u0628\u0639\u0627\u062b\u0627\u062a \u0627\u0644\u0635\u0641\u0631\u064a\u0629"},"content":{"rendered":"\t\t<div data-elementor-type=\"wp-page\" data-elementor-id=\"1440\" class=\"elementor elementor-1440\">\n\t\t\t\t<div class=\"elementor-element elementor-element-24e69d14 e-flex e-con-boxed e-con e-parent\" data-id=\"24e69d14\" data-element_type=\"container\" data-e-type=\"container\" data-settings=\"{&quot;background_background&quot;:&quot;classic&quot;}\">\n\t\t\t\t\t<div class=\"e-con-inner\">\n\t\t<div class=\"elementor-element elementor-element-66fce66b e-con-full e-flex e-con e-child\" data-id=\"66fce66b\" data-element_type=\"container\" data-e-type=\"container\">\n\t\t\t\t<div class=\"elementor-element elementor-element-139b84e7 elementor-widget elementor-widget-heading\" data-id=\"139b84e7\" data-element_type=\"widget\" data-e-type=\"widget\" data-widget_type=\"heading.default\">\n\t\t\t\t\t<h1 class=\"elementor-heading-title elementor-size-default\">S\u0131f\u0131r Emisyon Yolculu\u011fu<\/h1>\t\t\t\t<\/div>\n\t\t\t\t<div class=\"elementor-element elementor-element-4946f727 elementor-widget elementor-widget-text-editor\" data-id=\"4946f727\" data-element_type=\"widget\" data-e-type=\"widget\" data-widget_type=\"text-editor.default\">\n\t\t\t\t\t\t\t\t\t<p class=\"p1\">COP Karbon Piyasas\u0131 Kurallar\u0131 ve Turizm \u0130\u015fletmeleri \u0130\u00e7in Karbon Ofsetleme Rehberi<\/p>\t\t\t\t\t\t\t\t<\/div>\n\t\t\t\t<\/div>\n\t\t\t\t\t<\/div>\n\t\t\t\t<\/div>\n\t\t\t\t<section class=\"elementor-section elementor-top-section elementor-element elementor-element-6d3b7cf0 elementor-section-content-middle elementor-section-boxed elementor-section-height-default elementor-section-height-default\" data-id=\"6d3b7cf0\" data-element_type=\"section\" data-e-type=\"section\" data-settings=\"{&quot;background_background&quot;:&quot;classic&quot;}\">\n\t\t\t\t\t\t<div class=\"elementor-container elementor-column-gap-no\">\n\t\t\t\t\t<div class=\"elementor-column elementor-col-50 elementor-top-column elementor-element elementor-element-5f68523b\" data-id=\"5f68523b\" data-element_type=\"column\" data-e-type=\"column\" data-settings=\"{&quot;background_background&quot;:&quot;classic&quot;}\">\n\t\t\t<div class=\"elementor-widget-wrap elementor-element-populated\">\n\t\t\t\t\t\t<div class=\"elementor-element elementor-element-55a319b8 elementor-widget elementor-widget-image\" data-id=\"55a319b8\" data-element_type=\"widget\" data-e-type=\"widget\" data-widget_type=\"image.default\">\n\t\t\t\t\t\t\t\t\t\t\t\t\t\t\t<img fetchpriority=\"high\" decoding=\"async\" width=\"1558\" height=\"2175\" src=\"https:\/\/www.copantalya.com\/wp-content\/uploads\/2026\/02\/3145-2-1.jpg\" class=\"attachment-full size-full wp-image-1480\" alt=\"3145 2 (1)\" srcset=\"https:\/\/www.copantalya.com\/wp-content\/uploads\/2026\/02\/3145-2-1.jpg 1558w, https:\/\/www.copantalya.com\/wp-content\/uploads\/2026\/02\/3145-2-1-215x300.jpg 215w, https:\/\/www.copantalya.com\/wp-content\/uploads\/2026\/02\/3145-2-1-734x1024.jpg 734w, https:\/\/www.copantalya.com\/wp-content\/uploads\/2026\/02\/3145-2-1-768x1072.jpg 768w, https:\/\/www.copantalya.com\/wp-content\/uploads\/2026\/02\/3145-2-1-1100x1536.jpg 1100w, https:\/\/www.copantalya.com\/wp-content\/uploads\/2026\/02\/3145-2-1-1467x2048.jpg 1467w\" sizes=\"(max-width: 1558px) 100vw, 1558px\" title=\"S\u0131f\u0131r Emisyon Yolculu\u011fu\">\t\t\t\t\t\t\t\t\t\t\t\t\t\t\t<\/div>\n\t\t\t\t\t<\/div>\n\t\t<\/div>\n\t\t\t\t<div class=\"elementor-column elementor-col-50 elementor-top-column elementor-element elementor-element-6b8b43ec\" data-id=\"6b8b43ec\" data-element_type=\"column\" data-e-type=\"column\">\n\t\t\t<div class=\"elementor-widget-wrap elementor-element-populated\">\n\t\t\t\t\t\t<div class=\"elementor-element elementor-element-1868112f elementor-widget elementor-widget-text-editor\" data-id=\"1868112f\" data-element_type=\"widget\" data-e-type=\"widget\" data-widget_type=\"text-editor.default\">\n\t\t\t\t\t\t\t\t\t<p class=\"p1\">K\u00fcresel iklim de\u011fi\u015fikli\u011fi, yaln\u0131zca \u00e7evresel etkileri olan bir kriz de\u011fil; ayn\u0131 zamanda ekonomik, hukuki ve finansal sistemleri yeniden \u015fekillendiren yap\u0131sal bir d\u00f6n\u00fc\u015f\u00fcm s\u00fcrecidir. Birle\u015fmi\u015f Milletler \u0130klim De\u011fi\u015fikli\u011fi \u00c7er\u00e7eve S\u00f6zle\u015fmesi (UNFCCC) kapsam\u0131nda y\u00fcr\u00fct\u00fclen uluslararas\u0131 m\u00fczakereler, \u00f6zellikle 2015 y\u0131l\u0131nda kabul edilen Paris Anla\u015fmas\u0131 ile yeni bir a\u015famaya ge\u00e7mi\u015ftir. Paris Anla\u015fmas\u0131\u2019n\u0131n 6. Maddesi, karbon piyasalar\u0131n\u0131n uluslararas\u0131 \u00f6l\u00e7ekte kurumsalla\u015fmas\u0131n\u0131 sa\u011flayarak g\u00f6n\u00fcll\u00fc ve uyum piyasalar\u0131 aras\u0131nda daha b\u00fct\u00fcnle\u015fik bir yap\u0131 olu\u015fturmu\u015ftur. Turizm sekt\u00f6r\u00fc; ula\u015f\u0131m faaliyetleri, konaklama altyap\u0131s\u0131, enerji t\u00fcketimi ve tedarik zinciri s\u00fcre\u00e7leri nedeniyle \u00f6nemli miktarda sera gaz\u0131 emisyonu \u00fcretmektedir. Bu ba\u011flamda sekt\u00f6r\u00fcn karbon y\u00f6netimine entegrasyonu, yaln\u0131zca \u00e7evresel sorumluluk kapsam\u0131nda de\u011fil; finansal s\u00fcrd\u00fcr\u00fclebilirlik, yat\u0131r\u0131mc\u0131 g\u00fcveni ve uluslararas\u0131 reg\u00fclasyonlara uyum a\u00e7\u0131s\u0131ndan da stratejik bir gereklilik haline gelmi\u015ftir.<\/p>\t\t\t\t\t\t\t\t<\/div>\n\t\t\t\t<div class=\"elementor-element elementor-element-4c666ecc elementor-widget-divider--view-line elementor-widget elementor-widget-divider\" data-id=\"4c666ecc\" data-element_type=\"widget\" data-e-type=\"widget\" data-widget_type=\"divider.default\">\n\t\t\t\t\t\t\t<div class=\"elementor-divider\">\n\t\t\t<span class=\"elementor-divider-separator\">\n\t\t\t\t\t\t<\/span>\n\t\t<\/div>\n\t\t\t\t\t\t<\/div>\n\t\t\t\t\t<\/div>\n\t\t<\/div>\n\t\t\t\t\t<\/div>\n\t\t<\/section>\n\t\t<div class=\"elementor-element elementor-element-375b5d7e e-flex e-con-boxed e-con e-parent\" data-id=\"375b5d7e\" data-element_type=\"container\" data-e-type=\"container\">\n\t\t\t\t\t<div class=\"e-con-inner\">\n\t\t<div class=\"elementor-element elementor-element-c544f0a e-con-full e-flex e-con e-child\" data-id=\"c544f0a\" data-element_type=\"container\" data-e-type=\"container\">\n\t\t<div class=\"elementor-element elementor-element-32112ee e-con-full e-flex e-con e-child\" data-id=\"32112ee\" data-element_type=\"container\" data-e-type=\"container\">\n\t\t\t\t<div class=\"elementor-element elementor-element-23c5342 elementor-invisible elementor-widget elementor-widget-heading\" data-id=\"23c5342\" data-element_type=\"widget\" data-e-type=\"widget\" data-settings=\"{&quot;_animation&quot;:&quot;fadeInLeft&quot;}\" data-widget_type=\"heading.default\">\n\t\t\t\t\t<h2 class=\"elementor-heading-title elementor-size-default\">1. COP S\u00fcreci ve Madde 6 Mekanizmalar\u0131n\u0131n Hukuki \u00c7er\u00e7evesi<\/h2>\t\t\t\t<\/div>\n\t\t\t\t<\/div>\n\t\t<div class=\"elementor-element elementor-element-acf19d2 e-con-full e-flex e-con e-child\" data-id=\"acf19d2\" data-element_type=\"container\" data-e-type=\"container\">\n\t\t\t\t<div class=\"elementor-element elementor-element-9792e37 elementor-invisible elementor-widget elementor-widget-text-editor\" data-id=\"9792e37\" data-element_type=\"widget\" data-e-type=\"widget\" data-settings=\"{&quot;_animation&quot;:&quot;fadeInLeft&quot;,&quot;_animation_delay&quot;:1000}\" data-widget_type=\"text-editor.default\">\n\t\t\t\t\t\t\t\t\t<p class=\"p1\">Conference of the Parties (COP), UNFCCC\u2019nin en y\u00fcksek karar alma organ\u0131d\u0131r. Kyoto Protokol\u00fc ile ba\u015flat\u0131lan piyasa temelli mekanizmalar, Paris Anla\u015fmas\u0131 ile daha kapsay\u0131c\u0131 ve esnek bir y\u00f6neti\u015fim modeline d\u00f6n\u00fc\u015ft\u00fcr\u00fclm\u00fc\u015ft\u00fcr. Madde 6 kapsam\u0131nda tan\u0131mlanan Uluslararas\u0131 Transfer Edilebilir Azalt\u0131m Sonu\u00e7lar\u0131 (ITMOs) ve merkezi karbon kredisi mekanizmas\u0131, \u00fclkeler aras\u0131 i\u015f birli\u011fini te\u015fvik ederken \u00e7evresel b\u00fct\u00fcnl\u00fck ilkesini esas almaktad\u0131r. Bu sistem, \u00e7ifte say\u0131m\u0131n \u00f6nlenmesi, \u015feffaf muhasebe ve kar\u015f\u0131l\u0131k ayarlamas\u0131 (corresponding adjustment) ilkeleri ile g\u00fc\u00e7lendirilmi\u015ftir. \u00d6zel sekt\u00f6r akt\u00f6rleri i\u00e7in bu d\u00fczenlemeler, karbon kredilerinin g\u00fcvenilirli\u011fini art\u0131rmakta ve uluslararas\u0131 piyasalarda kabul edilebilirli\u011fini sa\u011flamaktad\u0131r.<\/p>\t\t\t\t\t\t\t\t<\/div>\n\t\t\t\t<\/div>\n\t\t<div class=\"elementor-element elementor-element-f69efaf e-con-full e-flex e-con e-child\" data-id=\"f69efaf\" data-element_type=\"container\" data-e-type=\"container\">\n\t\t\t\t<div class=\"elementor-element elementor-element-1357cd0 elementor-invisible elementor-widget elementor-widget-heading\" data-id=\"1357cd0\" data-element_type=\"widget\" data-e-type=\"widget\" data-settings=\"{&quot;_animation&quot;:&quot;fadeInLeft&quot;}\" data-widget_type=\"heading.default\">\n\t\t\t\t\t<h2 class=\"elementor-heading-title elementor-size-default\">2. Turizm Sekt\u00f6r\u00fcnde Emisyon Profili ve Karbon Envanteri<\/h2>\t\t\t\t<\/div>\n\t\t\t\t<div class=\"elementor-element elementor-element-1ca9b82 elementor-invisible elementor-widget elementor-widget-text-editor\" data-id=\"1ca9b82\" data-element_type=\"widget\" data-e-type=\"widget\" data-settings=\"{&quot;_animation&quot;:&quot;fadeInLeft&quot;,&quot;_animation_delay&quot;:1000}\" data-widget_type=\"text-editor.default\">\n\t\t\t\t\t\t\t\t\t<p class=\"p1\">Turizm i\u015fletmelerinde karbon emisyonlar\u0131 \u00fc\u00e7 temel kapsamda de\u011ferlendirilir: Scope 1 (do\u011frudan emisyonlar), Scope 2 (enerji kaynakl\u0131 dolayl\u0131 emisyonlar) ve Scope 3 (de\u011fer zinciri kaynakl\u0131 dolayl\u0131 emisyonlar). \u00d6zellikle havayolu ta\u015f\u0131mac\u0131l\u0131\u011f\u0131 ve tedarik zinciri s\u00fcre\u00e7leri, sekt\u00f6r\u00fcn toplam karbon ayak izinin \u00f6nemli b\u00f6l\u00fcm\u00fcn\u00fc olu\u015fturmaktad\u0131r. Bilim temelli hedef belirleme yakla\u015f\u0131m\u0131, 1,5\u00b0C senaryosu ile uyumlu azalt\u0131m stratejilerinin geli\u015ftirilmesini gerektirir. Bu kapsamda d\u00fczenli karbon envanteri haz\u0131rlanmas\u0131 ve ba\u011f\u0131ms\u0131z do\u011frulama mekanizmalar\u0131n\u0131n kullan\u0131lmas\u0131 kritik \u00f6nemdedir.<\/p>\t\t\t\t\t\t\t\t<\/div>\n\t\t\t\t<\/div>\n\t\t<div class=\"elementor-element elementor-element-74e4f8d e-con-full e-flex e-con e-child\" data-id=\"74e4f8d\" data-element_type=\"container\" data-e-type=\"container\">\n\t\t\t\t<div class=\"elementor-element elementor-element-a17ac2b elementor-invisible elementor-widget elementor-widget-heading\" data-id=\"a17ac2b\" data-element_type=\"widget\" data-e-type=\"widget\" data-settings=\"{&quot;_animation&quot;:&quot;fadeInLeft&quot;}\" data-widget_type=\"heading.default\">\n\t\t\t\t\t<h2 class=\"elementor-heading-title elementor-size-default\">3. Sertifikal\u0131 Karbon Ofsetleme Y\u00f6ntemleri<\/h2>\t\t\t\t<\/div>\n\t\t\t\t<div class=\"elementor-element elementor-element-9c1af72 elementor-invisible elementor-widget elementor-widget-text-editor\" data-id=\"9c1af72\" data-element_type=\"widget\" data-e-type=\"widget\" data-settings=\"{&quot;_animation&quot;:&quot;fadeInLeft&quot;,&quot;_animation_delay&quot;:1000}\" data-widget_type=\"text-editor.default\">\n\t\t\t\t\t\t\t\t\t<p class=\"p1\">Karbon ofsetleme, azalt\u0131lamayan emisyonlar\u0131n e\u015fde\u011fer miktarda karbon azalt\u0131m\u0131 sa\u011flayan projeler arac\u0131l\u0131\u011f\u0131yla dengelenmesini ifade eder. Yenilenebilir enerji yat\u0131r\u0131mlar\u0131, ormanla\u015ft\u0131rma projeleri, metan yakalama sistemleri ve enerji verimlili\u011fi uygulamalar\u0131 yayg\u0131n ofsetleme ara\u00e7lar\u0131d\u0131r. Sertifikal\u0131 karbon kredilerinin ilave azalt\u0131m sa\u011flamas\u0131, kal\u0131c\u0131 olmas\u0131 ve ba\u011f\u0131ms\u0131z kurulu\u015flar taraf\u0131ndan do\u011frulanmas\u0131 gerekmektedir. Aksi takdirde ye\u015fil aklama (greenwashing) riski ortaya \u00e7\u0131kmakta ve piyasa g\u00fcvenilirli\u011fi zedelenmektedir.<\/p>\t\t\t\t\t\t\t\t<\/div>\n\t\t\t\t<\/div>\n\t\t<div class=\"elementor-element elementor-element-e66c634 e-con-full e-flex e-con e-child\" data-id=\"e66c634\" data-element_type=\"container\" data-e-type=\"container\">\n\t\t\t\t<div class=\"elementor-element elementor-element-030dfa2 elementor-invisible elementor-widget elementor-widget-heading\" data-id=\"030dfa2\" data-element_type=\"widget\" data-e-type=\"widget\" data-settings=\"{&quot;_animation&quot;:&quot;fadeInLeft&quot;}\" data-widget_type=\"heading.default\">\n\t\t\t\t\t<h2 class=\"elementor-heading-title elementor-size-default\">4. Finansal Avantajlar ve Ye\u015fil Finans Entegrasyonu<\/h2>\t\t\t\t<\/div>\n\t\t\t\t<div class=\"elementor-element elementor-element-c8a314a elementor-invisible elementor-widget elementor-widget-text-editor\" data-id=\"c8a314a\" data-element_type=\"widget\" data-e-type=\"widget\" data-settings=\"{&quot;_animation&quot;:&quot;fadeInLeft&quot;,&quot;_animation_delay&quot;:1000}\" data-widget_type=\"text-editor.default\">\n\t\t\t\t\t\t\t\t\t<p class=\"p1\">Karbon y\u00f6netimi g\u00fc\u00e7l\u00fc olan turizm i\u015fletmeleri, ye\u015fil tahvil ihra\u00e7lar\u0131, s\u00fcrd\u00fcr\u00fclebilir kredi olanaklar\u0131 ve ESG temelli yat\u0131r\u0131m fonlar\u0131 arac\u0131l\u0131\u011f\u0131yla daha avantajl\u0131 finansman ko\u015fullar\u0131na eri\u015febilmektedir. Ayr\u0131ca karbon fiyatland\u0131rma mekanizmalar\u0131na erken uyum sa\u011flanmas\u0131, ileride uygulanabilecek karbon vergilerine kar\u015f\u0131 mali dayan\u0131kl\u0131l\u0131\u011f\u0131 art\u0131rmaktad\u0131r.<\/p>\t\t\t\t\t\t\t\t<\/div>\n\t\t\t\t<\/div>\n\t\t<div class=\"elementor-element elementor-element-3b7d67b e-con-full e-flex e-con e-child\" data-id=\"3b7d67b\" data-element_type=\"container\" data-e-type=\"container\">\n\t\t\t\t<div class=\"elementor-element elementor-element-9d79128 elementor-invisible elementor-widget elementor-widget-heading\" data-id=\"9d79128\" data-element_type=\"widget\" data-e-type=\"widget\" data-settings=\"{&quot;_animation&quot;:&quot;fadeInLeft&quot;}\" data-widget_type=\"heading.default\">\n\t\t\t\t\t<h2 class=\"elementor-heading-title elementor-size-default\">Sonu\u00e7 ve De\u011ferlendirme<\/h2>\t\t\t\t<\/div>\n\t\t\t\t<div class=\"elementor-element elementor-element-72cf192 elementor-invisible elementor-widget elementor-widget-text-editor\" data-id=\"72cf192\" data-element_type=\"widget\" data-e-type=\"widget\" data-settings=\"{&quot;_animation&quot;:&quot;fadeInLeft&quot;,&quot;_animation_delay&quot;:1000}\" data-widget_type=\"text-editor.default\">\n\t\t\t\t\t\t\t\t\t<div class=\"flex flex-col text-sm pb-25\"><article class=\"text-token-text-primary w-full focus:outline-none [--shadow-height:45px] has-data-writing-block:pointer-events-none has-data-writing-block:-mt-(--shadow-height) has-data-writing-block:pt-(--shadow-height) [&amp;:has([data-writing-block])&gt;*]:pointer-events-auto scroll-mt-[calc(var(--header-height)+min(200px,max(70px,20svh)))]\" dir=\"auto\" tabindex=\"-1\" data-turn-id=\"request-697ba720-4e78-8389-83d4-a3dce09df804-7\" data-testid=\"conversation-turn-30\" data-scroll-anchor=\"true\" data-turn=\"assistant\"><div class=\"text-base my-auto mx-auto pb-10 [--thread-content-margin:--spacing(4)] @w-sm\/main:[--thread-content-margin:--spacing(6)] @w-lg\/main:[--thread-content-margin:--spacing(16)] px-(--thread-content-margin)\"><div class=\"[--thread-content-max-width:40rem] @w-lg\/main:[--thread-content-max-width:48rem] mx-auto max-w-(--thread-content-max-width) flex-1 group\/turn-messages focus-visible:outline-hidden relative flex w-full min-w-0 flex-col agent-turn\" tabindex=\"-1\"><div class=\"flex max-w-full flex-col grow\"><div class=\"min-h-8 text-message relative flex w-full flex-col items-end gap-2 text-start break-words whitespace-normal [.text-message+&amp;]:mt-1\" dir=\"auto\" data-message-author-role=\"assistant\" data-message-id=\"e20f0d3c-dc24-41e0-9ceb-b165e16829a1\" data-message-model-slug=\"gpt-5-2\"><div class=\"flex w-full flex-col gap-1 empty:hidden first:pt-[1px]\"><div class=\"markdown prose dark:prose-invert w-full wrap-break-word light markdown-new-styling\"><p data-start=\"3472\" data-end=\"3887\" data-is-last-node=\"\" data-is-only-node=\"\">Paris Anla\u015fmas\u0131\u2019n\u0131n 6. Maddesi ile g\u00fc\u00e7lenen karbon piyasalar\u0131, turizm sekt\u00f6r\u00fcnde kurumsal d\u00f6n\u00fc\u015f\u00fcm\u00fc h\u0131zland\u0131rmaktad\u0131r. S\u0131f\u0131r emisyon hedefi; \u00f6l\u00e7\u00fcm, azalt\u0131m, ofsetleme ve \u015feffaf raporlama s\u00fcre\u00e7lerini kapsayan b\u00fct\u00fcnc\u00fcl bir yakla\u015f\u0131m gerektirir. Bu d\u00f6n\u00fc\u015f\u00fcm yaln\u0131zca \u00e7evresel s\u00fcrd\u00fcr\u00fclebilirlik a\u00e7\u0131s\u0131ndan de\u011fil; uzun vadeli finansal istikrar ve kurumsal itibar bak\u0131m\u0131ndan da belirleyici olacakt\u0131r.<\/p><\/div><\/div><\/div><\/div><div class=\"z-0 flex min-h-[46px] justify-start\">\u00a0<\/div><div class=\"mt-3 w-full empty:hidden\"><div class=\"text-center\">\u00a0<\/div><\/div><\/div><\/div><\/article><\/div>\t\t\t\t\t\t\t\t<\/div>\n\t\t\t\t<\/div>\n\t\t\t\t<\/div>\n\t\t\t\t\t<\/div>\n\t\t\t\t<\/div>\n\t\t\t\t<\/div>\n\t\t","protected":false},"excerpt":{"rendered":"<p>S\u0131f\u0131r Emisyon Yolculu\u011fu COP Karbon Piyasas\u0131 Kurallar\u0131 ve Turizm \u0130\u015fletmeleri \u0130\u00e7in Karbon Ofsetleme Rehberi K\u00fcresel iklim de\u011fi\u015fikli\u011fi, yaln\u0131zca \u00e7evresel etkileri [&hellip;]<\/p>\n","protected":false},"author":1,"featured_media":0,"parent":0,"menu_order":0,"comment_status":"closed","ping_status":"closed","template":"","meta":{"om_disable_all_campaigns":false,"_monsterinsights_skip_tracking":false,"_monsterinsights_sitenote_active":false,"_monsterinsights_sitenote_note":"","_monsterinsights_sitenote_category":0,"site-sidebar-layout":"no-sidebar","site-content-layout":"page-builder","ast-site-content-layout":"full-width-container","site-content-style":"default","site-sidebar-style":"default","ast-global-header-display":"","ast-banner-title-visibility":"","ast-main-header-display":"","ast-hfb-above-header-display":"","ast-hfb-below-header-display":"","ast-hfb-mobile-header-display":"","site-post-title":"disabled","ast-breadcrumbs-content":"","ast-featured-img":"disabled","footer-sml-layout":"","theme-transparent-header-meta":"","adv-header-id-meta":"","stick-header-meta":"","header-above-stick-meta":"","header-main-stick-meta":"","header-below-stick-meta":"","astra-migrate-meta-layouts":"set","ast-page-background-enabled":"default","ast-page-background-meta":{"desktop":{"background-color":"","background-image":"","background-repeat":"repeat","background-position":"center center","background-size":"auto","background-attachment":"scroll","background-type":"","background-media":"","overlay-type":"","overlay-color":"","overlay-opacity":"","overlay-gradient":""},"tablet":{"background-color":"","background-image":"","background-repeat":"repeat","background-position":"center center","background-size":"auto","background-attachment":"scroll","background-type":"","background-media":"","overlay-type":"","overlay-color":"","overlay-opacity":"","overlay-gradient":""},"mobile":{"background-color":"","background-image":"","background-repeat":"repeat","background-position":"center center","background-size":"auto","background-attachment":"scroll","background-type":"","background-media":"","overlay-type":"","overlay-color":"","overlay-opacity":"","overlay-gradient":""}},"ast-content-background-meta":{"desktop":{"background-color":"var(--ast-global-color-5)","background-image":"","background-repeat":"repeat","background-position":"center center","background-size":"auto","background-attachment":"scroll","background-type":"","background-media":"","overlay-type":"","overlay-color":"","overlay-opacity":"","overlay-gradient":""},"tablet":{"background-color":"var(--ast-global-color-5)","background-image":"","background-repeat":"repeat","background-position":"center center","background-size":"auto","background-attachment":"scroll","background-type":"","background-media":"","overlay-type":"","overlay-color":"","overlay-opacity":"","overlay-gradient":""},"mobile":{"background-color":"var(--ast-global-color-5)","background-image":"","background-repeat":"repeat","background-position":"center center","background-size":"auto","background-attachment":"scroll","background-type":"","background-media":"","overlay-type":"","overlay-color":"","overlay-opacity":"","overlay-gradient":""}},"footnotes":""},"class_list":["post-1440","page","type-page","status-publish","hentry"],"aioseo_notices":[],"_links":{"self":[{"href":"https:\/\/www.copantalya.com\/ar\/wp-json\/wp\/v2\/pages\/1440","targetHints":{"allow":["GET"]}}],"collection":[{"href":"https:\/\/www.copantalya.com\/ar\/wp-json\/wp\/v2\/pages"}],"about":[{"href":"https:\/\/www.copantalya.com\/ar\/wp-json\/wp\/v2\/types\/page"}],"author":[{"embeddable":true,"href":"https:\/\/www.copantalya.com\/ar\/wp-json\/wp\/v2\/users\/1"}],"replies":[{"embeddable":true,"href":"https:\/\/www.copantalya.com\/ar\/wp-json\/wp\/v2\/comments?post=1440"}],"version-history":[{"count":16,"href":"https:\/\/www.copantalya.com\/ar\/wp-json\/wp\/v2\/pages\/1440\/revisions"}],"predecessor-version":[{"id":1703,"href":"https:\/\/www.copantalya.com\/ar\/wp-json\/wp\/v2\/pages\/1440\/revisions\/1703"}],"wp:attachment":[{"href":"https:\/\/www.copantalya.com\/ar\/wp-json\/wp\/v2\/media?parent=1440"}],"curies":[{"name":"wp","href":"https:\/\/api.w.org\/{rel}","templated":true}]}}