{"id":2036,"date":"2026-04-03T19:42:34","date_gmt":"2026-04-03T19:42:34","guid":{"rendered":"https:\/\/www.copantalya.com\/?page_id=2036"},"modified":"2026-04-03T19:47:03","modified_gmt":"2026-04-03T19:47:03","slug":"gizlilik-politikasi","status":"publish","type":"page","link":"https:\/\/www.copantalya.com\/ar\/gizlilik-politikasi\/","title":{"rendered":"\u0633\u064a\u0627\u0633\u0629 \u0627\u0644\u062e\u0635\u0648\u0635\u064a\u0629"},"content":{"rendered":"<div data-elementor-type=\"wp-page\" data-elementor-id=\"2036\" class=\"elementor elementor-2036\">\n\t\t\t\t<div class=\"elementor-element elementor-element-9c3ddc6 e-grid e-con-boxed e-con e-parent\" data-id=\"9c3ddc6\" data-element_type=\"container\" data-e-type=\"container\">\n\t\t\t\t\t<div class=\"e-con-inner\">\n\t\t<div class=\"elementor-element elementor-element-5cb0315e e-con-full e-flex e-con e-child\" data-id=\"5cb0315e\" data-element_type=\"container\" data-e-type=\"container\">\n\t\t\t\t<div class=\"elementor-element elementor-element-14681b7f elementor-widget elementor-widget-heading\" data-id=\"14681b7f\" data-element_type=\"widget\" data-e-type=\"widget\" data-widget_type=\"heading.default\">\n\t\t\t\t\t<h3 class=\"elementor-heading-title elementor-size-default\">\u0633\u064a\u0627\u0633\u0629 \u0627\u0644\u062e\u0635\u0648\u0635\u064a\u0629<\/h3>\t\t\t\t<\/div>\n\t\t\t\t<div class=\"elementor-element elementor-element-1d7efb6c elementor-widget elementor-widget-text-editor\" data-id=\"1d7efb6c\" data-element_type=\"widget\" data-e-type=\"widget\" data-widget_type=\"text-editor.default\">\n\t\t\t\t\t\t\t\t\t<p data-start=\"337\" data-end=\"449\">Bu Gizlilik Politikas\u0131, <a class=\"decorated-link\" href=\"http:\/\/www.copantalya.com\/ar\/\" target=\"_new\" rel=\"noopener\" data-start=\"361\" data-end=\"379\">www.copantalya.com<\/a> web sitesinin (\u201cSite\u201d) kullan\u0131c\u0131 verilerini nas\u0131l i\u015fledi\u011fini a\u00e7\u0131klar.<\/p><p data-start=\"451\" data-end=\"591\">Site, <span class=\"hover:entity-accent entity-underline inline cursor-pointer align-baseline\"><span class=\"whitespace-normal\">\u063a\u0644\u0648\u0628\u0627\u0644\u064a\u0633 \u0633\u064a\u0631\u062a\u064a\u0641\u064a\u0643\u0627\u0633\u064a\u0648\u0646<\/span><\/span> taraf\u0131ndan, COP31 Antalya kapsam\u0131nda bilgilendirme ama\u00e7l\u0131 i\u00e7erikler sunmak \u00fczere haz\u0131rlanm\u0131\u015ft\u0131r.<\/p><p data-start=\"593\" data-end=\"671\">Siteyi kullanarak bu politikada belirtilen ko\u015fullar\u0131 kabul etmi\u015f say\u0131l\u0131rs\u0131n\u0131z.<\/p><hr data-start=\"673\" data-end=\"676\" \/><h4 data-section-id=\"11tmzvz\" data-start=\"678\" data-end=\"701\">1. Toplanan Bilgiler<\/h4><p data-start=\"703\" data-end=\"770\">Site, kullan\u0131c\u0131dan do\u011frudan a\u015fa\u011f\u0131daki ki\u015fisel verileri talep etmez:<\/p><ul data-start=\"772\" data-end=\"825\"><li data-section-id=\"1wfyy1t\" data-start=\"772\" data-end=\"785\">Ad, soyad<\/li><li data-section-id=\"1xq9g1d\" data-start=\"786\" data-end=\"804\">E-posta adresi<\/li><li data-section-id=\"b6bu1d\" data-start=\"805\" data-end=\"825\">Telefon numaras\u0131<\/li><\/ul><hr data-start=\"827\" data-end=\"830\" \/><h4 data-section-id=\"1p32v5l\" data-start=\"832\" data-end=\"870\">2. Otomatik Olarak Toplanan Veriler<\/h4><p data-start=\"872\" data-end=\"950\">Site kullan\u0131m\u0131 s\u0131ras\u0131nda a\u015fa\u011f\u0131daki teknik veriler otomatik olarak i\u015flenebilir:<\/p><ul data-start=\"952\" data-end=\"1041\"><li data-section-id=\"yoijyx\" data-start=\"952\" data-end=\"965\">\u0639\u0646\u0648\u0627\u0646 IP<\/li><li data-section-id=\"1ak22z3\" data-start=\"966\" data-end=\"988\">\u0645\u0639\u0644\u0648\u0645\u0627\u062a \u0627\u0644\u0645\u062a\u0635\u0641\u062d<\/li><li data-section-id=\"1aidqqy\" data-start=\"989\" data-end=\"1008\">\u0645\u0639\u0644\u0648\u0645\u0627\u062a \u0627\u0644\u062c\u0647\u0627\u0632<\/li><li data-section-id=\"dshcln\" data-start=\"1009\" data-end=\"1041\">Site kullan\u0131m istatistikleri<\/li><\/ul><p data-start=\"1043\" data-end=\"1054\">\u0647\u0630\u0647 \u0627\u0644\u0628\u064a\u0627\u0646\u0627\u062a:<\/p><ul data-start=\"1056\" data-end=\"1162\"><li data-section-id=\"cq105f\" data-start=\"1056\" data-end=\"1091\">\u062a\u062d\u0633\u064a\u0646 \u0623\u062f\u0627\u0621 \u0627\u0644\u0645\u0648\u0642\u0639<\/li><li data-section-id=\"2t6pom\" data-start=\"1092\" data-end=\"1125\">\u062a\u062d\u0644\u064a\u0644 \u0627\u0644\u0645\u0634\u0627\u0643\u0644 \u0627\u0644\u062a\u0642\u0646\u064a\u0629<\/li><li data-section-id=\"1saswlz\" data-start=\"1126\" data-end=\"1162\">Kullan\u0131c\u0131 deneyimini geli\u015ftirmek<\/li><\/ul><p data-start=\"1164\" data-end=\"1193\">ama\u00e7lar\u0131yla kullan\u0131lmaktad\u0131r.<\/p><hr data-start=\"1195\" data-end=\"1198\" \/><h4 data-section-id=\"1c89f7f\" data-start=\"1200\" data-end=\"1229\">3. \u00dc\u00e7\u00fcnc\u00fc Taraf Hizmetleri<\/h4><p data-start=\"1231\" data-end=\"1270\">Site a\u015fa\u011f\u0131daki hizmetleri kullanabilir:<\/p><ul data-start=\"1272\" data-end=\"1326\"><li data-section-id=\"3chu1r\" data-start=\"1272\" data-end=\"1292\">Analitik ara\u00e7lar<\/li><li data-section-id=\"1ilmbwh\" data-start=\"1293\" data-end=\"1326\">Hosting ve altyap\u0131 servisleri<\/li><\/ul><p data-start=\"1328\" data-end=\"1397\">Bu hizmetler kendi gizlilik politikalar\u0131 kapsam\u0131nda veri i\u015fleyebilir.<\/p><hr data-start=\"1399\" data-end=\"1402\" \/><h4 data-section-id=\"12e3jb6\" data-start=\"1404\" data-end=\"1424\">4. Veri G\u00fcvenli\u011fi<\/h4><p data-start=\"1426\" data-end=\"1524\">Kullan\u0131c\u0131 verilerinin g\u00fcvenli\u011fini sa\u011flamak amac\u0131yla gerekli teknik ve idari \u00f6nlemler al\u0131nmaktad\u0131r.<\/p><hr data-start=\"1526\" data-end=\"1529\" \/><h4 data-section-id=\"exjyuz\" data-start=\"1531\" data-end=\"1549\">5. \u00d6NEML\u0130 B\u0130LG\u0130<\/h4><p data-start=\"1551\" data-end=\"1559\">Bu site:<\/p><ul data-start=\"1561\" data-end=\"1729\"><li data-section-id=\"ks9cuh\" data-start=\"1561\" data-end=\"1632\">Resmi bir <span class=\"hover:entity-accent entity-underline inline cursor-pointer align-baseline\"><span class=\"whitespace-normal\">\u0643\u0648\u0628 31<\/span><\/span> web sitesi de\u011fildir<\/li><li data-section-id=\"9qbq17\" data-start=\"1633\" data-end=\"1690\">Herhangi bir kamu kurumu taraf\u0131ndan i\u015fletilmemektedir<\/li><li data-section-id=\"17fuc2c\" data-start=\"1691\" data-end=\"1729\">Yaln\u0131zca bilgilendirme amac\u0131 ta\u015f\u0131r<\/li><\/ul><hr data-start=\"1731\" data-end=\"1734\" \/><h4 data-section-id=\"13ulew2\" data-start=\"1736\" data-end=\"1755\">6. De\u011fi\u015fiklikler<\/h4><p data-start=\"1757\" data-end=\"1797\">Bu politika zaman zaman g\u00fcncellenebilir.<\/p><hr data-start=\"1799\" data-end=\"1802\" \/><h4 data-section-id=\"aa7fqb\" data-start=\"1804\" data-end=\"1818\">\u0667. \u0627\u0644\u0627\u062a\u0635\u0627\u0644<\/h4><p data-start=\"1820\" data-end=\"1892\"><span class=\"hover:entity-accent entity-underline inline cursor-pointer align-baseline\"><span class=\"whitespace-normal\">\u063a\u0644\u0648\u0628\u0627\u0644\u064a\u0633 \u0633\u064a\u0631\u062a\u064a\u0641\u064a\u0643\u0627\u0633\u064a\u0648\u0646<\/span><\/span><br data-start=\"1857\" data-end=\"1860\" \/><a class=\"decorated-link cursor-pointer\" rel=\"noopener\" data-start=\"1860\" data-end=\"1890\">info@globaliscertification.com<\/a><\/p>\t\t\t\t\t\t\t\t<\/div>\n\t\t\t\t<\/div>\n\t\t\t\t\t<\/div>\n\t\t\t\t<\/div>\n\t\t\t\t<\/div>","protected":false},"excerpt":{"rendered":"<p>G\u0130ZL\u0130L\u0130K POL\u0130T\u0130KASI Bu Gizlilik Politikas\u0131, www.copantalya.com web sitesinin (\u201cSite\u201d) kullan\u0131c\u0131 verilerini nas\u0131l i\u015fledi\u011fini a\u00e7\u0131klar. Site, Globalis Sertifikasyon taraf\u0131ndan, COP31 Antalya [&hellip;]<\/p>\n","protected":false},"author":1,"featured_media":0,"parent":0,"menu_order":0,"comment_status":"closed","ping_status":"closed","template":"","meta":{"om_disable_all_campaigns":false,"_monsterinsights_skip_tracking":false,"_monsterinsights_sitenote_active":false,"_monsterinsights_sitenote_note":"","_monsterinsights_sitenote_category":0,"site-sidebar-layout":"no-sidebar","site-content-layout":"page-builder","ast-site-content-layout":"full-width-container","site-content-style":"default","site-sidebar-style":"default","ast-global-header-display":"","ast-banner-title-visibility":"","ast-main-header-display":"","ast-hfb-above-header-display":"","ast-hfb-below-header-display":"","ast-hfb-mobile-header-display":"","site-post-title":"","ast-breadcrumbs-content":"","ast-featured-img":"disabled","footer-sml-layout":"","theme-transparent-header-meta":"","adv-header-id-meta":"","stick-header-meta":"","header-above-stick-meta":"","header-main-stick-meta":"","header-below-stick-meta":"","astra-migrate-meta-layouts":"set","ast-page-background-enabled":"default","ast-page-background-meta":{"desktop":{"background-color":"","background-image":"","background-repeat":"repeat","background-position":"center center","background-size":"auto","background-attachment":"scroll","background-type":"","background-media":"","overlay-type":"","overlay-color":"","overlay-opacity":"","overlay-gradient":""},"tablet":{"background-color":"","background-image":"","background-repeat":"repeat","background-position":"center center","background-size":"auto","background-attachment":"scroll","background-type":"","background-media":"","overlay-type":"","overlay-color":"","overlay-opacity":"","overlay-gradient":""},"mobile":{"background-color":"","background-image":"","background-repeat":"repeat","background-position":"center center","background-size":"auto","background-attachment":"scroll","background-type":"","background-media":"","overlay-type":"","overlay-color":"","overlay-opacity":"","overlay-gradient":""}},"ast-content-background-meta":{"desktop":{"background-color":"var(--ast-global-color-5)","background-image":"","background-repeat":"repeat","background-position":"center center","background-size":"auto","background-attachment":"scroll","background-type":"","background-media":"","overlay-type":"","overlay-color":"","overlay-opacity":"","overlay-gradient":""},"tablet":{"background-color":"var(--ast-global-color-5)","background-image":"","background-repeat":"repeat","background-position":"center center","background-size":"auto","background-attachment":"scroll","background-type":"","background-media":"","overlay-type":"","overlay-color":"","overlay-opacity":"","overlay-gradient":""},"mobile":{"background-color":"var(--ast-global-color-5)","background-image":"","background-repeat":"repeat","background-position":"center center","background-size":"auto","background-attachment":"scroll","background-type":"","background-media":"","overlay-type":"","overlay-color":"","overlay-opacity":"","overlay-gradient":""}},"footnotes":""},"class_list":["post-2036","page","type-page","status-publish","hentry"],"aioseo_notices":[],"_links":{"self":[{"href":"https:\/\/www.copantalya.com\/ar\/wp-json\/wp\/v2\/pages\/2036","targetHints":{"allow":["GET"]}}],"collection":[{"href":"https:\/\/www.copantalya.com\/ar\/wp-json\/wp\/v2\/pages"}],"about":[{"href":"https:\/\/www.copantalya.com\/ar\/wp-json\/wp\/v2\/types\/page"}],"author":[{"embeddable":true,"href":"https:\/\/www.copantalya.com\/ar\/wp-json\/wp\/v2\/users\/1"}],"replies":[{"embeddable":true,"href":"https:\/\/www.copantalya.com\/ar\/wp-json\/wp\/v2\/comments?post=2036"}],"version-history":[{"count":4,"href":"https:\/\/www.copantalya.com\/ar\/wp-json\/wp\/v2\/pages\/2036\/revisions"}],"predecessor-version":[{"id":2041,"href":"https:\/\/www.copantalya.com\/ar\/wp-json\/wp\/v2\/pages\/2036\/revisions\/2041"}],"wp:attachment":[{"href":"https:\/\/www.copantalya.com\/ar\/wp-json\/wp\/v2\/media?parent=2036"}],"curies":[{"name":"wp","href":"https:\/\/api.w.org\/{rel}","templated":true}]}}