{"id":2051,"date":"2026-04-03T20:25:43","date_gmt":"2026-04-03T20:25:43","guid":{"rendered":"https:\/\/www.copantalya.com\/?page_id=2051"},"modified":"2026-04-03T20:27:34","modified_gmt":"2026-04-03T20:27:34","slug":"kvkk-aydinlatma-metni","status":"publish","type":"page","link":"https:\/\/www.copantalya.com\/ar\/kvkk-aydinlatma-metni\/","title":{"rendered":"\u0646\u0635 \u0627\u0644\u062a\u0648\u0639\u064a\u0629 \u0628\u062e\u0635\u0648\u0635 \u0642\u0627\u0646\u0648\u0646 \u062d\u0645\u0627\u064a\u0629 \u0627\u0644\u0628\u064a\u0627\u0646\u0627\u062a \u0627\u0644\u0634\u062e\u0635\u064a\u0629"},"content":{"rendered":"<div data-elementor-type=\"wp-page\" data-elementor-id=\"2051\" class=\"elementor elementor-2051\">\n\t\t\t\t<div class=\"elementor-element elementor-element-2c907024 e-grid e-con-boxed e-con e-parent\" data-id=\"2c907024\" data-element_type=\"container\" data-e-type=\"container\">\n\t\t\t\t\t<div class=\"e-con-inner\">\n\t\t<div class=\"elementor-element elementor-element-74835745 e-con-full e-flex e-con e-child\" data-id=\"74835745\" data-element_type=\"container\" data-e-type=\"container\">\n\t\t\t\t<div class=\"elementor-element elementor-element-3876b019 elementor-widget elementor-widget-heading\" data-id=\"3876b019\" data-element_type=\"widget\" data-e-type=\"widget\" data-widget_type=\"heading.default\">\n\t\t\t\t\t<h3 class=\"elementor-heading-title elementor-size-default\">\u0646\u0635 \u0627\u0644\u062a\u0648\u0639\u064a\u0629 \u0628\u062e\u0635\u0648\u0635 \u0642\u0627\u0646\u0648\u0646 \u062d\u0645\u0627\u064a\u0629 \u0627\u0644\u0628\u064a\u0627\u0646\u0627\u062a \u0627\u0644\u0634\u062e\u0635\u064a\u0629<\/h3>\t\t\t\t<\/div>\n\t\t\t\t<div class=\"elementor-element elementor-element-44ef6508 elementor-widget elementor-widget-text-editor\" data-id=\"44ef6508\" data-element_type=\"widget\" data-e-type=\"widget\" data-widget_type=\"text-editor.default\">\n\t\t\t\t\t\t\t\t\t<p data-start=\"2921\" data-end=\"3007\">\u0647\u0630\u0627 \u0627\u0644\u0646\u0635\u060c \u0628\u0645\u0648\u062c\u0628 \u0627\u0644\u0642\u0627\u0646\u0648\u0646 \u0631\u0642\u0645 6698 <span class=\"hover:entity-accent entity-underline inline cursor-pointer align-baseline\"><span class=\"whitespace-normal\">\u0642\u0627\u0646\u0648\u0646 \u062d\u0645\u0627\u064a\u0629 \u0627\u0644\u0628\u064a\u0627\u0646\u0627\u062a \u0627\u0644\u0634\u062e\u0635\u064a\u0629<\/span><\/span> \u0641\u064a \u0625\u0637\u0627\u0631.<\/p><hr data-start=\"3009\" data-end=\"3012\" \/><h4 data-section-id=\"sfoobf\" data-start=\"3014\" data-end=\"3034\">1. \u0645\u0633\u0624\u0648\u0644 \u0627\u0644\u0628\u064a\u0627\u0646\u0627\u062a<\/h4><p data-start=\"3036\" data-end=\"3070\">\u0627\u0644\u0645\u0633\u0624\u0648\u0644 \u0639\u0646 \u0645\u0639\u0627\u0644\u062c\u0629 \u0627\u0644\u0628\u064a\u0627\u0646\u0627\u062a \u0636\u0645\u0646 \u0646\u0637\u0627\u0642 \u0647\u0630\u0627 \u0627\u0644\u0645\u0648\u0642\u0639 \u0647\u0648:<\/p><p data-start=\"3072\" data-end=\"3109\"><span class=\"hover:entity-accent entity-underline inline cursor-pointer align-baseline\"><span class=\"whitespace-normal\">\u063a\u0644\u0648\u0628\u0627\u0644\u064a\u0633 \u0633\u064a\u0631\u062a\u064a\u0641\u064a\u0643\u0627\u0633\u064a\u0648\u0646<\/span><\/span><\/p><hr data-start=\"3111\" data-end=\"3114\" \/><h4 data-section-id=\"1e7rap5\" data-start=\"3116\" data-end=\"3137\">2. \u0627\u0644\u0628\u064a\u0627\u0646\u0627\u062a \u0627\u0644\u0645\u0639\u0627\u0644\u062c\u0629<\/h4><p data-start=\"3139\" data-end=\"3192\">\u0644\u0627 \u064a\u0637\u0644\u0628 \u0627\u0644\u0645\u0648\u0642\u0639 \u0628\u064a\u0627\u0646\u0627\u062a \u0634\u062e\u0635\u064a\u0629 \u0645\u0628\u0627\u0634\u0631\u0629 \u0645\u0646 \u0627\u0644\u0645\u0633\u062a\u062e\u062f\u0645.<\/p><p data-start=\"3194\" data-end=\"3237\">\u0648\u0644\u0643\u0646 \u064a\u0645\u0643\u0646 \u0645\u0639\u0627\u0644\u062c\u0629 \u0627\u0644\u0628\u064a\u0627\u0646\u0627\u062a \u0627\u0644\u0641\u0646\u064a\u0629 \u0627\u0644\u062a\u0627\u0644\u064a\u0629:<\/p><ul data-start=\"3239\" data-end=\"3295\"><li data-section-id=\"yoijyx\" data-start=\"3239\" data-end=\"3252\">\u0639\u0646\u0648\u0627\u0646 IP<\/li><li data-section-id=\"1ak22z3\" data-start=\"3253\" data-end=\"3275\">\u0645\u0639\u0644\u0648\u0645\u0627\u062a \u0627\u0644\u0645\u062a\u0635\u0641\u062d<\/li><li data-section-id=\"1aidqqy\" data-start=\"3276\" data-end=\"3295\">\u0645\u0639\u0644\u0648\u0645\u0627\u062a \u0627\u0644\u062c\u0647\u0627\u0632<\/li><\/ul><hr data-start=\"3297\" data-end=\"3300\" \/><h4 data-section-id=\"1pyif5m\" data-start=\"3302\" data-end=\"3328\">3. \u0623\u063a\u0631\u0627\u0636 \u0645\u0639\u0627\u0644\u062c\u0629 \u0627\u0644\u0628\u064a\u0627\u0646\u0627\u062a<\/h4><p data-start=\"3330\" data-end=\"3341\">\u0647\u0630\u0647 \u0627\u0644\u0628\u064a\u0627\u0646\u0627\u062a:<\/p><ul data-start=\"3343\" data-end=\"3435\"><li data-section-id=\"cq105f\" data-start=\"3343\" data-end=\"3378\">\u062a\u062d\u0633\u064a\u0646 \u0623\u062f\u0627\u0621 \u0627\u0644\u0645\u0648\u0642\u0639<\/li><li data-section-id=\"2t6pom\" data-start=\"3379\" data-end=\"3412\">\u062a\u062d\u0644\u064a\u0644 \u0627\u0644\u0645\u0634\u0627\u0643\u0644 \u0627\u0644\u062a\u0642\u0646\u064a\u0629<\/li><li data-section-id=\"6tnk6y\" data-start=\"3413\" data-end=\"3435\">\u062a\u0623\u0645\u064a\u0646 \u0627\u0644\u0633\u0644\u0627\u0645\u0629<\/li><\/ul><p data-start=\"3437\" data-end=\"3457\">\u062a\u064f\u0639\u0627\u0644\u062c \u0644\u0623\u0647\u062f\u0627\u0641\u0647\u0627.<\/p><hr data-start=\"3459\" data-end=\"3462\" \/><h4 data-section-id=\"17gi7p3\" data-start=\"3464\" data-end=\"3483\">4. \u0646\u0642\u0644 \u0627\u0644\u0628\u064a\u0627\u0646\u0627\u062a<\/h4><p data-start=\"3485\" data-end=\"3563\">\u064a\u0645\u0643\u0646 \u0646\u0642\u0644 \u0627\u0644\u0628\u064a\u0627\u0646\u0627\u062a \u0627\u0644\u062a\u0642\u0646\u064a\u0629 \u0625\u0644\u0649 \u0645\u0648\u0641\u0631\u064a \u0627\u0644\u0628\u0646\u064a\u0629 \u0627\u0644\u062a\u062d\u062a\u064a\u0629 \u0648\u0645\u0642\u062f\u0645\u064a \u0627\u0644\u062a\u062d\u0644\u064a\u0644\u0627\u062a \u0627\u0644\u0630\u064a\u0646 \u062a\u0645 \u0627\u0633\u062a\u0639\u0627\u0646\u062a\u0647\u0645.<\/p><hr data-start=\"3565\" data-end=\"3568\" \/><h4 data-section-id=\"1qzc8h1\" data-start=\"3570\" data-end=\"3591\">5. \u0627\u0644\u0623\u0633\u0628\u0627\u0628 \u0627\u0644\u0642\u0627\u0646\u0648\u0646\u064a\u0629<\/h4><ul data-start=\"3593\" data-end=\"3635\"><li data-section-id=\"byts8c\" data-start=\"3593\" data-end=\"3610\">\u0645\u0635\u0644\u062d\u0629 \u0645\u0634\u0631\u0648\u0639\u0629<\/li><li data-section-id=\"1o66dsg\" data-start=\"3611\" data-end=\"3635\">\u0627\u0644\u0645\u062a\u0637\u0644\u0628\u0627\u062a \u0627\u0644\u062a\u0642\u0646\u064a\u0629<\/li><\/ul><hr data-start=\"3637\" data-end=\"3640\" \/><h4 data-section-id=\"g4n9c3\" data-start=\"3642\" data-end=\"3665\">6. \u062d\u0642\u0648\u0642 \u0627\u0644\u0645\u0633\u062a\u062e\u062f\u0645<\/h4><p data-start=\"3667\" data-end=\"3696\">\u0627\u0644\u0645\u0633\u062a\u062e\u062f\u0645\u0648\u0646 \u0641\u064a \u0646\u0637\u0627\u0642 \u0642\u0627\u0646\u0648\u0646 \u062d\u0645\u0627\u064a\u0629 \u0627\u0644\u0628\u064a\u0627\u0646\u0627\u062a \u0627\u0644\u0634\u062e\u0635\u064a\u0629 (KVKK)<\/p><ul data-start=\"3698\" data-end=\"3792\"><li data-section-id=\"1r77ok5\" data-start=\"3698\" data-end=\"3736\">\u0645\u0639\u0631\u0641\u0629 \u0645\u0627 \u0625\u0630\u0627 \u0643\u0627\u0646\u062a \u0627\u0644\u0628\u064a\u0627\u0646\u0627\u062a \u0642\u062f \u062a\u0645\u062a \u0645\u0639\u0627\u0644\u062c\u062a\u0647\u0627<\/li><li data-section-id=\"165ucok\" data-start=\"3737\" data-end=\"3757\">\u0637\u0644\u0628 \u0645\u0639\u0644\u0648\u0645\u0627\u062a<\/li><li data-section-id=\"7sug73\" data-start=\"3758\" data-end=\"3792\">\u0637\u0644\u0628 \u0627\u0644\u062a\u0635\u062d\u064a\u062d \u0623\u0648 \u0627\u0644\u062d\u0630\u0641<\/li><\/ul><p data-start=\"3794\" data-end=\"3813\">\u0644\u0647 \u062d\u0642\u0648\u0642.<\/p><hr data-start=\"3815\" data-end=\"3818\" \/><h4 data-section-id=\"aa7fqb\" data-start=\"3820\" data-end=\"3834\">\u0667. \u0627\u0644\u0627\u062a\u0635\u0627\u0644<\/h4><p data-start=\"3836\" data-end=\"3908\"><span class=\"hover:entity-accent entity-underline inline cursor-pointer align-baseline\"><span class=\"whitespace-normal\">\u063a\u0644\u0648\u0628\u0627\u0644\u064a\u0633 \u0633\u064a\u0631\u062a\u064a\u0641\u064a\u0643\u0627\u0633\u064a\u0648\u0646<\/span><\/span><br data-start=\"3873\" data-end=\"3876\" \/><a class=\"decorated-link cursor-pointer\" rel=\"noopener\" data-start=\"3876\" data-end=\"3906\">info@globaliscertification.com<\/a><\/p>\t\t\t\t\t\t\t\t<\/div>\n\t\t\t\t<\/div>\n\t\t\t\t\t<\/div>\n\t\t\t\t<\/div>\n\t\t\t\t<\/div>","protected":false},"excerpt":{"rendered":"<p>KVKK AYDINLATMA METN\u0130 Bu metin, 6698 say\u0131l\u0131 Ki\u015fisel Verilerin Korunmas\u0131 Kanunu kapsam\u0131nda haz\u0131rlanm\u0131\u015ft\u0131r. 1. Veri Sorumlusu Bu site kapsam\u0131nda veri [&hellip;]<\/p>\n","protected":false},"author":1,"featured_media":0,"parent":0,"menu_order":0,"comment_status":"closed","ping_status":"closed","template":"","meta":{"om_disable_all_campaigns":false,"_monsterinsights_skip_tracking":false,"_monsterinsights_sitenote_active":false,"_monsterinsights_sitenote_note":"","_monsterinsights_sitenote_category":0,"site-sidebar-layout":"no-sidebar","site-content-layout":"page-builder","ast-site-content-layout":"full-width-container","site-content-style":"default","site-sidebar-style":"default","ast-global-header-display":"","ast-banner-title-visibility":"","ast-main-header-display":"","ast-hfb-above-header-display":"","ast-hfb-below-header-display":"","ast-hfb-mobile-header-display":"","site-post-title":"","ast-breadcrumbs-content":"","ast-featured-img":"disabled","footer-sml-layout":"","theme-transparent-header-meta":"","adv-header-id-meta":"","stick-header-meta":"","header-above-stick-meta":"","header-main-stick-meta":"","header-below-stick-meta":"","astra-migrate-meta-layouts":"set","ast-page-background-enabled":"default","ast-page-background-meta":{"desktop":{"background-color":"","background-image":"","background-repeat":"repeat","background-position":"center center","background-size":"auto","background-attachment":"scroll","background-type":"","background-media":"","overlay-type":"","overlay-color":"","overlay-opacity":"","overlay-gradient":""},"tablet":{"background-color":"","background-image":"","background-repeat":"repeat","background-position":"center center","background-size":"auto","background-attachment":"scroll","background-type":"","background-media":"","overlay-type":"","overlay-color":"","overlay-opacity":"","overlay-gradient":""},"mobile":{"background-color":"","background-image":"","background-repeat":"repeat","background-position":"center center","background-size":"auto","background-attachment":"scroll","background-type":"","background-media":"","overlay-type":"","overlay-color":"","overlay-opacity":"","overlay-gradient":""}},"ast-content-background-meta":{"desktop":{"background-color":"var(--ast-global-color-5)","background-image":"","background-repeat":"repeat","background-position":"center center","background-size":"auto","background-attachment":"scroll","background-type":"","background-media":"","overlay-type":"","overlay-color":"","overlay-opacity":"","overlay-gradient":""},"tablet":{"background-color":"var(--ast-global-color-5)","background-image":"","background-repeat":"repeat","background-position":"center center","background-size":"auto","background-attachment":"scroll","background-type":"","background-media":"","overlay-type":"","overlay-color":"","overlay-opacity":"","overlay-gradient":""},"mobile":{"background-color":"var(--ast-global-color-5)","background-image":"","background-repeat":"repeat","background-position":"center center","background-size":"auto","background-attachment":"scroll","background-type":"","background-media":"","overlay-type":"","overlay-color":"","overlay-opacity":"","overlay-gradient":""}},"footnotes":""},"class_list":["post-2051","page","type-page","status-publish","hentry"],"aioseo_notices":[],"_links":{"self":[{"href":"https:\/\/www.copantalya.com\/ar\/wp-json\/wp\/v2\/pages\/2051","targetHints":{"allow":["GET"]}}],"collection":[{"href":"https:\/\/www.copantalya.com\/ar\/wp-json\/wp\/v2\/pages"}],"about":[{"href":"https:\/\/www.copantalya.com\/ar\/wp-json\/wp\/v2\/types\/page"}],"author":[{"embeddable":true,"href":"https:\/\/www.copantalya.com\/ar\/wp-json\/wp\/v2\/users\/1"}],"replies":[{"embeddable":true,"href":"https:\/\/www.copantalya.com\/ar\/wp-json\/wp\/v2\/comments?post=2051"}],"version-history":[{"count":4,"href":"https:\/\/www.copantalya.com\/ar\/wp-json\/wp\/v2\/pages\/2051\/revisions"}],"predecessor-version":[{"id":2056,"href":"https:\/\/www.copantalya.com\/ar\/wp-json\/wp\/v2\/pages\/2051\/revisions\/2056"}],"wp:attachment":[{"href":"https:\/\/www.copantalya.com\/ar\/wp-json\/wp\/v2\/media?parent=2051"}],"curies":[{"name":"wp","href":"https:\/\/api.w.org\/{rel}","templated":true}]}}