{"id":1737,"date":"2026-03-06T18:46:17","date_gmt":"2026-03-06T18:46:17","guid":{"rendered":"https:\/\/www.copantalya.com\/?page_id=1737"},"modified":"2026-03-06T18:49:09","modified_gmt":"2026-03-06T18:49:09","slug":"su-kitligi","status":"publish","type":"page","link":"https:\/\/www.copantalya.com\/bs\/su-kitligi\/","title":{"rendered":"Vodeni nedostatak"},"content":{"rendered":"\t\t<div data-elementor-type=\"wp-page\" data-elementor-id=\"1737\" class=\"elementor elementor-1737\">\n\t\t\t\t<div class=\"elementor-element elementor-element-546bd49c e-flex e-con-boxed e-con e-parent\" data-id=\"546bd49c\" data-element_type=\"container\" data-e-type=\"container\" data-settings=\"{&quot;background_background&quot;:&quot;classic&quot;}\">\n\t\t\t\t\t<div class=\"e-con-inner\">\n\t\t<div class=\"elementor-element elementor-element-5c9f803d e-con-full e-flex e-con e-child\" data-id=\"5c9f803d\" data-element_type=\"container\" data-e-type=\"container\">\n\t\t\t\t<div class=\"elementor-element elementor-element-b0e9da8 elementor-widget elementor-widget-heading\" data-id=\"b0e9da8\" data-element_type=\"widget\" data-e-type=\"widget\" data-widget_type=\"heading.default\">\n\t\t\t\t\t<h1 class=\"elementor-heading-title elementor-size-default\">Su K\u0131tl\u0131\u011f\u0131<\/h1>\t\t\t\t<\/div>\n\t\t\t\t<\/div>\n\t\t\t\t\t<\/div>\n\t\t\t\t<\/div>\n\t\t\t\t<section class=\"elementor-section elementor-top-section elementor-element elementor-element-76a5b51c elementor-section-content-middle elementor-section-boxed elementor-section-height-default elementor-section-height-default\" data-id=\"76a5b51c\" data-element_type=\"section\" data-e-type=\"section\" data-settings=\"{&quot;background_background&quot;:&quot;classic&quot;}\">\n\t\t\t\t\t\t<div class=\"elementor-container elementor-column-gap-no\">\n\t\t\t\t\t<div class=\"elementor-column elementor-col-50 elementor-top-column elementor-element elementor-element-424f2955\" data-id=\"424f2955\" data-element_type=\"column\" data-e-type=\"column\" data-settings=\"{&quot;background_background&quot;:&quot;classic&quot;}\">\n\t\t\t<div class=\"elementor-widget-wrap elementor-element-populated\">\n\t\t\t\t\t\t<div class=\"elementor-element elementor-element-6f9293e7 elementor-widget elementor-widget-image\" data-id=\"6f9293e7\" data-element_type=\"widget\" data-e-type=\"widget\" data-widget_type=\"image.default\">\n\t\t\t\t\t\t\t\t\t\t\t\t\t\t\t<img fetchpriority=\"high\" decoding=\"async\" width=\"1558\" height=\"2175\" src=\"https:\/\/www.copantalya.com\/wp-content\/uploads\/2026\/02\/3145-2-1.jpg\" class=\"attachment-full size-full wp-image-1480\" alt=\"3145 2 (1)\" srcset=\"https:\/\/www.copantalya.com\/wp-content\/uploads\/2026\/02\/3145-2-1.jpg 1558w, https:\/\/www.copantalya.com\/wp-content\/uploads\/2026\/02\/3145-2-1-215x300.jpg 215w, https:\/\/www.copantalya.com\/wp-content\/uploads\/2026\/02\/3145-2-1-734x1024.jpg 734w, https:\/\/www.copantalya.com\/wp-content\/uploads\/2026\/02\/3145-2-1-768x1072.jpg 768w, https:\/\/www.copantalya.com\/wp-content\/uploads\/2026\/02\/3145-2-1-1100x1536.jpg 1100w, https:\/\/www.copantalya.com\/wp-content\/uploads\/2026\/02\/3145-2-1-1467x2048.jpg 1467w\" sizes=\"(max-width: 1558px) 100vw, 1558px\" title=\"Su K\u0131tl\u0131\u011f\u0131\">\t\t\t\t\t\t\t\t\t\t\t\t\t\t\t<\/div>\n\t\t\t\t\t<\/div>\n\t\t<\/div>\n\t\t\t\t<div class=\"elementor-column elementor-col-50 elementor-top-column elementor-element elementor-element-1b7eb74\" data-id=\"1b7eb74\" data-element_type=\"column\" data-e-type=\"column\">\n\t\t\t<div class=\"elementor-widget-wrap elementor-element-populated\">\n\t\t\t\t\t\t<div class=\"elementor-element elementor-element-20e03241 elementor-widget elementor-widget-text-editor\" data-id=\"20e03241\" data-element_type=\"widget\" data-e-type=\"widget\" data-widget_type=\"text-editor.default\">\n\t\t\t\t\t\t\t\t\t<p data-start=\"15\" data-end=\"704\">\u0130nsan ve biyolojik ya\u015fam\u0131n vazge\u00e7ilmez bir par\u00e7as\u0131 olan su, g\u00fcn ge\u00e7tik\u00e7e de\u011fer kazan\u0131rken ayn\u0131 zamanda insanlar aras\u0131nda alg\u0131lanan \u00f6nemini de kaybetmektedir. Artan n\u00fcfusun beraberinde getirdi\u011fi sanayile\u015fme ve su kullan\u0131m\u0131 ile sanitasyon konular\u0131nda kamu bilincinin yetersiz olmas\u0131 gibi fakt\u00f6rler, bu alg\u0131lanan \u00f6nem kayb\u0131n\u0131n nedenlerinden yaln\u0131zca birka\u00e7\u0131d\u0131r. Su k\u0131tl\u0131\u011f\u0131 olarak da bilinen bu kavram, ki\u015fi ba\u015f\u0131na d\u00fc\u015fen kullan\u0131labilir su miktar\u0131n\u0131n her y\u0131l azalmas\u0131 ve bunun sonucunda gelecekte k\u00fcresel \u00f6l\u00e7ekte su yetersizli\u011finin h\u00e2kim olaca\u011f\u0131 bir durumu ifade eder. Su krizi yaln\u0131zca ulusal ya da b\u00f6lgesel bir sorun de\u011fildir; t\u00fcm d\u00fcnyan\u0131n \u00f6ncelik vermesi ve \u00f6nlem almas\u0131 gereken bir konudur.<\/p><p data-start=\"706\" data-end=\"1873\">G\u00fcn\u00fcm\u00fcz y\u00fczy\u0131l\u0131ndaki y\u00fcksek n\u00fcfusun ortaya \u00e7\u0131kard\u0131\u011f\u0131 en temel sorunlardan biri, temiz, kullan\u0131labilir ve yeterli suya eri\u015fimdir. 2020 y\u0131l\u0131nda yay\u0131mlanan bir makaleye g\u00f6re, d\u00fcnya genelinde 1,2 milyardan fazla insan i\u00e7ilebilir ya da insan ya\u015fam\u0131 i\u00e7in kullan\u0131labilir nitelikte suya eri\u015fememektedir. Ayr\u0131ca bu say\u0131, Ukrayna ve Gazze\u2019deki sava\u015flardan \u00f6nce belirlenmi\u015f olup, aradan ge\u00e7en alt\u0131 y\u0131l i\u00e7inde ya\u015fanan pek \u00e7ok k\u00fcresel geli\u015fmeden \u00f6nceki d\u00f6nemi kapsamaktad\u0131r. Su krizi tek ba\u015f\u0131na bir sorun de\u011fildir; enerji \u00fcretiminden sa\u011fl\u0131k hizmetlerine kadar bir\u00e7ok alan\u0131 dolayl\u0131 olarak etkilemektedir. Genel kabul g\u00f6ren g\u00f6r\u00fc\u015fe g\u00f6re, bir \u00fclke veya b\u00f6lgede ki\u015fi ba\u015f\u0131na d\u00fc\u015fen y\u0131ll\u0131k kullan\u0131labilir su miktar\u0131 1000 m\u00b3\u2019\u00fcn alt\u0131na d\u00fc\u015ft\u00fc\u011f\u00fcnde o b\u00f6lge \u201csu fakiri\u201d olarak kabul edilir. Bu oran 1000 ile 7000 m\u00b3 aras\u0131nda oldu\u011funda ise \u201csu stresi\u201d olarak adland\u0131r\u0131l\u0131r. G\u00fcn ge\u00e7tik\u00e7e \u201csu zengini\u201d olarak tan\u0131mlanan \u00fclkeler bile bu e\u015fiklere yakla\u015fmaya devam etmektedir. Durumun ciddiyetini somut bir \u00f6rnekle a\u00e7\u0131klamak gerekirse, T\u00fcrkiye\u2019de ki\u015fi ba\u015f\u0131na d\u00fc\u015fmesi beklenen su miktar\u0131 2030 y\u0131l\u0131 i\u00e7in 1200 metrek\u00fcp, 2040 y\u0131l\u0131 i\u00e7in 1116 metrek\u00fcp ve 2050 y\u0131l\u0131 i\u00e7in 1069 metrek\u00fcp olarak hesaplanm\u0131\u015ft\u0131r.<\/p>\t\t\t\t\t\t\t\t<\/div>\n\t\t\t\t<div class=\"elementor-element elementor-element-21996066 elementor-widget-divider--view-line elementor-widget elementor-widget-divider\" data-id=\"21996066\" data-element_type=\"widget\" data-e-type=\"widget\" data-widget_type=\"divider.default\">\n\t\t\t\t\t\t\t<div class=\"elementor-divider\">\n\t\t\t<span class=\"elementor-divider-separator\">\n\t\t\t\t\t\t<\/span>\n\t\t<\/div>\n\t\t\t\t\t\t<\/div>\n\t\t\t\t\t<\/div>\n\t\t<\/div>\n\t\t\t\t\t<\/div>\n\t\t<\/section>\n\t\t<div class=\"elementor-element elementor-element-5a4ac819 e-flex e-con-boxed e-con e-parent\" data-id=\"5a4ac819\" data-element_type=\"container\" data-e-type=\"container\">\n\t\t\t\t\t<div class=\"e-con-inner\">\n\t\t\t\t<div class=\"elementor-element elementor-element-5c41139 elementor-invisible elementor-widget elementor-widget-text-editor\" data-id=\"5c41139\" data-element_type=\"widget\" data-e-type=\"widget\" data-settings=\"{&quot;_animation&quot;:&quot;fadeInLeft&quot;,&quot;_animation_delay&quot;:1000}\" data-widget_type=\"text-editor.default\">\n\t\t\t\t\t\t\t\t\t<div class=\"flex flex-col text-sm pb-25\"><article class=\"text-token-text-primary w-full focus:outline-none [--shadow-height:45px] has-data-writing-block:pointer-events-none has-data-writing-block:-mt-(--shadow-height) has-data-writing-block:pt-(--shadow-height) [&amp;:has([data-writing-block])&gt;*]:pointer-events-auto scroll-mt-[calc(var(--header-height)+min(200px,max(70px,20svh)))]\" dir=\"auto\" tabindex=\"-1\" data-turn-id=\"request-697ba720-4e78-8389-83d4-a3dce09df804-0\" data-testid=\"conversation-turn-34\" data-scroll-anchor=\"true\" data-turn=\"assistant\"><div class=\"text-base my-auto mx-auto pb-10 [--thread-content-margin:var(--thread-content-margin-xs,calc(var(--spacing)*4))] @w-sm\/main:[--thread-content-margin:var(--thread-content-margin-sm,calc(var(--spacing)*6))] @w-lg\/main:[--thread-content-margin:var(--thread-content-margin-lg,calc(var(--spacing)*16))] px-(--thread-content-margin)\"><div class=\"[--thread-content-max-width:40rem] @w-lg\/main:[--thread-content-max-width:48rem] mx-auto max-w-(--thread-content-max-width) flex-1 group\/turn-messages focus-visible:outline-hidden relative flex w-full min-w-0 flex-col agent-turn\" tabindex=\"-1\"><div class=\"flex max-w-full flex-col gap-4 grow\"><div class=\"min-h-8 text-message relative flex w-full flex-col items-end gap-2 text-start break-words whitespace-normal [.text-message+&amp;]:mt-1\" dir=\"auto\" data-message-author-role=\"assistant\" data-message-id=\"c407441a-24f1-4270-ac15-7e102ff9d9e5\" data-message-model-slug=\"gpt-5-3\"><div class=\"flex w-full flex-col gap-1 empty:hidden\"><div class=\"markdown prose dark:prose-invert w-full wrap-break-word light markdown-new-styling\"><p data-start=\"1875\" data-end=\"2652\">Suyun yoklu\u011fu ilk olarak \u201csu sava\u015flar\u0131\u201d kavram\u0131n\u0131 akla getirmektedir ve bu kavramdan en \u00e7ok etkilenen yerle\u015fimler \u201csu dezavantajl\u0131 b\u00f6lgeler\u201d olarak adland\u0131r\u0131lmaktad\u0131r. Kurakl\u0131k riski ve y\u00fcksek n\u00fcfus oranlar\u0131 nedeniyle Orta Do\u011fu ve Kuzey Afrika \u00fclkeleri bu konuda ilk s\u0131rada \u00f6ne \u00e7\u0131kmaktad\u0131r. Bu \u00fclkeler, jeomorfolojik konumlar\u0131, co\u011frafi b\u00f6lgeleri ve iklimleri nedeniyle su dezavantajl\u0131 bireylerin yo\u011fun olarak bulundu\u011fu yerlerdir. Suya eri\u015fimi \u00e7o\u011fu insana k\u0131yasla \u00e7ok daha zor olan bu bireyler i\u00e7in ula\u015fabildikleri su, her zaman \u201ckullan\u0131labilir su\u201d kategorisinde yer almamaktad\u0131r. G\u00fcn\u00fcm\u00fczde yaln\u0131zca birka\u00e7 b\u00f6lge i\u00e7in konu\u015ftu\u011fumuz bu kavram, suyun bilin\u00e7siz t\u00fcketimi nedeniyle k\u00fcresel \u00f6l\u00e7ekte yay\u0131lmaya ba\u015flam\u0131\u015f ve \u201csu sava\u015flar\u0131\u201d terimini giderek daha fazla g\u00fcndeme getirmi\u015ftir.<\/p><p data-start=\"2654\" data-end=\"3374\">Su sava\u015flar\u0131na e\u015flik eden \u00e7at\u0131\u015fma kavram\u0131, sorunun ba\u015fka bir boyutunu ortaya koymaktad\u0131r. Ancak sava\u015f yerine \u00fclkeler aras\u0131nda y\u00fcr\u00fct\u00fclen diplomasi ve yap\u0131lan anla\u015fmalar do\u011fru \u00e7\u00f6z\u00fcm yollar\u0131d\u0131r. \u0130nsanl\u0131k tarihinin ba\u015flang\u0131c\u0131ndan bu yana su sava\u015flar\u0131 yaln\u0131zca suyun varl\u0131\u011f\u0131n\u0131 elde etmek amac\u0131yla y\u00fcr\u00fct\u00fclen \u00e7at\u0131\u015fmalar boyutuna ula\u015fmam\u0131\u015ft\u0131r. Bununla birlikte \u00fclkeler yerle\u015fimlerini su kaynaklar\u0131n\u0131n bulundu\u011fu alanlara kurarak uygarl\u0131klar\u0131n\u0131 daha h\u0131zl\u0131 geli\u015ftirmek ve tar\u0131m ile hayvanc\u0131l\u0131k gibi alanlarda verimlilik sa\u011flamak i\u00e7in suyu her zaman \u00f6nceliklendirmi\u015ftir. Bu b\u00f6lgeleri ele ge\u00e7irmek i\u00e7in yap\u0131lan sava\u015flar, yani dolayl\u0131 olarak suya daha yak\u0131n olmak amac\u0131yla y\u00fcr\u00fct\u00fclen m\u00fccadeleler \u201csu sava\u015flar\u0131\u201d olarak adland\u0131r\u0131lm\u0131\u015ft\u0131r.<\/p><p data-start=\"3376\" data-end=\"3679\" data-is-last-node=\"\" data-is-only-node=\"\">Ulusal ve uluslararas\u0131 d\u00fczeyde gerekli \u00f6nem verilmedi\u011fi ve ortak hareket edilmedi\u011fi s\u00fcrece su krizi b\u00fcy\u00fcmeye devam edecektir. Bu ba\u011flamda en \u00f6nemli \u00f6nerilerden biri bilin\u00e7li t\u00fcketim ve \u00e7evredeki insanlar\u0131 bu konuda bilgilendirmektir. Unutulmamal\u0131d\u0131r ki her b\u00fcy\u00fck etki birka\u00e7 k\u00fc\u00e7\u00fck tetikleyiciyle ba\u015flar.<br \/><br \/><strong>Referanslar:\u00a0<br \/><\/strong><\/p><p>https:\/\/dergipark.org.tr\/tr\/download\/article-file\/259635<\/p><p>https:\/\/dergipark.org.tr\/tr\/download\/article-file\/4502040<\/p><p>https:\/\/www.wwf.org.tr\/?13200\/dunyasugunu<span class=\"Apple-converted-space\">\u00a0<\/span><\/p><p data-start=\"3376\" data-end=\"3679\" data-is-last-node=\"\" data-is-only-node=\"\"><strong>\u00a0<\/strong><\/p><\/div><\/div><\/div><\/div><div class=\"z-0 flex min-h-[46px] justify-start\">\u00a0<\/div><div class=\"mt-3 w-full empty:hidden\"><div class=\"text-center\">\u00a0<\/div><\/div><\/div><\/div><\/article><\/div>\t\t\t\t\t\t\t\t<\/div>\n\t\t\t\t\t<\/div>\n\t\t\t\t<\/div>\n\t\t\t\t<\/div>\n\t\t","protected":false},"excerpt":{"rendered":"<p>Su K\u0131tl\u0131\u011f\u0131 \u0130nsan ve biyolojik ya\u015fam\u0131n vazge\u00e7ilmez bir par\u00e7as\u0131 olan su, g\u00fcn ge\u00e7tik\u00e7e de\u011fer kazan\u0131rken ayn\u0131 zamanda insanlar aras\u0131nda alg\u0131lanan [&hellip;]<\/p>\n","protected":false},"author":1,"featured_media":0,"parent":0,"menu_order":0,"comment_status":"closed","ping_status":"closed","template":"","meta":{"om_disable_all_campaigns":false,"_monsterinsights_skip_tracking":false,"_monsterinsights_sitenote_active":false,"_monsterinsights_sitenote_note":"","_monsterinsights_sitenote_category":0,"site-sidebar-layout":"no-sidebar","site-content-layout":"page-builder","ast-site-content-layout":"full-width-container","site-content-style":"default","site-sidebar-style":"default","ast-global-header-display":"","ast-banner-title-visibility":"","ast-main-header-display":"","ast-hfb-above-header-display":"","ast-hfb-below-header-display":"","ast-hfb-mobile-header-display":"","site-post-title":"disabled","ast-breadcrumbs-content":"","ast-featured-img":"disabled","footer-sml-layout":"","theme-transparent-header-meta":"","adv-header-id-meta":"","stick-header-meta":"","header-above-stick-meta":"","header-main-stick-meta":"","header-below-stick-meta":"","astra-migrate-meta-layouts":"set","ast-page-background-enabled":"default","ast-page-background-meta":{"desktop":{"background-color":"","background-image":"","background-repeat":"repeat","background-position":"center center","background-size":"auto","background-attachment":"scroll","background-type":"","background-media":"","overlay-type":"","overlay-color":"","overlay-opacity":"","overlay-gradient":""},"tablet":{"background-color":"","background-image":"","background-repeat":"repeat","background-position":"center center","background-size":"auto","background-attachment":"scroll","background-type":"","background-media":"","overlay-type":"","overlay-color":"","overlay-opacity":"","overlay-gradient":""},"mobile":{"background-color":"","background-image":"","background-repeat":"repeat","background-position":"center center","background-size":"auto","background-attachment":"scroll","background-type":"","background-media":"","overlay-type":"","overlay-color":"","overlay-opacity":"","overlay-gradient":""}},"ast-content-background-meta":{"desktop":{"background-color":"var(--ast-global-color-5)","background-image":"","background-repeat":"repeat","background-position":"center center","background-size":"auto","background-attachment":"scroll","background-type":"","background-media":"","overlay-type":"","overlay-color":"","overlay-opacity":"","overlay-gradient":""},"tablet":{"background-color":"var(--ast-global-color-5)","background-image":"","background-repeat":"repeat","background-position":"center center","background-size":"auto","background-attachment":"scroll","background-type":"","background-media":"","overlay-type":"","overlay-color":"","overlay-opacity":"","overlay-gradient":""},"mobile":{"background-color":"var(--ast-global-color-5)","background-image":"","background-repeat":"repeat","background-position":"center center","background-size":"auto","background-attachment":"scroll","background-type":"","background-media":"","overlay-type":"","overlay-color":"","overlay-opacity":"","overlay-gradient":""}},"footnotes":""},"class_list":["post-1737","page","type-page","status-publish","hentry"],"aioseo_notices":[],"_links":{"self":[{"href":"https:\/\/www.copantalya.com\/bs\/wp-json\/wp\/v2\/pages\/1737","targetHints":{"allow":["GET"]}}],"collection":[{"href":"https:\/\/www.copantalya.com\/bs\/wp-json\/wp\/v2\/pages"}],"about":[{"href":"https:\/\/www.copantalya.com\/bs\/wp-json\/wp\/v2\/types\/page"}],"author":[{"embeddable":true,"href":"https:\/\/www.copantalya.com\/bs\/wp-json\/wp\/v2\/users\/1"}],"replies":[{"embeddable":true,"href":"https:\/\/www.copantalya.com\/bs\/wp-json\/wp\/v2\/comments?post=1737"}],"version-history":[{"count":7,"href":"https:\/\/www.copantalya.com\/bs\/wp-json\/wp\/v2\/pages\/1737\/revisions"}],"predecessor-version":[{"id":1745,"href":"https:\/\/www.copantalya.com\/bs\/wp-json\/wp\/v2\/pages\/1737\/revisions\/1745"}],"wp:attachment":[{"href":"https:\/\/www.copantalya.com\/bs\/wp-json\/wp\/v2\/media?parent=1737"}],"curies":[{"name":"wp","href":"https:\/\/api.w.org\/{rel}","templated":true}]}}