{"id":1467,"date":"2026-02-18T19:45:17","date_gmt":"2026-02-18T19:45:17","guid":{"rendered":"https:\/\/www.copantalya.com\/?page_id=1467"},"modified":"2026-03-02T19:26:28","modified_gmt":"2026-03-02T19:26:28","slug":"cennetin-paradoksu","status":"publish","type":"page","link":"https:\/\/www.copantalya.com\/da\/cennetin-paradoksu\/","title":{"rendered":"Himlens paradoks"},"content":{"rendered":"\t\t<div data-elementor-type=\"wp-page\" data-elementor-id=\"1467\" class=\"elementor elementor-1467\">\n\t\t\t\t<div class=\"elementor-element elementor-element-4b8ba853 e-flex e-con-boxed e-con e-parent\" data-id=\"4b8ba853\" data-element_type=\"container\" data-e-type=\"container\" data-settings=\"{&quot;background_background&quot;:&quot;classic&quot;}\">\n\t\t\t\t\t<div class=\"e-con-inner\">\n\t\t<div class=\"elementor-element elementor-element-4e9b475f e-con-full e-flex e-con e-child\" data-id=\"4e9b475f\" data-element_type=\"container\" data-e-type=\"container\">\n\t\t\t\t<div class=\"elementor-element elementor-element-23ba4481 elementor-widget elementor-widget-heading\" data-id=\"23ba4481\" data-element_type=\"widget\" data-e-type=\"widget\" data-widget_type=\"heading.default\">\n\t\t\t\t\t<h1 class=\"elementor-heading-title elementor-size-default\">Cennetin Paradoksu<\/h1>\t\t\t\t<\/div>\n\t\t\t\t<div class=\"elementor-element elementor-element-7d563046 elementor-widget elementor-widget-text-editor\" data-id=\"7d563046\" data-element_type=\"widget\" data-e-type=\"widget\" data-widget_type=\"text-editor.default\">\n\t\t\t\t\t\t\t\t\t<p class=\"p1\">S\u00fcrd\u00fcr\u00fclebilir Turizmin Gelece\u011fi<\/p>\t\t\t\t\t\t\t\t<\/div>\n\t\t\t\t<\/div>\n\t\t\t\t\t<\/div>\n\t\t\t\t<\/div>\n\t\t<div class=\"elementor-element elementor-element-79cffb17 e-flex e-con-boxed e-con e-parent\" data-id=\"79cffb17\" data-element_type=\"container\" data-e-type=\"container\">\n\t\t\t\t\t<div class=\"e-con-inner\">\n\t\t<div class=\"elementor-element elementor-element-63fcaf09 e-con-full e-flex e-con e-child\" data-id=\"63fcaf09\" data-element_type=\"container\" data-e-type=\"container\">\n\t\t<div class=\"elementor-element elementor-element-263d8e1c e-con-full e-flex e-con e-child\" data-id=\"263d8e1c\" data-element_type=\"container\" data-e-type=\"container\">\n\t\t\t\t<div class=\"elementor-element elementor-element-5fe2cad5 elementor-invisible elementor-widget elementor-widget-text-editor\" data-id=\"5fe2cad5\" data-element_type=\"widget\" data-e-type=\"widget\" data-settings=\"{&quot;_animation&quot;:&quot;fadeInLeft&quot;,&quot;_animation_delay&quot;:1000}\" data-widget_type=\"text-editor.default\">\n\t\t\t\t\t\t\t\t\t<p data-start=\"57\" data-end=\"698\">Modern turizm end\u00fcstrisi b\u00fcy\u00fck bir \u00e7eli\u015fkiyle kar\u015f\u0131 kar\u015f\u0131yad\u0131r. Uzun y\u0131llar boyunca turizm \u201cbacas\u0131z sanayi\u201d olarak romantize edilmi\u015f olsa da, bug\u00fcn k\u00fcresel sera gaz\u0131 (GHG) emisyonlar\u0131n\u0131n yakla\u015f\u0131k %8 ila %10\u2019undan sorumlu \u00f6nemli bir \u00e7evresel bozulma kayna\u011f\u0131 h\u00e2line gelmi\u015ftir. Bu durumu daha net ifade etmek gerekirse; k\u00fcresel turizm sekt\u00f6r\u00fc ba\u011f\u0131ms\u0131z bir \u00fclke olsayd\u0131, d\u00fcnyan\u0131n en y\u00fcksek emisyon salan \u00fclkeleri aras\u0131nda yer al\u0131rd\u0131. Bu \u201cvarolu\u015fsal paradoks\u201d, sekt\u00f6r\u00fcn hayatta kalmak i\u00e7in ihtiya\u00e7 duydu\u011fu do\u011fal varl\u0131klar\u0131 \u2014 g\u00fczel k\u0131y\u0131 \u015feritlerini, da\u011f ekosistemlerini ve istikrarl\u0131 bir iklimi \u2014 sistematik bi\u00e7imde tahrip etti\u011fini g\u00f6stermektedir.<\/p><p data-start=\"700\" data-end=\"1458\">Bu krizin merkezinde hareketlilik ikilemi bulunmaktad\u0131r. Ula\u015f\u0131m, \u00f6zellikle uzun mesafeli havayolu ta\u015f\u0131mac\u0131l\u0131\u011f\u0131, turizmin karbon ayak izinin yakla\u015f\u0131k %49\u2019unu olu\u015fturmaktad\u0131r. Paris Anla\u015fmas\u0131 k\u00fcresel s\u0131cakl\u0131k art\u0131\u015f\u0131n\u0131 1,5\u00b0C ile s\u0131n\u0131rland\u0131rmay\u0131 hedeflese de, havac\u0131l\u0131k sekt\u00f6r\u00fcn\u00fcn mevcut b\u00fcy\u00fcme e\u011filimi bu hedeflerle uyumlu de\u011fildir. S\u00fcrd\u00fcr\u00fclebilir Havac\u0131l\u0131k Yak\u0131tlar\u0131 (SAF) ve elektrikli enerji sistemleri gibi yenilikler umut verici g\u00f6r\u00fcnse de, bunlar\u0131n yayg\u0131n uygulamaya ge\u00e7mesi uzun vadeli bir perspektif gerektirmektedir. Bu arada destinasyonlar\u0131n, y\u00fcksek d\u00fczeyli politik taahh\u00fctler ile sahadaki uygulamalar aras\u0131ndaki bo\u015flu\u011fu kapatmak i\u00e7in dikkatli karbon y\u00f6netim planlar\u0131 geli\u015ftirmesi ve karbon dengeleme (ofsetleme) giri\u015fimlerine kat\u0131lmas\u0131 gerekmektedir.<\/p><p data-start=\"1460\" data-end=\"2468\">Atmosferik etkilerin \u00f6tesinde sekt\u00f6r, yerel \u00f6l\u00e7ekte a\u015f\u0131r\u0131 turizm (overtourism) kriziyle de kar\u015f\u0131 kar\u015f\u0131yad\u0131r. Venedik, Barselona ve Kyoto gibi k\u00fcresel \u015fehirlerde ziyaret\u00e7i say\u0131lar\u0131; yollar\u0131n, su sistemlerinin ve kamu hizmetlerinin ba\u015flang\u0131\u00e7ta tasarland\u0131\u011f\u0131 kapasitenin \u00e7ok \u00fczerine \u00e7\u0131km\u0131\u015ft\u0131r. Bu durum, yerel altyap\u0131n\u0131n ayn\u0131 anda bu kadar fazla ki\u015fiyi desteklemekte zorlanmas\u0131na ve b\u00f6lge i\u00e7in ciddi sorunlar\u0131n ortaya \u00e7\u0131kmas\u0131na neden olmaktad\u0131r. Airbnb etkisi olarak adland\u0131r\u0131lan k\u0131sa s\u00fcreli kiralamalar\u0131n h\u0131zla art\u0131\u015f\u0131, konut fiyatlar\u0131n\u0131 ve kiralar\u0131 keskin bi\u00e7imde y\u00fckselterek uzun s\u00fcredir bu mahallelerde ya\u015fayan yerel halk\u0131n b\u00f6lgeyi terk etmek zorunda kalmas\u0131na yol a\u00e7maktad\u0131r. Ayr\u0131ca kaynak t\u00fcketimindeki dengesizlik de dikkat \u00e7ekicidir; su k\u0131tl\u0131\u011f\u0131 ya\u015fayan b\u00f6lgelerde turistler, yerel halka k\u0131yasla \u00fc\u00e7 ila sekiz kat daha fazla su t\u00fcketebilmektedir. Bu farkl\u0131l\u0131klar yaln\u0131zca ku\u015faklar aras\u0131 adalet ilkelerini zorlamakla kalmaz; turizm odakl\u0131 kentsel d\u00f6n\u00fc\u015f\u00fcmlere kar\u015f\u0131 sistematik bir toplumsal direnci de besler.<\/p><p data-start=\"2470\" data-end=\"2830\">COP s\u00fcre\u00e7leri ve Glasgow Deklarasyonu gibi k\u00fcresel iklim y\u00f6neti\u015fimi mekanizmalar\u0131 \u00fcst d\u00fczey taahh\u00fctler sunsa da, uygulama d\u00fczeyinde \u00e7o\u011fu zaman ciddi bir kopukluk ya\u015fanmaktad\u0131r. \u0130\u015fte bu noktada Go Green Globalis gibi uygulama aray\u00fczleri gerekli h\u00e2le gelmektedir. Uluslararas\u0131 kurallar\u0131 yerel ve pratik planlara d\u00f6n\u00fc\u015ft\u00fcren bu yap\u0131lar \u00fc\u00e7 temel rol \u00fcstlenmektedir:<\/p><div class=\"flex flex-col text-sm pb-25\"><article class=\"text-token-text-primary w-full focus:outline-none [--shadow-height:45px] has-data-writing-block:pointer-events-none has-data-writing-block:-mt-(--shadow-height) has-data-writing-block:pt-(--shadow-height) [&amp;:has([data-writing-block])&gt;*]:pointer-events-auto scroll-mt-[calc(var(--header-height)+min(200px,max(70px,20svh)))]\" dir=\"auto\" tabindex=\"-1\" data-turn-id=\"request-697ba720-4e78-8389-83d4-a3dce09df804-8\" data-testid=\"conversation-turn-32\" data-scroll-anchor=\"true\" data-turn=\"assistant\"><div class=\"text-base my-auto mx-auto pb-10 [--thread-content-margin:--spacing(4)] @w-sm\/main:[--thread-content-margin:--spacing(6)] @w-lg\/main:[--thread-content-margin:--spacing(16)] px-(--thread-content-margin)\"><div class=\"[--thread-content-max-width:40rem] @w-lg\/main:[--thread-content-max-width:48rem] mx-auto max-w-(--thread-content-max-width) flex-1 group\/turn-messages focus-visible:outline-hidden relative flex w-full min-w-0 flex-col agent-turn\" tabindex=\"-1\"><div class=\"flex max-w-full flex-col grow\"><div class=\"min-h-8 text-message relative flex w-full flex-col items-end gap-2 text-start break-words whitespace-normal [.text-message+&amp;]:mt-1\" dir=\"auto\" data-message-author-role=\"assistant\" data-message-id=\"d76b2bfd-7474-4159-bb9d-658dad764b13\" data-message-model-slug=\"gpt-5-2\"><div class=\"flex w-full flex-col gap-1 empty:hidden first:pt-[1px]\"><div class=\"markdown prose dark:prose-invert w-full wrap-break-word light markdown-new-styling\"><p data-start=\"2832\" data-end=\"3127\"><strong>Standartla\u015ft\u0131rma:<\/strong> S\u00fcrd\u00fcr\u00fclebilir Turizm Sertifikas\u0131 gibi sistemler arac\u0131l\u0131\u011f\u0131yla a\u00e7\u0131k ve \u00f6l\u00e7\u00fclebilir hedefler belirlenir. Bu s\u00fcre\u00e7, t\u00fcm i\u015fletmelerin ayn\u0131 y\u00fcksek standartlar\u0131 takip etmesini sa\u011flayarak sekt\u00f6r genelinde \u00e7evresel performans\u0131n kar\u015f\u0131la\u015ft\u0131r\u0131lmas\u0131n\u0131 ve de\u011ferlendirilmesini kolayla\u015ft\u0131r\u0131r.<\/p><p data-start=\"3129\" data-end=\"3448\"><strong>Kapasite Geli\u015ftirme:<\/strong> \u0130\u015fletmelere karbon ayak izlerini hesaplama ve at\u0131k y\u00f6netimini daha etkin bi\u00e7imde y\u00fcr\u00fctme konusunda pratik destek sa\u011flan\u0131r. Ayr\u0131ca enerji verimlili\u011finin art\u0131r\u0131lmas\u0131 konusunda rehberlik sunularak \u015firketlerin hem \u00e7evresel etkilerini azaltmalar\u0131 hem de operasyonel maliyetlerini d\u00fc\u015f\u00fcrmeleri hedeflenir.<\/p><p data-start=\"3450\" data-end=\"3762\"><strong>Do\u011frulama:<\/strong> \u00c7evresel iddialar\u0131n ger\u00e7ekli\u011fini kontrol etmek amac\u0131yla ba\u011f\u0131ms\u0131z uzmanlar taraf\u0131ndan resmi denetimler y\u00fcr\u00fct\u00fcl\u00fcr. Bu ad\u0131m, gezginlerle g\u00fc\u00e7l\u00fc bir g\u00fcven ili\u015fkisi kurulmas\u0131n\u0131 sa\u011flar ve herhangi bir somut eylem olmadan \u00e7evre dostu imaj yaratmaya \u00e7al\u0131\u015fan ye\u015fil aklama (greenwashing) uygulamalar\u0131n\u0131 engeller.<\/p><p data-start=\"3764\" data-end=\"4514\">Yaln\u0131zca m\u00fcmk\u00fcn oldu\u011funca fazla ziyaret\u00e7i \u00e7ekmeye ve her y\u0131l b\u00fcy\u00fcmeye dayanan geleneksel turizm modeli art\u0131k ge\u00e7erlili\u011fini yitirmektedir. Bu yakla\u015f\u0131m, uzun vadede \u00e7evrenin ve yerel topluluklar\u0131n sa\u011fl\u0131\u011f\u0131n\u0131 g\u00f6z ard\u0131 ederek yaln\u0131zca y\u00fcksek ziyaret\u00e7i say\u0131lar\u0131na odaklanmaktad\u0131r. Sekt\u00f6r, art\u0131k \u201cY\u00fcksek De\u011fer, D\u00fc\u015f\u00fck Hacim\u201d yakla\u015f\u0131m\u0131na y\u00f6nelmektedir. Bu model, basit ziyaret\u00e7i say\u0131s\u0131 yerine deneyimin kalitesini ve yerel ekonomiye yap\u0131lan katk\u0131n\u0131n derinli\u011fini \u00f6nceliklendirmektedir. Rejeneratif Turizm ise yaln\u0131zca \u00e7evreyi korumay\u0131 de\u011fil, net pozitif bir etki yaratmay\u0131 hedefler. Bu \u00e7er\u00e7evede turizm gelirinin bir b\u00f6l\u00fcm\u00fc do\u011frudan ekosistem restorasyonuna yeniden yat\u0131r\u0131l\u0131r ve destinasyonlar\u0131n ziyaret edildi\u011finden daha iyi bir durumda b\u0131rak\u0131lmas\u0131 ama\u00e7lan\u0131r.<\/p><p data-start=\"4516\" data-end=\"4901\" data-is-last-node=\"\" data-is-only-node=\"\">Sonu\u00e7 olarak masum seyahat d\u00f6nemi sona ermi\u015ftir. Sekt\u00f6r, kontrols\u00fcz geni\u015fleme ile gerekli ve y\u00f6netilen bir d\u00f6n\u00fc\u015f\u00fcm aras\u0131nda bir yol ayr\u0131m\u0131ndad\u0131r. Turizmin gelece\u011fi, karbon sorumlulu\u011funa ve yerel topluluklar\u0131n dengeli geli\u015fimine \u00f6nem veren akt\u00f6rlere aittir. Bu anlay\u0131\u015fla turizm, yaln\u0131zca kaynak t\u00fcketen bir faaliyet olmaktan \u00e7\u0131kar; d\u00fcnyay\u0131 onaran ve iyile\u015ftiren g\u00fc\u00e7l\u00fc bir araca d\u00f6n\u00fc\u015f\u00fcr.<\/p><p><strong>KAYNAK\u00c7A:<\/strong><\/p><p>Lenzen, M., Sun, Y., Faturay, F., et al. (2018). &#8220;The carbon footprint of global tourism.&#8221; Nature Climate Change.<br \/>UNFCCC &amp; YOUNGO. LCOY, RCOY, and COY: The Interconnected Structure of Youth Climate Governance.<br \/>UNWTO (World Tourism Organization). (2024). Tourism and the Sustainable Development<br \/>Goals \u2013 Journey to 2030. Madrid: UNWTO.<br \/>Go Green Globalis. (2025). Corporate Vision and Sustainability Standards<br \/>G\u00f6ssling, S., &amp; Higham, J. (2021). &#8220;The low-carbon imperative: Destination management under urgent climate change.&#8221; Journal of Travel Research.<br \/>Peeters, P., et al. (2019). CO2 Emissions from Tourism: Global Status and Trends.<br \/>World Travel &amp; Tourism Council (WTTC). (2024). Economic Impact Research: Global Trends.<\/p><\/div><\/div><\/div><\/div><div class=\"z-0 flex min-h-[46px] justify-start\">\u00a0<\/div><div class=\"mt-3 w-full empty:hidden\"><div class=\"text-center\">\u00a0<\/div><\/div><\/div><\/div><\/article><\/div>\t\t\t\t\t\t\t\t<\/div>\n\t\t\t\t<\/div>\n\t\t\t\t<\/div>\n\t\t\t\t\t<\/div>\n\t\t\t\t<\/div>\n\t\t\t\t<\/div>\n\t\t","protected":false},"excerpt":{"rendered":"<p>Cennetin Paradoksu S\u00fcrd\u00fcr\u00fclebilir Turizmin Gelece\u011fi Modern turizm end\u00fcstrisi b\u00fcy\u00fck bir \u00e7eli\u015fkiyle kar\u015f\u0131 kar\u015f\u0131yad\u0131r. Uzun y\u0131llar boyunca turizm \u201cbacas\u0131z sanayi\u201d olarak [&hellip;]<\/p>\n","protected":false},"author":1,"featured_media":0,"parent":0,"menu_order":0,"comment_status":"closed","ping_status":"closed","template":"","meta":{"om_disable_all_campaigns":false,"_monsterinsights_skip_tracking":false,"_monsterinsights_sitenote_active":false,"_monsterinsights_sitenote_note":"","_monsterinsights_sitenote_category":0,"site-sidebar-layout":"no-sidebar","site-content-layout":"page-builder","ast-site-content-layout":"full-width-container","site-content-style":"default","site-sidebar-style":"default","ast-global-header-display":"","ast-banner-title-visibility":"","ast-main-header-display":"","ast-hfb-above-header-display":"","ast-hfb-below-header-display":"","ast-hfb-mobile-header-display":"","site-post-title":"disabled","ast-breadcrumbs-content":"","ast-featured-img":"disabled","footer-sml-layout":"","theme-transparent-header-meta":"","adv-header-id-meta":"","stick-header-meta":"","header-above-stick-meta":"","header-main-stick-meta":"","header-below-stick-meta":"","astra-migrate-meta-layouts":"set","ast-page-background-enabled":"default","ast-page-background-meta":{"desktop":{"background-color":"","background-image":"","background-repeat":"repeat","background-position":"center center","background-size":"auto","background-attachment":"scroll","background-type":"","background-media":"","overlay-type":"","overlay-color":"","overlay-opacity":"","overlay-gradient":""},"tablet":{"background-color":"","background-image":"","background-repeat":"repeat","background-position":"center center","background-size":"auto","background-attachment":"scroll","background-type":"","background-media":"","overlay-type":"","overlay-color":"","overlay-opacity":"","overlay-gradient":""},"mobile":{"background-color":"","background-image":"","background-repeat":"repeat","background-position":"center center","background-size":"auto","background-attachment":"scroll","background-type":"","background-media":"","overlay-type":"","overlay-color":"","overlay-opacity":"","overlay-gradient":""}},"ast-content-background-meta":{"desktop":{"background-color":"var(--ast-global-color-5)","background-image":"","background-repeat":"repeat","background-position":"center center","background-size":"auto","background-attachment":"scroll","background-type":"","background-media":"","overlay-type":"","overlay-color":"","overlay-opacity":"","overlay-gradient":""},"tablet":{"background-color":"var(--ast-global-color-5)","background-image":"","background-repeat":"repeat","background-position":"center center","background-size":"auto","background-attachment":"scroll","background-type":"","background-media":"","overlay-type":"","overlay-color":"","overlay-opacity":"","overlay-gradient":""},"mobile":{"background-color":"var(--ast-global-color-5)","background-image":"","background-repeat":"repeat","background-position":"center center","background-size":"auto","background-attachment":"scroll","background-type":"","background-media":"","overlay-type":"","overlay-color":"","overlay-opacity":"","overlay-gradient":""}},"footnotes":""},"class_list":["post-1467","page","type-page","status-publish","hentry"],"aioseo_notices":[],"_links":{"self":[{"href":"https:\/\/www.copantalya.com\/da\/wp-json\/wp\/v2\/pages\/1467","targetHints":{"allow":["GET"]}}],"collection":[{"href":"https:\/\/www.copantalya.com\/da\/wp-json\/wp\/v2\/pages"}],"about":[{"href":"https:\/\/www.copantalya.com\/da\/wp-json\/wp\/v2\/types\/page"}],"author":[{"embeddable":true,"href":"https:\/\/www.copantalya.com\/da\/wp-json\/wp\/v2\/users\/1"}],"replies":[{"embeddable":true,"href":"https:\/\/www.copantalya.com\/da\/wp-json\/wp\/v2\/comments?post=1467"}],"version-history":[{"count":10,"href":"https:\/\/www.copantalya.com\/da\/wp-json\/wp\/v2\/pages\/1467\/revisions"}],"predecessor-version":[{"id":1676,"href":"https:\/\/www.copantalya.com\/da\/wp-json\/wp\/v2\/pages\/1467\/revisions\/1676"}],"wp:attachment":[{"href":"https:\/\/www.copantalya.com\/da\/wp-json\/wp\/v2\/media?parent=1467"}],"curies":[{"name":"wp","href":"https:\/\/api.w.org\/{rel}","templated":true}]}}