{"id":2044,"date":"2026-04-03T19:55:17","date_gmt":"2026-04-03T19:55:17","guid":{"rendered":"https:\/\/www.copantalya.com\/?page_id=2044"},"modified":"2026-04-03T19:59:10","modified_gmt":"2026-04-03T19:59:10","slug":"kullanim-kosullari","status":"publish","type":"page","link":"https:\/\/www.copantalya.com\/da\/kullanim-kosullari\/","title":{"rendered":"BETINGELSER FOR BRUG"},"content":{"rendered":"<div data-elementor-type=\"wp-page\" data-elementor-id=\"2044\" class=\"elementor elementor-2044\">\n\t\t\t\t<div class=\"elementor-element elementor-element-1c0e10eb e-grid e-con-boxed e-con e-parent\" data-id=\"1c0e10eb\" data-element_type=\"container\" data-e-type=\"container\">\n\t\t\t\t\t<div class=\"e-con-inner\">\n\t\t<div class=\"elementor-element elementor-element-71eeaa79 e-con-full e-flex e-con e-child\" data-id=\"71eeaa79\" data-element_type=\"container\" data-e-type=\"container\">\n\t\t\t\t<div class=\"elementor-element elementor-element-4fe5a06b elementor-widget elementor-widget-heading\" data-id=\"4fe5a06b\" data-element_type=\"widget\" data-e-type=\"widget\" data-widget_type=\"heading.default\">\n\t\t\t\t\t<h3 class=\"elementor-heading-title elementor-size-default\">BETINGELSER FOR BRUG<\/h3>\t\t\t\t<\/div>\n\t\t\t\t<div class=\"elementor-element elementor-element-3e164e67 elementor-widget elementor-widget-text-editor\" data-id=\"3e164e67\" data-element_type=\"widget\" data-e-type=\"widget\" data-widget_type=\"text-editor.default\">\n\t\t\t\t\t\t\t\t\t<h4 data-section-id=\"e4hca3\" data-start=\"2020\" data-end=\"2039\">1. Hizmet Tan\u0131m\u0131<\/h4><p data-start=\"2041\" data-end=\"2046\">Site:<\/p><ul data-start=\"2048\" data-end=\"2149\"><li data-section-id=\"11pt68w\" data-start=\"2048\" data-end=\"2105\">COP31 Antalya hakk\u0131nda bilgilendirme i\u00e7erikleri sunar<\/li><li data-section-id=\"12srfs4\" data-start=\"2106\" data-end=\"2149\">Etkinliklere ili\u015fkin genel bilgi sa\u011flar<\/li><\/ul><hr data-start=\"2151\" data-end=\"2154\" \/><h4 data-section-id=\"g2v8ka\" data-start=\"2156\" data-end=\"2178\">2. Sorumluluk Reddi<\/h4><p data-start=\"2180\" data-end=\"2185\">Site:<\/p><ul data-start=\"2187\" data-end=\"2309\"><li data-section-id=\"1l6ahcy\" data-start=\"2187\" data-end=\"2257\">En officiel <span class=\"hover:entity-accent entity-underline inline cursor-pointer align-baseline\"><span class=\"whitespace-normal\">COP31<\/span><\/span> platformu de\u011fildir<\/li><li data-section-id=\"fqru3f\" data-start=\"2258\" data-end=\"2309\">Kamu kurumlar\u0131 ile do\u011frudan ba\u011flant\u0131l\u0131 de\u011fildir<\/li><\/ul><p data-start=\"2311\" data-end=\"2457\">Site i\u00e7eri\u011fi yaln\u0131zca bilgilendirme ama\u00e7l\u0131d\u0131r.<br data-start=\"2357\" data-end=\"2360\" \/><span class=\"hover:entity-accent entity-underline inline cursor-pointer align-baseline\"><span class=\"whitespace-normal\">Globalis-certificering<\/span><\/span>, i\u00e7eriklerin do\u011frulu\u011funu veya eksiksizli\u011fini garanti etmez.<\/p><hr data-start=\"2459\" data-end=\"2462\" \/><h4 data-section-id=\"12xbq97\" data-start=\"2464\" data-end=\"2494\">3. \u00dc\u00e7\u00fcnc\u00fc Taraf Ba\u011flant\u0131lar<\/h4><p data-start=\"2496\" data-end=\"2553\">Site, \u00fc\u00e7\u00fcnc\u00fc taraf web sitelerine y\u00f6nlendirme i\u00e7erebilir.<\/p><p data-start=\"2555\" data-end=\"2652\">Bu sitelerin i\u00e7eriklerinden ve gizlilik uygulamalar\u0131ndan Globalis Sertifikasyon sorumlu de\u011fildir.<\/p><hr data-start=\"2654\" data-end=\"2657\" \/><h4 data-section-id=\"dodojv\" data-start=\"2659\" data-end=\"2686\">4. \u0130\u00e7erik De\u011fi\u015fiklikleri<\/h4><p data-start=\"2688\" data-end=\"2749\">Site i\u00e7eri\u011fi \u00f6nceden bildirim yap\u0131lmaks\u0131z\u0131n de\u011fi\u015ftirilebilir.<\/p><hr data-start=\"2751\" data-end=\"2754\" \/><h4 data-section-id=\"g38s3z\" data-start=\"2756\" data-end=\"2782\">5. Kullan\u0131m Sorumlulu\u011fu<\/h4><p data-start=\"2784\" data-end=\"2872\">Kullan\u0131c\u0131lar, site i\u00e7erisindeki bilgileri kendi sorumluluklar\u0131yla kullanmay\u0131 kabul eder.<\/p>\t\t\t\t\t\t\t\t<\/div>\n\t\t\t\t<\/div>\n\t\t\t\t\t<\/div>\n\t\t\t\t<\/div>\n\t\t\t\t<\/div>","protected":false},"excerpt":{"rendered":"<p>KULLANIM KO\u015eULLARI 1. Hizmet Tan\u0131m\u0131 Site: COP31 Antalya hakk\u0131nda bilgilendirme i\u00e7erikleri sunar Etkinliklere ili\u015fkin genel bilgi sa\u011flar 2. Sorumluluk Reddi [&hellip;]<\/p>\n","protected":false},"author":1,"featured_media":0,"parent":0,"menu_order":0,"comment_status":"closed","ping_status":"closed","template":"","meta":{"om_disable_all_campaigns":false,"_monsterinsights_skip_tracking":false,"_monsterinsights_sitenote_active":false,"_monsterinsights_sitenote_note":"","_monsterinsights_sitenote_category":0,"site-sidebar-layout":"no-sidebar","site-content-layout":"page-builder","ast-site-content-layout":"full-width-container","site-content-style":"default","site-sidebar-style":"default","ast-global-header-display":"","ast-banner-title-visibility":"","ast-main-header-display":"","ast-hfb-above-header-display":"","ast-hfb-below-header-display":"","ast-hfb-mobile-header-display":"","site-post-title":"","ast-breadcrumbs-content":"","ast-featured-img":"disabled","footer-sml-layout":"","theme-transparent-header-meta":"","adv-header-id-meta":"","stick-header-meta":"","header-above-stick-meta":"","header-main-stick-meta":"","header-below-stick-meta":"","astra-migrate-meta-layouts":"set","ast-page-background-enabled":"default","ast-page-background-meta":{"desktop":{"background-color":"","background-image":"","background-repeat":"repeat","background-position":"center center","background-size":"auto","background-attachment":"scroll","background-type":"","background-media":"","overlay-type":"","overlay-color":"","overlay-opacity":"","overlay-gradient":""},"tablet":{"background-color":"","background-image":"","background-repeat":"repeat","background-position":"center center","background-size":"auto","background-attachment":"scroll","background-type":"","background-media":"","overlay-type":"","overlay-color":"","overlay-opacity":"","overlay-gradient":""},"mobile":{"background-color":"","background-image":"","background-repeat":"repeat","background-position":"center center","background-size":"auto","background-attachment":"scroll","background-type":"","background-media":"","overlay-type":"","overlay-color":"","overlay-opacity":"","overlay-gradient":""}},"ast-content-background-meta":{"desktop":{"background-color":"var(--ast-global-color-5)","background-image":"","background-repeat":"repeat","background-position":"center center","background-size":"auto","background-attachment":"scroll","background-type":"","background-media":"","overlay-type":"","overlay-color":"","overlay-opacity":"","overlay-gradient":""},"tablet":{"background-color":"var(--ast-global-color-5)","background-image":"","background-repeat":"repeat","background-position":"center center","background-size":"auto","background-attachment":"scroll","background-type":"","background-media":"","overlay-type":"","overlay-color":"","overlay-opacity":"","overlay-gradient":""},"mobile":{"background-color":"var(--ast-global-color-5)","background-image":"","background-repeat":"repeat","background-position":"center center","background-size":"auto","background-attachment":"scroll","background-type":"","background-media":"","overlay-type":"","overlay-color":"","overlay-opacity":"","overlay-gradient":""}},"footnotes":""},"class_list":["post-2044","page","type-page","status-publish","hentry"],"aioseo_notices":[],"_links":{"self":[{"href":"https:\/\/www.copantalya.com\/da\/wp-json\/wp\/v2\/pages\/2044","targetHints":{"allow":["GET"]}}],"collection":[{"href":"https:\/\/www.copantalya.com\/da\/wp-json\/wp\/v2\/pages"}],"about":[{"href":"https:\/\/www.copantalya.com\/da\/wp-json\/wp\/v2\/types\/page"}],"author":[{"embeddable":true,"href":"https:\/\/www.copantalya.com\/da\/wp-json\/wp\/v2\/users\/1"}],"replies":[{"embeddable":true,"href":"https:\/\/www.copantalya.com\/da\/wp-json\/wp\/v2\/comments?post=2044"}],"version-history":[{"count":4,"href":"https:\/\/www.copantalya.com\/da\/wp-json\/wp\/v2\/pages\/2044\/revisions"}],"predecessor-version":[{"id":2049,"href":"https:\/\/www.copantalya.com\/da\/wp-json\/wp\/v2\/pages\/2044\/revisions\/2049"}],"wp:attachment":[{"href":"https:\/\/www.copantalya.com\/da\/wp-json\/wp\/v2\/media?parent=2044"}],"curies":[{"name":"wp","href":"https:\/\/api.w.org\/{rel}","templated":true}]}}