{"id":1420,"date":"2026-02-18T19:08:50","date_gmt":"2026-02-18T19:08:50","guid":{"rendered":"https:\/\/www.copantalya.com\/?page_id=1420"},"modified":"2026-03-02T19:37:20","modified_gmt":"2026-03-02T19:37:20","slug":"karbon-etkisi","status":"publish","type":"page","link":"https:\/\/www.copantalya.com\/de\/karbon-etkisi\/","title":{"rendered":"Kohlenstoff-Fu\u00dfabdruck"},"content":{"rendered":"<div data-elementor-type=\"wp-page\" data-elementor-id=\"1420\" class=\"elementor elementor-1420\">\n\t\t\t\t<div class=\"elementor-element elementor-element-262daccf e-flex e-con-boxed e-con e-parent\" data-id=\"262daccf\" data-element_type=\"container\" data-e-type=\"container\" data-settings=\"{&quot;background_background&quot;:&quot;classic&quot;}\">\n\t\t\t\t\t<div class=\"e-con-inner\">\n\t\t<div class=\"elementor-element elementor-element-1e303980 e-con-full e-flex e-con e-child\" data-id=\"1e303980\" data-element_type=\"container\" data-e-type=\"container\">\n\t\t\t\t<div class=\"elementor-element elementor-element-6aa7c23 elementor-widget elementor-widget-heading\" data-id=\"6aa7c23\" data-element_type=\"widget\" data-e-type=\"widget\" data-widget_type=\"heading.default\">\n\t\t\t\t\t<h1 class=\"elementor-heading-title elementor-size-default\">Der Kohlenstoff-Fu\u00dfabdruck von Rechenzentren im Zuge des digitalen Wandels und seine Wechselwirkung mit der Klimakrise<\/h1>\t\t\t\t<\/div>\n\t\t\t\t<\/div>\n\t\t\t\t\t<\/div>\n\t\t\t\t<\/div>\n\t\t\t\t<section class=\"elementor-section elementor-top-section elementor-element elementor-element-1d9728db elementor-section-content-middle elementor-section-boxed elementor-section-height-default elementor-section-height-default\" data-id=\"1d9728db\" data-element_type=\"section\" data-e-type=\"section\" data-settings=\"{&quot;background_background&quot;:&quot;classic&quot;}\">\n\t\t\t\t\t\t<div class=\"elementor-container elementor-column-gap-no\">\n\t\t\t\t\t<div class=\"elementor-column elementor-col-50 elementor-top-column elementor-element elementor-element-29a6ff73\" data-id=\"29a6ff73\" data-element_type=\"column\" data-e-type=\"column\" data-settings=\"{&quot;background_background&quot;:&quot;classic&quot;}\">\n\t\t\t<div class=\"elementor-widget-wrap elementor-element-populated\">\n\t\t\t\t\t\t<div class=\"elementor-element elementor-element-589de755 elementor-widget elementor-widget-image\" data-id=\"589de755\" data-element_type=\"widget\" data-e-type=\"widget\" data-widget_type=\"image.default\">\n\t\t\t\t\t\t\t\t\t\t\t\t\t\t\t<img fetchpriority=\"high\" decoding=\"async\" width=\"1001\" height=\"1500\" src=\"https:\/\/www.copantalya.com\/wp-content\/uploads\/2026\/02\/16472-2.jpg\" class=\"attachment-full size-full wp-image-1269\" alt=\"16472 2\" srcset=\"https:\/\/www.copantalya.com\/wp-content\/uploads\/2026\/02\/16472-2.jpg 1001w, https:\/\/www.copantalya.com\/wp-content\/uploads\/2026\/02\/16472-2-200x300.jpg 200w, https:\/\/www.copantalya.com\/wp-content\/uploads\/2026\/02\/16472-2-683x1024.jpg 683w, https:\/\/www.copantalya.com\/wp-content\/uploads\/2026\/02\/16472-2-768x1151.jpg 768w\" sizes=\"(max-width: 1001px) 100vw, 1001px\" title=\"Kohlenstoff-Fu\u00dfabdruck\">\t\t\t\t\t\t\t\t\t\t\t\t\t\t\t<\/div>\n\t\t\t\t\t<\/div>\n\t\t<\/div>\n\t\t\t\t<div class=\"elementor-column elementor-col-50 elementor-top-column elementor-element elementor-element-6b99767f\" data-id=\"6b99767f\" data-element_type=\"column\" data-e-type=\"column\">\n\t\t\t<div class=\"elementor-widget-wrap elementor-element-populated\">\n\t\t\t\t\t\t<div class=\"elementor-element elementor-element-6fda241 elementor-widget elementor-widget-text-editor\" data-id=\"6fda241\" data-element_type=\"widget\" data-e-type=\"widget\" data-widget_type=\"text-editor.default\">\n\t\t\t\t\t\t\t\t\t<p class=\"p1\">Digitalisierung; beeinflusst die wirtschaftliche, soziale und politische Struktur moderner Gesellschaften, indem sie<br \/>ist einer der grundlegenden Prozesse, der neu gestaltet wird. K\u00fcnstliche Intelligenz, Online-Plattformen, Cloud Computing<br \/>und Big-Data-Analytik; erhebliche Vorteile hinsichtlich Effizienzsteigerung und Zug\u00e4nglichkeit<br \/>bietet. Dieser Prozess bringt jedoch auch erhebliche, oft \u00fcbersehene Umweltsch\u00e4den mit sich<br \/>bringt hervor. Rechenzentren, die das Fundament der f\u00fcr die Digitalisierung erforderlichen Infrastruktur bilden,<br \/>im Rahmen der Klimakrise aufgrund des steigenden Energieverbrauchs und der damit verbundenen Kohlenstoffemissionen immer<br \/>wird immer mehr thematisiert.<\/p>\t\t\t\t\t\t\t\t<\/div>\n\t\t\t\t<div class=\"elementor-element elementor-element-1205ac1c elementor-widget-divider--view-line elementor-widget elementor-widget-divider\" data-id=\"1205ac1c\" data-element_type=\"widget\" data-e-type=\"widget\" data-widget_type=\"divider.default\">\n\t\t\t\t\t\t\t<div class=\"elementor-divider\">\n\t\t\t<span class=\"elementor-divider-separator\">\n\t\t\t\t\t\t<\/span>\n\t\t<\/div>\n\t\t\t\t\t\t<\/div>\n\t\t\t\t<div class=\"elementor-element elementor-element-3939d56b elementor-widget elementor-widget-heading\" data-id=\"3939d56b\" data-element_type=\"widget\" data-e-type=\"widget\" data-widget_type=\"heading.default\">\n\t\t\t\t\t<h2 class=\"elementor-heading-title elementor-size-default\">Digitalisierung und steigender Energiebedarf<\/h2>\t\t\t\t<\/div>\n\t\t\t\t<div class=\"elementor-element elementor-element-11db7874 elementor-widget elementor-widget-text-editor\" data-id=\"11db7874\" data-element_type=\"widget\" data-e-type=\"widget\" data-widget_type=\"text-editor.default\">\n\t\t\t\t\t\t\t\t\t<p class=\"p1\">Die globale Nachfrage nach digitalen Diensten ist im letzten Jahrzehnt rasant gestiegen. W\u00e4hrend Video-Streaming-Software, Social-Media-Plattformen und KI-gest\u00fctzte Systeme gro\u00dfe Datenmengen erzeugen, erfordert die Verarbeitung dieser Daten eine hohe Rechenleistung. Rechenzentren sind Systeme, die ununterbrochen laufen, um die Kontinuit\u00e4t dieser intensiven digitalen Aktivit\u00e4t zu gew\u00e4hrleisten, und verbrauchen erhebliche Mengen an Elektrizit\u00e4t.<\/p><p class=\"p1\">In diesem Prozess beschr\u00e4nkt sich der Energieverbrauch nicht nur auf Server: K\u00fchlung, Backup und Sicherheitssysteme machen ebenfalls einen erheblichen Teil des Gesamtverbrauchs aus. Studien zeigen, dass Rechenzentren etwa %1 bis 2 % des globalen Stromverbrauchs ausmachen. Angesichts des rasanten Fortschritts der Digitalisierung wird erwartet, dass dieser Anteil in den kommenden Jahren weiter steigen wird. Dieser Anstieg des Energiebedarfs stellt insbesondere in L\u00e4ndern, deren Stromerzeugung von fossilen Brennstoffen abh\u00e4ngig ist, ein ernstes Problem f\u00fcr die Kohlenstoffemissionen dar.<\/p>\t\t\t\t\t\t\t\t<\/div>\n\t\t\t\t<div class=\"elementor-element elementor-element-41ea4fe elementor-widget-divider--view-line elementor-widget elementor-widget-divider\" data-id=\"41ea4fe\" data-element_type=\"widget\" data-e-type=\"widget\" data-widget_type=\"divider.default\">\n\t\t\t\t\t\t\t<div class=\"elementor-divider\">\n\t\t\t<span class=\"elementor-divider-separator\">\n\t\t\t\t\t\t<\/span>\n\t\t<\/div>\n\t\t\t\t\t\t<\/div>\n\t\t\t\t<div class=\"elementor-element elementor-element-5ceb260 elementor-widget elementor-widget-heading\" data-id=\"5ceb260\" data-element_type=\"widget\" data-e-type=\"widget\" data-widget_type=\"heading.default\">\n\t\t\t\t\t<h2 class=\"elementor-heading-title elementor-size-default\">Der CO2-Fu\u00dfabdruck von Rechenzentren<\/h2>\t\t\t\t<\/div>\n\t\t\t\t<div class=\"elementor-element elementor-element-cfed3d8 elementor-widget elementor-widget-text-editor\" data-id=\"cfed3d8\" data-element_type=\"widget\" data-e-type=\"widget\" data-widget_type=\"text-editor.default\">\n\t\t\t\t\t\t\t\t\t<p><span style=\"font-weight: 400;\">Der CO2-Fu\u00dfabdruck von Rechenzentren wird ma\u00dfgeblich von der Art der verwendeten Energiequelle bestimmt. W\u00e4hrend Rechenzentren, die erneuerbare Energiequellen nutzen, geringere Emissionen aufweisen, f\u00fchren Rechenzentren, die in Energiesystemen betrieben werden, die von fossilen Brennstoffen wie Kohle und Erdgas dominiert werden, zu hohen indirekten Emissionen. Dies zeigt, dass die Auswirkungen der Digitalisierung auf das Klima direkt mit der regionalen Energiepolitik zusammenh\u00e4ngen.\u00a0<\/span><\/p><p><span style=\"font-weight: 400;\">Neben diesen Aspekten sollten auch die Umweltauswirkungen von Rechenzentren, nicht nur deren direkter Energieverbrauch, ber\u00fccksichtigt werden. Die Herstellung, der Transport und die regelm\u00e4\u00dfige Erneuerung von Servern verursachen erhebliche CO2-Emissionen.\u00a0<\/span><\/p>\t\t\t\t\t\t\t\t<\/div>\n\t\t\t\t<div class=\"elementor-element elementor-element-2e84cd4 elementor-widget-divider--view-line elementor-widget elementor-widget-divider\" data-id=\"2e84cd4\" data-element_type=\"widget\" data-e-type=\"widget\" data-widget_type=\"divider.default\">\n\t\t\t\t\t\t\t<div class=\"elementor-divider\">\n\t\t\t<span class=\"elementor-divider-separator\">\n\t\t\t\t\t\t<\/span>\n\t\t<\/div>\n\t\t\t\t\t\t<\/div>\n\t\t\t\t<div class=\"elementor-element elementor-element-d557b16 elementor-widget elementor-widget-heading\" data-id=\"d557b16\" data-element_type=\"widget\" data-e-type=\"widget\" data-widget_type=\"heading.default\">\n\t\t\t\t\t<h2 class=\"elementor-heading-title elementor-size-default\">K\u00fchlsysteme und Wasserverbrauch<\/h2>\t\t\t\t<\/div>\n\t\t\t\t<div class=\"elementor-element elementor-element-72b1167 elementor-widget elementor-widget-text-editor\" data-id=\"72b1167\" data-element_type=\"widget\" data-e-type=\"widget\" data-widget_type=\"text-editor.default\">\n\t\t\t\t\t\t\t\t\t<p><span style=\"font-weight: 400;\">Ein erheblicher Teil des Energieverbrauchs in Rechenzentren entf\u00e4llt auf K\u00fchlsysteme. Stetig laufende Server erzeugen gro\u00dfe Mengen an W\u00e4rme, die zur Kontrolle abgef\u00fchrt werden muss. Dies erh\u00f6ht den Energieverbrauch und damit die CO2-Emissionen, insbesondere in Rechenzentren in hei\u00dfen Klimazonen.<\/span><\/p><p><span style=\"font-weight: 400;\">Dar\u00fcber hinaus verbrauchen viele Rechenzentren gro\u00dfe Mengen Wasser f\u00fcr ihre K\u00fchlung. Dies kann insbesondere in wasserarmen Regionen \u00f6kologische und soziale Probleme verursachen. Aus diesem Grund ist die Umweltauswirkung von Rechenzentren nicht nur auf den Klimawandel beschr\u00e4nkt, sondern sollte auch im Hinblick auf die Nachhaltigkeit nat\u00fcrlicher Ressourcen bewertet werden.\u00a0<\/span><\/p>\t\t\t\t\t\t\t\t<\/div>\n\t\t\t\t<div class=\"elementor-element elementor-element-f44f1ad elementor-widget-divider--view-line elementor-widget elementor-widget-divider\" data-id=\"f44f1ad\" data-element_type=\"widget\" data-e-type=\"widget\" data-widget_type=\"divider.default\">\n\t\t\t\t\t\t\t<div class=\"elementor-divider\">\n\t\t\t<span class=\"elementor-divider-separator\">\n\t\t\t\t\t\t<\/span>\n\t\t<\/div>\n\t\t\t\t\t\t<\/div>\n\t\t\t\t<div class=\"elementor-element elementor-element-752c582 elementor-widget elementor-widget-heading\" data-id=\"752c582\" data-element_type=\"widget\" data-e-type=\"widget\" data-widget_type=\"heading.default\">\n\t\t\t\t\t<h2 class=\"elementor-heading-title elementor-size-default\">Klimapolitik und nachhaltige digitale Transformation<\/h2>\t\t\t\t<\/div>\n\t\t\t\t<div class=\"elementor-element elementor-element-c59bca3 elementor-widget elementor-widget-text-editor\" data-id=\"c59bca3\" data-element_type=\"widget\" data-e-type=\"widget\" data-widget_type=\"text-editor.default\">\n\t\t\t\t\t\t\t\t\t<p><span style=\"font-weight: 400;\">Die Reduzierung des CO2-Fu\u00dfabdrucks von Rechenzentren steht in direktem Zusammenhang mit den globalen Klimazielen. Berichte des Umweltprogramms der Vereinten Nationen (UNEP) heben die Bedeutung der Ausrichtung der digitalen Infrastruktur an den Nachhaltigkeitszielen hervor. Dar\u00fcber hinaus zielt das Pariser Abkommen darauf ab, den globalen Temperaturanstieg auf 1 bis 2\u00b0C zu begrenzen, indem es eine nachhaltige Transformation energieintensiver Sektoren erzwingt. In diesem Zusammenhang muss der digitale Sektor in die Klimapolitik integriert werden. Berichte der Internationalen Energieagentur (IEA) unterstreichen die entscheidende Bedeutung der Ausrichtung von Rechenzentren auf die Nutzung erneuerbarer Energien und die Erh\u00f6hung der Energieeffizienzstandards.\u00a0<\/span><\/p><p><span style=\"font-weight: 400;\">Dar\u00fcber hinaus geh\u00f6ren Anwendungen wie die R\u00fcckgewinnung von Abw\u00e4rme, effizientere Serverarchitekturen und transparente Emissionsberichterstattung zu den wichtigsten Instrumenten f\u00fcr die nachhaltige Digitalisierung. Auf politischer Ebene sind staatliche Anreize, Kohlenstoffsteuern und obligatorische Berichtsmechanismen wichtige Werkzeuge zur Reduzierung der Umweltauswirkungen des digitalen Sektors. Es wird erwartet, dass solche Regelungen Unternehmen zu einem transparenteren und verantwortungsvolleren Energieverbrauch anleiten k\u00f6nnen.\u00a0<\/span><\/p>\t\t\t\t\t\t\t\t<\/div>\n\t\t\t\t<div class=\"elementor-element elementor-element-ce87ea4 elementor-widget-divider--view-line elementor-widget elementor-widget-divider\" data-id=\"ce87ea4\" data-element_type=\"widget\" data-e-type=\"widget\" data-widget_type=\"divider.default\">\n\t\t\t\t\t\t\t<div class=\"elementor-divider\">\n\t\t\t<span class=\"elementor-divider-separator\">\n\t\t\t\t\t\t<\/span>\n\t\t<\/div>\n\t\t\t\t\t\t<\/div>\n\t\t\t\t<div class=\"elementor-element elementor-element-1204cb8 elementor-widget elementor-widget-heading\" data-id=\"1204cb8\" data-element_type=\"widget\" data-e-type=\"widget\" data-widget_type=\"heading.default\">\n\t\t\t\t\t<h2 class=\"elementor-heading-title elementor-size-default\">Ergebnis<\/h2>\t\t\t\t<\/div>\n\t\t\t\t<div class=\"elementor-element elementor-element-0c62aac elementor-widget elementor-widget-text-editor\" data-id=\"0c62aac\" data-element_type=\"widget\" data-e-type=\"widget\" data-widget_type=\"text-editor.default\">\n\t\t\t\t\t\t\t\t\t<p><span style=\"font-weight: 400;\">Digitalisierung ist zwar ein unverzichtbarer Prozess f\u00fcr moderne Gesellschaften, bringt aber auch erhebliche Umweltkosten mit sich. Rechenzentren sind einer der wichtigsten Bereiche, in denen sich diese Kosten konkretisieren. Steigender Energieverbrauch, Kohlenstoffemissionen, Wasserverbrauch und Elektroschrott verdeutlichen die Verbindung der digitalen Infrastruktur mit der Klimakrise.\u00a0<\/span><\/p><p><span style=\"font-weight: 400;\">Daher sollte die Digitalisierung nicht nur aus der Perspektive des technologischen Fortschritts, sondern auch im Rahmen der \u00f6kologischen Nachhaltigkeit und Klimagerechtigkeit betrachtet werden. Andernfalls k\u00f6nnte die digitale Transformation statt zur Bew\u00e4ltigung der Klimakrise zu deren Versch\u00e4rfung beitragen. F\u00fcr eine nachhaltige Zukunft ist die Ausrichtung des digitalen Sektors an der Klimapolitik unvermeidlich.<\/span><\/p>\t\t\t\t\t\t\t\t<\/div>\n\t\t\t\t\t<\/div>\n\t\t<\/div>\n\t\t\t\t\t<\/div>\n\t\t<\/section>\n\t\t<div class=\"elementor-element elementor-element-6d511678 e-flex e-con-boxed e-con e-parent\" data-id=\"6d511678\" data-element_type=\"container\" data-e-type=\"container\" data-settings=\"{&quot;background_background&quot;:&quot;classic&quot;,&quot;shape_divider_top&quot;:&quot;mountains&quot;}\">\n\t\t\t\t\t<div class=\"e-con-inner\">\n\t\t\t\t<div class=\"elementor-shape elementor-shape-top\" aria-hidden=\"true\" data-negative=\"false\">\n\t\t\t<svg xmlns=\"http:\/\/www.w3.org\/2000\/svg\" viewbox=\"0 0 1000 100\" preserveaspectratio=\"none\">\n\t<path class=\"elementor-shape-fill\" opacity=\"0.33\" d=\"M473,67.3c-203.9,88.3-263.1-34-320.3,0C66,119.1,0,59.7,0,59.7V0h1000v59.7 c0,0-62.1,26.1-94.9,29.3c-32.8,3.3-62.8-12.3-75.8-22.1C806,49.6,745.3,8.7,694.9,4.7S492.4,59,473,67.3z\"\/>\n\t<path class=\"elementor-shape-fill\" opacity=\"0.66\" d=\"M734,67.3c-45.5,0-77.2-23.2-129.1-39.1c-28.6-8.7-150.3-10.1-254,39.1 s-91.7-34.4-149.2,0C115.7,118.3,0,39.8,0,39.8V0h1000v36.5c0,0-28.2-18.5-92.1-18.5C810.2,18.1,775.7,67.3,734,67.3z\"\/>\n\t<path class=\"elementor-shape-fill\" d=\"M766.1,28.9c-200-57.5-266,65.5-395.1,19.5C242,1.8,242,5.4,184.8,20.6C128,35.8,132.3,44.9,89.9,52.5C28.6,63.7,0,0,0,0 h1000c0,0-9.9,40.9-83.6,48.1S829.6,47,766.1,28.9z\"\/>\n<\/svg>\t\t<\/div>\n\t\t<div class=\"elementor-element elementor-element-25894c96 e-con-full e-flex e-con e-child\" data-id=\"25894c96\" data-element_type=\"container\" data-e-type=\"container\">\n\t\t\t\t<div class=\"elementor-element elementor-element-11f696ce elementor-widget elementor-widget-heading\" data-id=\"11f696ce\" data-element_type=\"widget\" data-e-type=\"widget\" data-widget_type=\"heading.default\">\n\t\t\t\t\t<div class=\"elementor-heading-title elementor-size-default\">Lass uns \u00fcber COP31 sprechen<\/div>\t\t\t\t<\/div>\n\t\t\t\t<\/div>\n\t\t<div class=\"elementor-element elementor-element-3a105639 e-con-full e-flex e-con e-child\" data-id=\"3a105639\" data-element_type=\"container\" data-e-type=\"container\">\n\t\t\t\t<div class=\"elementor-element elementor-element-491406eb elementor-align-left elementor-tablet-align-left elementor-mobile-align-justify elementor-widget__width-inherit elementor-widget elementor-widget-button\" data-id=\"491406eb\" data-element_type=\"widget\" data-e-type=\"widget\" data-widget_type=\"button.default\">\n\t\t\t\t\t\t\t\t\t\t<a class=\"elementor-button elementor-button-link elementor-size-sm\" href=\"https:\/\/globaliscertification.com\/\" target=\"_blank\">\n\t\t\t\t\t\t<span class=\"elementor-button-content-wrapper\">\n\t\t\t\t\t\t\t\t\t<span class=\"elementor-button-text\">Globalis Informationen<\/span>\n\t\t\t\t\t<\/span>\n\t\t\t\t\t<\/a>\n\t\t\t\t\t\t\t\t<\/div>\n\t\t\t\t<\/div>\n\t\t\t\t\t<\/div>\n\t\t\t\t<\/div>\n\t\t\t\t<\/div>","protected":false},"excerpt":{"rendered":"<p>Dijitalle\u015fme S\u00fcrecinde Veri Merkezlerinin Karbon Ayak \u0130zi ve \u0130klim Kriziyle Etkile\u015fimi Dijitalle\u015fme; modern toplumlar\u0131n ekonomik, sosyal ve siyasi yap\u0131lanmas\u0131n\u0131 etkileyerekyeniden [&hellip;]<\/p>\n","protected":false},"author":1,"featured_media":0,"parent":0,"menu_order":0,"comment_status":"closed","ping_status":"closed","template":"","meta":{"om_disable_all_campaigns":false,"_monsterinsights_skip_tracking":false,"_monsterinsights_sitenote_active":false,"_monsterinsights_sitenote_note":"","_monsterinsights_sitenote_category":0,"site-sidebar-layout":"no-sidebar","site-content-layout":"page-builder","ast-site-content-layout":"full-width-container","site-content-style":"default","site-sidebar-style":"default","ast-global-header-display":"","ast-banner-title-visibility":"","ast-main-header-display":"","ast-hfb-above-header-display":"","ast-hfb-below-header-display":"","ast-hfb-mobile-header-display":"","site-post-title":"disabled","ast-breadcrumbs-content":"","ast-featured-img":"disabled","footer-sml-layout":"","theme-transparent-header-meta":"","adv-header-id-meta":"","stick-header-meta":"","header-above-stick-meta":"","header-main-stick-meta":"","header-below-stick-meta":"","astra-migrate-meta-layouts":"set","ast-page-background-enabled":"default","ast-page-background-meta":{"desktop":{"background-color":"","background-image":"","background-repeat":"repeat","background-position":"center center","background-size":"auto","background-attachment":"scroll","background-type":"","background-media":"","overlay-type":"","overlay-color":"","overlay-opacity":"","overlay-gradient":""},"tablet":{"background-color":"","background-image":"","background-repeat":"repeat","background-position":"center center","background-size":"auto","background-attachment":"scroll","background-type":"","background-media":"","overlay-type":"","overlay-color":"","overlay-opacity":"","overlay-gradient":""},"mobile":{"background-color":"","background-image":"","background-repeat":"repeat","background-position":"center center","background-size":"auto","background-attachment":"scroll","background-type":"","background-media":"","overlay-type":"","overlay-color":"","overlay-opacity":"","overlay-gradient":""}},"ast-content-background-meta":{"desktop":{"background-color":"var(--ast-global-color-5)","background-image":"","background-repeat":"repeat","background-position":"center center","background-size":"auto","background-attachment":"scroll","background-type":"","background-media":"","overlay-type":"","overlay-color":"","overlay-opacity":"","overlay-gradient":""},"tablet":{"background-color":"var(--ast-global-color-5)","background-image":"","background-repeat":"repeat","background-position":"center center","background-size":"auto","background-attachment":"scroll","background-type":"","background-media":"","overlay-type":"","overlay-color":"","overlay-opacity":"","overlay-gradient":""},"mobile":{"background-color":"var(--ast-global-color-5)","background-image":"","background-repeat":"repeat","background-position":"center center","background-size":"auto","background-attachment":"scroll","background-type":"","background-media":"","overlay-type":"","overlay-color":"","overlay-opacity":"","overlay-gradient":""}},"footnotes":""},"class_list":["post-1420","page","type-page","status-publish","hentry"],"aioseo_notices":[],"_links":{"self":[{"href":"https:\/\/www.copantalya.com\/de\/wp-json\/wp\/v2\/pages\/1420","targetHints":{"allow":["GET"]}}],"collection":[{"href":"https:\/\/www.copantalya.com\/de\/wp-json\/wp\/v2\/pages"}],"about":[{"href":"https:\/\/www.copantalya.com\/de\/wp-json\/wp\/v2\/types\/page"}],"author":[{"embeddable":true,"href":"https:\/\/www.copantalya.com\/de\/wp-json\/wp\/v2\/users\/1"}],"replies":[{"embeddable":true,"href":"https:\/\/www.copantalya.com\/de\/wp-json\/wp\/v2\/comments?post=1420"}],"version-history":[{"count":13,"href":"https:\/\/www.copantalya.com\/de\/wp-json\/wp\/v2\/pages\/1420\/revisions"}],"predecessor-version":[{"id":1707,"href":"https:\/\/www.copantalya.com\/de\/wp-json\/wp\/v2\/pages\/1420\/revisions\/1707"}],"wp:attachment":[{"href":"https:\/\/www.copantalya.com\/de\/wp-json\/wp\/v2\/media?parent=1420"}],"curies":[{"name":"wp","href":"https:\/\/api.w.org\/{rel}","templated":true}]}}