{"id":1426,"date":"2026-02-18T19:16:20","date_gmt":"2026-02-18T19:16:20","guid":{"rendered":"https:\/\/www.copantalya.com\/?page_id=1426"},"modified":"2026-03-02T19:57:56","modified_gmt":"2026-03-02T19:57:56","slug":"yeni-nesil-gezginler-ve-iklim-diplomasisi","status":"publish","type":"page","link":"https:\/\/www.copantalya.com\/de\/yeni-nesil-gezginler-ve-iklim-diplomasisi\/","title":{"rendered":"Die neue Generation von Reisenden und Klimadiplomatie"},"content":{"rendered":"<div data-elementor-type=\"wp-page\" data-elementor-id=\"1426\" class=\"elementor elementor-1426\">\n\t\t\t\t<div class=\"elementor-element elementor-element-7dbd4a94 e-flex e-con-boxed e-con e-parent\" data-id=\"7dbd4a94\" data-element_type=\"container\" data-e-type=\"container\" data-settings=\"{&quot;background_background&quot;:&quot;classic&quot;}\">\n\t\t\t\t\t<div class=\"e-con-inner\">\n\t\t<div class=\"elementor-element elementor-element-e129312 e-con-full e-flex e-con e-child\" data-id=\"e129312\" data-element_type=\"container\" data-e-type=\"container\">\n\t\t\t\t<div class=\"elementor-element elementor-element-4ccc6030 elementor-widget elementor-widget-heading\" data-id=\"4ccc6030\" data-element_type=\"widget\" data-e-type=\"widget\" data-widget_type=\"heading.default\">\n\t\t\t\t\t<h1 class=\"elementor-heading-title elementor-size-default\">NEUE GENERATION VON REISENDEN UND KLIMADIPOLMATIE<\/h1>\t\t\t\t<\/div>\n\t\t\t\t<\/div>\n\t\t\t\t\t<\/div>\n\t\t\t\t<\/div>\n\t\t\t\t<section class=\"elementor-section elementor-top-section elementor-element elementor-element-4b5e4976 elementor-section-content-middle elementor-section-boxed elementor-section-height-default elementor-section-height-default\" data-id=\"4b5e4976\" data-element_type=\"section\" data-e-type=\"section\" data-settings=\"{&quot;background_background&quot;:&quot;classic&quot;}\">\n\t\t\t\t\t\t<div class=\"elementor-container elementor-column-gap-no\">\n\t\t\t\t\t<div class=\"elementor-column elementor-col-100 elementor-top-column elementor-element elementor-element-63e5eda8\" data-id=\"63e5eda8\" data-element_type=\"column\" data-e-type=\"column\">\n\t\t\t<div class=\"elementor-widget-wrap elementor-element-populated\">\n\t\t\t\t\t\t<div class=\"elementor-element elementor-element-f806ba1 elementor-widget elementor-widget-text-editor\" data-id=\"f806ba1\" data-element_type=\"widget\" data-e-type=\"widget\" data-widget_type=\"text-editor.default\">\n\t\t\t\t\t\t\t\t\t<p data-start=\"118\" data-end=\"705\">Der globale Klimawandel ist kein Ph\u00e4nomen, das nur die Umwelt betrifft; es ist auch ein mehrschichtiger Prozess, in dem Staaten, internationale Organisationen und zivilgesellschaftliche Organisationen auf nationaler und internationaler Ebene interagieren. In diesem Prozess ist die Jugend in den letzten Jahren zu einem immer sichtbarer und einflussreichereren Akteur geworden. Die Jugend, die Generation, die am st\u00e4rksten von den Folgen der Klimakrise betroffen sein wird, hat nicht nur darauf abgezielt, Bewusstsein zu schaffen, sondern auch die Beteiligung an Entscheidungsprozessen gefordert und durch die Steuerung politischer Debatten eine prominentere Rolle eingenommen.<\/p><p data-start=\"707\" data-end=\"1257\">Die Beteiligung der Jugend an globalen Klimaprozessen auf institutioneller Ebene zeigt sich in den internationalen Verhandlungen im Rahmen der Rahmen\u00fcbereinkommen der Vereinten Nationen \u00fcber Klima\u00e4nderungen (UNFCCC). Die j\u00e4hrliche Jugendklimakonferenz der Vereinten Nationen (COY), die unter dem Dach von YOUNGO, der offiziellen Jugendvertretung der UNFCCC, organisiert wird und unmittelbar vor der j\u00e4hrlichen UN-Klimakonferenz (COP) stattfindet, ist jedoch ein wichtiges Gipfeltreffen, das technische und politische Informationen liefert, um die Jugend auf den COP-Prozess vorzubereiten.<\/p><p data-start=\"1259\" data-end=\"2085\">Die globale Struktur von COY hat den Weg f\u00fcr \u00e4hnliche Mechanismen auf lokaler und nationaler Ebene geebnet. Zum Beispiel sind die Local Conference of Youth (LCOY)-Treffen Plattformen, auf denen junge Menschen die Priorit\u00e4ten im Zusammenhang mit dem Klimawandel in ihren eigenen L\u00e4ndern festlegen, lokale Probleme diskutieren und Vorschl\u00e4ge f\u00fcr nationale Politik entwickeln. Die auf diesen Gipfeltreffen verabschiedeten Erkl\u00e4rungen enthalten nicht nur Forderungen an Regierungen, sondern auch an den privaten Sektor. An diesem Punkt hat sich der Tourismussektor zu einem der Bereiche entwickelt, in denen die von COY und LCOY ge\u00e4u\u00dferten Forderungen direkt widerhallen. Denn der Tourismus ist direkt mit Bereichen wie Verkehr, Wirtschaft und Energieverbrauch verbunden. Daher haben die Forderungen junger Menschen nach Kohlenstoffreduktion und Transparenz auf Klimagipfeln begonnen, die Tourismuspolitik neu zu gestalten.<\/p><p data-start=\"2087\" data-end=\"2543\">Die in den COY- und LCOY-Prozessen vorgebrachten Forderungen sind nicht nur symbolisch, sondern umfassen auch Politikempfehlungen, die die globalen Wirtschaftssektoren steuern. Der Tourismussektor nimmt in der Klimadiplomatie eine besondere Stellung ein, da er f\u00fcr einen erheblichen Teil der globalen Kohlenstoffemissionen verantwortlich ist. Insbesondere die Luftfahrt stellt die kohlenstoffintensive Dimension des Tourismus dar, w\u00e4hrend der Beherbergungssektor durch Energie- und Wasserverbrauch erhebliche Umweltauswirkungen hat.<\/p><p data-start=\"2545\" data-end=\"3357\">Der in Jugendmanifesten h\u00e4ufig hervorgehobene Begriff der \u201cKlimagerechtigkeit\u201d dr\u00fcckt aus, dass Gerechtigkeit nicht nur f\u00fcr Menschen, sondern f\u00fcr alle Wesen in der Natur im Prozess des Klimawandels gew\u00e4hrleistet werden muss. Dieses Verst\u00e4ndnis begr\u00fcndet eine gr\u00f6\u00dfere Verantwortung f\u00fcr die Akteure und Entscheidungstr\u00e4ger, die zum Klimawandel beitragen. In diesem Zusammenhang m\u00fcssen nicht nur die \u00f6kologischen, sondern auch die sozialen Auswirkungen von Tourismusinvestitionen ber\u00fccksichtigt werden. Die Verdr\u00e4ngung lokaler Gemeinschaften, die Einschr\u00e4nkung des Zugangs zu nat\u00fcrlichen Ressourcen und die Nutzung von Kulturerbe im Interesse von Wirtschaftsinteressen bei gro\u00df angelegten Tourismusprojekten werden von der Jugenddiplomatie kritisiert. Dar\u00fcber hinaus wird gefordert, dass die Ungleichheiten, die durch den Tourismus als Entwicklungsinstrument entstehen, erkannt und behoben werden.<\/p><p data-start=\"3359\" data-end=\"4156\">Diese von jugendpolitischer Diplomatie gewonnene Perspektive spiegelt sich auch in den Pr\u00e4ferenzen der neuen Generation von Reisenden auf dem Tourismusmarkt wider. Die neue Generation von Reisenden sind nicht nur Konsumenten, die ein individuelles Urlaubserlebnis suchen; sie sind Einzelpersonen, die ihre Reisen im Rahmen ethischer und \u00f6kologischer Sensibilit\u00e4t gestalten. Ethische Tourismusstandards sind Prinzipien, die darauf abzielen, die negativen Auswirkungen des Tourismus auf Gesellschaft und Umwelt zu minimieren und eine nachhaltige Entwicklung zu f\u00f6rdern. Diese Prinzipien umfassen die Bereitstellung von Vorteilen f\u00fcr die lokale Gemeinschaft, die Unterst\u00fctzung der lokalen Bev\u00f6lkerung und einen Ansatz, der wirtschaftliche, soziale und \u00f6kologische Faktoren gemeinsam ber\u00fccksichtigt. Beispiele hierf\u00fcr sind die Messung von Kohlenstoffemissionen, die Nutzung erneuerbarer Energien, die transparente Offenlegung von Wasser- und Abfallmanagementpl\u00e4nen sowie der Aufbau fairer Kooperationen mit lokalen Gemeinschaften.<\/p><p data-start=\"4158\" data-end=\"4722\">Die Reisevorlieben junger Menschen werden heutzutage nicht mehr nur nach Komfort oder Preis bestimmt. Transparenz und Nachhaltigkeit sind zu den wichtigsten Faktoren geworden, die die Markentreue der neuen Reisegeneration definieren. \u201cGreenwashing\u201d, bei dem Unternehmen auf irref\u00fchrende Weise ein umweltfreundliches Image pr\u00e4sentieren, das sie in Wirklichkeit nicht besitzen, wird von jungen Reisenden als ernsthaftes Risiko angesehen. Daher vertrauen Verbraucher Unternehmen nicht, die nicht durch unabh\u00e4ngige Zertifizierungen gest\u00fctzt und deren Pr\u00fcfberichte fehlen.<\/p><p data-start=\"4724\" data-end=\"5128\" data-is-last-node=\"\" data-is-only-node=\"\">Zusammenfassend l\u00e4sst sich sagen, dass die Zukunft des Tourismussektors davon abh\u00e4ngt, inwieweit er die Erwartungen der COY- und LCOY-Jugend erf\u00fcllen kann. Unternehmen, die in der Branche t\u00e4tig sind, sollten ihre Nachhaltigkeitspl\u00e4ne mit messbaren Zielen und transparenter Berichterstattung untermauern. Dieser Ansatz wird nicht nur \u00f6kologische Vorteile bringen, sondern auch gesellschaftliches Vertrauen st\u00e4rken und zur Schaffung sozialer Vorteile beitragen.<\/p>\t\t\t\t\t\t\t\t<\/div>\n\t\t\t\t<div class=\"elementor-element elementor-element-1bda47e0 elementor-widget-divider--view-line elementor-widget elementor-widget-divider\" data-id=\"1bda47e0\" data-element_type=\"widget\" data-e-type=\"widget\" data-widget_type=\"divider.default\">\n\t\t\t\t\t\t\t<div class=\"elementor-divider\">\n\t\t\t<span class=\"elementor-divider-separator\">\n\t\t\t\t\t\t<\/span>\n\t\t<\/div>\n\t\t\t\t\t\t<\/div>\n\t\t\t\t<div class=\"elementor-element elementor-element-325dec64 elementor-widget elementor-widget-heading\" data-id=\"325dec64\" data-element_type=\"widget\" data-e-type=\"widget\" data-widget_type=\"heading.default\">\n\t\t\t\t\t<h5 class=\"elementor-heading-title elementor-size-default\">QUELLENVERZEICHNIS<\/h5>\t\t\t\t<\/div>\n\t\t\t\t<div class=\"elementor-element elementor-element-620c12e5 elementor-widget elementor-widget-text-editor\" data-id=\"620c12e5\" data-element_type=\"widget\" data-e-type=\"widget\" data-widget_type=\"text-editor.default\">\n\t\t\t\t\t\t\t\t\t<p class=\"p1\">https:\/\/unfccc.int\/<br \/>https:\/\/iycforyouth.org\/<br \/>https:\/\/www.greenpeace.org\/global\/<br \/>https:\/\/climatepromise.undp.org\/<br \/>https:\/\/turkiyeturizmansiklopedisi.com\/<br \/>Beeinflussung umweltbewusster Reisender: Die Rolle von Green Marketing bei der F\u00f6rderung nachhaltiger Reiseziele (2025). Acta Psychologica.<br \/>\u00c7avu\u015f, M. N. (2024). Turizm, Nachhaltigkeit und Klimawandel als Achsen: Eine bibliometrische Untersuchung akademischer Arbeiten, die zwischen 2000 und 2024 ver\u00f6ffentlicht wurden. Journal of Geographical Sciences, 22(2), 268-293.<br \/>Ceylan, S. (2025). Gr\u00fcner Tourismus durch die Brille von Nachhaltigkeit und dem Ansatz der gr\u00fcnen Wirtschaft betrachtet.<br \/>Onur, M., Soylu, A. G., Yorganc\u0131, B., &amp; K\u0131l\u0131\u00e7han, R. (2026). Eine systematische und thematische \u00dcberpr\u00fcfung von Greenwashing in der Tourismus- und Hotelleriebranche. Sustainability, 18(3), 1255. ncel Turizm Ara\u015ft\u0131rmalar\u0131 Dergisi, 9(1), 159\u2013182.<\/p>\t\t\t\t\t\t\t\t<\/div>\n\t\t\t\t\t<\/div>\n\t\t<\/div>\n\t\t\t\t\t<\/div>\n\t\t<\/section>\n\t\t\t\t<\/div>","protected":false},"excerpt":{"rendered":"<p>YEN\u0130 NES\u0130L GEZG\u0130NLER VE \u0130KL\u0130M D\u0130PLOMAS\u0130S\u0130 K\u00fcresel iklim de\u011fi\u015fikli\u011fi yaln\u0131zca \u00e7evreyi etkileyen bir olgu de\u011fildir; ayn\u0131 zamanda ulusal ve uluslararas\u0131 [&hellip;]<\/p>\n","protected":false},"author":1,"featured_media":0,"parent":0,"menu_order":0,"comment_status":"closed","ping_status":"closed","template":"","meta":{"om_disable_all_campaigns":false,"_monsterinsights_skip_tracking":false,"_monsterinsights_sitenote_active":false,"_monsterinsights_sitenote_note":"","_monsterinsights_sitenote_category":0,"site-sidebar-layout":"no-sidebar","site-content-layout":"page-builder","ast-site-content-layout":"full-width-container","site-content-style":"default","site-sidebar-style":"default","ast-global-header-display":"","ast-banner-title-visibility":"","ast-main-header-display":"","ast-hfb-above-header-display":"","ast-hfb-below-header-display":"","ast-hfb-mobile-header-display":"","site-post-title":"disabled","ast-breadcrumbs-content":"","ast-featured-img":"disabled","footer-sml-layout":"","theme-transparent-header-meta":"","adv-header-id-meta":"","stick-header-meta":"","header-above-stick-meta":"","header-main-stick-meta":"","header-below-stick-meta":"","astra-migrate-meta-layouts":"set","ast-page-background-enabled":"default","ast-page-background-meta":{"desktop":{"background-color":"","background-image":"","background-repeat":"repeat","background-position":"center center","background-size":"auto","background-attachment":"scroll","background-type":"","background-media":"","overlay-type":"","overlay-color":"","overlay-opacity":"","overlay-gradient":""},"tablet":{"background-color":"","background-image":"","background-repeat":"repeat","background-position":"center center","background-size":"auto","background-attachment":"scroll","background-type":"","background-media":"","overlay-type":"","overlay-color":"","overlay-opacity":"","overlay-gradient":""},"mobile":{"background-color":"","background-image":"","background-repeat":"repeat","background-position":"center center","background-size":"auto","background-attachment":"scroll","background-type":"","background-media":"","overlay-type":"","overlay-color":"","overlay-opacity":"","overlay-gradient":""}},"ast-content-background-meta":{"desktop":{"background-color":"var(--ast-global-color-5)","background-image":"","background-repeat":"repeat","background-position":"center center","background-size":"auto","background-attachment":"scroll","background-type":"","background-media":"","overlay-type":"","overlay-color":"","overlay-opacity":"","overlay-gradient":""},"tablet":{"background-color":"var(--ast-global-color-5)","background-image":"","background-repeat":"repeat","background-position":"center center","background-size":"auto","background-attachment":"scroll","background-type":"","background-media":"","overlay-type":"","overlay-color":"","overlay-opacity":"","overlay-gradient":""},"mobile":{"background-color":"var(--ast-global-color-5)","background-image":"","background-repeat":"repeat","background-position":"center center","background-size":"auto","background-attachment":"scroll","background-type":"","background-media":"","overlay-type":"","overlay-color":"","overlay-opacity":"","overlay-gradient":""}},"footnotes":""},"class_list":["post-1426","page","type-page","status-publish","hentry"],"aioseo_notices":[],"_links":{"self":[{"href":"https:\/\/www.copantalya.com\/de\/wp-json\/wp\/v2\/pages\/1426","targetHints":{"allow":["GET"]}}],"collection":[{"href":"https:\/\/www.copantalya.com\/de\/wp-json\/wp\/v2\/pages"}],"about":[{"href":"https:\/\/www.copantalya.com\/de\/wp-json\/wp\/v2\/types\/page"}],"author":[{"embeddable":true,"href":"https:\/\/www.copantalya.com\/de\/wp-json\/wp\/v2\/users\/1"}],"replies":[{"embeddable":true,"href":"https:\/\/www.copantalya.com\/de\/wp-json\/wp\/v2\/comments?post=1426"}],"version-history":[{"count":5,"href":"https:\/\/www.copantalya.com\/de\/wp-json\/wp\/v2\/pages\/1426\/revisions"}],"predecessor-version":[{"id":1726,"href":"https:\/\/www.copantalya.com\/de\/wp-json\/wp\/v2\/pages\/1426\/revisions\/1726"}],"wp:attachment":[{"href":"https:\/\/www.copantalya.com\/de\/wp-json\/wp\/v2\/media?parent=1426"}],"curies":[{"name":"wp","href":"https:\/\/api.w.org\/{rel}","templated":true}]}}