{"id":1434,"date":"2026-02-18T19:20:00","date_gmt":"2026-02-18T19:20:00","guid":{"rendered":"https:\/\/www.copantalya.com\/?page_id=1434"},"modified":"2026-03-02T19:25:18","modified_gmt":"2026-03-02T19:25:18","slug":"lcoy-rcoy-coy-cop","status":"publish","type":"page","link":"https:\/\/www.copantalya.com\/de\/lcoy-rcoy-coy-cop\/","title":{"rendered":"LCOY, RCOY, COY, COP"},"content":{"rendered":"<div data-elementor-type=\"wp-page\" data-elementor-id=\"1434\" class=\"elementor elementor-1434\">\n\t\t\t\t<div class=\"elementor-element elementor-element-8f049ad e-flex e-con-boxed e-con e-parent\" data-id=\"8f049ad\" data-element_type=\"container\" data-e-type=\"container\" data-settings=\"{&quot;background_background&quot;:&quot;classic&quot;}\">\n\t\t\t\t\t<div class=\"e-con-inner\">\n\t\t<div class=\"elementor-element elementor-element-7d172327 e-con-full e-flex e-con e-child\" data-id=\"7d172327\" data-element_type=\"container\" data-e-type=\"container\">\n\t\t\t\t<div class=\"elementor-element elementor-element-43aff9b6 elementor-widget elementor-widget-heading\" data-id=\"43aff9b6\" data-element_type=\"widget\" data-e-type=\"widget\" data-widget_type=\"heading.default\">\n\t\t\t\t\t<h1 class=\"elementor-heading-title elementor-size-default\">LCOy, RCOY, COY, COP<\/h1>\t\t\t\t<\/div>\n\t\t\t\t<\/div>\n\t\t\t\t\t<\/div>\n\t\t\t\t<\/div>\n\t\t\t\t<section class=\"elementor-section elementor-top-section elementor-element elementor-element-222d5159 elementor-section-content-middle elementor-section-boxed elementor-section-height-default elementor-section-height-default\" data-id=\"222d5159\" data-element_type=\"section\" data-e-type=\"section\" data-settings=\"{&quot;background_background&quot;:&quot;classic&quot;}\">\n\t\t\t\t\t\t<div class=\"elementor-container elementor-column-gap-no\">\n\t\t\t\t\t<div class=\"elementor-column elementor-col-50 elementor-top-column elementor-element elementor-element-6f371f66\" data-id=\"6f371f66\" data-element_type=\"column\" data-e-type=\"column\" data-settings=\"{&quot;background_background&quot;:&quot;classic&quot;}\">\n\t\t\t<div class=\"elementor-widget-wrap elementor-element-populated\">\n\t\t\t\t\t\t<div class=\"elementor-element elementor-element-73e470cd elementor-widget elementor-widget-image\" data-id=\"73e470cd\" data-element_type=\"widget\" data-e-type=\"widget\" data-widget_type=\"image.default\">\n\t\t\t\t\t\t\t\t\t\t\t\t\t\t\t<img fetchpriority=\"high\" decoding=\"async\" width=\"1001\" height=\"1500\" src=\"https:\/\/www.copantalya.com\/wp-content\/uploads\/2026\/02\/16472-2.jpg\" class=\"attachment-full size-full wp-image-1269\" alt=\"16472 2\" srcset=\"https:\/\/www.copantalya.com\/wp-content\/uploads\/2026\/02\/16472-2.jpg 1001w, https:\/\/www.copantalya.com\/wp-content\/uploads\/2026\/02\/16472-2-200x300.jpg 200w, https:\/\/www.copantalya.com\/wp-content\/uploads\/2026\/02\/16472-2-683x1024.jpg 683w, https:\/\/www.copantalya.com\/wp-content\/uploads\/2026\/02\/16472-2-768x1151.jpg 768w\" sizes=\"(max-width: 1001px) 100vw, 1001px\" title=\"LCOY, RCOY, COY, COP\">\t\t\t\t\t\t\t\t\t\t\t\t\t\t\t<\/div>\n\t\t\t\t\t<\/div>\n\t\t<\/div>\n\t\t\t\t<div class=\"elementor-column elementor-col-50 elementor-top-column elementor-element elementor-element-45069128\" data-id=\"45069128\" data-element_type=\"column\" data-e-type=\"column\">\n\t\t\t<div class=\"elementor-widget-wrap elementor-element-populated\">\n\t\t\t\t\t\t<div class=\"elementor-element elementor-element-2f1a7158 elementor-widget elementor-widget-text-editor\" data-id=\"2f1a7158\" data-element_type=\"widget\" data-e-type=\"widget\" data-widget_type=\"text-editor.default\">\n\t\t\t\t\t\t\t\t\t<p class=\"p1\">Der Klimawandel stellt eine der dringendsten globalen Herausforderungen unserer Zeit dar. Erh\u00f6hte globale Temperaturen, haupts\u00e4chlich verursacht durch vom Menschen freigesetzte Emissionen, haben zu erheblichen Umweltauswirkungen gef\u00fchrt, darunter ein Anstieg des Meeresspiegels, der Verlust der biologischen Vielfalt und eine Zunahme der H\u00e4ufigkeit und Intensit\u00e4t von extremen Wetterereignissen. Daher erfordert die Bek\u00e4mpfung des Klimawandels dringendes und koordiniertes Handeln.<\/p><p class=\"p1\">Wissenschaftliche Forschung und technologische Innovationen spielen eine entscheidende Rolle bei der Minderung der Auswirkungen des Klimawandels. Gleichzeitig sind wirksame politische F\u00fchrung und integrative Entscheidungsprozesse von gro\u00dfer Bedeutung, um sicherzustellen, dass Klimaschutzma\u00dfnahmen verschiedene Perspektiven widerspiegeln. In diesem Zusammenhang ist die Rahmen\u00fcbereinkommen der Vereinten Nationen \u00fcber Klima\u00e4nderungen (UNFCCC) die wichtigste internationale Plattform, auf der Staaten bei klima bezogenen Herausforderungen zusammenarbeiten.<\/p><p class=\"p1\">Im Rahmen des UNFCCC wurden verschiedene Mechanismen zur Erleichterung von Dialog- und Entscheidungsprozessen geschaffen. Dazu geh\u00f6ren die Konferenz der Vertragsparteien (COP), die Konferenz der Jugend (COY), die lokale Konferenz der Jugend (LCOY) und die regionale Konferenz der Jugend (RCOY). Diese Plattformen bilden zusammen ein integriertes System, das die zwischenstaatlichen Entscheidungsprozesse mit der Beteiligung von Jugendlichen auf lokaler, regionaler und globaler Ebene verbindet.<\/p><p class=\"p1\">Dieser Bericht untersucht die Rollen und Funktionen von COP, COY, LCOY und RCOY sowie ihre Bedeutung f\u00fcr die globale Klimasteuerung. Er analysiert auch, wie diese Plattformen miteinander verbunden sind und wie sie gemeinsam zur Entwicklung von Klimapolitiken beitragen.<\/p>\t\t\t\t\t\t\t\t<\/div>\n\t\t\t\t<div class=\"elementor-element elementor-element-15e5c8cb elementor-widget-divider--view-line elementor-widget elementor-widget-divider\" data-id=\"15e5c8cb\" data-element_type=\"widget\" data-e-type=\"widget\" data-widget_type=\"divider.default\">\n\t\t\t\t\t\t\t<div class=\"elementor-divider\">\n\t\t\t<span class=\"elementor-divider-separator\">\n\t\t\t\t\t\t<\/span>\n\t\t<\/div>\n\t\t\t\t\t\t<\/div>\n\t\t\t\t<div class=\"elementor-element elementor-element-7935187e elementor-widget elementor-widget-heading\" data-id=\"7935187e\" data-element_type=\"widget\" data-e-type=\"widget\" data-widget_type=\"heading.default\">\n\t\t\t\t\t<h2 class=\"elementor-heading-title elementor-size-default\">Konferenz der Vertragsparteien (COP)<\/h2>\t\t\t\t<\/div>\n\t\t\t\t<div class=\"elementor-element elementor-element-704e7c9e elementor-widget elementor-widget-text-editor\" data-id=\"704e7c9e\" data-element_type=\"widget\" data-e-type=\"widget\" data-widget_type=\"text-editor.default\">\n\t\t\t\t\t\t\t\t\t<p class=\"p1\">Die Vertragsstaatenkonferenz (COP) ist das h\u00f6chste Entscheidungsgremium des Rahmen\u00fcbereinkommens der Vereinten Nationen \u00fcber Klima\u00e4nderungen (UNFCCC), das 1992 gegr\u00fcndet wurde. Die erste COP-Sitzung fand 1995 in Berlin statt und seitdem tagt die COP j\u00e4hrlich.<\/p><p class=\"p1\">Die Hauptziele von COP-Treffen sind die Bewertung der erzielten Fortschritte im Kampf gegen den Klimawandel, die Aushandlung internationaler Verpflichtungen und die Entwicklung von Politikrahmen und Leitlinien zur Unterst\u00fctzung kollektiver Klimaschutzma\u00dfnahmen. COP-Treffen bringen Vertreter aus fast allen L\u00e4ndern zusammen, darunter Staats- und Regierungschefs, Minister, Diplomaten, Wissenschaftler und Beobachter der Zivilgesellschaft.<\/p><p class=\"p1\">Zu den Hauptzielen der COP geh\u00f6ren die \u00dcberpr\u00fcfung der Umsetzung des UNFCCC, die Aushandlung von Emissionsreduktionsverpflichtungen, die Schaffung von Klimafinanzierungsmechanismen, die F\u00f6rderung von Anpassungs- und Resilienzstrategien sowie die St\u00e4rkung von Transparenz und Rechenschaftspflicht.<\/p><p class=\"p1\">Eines der wichtigsten Ergebnisse des COP-Prozesses ist das Pariser Abkommen, das 2015 auf der COP21 angenommen wurde. Das Pariser Abkommen zielt darauf ab, den globalen Durchschnittstemperaturanstieg deutlich unter 2\u00b0C gegen\u00fcber dem vorindustriellen Niveau zu halten und ihn nach M\u00f6glichkeit auf 1,5\u00b0C zu begrenzen. Nach der Annahme des Pariser Abkommens legten die Vertragsparteien ihre national festgelegten Beitr\u00e4ge (NDCs) vor, die ihre Verpflichtungen zur Emissionsminderung und zum Kampf gegen den Klimawandel darlegen. Die COP-Treffen spielen weiterhin eine entscheidende Rolle bei der Koordinierung des internationalen Kampfes gegen den Klimawandel.<\/p>\t\t\t\t\t\t\t\t<\/div>\n\t\t\t\t<div class=\"elementor-element elementor-element-f2f010d elementor-widget-divider--view-line elementor-widget elementor-widget-divider\" data-id=\"f2f010d\" data-element_type=\"widget\" data-e-type=\"widget\" data-widget_type=\"divider.default\">\n\t\t\t\t\t\t\t<div class=\"elementor-divider\">\n\t\t\t<span class=\"elementor-divider-separator\">\n\t\t\t\t\t\t<\/span>\n\t\t<\/div>\n\t\t\t\t\t\t<\/div>\n\t\t\t\t<div class=\"elementor-element elementor-element-114846d elementor-widget elementor-widget-heading\" data-id=\"114846d\" data-element_type=\"widget\" data-e-type=\"widget\" data-widget_type=\"heading.default\">\n\t\t\t\t\t<h2 class=\"elementor-heading-title elementor-size-default\">Jugendkonferenz (COY)<\/h2>\t\t\t\t<\/div>\n\t\t\t\t<div class=\"elementor-element elementor-element-eabbd8a elementor-widget elementor-widget-text-editor\" data-id=\"eabbd8a\" data-element_type=\"widget\" data-e-type=\"widget\" data-widget_type=\"text-editor.default\">\n\t\t\t\t\t\t\t\t\t<p class=\"p1\">Die Jugendkonferenz (COY) ist eine j\u00e4hrliche, von jungen Menschen gef\u00fchrte Konferenz, die vor den COP-Treffen stattfindet. Die COY wird von YOUNGO, der offiziellen Jugendkomponente der UNFCCC, organisiert.<\/p><p class=\"p1\">COY erm\u00f6glicht es jungen Menschen aus aller Welt, sich an Diskussionen \u00fcber den Klimawandel zu beteiligen, ihre F\u00e4higkeiten zu entwickeln und zur Gestaltung der Klimapolitik beizutragen. COY spielt eine wichtige Rolle bei der Sicherstellung der Vertretung von Jugendlichen in internationalen Klimaverhandlungen.<\/p><p class=\"p1\">Durch die Politikentwicklungsprozesse tragen die Teilnehmenden zur Globalen Jugendcharta bei, welche die Forderungen und Vorschl\u00e4ge junger Menschen enth\u00e4lt und auf der COP pr\u00e4sentiert wird. Dar\u00fcber hinaus legt die COY Wert auf Kapazit\u00e4tsaufbau, indem sie Workshops und Schulungen zu Klimatologie, Verhandlungsprozessen und Lobbystrategien anbietet. Au\u00dferdem f\u00f6rdert sie den Aufbau von Netzwerken zwischen Jugendorganisationen aus verschiedenen L\u00e4ndern und Regionen.<\/p>\t\t\t\t\t\t\t\t<\/div>\n\t\t\t\t<div class=\"elementor-element elementor-element-ca3885c elementor-widget-divider--view-line elementor-widget elementor-widget-divider\" data-id=\"ca3885c\" data-element_type=\"widget\" data-e-type=\"widget\" data-widget_type=\"divider.default\">\n\t\t\t\t\t\t\t<div class=\"elementor-divider\">\n\t\t\t<span class=\"elementor-divider-separator\">\n\t\t\t\t\t\t<\/span>\n\t\t<\/div>\n\t\t\t\t\t\t<\/div>\n\t\t\t\t<div class=\"elementor-element elementor-element-f624e34 elementor-widget elementor-widget-heading\" data-id=\"f624e34\" data-element_type=\"widget\" data-e-type=\"widget\" data-widget_type=\"heading.default\">\n\t\t\t\t\t<h2 class=\"elementor-heading-title elementor-size-default\">Lokale Konferenz \u00fcber Jugend (LCOY)<\/h2>\t\t\t\t<\/div>\n\t\t\t\t<div class=\"elementor-element elementor-element-8e74b90 elementor-widget elementor-widget-text-editor\" data-id=\"8e74b90\" data-element_type=\"widget\" data-e-type=\"widget\" data-widget_type=\"text-editor.default\">\n\t\t\t\t\t\t\t\t\t<p class=\"p1\">Die Lokale Jugendklimakonferenz (LCOY) agiert auf nationaler Ebene und wird von jugendgef\u00fchrten Gruppen in den jeweiligen L\u00e4ndern organisiert. Ziel der LCOY ist es, die globalen Klimadiskussionen zu lokalisieren, l\u00e4nderspezifische Klimaprobleme anzugehen und junge Menschen in die nationalen klimapolitischen Prozesse einzubinden.<\/p><p class=\"p1\">Zu den Hauptzielen von LCOY geh\u00f6ren die Ermittlung nationaler Klimaprobleme, die Sensibilisierung f\u00fcr Klimapolitik, die Ausarbeitung nationaler Jugendklimaanliegen und die St\u00e4rkung der Jugendklimanetzwerke. LCOY-Veranstaltungen umfassen in der Regel Podiumsdiskussionen, Workshops, Schulungsprogramme und Kooperationssitzungen, die zu nationaler und globaler Jugend-Interessenvertretung beitragen.<\/p>\t\t\t\t\t\t\t\t<\/div>\n\t\t\t\t<div class=\"elementor-element elementor-element-26e3b67 elementor-widget-divider--view-line elementor-widget elementor-widget-divider\" data-id=\"26e3b67\" data-element_type=\"widget\" data-e-type=\"widget\" data-widget_type=\"divider.default\">\n\t\t\t\t\t\t\t<div class=\"elementor-divider\">\n\t\t\t<span class=\"elementor-divider-separator\">\n\t\t\t\t\t\t<\/span>\n\t\t<\/div>\n\t\t\t\t\t\t<\/div>\n\t\t\t\t<div class=\"elementor-element elementor-element-e535593 elementor-widget elementor-widget-heading\" data-id=\"e535593\" data-element_type=\"widget\" data-e-type=\"widget\" data-widget_type=\"heading.default\">\n\t\t\t\t\t<h2 class=\"elementor-heading-title elementor-size-default\">Regionale Jugendkonferenz (RCOY)<\/h2>\t\t\t\t<\/div>\n\t\t\t\t<div class=\"elementor-element elementor-element-7dfe7b1 elementor-widget elementor-widget-text-editor\" data-id=\"7dfe7b1\" data-element_type=\"widget\" data-e-type=\"widget\" data-widget_type=\"text-editor.default\">\n\t\t\t\t\t\t\t\t\t<p class=\"p1\">Die Regionale Jugendkonferenz (RCOY) agiert auf regionaler Ebene und bringt Jugenddelegierte aus mehreren L\u00e4ndern innerhalb einer bestimmten geografischen Region zusammen. Die RCOY dient als Vermittlungsplattform zwischen der LCOY und der COY und erleichtert die regionale Zusammenarbeit und Koordination.<\/p><p class=\"p1\">RCOY befasst sich mit gemeinsamen regionalen Klimaproblemen, erm\u00f6glicht grenz\u00fcberschreitende Zusammenarbeit, bereitet regionale Jugendcharten vor und unterst\u00fctzt die Entwicklung regionaler Interessenvertretungsstrategien. Durch die Zusammenf\u00fchrung regionaler Perspektiven st\u00e4rkt RCOY die Jugendbeteiligung und erh\u00f6ht die Wirksamkeit der Jugendvertretung auf globalen Klimaplattformen.<\/p>\t\t\t\t\t\t\t\t<\/div>\n\t\t\t\t\t<\/div>\n\t\t<\/div>\n\t\t\t\t\t<\/div>\n\t\t<\/section>\n\t\t\t\t<section class=\"elementor-section elementor-top-section elementor-element elementor-element-1844ad07 elementor-section-content-middle elementor-section-boxed elementor-section-height-default elementor-section-height-default\" data-id=\"1844ad07\" data-element_type=\"section\" data-e-type=\"section\" data-settings=\"{&quot;background_background&quot;:&quot;classic&quot;}\">\n\t\t\t\t\t\t<div class=\"elementor-container elementor-column-gap-no\">\n\t\t\t\t\t<div class=\"elementor-column elementor-col-50 elementor-top-column elementor-element elementor-element-c52650e\" data-id=\"c52650e\" data-element_type=\"column\" data-e-type=\"column\" data-settings=\"{&quot;background_background&quot;:&quot;classic&quot;}\">\n\t\t\t<div class=\"elementor-widget-wrap elementor-element-populated\">\n\t\t\t\t\t\t<div class=\"elementor-element elementor-element-2918675b elementor-invisible elementor-widget elementor-widget-image\" data-id=\"2918675b\" data-element_type=\"widget\" data-e-type=\"widget\" data-settings=\"{&quot;_animation&quot;:&quot;fadeInLeft&quot;}\" data-widget_type=\"image.default\">\n\t\t\t\t\t\t\t\t\t\t\t\t\t\t\t<img decoding=\"async\" width=\"1333\" height=\"2000\" src=\"https:\/\/www.copantalya.com\/wp-content\/uploads\/2026\/02\/2151587931-2.jpg\" class=\"attachment-full size-full wp-image-1181\" alt=\"2151587931 2\" srcset=\"https:\/\/www.copantalya.com\/wp-content\/uploads\/2026\/02\/2151587931-2.jpg 1333w, https:\/\/www.copantalya.com\/wp-content\/uploads\/2026\/02\/2151587931-2-200x300.jpg 200w, https:\/\/www.copantalya.com\/wp-content\/uploads\/2026\/02\/2151587931-2-682x1024.jpg 682w, https:\/\/www.copantalya.com\/wp-content\/uploads\/2026\/02\/2151587931-2-768x1152.jpg 768w, https:\/\/www.copantalya.com\/wp-content\/uploads\/2026\/02\/2151587931-2-1024x1536.jpg 1024w\" sizes=\"(max-width: 1333px) 100vw, 1333px\" title=\"LCOY, RCOY, COY, COP\">\t\t\t\t\t\t\t\t\t\t\t\t\t\t\t<\/div>\n\t\t\t\t\t<\/div>\n\t\t<\/div>\n\t\t\t\t<div class=\"elementor-column elementor-col-50 elementor-top-column elementor-element elementor-element-677e2e69\" data-id=\"677e2e69\" data-element_type=\"column\" data-e-type=\"column\">\n\t\t\t<div class=\"elementor-widget-wrap elementor-element-populated\">\n\t\t\t\t\t\t<div class=\"elementor-element elementor-element-44ce0c1e elementor-invisible elementor-widget elementor-widget-heading\" data-id=\"44ce0c1e\" data-element_type=\"widget\" data-e-type=\"widget\" data-settings=\"{&quot;_animation&quot;:&quot;fadeInRight&quot;}\" data-widget_type=\"heading.default\">\n\t\t\t\t\t<h2 class=\"elementor-heading-title elementor-size-default\">Die vernetzte Struktur des Jugendklimamanagements<\/h2>\t\t\t\t<\/div>\n\t\t\t\t<div class=\"elementor-element elementor-element-7d30c689 elementor-invisible elementor-widget elementor-widget-text-editor\" data-id=\"7d30c689\" data-element_type=\"widget\" data-e-type=\"widget\" data-settings=\"{&quot;_animation&quot;:&quot;fadeInRight&quot;,&quot;_animation_delay&quot;:500}\" data-widget_type=\"text-editor.default\">\n\t\t\t\t\t\t\t\t\t<p class=\"p1\">LCOY, RCOY, COY und COP bilden eine mehrschichtige Governance-Struktur, die die lokale Jugendbeteiligung mit den internationalen Klimaverhandlungen verbindet. Auf lokaler Ebene erstellte Jugendkundgebungen werden auf regionaler und globaler Ebene integriert und flie\u00dfen schlie\u00dflich in die Diskussionen auf der COP ein. Dieser integrative Ansatz erh\u00f6ht die Legitimit\u00e4t und Wirksamkeit der Klimapolitik.<\/p>\t\t\t\t\t\t\t\t<\/div>\n\t\t\t\t<div class=\"elementor-element elementor-element-1638a63f elementor-widget-divider--view-line elementor-invisible elementor-widget elementor-widget-divider\" data-id=\"1638a63f\" data-element_type=\"widget\" data-e-type=\"widget\" data-settings=\"{&quot;_animation&quot;:&quot;fadeInRight&quot;,&quot;_animation_delay&quot;:1000}\" data-widget_type=\"divider.default\">\n\t\t\t\t\t\t\t<div class=\"elementor-divider\">\n\t\t\t<span class=\"elementor-divider-separator\">\n\t\t\t\t\t\t<\/span>\n\t\t<\/div>\n\t\t\t\t\t\t<\/div>\n\t\t\t\t<div class=\"elementor-element elementor-element-dd6b734 elementor-invisible elementor-widget elementor-widget-heading\" data-id=\"dd6b734\" data-element_type=\"widget\" data-e-type=\"widget\" data-settings=\"{&quot;_animation&quot;:&quot;fadeInRight&quot;,&quot;_animation_delay&quot;:1500}\" data-widget_type=\"heading.default\">\n\t\t\t\t\t<h2 class=\"elementor-heading-title elementor-size-default\">Bedeutung und Einfluss<\/h2>\t\t\t\t<\/div>\n\t\t\t\t<div class=\"elementor-element elementor-element-d41b2ad elementor-invisible elementor-widget elementor-widget-text-editor\" data-id=\"d41b2ad\" data-element_type=\"widget\" data-e-type=\"widget\" data-settings=\"{&quot;_animation&quot;:&quot;fadeInRight&quot;,&quot;_animation_delay&quot;:2000}\" data-widget_type=\"text-editor.default\">\n\t\t\t\t\t\t\t\t\t<p class=\"p1\">Die Institutionalisierung der Jugendbeteiligung in der Klimasteuerung deckt wichtige Trends auf, wie die F\u00f6rderung generationen\u00fcbergreifender Gerechtigkeit, Innovationen in der Interessenvertretung und die St\u00e4rkung der globalen Solidarit\u00e4t.<\/p><p class=\"p1\">Die Einbeziehung junger Menschen stellt sicher, dass Klimapolitiken langfristige Auswirkungen ber\u00fccksichtigen und verschiedene Perspektiven widerspiegeln. Obwohl weiterhin vielf\u00e4ltige Herausforderungen bestehen, stellen Plattformen wie LCOY, RCOY und COY bedeutende Fortschritte hin zu einer inklusiveren und effektiveren Klimasteuerung dar.<\/p>\t\t\t\t\t\t\t\t<\/div>\n\t\t\t\t\t<\/div>\n\t\t<\/div>\n\t\t\t\t\t<\/div>\n\t\t<\/section>\n\t\t\t\t<\/div>","protected":false},"excerpt":{"rendered":"<p>LCOy, RCOY, COY, COP \u0130klim de\u011fi\u015fikli\u011fi, \u00e7a\u011f\u0131m\u0131z\u0131n en acil k\u00fcresel sorunlar\u0131ndan birini temsil etmektedir. Atmosfere sal\u0131nan insan kaynakl\u0131 (antropojenik) emisyonlar\u0131n [&hellip;]<\/p>\n","protected":false},"author":1,"featured_media":0,"parent":0,"menu_order":0,"comment_status":"closed","ping_status":"closed","template":"","meta":{"om_disable_all_campaigns":false,"_monsterinsights_skip_tracking":false,"_monsterinsights_sitenote_active":false,"_monsterinsights_sitenote_note":"","_monsterinsights_sitenote_category":0,"site-sidebar-layout":"no-sidebar","site-content-layout":"page-builder","ast-site-content-layout":"full-width-container","site-content-style":"default","site-sidebar-style":"default","ast-global-header-display":"","ast-banner-title-visibility":"","ast-main-header-display":"","ast-hfb-above-header-display":"","ast-hfb-below-header-display":"","ast-hfb-mobile-header-display":"","site-post-title":"disabled","ast-breadcrumbs-content":"","ast-featured-img":"disabled","footer-sml-layout":"","theme-transparent-header-meta":"enabled","adv-header-id-meta":"","stick-header-meta":"","header-above-stick-meta":"","header-main-stick-meta":"","header-below-stick-meta":"","astra-migrate-meta-layouts":"set","ast-page-background-enabled":"default","ast-page-background-meta":{"desktop":{"background-color":"","background-image":"","background-repeat":"repeat","background-position":"center center","background-size":"auto","background-attachment":"scroll","background-type":"","background-media":"","overlay-type":"","overlay-color":"","overlay-opacity":"","overlay-gradient":""},"tablet":{"background-color":"","background-image":"","background-repeat":"repeat","background-position":"center center","background-size":"auto","background-attachment":"scroll","background-type":"","background-media":"","overlay-type":"","overlay-color":"","overlay-opacity":"","overlay-gradient":""},"mobile":{"background-color":"","background-image":"","background-repeat":"repeat","background-position":"center center","background-size":"auto","background-attachment":"scroll","background-type":"","background-media":"","overlay-type":"","overlay-color":"","overlay-opacity":"","overlay-gradient":""}},"ast-content-background-meta":{"desktop":{"background-color":"var(--ast-global-color-5)","background-image":"","background-repeat":"repeat","background-position":"center center","background-size":"auto","background-attachment":"scroll","background-type":"","background-media":"","overlay-type":"","overlay-color":"","overlay-opacity":"","overlay-gradient":""},"tablet":{"background-color":"var(--ast-global-color-5)","background-image":"","background-repeat":"repeat","background-position":"center center","background-size":"auto","background-attachment":"scroll","background-type":"","background-media":"","overlay-type":"","overlay-color":"","overlay-opacity":"","overlay-gradient":""},"mobile":{"background-color":"var(--ast-global-color-5)","background-image":"","background-repeat":"repeat","background-position":"center center","background-size":"auto","background-attachment":"scroll","background-type":"","background-media":"","overlay-type":"","overlay-color":"","overlay-opacity":"","overlay-gradient":""}},"footnotes":""},"class_list":["post-1434","page","type-page","status-publish","hentry"],"aioseo_notices":[],"_links":{"self":[{"href":"https:\/\/www.copantalya.com\/de\/wp-json\/wp\/v2\/pages\/1434","targetHints":{"allow":["GET"]}}],"collection":[{"href":"https:\/\/www.copantalya.com\/de\/wp-json\/wp\/v2\/pages"}],"about":[{"href":"https:\/\/www.copantalya.com\/de\/wp-json\/wp\/v2\/types\/page"}],"author":[{"embeddable":true,"href":"https:\/\/www.copantalya.com\/de\/wp-json\/wp\/v2\/users\/1"}],"replies":[{"embeddable":true,"href":"https:\/\/www.copantalya.com\/de\/wp-json\/wp\/v2\/comments?post=1434"}],"version-history":[{"count":22,"href":"https:\/\/www.copantalya.com\/de\/wp-json\/wp\/v2\/pages\/1434\/revisions"}],"predecessor-version":[{"id":1673,"href":"https:\/\/www.copantalya.com\/de\/wp-json\/wp\/v2\/pages\/1434\/revisions\/1673"}],"wp:attachment":[{"href":"https:\/\/www.copantalya.com\/de\/wp-json\/wp\/v2\/media?parent=1434"}],"curies":[{"name":"wp","href":"https:\/\/api.w.org\/{rel}","templated":true}]}}