{"id":1573,"date":"2026-03-02T16:53:05","date_gmt":"2026-03-02T16:53:05","guid":{"rendered":"https:\/\/www.copantalya.com\/?page_id=1573"},"modified":"2026-03-06T18:34:54","modified_gmt":"2026-03-06T18:34:54","slug":"1-5c-hedefi","status":"publish","type":"page","link":"https:\/\/www.copantalya.com\/de\/1-5c-hedefi\/","title":{"rendered":"\u00a01,5\u00b0C Ziel\u00a0"},"content":{"rendered":"<div data-elementor-type=\"wp-page\" data-elementor-id=\"1573\" class=\"elementor elementor-1573\">\n\t\t\t\t<div class=\"elementor-element elementor-element-1a06fab0 e-flex e-con-boxed e-con e-parent\" data-id=\"1a06fab0\" data-element_type=\"container\" data-e-type=\"container\" data-settings=\"{&quot;background_background&quot;:&quot;classic&quot;}\">\n\t\t\t\t\t<div class=\"e-con-inner\">\n\t\t<div class=\"elementor-element elementor-element-7a60a9b4 e-con-full e-flex e-con e-child\" data-id=\"7a60a9b4\" data-element_type=\"container\" data-e-type=\"container\">\n\t\t\t\t<div class=\"elementor-element elementor-element-3cd5dba2 elementor-widget elementor-widget-heading\" data-id=\"3cd5dba2\" data-element_type=\"widget\" data-e-type=\"widget\" data-widget_type=\"heading.default\">\n\t\t\t\t\t<h1 class=\"elementor-heading-title elementor-size-default\">1,5\u00b0C Ziel<\/h1>\t\t\t\t<\/div>\n\t\t\t\t<div class=\"elementor-element elementor-element-7782537b elementor-widget elementor-widget-text-editor\" data-id=\"7782537b\" data-element_type=\"widget\" data-e-type=\"widget\" data-widget_type=\"text-editor.default\">\n\t\t\t\t\t\t\t\t\t<p>Wurde das 1,5\u00b0C-Ziel bereits erreicht? Was sagt die Wissenschaft?<\/p>\t\t\t\t\t\t\t\t<\/div>\n\t\t\t\t<\/div>\n\t\t\t\t\t<\/div>\n\t\t\t\t<\/div>\n\t\t\t\t<section class=\"elementor-section elementor-top-section elementor-element elementor-element-665fdabd elementor-section-content-middle elementor-section-boxed elementor-section-height-default elementor-section-height-default\" data-id=\"665fdabd\" data-element_type=\"section\" data-e-type=\"section\" data-settings=\"{&quot;background_background&quot;:&quot;classic&quot;}\">\n\t\t\t\t\t\t<div class=\"elementor-container elementor-column-gap-no\">\n\t\t\t\t\t<div class=\"elementor-column elementor-col-50 elementor-top-column elementor-element elementor-element-449f5271\" data-id=\"449f5271\" data-element_type=\"column\" data-e-type=\"column\" data-settings=\"{&quot;background_background&quot;:&quot;classic&quot;}\">\n\t\t\t<div class=\"elementor-widget-wrap elementor-element-populated\">\n\t\t\t\t\t\t<div class=\"elementor-element elementor-element-2dc8297f elementor-widget elementor-widget-image\" data-id=\"2dc8297f\" data-element_type=\"widget\" data-e-type=\"widget\" data-widget_type=\"image.default\">\n\t\t\t\t\t\t\t\t\t\t\t\t\t\t\t<img fetchpriority=\"high\" decoding=\"async\" width=\"1558\" height=\"2175\" src=\"https:\/\/www.copantalya.com\/wp-content\/uploads\/2026\/02\/3145-2-1.jpg\" class=\"attachment-full size-full wp-image-1480\" alt=\"3145 2 (1)\" srcset=\"https:\/\/www.copantalya.com\/wp-content\/uploads\/2026\/02\/3145-2-1.jpg 1558w, https:\/\/www.copantalya.com\/wp-content\/uploads\/2026\/02\/3145-2-1-215x300.jpg 215w, https:\/\/www.copantalya.com\/wp-content\/uploads\/2026\/02\/3145-2-1-734x1024.jpg 734w, https:\/\/www.copantalya.com\/wp-content\/uploads\/2026\/02\/3145-2-1-768x1072.jpg 768w, https:\/\/www.copantalya.com\/wp-content\/uploads\/2026\/02\/3145-2-1-1100x1536.jpg 1100w, https:\/\/www.copantalya.com\/wp-content\/uploads\/2026\/02\/3145-2-1-1467x2048.jpg 1467w\" sizes=\"(max-width: 1558px) 100vw, 1558px\" title=\"\u00a01,5\u00b0C Ziel\u00a0\">\t\t\t\t\t\t\t\t\t\t\t\t\t\t\t<\/div>\n\t\t\t\t\t<\/div>\n\t\t<\/div>\n\t\t\t\t<div class=\"elementor-column elementor-col-50 elementor-top-column elementor-element elementor-element-110ff62b\" data-id=\"110ff62b\" data-element_type=\"column\" data-e-type=\"column\">\n\t\t\t<div class=\"elementor-widget-wrap elementor-element-populated\">\n\t\t\t\t\t\t<div class=\"elementor-element elementor-element-60756c86 elementor-widget elementor-widget-text-editor\" data-id=\"60756c86\" data-element_type=\"widget\" data-e-type=\"widget\" data-widget_type=\"text-editor.default\">\n\t\t\t\t\t\t\t\t\t<p><span class=\"Apple-converted-space\">\u00a0<\/span>Die Frage, ob der bisherige Weg zur 1,5-Grad-Grenze ersch\u00f6pft ist, befindet sich im Lichte der von Experten vorgelegten Erkenntnisse an einem kritischen Punkt. Aktuelle Messungen deuten darauf hin, dass diese Grenze bald \u00fcberschritten wird. Der Temperaturanstieg steht im Mittelpunkt des Pariser Abkommens, und Daten der Vereinten Nationen belegen dies. Diese Zahl ist nicht nur ein Ziel, sondern eine schwer zu \u00fcberschreitende Grenze zum Schutz der \u00d6kosysteme. In den letzten zw\u00f6lf Monaten wurde dieser Wendepunkt stark angen\u00e4hert, und in einigen Perioden wurde er sogar kurzfristig \u00fcberschritten. Die Realit\u00e4t ist, dass die Grenze nicht mehr fern ist.<span class=\"Apple-converted-space\">\u00a0<\/span><\/p>\t\t\t\t\t\t\t\t<\/div>\n\t\t\t\t<div class=\"elementor-element elementor-element-618e276 elementor-widget-divider--view-line elementor-widget elementor-widget-divider\" data-id=\"618e276\" data-element_type=\"widget\" data-e-type=\"widget\" data-widget_type=\"divider.default\">\n\t\t\t\t\t\t\t<div class=\"elementor-divider\">\n\t\t\t<span class=\"elementor-divider-separator\">\n\t\t\t\t\t\t<\/span>\n\t\t<\/div>\n\t\t\t\t\t\t<\/div>\n\t\t\t\t<div class=\"elementor-element elementor-element-40c11df0 elementor-widget elementor-widget-heading\" data-id=\"40c11df0\" data-element_type=\"widget\" data-e-type=\"widget\" data-widget_type=\"heading.default\">\n\t\t\t\t\t<h2 class=\"elementor-heading-title elementor-size-default\">Was ist das 1,5\u00b0C-Ziel?<\/h2>\t\t\t\t<\/div>\n\t\t\t\t<div class=\"elementor-element elementor-element-42b33c31 elementor-widget elementor-widget-text-editor\" data-id=\"42b33c31\" data-element_type=\"widget\" data-e-type=\"widget\" data-widget_type=\"text-editor.default\">\n\t\t\t\t\t\t\t\t\t<p><span class=\"Apple-converted-space\">\u00a0<\/span>Dieser 1,5 Grad, die im Pariser Abkommen genannte Grenze, gibt an, um wie viel sich die globale Temperatur im Vergleich zur vorindustriellen Zeit nicht erh\u00f6hen darf. Wissenschaftler definieren dies als eine wichtige Grenze, damit die nat\u00fcrlichen Gleichgewichte nicht zerst\u00f6rt werden. Wenn die Temperatur diesen Wert \u00fcberschreitet, sind viele Lebensformen in ernster Gefahr.<span class=\"Apple-converted-space\">\u00a0<\/span><\/p>\t\t\t\t\t\t\t\t<\/div>\n\t\t\t\t<div class=\"elementor-element elementor-element-b29b755 elementor-widget-divider--view-line elementor-widget elementor-widget-divider\" data-id=\"b29b755\" data-element_type=\"widget\" data-e-type=\"widget\" data-widget_type=\"divider.default\">\n\t\t\t\t\t\t\t<div class=\"elementor-divider\">\n\t\t\t<span class=\"elementor-divider-separator\">\n\t\t\t\t\t\t<\/span>\n\t\t<\/div>\n\t\t\t\t\t\t<\/div>\n\t\t\t\t<div class=\"elementor-element elementor-element-548ad0c elementor-widget elementor-widget-heading\" data-id=\"548ad0c\" data-element_type=\"widget\" data-e-type=\"widget\" data-widget_type=\"heading.default\">\n\t\t\t\t\t<h2 class=\"elementor-heading-title elementor-size-default\">Warum 1,5 Grad?<\/h2>\t\t\t\t<\/div>\n\t\t\t\t<div class=\"elementor-element elementor-element-52da8e6 elementor-widget elementor-widget-text-editor\" data-id=\"52da8e6\" data-element_type=\"widget\" data-e-type=\"widget\" data-widget_type=\"text-editor.default\">\n\t\t\t\t\t\t\t\t\t<p>Wenn Kipppunkte erreicht sind, ist das Klimasystem unwiderruflich<br \/>Es wird erwartet, dass Prozesse in Gang gesetzt werden, die Auswirkungen haben. Schon ein halbes Grad mehr, wenn die Temperatur von 1,5\u00b0C auf 2\u00b0C steigt \u2013 w\u00e4hrend die Gletscher schnell schmelzen, k\u00f6nnen D\u00fcrregebiete expandieren. Bei einem Temperaturanstieg von einem Grad und einem halben Grad werden siebzig bis neunzig Prozent der Korallenriffe zerst\u00f6rt, bei zwei Grad ist diese Zerst\u00f6rung fast vollst\u00e4ndig. Extreme Hitze, die von einigen Menschen erlebt wird, wird bei einer Erw\u00e4rmung um 2\u00b0C deutlich st\u00e4rker. In diesem Fall fast zweieinhalbmal mehr Menschen betroffen als bei einem Anstieg um 1,5\u00b0C. Ein eisfreier Nordpolarmeer im Sommer k\u00f6nnte bei 1,5 Grad Erw\u00e4rmung einmal in hundert Jahren auftreten; bei zwei Grad Erw\u00e4rmung wird dieses Ereignis alle zehn Jahre auftreten<br \/>erwartet wird.<\/p>\t\t\t\t\t\t\t\t<\/div>\n\t\t\t\t\t<\/div>\n\t\t<\/div>\n\t\t\t\t\t<\/div>\n\t\t<\/section>\n\t\t<div class=\"elementor-element elementor-element-392e95ed e-flex e-con-boxed e-con e-parent\" data-id=\"392e95ed\" data-element_type=\"container\" data-e-type=\"container\">\n\t\t\t\t\t<div class=\"e-con-inner\">\n\t\t<div class=\"elementor-element elementor-element-18520035 e-con-full e-flex e-con e-child\" data-id=\"18520035\" data-element_type=\"container\" data-e-type=\"container\">\n\t\t\t\t<div class=\"elementor-element elementor-element-3de384e0 elementor-invisible elementor-widget elementor-widget-heading\" data-id=\"3de384e0\" data-element_type=\"widget\" data-e-type=\"widget\" data-settings=\"{&quot;_animation&quot;:&quot;fadeInLeft&quot;}\" data-widget_type=\"heading.default\">\n\t\t\t\t\t<h2 class=\"elementor-heading-title elementor-size-default\">Wissenschaftliche Messungen<\/h2>\t\t\t\t<\/div>\n\t\t\t\t<div class=\"elementor-element elementor-element-167e3cc2 elementor-invisible elementor-widget elementor-widget-text-editor\" data-id=\"167e3cc2\" data-element_type=\"widget\" data-e-type=\"widget\" data-settings=\"{&quot;_animation&quot;:&quot;fadeInLeft&quot;,&quot;_animation_delay&quot;:1000}\" data-widget_type=\"text-editor.default\">\n\t\t\t\t\t\t\t\t\t<p>Wissenschaftler sind sich seit langem bewusst, dass sich das Klima ver\u00e4ndert. Neuere Messungen zeigen, wie stark die Temperaturen gestiegen sind. Dieser Anstieg ist gr\u00f6\u00dftenteils auf Fabriken und Fahrzeuge zur\u00fcckzuf\u00fchren. Dieser Prozess, der sich insbesondere im letzten Jahrhundert intensiviert hat, hat direkte Auswirkungen gezeigt. Nach den Messergebnissen ist der Unterschied nun deutlich. Die Temperaturwerte unterscheiden sich klar von den vorherigen. Die vom Menschen produzierten Gase spielen hier eine Schl\u00fcsselrolle. Die beobachtete Ver\u00e4nderung kann nicht allein durch nat\u00fcrliche Zyklen erkl\u00e4rt werden. Die Daten zeigen auch, dass sich der Prozess im Vergleich zu den letzten Jahrzehnten beschleunigt hat.<span class=\"Apple-converted-space\">\u00a0<\/span><\/p><p>Die Erh\u00f6hung betr\u00e4gt ungef\u00e4hr 1,1 bis 1,2 Grad, und die Hauptberichte best\u00e4tigen dies. Diese Zahlen wurden in den Quellen mehrfach \u00fcberpr\u00fcft.<span class=\"Apple-converted-space\">\u00a0<\/span><\/p>\t\t\t\t\t\t\t\t<\/div>\n\t\t\t\t<div class=\"elementor-element elementor-element-1a5196f elementor-invisible elementor-widget elementor-widget-heading\" data-id=\"1a5196f\" data-element_type=\"widget\" data-e-type=\"widget\" data-settings=\"{&quot;_animation&quot;:&quot;fadeInLeft&quot;}\" data-widget_type=\"heading.default\">\n\t\t\t\t\t<h2 class=\"elementor-heading-title elementor-size-default\">Emissionsstatus<\/h2>\t\t\t\t<\/div>\n\t\t\t\t<div class=\"elementor-element elementor-element-4f4bc9a elementor-invisible elementor-widget elementor-widget-text-editor\" data-id=\"4f4bc9a\" data-element_type=\"widget\" data-e-type=\"widget\" data-settings=\"{&quot;_animation&quot;:&quot;fadeInLeft&quot;,&quot;_animation_delay&quot;:1000}\" data-widget_type=\"text-editor.default\">\n\t\t\t\t\t\t\t\t\t<p>Wo das Kohlenstoffbudget aufgebraucht ist, h\u00f6rt der Temperaturanstieg nicht auf. Das heute auf der Welt freigesetzte Kohlendioxid, etwa vierzig Milliarden Tonnen pro Jahr, f\u00fchrt zu einem schnellen R\u00fcckgang dieses Pools. Es scheint, dass das, was wir haben, nicht ausreichen wird, um die 1,5-Grad-Grenze einzuhalten. Die nutzbare Rate wird wahrscheinlich fr\u00fcher oder sp\u00e4ter auf Null sinken, und Experten sagen, dass dies vor 2030 geschehen k\u00f6nnte. Die Zeit wird knapp und die Z\u00e4hlung l\u00e4uft. In einigen Monaten, insbesondere zwischen 2023 und 2024, hat der weltweit gemessene W\u00e4rmewert kurzzeitig die 1,5 Grad \u00fcberschritten. Experten beziehen sich jedoch bei solchen Aussagen auf einen Durchschnitt von zwanzig Jahren.<span class=\"Apple-converted-space\">\u00a0<\/span><\/p>\t\t\t\t\t\t\t\t<\/div>\n\t\t\t\t<div class=\"elementor-element elementor-element-b968c02 elementor-invisible elementor-widget elementor-widget-heading\" data-id=\"b968c02\" data-element_type=\"widget\" data-e-type=\"widget\" data-settings=\"{&quot;_animation&quot;:&quot;fadeInLeft&quot;}\" data-widget_type=\"heading.default\">\n\t\t\t\t\t<h2 class=\"elementor-heading-title elementor-size-default\">Vorhandene Daten<\/h2>\t\t\t\t<\/div>\n\t\t\t\t<div class=\"elementor-element elementor-element-79e8998 elementor-invisible elementor-widget elementor-widget-text-editor\" data-id=\"79e8998\" data-element_type=\"widget\" data-e-type=\"widget\" data-settings=\"{&quot;_animation&quot;:&quot;fadeInLeft&quot;,&quot;_animation_delay&quot;:1000}\" data-widget_type=\"text-editor.default\">\n\t\t\t\t\t\t\t\t\t<p>Bei der Analyse zuk\u00fcnftiger Wetterereignisse haben die Weltorganisation f\u00fcr Meteorologie und der Copernicus-Klimawandeldienst der Europ\u00e4ischen Union best\u00e4tigt, dass 2023 das bisher w\u00e4rmste Jahr ist. Die ver\u00f6ffentlichten Informationen basieren auf Daten vom Januar 2024. In den letzten zw\u00f6lf Monaten lagen die weltweiten Durchschnittstemperaturen 1,52\u00b0C \u00fcber dem vorindustriellen Niveau. Dies ist das erste Mal, dass die 1,5\u00b0C-Schwelle kurzfristig \u00fcberschritten wurde. Auch wenn der Zwanzigjahresschnitt der entscheidende Punkt ist, liefern bereits 12 Monate bemerkenswerte Hinweise. Die Entwicklung zeigt, dass der Temperaturanstieg die Erwartungen bei weitem \u00fcbertrifft. In der Zwischenzeit wird nach dem Szenario des IPCC die Grenze voraussichtlich bis 2030 \u00fcberschritten, wenn die heutigen Regeln unver\u00e4ndert bleiben.<span class=\"Apple-converted-space\">\u00a0<\/span><\/p>\t\t\t\t\t\t\t\t<\/div>\n\t\t\t\t<div class=\"elementor-element elementor-element-ea75b19 elementor-invisible elementor-widget elementor-widget-heading\" data-id=\"ea75b19\" data-element_type=\"widget\" data-e-type=\"widget\" data-settings=\"{&quot;_animation&quot;:&quot;fadeInLeft&quot;}\" data-widget_type=\"heading.default\">\n\t\t\t\t\t<h2 class=\"elementor-heading-title elementor-size-default\">Emissionsl\u00fccke und Wirtschaft<\/h2>\t\t\t\t<\/div>\n\t\t\t\t<div class=\"elementor-element elementor-element-e749593 elementor-invisible elementor-widget elementor-widget-text-editor\" data-id=\"e749593\" data-element_type=\"widget\" data-e-type=\"widget\" data-settings=\"{&quot;_animation&quot;:&quot;fadeInLeft&quot;,&quot;_animation_delay&quot;:1000}\" data-widget_type=\"text-editor.default\">\n\t\t\t\t\t\t\t\t\t<p>K\u00fcresel sal\u0131n\u0131mlar azalmak yerine art\u0131\u015f e\u011filimindedir. Halbuki 2030\u2019a dek bu de\u011ferlerin %43 gerilemesi gerekti\u011fi hesaplanmaktad\u0131r. \u015eu anda y\u00fcr\u00fcrl\u00fckte olan kurallar alt\u0131nda, y\u00fczy\u0131l sonunda d\u00fcnya s\u0131cakl\u0131\u011f\u0131n\u0131n yakla\u015f\u0131k 2.5\u00b0C ile 2.9\u00b0C y\u00fckselmesi beklenmektedir. Bu durum Birle\u015fmi\u015f Milletler\u2019in \u00e7evre kolu taraf\u0131ndan haz\u0131rlanan raporda a\u00e7\u0131k\u00e7a ortaya konmaktad\u0131r. Ekonominin dengesi, 1.5 derece s\u0131n\u0131r\u0131n\u0131n geride kalmas\u0131 halinde ciddi sars\u0131nt\u0131 ya\u015fayacakt\u0131r. 2024 verilerine dayal\u0131 finansal hesaplamalar, do\u011fal afetlerin k\u00fcresel gelire y\u0131ll\u0131k maliyetinin milyarlarca dolara ula\u015ft\u0131\u011f\u0131n\u0131 g\u00f6stermektedir. S\u0131cakl\u0131k iki derece daha t\u0131rman\u0131rsa, GSY\u0130H&#8217;\u0131n onda birinden fazlas\u0131n\u0131 kaybetmek s\u00f6z konusudur.<span class=\"Apple-converted-space\">\u00a0<\/span><\/p>\t\t\t\t\t\t\t\t<\/div>\n\t\t\t\t<div class=\"elementor-element elementor-element-0aa4b6f elementor-invisible elementor-widget elementor-widget-heading\" data-id=\"0aa4b6f\" data-element_type=\"widget\" data-e-type=\"widget\" data-settings=\"{&quot;_animation&quot;:&quot;fadeInLeft&quot;}\" data-widget_type=\"heading.default\">\n\t\t\t\t\t<h2 class=\"elementor-heading-title elementor-size-default\">Interventions- und Harmonisierungsprozesse<\/h2>\t\t\t\t<\/div>\n\t\t\t\t<div class=\"elementor-element elementor-element-7c12c80 elementor-invisible elementor-widget elementor-widget-text-editor\" data-id=\"7c12c80\" data-element_type=\"widget\" data-e-type=\"widget\" data-settings=\"{&quot;_animation&quot;:&quot;fadeInLeft&quot;,&quot;_animation_delay&quot;:1000}\" data-widget_type=\"text-editor.default\">\n\t\t\t\t\t\t\t\t\t<p>Auch wenn Wissenschaftler glauben, dass die 1,5-Grad-Grenze technisch erreichbar ist, reicht die Dynamik im politischen Bereich nicht aus. Um diesen Fahrplan einzuhalten, m\u00fcssen sich die Kohlenstoffentfernungsmethoden schneller entwickeln. Wenn die Klimast\u00fctzung in verarmten Regionen zunimmt, ist es m\u00f6glicherweise m\u00f6glich, das globale Gleichgewicht zu wahren. Energiesysteme<span class=\"Apple-converted-space\">\u00a0<\/span><\/p><p>Ver\u00e4nderung ist f\u00fcr kommende Generationen zur Notwendigkeit geworden. Regelungen in der Industrie sch\u00fctzen nicht nur die Natur, sondern bestimmen auch die Widerstandsf\u00e4higkeit der Wirtschaft.<span class=\"Apple-converted-space\">\u00a0<\/span><\/p>\t\t\t\t\t\t\t\t<\/div>\n\t\t\t\t<div class=\"elementor-element elementor-element-d274ba1 elementor-invisible elementor-widget elementor-widget-heading\" data-id=\"d274ba1\" data-element_type=\"widget\" data-e-type=\"widget\" data-settings=\"{&quot;_animation&quot;:&quot;fadeInLeft&quot;}\" data-widget_type=\"heading.default\">\n\t\t\t\t\t<h2 class=\"elementor-heading-title elementor-size-default\">Ergebnis<\/h2>\t\t\t\t<\/div>\n\t\t\t\t<div class=\"elementor-element elementor-element-ebe836f elementor-invisible elementor-widget elementor-widget-text-editor\" data-id=\"ebe836f\" data-element_type=\"widget\" data-e-type=\"widget\" data-settings=\"{&quot;_animation&quot;:&quot;fadeInLeft&quot;,&quot;_animation_delay&quot;:1000}\" data-widget_type=\"text-editor.default\">\n\t\t\t\t\t\t\t\t\t<p>Obwohl einige glauben, dass die 1,5-Grad-Grenze bereits \u00fcberschritten ist, ist dies wissenschaftlich noch nicht vollst\u00e4ndig erreicht. Jede Temperaturerh\u00f6hung verschlimmert die Katastrophen, schw\u00e4cht die Natur und st\u00f6rt wirtschaftliche Prozesse. Die Frage, ob die Regierungen im Einklang mit der Wissenschaft handeln und k\u00fcnftigen Generationen eine lebenswerte Welt hinterlassen werden, liegt in der Hauptverantwortung der heutigen Entscheidungstr\u00e4ger.<span class=\"Apple-converted-space\">\u00a0<\/span><\/p>\t\t\t\t\t\t\t\t<\/div>\n\t\t\t\t<\/div>\n\t\t\t\t\t<\/div>\n\t\t\t\t<\/div>\n\t\t\t\t<\/div>","protected":false},"excerpt":{"rendered":"<p>1.5\u00b0C Hedefi 1.5\u00b0C Hedefi Fiilen A\u015f\u0131ld\u0131 m\u0131? Bilim Ne Diyor? \u00a0Bir bu\u00e7uk derece hedefine y\u00f6nelik mevcut yolun t\u00fckenip t\u00fckenmedi\u011fi konusu, [&hellip;]<\/p>\n","protected":false},"author":1,"featured_media":0,"parent":0,"menu_order":0,"comment_status":"closed","ping_status":"closed","template":"","meta":{"om_disable_all_campaigns":false,"_monsterinsights_skip_tracking":false,"_monsterinsights_sitenote_active":false,"_monsterinsights_sitenote_note":"","_monsterinsights_sitenote_category":0,"site-sidebar-layout":"no-sidebar","site-content-layout":"page-builder","ast-site-content-layout":"full-width-container","site-content-style":"default","site-sidebar-style":"default","ast-global-header-display":"","ast-banner-title-visibility":"","ast-main-header-display":"","ast-hfb-above-header-display":"","ast-hfb-below-header-display":"","ast-hfb-mobile-header-display":"","site-post-title":"disabled","ast-breadcrumbs-content":"","ast-featured-img":"disabled","footer-sml-layout":"","theme-transparent-header-meta":"enabled","adv-header-id-meta":"","stick-header-meta":"","header-above-stick-meta":"","header-main-stick-meta":"","header-below-stick-meta":"","astra-migrate-meta-layouts":"set","ast-page-background-enabled":"default","ast-page-background-meta":{"desktop":{"background-color":"","background-image":"","background-repeat":"repeat","background-position":"center center","background-size":"auto","background-attachment":"scroll","background-type":"","background-media":"","overlay-type":"","overlay-color":"","overlay-opacity":"","overlay-gradient":""},"tablet":{"background-color":"","background-image":"","background-repeat":"repeat","background-position":"center center","background-size":"auto","background-attachment":"scroll","background-type":"","background-media":"","overlay-type":"","overlay-color":"","overlay-opacity":"","overlay-gradient":""},"mobile":{"background-color":"","background-image":"","background-repeat":"repeat","background-position":"center center","background-size":"auto","background-attachment":"scroll","background-type":"","background-media":"","overlay-type":"","overlay-color":"","overlay-opacity":"","overlay-gradient":""}},"ast-content-background-meta":{"desktop":{"background-color":"var(--ast-global-color-5)","background-image":"","background-repeat":"repeat","background-position":"center center","background-size":"auto","background-attachment":"scroll","background-type":"","background-media":"","overlay-type":"","overlay-color":"","overlay-opacity":"","overlay-gradient":""},"tablet":{"background-color":"var(--ast-global-color-5)","background-image":"","background-repeat":"repeat","background-position":"center center","background-size":"auto","background-attachment":"scroll","background-type":"","background-media":"","overlay-type":"","overlay-color":"","overlay-opacity":"","overlay-gradient":""},"mobile":{"background-color":"var(--ast-global-color-5)","background-image":"","background-repeat":"repeat","background-position":"center center","background-size":"auto","background-attachment":"scroll","background-type":"","background-media":"","overlay-type":"","overlay-color":"","overlay-opacity":"","overlay-gradient":""}},"footnotes":""},"class_list":["post-1573","page","type-page","status-publish","hentry"],"aioseo_notices":[],"_links":{"self":[{"href":"https:\/\/www.copantalya.com\/de\/wp-json\/wp\/v2\/pages\/1573","targetHints":{"allow":["GET"]}}],"collection":[{"href":"https:\/\/www.copantalya.com\/de\/wp-json\/wp\/v2\/pages"}],"about":[{"href":"https:\/\/www.copantalya.com\/de\/wp-json\/wp\/v2\/types\/page"}],"author":[{"embeddable":true,"href":"https:\/\/www.copantalya.com\/de\/wp-json\/wp\/v2\/users\/1"}],"replies":[{"embeddable":true,"href":"https:\/\/www.copantalya.com\/de\/wp-json\/wp\/v2\/comments?post=1573"}],"version-history":[{"count":31,"href":"https:\/\/www.copantalya.com\/de\/wp-json\/wp\/v2\/pages\/1573\/revisions"}],"predecessor-version":[{"id":1730,"href":"https:\/\/www.copantalya.com\/de\/wp-json\/wp\/v2\/pages\/1573\/revisions\/1730"}],"wp:attachment":[{"href":"https:\/\/www.copantalya.com\/de\/wp-json\/wp\/v2\/media?parent=1573"}],"curies":[{"name":"wp","href":"https:\/\/api.w.org\/{rel}","templated":true}]}}