{"id":1731,"date":"2026-03-06T18:40:01","date_gmt":"2026-03-06T18:40:01","guid":{"rendered":"https:\/\/www.copantalya.com\/?page_id=1731"},"modified":"2026-03-06T18:43:51","modified_gmt":"2026-03-06T18:43:51","slug":"iklim-gocu-2050de-sinirlar-nasil-degisecek","status":"publish","type":"page","link":"https:\/\/www.copantalya.com\/de\/iklim-gocu-2050de-sinirlar-nasil-degisecek\/","title":{"rendered":"\u00a0Klimamigration: Wie werden sich die Grenzen bis 2050 ver\u00e4ndern?\u00a0"},"content":{"rendered":"<div data-elementor-type=\"wp-page\" data-elementor-id=\"1731\" class=\"elementor elementor-1731\">\n\t\t\t\t<div class=\"elementor-element elementor-element-405e8f9 e-flex e-con-boxed e-con e-parent\" data-id=\"405e8f9\" data-element_type=\"container\" data-e-type=\"container\" data-settings=\"{&quot;background_background&quot;:&quot;classic&quot;}\">\n\t\t\t\t\t<div class=\"e-con-inner\">\n\t\t<div class=\"elementor-element elementor-element-5268a121 e-con-full e-flex e-con e-child\" data-id=\"5268a121\" data-element_type=\"container\" data-e-type=\"container\">\n\t\t\t\t<div class=\"elementor-element elementor-element-43afef02 elementor-widget elementor-widget-heading\" data-id=\"43afef02\" data-element_type=\"widget\" data-e-type=\"widget\" data-widget_type=\"heading.default\">\n\t\t\t\t\t<h1 class=\"elementor-heading-title elementor-size-default\">Klimamigration: Wie werden sich die Grenzen bis 2050 ver\u00e4ndern?<\/h1>\t\t\t\t<\/div>\n\t\t\t\t<\/div>\n\t\t\t\t\t<\/div>\n\t\t\t\t<\/div>\n\t\t\t\t<section class=\"elementor-section elementor-top-section elementor-element elementor-element-4f737597 elementor-section-content-middle elementor-section-boxed elementor-section-height-default elementor-section-height-default\" data-id=\"4f737597\" data-element_type=\"section\" data-e-type=\"section\" data-settings=\"{&quot;background_background&quot;:&quot;classic&quot;}\">\n\t\t\t\t\t\t<div class=\"elementor-container elementor-column-gap-no\">\n\t\t\t\t\t<div class=\"elementor-column elementor-col-50 elementor-top-column elementor-element elementor-element-710c19d8\" data-id=\"710c19d8\" data-element_type=\"column\" data-e-type=\"column\" data-settings=\"{&quot;background_background&quot;:&quot;classic&quot;}\">\n\t\t\t<div class=\"elementor-widget-wrap elementor-element-populated\">\n\t\t\t\t\t\t<div class=\"elementor-element elementor-element-40cba7f8 elementor-invisible elementor-widget elementor-widget-image\" data-id=\"40cba7f8\" data-element_type=\"widget\" data-e-type=\"widget\" data-settings=\"{&quot;_animation&quot;:&quot;fadeInLeft&quot;}\" data-widget_type=\"image.default\">\n\t\t\t\t\t\t\t\t\t\t\t\t\t\t\t<img fetchpriority=\"high\" decoding=\"async\" width=\"1333\" height=\"2000\" src=\"https:\/\/www.copantalya.com\/wp-content\/uploads\/2026\/02\/2151587931-2.jpg\" class=\"attachment-full size-full wp-image-1181\" alt=\"2151587931 2\" srcset=\"https:\/\/www.copantalya.com\/wp-content\/uploads\/2026\/02\/2151587931-2.jpg 1333w, https:\/\/www.copantalya.com\/wp-content\/uploads\/2026\/02\/2151587931-2-200x300.jpg 200w, https:\/\/www.copantalya.com\/wp-content\/uploads\/2026\/02\/2151587931-2-682x1024.jpg 682w, https:\/\/www.copantalya.com\/wp-content\/uploads\/2026\/02\/2151587931-2-768x1152.jpg 768w, https:\/\/www.copantalya.com\/wp-content\/uploads\/2026\/02\/2151587931-2-1024x1536.jpg 1024w\" sizes=\"(max-width: 1333px) 100vw, 1333px\" title=\"\u00a0Klimamigration: Wie werden sich die Grenzen bis 2050 ver\u00e4ndern?\u00a0\">\t\t\t\t\t\t\t\t\t\t\t\t\t\t\t<\/div>\n\t\t\t\t\t<\/div>\n\t\t<\/div>\n\t\t\t\t<div class=\"elementor-column elementor-col-50 elementor-top-column elementor-element elementor-element-279864f7\" data-id=\"279864f7\" data-element_type=\"column\" data-e-type=\"column\">\n\t\t\t<div class=\"elementor-widget-wrap elementor-element-populated\">\n\t\t\t\t\t\t<div class=\"elementor-element elementor-element-30dc80e4 elementor-invisible elementor-widget elementor-widget-text-editor\" data-id=\"30dc80e4\" data-element_type=\"widget\" data-e-type=\"widget\" data-settings=\"{&quot;_animation&quot;:&quot;fadeInRight&quot;,&quot;_animation_delay&quot;:500}\" data-widget_type=\"text-editor.default\">\n\t\t\t\t\t\t\t\t\t<p><span class=\"Apple-converted-space\">\u00a0<\/span>Der im Jahr 2023 ver\u00f6ffentlichte IPCC-Bericht und die Ergebnisse von COP21 haben gezeigt, dass die 2018 festgelegte Grenze von 1,5 Grad Celsius aller Wahrscheinlichkeit nach Anfang der 2030er Jahre \u00fcberschritten wird, wenn die aktuellen Emissionsmuster fortbestehen. Wenn nicht verhindert wird, dass sich die aktuelle Situation verschlimmert, werden Gefahren wie das Schmelzen der Gletscher an den Polen und der Anstieg des Meeresspiegels, der viele St\u00e4dte unter Wasser setzen wird, vorhergesagt. Aus diesem Grund wird prognostiziert, dass Millionen von Menschen von Obdachlosigkeit bedroht sein werden. Wir sehen die Auswirkungen dieser Situation in der Welt des Rechts in der Diskussion der Konzepte von Klimafl\u00fcchtlingen und Klimapass, und als zwangsl\u00e4ufige Folge wird die Frage aufgeworfen, wie sich die Klimagrenzen ver\u00e4ndern werden. Insbesondere das Mittelmeerbecken, das als \u2019Hotspot\u2019 bezeichnet wird, geh\u00f6rt aufgrund seiner wirtschaftlichen und politischen Bedeutung zu den Regionen, die die gr\u00f6\u00dfte Gefahr darstellen.<span class=\"Apple-converted-space\">\u00a0<br \/><\/span><\/p><p><span class=\"Apple-converted-space\">\u00a0<\/span>Der Weltbank zufolge k\u00f6nnten bis 2050 klimabedingte Vertreibungen im Globalen S\u00fcden bis zu 143 Millionen Menschen betreffen, und das Mittelmeer k\u00f6nnte als strategischer Transitkorridor f\u00fcr Migrationsbewegungen nach Norden dienen. Zunehmende Wasserknappheit im Nahen Osten verursacht bereits Binnenmigration.<span class=\"Apple-converted-space\">\u00a0<\/span><\/p><p>Dem Sechsten Sachstandsbericht des Zwischenstaatlichen Ausschusses f\u00fcr Klima\u00e4nderungen zufolge birgt das Mittelmeerbecken auch bei moderaten Emissionsszenarien das Risiko zunehmender sommerlicher Trockenheit, abnehmender Bodenfeuchtigkeit und steigenden Drucks auf die Wasserressourcen. In der Region Naher Osten und Nordafrika (MENA) wird erwartet, dass die bereits geringe Pro-Kopf-Wasserverf\u00fcgbarkeit mit dem Klimawandel weiter zur\u00fcckgehen wird.<span class=\"Apple-converted-space\">\u00a0<\/span><\/p><p><span class=\"Apple-converted-space\">\u00a0<\/span><\/p>\t\t\t\t\t\t\t\t<\/div>\n\t\t\t\t\t<\/div>\n\t\t<\/div>\n\t\t\t\t\t<\/div>\n\t\t<\/section>\n\t\t<div class=\"elementor-element elementor-element-5dfe6cba e-flex e-con-boxed e-con e-parent\" data-id=\"5dfe6cba\" data-element_type=\"container\" data-e-type=\"container\">\n\t\t\t\t\t<div class=\"e-con-inner\">\n\t\t\t\t<div class=\"elementor-element elementor-element-42793d2e elementor-invisible elementor-widget elementor-widget-text-editor\" data-id=\"42793d2e\" data-element_type=\"widget\" data-e-type=\"widget\" data-settings=\"{&quot;_animation&quot;:&quot;fadeInLeft&quot;,&quot;_animation_delay&quot;:1000}\" data-widget_type=\"text-editor.default\">\n\t\t\t\t\t\t\t\t\t<p><span class=\"Apple-converted-space\">\u00a0<\/span>Der von der Weltbank ver\u00f6ffentlichte Bericht \u2019Groundswell\u201d modelliert die demografischen Folgen dieser \u00f6kologischen Prognosen. Dem Bericht zufolge k\u00f6nnten bis 2050 Millionen von Menschen in der MENA-Region aufgrund der Klimaauswirkungen innerhalb ihres Landes vertrieben werden. Die Migration wird gr\u00f6\u00dftenteils aus l\u00e4ndlichen Gebieten in st\u00e4dtische Zentren gerichtet sein. In diesem Fall kommt auch das Ph\u00e4nomen der \u201cKlimafl\u00fcchtlinge\u201c zur Sprache.<span class=\"Apple-converted-space\">\u00a0<\/span><\/p><p>Der geltende v\u00f6lkerrechtliche Rahmen bietet diesen neuen Mobilit\u00e4tsformen nur begrenzten Schutz. Die Fl\u00fcchtlingskonvention von 1951 erkennt klimabedingte Vertreibung nicht ausdr\u00fccklich an, was Menschen, die als \u201cKlimafl\u00fcchtlinge\u201d bezeichnet werden, in eine normative L\u00fccke dr\u00e4ngt. Auch wenn Entscheidungen wie Teitiota gegen Neuseeland anerkannt haben, dass extreme Umweltzerst\u00f6rung unter bestimmten Umst\u00e4nden Abschiebungsverbote (Non-Refoulement-Prinzip) ausl\u00f6sen kann, wurde kein separater Rechtsstatus f\u00fcr klimabedingt Vertriebene geschaffen. Vorschl\u00e4ge zur Ausweitung des Fl\u00fcchtlingsbegriffs oder zur Schaffung einer separaten \u201cKlimafl\u00fcchtlings\u201d-Kategorie zielen darauf ab, diese L\u00fccke zu schlie\u00dfen, doch ein verbindlicher globaler Rechtsrahmen ist noch nicht existiert. Daher<span class=\"Apple-converted-space\">\u00a0<\/span>Die bestehenden Menschenrechtsordnungen sind nicht in der Lage, die Rechte von Klimafl\u00fcchtlingen zu sch\u00fctzen, die heute bereits ein Problem darstellen und voraussichtlich in Zukunft ein noch gr\u00f6\u00dferes Problem sein werden.<span class=\"Apple-converted-space\">\u00a0<\/span><\/p><p>In diesem Kontext ist die Idee eines \u201cKlimapasses\u201d ein innovativerer und zukunftsorientierterer Ansatz. Dieses Konzept bezieht sich auf ein rechtliches Dokument, das Personen, die aus Regionen stammen, die aufgrund von Klimaauswirkungen unbewohnbar geworden sind, das Recht auf grenz\u00fcberschreitende Mobilit\u00e4t und potenziell Zugang zum Arbeitsmarkt gew\u00e4hren w\u00fcrde. Solche Regelungen zielen nicht darauf ab, Grenzen auf der Karte neu zu zeichnen, sondern neu zu definieren, wie Grenzen auf klimabedingte Vertreibung reagieren, was sie angesichts der aktuellen Szenarien zu einer besseren L\u00f6sung politisch und rechtlich machen k\u00f6nnte.<span class=\"Apple-converted-space\">\u00a0<\/span><\/p><p>Zusammenfassend l\u00e4sst sich sagen, dass sich die Grenzen bis 2050 vielleicht nicht physisch auf der Landkarte ver\u00e4ndern, wohl aber ihre politische und rechtliche Bedeutung. Der Anstieg des Meeresspiegels k\u00f6nnte dazu f\u00fchren, dass sich einige K\u00fcstenlinien zur\u00fcckziehen und niedrig gelegene Gebiete schrumpfen; gro\u00dffl\u00e4chige geografische Grenzverschiebungen im Mittelmeerraum und in der MENA-Region scheinen jedoch in der Perspektive des Jahres 2050 unwahrscheinlich. Im internationalen Recht neigen die Staaten n\u00e4mlich dazu, ihre maritimen Hoheitsgebiete konstant zu halten, auch wenn sich die K\u00fcstenlinie \u00e4ndert. Aus diesem Grund werden die Auswirkungen der Klimakrise auf die Grenzen gr\u00f6\u00dftenteils nicht auf der Landkarte zu sehen sein, sondern in der Art und Weise, wie die Grenzen betrieben werden. Angesichts der zunehmenden klimabedingten Mobilit\u00e4t k\u00f6nnen die Staaten einen von zwei Wegen einschlagen: Entweder sehen sie die Migration als Sicherheitsbedrohung an und versch\u00e4rfen die Grenzkontrollen, oder sie passen die Grenzregelungen an, indem sie neue Schutzstatus und regionale Kooperationsmechanismen entwickeln. Die derzeitigen Trends deuten kurzfristig auf eine strengere Grenzdurchsetzung hin. Dennoch sollten die Staaten in Anbetracht dessen, was die Zeit bringen wird, den traditionellen Ansatz aufgeben und neue rechtliche Ans\u00e4tze, wie den Klimapass, verfolgen, die innovativ sind und auf die Probleme und Bed\u00fcrfnisse der Zeit reagieren.<span class=\"Apple-converted-space\">\u00a0<\/span><\/p>\t\t\t\t\t\t\t\t<\/div>\n\t\t\t\t\t<\/div>\n\t\t\t\t<\/div>\n\t\t\t\t<\/div>","protected":false},"excerpt":{"rendered":"<p>\u0130klim G\u00f6\u00e7\u00fc: 2050\u2019de S\u0131n\u0131rlar Nas\u0131l De\u011fi\u015fecek? \u00a02023\u2019te yay\u0131nlanan IPCC raporu ve COP21 bulgular\u0131; 2018\u2019de belirlenen 1,5 derece e\u015fi\u011finin mevcut emisyon [&hellip;]<\/p>\n","protected":false},"author":1,"featured_media":0,"parent":0,"menu_order":0,"comment_status":"closed","ping_status":"closed","template":"","meta":{"om_disable_all_campaigns":false,"_monsterinsights_skip_tracking":false,"_monsterinsights_sitenote_active":false,"_monsterinsights_sitenote_note":"","_monsterinsights_sitenote_category":0,"site-sidebar-layout":"no-sidebar","site-content-layout":"page-builder","ast-site-content-layout":"full-width-container","site-content-style":"default","site-sidebar-style":"default","ast-global-header-display":"","ast-banner-title-visibility":"","ast-main-header-display":"","ast-hfb-above-header-display":"","ast-hfb-below-header-display":"","ast-hfb-mobile-header-display":"","site-post-title":"disabled","ast-breadcrumbs-content":"","ast-featured-img":"disabled","footer-sml-layout":"","theme-transparent-header-meta":"","adv-header-id-meta":"","stick-header-meta":"","header-above-stick-meta":"","header-main-stick-meta":"","header-below-stick-meta":"","astra-migrate-meta-layouts":"set","ast-page-background-enabled":"default","ast-page-background-meta":{"desktop":{"background-color":"","background-image":"","background-repeat":"repeat","background-position":"center center","background-size":"auto","background-attachment":"scroll","background-type":"","background-media":"","overlay-type":"","overlay-color":"","overlay-opacity":"","overlay-gradient":""},"tablet":{"background-color":"","background-image":"","background-repeat":"repeat","background-position":"center center","background-size":"auto","background-attachment":"scroll","background-type":"","background-media":"","overlay-type":"","overlay-color":"","overlay-opacity":"","overlay-gradient":""},"mobile":{"background-color":"","background-image":"","background-repeat":"repeat","background-position":"center center","background-size":"auto","background-attachment":"scroll","background-type":"","background-media":"","overlay-type":"","overlay-color":"","overlay-opacity":"","overlay-gradient":""}},"ast-content-background-meta":{"desktop":{"background-color":"var(--ast-global-color-5)","background-image":"","background-repeat":"repeat","background-position":"center center","background-size":"auto","background-attachment":"scroll","background-type":"","background-media":"","overlay-type":"","overlay-color":"","overlay-opacity":"","overlay-gradient":""},"tablet":{"background-color":"var(--ast-global-color-5)","background-image":"","background-repeat":"repeat","background-position":"center center","background-size":"auto","background-attachment":"scroll","background-type":"","background-media":"","overlay-type":"","overlay-color":"","overlay-opacity":"","overlay-gradient":""},"mobile":{"background-color":"var(--ast-global-color-5)","background-image":"","background-repeat":"repeat","background-position":"center center","background-size":"auto","background-attachment":"scroll","background-type":"","background-media":"","overlay-type":"","overlay-color":"","overlay-opacity":"","overlay-gradient":""}},"footnotes":""},"class_list":["post-1731","page","type-page","status-publish","hentry"],"aioseo_notices":[],"_links":{"self":[{"href":"https:\/\/www.copantalya.com\/de\/wp-json\/wp\/v2\/pages\/1731","targetHints":{"allow":["GET"]}}],"collection":[{"href":"https:\/\/www.copantalya.com\/de\/wp-json\/wp\/v2\/pages"}],"about":[{"href":"https:\/\/www.copantalya.com\/de\/wp-json\/wp\/v2\/types\/page"}],"author":[{"embeddable":true,"href":"https:\/\/www.copantalya.com\/de\/wp-json\/wp\/v2\/users\/1"}],"replies":[{"embeddable":true,"href":"https:\/\/www.copantalya.com\/de\/wp-json\/wp\/v2\/comments?post=1731"}],"version-history":[{"count":4,"href":"https:\/\/www.copantalya.com\/de\/wp-json\/wp\/v2\/pages\/1731\/revisions"}],"predecessor-version":[{"id":1736,"href":"https:\/\/www.copantalya.com\/de\/wp-json\/wp\/v2\/pages\/1731\/revisions\/1736"}],"wp:attachment":[{"href":"https:\/\/www.copantalya.com\/de\/wp-json\/wp\/v2\/media?parent=1731"}],"curies":[{"name":"wp","href":"https:\/\/api.w.org\/{rel}","templated":true}]}}