{"id":275,"date":"2026-01-29T18:36:09","date_gmt":"2026-01-29T18:36:09","guid":{"rendered":"https:\/\/www.copantalya.com\/services\/"},"modified":"2026-03-02T19:23:02","modified_gmt":"2026-03-02T19:23:02","slug":"cop-sureci","status":"publish","type":"page","link":"https:\/\/www.copantalya.com\/de\/cop-sureci\/","title":{"rendered":"COP-Prozess"},"content":{"rendered":"<div data-elementor-type=\"wp-page\" data-elementor-id=\"275\" class=\"elementor elementor-275\">\n\t\t\t\t<div class=\"elementor-element elementor-element-1cc1f8b e-flex e-con-boxed e-con e-parent\" data-id=\"1cc1f8b\" data-element_type=\"container\" data-e-type=\"container\" data-settings=\"{&quot;background_background&quot;:&quot;classic&quot;}\">\n\t\t\t\t\t<div class=\"e-con-inner\">\n\t\t<div class=\"elementor-element elementor-element-8d9be4b e-con-full e-flex e-con e-child\" data-id=\"8d9be4b\" data-element_type=\"container\" data-e-type=\"container\">\n\t\t\t\t<div class=\"elementor-element elementor-element-6b39dbf elementor-widget__width-inherit elementor-widget elementor-widget-heading\" data-id=\"6b39dbf\" data-element_type=\"widget\" data-e-type=\"widget\" data-widget_type=\"heading.default\">\n\t\t\t\t\t<h1 class=\"elementor-heading-title elementor-size-default\">COP-Verfahren<\/h1>\t\t\t\t<\/div>\n\t\t\t\t<div class=\"elementor-element elementor-element-7d279f3 elementor-widget elementor-widget-text-editor\" data-id=\"7d279f3\" data-element_type=\"widget\" data-e-type=\"widget\" data-widget_type=\"text-editor.default\">\n\t\t\t\t\t\t\t\t\t<p class=\"p1\">Erste offizielle COP-Tagung <span class=\"s1\"><b>1995 in Berlin (COP1)<\/b><\/span> wurde durchgef\u00fchrt. In dieser Zeit diskutierten die L\u00e4nder dar\u00fcber, wie sie eine gemeinsame Sprache finden k\u00f6nnten, um ein globales Problem zu bew\u00e4ltigen, das ihre Volkswirtschaften auf unterschiedliche Weise beeintr\u00e4chtigte.<\/p>\t\t\t\t\t\t\t\t<\/div>\n\t\t\t\t<\/div>\n\t\t\t\t\t<\/div>\n\t\t\t\t<\/div>\n\t\t\t\t<section class=\"elementor-section elementor-top-section elementor-element elementor-element-cwf0qdv elementor-section-content-middle elementor-section-boxed elementor-section-height-default elementor-section-height-default\" data-id=\"cwf0qdv\" data-element_type=\"section\" data-e-type=\"section\" data-settings=\"{&quot;background_background&quot;:&quot;classic&quot;}\">\n\t\t\t\t\t\t<div class=\"elementor-container elementor-column-gap-no\">\n\t\t\t\t\t<div class=\"elementor-column elementor-col-50 elementor-top-column elementor-element elementor-element-ca44c59 elementor-invisible\" data-id=\"ca44c59\" data-element_type=\"column\" data-e-type=\"column\" data-settings=\"{&quot;background_background&quot;:&quot;classic&quot;,&quot;animation&quot;:&quot;fadeInLeft&quot;}\">\n\t\t\t<div class=\"elementor-widget-wrap elementor-element-populated\">\n\t\t\t\t\t\t<div class=\"elementor-element elementor-element-7e01216 elementor-widget elementor-widget-image\" data-id=\"7e01216\" data-element_type=\"widget\" data-e-type=\"widget\" data-widget_type=\"image.default\">\n\t\t\t\t\t\t\t\t\t\t\t\t\t\t\t<img fetchpriority=\"high\" decoding=\"async\" width=\"716\" height=\"922\" src=\"https:\/\/www.copantalya.com\/wp-content\/uploads\/2026\/02\/761.jpg\" class=\"attachment-full size-full wp-image-1146\" alt=\"761\" srcset=\"https:\/\/www.copantalya.com\/wp-content\/uploads\/2026\/02\/761.jpg 716w, https:\/\/www.copantalya.com\/wp-content\/uploads\/2026\/02\/761-233x300.jpg 233w\" sizes=\"(max-width: 716px) 100vw, 716px\" title=\"COP-Prozess\">\t\t\t\t\t\t\t\t\t\t\t\t\t\t\t<\/div>\n\t\t\t\t\t<\/div>\n\t\t<\/div>\n\t\t\t\t<div class=\"elementor-column elementor-col-50 elementor-top-column elementor-element elementor-element-258231d\" data-id=\"258231d\" data-element_type=\"column\" data-e-type=\"column\">\n\t\t\t<div class=\"elementor-widget-wrap elementor-element-populated\">\n\t\t\t\t\t\t<div class=\"elementor-element elementor-element-1401102 elementor-invisible elementor-widget elementor-widget-heading\" data-id=\"1401102\" data-element_type=\"widget\" data-e-type=\"widget\" data-settings=\"{&quot;_animation&quot;:&quot;fadeInRight&quot;}\" data-widget_type=\"heading.default\">\n\t\t\t\t\t<h2 class=\"elementor-heading-title elementor-size-default\">KLIMAWANDEL und die HISTORISCHE ENTWICKLUNG des COP-PROZESSES<\/h2>\t\t\t\t<\/div>\n\t\t\t\t<div class=\"elementor-element elementor-element-4f6265e elementor-invisible elementor-widget elementor-widget-text-editor\" data-id=\"4f6265e\" data-element_type=\"widget\" data-e-type=\"widget\" data-settings=\"{&quot;_animation&quot;:&quot;fadeInRight&quot;,&quot;_animation_delay&quot;:500}\" data-widget_type=\"text-editor.default\">\n\t\t\t\t\t\t\t\t\t<p class=\"p1\">Auch wenn es im Laufe der Menschheitsgeschichte eine evolution\u00e4re Entwicklung gab <span class=\"s1\"><b>Nach der Industriellen Revolution beschleunigte sich dieser Prozess<\/b><\/span>, gleichzeitig hat auch der Umweltschaden zugenommen. Klimawandel und Umweltprobleme sind als Folge von Massenproduktion und Industrialisierung entstanden. Diese Probleme werden nicht nur als Umweltprobleme, sondern auch als globale Gesundheitsprobleme betrachtet und kennen keine Grenzen.<\/p><p class=\"p1\">W\u00e4hrend das Klima lange Zeit nur als wissenschaftliches Thema betrachtet wurde, r\u00fcckte es ab Mitte der 1970er Jahre in den Mittelpunkt politischer Diskussionen.<\/p>\t\t\t\t\t\t\t\t<\/div>\n\t\t\t\t\t<\/div>\n\t\t<\/div>\n\t\t\t\t\t<\/div>\n\t\t<\/section>\n\t\t\t\t<section class=\"elementor-section elementor-top-section elementor-element elementor-element-j5bbj48 elementor-section-boxed elementor-section-height-default elementor-section-height-default\" data-id=\"j5bbj48\" data-element_type=\"section\" data-e-type=\"section\" data-settings=\"{&quot;background_background&quot;:&quot;classic&quot;}\">\n\t\t\t\t\t\t<div class=\"elementor-container elementor-column-gap-no\">\n\t\t\t\t\t<div class=\"elementor-column elementor-col-100 elementor-top-column elementor-element elementor-element-01b78b3\" data-id=\"01b78b3\" data-element_type=\"column\" data-e-type=\"column\">\n\t\t\t<div class=\"elementor-widget-wrap elementor-element-populated\">\n\t\t\t\t\t\t<div class=\"elementor-element elementor-element-e611aa3 elementor-invisible elementor-widget elementor-widget-heading\" data-id=\"e611aa3\" data-element_type=\"widget\" data-e-type=\"widget\" data-settings=\"{&quot;_animation&quot;:&quot;fadeInDown&quot;}\" data-widget_type=\"heading.default\">\n\t\t\t\t\t<h2 class=\"elementor-heading-title elementor-size-default\">Historische Entwicklung<\/h2>\t\t\t\t<\/div>\n\t\t\t\t<div class=\"elementor-element elementor-element-ffb5866 elementor-invisible elementor-widget elementor-widget-text-editor\" data-id=\"ffb5866\" data-element_type=\"widget\" data-e-type=\"widget\" data-settings=\"{&quot;_animation&quot;:&quot;fadeInDown&quot;,&quot;_animation_delay&quot;:500}\" data-widget_type=\"text-editor.default\">\n\t\t\t\t\t\t\t\t\t<p class=\"p1\">Erste offizielle COP-Tagung <span class=\"s1\"><b>1995 in Berlin (COP1)<\/b><\/span> wurde durchgef\u00fchrt. In dieser Zeit diskutierten die L\u00e4nder dar\u00fcber, wie sie eine gemeinsame Sprache finden k\u00f6nnten, um ein globales Problem zu bew\u00e4ltigen, das ihre Volkswirtschaften auf unterschiedliche Weise beeintr\u00e4chtigte.<\/p>\t\t\t\t\t\t\t\t<\/div>\n\t\t\t\t<section class=\"elementor-section elementor-inner-section elementor-element elementor-element-a421628 elementor-section-content-middle elementor-section-boxed elementor-section-height-default elementor-section-height-default\" data-id=\"a421628\" data-element_type=\"section\" data-e-type=\"section\">\n\t\t\t\t\t\t<div class=\"elementor-container elementor-column-gap-no\">\n\t\t\t\t\t<div class=\"elementor-column elementor-col-66 elementor-inner-column elementor-element elementor-element-8a9c345\" data-id=\"8a9c345\" data-element_type=\"column\" data-e-type=\"column\">\n\t\t\t<div class=\"elementor-widget-wrap elementor-element-populated\">\n\t\t\t\t\t\t<div class=\"elementor-element elementor-element-21934a1 elementor-invisible elementor-widget elementor-widget-image\" data-id=\"21934a1\" data-element_type=\"widget\" data-e-type=\"widget\" data-settings=\"{&quot;_animation&quot;:&quot;fadeInLeft&quot;}\" data-widget_type=\"image.default\">\n\t\t\t\t\t\t\t\t\t\t\t\t\t\t\t<img decoding=\"async\" width=\"1024\" height=\"645\" src=\"https:\/\/www.copantalya.com\/wp-content\/uploads\/2026\/02\/2151588022-2-2-1024x645.jpg\" class=\"attachment-large size-large wp-image-1159\" alt=\"2151588022 2\" srcset=\"https:\/\/www.copantalya.com\/wp-content\/uploads\/2026\/02\/2151588022-2-2-1024x645.jpg 1024w, https:\/\/www.copantalya.com\/wp-content\/uploads\/2026\/02\/2151588022-2-2-300x189.jpg 300w, https:\/\/www.copantalya.com\/wp-content\/uploads\/2026\/02\/2151588022-2-2-768x484.jpg 768w, https:\/\/www.copantalya.com\/wp-content\/uploads\/2026\/02\/2151588022-2-2.jpg 1343w\" sizes=\"(max-width: 1024px) 100vw, 1024px\" title=\"COP-Prozess\">\t\t\t\t\t\t\t\t\t\t\t\t\t\t\t<\/div>\n\t\t\t\t\t<\/div>\n\t\t<\/div>\n\t\t\t\t<div class=\"elementor-column elementor-col-33 elementor-inner-column elementor-element elementor-element-4075b5d elementor-invisible\" data-id=\"4075b5d\" data-element_type=\"column\" data-e-type=\"column\" data-settings=\"{&quot;background_background&quot;:&quot;classic&quot;,&quot;animation&quot;:&quot;fadeInRight&quot;}\">\n\t\t\t<div class=\"elementor-widget-wrap elementor-element-populated\">\n\t\t\t\t\t\t<div class=\"elementor-element elementor-element-0681e6c elementor-widget elementor-widget-heading\" data-id=\"0681e6c\" data-element_type=\"widget\" data-e-type=\"widget\" data-widget_type=\"heading.default\">\n\t\t\t\t\t<h3 class=\"elementor-heading-title elementor-size-default\">Kyoto-Protokoll \u2013 COP3 (1997)<\/h3>\t\t\t\t<\/div>\n\t\t\t\t<div class=\"elementor-element elementor-element-9185a3a elementor-widget-divider--view-line elementor-widget elementor-widget-divider\" data-id=\"9185a3a\" data-element_type=\"widget\" data-e-type=\"widget\" data-widget_type=\"divider.default\">\n\t\t\t\t\t\t\t<div class=\"elementor-divider\">\n\t\t\t<span class=\"elementor-divider-separator\">\n\t\t\t\t\t\t<\/span>\n\t\t<\/div>\n\t\t\t\t\t\t<\/div>\n\t\t\t\t<div class=\"elementor-element elementor-element-139eb10 elementor-widget elementor-widget-text-editor\" data-id=\"139eb10\" data-element_type=\"widget\" data-e-type=\"widget\" data-widget_type=\"text-editor.default\">\n\t\t\t\t\t\t\t\t\t<p class=\"p1\">Der erste gro\u00dfe historische Wendepunkt, <span class=\"s1\"><b>COP3, die 1997 in Japan stattfand<\/b><\/span> ile kabul edilen <span class=\"s1\"><b>Kyoto-Protokoll<\/b><\/span> ist. Dieses Protokoll wurde entwickelt, um die Treibhausgasemissionen von Industriel\u00e4ndern zu reduzieren <span class=\"s1\"><b>rechtlich bindende Ziele<\/b><\/span> ist die erste Vereinbarung, die er angenommen hat.<\/p><p class=\"p1\">Doch Kyoto hatte einen wesentlichen Mangel: Die Verpflichtungen galten nur f\u00fcr entwickelte L\u00e4nder, w\u00e4hrend schnell wachsende Volkswirtschaften wie China und Indien ausgeschlossen waren. Au\u00dferdem haben die USA das Abkommen nie ratifiziert.<\/p>\t\t\t\t\t\t\t\t<\/div>\n\t\t\t\t\t<\/div>\n\t\t<\/div>\n\t\t\t\t\t<\/div>\n\t\t<\/section>\n\t\t\t\t<section class=\"elementor-section elementor-inner-section elementor-element elementor-element-e6d634c elementor-section-content-middle elementor-reverse-tablet elementor-reverse-mobile elementor-section-boxed elementor-section-height-default elementor-section-height-default\" data-id=\"e6d634c\" data-element_type=\"section\" data-e-type=\"section\">\n\t\t\t\t\t\t<div class=\"elementor-container elementor-column-gap-no\">\n\t\t\t\t\t<div class=\"elementor-column elementor-col-33 elementor-inner-column elementor-element elementor-element-55e68a4 elementor-invisible\" data-id=\"55e68a4\" data-element_type=\"column\" data-e-type=\"column\" data-settings=\"{&quot;background_background&quot;:&quot;classic&quot;,&quot;animation&quot;:&quot;fadeInLeft&quot;}\">\n\t\t\t<div class=\"elementor-widget-wrap elementor-element-populated\">\n\t\t\t\t\t\t<div class=\"elementor-element elementor-element-547fb7c elementor-widget elementor-widget-heading\" data-id=\"547fb7c\" data-element_type=\"widget\" data-e-type=\"widget\" data-widget_type=\"heading.default\">\n\t\t\t\t\t<h3 class=\"elementor-heading-title elementor-size-default\">KOPENHAGEN GIPFEL \u2013 COP15 (2009)<\/h3>\t\t\t\t<\/div>\n\t\t\t\t<div class=\"elementor-element elementor-element-609a88c elementor-widget-divider--view-line elementor-widget elementor-widget-divider\" data-id=\"609a88c\" data-element_type=\"widget\" data-e-type=\"widget\" data-widget_type=\"divider.default\">\n\t\t\t\t\t\t\t<div class=\"elementor-divider\">\n\t\t\t<span class=\"elementor-divider-separator\">\n\t\t\t\t\t\t<\/span>\n\t\t<\/div>\n\t\t\t\t\t\t<\/div>\n\t\t\t\t<div class=\"elementor-element elementor-element-67a908a elementor-widget elementor-widget-text-editor\" data-id=\"67a908a\" data-element_type=\"widget\" data-e-type=\"widget\" data-widget_type=\"text-editor.default\">\n\t\t\t\t\t\t\t\t\t<p class=\"p1\">Die Welt im Erwartung eines neuen Abkommens, das das Kyoto-Protokoll abl\u00f6sen soll <span class=\"s1\"><b>COP15 Kopenhagen<\/b><\/span> Sie ging mit gro\u00dfen Hoffnungen auf den Gipfel. Der Gipfel endete jedoch mit einem nicht bindenden und chaotischen Kompromiss. Dies offenbarte die tiefen Meinungsverschiedenheiten zwischen reichen und armen L\u00e4ndern.<\/p><p class=\"p1\">Trotzdem war der Gipfel nicht g\u00e4nzlich gescheitert. Die globale Erw\u00e4rmung <span class=\"s1\"><b>unter 2 \u00b0C halten<\/b><\/span> Wird der Hedef \u00fcbernommen und f\u00fcr Entwicklungsl\u00e4nder j\u00e4hrlich <span class=\"s1\"><b>100 Milliarden Dollar Klimafinanzierung<\/b><\/span> Wurde versprochen.<\/p>\t\t\t\t\t\t\t\t<\/div>\n\t\t\t\t\t<\/div>\n\t\t<\/div>\n\t\t\t\t<div class=\"elementor-column elementor-col-66 elementor-inner-column elementor-element elementor-element-087c995\" data-id=\"087c995\" data-element_type=\"column\" data-e-type=\"column\">\n\t\t\t<div class=\"elementor-widget-wrap elementor-element-populated\">\n\t\t\t\t\t\t<div class=\"elementor-element elementor-element-f662e07 elementor-invisible elementor-widget elementor-widget-image\" data-id=\"f662e07\" data-element_type=\"widget\" data-e-type=\"widget\" data-settings=\"{&quot;_animation&quot;:&quot;fadeInRight&quot;}\" data-widget_type=\"image.default\">\n\t\t\t\t\t\t\t\t\t\t\t\t\t\t\t<img decoding=\"async\" width=\"1024\" height=\"645\" src=\"https:\/\/www.copantalya.com\/wp-content\/uploads\/2026\/02\/2151588022-2-3-1024x645.jpg\" class=\"attachment-large size-large wp-image-1163\" alt=\"2151588022 2\" srcset=\"https:\/\/www.copantalya.com\/wp-content\/uploads\/2026\/02\/2151588022-2-3-1024x645.jpg 1024w, https:\/\/www.copantalya.com\/wp-content\/uploads\/2026\/02\/2151588022-2-3-300x189.jpg 300w, https:\/\/www.copantalya.com\/wp-content\/uploads\/2026\/02\/2151588022-2-3-768x484.jpg 768w, https:\/\/www.copantalya.com\/wp-content\/uploads\/2026\/02\/2151588022-2-3.jpg 1343w\" sizes=\"(max-width: 1024px) 100vw, 1024px\" title=\"COP-Prozess\">\t\t\t\t\t\t\t\t\t\t\t\t\t\t\t<\/div>\n\t\t\t\t\t<\/div>\n\t\t<\/div>\n\t\t\t\t\t<\/div>\n\t\t<\/section>\n\t\t\t\t<section class=\"elementor-section elementor-inner-section elementor-element elementor-element-702f1b5 elementor-section-content-middle elementor-section-boxed elementor-section-height-default elementor-section-height-default\" data-id=\"702f1b5\" data-element_type=\"section\" data-e-type=\"section\">\n\t\t\t\t\t\t<div class=\"elementor-container elementor-column-gap-no\">\n\t\t\t\t\t<div class=\"elementor-column elementor-col-66 elementor-inner-column elementor-element elementor-element-b8f8267\" data-id=\"b8f8267\" data-element_type=\"column\" data-e-type=\"column\">\n\t\t\t<div class=\"elementor-widget-wrap elementor-element-populated\">\n\t\t\t\t\t\t<div class=\"elementor-element elementor-element-6abebed elementor-invisible elementor-widget elementor-widget-image\" data-id=\"6abebed\" data-element_type=\"widget\" data-e-type=\"widget\" data-settings=\"{&quot;_animation&quot;:&quot;fadeInLeft&quot;}\" data-widget_type=\"image.default\">\n\t\t\t\t\t\t\t\t\t\t\t\t\t\t\t<img loading=\"lazy\" decoding=\"async\" width=\"1024\" height=\"645\" src=\"https:\/\/www.copantalya.com\/wp-content\/uploads\/2026\/02\/2151588022-2-4-1024x645.jpg\" class=\"attachment-large size-large wp-image-1164\" alt=\"2151588022 2\" srcset=\"https:\/\/www.copantalya.com\/wp-content\/uploads\/2026\/02\/2151588022-2-4-1024x645.jpg 1024w, https:\/\/www.copantalya.com\/wp-content\/uploads\/2026\/02\/2151588022-2-4-300x189.jpg 300w, https:\/\/www.copantalya.com\/wp-content\/uploads\/2026\/02\/2151588022-2-4-768x484.jpg 768w, https:\/\/www.copantalya.com\/wp-content\/uploads\/2026\/02\/2151588022-2-4.jpg 1343w\" sizes=\"(max-width: 1024px) 100vw, 1024px\" title=\"COP-Prozess\">\t\t\t\t\t\t\t\t\t\t\t\t\t\t\t<\/div>\n\t\t\t\t\t<\/div>\n\t\t<\/div>\n\t\t\t\t<div class=\"elementor-column elementor-col-33 elementor-inner-column elementor-element elementor-element-73db5a7 elementor-invisible\" data-id=\"73db5a7\" data-element_type=\"column\" data-e-type=\"column\" data-settings=\"{&quot;background_background&quot;:&quot;classic&quot;,&quot;animation&quot;:&quot;fadeInRight&quot;}\">\n\t\t\t<div class=\"elementor-widget-wrap elementor-element-populated\">\n\t\t\t\t\t\t<div class=\"elementor-element elementor-element-75b0dad elementor-widget elementor-widget-heading\" data-id=\"75b0dad\" data-element_type=\"widget\" data-e-type=\"widget\" data-widget_type=\"heading.default\">\n\t\t\t\t\t<h3 class=\"elementor-heading-title elementor-size-default\">PARISER Abkommen \u2013 COP21 (2015)<\/h3>\t\t\t\t<\/div>\n\t\t\t\t<div class=\"elementor-element elementor-element-54faed3 elementor-widget-divider--view-line elementor-widget elementor-widget-divider\" data-id=\"54faed3\" data-element_type=\"widget\" data-e-type=\"widget\" data-widget_type=\"divider.default\">\n\t\t\t\t\t\t\t<div class=\"elementor-divider\">\n\t\t\t<span class=\"elementor-divider-separator\">\n\t\t\t\t\t\t<\/span>\n\t\t<\/div>\n\t\t\t\t\t\t<\/div>\n\t\t\t\t<div class=\"elementor-element elementor-element-aeb3676 elementor-widget elementor-widget-text-editor\" data-id=\"aeb3676\" data-element_type=\"widget\" data-e-type=\"widget\" data-widget_type=\"text-editor.default\">\n\t\t\t\t\t\t\t\t\t<p class=\"p1\"><span class=\"s1\"><b>COP21, die 2015 in Paris stattfand<\/b><\/span>, ein Wendepunkt in der globalen Klimasteuerung darstellte. <span class=\"s1\"><b>195 L\u00e4nder unterzeichneten das Pariser Abkommen.<\/b><\/span> Im Gegensatz zum Kyoto-Protokoll verpflichtete dieses Abkommen alle L\u00e4nder, Ziele zur Emissionsreduzierung festzulegen. Diese Ziele <span class=\"s1\"><b>Nationale festgelegte Beitr\u00e4ge (NDCs)<\/b><\/span> als benannt.<\/p><p class=\"p1\">Au\u00dferdem wurde das Ziel der globalen Erw\u00e4rmung von 2 \u00b0C auf die weitaus sicherere <span class=\"s1\"><b>1,5\u00b0C<\/b><\/span> wurde auf seine Ebene gezogen.<\/p>\t\t\t\t\t\t\t\t<\/div>\n\t\t\t\t\t<\/div>\n\t\t<\/div>\n\t\t\t\t\t<\/div>\n\t\t<\/section>\n\t\t\t\t\t<\/div>\n\t\t<\/div>\n\t\t\t\t\t<\/div>\n\t\t<\/section>\n\t\t<div class=\"elementor-element elementor-element-6d218a4e e-flex e-con-boxed e-con e-parent\" data-id=\"6d218a4e\" data-element_type=\"container\" data-e-type=\"container\" data-settings=\"{&quot;background_background&quot;:&quot;classic&quot;,&quot;shape_divider_top&quot;:&quot;mountains&quot;}\">\n\t\t\t\t\t<div class=\"e-con-inner\">\n\t\t\t\t<div class=\"elementor-shape elementor-shape-top\" aria-hidden=\"true\" data-negative=\"false\">\n\t\t\t<svg xmlns=\"http:\/\/www.w3.org\/2000\/svg\" viewbox=\"0 0 1000 100\" preserveaspectratio=\"none\">\n\t<path class=\"elementor-shape-fill\" opacity=\"0.33\" d=\"M473,67.3c-203.9,88.3-263.1-34-320.3,0C66,119.1,0,59.7,0,59.7V0h1000v59.7 c0,0-62.1,26.1-94.9,29.3c-32.8,3.3-62.8-12.3-75.8-22.1C806,49.6,745.3,8.7,694.9,4.7S492.4,59,473,67.3z\"\/>\n\t<path class=\"elementor-shape-fill\" opacity=\"0.66\" d=\"M734,67.3c-45.5,0-77.2-23.2-129.1-39.1c-28.6-8.7-150.3-10.1-254,39.1 s-91.7-34.4-149.2,0C115.7,118.3,0,39.8,0,39.8V0h1000v36.5c0,0-28.2-18.5-92.1-18.5C810.2,18.1,775.7,67.3,734,67.3z\"\/>\n\t<path class=\"elementor-shape-fill\" d=\"M766.1,28.9c-200-57.5-266,65.5-395.1,19.5C242,1.8,242,5.4,184.8,20.6C128,35.8,132.3,44.9,89.9,52.5C28.6,63.7,0,0,0,0 h1000c0,0-9.9,40.9-83.6,48.1S829.6,47,766.1,28.9z\"\/>\n<\/svg>\t\t<\/div>\n\t\t<div class=\"elementor-element elementor-element-7e647647 e-con-full e-flex e-con e-child\" data-id=\"7e647647\" data-element_type=\"container\" data-e-type=\"container\">\n\t\t\t\t<div class=\"elementor-element elementor-element-65db6c6f elementor-widget elementor-widget-heading\" data-id=\"65db6c6f\" data-element_type=\"widget\" data-e-type=\"widget\" data-widget_type=\"heading.default\">\n\t\t\t\t\t<div class=\"elementor-heading-title elementor-size-default\">Lass uns \u00fcber COP31 sprechen<\/div>\t\t\t\t<\/div>\n\t\t\t\t<\/div>\n\t\t<div class=\"elementor-element elementor-element-2c3ec9ac e-con-full e-flex e-con e-child\" data-id=\"2c3ec9ac\" data-element_type=\"container\" data-e-type=\"container\">\n\t\t\t\t<div class=\"elementor-element elementor-element-703e2b81 elementor-align-left elementor-tablet-align-left elementor-mobile-align-justify elementor-widget__width-inherit elementor-widget elementor-widget-button\" data-id=\"703e2b81\" data-element_type=\"widget\" data-e-type=\"widget\" data-widget_type=\"button.default\">\n\t\t\t\t\t\t\t\t\t\t<a class=\"elementor-button elementor-button-link elementor-size-sm\" href=\"https:\/\/globaliscertification.com\/\" target=\"_blank\">\n\t\t\t\t\t\t<span class=\"elementor-button-content-wrapper\">\n\t\t\t\t\t\t\t\t\t<span class=\"elementor-button-text\">Globalis Informationen<\/span>\n\t\t\t\t\t<\/span>\n\t\t\t\t\t<\/a>\n\t\t\t\t\t\t\t\t<\/div>\n\t\t\t\t<\/div>\n\t\t\t\t\t<\/div>\n\t\t\t\t<\/div>\n\t\t\t\t<\/div>","protected":false},"excerpt":{"rendered":"<p>COP S\u00fcrec\u0130 \u0130lk resmi COP toplant\u0131s\u0131 1995 y\u0131l\u0131nda Berlin\u2019de (COP1) ger\u00e7ekle\u015ftirilmi\u015ftir. Bu d\u00f6nemde \u00fclkeler, ekonomileri farkl\u0131 \u015fekillerde etkileyen k\u00fcresel bir [&hellip;]<\/p>\n","protected":false},"author":1,"featured_media":0,"parent":0,"menu_order":0,"comment_status":"closed","ping_status":"closed","template":"","meta":{"om_disable_all_campaigns":false,"_monsterinsights_skip_tracking":false,"_monsterinsights_sitenote_active":false,"_monsterinsights_sitenote_note":"","_monsterinsights_sitenote_category":0,"site-sidebar-layout":"no-sidebar","site-content-layout":"page-builder","ast-site-content-layout":"full-width-container","site-content-style":"unboxed","site-sidebar-style":"unboxed","ast-global-header-display":"","ast-banner-title-visibility":"","ast-main-header-display":"","ast-hfb-above-header-display":"","ast-hfb-below-header-display":"","ast-hfb-mobile-header-display":"","site-post-title":"disabled","ast-breadcrumbs-content":"","ast-featured-img":"disabled","footer-sml-layout":"","theme-transparent-header-meta":"enabled","adv-header-id-meta":"","stick-header-meta":"","header-above-stick-meta":"","header-main-stick-meta":"","header-below-stick-meta":"","astra-migrate-meta-layouts":"set","ast-page-background-enabled":"default","ast-page-background-meta":{"desktop":{"background-color":"","background-image":"","background-repeat":"repeat","background-position":"center center","background-size":"auto","background-attachment":"scroll","background-type":"","background-media":"","overlay-type":"","overlay-color":"","overlay-opacity":"","overlay-gradient":""},"tablet":{"background-color":"","background-image":"","background-repeat":"repeat","background-position":"center center","background-size":"auto","background-attachment":"scroll","background-type":"","background-media":"","overlay-type":"","overlay-color":"","overlay-opacity":"","overlay-gradient":""},"mobile":{"background-color":"","background-image":"","background-repeat":"repeat","background-position":"center center","background-size":"auto","background-attachment":"scroll","background-type":"","background-media":"","overlay-type":"","overlay-color":"","overlay-opacity":"","overlay-gradient":""}},"ast-content-background-meta":{"desktop":{"background-color":"var(--ast-global-color-5)","background-image":"","background-repeat":"repeat","background-position":"center center","background-size":"auto","background-attachment":"scroll","background-type":"","background-media":"","overlay-type":"","overlay-color":"","overlay-opacity":"","overlay-gradient":""},"tablet":{"background-color":"var(--ast-global-color-5)","background-image":"","background-repeat":"repeat","background-position":"center center","background-size":"auto","background-attachment":"scroll","background-type":"","background-media":"","overlay-type":"","overlay-color":"","overlay-opacity":"","overlay-gradient":""},"mobile":{"background-color":"var(--ast-global-color-5)","background-image":"","background-repeat":"repeat","background-position":"center center","background-size":"auto","background-attachment":"scroll","background-type":"","background-media":"","overlay-type":"","overlay-color":"","overlay-opacity":"","overlay-gradient":""}},"footnotes":""},"class_list":["post-275","page","type-page","status-publish","hentry"],"aioseo_notices":[],"_links":{"self":[{"href":"https:\/\/www.copantalya.com\/de\/wp-json\/wp\/v2\/pages\/275","targetHints":{"allow":["GET"]}}],"collection":[{"href":"https:\/\/www.copantalya.com\/de\/wp-json\/wp\/v2\/pages"}],"about":[{"href":"https:\/\/www.copantalya.com\/de\/wp-json\/wp\/v2\/types\/page"}],"author":[{"embeddable":true,"href":"https:\/\/www.copantalya.com\/de\/wp-json\/wp\/v2\/users\/1"}],"replies":[{"embeddable":true,"href":"https:\/\/www.copantalya.com\/de\/wp-json\/wp\/v2\/comments?post=275"}],"version-history":[{"count":45,"href":"https:\/\/www.copantalya.com\/de\/wp-json\/wp\/v2\/pages\/275\/revisions"}],"predecessor-version":[{"id":1667,"href":"https:\/\/www.copantalya.com\/de\/wp-json\/wp\/v2\/pages\/275\/revisions\/1667"}],"wp:attachment":[{"href":"https:\/\/www.copantalya.com\/de\/wp-json\/wp\/v2\/media?parent=275"}],"curies":[{"name":"wp","href":"https:\/\/api.w.org\/{rel}","templated":true}]}}