{"id":1731,"date":"2026-03-06T18:40:01","date_gmt":"2026-03-06T18:40:01","guid":{"rendered":"https:\/\/www.copantalya.com\/?page_id=1731"},"modified":"2026-03-06T18:43:51","modified_gmt":"2026-03-06T18:43:51","slug":"iklim-gocu-2050de-sinirlar-nasil-degisecek","status":"publish","type":"page","link":"https:\/\/www.copantalya.com\/en\/iklim-gocu-2050de-sinirlar-nasil-degisecek\/","title":{"rendered":"\u00a0Climate Migration: How Will Borders Change in 2050?\u00a0"},"content":{"rendered":"<div data-elementor-type=\"wp-page\" data-elementor-id=\"1731\" class=\"elementor elementor-1731\">\n\t\t\t\t<div class=\"elementor-element elementor-element-405e8f9 e-flex e-con-boxed e-con e-parent\" data-id=\"405e8f9\" data-element_type=\"container\" data-e-type=\"container\" data-settings=\"{&quot;background_background&quot;:&quot;classic&quot;}\">\n\t\t\t\t\t<div class=\"e-con-inner\">\n\t\t<div class=\"elementor-element elementor-element-5268a121 e-con-full e-flex e-con e-child\" data-id=\"5268a121\" data-element_type=\"container\" data-e-type=\"container\">\n\t\t\t\t<div class=\"elementor-element elementor-element-43afef02 elementor-widget elementor-widget-heading\" data-id=\"43afef02\" data-element_type=\"widget\" data-e-type=\"widget\" data-widget_type=\"heading.default\">\n\t\t\t\t\t<h1 class=\"elementor-heading-title elementor-size-default\">Climate Migration: How Will Borders Change in 2050?<\/h1>\t\t\t\t<\/div>\n\t\t\t\t<\/div>\n\t\t\t\t\t<\/div>\n\t\t\t\t<\/div>\n\t\t\t\t<section class=\"elementor-section elementor-top-section elementor-element elementor-element-4f737597 elementor-section-content-middle elementor-section-boxed elementor-section-height-default elementor-section-height-default\" data-id=\"4f737597\" data-element_type=\"section\" data-e-type=\"section\" data-settings=\"{&quot;background_background&quot;:&quot;classic&quot;}\">\n\t\t\t\t\t\t<div class=\"elementor-container elementor-column-gap-no\">\n\t\t\t\t\t<div class=\"elementor-column elementor-col-50 elementor-top-column elementor-element elementor-element-710c19d8\" data-id=\"710c19d8\" data-element_type=\"column\" data-e-type=\"column\" data-settings=\"{&quot;background_background&quot;:&quot;classic&quot;}\">\n\t\t\t<div class=\"elementor-widget-wrap elementor-element-populated\">\n\t\t\t\t\t\t<div class=\"elementor-element elementor-element-40cba7f8 elementor-invisible elementor-widget elementor-widget-image\" data-id=\"40cba7f8\" data-element_type=\"widget\" data-e-type=\"widget\" data-settings=\"{&quot;_animation&quot;:&quot;fadeInLeft&quot;}\" data-widget_type=\"image.default\">\n\t\t\t\t\t\t\t\t\t\t\t\t\t\t\t<img fetchpriority=\"high\" decoding=\"async\" width=\"1333\" height=\"2000\" src=\"https:\/\/www.copantalya.com\/wp-content\/uploads\/2026\/02\/2151587931-2.jpg\" class=\"attachment-full size-full wp-image-1181\" alt=\"2151587931 2\" srcset=\"https:\/\/www.copantalya.com\/wp-content\/uploads\/2026\/02\/2151587931-2.jpg 1333w, https:\/\/www.copantalya.com\/wp-content\/uploads\/2026\/02\/2151587931-2-200x300.jpg 200w, https:\/\/www.copantalya.com\/wp-content\/uploads\/2026\/02\/2151587931-2-682x1024.jpg 682w, https:\/\/www.copantalya.com\/wp-content\/uploads\/2026\/02\/2151587931-2-768x1152.jpg 768w, https:\/\/www.copantalya.com\/wp-content\/uploads\/2026\/02\/2151587931-2-1024x1536.jpg 1024w\" sizes=\"(max-width: 1333px) 100vw, 1333px\" title=\"\u00a0Climate Migration: How Will Borders Change in 2050?\u00a0\">\t\t\t\t\t\t\t\t\t\t\t\t\t\t\t<\/div>\n\t\t\t\t\t<\/div>\n\t\t<\/div>\n\t\t\t\t<div class=\"elementor-column elementor-col-50 elementor-top-column elementor-element elementor-element-279864f7\" data-id=\"279864f7\" data-element_type=\"column\" data-e-type=\"column\">\n\t\t\t<div class=\"elementor-widget-wrap elementor-element-populated\">\n\t\t\t\t\t\t<div class=\"elementor-element elementor-element-30dc80e4 elementor-invisible elementor-widget elementor-widget-text-editor\" data-id=\"30dc80e4\" data-element_type=\"widget\" data-e-type=\"widget\" data-settings=\"{&quot;_animation&quot;:&quot;fadeInRight&quot;,&quot;_animation_delay&quot;:500}\" data-widget_type=\"text-editor.default\">\n\t\t\t\t\t\t\t\t\t<p><span class=\"Apple-converted-space\">\u00a0<\/span>The IPCC report published in 2023 and the findings of COP21 revealed that the 1.5-degree threshold set in 2018 is highly likely to be crossed in the early 2030s if current emission trends continue. If the worsening of the current situation is not prevented, dangers such as the melting of polar ice caps and rising sea levels submerging many cities are foreseen. For this reason, millions of people are expected to face the danger of becoming homeless. We see the repercussions of this situation in the legal world with the discussion of concepts such as \u2019climate refugee\u2019 and \u2019climate passport,\u201c and as an inevitable consequence, the potential changes in climate borders have come to the fore. The Mediterranean basin, in particular, referred to as a \u201dhotspot,\" is among the regions presenting the greatest danger, considering its economic and political importance.<span class=\"Apple-converted-space\">\u00a0<br \/><\/span><\/p><p><span class=\"Apple-converted-space\">\u00a0<\/span>According to the World Bank, climate-induced displacement could affect up to 143 million people in the Global South by 2050, with the Mediterranean potentially serving as a strategic transit corridor for northward migration. Increasing water scarcity in the Middle East is already contributing to internal displacement.<span class=\"Apple-converted-space\">\u00a0<\/span><\/p><p>According to the Sixth Assessment Report of the Intergovernmental Panel on Climate Change, the Mediterranean basin faces risks of intensified summer droughts, reduced soil moisture, and increased pressure on water resources, even under medium emission scenarios. In the Middle East and North Africa (MENA) region, per capita water availability, which is already low, is projected to decrease further with climate change.<span class=\"Apple-converted-space\">\u00a0<\/span><\/p><p><span class=\"Apple-converted-space\">\u00a0<\/span><\/p>\t\t\t\t\t\t\t\t<\/div>\n\t\t\t\t\t<\/div>\n\t\t<\/div>\n\t\t\t\t\t<\/div>\n\t\t<\/section>\n\t\t<div class=\"elementor-element elementor-element-5dfe6cba e-flex e-con-boxed e-con e-parent\" data-id=\"5dfe6cba\" data-element_type=\"container\" data-e-type=\"container\">\n\t\t\t\t\t<div class=\"e-con-inner\">\n\t\t\t\t<div class=\"elementor-element elementor-element-42793d2e elementor-invisible elementor-widget elementor-widget-text-editor\" data-id=\"42793d2e\" data-element_type=\"widget\" data-e-type=\"widget\" data-settings=\"{&quot;_animation&quot;:&quot;fadeInLeft&quot;,&quot;_animation_delay&quot;:1000}\" data-widget_type=\"text-editor.default\">\n\t\t\t\t\t\t\t\t\t<p><span class=\"Apple-converted-space\">\u00a0<\/span>The Groundswell report, published by the World Bank, models the demographic consequences of these ecological projections. According to the report, millions of people in the MENA region could be forced to relocate internally by 2050 due to climate impacts. Migration is predominantly from rural areas to urban centers. This raises the issue of \u2019climate refugees.\u201d.<span class=\"Apple-converted-space\">\u00a0<\/span><\/p><p>The existing international legal framework offers limited protection to these new forms of mobility. The 1951 Refugee Convention does not explicitly recognize climate-induced displacement, leaving individuals referred to as \u201cclimate refugees\u201d in a normative vacuum. While decisions like Teitiota v. New Zealand have acknowledged that severe environmental degradation could, under certain circumstances, trigger non-refoulement obligations, no distinct legal status has been established for those displaced due to climate. Proposals to either broaden the definition of refugee or create a separate \u201cclimate refugee\u201d category aim to fill this gap, but a binding global arrangement has yet to emerge. Therefore,<span class=\"Apple-converted-space\">\u00a0<\/span>Current human rights regimes are unable to protect the rights of climate refugees, a growing problem now and expected to be even larger in the future.<span class=\"Apple-converted-space\">\u00a0<\/span><\/p><p>In this context, a more innovative and forward-looking approach is the idea of a \u201cclimate passport.\u201d This concept refers to a legal document that would grant individuals from regions rendered uninhabitable due to climate impacts the right to cross-border mobility and potentially access to the labor market. Such arrangements aim to redefine how borders respond to climate-induced displacement, rather than redrawing borders on the map, and can be considered the best solution among existing legal and political options when looking at current scenarios.<span class=\"Apple-converted-space\">\u00a0<\/span><\/p><p>In conclusion, by 2050, borders may not physically change on the map, but their political and legal meanings may be transformed. Sea level rise may lead to the retreat of some coastlines and the shrinking of low-altitude areas, but large-scale geographical border shifts in the Mediterranean and MENA region are unlikely in the 2050 perspective. In fact, in international law, states tend to keep their maritime jurisdictions constant even if the coastline changes. For this reason, the impact of the climate crisis on borders will largely be seen not on the map, but on how borders will be operated. In the face of increased climate-induced mobility, states can choose one of two paths: Either see migration as a security threat and tighten border controls, or adapt border regimes by developing new protection statuses and regional cooperation mechanisms. Current trends suggest stricter border enforcement in the short term. And yet, given what time will bring, states should abandon the traditional approach and adopt new legal approaches, such as climate passports, that are innovative and responsive to the problems and needs of the time.<span class=\"Apple-converted-space\">\u00a0<\/span><\/p>\t\t\t\t\t\t\t\t<\/div>\n\t\t\t\t\t<\/div>\n\t\t\t\t<\/div>\n\t\t\t\t<\/div>","protected":false},"excerpt":{"rendered":"<p>\u0130klim G\u00f6\u00e7\u00fc: 2050\u2019de S\u0131n\u0131rlar Nas\u0131l De\u011fi\u015fecek? \u00a02023\u2019te yay\u0131nlanan IPCC raporu ve COP21 bulgular\u0131; 2018\u2019de belirlenen 1,5 derece e\u015fi\u011finin mevcut emisyon [&hellip;]<\/p>\n","protected":false},"author":1,"featured_media":0,"parent":0,"menu_order":0,"comment_status":"closed","ping_status":"closed","template":"","meta":{"om_disable_all_campaigns":false,"_monsterinsights_skip_tracking":false,"_monsterinsights_sitenote_active":false,"_monsterinsights_sitenote_note":"","_monsterinsights_sitenote_category":0,"site-sidebar-layout":"no-sidebar","site-content-layout":"page-builder","ast-site-content-layout":"full-width-container","site-content-style":"default","site-sidebar-style":"default","ast-global-header-display":"","ast-banner-title-visibility":"","ast-main-header-display":"","ast-hfb-above-header-display":"","ast-hfb-below-header-display":"","ast-hfb-mobile-header-display":"","site-post-title":"disabled","ast-breadcrumbs-content":"","ast-featured-img":"disabled","footer-sml-layout":"","theme-transparent-header-meta":"","adv-header-id-meta":"","stick-header-meta":"","header-above-stick-meta":"","header-main-stick-meta":"","header-below-stick-meta":"","astra-migrate-meta-layouts":"set","ast-page-background-enabled":"default","ast-page-background-meta":{"desktop":{"background-color":"","background-image":"","background-repeat":"repeat","background-position":"center center","background-size":"auto","background-attachment":"scroll","background-type":"","background-media":"","overlay-type":"","overlay-color":"","overlay-opacity":"","overlay-gradient":""},"tablet":{"background-color":"","background-image":"","background-repeat":"repeat","background-position":"center center","background-size":"auto","background-attachment":"scroll","background-type":"","background-media":"","overlay-type":"","overlay-color":"","overlay-opacity":"","overlay-gradient":""},"mobile":{"background-color":"","background-image":"","background-repeat":"repeat","background-position":"center center","background-size":"auto","background-attachment":"scroll","background-type":"","background-media":"","overlay-type":"","overlay-color":"","overlay-opacity":"","overlay-gradient":""}},"ast-content-background-meta":{"desktop":{"background-color":"var(--ast-global-color-5)","background-image":"","background-repeat":"repeat","background-position":"center center","background-size":"auto","background-attachment":"scroll","background-type":"","background-media":"","overlay-type":"","overlay-color":"","overlay-opacity":"","overlay-gradient":""},"tablet":{"background-color":"var(--ast-global-color-5)","background-image":"","background-repeat":"repeat","background-position":"center center","background-size":"auto","background-attachment":"scroll","background-type":"","background-media":"","overlay-type":"","overlay-color":"","overlay-opacity":"","overlay-gradient":""},"mobile":{"background-color":"var(--ast-global-color-5)","background-image":"","background-repeat":"repeat","background-position":"center center","background-size":"auto","background-attachment":"scroll","background-type":"","background-media":"","overlay-type":"","overlay-color":"","overlay-opacity":"","overlay-gradient":""}},"footnotes":""},"class_list":["post-1731","page","type-page","status-publish","hentry"],"aioseo_notices":[],"_links":{"self":[{"href":"https:\/\/www.copantalya.com\/en\/wp-json\/wp\/v2\/pages\/1731","targetHints":{"allow":["GET"]}}],"collection":[{"href":"https:\/\/www.copantalya.com\/en\/wp-json\/wp\/v2\/pages"}],"about":[{"href":"https:\/\/www.copantalya.com\/en\/wp-json\/wp\/v2\/types\/page"}],"author":[{"embeddable":true,"href":"https:\/\/www.copantalya.com\/en\/wp-json\/wp\/v2\/users\/1"}],"replies":[{"embeddable":true,"href":"https:\/\/www.copantalya.com\/en\/wp-json\/wp\/v2\/comments?post=1731"}],"version-history":[{"count":4,"href":"https:\/\/www.copantalya.com\/en\/wp-json\/wp\/v2\/pages\/1731\/revisions"}],"predecessor-version":[{"id":1736,"href":"https:\/\/www.copantalya.com\/en\/wp-json\/wp\/v2\/pages\/1731\/revisions\/1736"}],"wp:attachment":[{"href":"https:\/\/www.copantalya.com\/en\/wp-json\/wp\/v2\/media?parent=1731"}],"curies":[{"name":"wp","href":"https:\/\/api.w.org\/{rel}","templated":true}]}}