{"id":1573,"date":"2026-03-02T16:53:05","date_gmt":"2026-03-02T16:53:05","guid":{"rendered":"https:\/\/www.copantalya.com\/?page_id=1573"},"modified":"2026-03-06T18:34:54","modified_gmt":"2026-03-06T18:34:54","slug":"1-5c-hedefi","status":"publish","type":"page","link":"https:\/\/www.copantalya.com\/es\/1-5c-hedefi\/","title":{"rendered":"\u00a01,5\u00b0C Objetivo\u00a0"},"content":{"rendered":"<div data-elementor-type=\"wp-page\" data-elementor-id=\"1573\" class=\"elementor elementor-1573\">\n\t\t\t\t<div class=\"elementor-element elementor-element-1a06fab0 e-flex e-con-boxed e-con e-parent\" data-id=\"1a06fab0\" data-element_type=\"container\" data-e-type=\"container\" data-settings=\"{&quot;background_background&quot;:&quot;classic&quot;}\">\n\t\t\t\t\t<div class=\"e-con-inner\">\n\t\t<div class=\"elementor-element elementor-element-7a60a9b4 e-con-full e-flex e-con e-child\" data-id=\"7a60a9b4\" data-element_type=\"container\" data-e-type=\"container\">\n\t\t\t\t<div class=\"elementor-element elementor-element-3cd5dba2 elementor-widget elementor-widget-heading\" data-id=\"3cd5dba2\" data-element_type=\"widget\" data-e-type=\"widget\" data-widget_type=\"heading.default\">\n\t\t\t\t\t<h1 class=\"elementor-heading-title elementor-size-default\">1,5\u00b0C Objetivo<\/h1>\t\t\t\t<\/div>\n\t\t\t\t<div class=\"elementor-element elementor-element-7782537b elementor-widget elementor-widget-text-editor\" data-id=\"7782537b\" data-element_type=\"widget\" data-e-type=\"widget\" data-widget_type=\"text-editor.default\">\n\t\t\t\t\t\t\t\t\t<p>\u00bfSe ha superado realmente el objetivo de 1,5 \u00b0C? \u00bfQu\u00e9 dice la ciencia?<\/p>\t\t\t\t\t\t\t\t<\/div>\n\t\t\t\t<\/div>\n\t\t\t\t\t<\/div>\n\t\t\t\t<\/div>\n\t\t\t\t<section class=\"elementor-section elementor-top-section elementor-element elementor-element-665fdabd elementor-section-content-middle elementor-section-boxed elementor-section-height-default elementor-section-height-default\" data-id=\"665fdabd\" data-element_type=\"section\" data-e-type=\"section\" data-settings=\"{&quot;background_background&quot;:&quot;classic&quot;}\">\n\t\t\t\t\t\t<div class=\"elementor-container elementor-column-gap-no\">\n\t\t\t\t\t<div class=\"elementor-column elementor-col-50 elementor-top-column elementor-element elementor-element-449f5271\" data-id=\"449f5271\" data-element_type=\"column\" data-e-type=\"column\" data-settings=\"{&quot;background_background&quot;:&quot;classic&quot;}\">\n\t\t\t<div class=\"elementor-widget-wrap elementor-element-populated\">\n\t\t\t\t\t\t<div class=\"elementor-element elementor-element-2dc8297f elementor-widget elementor-widget-image\" data-id=\"2dc8297f\" data-element_type=\"widget\" data-e-type=\"widget\" data-widget_type=\"image.default\">\n\t\t\t\t\t\t\t\t\t\t\t\t\t\t\t<img fetchpriority=\"high\" decoding=\"async\" width=\"1558\" height=\"2175\" src=\"https:\/\/www.copantalya.com\/wp-content\/uploads\/2026\/02\/3145-2-1.jpg\" class=\"attachment-full size-full wp-image-1480\" alt=\"3145 2 (1)\" srcset=\"https:\/\/www.copantalya.com\/wp-content\/uploads\/2026\/02\/3145-2-1.jpg 1558w, https:\/\/www.copantalya.com\/wp-content\/uploads\/2026\/02\/3145-2-1-215x300.jpg 215w, https:\/\/www.copantalya.com\/wp-content\/uploads\/2026\/02\/3145-2-1-734x1024.jpg 734w, https:\/\/www.copantalya.com\/wp-content\/uploads\/2026\/02\/3145-2-1-768x1072.jpg 768w, https:\/\/www.copantalya.com\/wp-content\/uploads\/2026\/02\/3145-2-1-1100x1536.jpg 1100w, https:\/\/www.copantalya.com\/wp-content\/uploads\/2026\/02\/3145-2-1-1467x2048.jpg 1467w\" sizes=\"(max-width: 1558px) 100vw, 1558px\" title=\"\u00a01,5\u00b0C Objetivo\u00a0\">\t\t\t\t\t\t\t\t\t\t\t\t\t\t\t<\/div>\n\t\t\t\t\t<\/div>\n\t\t<\/div>\n\t\t\t\t<div class=\"elementor-column elementor-col-50 elementor-top-column elementor-element elementor-element-110ff62b\" data-id=\"110ff62b\" data-element_type=\"column\" data-e-type=\"column\">\n\t\t\t<div class=\"elementor-widget-wrap elementor-element-populated\">\n\t\t\t\t\t\t<div class=\"elementor-element elementor-element-60756c86 elementor-widget elementor-widget-text-editor\" data-id=\"60756c86\" data-element_type=\"widget\" data-e-type=\"widget\" data-widget_type=\"text-editor.default\">\n\t\t\t\t\t\t\t\t\t<p><span class=\"Apple-converted-space\">\u00a0<\/span>La cuesti\u00f3n de si se ha agotado el camino actual hacia el objetivo de un grado y medio se encuentra en una fase cr\u00edtica a la luz de las conclusiones presentadas por los expertos. Las mediciones actuales indican que este l\u00edmite est\u00e1 a punto de sobrepasarse. El aumento de la temperatura est\u00e1 en el centro del Acuerdo de Par\u00eds, y los datos de las Naciones Unidas as\u00ed lo demuestran. Esta cifra no es s\u00f3lo un objetivo, sino un l\u00edmite duro para la protecci\u00f3n de los ecosistemas. En los \u00faltimos doce meses, esta l\u00ednea ha estado muy cerca, y en algunos periodos incluso se ha dejado atr\u00e1s brevemente. La realidad es que el l\u00edmite ya no est\u00e1 lejos.<span class=\"Apple-converted-space\">\u00a0<\/span><\/p>\t\t\t\t\t\t\t\t<\/div>\n\t\t\t\t<div class=\"elementor-element elementor-element-618e276 elementor-widget-divider--view-line elementor-widget elementor-widget-divider\" data-id=\"618e276\" data-element_type=\"widget\" data-e-type=\"widget\" data-widget_type=\"divider.default\">\n\t\t\t\t\t\t\t<div class=\"elementor-divider\">\n\t\t\t<span class=\"elementor-divider-separator\">\n\t\t\t\t\t\t<\/span>\n\t\t<\/div>\n\t\t\t\t\t\t<\/div>\n\t\t\t\t<div class=\"elementor-element elementor-element-40c11df0 elementor-widget elementor-widget-heading\" data-id=\"40c11df0\" data-element_type=\"widget\" data-e-type=\"widget\" data-widget_type=\"heading.default\">\n\t\t\t\t\t<h2 class=\"elementor-heading-title elementor-size-default\">\u00bfQu\u00e9 es el objetivo de 1,5 \u00b0C?<\/h2>\t\t\t\t<\/div>\n\t\t\t\t<div class=\"elementor-element elementor-element-42b33c31 elementor-widget elementor-widget-text-editor\" data-id=\"42b33c31\" data-element_type=\"widget\" data-e-type=\"widget\" data-widget_type=\"text-editor.default\">\n\t\t\t\t\t\t\t\t\t<p><span class=\"Apple-converted-space\">\u00a0<\/span>Este 1,5 grados, el l\u00edmite indicado en el Acuerdo de Par\u00eds, muestra cu\u00e1nto no debe aumentar la temperatura global en comparaci\u00f3n con los a\u00f1os preindustriales. Los cient\u00edficos reconocen que se trata de una l\u00ednea importante para evitar la destrucci\u00f3n de los equilibrios naturales. Si las temperaturas suben m\u00e1s all\u00e1 de este punto, muchas formas de vida se ver\u00edan seriamente amenazadas.<span class=\"Apple-converted-space\">\u00a0<\/span><\/p>\t\t\t\t\t\t\t\t<\/div>\n\t\t\t\t<div class=\"elementor-element elementor-element-b29b755 elementor-widget-divider--view-line elementor-widget elementor-widget-divider\" data-id=\"b29b755\" data-element_type=\"widget\" data-e-type=\"widget\" data-widget_type=\"divider.default\">\n\t\t\t\t\t\t\t<div class=\"elementor-divider\">\n\t\t\t<span class=\"elementor-divider-separator\">\n\t\t\t\t\t\t<\/span>\n\t\t<\/div>\n\t\t\t\t\t\t<\/div>\n\t\t\t\t<div class=\"elementor-element elementor-element-548ad0c elementor-widget elementor-widget-heading\" data-id=\"548ad0c\" data-element_type=\"widget\" data-e-type=\"widget\" data-widget_type=\"heading.default\">\n\t\t\t\t\t<h2 class=\"elementor-heading-title elementor-size-default\">\u00bfPor qu\u00e9 1,5 grados?<\/h2>\t\t\t\t<\/div>\n\t\t\t\t<div class=\"elementor-element elementor-element-52da8e6 elementor-widget elementor-widget-text-editor\" data-id=\"52da8e6\" data-element_type=\"widget\" data-e-type=\"widget\" data-widget_type=\"text-editor.default\">\n\t\t\t\t\t\t\t\t\t<p>Cuando se alcancen los puntos de ruptura, el sistema clim\u00e1tico sufrir\u00e1 da\u00f1os irreversibles.<br \/>se prev\u00e9 el inicio de procesos que podr\u00edan afectar al clima. Incluso con medio grado m\u00e1s -2\u00b0C en lugar de 1,5\u00b0C-, los glaciares se derriten r\u00e1pidamente y las zonas de sequ\u00eda se expanden. A un grado y medio Celsius, entre el setenta y el noventa por ciento de los arrecifes de coral sufrir\u00edan da\u00f1os, mientras que a dos grados Celsius, los da\u00f1os se extender\u00edan a casi todos ellos. El calor extremo que sufren algunas personas se agrava mucho m\u00e1s con un aumento de la temperatura de 2 \u00baC. En este caso, el n\u00famero de personas afectadas es casi dos veces y media mayor que para un aumento de 1,5\u00baC. Un oc\u00e9ano \u00c1rtico sin hielo en verano s\u00f3lo puede producirse una vez cada cien a\u00f1os si la temperatura alcanza los 1,5 grados cent\u00edgrados; con dos grados cent\u00edgrados, esto ocurrir\u00eda una vez cada diez a\u00f1os.<br \/>se espera.<\/p>\t\t\t\t\t\t\t\t<\/div>\n\t\t\t\t\t<\/div>\n\t\t<\/div>\n\t\t\t\t\t<\/div>\n\t\t<\/section>\n\t\t<div class=\"elementor-element elementor-element-392e95ed e-flex e-con-boxed e-con e-parent\" data-id=\"392e95ed\" data-element_type=\"container\" data-e-type=\"container\">\n\t\t\t\t\t<div class=\"e-con-inner\">\n\t\t<div class=\"elementor-element elementor-element-18520035 e-con-full e-flex e-con e-child\" data-id=\"18520035\" data-element_type=\"container\" data-e-type=\"container\">\n\t\t\t\t<div class=\"elementor-element elementor-element-3de384e0 elementor-invisible elementor-widget elementor-widget-heading\" data-id=\"3de384e0\" data-element_type=\"widget\" data-e-type=\"widget\" data-settings=\"{&quot;_animation&quot;:&quot;fadeInLeft&quot;}\" data-widget_type=\"heading.default\">\n\t\t\t\t\t<h2 class=\"elementor-heading-title elementor-size-default\">Medidas cient\u00edficas<\/h2>\t\t\t\t<\/div>\n\t\t\t\t<div class=\"elementor-element elementor-element-167e3cc2 elementor-invisible elementor-widget elementor-widget-text-editor\" data-id=\"167e3cc2\" data-element_type=\"widget\" data-e-type=\"widget\" data-settings=\"{&quot;_animation&quot;:&quot;fadeInLeft&quot;,&quot;_animation_delay&quot;:1000}\" data-widget_type=\"text-editor.default\">\n\t\t\t\t\t\t\t\t\t<p>Los cient\u00edficos reconocen desde hace tiempo que el clima est\u00e1 cambiando. Mediciones recientes muestran cu\u00e1nto han subido las temperaturas. Este aumento se debe en gran medida a las f\u00e1bricas y los veh\u00edculos. Este proceso, que se ha intensificado especialmente en el \u00faltimo siglo, ha tenido un impacto directo. Seg\u00fan los resultados de las mediciones, la diferencia es ahora bastante clara. Los valores de temperatura son claramente diferentes de sus predecesores. Los gases de origen humano desempe\u00f1an aqu\u00ed un papel clave. El cambio observado no puede explicarse \u00fanicamente por los ciclos naturales. Los datos tambi\u00e9n muestran que el proceso se est\u00e1 acelerando en comparaci\u00f3n con d\u00e9cadas anteriores.<span class=\"Apple-converted-space\">\u00a0<\/span><\/p><p>La cantidad de aumento es de aproximadamente 1,1 a 1,2 grados cent\u00edgrados, y los principales informes as\u00ed lo confirman. Estas cifras se han comprobado repetidamente en las fuentes.<span class=\"Apple-converted-space\">\u00a0<\/span><\/p>\t\t\t\t\t\t\t\t<\/div>\n\t\t\t\t<div class=\"elementor-element elementor-element-1a5196f elementor-invisible elementor-widget elementor-widget-heading\" data-id=\"1a5196f\" data-element_type=\"widget\" data-e-type=\"widget\" data-settings=\"{&quot;_animation&quot;:&quot;fadeInLeft&quot;}\" data-widget_type=\"heading.default\">\n\t\t\t\t\t<h2 class=\"elementor-heading-title elementor-size-default\">Estado de las emisiones<\/h2>\t\t\t\t<\/div>\n\t\t\t\t<div class=\"elementor-element elementor-element-4f4bc9a elementor-invisible elementor-widget elementor-widget-text-editor\" data-id=\"4f4bc9a\" data-element_type=\"widget\" data-e-type=\"widget\" data-settings=\"{&quot;_animation&quot;:&quot;fadeInLeft&quot;,&quot;_animation_delay&quot;:1000}\" data-widget_type=\"text-editor.default\">\n\t\t\t\t\t\t\t\t\t<p>Cuando el carbono se agota, la temperatura no deja de aumentar. El di\u00f3xido de carbono emitido hoy en el mundo, unos cuarenta mil millones de toneladas, provoca cada a\u00f1o una r\u00e1pida disminuci\u00f3n de esta reserva. Para mantener el l\u00edmite de 1,5 grados cent\u00edgrados, parece que lo que tenemos no ser\u00e1 suficiente. La fracci\u00f3n utilizable probablemente llegar\u00e1 a cero tarde o temprano, y los expertos dicen que esto podr\u00eda ocurrir antes de 2030. El reloj sigue corriendo y la cuenta contin\u00faa. En algunos meses, especialmente entre 2023 y 2024, las temperaturas medidas en todo el mundo han superado brevemente los 1,5 grados cent\u00edgrados. Sin embargo, cuando los expertos hablan de tal situaci\u00f3n, se basan en la media de veinte a\u00f1os.<span class=\"Apple-converted-space\">\u00a0<\/span><\/p>\t\t\t\t\t\t\t\t<\/div>\n\t\t\t\t<div class=\"elementor-element elementor-element-b968c02 elementor-invisible elementor-widget elementor-widget-heading\" data-id=\"b968c02\" data-element_type=\"widget\" data-e-type=\"widget\" data-settings=\"{&quot;_animation&quot;:&quot;fadeInLeft&quot;}\" data-widget_type=\"heading.default\">\n\t\t\t\t\t<h2 class=\"elementor-heading-title elementor-size-default\">Datos disponibles<\/h2>\t\t\t\t<\/div>\n\t\t\t\t<div class=\"elementor-element elementor-element-79e8998 elementor-invisible elementor-widget elementor-widget-text-editor\" data-id=\"79e8998\" data-element_type=\"widget\" data-e-type=\"widget\" data-settings=\"{&quot;_animation&quot;:&quot;fadeInLeft&quot;,&quot;_animation_delay&quot;:1000}\" data-widget_type=\"text-editor.default\">\n\t\t\t\t\t\t\t\t\t<p>Al analizar los futuros fen\u00f3menos meteorol\u00f3gicos, la Organizaci\u00f3n Meteorol\u00f3gica Mundial y el Servicio de Cambio Clim\u00e1tico Copernicus de la Uni\u00f3n Europea han confirmado que 2023 ser\u00e1 el a\u00f1o m\u00e1s caluroso de la historia. La informaci\u00f3n publicada se basa en los datos de enero de 2024. En los \u00faltimos doce meses, la temperatura media mundial ha aumentado 1,52 \u00b0C m\u00e1s que en la \u00e9poca preindustrial. En otras palabras, por primera vez se ha superado a corto plazo el umbral de 1,5\u00b0C. Aunque la media de veinte a\u00f1os es el punto clave, incluso 12 meses proporcionan pistas notables. Si se observa la tendencia, el aumento de la temperatura avanza muy por delante de lo previsto. Mientras tanto, seg\u00fan el panorama dibujado por el IPCC, si no cambian las reglas actuales, el l\u00edmite seguir\u00e1 rezagado hasta 2030.<span class=\"Apple-converted-space\">\u00a0<\/span><\/p>\t\t\t\t\t\t\t\t<\/div>\n\t\t\t\t<div class=\"elementor-element elementor-element-ea75b19 elementor-invisible elementor-widget elementor-widget-heading\" data-id=\"ea75b19\" data-element_type=\"widget\" data-e-type=\"widget\" data-settings=\"{&quot;_animation&quot;:&quot;fadeInLeft&quot;}\" data-widget_type=\"heading.default\">\n\t\t\t\t\t<h2 class=\"elementor-heading-title elementor-size-default\">Brecha de emisiones y econom\u00eda<\/h2>\t\t\t\t<\/div>\n\t\t\t\t<div class=\"elementor-element elementor-element-e749593 elementor-invisible elementor-widget elementor-widget-text-editor\" data-id=\"e749593\" data-element_type=\"widget\" data-e-type=\"widget\" data-settings=\"{&quot;_animation&quot;:&quot;fadeInLeft&quot;,&quot;_animation_delay&quot;:1000}\" data-widget_type=\"text-editor.default\">\n\t\t\t\t\t\t\t\t\t<p>K\u00fcresel sal\u0131n\u0131mlar azalmak yerine art\u0131\u015f e\u011filimindedir. Halbuki 2030\u2019a dek bu de\u011ferlerin %43 gerilemesi gerekti\u011fi hesaplanmaktad\u0131r. \u015eu anda y\u00fcr\u00fcrl\u00fckte olan kurallar alt\u0131nda, y\u00fczy\u0131l sonunda d\u00fcnya s\u0131cakl\u0131\u011f\u0131n\u0131n yakla\u015f\u0131k 2.5\u00b0C ile 2.9\u00b0C y\u00fckselmesi beklenmektedir. Bu durum Birle\u015fmi\u015f Milletler\u2019in \u00e7evre kolu taraf\u0131ndan haz\u0131rlanan raporda a\u00e7\u0131k\u00e7a ortaya konmaktad\u0131r. Ekonominin dengesi, 1.5 derece s\u0131n\u0131r\u0131n\u0131n geride kalmas\u0131 halinde ciddi sars\u0131nt\u0131 ya\u015fayacakt\u0131r. 2024 verilerine dayal\u0131 finansal hesaplamalar, do\u011fal afetlerin k\u00fcresel gelire y\u0131ll\u0131k maliyetinin milyarlarca dolara ula\u015ft\u0131\u011f\u0131n\u0131 g\u00f6stermektedir. S\u0131cakl\u0131k iki derece daha t\u0131rman\u0131rsa, GSY\u0130H&#8217;\u0131n onda birinden fazlas\u0131n\u0131 kaybetmek s\u00f6z konusudur.<span class=\"Apple-converted-space\">\u00a0<\/span><\/p>\t\t\t\t\t\t\t\t<\/div>\n\t\t\t\t<div class=\"elementor-element elementor-element-0aa4b6f elementor-invisible elementor-widget elementor-widget-heading\" data-id=\"0aa4b6f\" data-element_type=\"widget\" data-e-type=\"widget\" data-settings=\"{&quot;_animation&quot;:&quot;fadeInLeft&quot;}\" data-widget_type=\"heading.default\">\n\t\t\t\t\t<h2 class=\"elementor-heading-title elementor-size-default\">Procesos de intervenci\u00f3n y adaptaci\u00f3n<\/h2>\t\t\t\t<\/div>\n\t\t\t\t<div class=\"elementor-element elementor-element-7c12c80 elementor-invisible elementor-widget elementor-widget-text-editor\" data-id=\"7c12c80\" data-element_type=\"widget\" data-e-type=\"widget\" data-settings=\"{&quot;_animation&quot;:&quot;fadeInLeft&quot;,&quot;_animation_delay&quot;:1000}\" data-widget_type=\"text-editor.default\">\n\t\t\t\t\t\t\t\t\t<p>Los cient\u00edficos creen que un l\u00edmite de 1,5 \u00b0C es t\u00e9cnicamente alcanzable, pero falta impulso pol\u00edtico. Para cumplir esta hoja de ruta, los m\u00e9todos de eliminaci\u00f3n del carbono deben avanzar m\u00e1s r\u00e1pido. Si aumenta el apoyo al clima en las regiones empobrecidas, tal vez sea posible mantener el equilibrio mundial. Mejorar los sistemas energ\u00e9ticos<span class=\"Apple-converted-space\">\u00a0<\/span><\/p><p>El cambio clim\u00e1tico se ha convertido en una necesidad para las generaciones futuras. La normativa industrial no s\u00f3lo protege la naturaleza, sino que tambi\u00e9n determina la capacidad de recuperaci\u00f3n de la econom\u00eda.<span class=\"Apple-converted-space\">\u00a0<\/span><\/p>\t\t\t\t\t\t\t\t<\/div>\n\t\t\t\t<div class=\"elementor-element elementor-element-d274ba1 elementor-invisible elementor-widget elementor-widget-heading\" data-id=\"d274ba1\" data-element_type=\"widget\" data-e-type=\"widget\" data-settings=\"{&quot;_animation&quot;:&quot;fadeInLeft&quot;}\" data-widget_type=\"heading.default\">\n\t\t\t\t\t<h2 class=\"elementor-heading-title elementor-size-default\">Conclusi\u00f3n<\/h2>\t\t\t\t<\/div>\n\t\t\t\t<div class=\"elementor-element elementor-element-ebe836f elementor-invisible elementor-widget elementor-widget-text-editor\" data-id=\"ebe836f\" data-element_type=\"widget\" data-e-type=\"widget\" data-settings=\"{&quot;_animation&quot;:&quot;fadeInLeft&quot;,&quot;_animation_delay&quot;:1000}\" data-widget_type=\"text-editor.default\">\n\t\t\t\t\t\t\t\t\t<p>Hay quien piensa que ya se ha superado el l\u00edmite de 1,5 \u00b0C, pero cient\u00edficamente a\u00fan no se ha llegado a ese punto. Cada aumento de temperatura agrava las cat\u00e1strofes, debilita la naturaleza y perturba los procesos econ\u00f3micos. La cuesti\u00f3n de si los gobiernos actuar\u00e1n con la ciencia y dejar\u00e1n un mundo habitable para las generaciones futuras es una responsabilidad fundamental de las estructuras actuales de toma de decisiones.<span class=\"Apple-converted-space\">\u00a0<\/span><\/p>\t\t\t\t\t\t\t\t<\/div>\n\t\t\t\t<\/div>\n\t\t\t\t\t<\/div>\n\t\t\t\t<\/div>\n\t\t\t\t<\/div>","protected":false},"excerpt":{"rendered":"<p>1.5\u00b0C Hedefi 1.5\u00b0C Hedefi Fiilen A\u015f\u0131ld\u0131 m\u0131? Bilim Ne Diyor? \u00a0Bir bu\u00e7uk derece hedefine y\u00f6nelik mevcut yolun t\u00fckenip t\u00fckenmedi\u011fi konusu, [&hellip;]<\/p>\n","protected":false},"author":1,"featured_media":0,"parent":0,"menu_order":0,"comment_status":"closed","ping_status":"closed","template":"","meta":{"om_disable_all_campaigns":false,"_monsterinsights_skip_tracking":false,"_monsterinsights_sitenote_active":false,"_monsterinsights_sitenote_note":"","_monsterinsights_sitenote_category":0,"site-sidebar-layout":"no-sidebar","site-content-layout":"page-builder","ast-site-content-layout":"full-width-container","site-content-style":"default","site-sidebar-style":"default","ast-global-header-display":"","ast-banner-title-visibility":"","ast-main-header-display":"","ast-hfb-above-header-display":"","ast-hfb-below-header-display":"","ast-hfb-mobile-header-display":"","site-post-title":"disabled","ast-breadcrumbs-content":"","ast-featured-img":"disabled","footer-sml-layout":"","theme-transparent-header-meta":"enabled","adv-header-id-meta":"","stick-header-meta":"","header-above-stick-meta":"","header-main-stick-meta":"","header-below-stick-meta":"","astra-migrate-meta-layouts":"set","ast-page-background-enabled":"default","ast-page-background-meta":{"desktop":{"background-color":"","background-image":"","background-repeat":"repeat","background-position":"center center","background-size":"auto","background-attachment":"scroll","background-type":"","background-media":"","overlay-type":"","overlay-color":"","overlay-opacity":"","overlay-gradient":""},"tablet":{"background-color":"","background-image":"","background-repeat":"repeat","background-position":"center center","background-size":"auto","background-attachment":"scroll","background-type":"","background-media":"","overlay-type":"","overlay-color":"","overlay-opacity":"","overlay-gradient":""},"mobile":{"background-color":"","background-image":"","background-repeat":"repeat","background-position":"center center","background-size":"auto","background-attachment":"scroll","background-type":"","background-media":"","overlay-type":"","overlay-color":"","overlay-opacity":"","overlay-gradient":""}},"ast-content-background-meta":{"desktop":{"background-color":"var(--ast-global-color-5)","background-image":"","background-repeat":"repeat","background-position":"center center","background-size":"auto","background-attachment":"scroll","background-type":"","background-media":"","overlay-type":"","overlay-color":"","overlay-opacity":"","overlay-gradient":""},"tablet":{"background-color":"var(--ast-global-color-5)","background-image":"","background-repeat":"repeat","background-position":"center center","background-size":"auto","background-attachment":"scroll","background-type":"","background-media":"","overlay-type":"","overlay-color":"","overlay-opacity":"","overlay-gradient":""},"mobile":{"background-color":"var(--ast-global-color-5)","background-image":"","background-repeat":"repeat","background-position":"center center","background-size":"auto","background-attachment":"scroll","background-type":"","background-media":"","overlay-type":"","overlay-color":"","overlay-opacity":"","overlay-gradient":""}},"footnotes":""},"class_list":["post-1573","page","type-page","status-publish","hentry"],"aioseo_notices":[],"_links":{"self":[{"href":"https:\/\/www.copantalya.com\/es\/wp-json\/wp\/v2\/pages\/1573","targetHints":{"allow":["GET"]}}],"collection":[{"href":"https:\/\/www.copantalya.com\/es\/wp-json\/wp\/v2\/pages"}],"about":[{"href":"https:\/\/www.copantalya.com\/es\/wp-json\/wp\/v2\/types\/page"}],"author":[{"embeddable":true,"href":"https:\/\/www.copantalya.com\/es\/wp-json\/wp\/v2\/users\/1"}],"replies":[{"embeddable":true,"href":"https:\/\/www.copantalya.com\/es\/wp-json\/wp\/v2\/comments?post=1573"}],"version-history":[{"count":31,"href":"https:\/\/www.copantalya.com\/es\/wp-json\/wp\/v2\/pages\/1573\/revisions"}],"predecessor-version":[{"id":1730,"href":"https:\/\/www.copantalya.com\/es\/wp-json\/wp\/v2\/pages\/1573\/revisions\/1730"}],"wp:attachment":[{"href":"https:\/\/www.copantalya.com\/es\/wp-json\/wp\/v2\/media?parent=1573"}],"curies":[{"name":"wp","href":"https:\/\/api.w.org\/{rel}","templated":true}]}}