{"id":1420,"date":"2026-02-18T19:08:50","date_gmt":"2026-02-18T19:08:50","guid":{"rendered":"https:\/\/www.copantalya.com\/?page_id=1420"},"modified":"2026-03-02T19:37:20","modified_gmt":"2026-03-02T19:37:20","slug":"karbon-etkisi","status":"publish","type":"page","link":"https:\/\/www.copantalya.com\/fi\/karbon-etkisi\/","title":{"rendered":"Hiilivaikutus"},"content":{"rendered":"<div data-elementor-type=\"wp-page\" data-elementor-id=\"1420\" class=\"elementor elementor-1420\">\n\t\t\t\t<div class=\"elementor-element elementor-element-262daccf e-flex e-con-boxed e-con e-parent\" data-id=\"262daccf\" data-element_type=\"container\" data-e-type=\"container\" data-settings=\"{&quot;background_background&quot;:&quot;classic&quot;}\">\n\t\t\t\t\t<div class=\"e-con-inner\">\n\t\t<div class=\"elementor-element elementor-element-1e303980 e-con-full e-flex e-con e-child\" data-id=\"1e303980\" data-element_type=\"container\" data-e-type=\"container\">\n\t\t\t\t<div class=\"elementor-element elementor-element-6aa7c23 elementor-widget elementor-widget-heading\" data-id=\"6aa7c23\" data-element_type=\"widget\" data-e-type=\"widget\" data-widget_type=\"heading.default\">\n\t\t\t\t\t<h1 class=\"elementor-heading-title elementor-size-default\">Tietokeskusten hiilijalanj\u00e4lki digitalisaatioprosessissa ja sen vuorovaikutus ilmastokriisin kanssa<\/h1>\t\t\t\t<\/div>\n\t\t\t\t<\/div>\n\t\t\t\t\t<\/div>\n\t\t\t\t<\/div>\n\t\t\t\t<section class=\"elementor-section elementor-top-section elementor-element elementor-element-1d9728db elementor-section-content-middle elementor-section-boxed elementor-section-height-default elementor-section-height-default\" data-id=\"1d9728db\" data-element_type=\"section\" data-e-type=\"section\" data-settings=\"{&quot;background_background&quot;:&quot;classic&quot;}\">\n\t\t\t\t\t\t<div class=\"elementor-container elementor-column-gap-no\">\n\t\t\t\t\t<div class=\"elementor-column elementor-col-50 elementor-top-column elementor-element elementor-element-29a6ff73\" data-id=\"29a6ff73\" data-element_type=\"column\" data-e-type=\"column\" data-settings=\"{&quot;background_background&quot;:&quot;classic&quot;}\">\n\t\t\t<div class=\"elementor-widget-wrap elementor-element-populated\">\n\t\t\t\t\t\t<div class=\"elementor-element elementor-element-589de755 elementor-widget elementor-widget-image\" data-id=\"589de755\" data-element_type=\"widget\" data-e-type=\"widget\" data-widget_type=\"image.default\">\n\t\t\t\t\t\t\t\t\t\t\t\t\t\t\t<img fetchpriority=\"high\" decoding=\"async\" width=\"1001\" height=\"1500\" src=\"https:\/\/www.copantalya.com\/wp-content\/uploads\/2026\/02\/16472-2.jpg\" class=\"attachment-full size-full wp-image-1269\" alt=\"16472 2\" srcset=\"https:\/\/www.copantalya.com\/wp-content\/uploads\/2026\/02\/16472-2.jpg 1001w, https:\/\/www.copantalya.com\/wp-content\/uploads\/2026\/02\/16472-2-200x300.jpg 200w, https:\/\/www.copantalya.com\/wp-content\/uploads\/2026\/02\/16472-2-683x1024.jpg 683w, https:\/\/www.copantalya.com\/wp-content\/uploads\/2026\/02\/16472-2-768x1151.jpg 768w\" sizes=\"(max-width: 1001px) 100vw, 1001px\" title=\"Hiilivaikutus\">\t\t\t\t\t\t\t\t\t\t\t\t\t\t\t<\/div>\n\t\t\t\t\t<\/div>\n\t\t<\/div>\n\t\t\t\t<div class=\"elementor-column elementor-col-50 elementor-top-column elementor-element elementor-element-6b99767f\" data-id=\"6b99767f\" data-element_type=\"column\" data-e-type=\"column\">\n\t\t\t<div class=\"elementor-widget-wrap elementor-element-populated\">\n\t\t\t\t\t\t<div class=\"elementor-element elementor-element-6fda241 elementor-widget elementor-widget-text-editor\" data-id=\"6fda241\" data-element_type=\"widget\" data-e-type=\"widget\" data-widget_type=\"text-editor.default\">\n\t\t\t\t\t\t\t\t\t<p class=\"p1\">Digitalisaatio vaikuttaa nyky-yhteiskuntien taloudelliseen, sosiaaliseen ja poliittiseen rakenteeseen.<br \/>on yksi maailmaa muokkaavista perusprosesseista. Teko\u00e4ly, verkkoalustat, pilvilaskenta<br \/>ja big data -analytiikka; merkitt\u00e4v\u00e4t edut tehokkuuden ja saatavuuden lis\u00e4\u00e4ntymisen kannalta.<br \/>ymp\u00e4rist\u00f6lle. T\u00e4m\u00e4 prosessi aiheuttaa kuitenkin my\u00f6s vakavia ymp\u00e4rist\u00f6kustannuksia, jotka usein j\u00e4tet\u00e4\u00e4n huomiotta.<br \/>digitalisaatioon. Tietokeskukset, jotka muodostavat digitalisaation edellytt\u00e4m\u00e4n infrastruktuurin perustan,<br \/>Kasvava energiankulutus ja siihen liittyv\u00e4t hiilidioksidip\u00e4\u00e4st\u00f6t tunnustetaan yh\u00e4 useammin ilmastokriisin yhteydess\u00e4.<br \/>yh\u00e4 enemm\u00e4n esityslistalla.<\/p>\t\t\t\t\t\t\t\t<\/div>\n\t\t\t\t<div class=\"elementor-element elementor-element-1205ac1c elementor-widget-divider--view-line elementor-widget elementor-widget-divider\" data-id=\"1205ac1c\" data-element_type=\"widget\" data-e-type=\"widget\" data-widget_type=\"divider.default\">\n\t\t\t\t\t\t\t<div class=\"elementor-divider\">\n\t\t\t<span class=\"elementor-divider-separator\">\n\t\t\t\t\t\t<\/span>\n\t\t<\/div>\n\t\t\t\t\t\t<\/div>\n\t\t\t\t<div class=\"elementor-element elementor-element-3939d56b elementor-widget elementor-widget-heading\" data-id=\"3939d56b\" data-element_type=\"widget\" data-e-type=\"widget\" data-widget_type=\"heading.default\">\n\t\t\t\t\t<h2 class=\"elementor-heading-title elementor-size-default\">Digitalisaatio ja energian kysynn\u00e4n kasvu<\/h2>\t\t\t\t<\/div>\n\t\t\t\t<div class=\"elementor-element elementor-element-11db7874 elementor-widget elementor-widget-text-editor\" data-id=\"11db7874\" data-element_type=\"widget\" data-e-type=\"widget\" data-widget_type=\"text-editor.default\">\n\t\t\t\t\t\t\t\t\t<p class=\"p1\">Digitaalisten palvelujen maailmanlaajuinen kysynt\u00e4 on kasvanut nopeasti viime vuosikymmenen aikana. Videon suoratoisto-ohjelmistot, sosiaalisen median alustat ja teko\u00e4lyyn perustuvat j\u00e4rjestelm\u00e4t tuottavat suuria m\u00e4\u00e4ri\u00e4 dataa ja vaativat suurta laskentatehoa t\u00e4m\u00e4n datan k\u00e4sittelyyn. Tietokeskukset ovat j\u00e4rjestelmi\u00e4, jotka toimivat jatkuvasti t\u00e4m\u00e4n intensiivisen digitaalisen toiminnan yll\u00e4pit\u00e4miseksi, mik\u00e4 aiheuttaa merkitt\u00e4v\u00e4\u00e4 s\u00e4hk\u00f6nkulutusta.<\/p><p class=\"p1\">T\u00e4ss\u00e4 prosessissa energiankulutus ei rajoitu pelk\u00e4st\u00e4\u00e4n palvelimiin: my\u00f6s j\u00e4\u00e4hdytys-, varmuuskopiointi- ja turvaj\u00e4rjestelmien osuus kokonaiskulutuksesta on merkitt\u00e4v\u00e4. Tutkimusten mukaan datakeskusten osuus maailman s\u00e4hk\u00f6nkulutuksesta on noin %1-2. Jos digitalisaatio jatkuu nopeana, t\u00e4m\u00e4n osuuden odotetaan kasvavan entisest\u00e4\u00e4n tulevina vuosina. Energiantarpeen kasvu aiheuttaa my\u00f6s vakavan hiilidioksidip\u00e4\u00e4st\u00f6ongelman erityisesti maissa, jotka ovat riippuvaisia fossiilisista polttoaineista s\u00e4hk\u00f6ntuotannossa.<\/p>\t\t\t\t\t\t\t\t<\/div>\n\t\t\t\t<div class=\"elementor-element elementor-element-41ea4fe elementor-widget-divider--view-line elementor-widget elementor-widget-divider\" data-id=\"41ea4fe\" data-element_type=\"widget\" data-e-type=\"widget\" data-widget_type=\"divider.default\">\n\t\t\t\t\t\t\t<div class=\"elementor-divider\">\n\t\t\t<span class=\"elementor-divider-separator\">\n\t\t\t\t\t\t<\/span>\n\t\t<\/div>\n\t\t\t\t\t\t<\/div>\n\t\t\t\t<div class=\"elementor-element elementor-element-5ceb260 elementor-widget elementor-widget-heading\" data-id=\"5ceb260\" data-element_type=\"widget\" data-e-type=\"widget\" data-widget_type=\"heading.default\">\n\t\t\t\t\t<h2 class=\"elementor-heading-title elementor-size-default\">Tietokeskusten hiilijalanj\u00e4lki<\/h2>\t\t\t\t<\/div>\n\t\t\t\t<div class=\"elementor-element elementor-element-cfed3d8 elementor-widget elementor-widget-text-editor\" data-id=\"cfed3d8\" data-element_type=\"widget\" data-e-type=\"widget\" data-widget_type=\"text-editor.default\">\n\t\t\t\t\t\t\t\t\t<p><span style=\"font-weight: 400;\">Tietokeskusten hiilijalanj\u00e4lki m\u00e4\u00e4r\u00e4ytyy suurelta osin k\u00e4ytetyn energial\u00e4hteen luonteen mukaan. Uusiutuvia energial\u00e4hteit\u00e4 k\u00e4ytt\u00e4vien konesalien p\u00e4\u00e4st\u00f6t ovat pienemm\u00e4t, mutta fossiilisten polttoaineiden, kuten hiilen ja maakaasun, hallitsemissa energiaj\u00e4rjestelmiss\u00e4 toimivat konesalit aiheuttavat suuria ep\u00e4suoria p\u00e4\u00e4st\u00f6j\u00e4. T\u00e4m\u00e4 osoittaa, ett\u00e4 digitalisaation vaikutus ilmastoon on suoraan yhteydess\u00e4 alueelliseen energiapolitiikkaan.\u00a0<\/span><\/p><p><span style=\"font-weight: 400;\">Lis\u00e4ksi olisi otettava huomioon paitsi suora energiankulutus my\u00f6s datakeskusten ymp\u00e4rist\u00f6vaikutukset. Palvelinten valmistus-, kuljetus- ja s\u00e4\u00e4nn\u00f6llinen uusimisprosessi aiheuttaa paljon hiilidioksidip\u00e4\u00e4st\u00f6j\u00e4.\u00a0<\/span><\/p>\t\t\t\t\t\t\t\t<\/div>\n\t\t\t\t<div class=\"elementor-element elementor-element-2e84cd4 elementor-widget-divider--view-line elementor-widget elementor-widget-divider\" data-id=\"2e84cd4\" data-element_type=\"widget\" data-e-type=\"widget\" data-widget_type=\"divider.default\">\n\t\t\t\t\t\t\t<div class=\"elementor-divider\">\n\t\t\t<span class=\"elementor-divider-separator\">\n\t\t\t\t\t\t<\/span>\n\t\t<\/div>\n\t\t\t\t\t\t<\/div>\n\t\t\t\t<div class=\"elementor-element elementor-element-d557b16 elementor-widget elementor-widget-heading\" data-id=\"d557b16\" data-element_type=\"widget\" data-e-type=\"widget\" data-widget_type=\"heading.default\">\n\t\t\t\t\t<h2 class=\"elementor-heading-title elementor-size-default\">J\u00e4\u00e4hdytysj\u00e4rjestelm\u00e4t ja vedenkulutus<\/h2>\t\t\t\t<\/div>\n\t\t\t\t<div class=\"elementor-element elementor-element-72b1167 elementor-widget elementor-widget-text-editor\" data-id=\"72b1167\" data-element_type=\"widget\" data-e-type=\"widget\" data-widget_type=\"text-editor.default\">\n\t\t\t\t\t\t\t\t\t<p><span style=\"font-weight: 400;\">Merkitt\u00e4v\u00e4 osa datakeskusten energiankulutuksesta kohdistuu j\u00e4\u00e4hdytysj\u00e4rjestelmiin. Jatkuvasti k\u00e4ynniss\u00e4 olevat palvelimet tuottavat suuria m\u00e4\u00e4ri\u00e4 l\u00e4mp\u00f6\u00e4, ja niit\u00e4 on j\u00e4\u00e4hdytett\u00e4v\u00e4, jotta l\u00e4mp\u00f6 pysyy hallinnassa. T\u00e4m\u00e4 lis\u00e4\u00e4 energiankulutusta ja siten hiilidioksidip\u00e4\u00e4st\u00f6j\u00e4 erityisesti kuumassa ilmastossa sijaitsevissa konesaleissa.<\/span><\/p><p><span style=\"font-weight: 400;\">Lis\u00e4ksi monet tietokeskukset k\u00e4ytt\u00e4v\u00e4t suuria m\u00e4\u00e4ri\u00e4 vett\u00e4 j\u00e4\u00e4hdytysprosesseihin. Se voi aiheuttaa ekologisia ja sosiaalisia ongelmia erityisesti alueilla, joilla on vesistressi\u00e4. T\u00e4st\u00e4 syyst\u00e4 datakeskusten ymp\u00e4rist\u00f6vaikutuksia ei pit\u00e4isi rajoittaa pelk\u00e4st\u00e4\u00e4n ilmastonmuutokseen, vaan niit\u00e4 olisi arvioitava my\u00f6s luonnonvarojen kest\u00e4vyyden kannalta.\u00a0<\/span><\/p>\t\t\t\t\t\t\t\t<\/div>\n\t\t\t\t<div class=\"elementor-element elementor-element-f44f1ad elementor-widget-divider--view-line elementor-widget elementor-widget-divider\" data-id=\"f44f1ad\" data-element_type=\"widget\" data-e-type=\"widget\" data-widget_type=\"divider.default\">\n\t\t\t\t\t\t\t<div class=\"elementor-divider\">\n\t\t\t<span class=\"elementor-divider-separator\">\n\t\t\t\t\t\t<\/span>\n\t\t<\/div>\n\t\t\t\t\t\t<\/div>\n\t\t\t\t<div class=\"elementor-element elementor-element-752c582 elementor-widget elementor-widget-heading\" data-id=\"752c582\" data-element_type=\"widget\" data-e-type=\"widget\" data-widget_type=\"heading.default\">\n\t\t\t\t\t<h2 class=\"elementor-heading-title elementor-size-default\">Ilmastopolitiikka ja kest\u00e4v\u00e4 digitaalinen transformaatio<\/h2>\t\t\t\t<\/div>\n\t\t\t\t<div class=\"elementor-element elementor-element-c59bca3 elementor-widget elementor-widget-text-editor\" data-id=\"c59bca3\" data-element_type=\"widget\" data-e-type=\"widget\" data-widget_type=\"text-editor.default\">\n\t\t\t\t\t\t\t\t\t<p><span style=\"font-weight: 400;\">Tietokeskusten hiilivaikutusten v\u00e4hent\u00e4minen liittyy suoraan maailmanlaajuisiin ilmastotavoitteisiin. Yhdistyneiden kansakuntien ymp\u00e4rist\u00f6ohjelman (UNEP) julkaisemissa raporteissa korostetaan, ett\u00e4 on t\u00e4rke\u00e4\u00e4 sovittaa digitaalinen infrastruktuuri yhteen kest\u00e4v\u00e4n kehityksen tavoitteiden kanssa. Lis\u00e4ksi Pariisin sopimuksen tavoitteena on rajoittaa maapallon l\u00e4mp\u00f6tilan nousu 1-2 celsiusasteeseen, mutta se edellytt\u00e4\u00e4 energiaintensiivisten alojen kest\u00e4v\u00e4\u00e4 muutosta. N\u00e4in ollen my\u00f6s digitaalinen sektori olisi sis\u00e4llytett\u00e4v\u00e4 ilmastopolitiikkaan. Kansainv\u00e4lisen energiaj\u00e4rjest\u00f6n (IEA) raporteissa korostetaan, ett\u00e4 on ratkaisevan t\u00e4rke\u00e4\u00e4 ohjata datakeskuksia k\u00e4ytt\u00e4m\u00e4\u00e4n uusiutuvaa energiaa ja tiukentaa energiatehokkuusstandardeja.\u00a0<\/span><\/p><p><span style=\"font-weight: 400;\">Lis\u00e4ksi hukkal\u00e4mm\u00f6n talteenoton, tehokkaampien palvelinarkkitehtuurien ja avoimen p\u00e4\u00e4st\u00f6raportoinnin kaltaiset k\u00e4yt\u00e4nn\u00f6t ovat yksi t\u00e4rkeimmist\u00e4 kest\u00e4v\u00e4n digitalisaation v\u00e4lineist\u00e4. Poliittisella tasolla valtion kannustimet, hiiliverot ja pakolliset raportointimekanismit ovat t\u00e4rkeit\u00e4 v\u00e4lineit\u00e4 digitaalialan ymp\u00e4rist\u00f6vaikutusten v\u00e4hent\u00e4miseksi. T\u00e4llaisten s\u00e4\u00e4d\u00f6sten odotetaan johtavan yrityksi\u00e4 kohti avoimempaa ja vastuullisempaa energiank\u00e4ytt\u00f6\u00e4.\u00a0<\/span><\/p>\t\t\t\t\t\t\t\t<\/div>\n\t\t\t\t<div class=\"elementor-element elementor-element-ce87ea4 elementor-widget-divider--view-line elementor-widget elementor-widget-divider\" data-id=\"ce87ea4\" data-element_type=\"widget\" data-e-type=\"widget\" data-widget_type=\"divider.default\">\n\t\t\t\t\t\t\t<div class=\"elementor-divider\">\n\t\t\t<span class=\"elementor-divider-separator\">\n\t\t\t\t\t\t<\/span>\n\t\t<\/div>\n\t\t\t\t\t\t<\/div>\n\t\t\t\t<div class=\"elementor-element elementor-element-1204cb8 elementor-widget elementor-widget-heading\" data-id=\"1204cb8\" data-element_type=\"widget\" data-e-type=\"widget\" data-widget_type=\"heading.default\">\n\t\t\t\t\t<h2 class=\"elementor-heading-title elementor-size-default\">P\u00e4\u00e4telm\u00e4<\/h2>\t\t\t\t<\/div>\n\t\t\t\t<div class=\"elementor-element elementor-element-0c62aac elementor-widget elementor-widget-text-editor\" data-id=\"0c62aac\" data-element_type=\"widget\" data-e-type=\"widget\" data-widget_type=\"text-editor.default\">\n\t\t\t\t\t\t\t\t\t<p><span style=\"font-weight: 400;\">Vaikka digitalisaatio on nyky-yhteiskunnille v\u00e4ltt\u00e4m\u00e4t\u00f6n prosessi, se aiheuttaa my\u00f6s vakavia ymp\u00e4rist\u00f6kustannuksia. Tietokeskukset ovat yksi t\u00e4rkeimmist\u00e4 aloista, joilla n\u00e4m\u00e4 kustannukset ilmenev\u00e4t. Lis\u00e4\u00e4ntyv\u00e4 energiankulutus, hiilidioksidip\u00e4\u00e4st\u00f6t, vedenkulutus ja elektroniikkaj\u00e4te osoittavat selv\u00e4sti digitaalisen infrastruktuurin ja ilmastokriisin v\u00e4lisen yhteyden.\u00a0<\/span><\/p><p><span style=\"font-weight: 400;\">Siksi digitalisaatiota olisi tarkasteltava paitsi teknologisen kehityksen n\u00e4k\u00f6kulmasta my\u00f6s ymp\u00e4rist\u00f6n kest\u00e4vyyden ja ilmasto-oikeudenmukaisuuden puitteissa. Muuten digitaalisesta muutoksesta voi tulla tekij\u00e4, joka pikemminkin syvent\u00e4\u00e4 ilmastokriisi\u00e4 kuin lievent\u00e4\u00e4 sit\u00e4. Kest\u00e4v\u00e4n tulevaisuuden kannalta on v\u00e4ltt\u00e4m\u00e4t\u00f6nt\u00e4 yhdenmukaistaa digitaaliala ja ilmastopolitiikka.<\/span><\/p>\t\t\t\t\t\t\t\t<\/div>\n\t\t\t\t\t<\/div>\n\t\t<\/div>\n\t\t\t\t\t<\/div>\n\t\t<\/section>\n\t\t<div class=\"elementor-element elementor-element-6d511678 e-flex e-con-boxed e-con e-parent\" data-id=\"6d511678\" data-element_type=\"container\" data-e-type=\"container\" data-settings=\"{&quot;background_background&quot;:&quot;classic&quot;,&quot;shape_divider_top&quot;:&quot;mountains&quot;}\">\n\t\t\t\t\t<div class=\"e-con-inner\">\n\t\t\t\t<div class=\"elementor-shape elementor-shape-top\" aria-hidden=\"true\" data-negative=\"false\">\n\t\t\t<svg xmlns=\"http:\/\/www.w3.org\/2000\/svg\" viewbox=\"0 0 1000 100\" preserveaspectratio=\"none\">\n\t<path class=\"elementor-shape-fill\" opacity=\"0.33\" d=\"M473,67.3c-203.9,88.3-263.1-34-320.3,0C66,119.1,0,59.7,0,59.7V0h1000v59.7 c0,0-62.1,26.1-94.9,29.3c-32.8,3.3-62.8-12.3-75.8-22.1C806,49.6,745.3,8.7,694.9,4.7S492.4,59,473,67.3z\"\/>\n\t<path class=\"elementor-shape-fill\" opacity=\"0.66\" d=\"M734,67.3c-45.5,0-77.2-23.2-129.1-39.1c-28.6-8.7-150.3-10.1-254,39.1 s-91.7-34.4-149.2,0C115.7,118.3,0,39.8,0,39.8V0h1000v36.5c0,0-28.2-18.5-92.1-18.5C810.2,18.1,775.7,67.3,734,67.3z\"\/>\n\t<path class=\"elementor-shape-fill\" d=\"M766.1,28.9c-200-57.5-266,65.5-395.1,19.5C242,1.8,242,5.4,184.8,20.6C128,35.8,132.3,44.9,89.9,52.5C28.6,63.7,0,0,0,0 h1000c0,0-9.9,40.9-83.6,48.1S829.6,47,766.1,28.9z\"\/>\n<\/svg>\t\t<\/div>\n\t\t<div class=\"elementor-element elementor-element-25894c96 e-con-full e-flex e-con e-child\" data-id=\"25894c96\" data-element_type=\"container\" data-e-type=\"container\">\n\t\t\t\t<div class=\"elementor-element elementor-element-11f696ce elementor-widget elementor-widget-heading\" data-id=\"11f696ce\" data-element_type=\"widget\" data-e-type=\"widget\" data-widget_type=\"heading.default\">\n\t\t\t\t\t<div class=\"elementor-heading-title elementor-size-default\">Puhutaan COP31:st\u00e4<\/div>\t\t\t\t<\/div>\n\t\t\t\t<\/div>\n\t\t<div class=\"elementor-element elementor-element-3a105639 e-con-full e-flex e-con e-child\" data-id=\"3a105639\" data-element_type=\"container\" data-e-type=\"container\">\n\t\t\t\t<div class=\"elementor-element elementor-element-491406eb elementor-align-left elementor-tablet-align-left elementor-mobile-align-justify elementor-widget__width-inherit elementor-widget elementor-widget-button\" data-id=\"491406eb\" data-element_type=\"widget\" data-e-type=\"widget\" data-widget_type=\"button.default\">\n\t\t\t\t\t\t\t\t\t\t<a class=\"elementor-button elementor-button-link elementor-size-sm\" href=\"https:\/\/globaliscertification.com\/\" target=\"_blank\">\n\t\t\t\t\t\t<span class=\"elementor-button-content-wrapper\">\n\t\t\t\t\t\t\t\t\t<span class=\"elementor-button-text\">Globalis tiedot<\/span>\n\t\t\t\t\t<\/span>\n\t\t\t\t\t<\/a>\n\t\t\t\t\t\t\t\t<\/div>\n\t\t\t\t<\/div>\n\t\t\t\t\t<\/div>\n\t\t\t\t<\/div>\n\t\t\t\t<\/div>","protected":false},"excerpt":{"rendered":"<p>Dijitalle\u015fme S\u00fcrecinde Veri Merkezlerinin Karbon Ayak \u0130zi ve \u0130klim Kriziyle Etkile\u015fimi Dijitalle\u015fme; modern toplumlar\u0131n ekonomik, sosyal ve siyasi yap\u0131lanmas\u0131n\u0131 etkileyerekyeniden [&hellip;]<\/p>\n","protected":false},"author":1,"featured_media":0,"parent":0,"menu_order":0,"comment_status":"closed","ping_status":"closed","template":"","meta":{"om_disable_all_campaigns":false,"_monsterinsights_skip_tracking":false,"_monsterinsights_sitenote_active":false,"_monsterinsights_sitenote_note":"","_monsterinsights_sitenote_category":0,"site-sidebar-layout":"no-sidebar","site-content-layout":"page-builder","ast-site-content-layout":"full-width-container","site-content-style":"default","site-sidebar-style":"default","ast-global-header-display":"","ast-banner-title-visibility":"","ast-main-header-display":"","ast-hfb-above-header-display":"","ast-hfb-below-header-display":"","ast-hfb-mobile-header-display":"","site-post-title":"disabled","ast-breadcrumbs-content":"","ast-featured-img":"disabled","footer-sml-layout":"","theme-transparent-header-meta":"","adv-header-id-meta":"","stick-header-meta":"","header-above-stick-meta":"","header-main-stick-meta":"","header-below-stick-meta":"","astra-migrate-meta-layouts":"set","ast-page-background-enabled":"default","ast-page-background-meta":{"desktop":{"background-color":"","background-image":"","background-repeat":"repeat","background-position":"center center","background-size":"auto","background-attachment":"scroll","background-type":"","background-media":"","overlay-type":"","overlay-color":"","overlay-opacity":"","overlay-gradient":""},"tablet":{"background-color":"","background-image":"","background-repeat":"repeat","background-position":"center center","background-size":"auto","background-attachment":"scroll","background-type":"","background-media":"","overlay-type":"","overlay-color":"","overlay-opacity":"","overlay-gradient":""},"mobile":{"background-color":"","background-image":"","background-repeat":"repeat","background-position":"center center","background-size":"auto","background-attachment":"scroll","background-type":"","background-media":"","overlay-type":"","overlay-color":"","overlay-opacity":"","overlay-gradient":""}},"ast-content-background-meta":{"desktop":{"background-color":"var(--ast-global-color-5)","background-image":"","background-repeat":"repeat","background-position":"center center","background-size":"auto","background-attachment":"scroll","background-type":"","background-media":"","overlay-type":"","overlay-color":"","overlay-opacity":"","overlay-gradient":""},"tablet":{"background-color":"var(--ast-global-color-5)","background-image":"","background-repeat":"repeat","background-position":"center center","background-size":"auto","background-attachment":"scroll","background-type":"","background-media":"","overlay-type":"","overlay-color":"","overlay-opacity":"","overlay-gradient":""},"mobile":{"background-color":"var(--ast-global-color-5)","background-image":"","background-repeat":"repeat","background-position":"center center","background-size":"auto","background-attachment":"scroll","background-type":"","background-media":"","overlay-type":"","overlay-color":"","overlay-opacity":"","overlay-gradient":""}},"footnotes":""},"class_list":["post-1420","page","type-page","status-publish","hentry"],"aioseo_notices":[],"_links":{"self":[{"href":"https:\/\/www.copantalya.com\/fi\/wp-json\/wp\/v2\/pages\/1420","targetHints":{"allow":["GET"]}}],"collection":[{"href":"https:\/\/www.copantalya.com\/fi\/wp-json\/wp\/v2\/pages"}],"about":[{"href":"https:\/\/www.copantalya.com\/fi\/wp-json\/wp\/v2\/types\/page"}],"author":[{"embeddable":true,"href":"https:\/\/www.copantalya.com\/fi\/wp-json\/wp\/v2\/users\/1"}],"replies":[{"embeddable":true,"href":"https:\/\/www.copantalya.com\/fi\/wp-json\/wp\/v2\/comments?post=1420"}],"version-history":[{"count":13,"href":"https:\/\/www.copantalya.com\/fi\/wp-json\/wp\/v2\/pages\/1420\/revisions"}],"predecessor-version":[{"id":1707,"href":"https:\/\/www.copantalya.com\/fi\/wp-json\/wp\/v2\/pages\/1420\/revisions\/1707"}],"wp:attachment":[{"href":"https:\/\/www.copantalya.com\/fi\/wp-json\/wp\/v2\/media?parent=1420"}],"curies":[{"name":"wp","href":"https:\/\/api.w.org\/{rel}","templated":true}]}}