{"id":1573,"date":"2026-03-02T16:53:05","date_gmt":"2026-03-02T16:53:05","guid":{"rendered":"https:\/\/www.copantalya.com\/?page_id=1573"},"modified":"2026-03-06T18:34:54","modified_gmt":"2026-03-06T18:34:54","slug":"1-5c-hedefi","status":"publish","type":"page","link":"https:\/\/www.copantalya.com\/fi\/1-5c-hedefi\/","title":{"rendered":"\u00a01,5\u00b0C Tavoite\u00a0"},"content":{"rendered":"<div data-elementor-type=\"wp-page\" data-elementor-id=\"1573\" class=\"elementor elementor-1573\">\n\t\t\t\t<div class=\"elementor-element elementor-element-1a06fab0 e-flex e-con-boxed e-con e-parent\" data-id=\"1a06fab0\" data-element_type=\"container\" data-e-type=\"container\" data-settings=\"{&quot;background_background&quot;:&quot;classic&quot;}\">\n\t\t\t\t\t<div class=\"e-con-inner\">\n\t\t<div class=\"elementor-element elementor-element-7a60a9b4 e-con-full e-flex e-con e-child\" data-id=\"7a60a9b4\" data-element_type=\"container\" data-e-type=\"container\">\n\t\t\t\t<div class=\"elementor-element elementor-element-3cd5dba2 elementor-widget elementor-widget-heading\" data-id=\"3cd5dba2\" data-element_type=\"widget\" data-e-type=\"widget\" data-widget_type=\"heading.default\">\n\t\t\t\t\t<h1 class=\"elementor-heading-title elementor-size-default\">1,5\u00b0C Tavoite<\/h1>\t\t\t\t<\/div>\n\t\t\t\t<div class=\"elementor-element elementor-element-7782537b elementor-widget elementor-widget-text-editor\" data-id=\"7782537b\" data-element_type=\"widget\" data-e-type=\"widget\" data-widget_type=\"text-editor.default\">\n\t\t\t\t\t\t\t\t\t<p>Onko 1,5 celsiusasteen tavoite todella ylitetty? Mit\u00e4 tiede sanoo?<\/p>\t\t\t\t\t\t\t\t<\/div>\n\t\t\t\t<\/div>\n\t\t\t\t\t<\/div>\n\t\t\t\t<\/div>\n\t\t\t\t<section class=\"elementor-section elementor-top-section elementor-element elementor-element-665fdabd elementor-section-content-middle elementor-section-boxed elementor-section-height-default elementor-section-height-default\" data-id=\"665fdabd\" data-element_type=\"section\" data-e-type=\"section\" data-settings=\"{&quot;background_background&quot;:&quot;classic&quot;}\">\n\t\t\t\t\t\t<div class=\"elementor-container elementor-column-gap-no\">\n\t\t\t\t\t<div class=\"elementor-column elementor-col-50 elementor-top-column elementor-element elementor-element-449f5271\" data-id=\"449f5271\" data-element_type=\"column\" data-e-type=\"column\" data-settings=\"{&quot;background_background&quot;:&quot;classic&quot;}\">\n\t\t\t<div class=\"elementor-widget-wrap elementor-element-populated\">\n\t\t\t\t\t\t<div class=\"elementor-element elementor-element-2dc8297f elementor-widget elementor-widget-image\" data-id=\"2dc8297f\" data-element_type=\"widget\" data-e-type=\"widget\" data-widget_type=\"image.default\">\n\t\t\t\t\t\t\t\t\t\t\t\t\t\t\t<img fetchpriority=\"high\" decoding=\"async\" width=\"1558\" height=\"2175\" src=\"https:\/\/www.copantalya.com\/wp-content\/uploads\/2026\/02\/3145-2-1.jpg\" class=\"attachment-full size-full wp-image-1480\" alt=\"3145 2 (1)\" srcset=\"https:\/\/www.copantalya.com\/wp-content\/uploads\/2026\/02\/3145-2-1.jpg 1558w, https:\/\/www.copantalya.com\/wp-content\/uploads\/2026\/02\/3145-2-1-215x300.jpg 215w, https:\/\/www.copantalya.com\/wp-content\/uploads\/2026\/02\/3145-2-1-734x1024.jpg 734w, https:\/\/www.copantalya.com\/wp-content\/uploads\/2026\/02\/3145-2-1-768x1072.jpg 768w, https:\/\/www.copantalya.com\/wp-content\/uploads\/2026\/02\/3145-2-1-1100x1536.jpg 1100w, https:\/\/www.copantalya.com\/wp-content\/uploads\/2026\/02\/3145-2-1-1467x2048.jpg 1467w\" sizes=\"(max-width: 1558px) 100vw, 1558px\" title=\"\u00a01,5\u00b0C Tavoite\u00a0\">\t\t\t\t\t\t\t\t\t\t\t\t\t\t\t<\/div>\n\t\t\t\t\t<\/div>\n\t\t<\/div>\n\t\t\t\t<div class=\"elementor-column elementor-col-50 elementor-top-column elementor-element elementor-element-110ff62b\" data-id=\"110ff62b\" data-element_type=\"column\" data-e-type=\"column\">\n\t\t\t<div class=\"elementor-widget-wrap elementor-element-populated\">\n\t\t\t\t\t\t<div class=\"elementor-element elementor-element-60756c86 elementor-widget elementor-widget-text-editor\" data-id=\"60756c86\" data-element_type=\"widget\" data-e-type=\"widget\" data-widget_type=\"text-editor.default\">\n\t\t\t\t\t\t\t\t\t<p><span class=\"Apple-converted-space\">\u00a0<\/span>Asiantuntijoiden esitt\u00e4mien havaintojen valossa on kriittisess\u00e4 vaiheessa kysymys siit\u00e4, onko nykyinen tie kohti puolentoista asteen tavoitetta k\u00e4ytetty loppuun. Nykyiset mittaukset osoittavat, ett\u00e4 t\u00e4m\u00e4 raja on ylittym\u00e4ss\u00e4. L\u00e4mp\u00f6tilan nousu on Pariisin sopimuksen ydin, ja YK:n tiedot todistavat sen. T\u00e4m\u00e4 luku ei ole vain tavoite, vaan kova raja ekosysteemien suojelemiseksi. Viimeisten kahdentoista kuukauden aikana t\u00e4m\u00e4 raja on ollut hyvin l\u00e4hell\u00e4, ja joissakin jaksoissa se on jopa j\u00e4\u00e4nyt hetkeksi taakse. Todellisuudessa raja ei ole en\u00e4\u00e4 kaukana.<span class=\"Apple-converted-space\">\u00a0<\/span><\/p>\t\t\t\t\t\t\t\t<\/div>\n\t\t\t\t<div class=\"elementor-element elementor-element-618e276 elementor-widget-divider--view-line elementor-widget elementor-widget-divider\" data-id=\"618e276\" data-element_type=\"widget\" data-e-type=\"widget\" data-widget_type=\"divider.default\">\n\t\t\t\t\t\t\t<div class=\"elementor-divider\">\n\t\t\t<span class=\"elementor-divider-separator\">\n\t\t\t\t\t\t<\/span>\n\t\t<\/div>\n\t\t\t\t\t\t<\/div>\n\t\t\t\t<div class=\"elementor-element elementor-element-40c11df0 elementor-widget elementor-widget-heading\" data-id=\"40c11df0\" data-element_type=\"widget\" data-e-type=\"widget\" data-widget_type=\"heading.default\">\n\t\t\t\t\t<h2 class=\"elementor-heading-title elementor-size-default\">Mik\u00e4 on 1,5 \u00b0C:n tavoite?<\/h2>\t\t\t\t<\/div>\n\t\t\t\t<div class=\"elementor-element elementor-element-42b33c31 elementor-widget elementor-widget-text-editor\" data-id=\"42b33c31\" data-element_type=\"widget\" data-e-type=\"widget\" data-widget_type=\"text-editor.default\">\n\t\t\t\t\t\t\t\t\t<p><span class=\"Apple-converted-space\">\u00a0<\/span>T\u00e4m\u00e4 Pariisin sopimuksessa mainittu 1,5 asteen raja osoittaa, kuinka paljon maapallon l\u00e4mp\u00f6tila ei saisi nousta esiteolliseen aikaan verrattuna. Tutkijat pit\u00e4v\u00e4t t\u00e4t\u00e4 t\u00e4rke\u00e4n\u00e4 rajana, jolla estet\u00e4\u00e4n luonnon tasapainon tuhoutuminen. Jos l\u00e4mp\u00f6tila nousee yli t\u00e4m\u00e4n rajan, monet el\u00e4m\u00e4nmuodot vaarantuvat vakavasti.<span class=\"Apple-converted-space\">\u00a0<\/span><\/p>\t\t\t\t\t\t\t\t<\/div>\n\t\t\t\t<div class=\"elementor-element elementor-element-b29b755 elementor-widget-divider--view-line elementor-widget elementor-widget-divider\" data-id=\"b29b755\" data-element_type=\"widget\" data-e-type=\"widget\" data-widget_type=\"divider.default\">\n\t\t\t\t\t\t\t<div class=\"elementor-divider\">\n\t\t\t<span class=\"elementor-divider-separator\">\n\t\t\t\t\t\t<\/span>\n\t\t<\/div>\n\t\t\t\t\t\t<\/div>\n\t\t\t\t<div class=\"elementor-element elementor-element-548ad0c elementor-widget elementor-widget-heading\" data-id=\"548ad0c\" data-element_type=\"widget\" data-e-type=\"widget\" data-widget_type=\"heading.default\">\n\t\t\t\t\t<h2 class=\"elementor-heading-title elementor-size-default\">Miksi 1,5 astetta?<\/h2>\t\t\t\t<\/div>\n\t\t\t\t<div class=\"elementor-element elementor-element-52da8e6 elementor-widget elementor-widget-text-editor\" data-id=\"52da8e6\" data-element_type=\"widget\" data-e-type=\"widget\" data-widget_type=\"text-editor.default\">\n\t\t\t\t\t\t\t\t\t<p>Kun murtumispisteet saavutetaan, ilmastoj\u00e4rjestelm\u00e4 vahingoittuu peruuttamattomasti.<br \/>Ilmastoon mahdollisesti vaikuttavien prosessien ennustetaan k\u00e4ynnistyv\u00e4n. Jo puolen asteen lis\u00e4ys - 2 \u00b0C 1,5 \u00b0C:n sijasta - sulattaa j\u00e4\u00e4tik\u00f6t nopeasti ja kuivuusalueet laajenevat. Puolentoista celsiusasteen l\u00e4mp\u00f6tilassa 70-90 prosenttia koralliriutoista vahingoittuisi, kun taas kahden celsiusasteen l\u00e4mp\u00f6tilassa vahingot levi\u00e4isiv\u00e4t l\u00e4hes kaikkiin. Joidenkin ihmisten kokema \u00e4\u00e4rimm\u00e4inen kuumuus muuttuu paljon vakavammaksi, kun l\u00e4mp\u00f6tila nousee 2 celsiusastetta. T\u00e4ll\u00f6in siit\u00e4 k\u00e4rsivien ihmisten m\u00e4\u00e4r\u00e4 on l\u00e4hes kaksi ja puoli kertaa suurempi kuin 1,5 asteen nousussa. J\u00e4\u00e4meri, joka ei ole kes\u00e4isin j\u00e4\u00e4n peitossa, saattaa esiinty\u00e4 vain kerran sadassa vuodessa, jos l\u00e4mp\u00f6tila nousee 1,5 celsiusasteeseen; kahden celsiusasteen l\u00e4mp\u00f6tilassa t\u00e4m\u00e4 tapahtuisi kerran kymmeness\u00e4 vuodessa.<br \/>odotetaan.<\/p>\t\t\t\t\t\t\t\t<\/div>\n\t\t\t\t\t<\/div>\n\t\t<\/div>\n\t\t\t\t\t<\/div>\n\t\t<\/section>\n\t\t<div class=\"elementor-element elementor-element-392e95ed e-flex e-con-boxed e-con e-parent\" data-id=\"392e95ed\" data-element_type=\"container\" data-e-type=\"container\">\n\t\t\t\t\t<div class=\"e-con-inner\">\n\t\t<div class=\"elementor-element elementor-element-18520035 e-con-full e-flex e-con e-child\" data-id=\"18520035\" data-element_type=\"container\" data-e-type=\"container\">\n\t\t\t\t<div class=\"elementor-element elementor-element-3de384e0 elementor-invisible elementor-widget elementor-widget-heading\" data-id=\"3de384e0\" data-element_type=\"widget\" data-e-type=\"widget\" data-settings=\"{&quot;_animation&quot;:&quot;fadeInLeft&quot;}\" data-widget_type=\"heading.default\">\n\t\t\t\t\t<h2 class=\"elementor-heading-title elementor-size-default\">Tieteelliset mittaukset<\/h2>\t\t\t\t<\/div>\n\t\t\t\t<div class=\"elementor-element elementor-element-167e3cc2 elementor-invisible elementor-widget elementor-widget-text-editor\" data-id=\"167e3cc2\" data-element_type=\"widget\" data-e-type=\"widget\" data-settings=\"{&quot;_animation&quot;:&quot;fadeInLeft&quot;,&quot;_animation_delay&quot;:1000}\" data-widget_type=\"text-editor.default\">\n\t\t\t\t\t\t\t\t\t<p>Tutkijat ovat jo pitk\u00e4\u00e4n todenneet, ett\u00e4 ilmasto muuttuu. Viimeaikaiset mittaukset osoittavat, kuinka paljon l\u00e4mp\u00f6tila nousee. T\u00e4m\u00e4 nousu johtuu suurelta osin tehtaista ja ajoneuvoista. T\u00e4ll\u00e4 prosessilla, joka on voimistunut erityisesti viime vuosisadalla, on ollut suora vaikutus. Mittaustulosten mukaan ero on nyt varsin selv\u00e4. L\u00e4mp\u00f6tila-arvot poikkeavat selv\u00e4sti edelt\u00e4jist\u00e4\u00e4n. Ihmisen aiheuttamat kaasut ovat t\u00e4ss\u00e4 avainasemassa. Havaittua muutosta ei voida selitt\u00e4\u00e4 pelk\u00e4st\u00e4\u00e4n luonnollisilla sykleill\u00e4. Tiedot osoittavat my\u00f6s, ett\u00e4 prosessi on kiihtym\u00e4ss\u00e4 aiempiin vuosikymmeniin verrattuna.<span class=\"Apple-converted-space\">\u00a0<\/span><\/p><p>Nousun m\u00e4\u00e4r\u00e4 on noin 1,1-1,2 celsiusastetta, ja t\u00e4rkeimm\u00e4t raportit vahvistavat t\u00e4m\u00e4n. N\u00e4m\u00e4 luvut on toistuvasti tarkistettu l\u00e4hteist\u00e4.<span class=\"Apple-converted-space\">\u00a0<\/span><\/p>\t\t\t\t\t\t\t\t<\/div>\n\t\t\t\t<div class=\"elementor-element elementor-element-1a5196f elementor-invisible elementor-widget elementor-widget-heading\" data-id=\"1a5196f\" data-element_type=\"widget\" data-e-type=\"widget\" data-settings=\"{&quot;_animation&quot;:&quot;fadeInLeft&quot;}\" data-widget_type=\"heading.default\">\n\t\t\t\t\t<h2 class=\"elementor-heading-title elementor-size-default\">P\u00e4\u00e4st\u00f6jen tila<\/h2>\t\t\t\t<\/div>\n\t\t\t\t<div class=\"elementor-element elementor-element-4f4bc9a elementor-invisible elementor-widget elementor-widget-text-editor\" data-id=\"4f4bc9a\" data-element_type=\"widget\" data-e-type=\"widget\" data-settings=\"{&quot;_animation&quot;:&quot;fadeInLeft&quot;,&quot;_animation_delay&quot;:1000}\" data-widget_type=\"text-editor.default\">\n\t\t\t\t\t\t\t\t\t<p>Jos hiili loppuu, l\u00e4mp\u00f6tila ei lakkaa nousemasta. Maailmassa nykyisin p\u00e4\u00e4stetty hiilidioksidi, noin nelj\u00e4kymment\u00e4 miljardia tonnia, aiheuttaa t\u00e4m\u00e4n altaan nopean pienenemisen joka vuosi. N\u00e4ytt\u00e4\u00e4 silt\u00e4, ett\u00e4 1,5 celsiusasteen rajan s\u00e4ilytt\u00e4miseksi se, mit\u00e4 meill\u00e4 on, ei riit\u00e4. K\u00e4ytt\u00f6kelpoinen osuus menee todenn\u00e4k\u00f6isesti nollaan ennemmin tai my\u00f6hemmin, ja asiantuntijoiden mukaan t\u00e4m\u00e4 voi tapahtua jo ennen vuotta 2030. Kello tikitt\u00e4\u00e4 ja laskenta jatkuu. Joina kuukausina, erityisesti vuosina 2023 ja 2024, maailmanlaajuisesti mitatut l\u00e4mp\u00f6tilat ovat hetkellisesti ylitt\u00e4neet 1,5 celsiusastetta. Kun asiantuntijat puhuvat t\u00e4llaisesta tilanteesta, he kuitenkin viittaavat kahdenkymmenen vuoden keskiarvoon.<span class=\"Apple-converted-space\">\u00a0<\/span><\/p>\t\t\t\t\t\t\t\t<\/div>\n\t\t\t\t<div class=\"elementor-element elementor-element-b968c02 elementor-invisible elementor-widget elementor-widget-heading\" data-id=\"b968c02\" data-element_type=\"widget\" data-e-type=\"widget\" data-settings=\"{&quot;_animation&quot;:&quot;fadeInLeft&quot;}\" data-widget_type=\"heading.default\">\n\t\t\t\t\t<h2 class=\"elementor-heading-title elementor-size-default\">Saatavilla olevat tiedot<\/h2>\t\t\t\t<\/div>\n\t\t\t\t<div class=\"elementor-element elementor-element-79e8998 elementor-invisible elementor-widget elementor-widget-text-editor\" data-id=\"79e8998\" data-element_type=\"widget\" data-e-type=\"widget\" data-settings=\"{&quot;_animation&quot;:&quot;fadeInLeft&quot;,&quot;_animation_delay&quot;:1000}\" data-widget_type=\"text-editor.default\">\n\t\t\t\t\t\t\t\t\t<p>Tulevia s\u00e4\u00e4ilmi\u00f6it\u00e4 analysoidessaan Maailman ilmatieteen j\u00e4rjest\u00f6 ja Euroopan unionin Kopernikus-ilmastopalvelu ovat vahvistaneet, ett\u00e4 vuodesta 2023 tulee kaikkien aikojen kuumin vuosi. Julkaistu tieto perustuu tammikuun 2024 tietoihin. Viimeisten kahdentoista kuukauden aikana maapallon keskil\u00e4mp\u00f6tila on noussut 1,52 \u00b0C enemm\u00e4n kuin esiteollisella ajalla. Toisin sanoen 1,5 \u00b0C:n raja ylittyi ensimm\u00e4ist\u00e4 kertaa lyhyell\u00e4 aikav\u00e4lill\u00e4. Vaikka kahdenkymmenen vuoden keskiarvo on keskeinen seikka, jo 12 kuukautta antaa merkitt\u00e4vi\u00e4 viitteit\u00e4. Kun tarkastellaan suuntausta, l\u00e4mp\u00f6tilan nousu etenee selv\u00e4sti odotuksia nopeammin. Samaan aikaan IPCC:n piirt\u00e4m\u00e4n kuvan mukaan, jos nykyiset s\u00e4\u00e4nn\u00f6t eiv\u00e4t muutu, raja j\u00e4\u00e4 taakse vuoteen 2030 asti.<span class=\"Apple-converted-space\">\u00a0<\/span><\/p>\t\t\t\t\t\t\t\t<\/div>\n\t\t\t\t<div class=\"elementor-element elementor-element-ea75b19 elementor-invisible elementor-widget elementor-widget-heading\" data-id=\"ea75b19\" data-element_type=\"widget\" data-e-type=\"widget\" data-settings=\"{&quot;_animation&quot;:&quot;fadeInLeft&quot;}\" data-widget_type=\"heading.default\">\n\t\t\t\t\t<h2 class=\"elementor-heading-title elementor-size-default\">P\u00e4\u00e4st\u00f6erot ja talous<\/h2>\t\t\t\t<\/div>\n\t\t\t\t<div class=\"elementor-element elementor-element-e749593 elementor-invisible elementor-widget elementor-widget-text-editor\" data-id=\"e749593\" data-element_type=\"widget\" data-e-type=\"widget\" data-settings=\"{&quot;_animation&quot;:&quot;fadeInLeft&quot;,&quot;_animation_delay&quot;:1000}\" data-widget_type=\"text-editor.default\">\n\t\t\t\t\t\t\t\t\t<p>K\u00fcresel sal\u0131n\u0131mlar azalmak yerine art\u0131\u015f e\u011filimindedir. Halbuki 2030\u2019a dek bu de\u011ferlerin %43 gerilemesi gerekti\u011fi hesaplanmaktad\u0131r. \u015eu anda y\u00fcr\u00fcrl\u00fckte olan kurallar alt\u0131nda, y\u00fczy\u0131l sonunda d\u00fcnya s\u0131cakl\u0131\u011f\u0131n\u0131n yakla\u015f\u0131k 2.5\u00b0C ile 2.9\u00b0C y\u00fckselmesi beklenmektedir. Bu durum Birle\u015fmi\u015f Milletler\u2019in \u00e7evre kolu taraf\u0131ndan haz\u0131rlanan raporda a\u00e7\u0131k\u00e7a ortaya konmaktad\u0131r. Ekonominin dengesi, 1.5 derece s\u0131n\u0131r\u0131n\u0131n geride kalmas\u0131 halinde ciddi sars\u0131nt\u0131 ya\u015fayacakt\u0131r. 2024 verilerine dayal\u0131 finansal hesaplamalar, do\u011fal afetlerin k\u00fcresel gelire y\u0131ll\u0131k maliyetinin milyarlarca dolara ula\u015ft\u0131\u011f\u0131n\u0131 g\u00f6stermektedir. S\u0131cakl\u0131k iki derece daha t\u0131rman\u0131rsa, GSY\u0130H&#8217;\u0131n onda birinden fazlas\u0131n\u0131 kaybetmek s\u00f6z konusudur.<span class=\"Apple-converted-space\">\u00a0<\/span><\/p>\t\t\t\t\t\t\t\t<\/div>\n\t\t\t\t<div class=\"elementor-element elementor-element-0aa4b6f elementor-invisible elementor-widget elementor-widget-heading\" data-id=\"0aa4b6f\" data-element_type=\"widget\" data-e-type=\"widget\" data-settings=\"{&quot;_animation&quot;:&quot;fadeInLeft&quot;}\" data-widget_type=\"heading.default\">\n\t\t\t\t\t<h2 class=\"elementor-heading-title elementor-size-default\">Interventio- ja sopeutumisprosessit<\/h2>\t\t\t\t<\/div>\n\t\t\t\t<div class=\"elementor-element elementor-element-7c12c80 elementor-invisible elementor-widget elementor-widget-text-editor\" data-id=\"7c12c80\" data-element_type=\"widget\" data-e-type=\"widget\" data-settings=\"{&quot;_animation&quot;:&quot;fadeInLeft&quot;,&quot;_animation_delay&quot;:1000}\" data-widget_type=\"text-editor.default\">\n\t\t\t\t\t\t\t\t\t<p>Tutkijat uskovat, ett\u00e4 1,5 \u00b0C:n raja on teknisesti saavutettavissa, mutta poliittinen vauhti puuttuu. Jotta tiekartasta voidaan pit\u00e4\u00e4 kiinni, hiilenpoistomenetelmien on kehitytt\u00e4v\u00e4 nopeammin. Jos ilmastotuki lis\u00e4\u00e4ntyy k\u00f6yhtyneill\u00e4 alueilla, maailmanlaajuinen tasapaino voidaan ehk\u00e4 s\u00e4ilytt\u00e4\u00e4. Energiaj\u00e4rjestelmien parantaminen<span class=\"Apple-converted-space\">\u00a0<\/span><\/p><p>muutoksesta on tullut v\u00e4ltt\u00e4m\u00e4tt\u00f6myys tuleville sukupolville. Teollisuuden s\u00e4\u00e4d\u00f6kset eiv\u00e4t ainoastaan suojele luontoa, vaan ne m\u00e4\u00e4ritt\u00e4v\u00e4t my\u00f6s talouden kest\u00e4vyyden.<span class=\"Apple-converted-space\">\u00a0<\/span><\/p>\t\t\t\t\t\t\t\t<\/div>\n\t\t\t\t<div class=\"elementor-element elementor-element-d274ba1 elementor-invisible elementor-widget elementor-widget-heading\" data-id=\"d274ba1\" data-element_type=\"widget\" data-e-type=\"widget\" data-settings=\"{&quot;_animation&quot;:&quot;fadeInLeft&quot;}\" data-widget_type=\"heading.default\">\n\t\t\t\t\t<h2 class=\"elementor-heading-title elementor-size-default\">P\u00e4\u00e4telm\u00e4<\/h2>\t\t\t\t<\/div>\n\t\t\t\t<div class=\"elementor-element elementor-element-ebe836f elementor-invisible elementor-widget elementor-widget-text-editor\" data-id=\"ebe836f\" data-element_type=\"widget\" data-e-type=\"widget\" data-settings=\"{&quot;_animation&quot;:&quot;fadeInLeft&quot;,&quot;_animation_delay&quot;:1000}\" data-widget_type=\"text-editor.default\">\n\t\t\t\t\t\t\t\t\t<p>Jotkut ajattelevat, ett\u00e4 1,5 \u00b0C:n raja on jo ylitetty, mutta tieteellisesti t\u00e4t\u00e4 rajaa ei ole viel\u00e4 saavutettu. Jokainen l\u00e4mp\u00f6tilan nousu pahentaa katastrofeja, heikent\u00e4\u00e4 luontoa ja h\u00e4iritsee taloudellisia prosesseja. Kysymys siit\u00e4, toimivatko hallitukset tieteen mukaisesti ja j\u00e4tt\u00e4v\u00e4tk\u00f6 ne tuleville sukupolville elinkelpoisen maailman, on nykyisten p\u00e4\u00e4t\u00f6ksentekorakenteiden perustavanlaatuinen vastuu.<span class=\"Apple-converted-space\">\u00a0<\/span><\/p>\t\t\t\t\t\t\t\t<\/div>\n\t\t\t\t<\/div>\n\t\t\t\t\t<\/div>\n\t\t\t\t<\/div>\n\t\t\t\t<\/div>","protected":false},"excerpt":{"rendered":"<p>1.5\u00b0C Hedefi 1.5\u00b0C Hedefi Fiilen A\u015f\u0131ld\u0131 m\u0131? Bilim Ne Diyor? \u00a0Bir bu\u00e7uk derece hedefine y\u00f6nelik mevcut yolun t\u00fckenip t\u00fckenmedi\u011fi konusu, [&hellip;]<\/p>\n","protected":false},"author":1,"featured_media":0,"parent":0,"menu_order":0,"comment_status":"closed","ping_status":"closed","template":"","meta":{"om_disable_all_campaigns":false,"_monsterinsights_skip_tracking":false,"_monsterinsights_sitenote_active":false,"_monsterinsights_sitenote_note":"","_monsterinsights_sitenote_category":0,"site-sidebar-layout":"no-sidebar","site-content-layout":"page-builder","ast-site-content-layout":"full-width-container","site-content-style":"default","site-sidebar-style":"default","ast-global-header-display":"","ast-banner-title-visibility":"","ast-main-header-display":"","ast-hfb-above-header-display":"","ast-hfb-below-header-display":"","ast-hfb-mobile-header-display":"","site-post-title":"disabled","ast-breadcrumbs-content":"","ast-featured-img":"disabled","footer-sml-layout":"","theme-transparent-header-meta":"enabled","adv-header-id-meta":"","stick-header-meta":"","header-above-stick-meta":"","header-main-stick-meta":"","header-below-stick-meta":"","astra-migrate-meta-layouts":"set","ast-page-background-enabled":"default","ast-page-background-meta":{"desktop":{"background-color":"","background-image":"","background-repeat":"repeat","background-position":"center center","background-size":"auto","background-attachment":"scroll","background-type":"","background-media":"","overlay-type":"","overlay-color":"","overlay-opacity":"","overlay-gradient":""},"tablet":{"background-color":"","background-image":"","background-repeat":"repeat","background-position":"center center","background-size":"auto","background-attachment":"scroll","background-type":"","background-media":"","overlay-type":"","overlay-color":"","overlay-opacity":"","overlay-gradient":""},"mobile":{"background-color":"","background-image":"","background-repeat":"repeat","background-position":"center center","background-size":"auto","background-attachment":"scroll","background-type":"","background-media":"","overlay-type":"","overlay-color":"","overlay-opacity":"","overlay-gradient":""}},"ast-content-background-meta":{"desktop":{"background-color":"var(--ast-global-color-5)","background-image":"","background-repeat":"repeat","background-position":"center center","background-size":"auto","background-attachment":"scroll","background-type":"","background-media":"","overlay-type":"","overlay-color":"","overlay-opacity":"","overlay-gradient":""},"tablet":{"background-color":"var(--ast-global-color-5)","background-image":"","background-repeat":"repeat","background-position":"center center","background-size":"auto","background-attachment":"scroll","background-type":"","background-media":"","overlay-type":"","overlay-color":"","overlay-opacity":"","overlay-gradient":""},"mobile":{"background-color":"var(--ast-global-color-5)","background-image":"","background-repeat":"repeat","background-position":"center center","background-size":"auto","background-attachment":"scroll","background-type":"","background-media":"","overlay-type":"","overlay-color":"","overlay-opacity":"","overlay-gradient":""}},"footnotes":""},"class_list":["post-1573","page","type-page","status-publish","hentry"],"aioseo_notices":[],"_links":{"self":[{"href":"https:\/\/www.copantalya.com\/fi\/wp-json\/wp\/v2\/pages\/1573","targetHints":{"allow":["GET"]}}],"collection":[{"href":"https:\/\/www.copantalya.com\/fi\/wp-json\/wp\/v2\/pages"}],"about":[{"href":"https:\/\/www.copantalya.com\/fi\/wp-json\/wp\/v2\/types\/page"}],"author":[{"embeddable":true,"href":"https:\/\/www.copantalya.com\/fi\/wp-json\/wp\/v2\/users\/1"}],"replies":[{"embeddable":true,"href":"https:\/\/www.copantalya.com\/fi\/wp-json\/wp\/v2\/comments?post=1573"}],"version-history":[{"count":31,"href":"https:\/\/www.copantalya.com\/fi\/wp-json\/wp\/v2\/pages\/1573\/revisions"}],"predecessor-version":[{"id":1730,"href":"https:\/\/www.copantalya.com\/fi\/wp-json\/wp\/v2\/pages\/1573\/revisions\/1730"}],"wp:attachment":[{"href":"https:\/\/www.copantalya.com\/fi\/wp-json\/wp\/v2\/media?parent=1573"}],"curies":[{"name":"wp","href":"https:\/\/api.w.org\/{rel}","templated":true}]}}