{"id":315,"date":"2026-01-29T18:36:09","date_gmt":"2026-01-29T18:36:09","guid":{"rendered":"https:\/\/www.copantalya.com\/testimonials\/"},"modified":"2026-03-02T19:24:21","modified_gmt":"2026-03-02T19:24:21","slug":"hedefler-turkiye-ve-kuresel-etki","status":"publish","type":"page","link":"https:\/\/www.copantalya.com\/fi\/hedefler-turkiye-ve-kuresel-etki\/","title":{"rendered":"Tavoitteet, Turkki ja maailmanlaajuinen vaikutus"},"content":{"rendered":"<div data-elementor-type=\"wp-page\" data-elementor-id=\"315\" class=\"elementor elementor-315\">\n\t\t\t\t<div class=\"elementor-element elementor-element-84be042 e-flex e-con-boxed e-con e-parent\" data-id=\"84be042\" data-element_type=\"container\" data-e-type=\"container\" data-settings=\"{&quot;background_background&quot;:&quot;classic&quot;}\">\n\t\t\t\t\t<div class=\"e-con-inner\">\n\t\t<div class=\"elementor-element elementor-element-7b009a0 e-con-full e-flex e-con e-child\" data-id=\"7b009a0\" data-element_type=\"container\" data-e-type=\"container\">\n\t\t\t\t<div class=\"elementor-element elementor-element-55a0d95 elementor-widget__width-initial elementor-widget elementor-widget-heading\" data-id=\"55a0d95\" data-element_type=\"widget\" data-e-type=\"widget\" data-widget_type=\"heading.default\">\n\t\t\t\t\t<h1 class=\"elementor-heading-title elementor-size-default\">COP31 ANTALYA 2026: TAVOITTEET, TURKKI JA KOKONAISVAIKUTUKSET<\/h1>\t\t\t\t<\/div>\n\t\t\t\t<div class=\"elementor-element elementor-element-41c652d elementor-widget elementor-widget-text-editor\" data-id=\"41c652d\" data-element_type=\"widget\" data-e-type=\"widget\" data-widget_type=\"text-editor.default\">\n\t\t\t\t\t\t\t\t\t<p class=\"p1\">COP31:n is\u00e4nn\u00f6inti on Turkille strateginen askel. Huippukokous, <span class=\"s1\">2053 Nettonollap\u00e4\u00e4st\u00f6t<\/span> etenemissuunnitelma ja uusiutuvaan energiaan teht\u00e4v\u00e4t investoinnit maailmanlaajuisesti.<\/p>\t\t\t\t\t\t\t\t<\/div>\n\t\t\t\t<\/div>\n\t\t\t\t\t<\/div>\n\t\t\t\t<\/div>\n\t\t\t\t<section class=\"elementor-section elementor-top-section elementor-element elementor-element-0zfnnyt elementor-section-content-middle elementor-section-boxed elementor-section-height-default elementor-section-height-default\" data-id=\"0zfnnyt\" data-element_type=\"section\" data-e-type=\"section\" data-settings=\"{&quot;background_background&quot;:&quot;classic&quot;}\">\n\t\t\t\t\t\t<div class=\"elementor-container elementor-column-gap-no\">\n\t\t\t\t\t<div class=\"elementor-column elementor-col-50 elementor-top-column elementor-element elementor-element-ca44c59\" data-id=\"ca44c59\" data-element_type=\"column\" data-e-type=\"column\" data-settings=\"{&quot;background_background&quot;:&quot;classic&quot;}\">\n\t\t\t<div class=\"elementor-widget-wrap elementor-element-populated\">\n\t\t\t\t\t\t<div class=\"elementor-element elementor-element-7e01216 elementor-invisible elementor-widget elementor-widget-image\" data-id=\"7e01216\" data-element_type=\"widget\" data-e-type=\"widget\" data-settings=\"{&quot;_animation&quot;:&quot;fadeInLeft&quot;}\" data-widget_type=\"image.default\">\n\t\t\t\t\t\t\t\t\t\t\t\t\t\t\t<img fetchpriority=\"high\" decoding=\"async\" width=\"1333\" height=\"2000\" src=\"https:\/\/www.copantalya.com\/wp-content\/uploads\/2026\/02\/2151587931-2.jpg\" class=\"attachment-full size-full wp-image-1181\" alt=\"2151587931 2\" srcset=\"https:\/\/www.copantalya.com\/wp-content\/uploads\/2026\/02\/2151587931-2.jpg 1333w, https:\/\/www.copantalya.com\/wp-content\/uploads\/2026\/02\/2151587931-2-200x300.jpg 200w, https:\/\/www.copantalya.com\/wp-content\/uploads\/2026\/02\/2151587931-2-682x1024.jpg 682w, https:\/\/www.copantalya.com\/wp-content\/uploads\/2026\/02\/2151587931-2-768x1152.jpg 768w, https:\/\/www.copantalya.com\/wp-content\/uploads\/2026\/02\/2151587931-2-1024x1536.jpg 1024w\" sizes=\"(max-width: 1333px) 100vw, 1333px\" title=\"Tavoitteet, Turkki ja maailmanlaajuinen vaikutus\">\t\t\t\t\t\t\t\t\t\t\t\t\t\t\t<\/div>\n\t\t\t\t\t<\/div>\n\t\t<\/div>\n\t\t\t\t<div class=\"elementor-column elementor-col-50 elementor-top-column elementor-element elementor-element-258231d\" data-id=\"258231d\" data-element_type=\"column\" data-e-type=\"column\">\n\t\t\t<div class=\"elementor-widget-wrap elementor-element-populated\">\n\t\t\t\t\t\t<div class=\"elementor-element elementor-element-1401102 elementor-invisible elementor-widget elementor-widget-heading\" data-id=\"1401102\" data-element_type=\"widget\" data-e-type=\"widget\" data-settings=\"{&quot;_animation&quot;:&quot;fadeInRight&quot;}\" data-widget_type=\"heading.default\">\n\t\t\t\t\t<h2 class=\"elementor-heading-title elementor-size-default\">Milloin ja miss\u00e4 COP31 j\u00e4rjestet\u00e4\u00e4n?<\/h2>\t\t\t\t<\/div>\n\t\t\t\t<div class=\"elementor-element elementor-element-4f6265e elementor-invisible elementor-widget elementor-widget-text-editor\" data-id=\"4f6265e\" data-element_type=\"widget\" data-e-type=\"widget\" data-settings=\"{&quot;_animation&quot;:&quot;fadeInRight&quot;,&quot;_animation_delay&quot;:500}\" data-widget_type=\"text-editor.default\">\n\t\t\t\t\t\t\t\t\t<p class=\"p1\">Historiallisen diplomaattisen kompromissin tuloksena <span class=\"s1\"><b>COP31<\/b><\/span>, <span class=\"s1\"><b>9-20 marraskuuta 2026<\/b><\/span> v\u00e4lill\u00e4 <span class=\"s1\"><b>Antalya, Turkki<\/b><\/span>\u2019pidet\u00e4\u00e4n Antalyassa. Antalya toivottaa tervetulleeksi kymmeni\u00e4tuhansia delegaatteja V\u00e4limeren rannikolle, mutta huippukokouksen johto on rakenteeltaan erilainen.<\/p><p class=\"p1\"><span class=\"s1\"><b>Australia<\/b><\/span>, COP31:ss\u00e4 <span class=\"s1\"><b>\u201cNeuvottelup\u00e4\u00e4llikk\u00f6\u201d<\/b><\/span> ja toimii siltana It\u00e4-Euroopan ja L\u00e4nsi-Euroopan ja muiden (WEOG) alueryhmien v\u00e4lill\u00e4.<\/p>\t\t\t\t\t\t\t\t<\/div>\n\t\t\t\t<div class=\"elementor-element elementor-element-7a2d1e6 elementor-widget-divider--view-line elementor-invisible elementor-widget elementor-widget-divider\" data-id=\"7a2d1e6\" data-element_type=\"widget\" data-e-type=\"widget\" data-settings=\"{&quot;_animation&quot;:&quot;fadeInRight&quot;,&quot;_animation_delay&quot;:1000}\" data-widget_type=\"divider.default\">\n\t\t\t\t\t\t\t<div class=\"elementor-divider\">\n\t\t\t<span class=\"elementor-divider-separator\">\n\t\t\t\t\t\t<\/span>\n\t\t<\/div>\n\t\t\t\t\t\t<\/div>\n\t\t\t\t<div class=\"elementor-element elementor-element-7aba2ee elementor-invisible elementor-widget elementor-widget-heading\" data-id=\"7aba2ee\" data-element_type=\"widget\" data-e-type=\"widget\" data-settings=\"{&quot;_animation&quot;:&quot;fadeInRight&quot;,&quot;_animation_delay&quot;:1500}\" data-widget_type=\"heading.default\">\n\t\t\t\t\t<h2 class=\"elementor-heading-title elementor-size-default\">Miksi t\u00e4m\u00e4 kumppanuus on t\u00e4rke\u00e4\u00e4?<\/h2>\t\t\t\t<\/div>\n\t\t\t\t<div class=\"elementor-element elementor-element-963616a elementor-invisible elementor-widget elementor-widget-text-editor\" data-id=\"963616a\" data-element_type=\"widget\" data-e-type=\"widget\" data-settings=\"{&quot;_animation&quot;:&quot;fadeInRight&quot;,&quot;_animation_delay&quot;:2000}\" data-widget_type=\"text-editor.default\">\n\t\t\t\t\t\t\t\t\t<p class=\"p1\">COP31 on ainutlaatuinen huippukokous, joka yhdist\u00e4\u00e4 kahden t\u00e4rke\u00e4n maan alueellisen vaikutusvallan. Is\u00e4nt\u00e4maa Turkki korosti V\u00e4limeren ilmastohaavoittuvuutta ja sen roolia siltana pohjoisen ja etel\u00e4n v\u00e4lill\u00e4, kun taas Australia sitoutui asettamaan Tyynenmeren saarivaltiot asialistan keskipisteeseen.<\/p><p class=\"p1\">Kumppanuuden avulla varmistetaan, ett\u00e4 merenpinnan noususta eniten k\u00e4rsivien Tyynenmeren etulinjan yhteis\u00f6jen \u00e4\u00e4ni sek\u00e4 tekniset ja taloudelliset tarpeet tulevat kuulluiksi.<\/p>\t\t\t\t\t\t\t\t<\/div>\n\t\t\t\t\t<\/div>\n\t\t<\/div>\n\t\t\t\t\t<\/div>\n\t\t<\/section>\n\t\t\t\t<section class=\"elementor-section elementor-top-section elementor-element elementor-element-kni73a3 elementor-section-content-middle elementor-section-boxed elementor-section-height-default elementor-section-height-default\" data-id=\"kni73a3\" data-element_type=\"section\" data-e-type=\"section\" data-settings=\"{&quot;background_background&quot;:&quot;classic&quot;}\">\n\t\t\t\t\t\t<div class=\"elementor-container elementor-column-gap-wider\">\n\t\t\t\t\t<div class=\"elementor-column elementor-col-33 elementor-top-column elementor-element elementor-element-07f9265 elementor-invisible\" data-id=\"07f9265\" data-element_type=\"column\" data-e-type=\"column\" data-settings=\"{&quot;background_background&quot;:&quot;classic&quot;,&quot;animation&quot;:&quot;fadeInLeft&quot;}\">\n\t\t\t<div class=\"elementor-widget-wrap elementor-element-populated\">\n\t\t\t\t\t\t<div class=\"elementor-element elementor-element-69fdea1 elementor-widget elementor-widget-icon-box\" data-id=\"69fdea1\" data-element_type=\"widget\" data-e-type=\"widget\" data-widget_type=\"icon-box.default\">\n\t\t\t\t\t\t\t<div class=\"elementor-icon-box-wrapper\">\n\n\t\t\t\n\t\t\t\t\t\t<div class=\"elementor-icon-box-content\">\n\n\t\t\t\t\t\t\t\t\t<h2 class=\"elementor-icon-box-title\">\n\t\t\t\t\t\t<span  >\n\t\t\t\t\t\t\tCOP31:N P\u00c4\u00c4TAVOITTEET\t\t\t\t\t\t<\/span>\n\t\t\t\t\t<\/h2>\n\t\t\t\t\n\t\t\t\t\t\t\t\t\t<p class=\"elementor-icon-box-description\">\n\t\t\t\t\t\tVuoteen 2026 menness\u00e4 maailmanlaajuinen yhteis\u00f6 joutuu painostamaan \u201cmuuttamaan lupaukset teoiksi\u201d. COP31:n p\u00e4\u00e4tavoitteet\t\t\t\t\t<\/p>\n\t\t\t\t\n\t\t\t<\/div>\n\t\t\t\n\t\t<\/div>\n\t\t\t\t\t\t<\/div>\n\t\t\t\t\t<\/div>\n\t\t<\/div>\n\t\t\t\t<div class=\"elementor-column elementor-col-33 elementor-top-column elementor-element elementor-element-185916b elementor-invisible\" data-id=\"185916b\" data-element_type=\"column\" data-e-type=\"column\" data-settings=\"{&quot;animation&quot;:&quot;fadeInRight&quot;}\">\n\t\t\t<div class=\"elementor-widget-wrap elementor-element-populated\">\n\t\t\t\t\t\t<div class=\"elementor-element elementor-element-3681f80 elementor-widget elementor-widget-icon-box\" data-id=\"3681f80\" data-element_type=\"widget\" data-e-type=\"widget\" data-widget_type=\"icon-box.default\">\n\t\t\t\t\t\t\t<div class=\"elementor-icon-box-wrapper\">\n\n\t\t\t\n\t\t\t\t\t\t<div class=\"elementor-icon-box-content\">\n\n\t\t\t\t\t\t\t\t\t<h3 class=\"elementor-icon-box-title\">\n\t\t\t\t\t\t<span  >\n\t\t\t\t\t\t\tNDCS:N VAHVISTAMINEN\t\t\t\t\t\t<\/span>\n\t\t\t\t\t<\/h3>\n\t\t\t\t\n\t\t\t\t\t\t\t\t\t<p class=\"elementor-icon-box-description\">\n\t\t\t\t\t\tMaiden on toimitettava kunnianhimoisemmat kansalliset panoslausumat vuodeksi 2035.\t\t\t\t\t<\/p>\n\t\t\t\t\n\t\t\t<\/div>\n\t\t\t\n\t\t<\/div>\n\t\t\t\t\t\t<\/div>\n\t\t\t\t<div class=\"elementor-element elementor-element-c4a3dbd elementor-widget elementor-widget-icon-box\" data-id=\"c4a3dbd\" data-element_type=\"widget\" data-e-type=\"widget\" data-widget_type=\"icon-box.default\">\n\t\t\t\t\t\t\t<div class=\"elementor-icon-box-wrapper\">\n\n\t\t\t\n\t\t\t\t\t\t<div class=\"elementor-icon-box-content\">\n\n\t\t\t\t\t\t\t\t\t<h3 class=\"elementor-icon-box-title\">\n\t\t\t\t\t\t<span  >\n\t\t\t\t\t\t\tILMASTORAHOITUS\t\t\t\t\t\t<\/span>\n\t\t\t\t\t<\/h3>\n\t\t\t\t\n\t\t\t\t\t\t\t\t\t<p class=\"elementor-icon-box-description\">\n\t\t\t\t\t\tVarmistetaan, ett\u00e4 uuden globaalin m\u00e4\u00e4r\u00e4llisen tavoitteen (NCQG) mukaiset biljoonien dollareiden rahoitussummat p\u00e4\u00e4tyv\u00e4t apua tarvitseviin maihin.\t\t\t\t\t<\/p>\n\t\t\t\t\n\t\t\t<\/div>\n\t\t\t\n\t\t<\/div>\n\t\t\t\t\t\t<\/div>\n\t\t\t\t\t<\/div>\n\t\t<\/div>\n\t\t\t\t<div class=\"elementor-column elementor-col-33 elementor-top-column elementor-element elementor-element-12510dc elementor-invisible\" data-id=\"12510dc\" data-element_type=\"column\" data-e-type=\"column\" data-settings=\"{&quot;animation&quot;:&quot;fadeInRight&quot;,&quot;animation_delay&quot;:500}\">\n\t\t\t<div class=\"elementor-widget-wrap elementor-element-populated\">\n\t\t\t\t\t\t<div class=\"elementor-element elementor-element-1fecf39 elementor-widget elementor-widget-icon-box\" data-id=\"1fecf39\" data-element_type=\"widget\" data-e-type=\"widget\" data-widget_type=\"icon-box.default\">\n\t\t\t\t\t\t\t<div class=\"elementor-icon-box-wrapper\">\n\n\t\t\t\n\t\t\t\t\t\t<div class=\"elementor-icon-box-content\">\n\n\t\t\t\t\t\t\t\t\t<h3 class=\"elementor-icon-box-title\">\n\t\t\t\t\t\t<span  >\n\t\t\t\t\t\t\tFOSSIILISISTA POLTTOAINEISTA LUOPUMISEN NOPEUTTAMINEN\t\t\t\t\t\t<\/span>\n\t\t\t\t\t<\/h3>\n\t\t\t\t\n\t\t\t\t\t\t\t\t\t<p class=\"elementor-icon-box-description\">\n\t\t\t\t\t\tCOP28:ssa tehtyjen siirtym\u00e4kauden p\u00e4\u00e4t\u00f6sten yhdist\u00e4minen konkreettisiin aikatauluihin.\t\t\t\t\t<\/p>\n\t\t\t\t\n\t\t\t<\/div>\n\t\t\t\n\t\t<\/div>\n\t\t\t\t\t\t<\/div>\n\t\t\t\t<div class=\"elementor-element elementor-element-e87d5dc elementor-widget elementor-widget-icon-box\" data-id=\"e87d5dc\" data-element_type=\"widget\" data-e-type=\"widget\" data-widget_type=\"icon-box.default\">\n\t\t\t\t\t\t\t<div class=\"elementor-icon-box-wrapper\">\n\n\t\t\t\n\t\t\t\t\t\t<div class=\"elementor-icon-box-content\">\n\n\t\t\t\t\t\t\t\t\t<h3 class=\"elementor-icon-box-title\">\n\t\t\t\t\t\t<span  >\n\t\t\t\t\t\t\tLUONTOPOHJAISET RATKAISUT\t\t\t\t\t\t<\/span>\n\t\t\t\t\t<\/h3>\n\t\t\t\t\n\t\t\t\t\t\t\t\t\t<p class=\"elementor-icon-box-description\">\n\t\t\t\t\t\tBiologisen monimuotoisuuden ja luonnonsuojelun sis\u00e4llytt\u00e4minen ilmastopolitiikkaan.\t\t\t\t\t<\/p>\n\t\t\t\t\n\t\t\t<\/div>\n\t\t\t\n\t\t<\/div>\n\t\t\t\t\t\t<\/div>\n\t\t\t\t\t<\/div>\n\t\t<\/div>\n\t\t\t\t\t<\/div>\n\t\t<\/section>\n\t\t\t\t<section class=\"elementor-section elementor-top-section elementor-element elementor-element-c10d286 elementor-section-content-middle elementor-section-boxed elementor-section-height-default elementor-section-height-default\" data-id=\"c10d286\" data-element_type=\"section\" data-e-type=\"section\" data-settings=\"{&quot;background_background&quot;:&quot;classic&quot;}\">\n\t\t\t\t\t\t<div class=\"elementor-container elementor-column-gap-no\">\n\t\t\t\t\t<div class=\"elementor-column elementor-col-50 elementor-top-column elementor-element elementor-element-62db192\" data-id=\"62db192\" data-element_type=\"column\" data-e-type=\"column\" data-settings=\"{&quot;background_background&quot;:&quot;classic&quot;}\">\n\t\t\t<div class=\"elementor-widget-wrap elementor-element-populated\">\n\t\t\t\t\t\t<div class=\"elementor-element elementor-element-87e51e4 elementor-invisible elementor-widget elementor-widget-image\" data-id=\"87e51e4\" data-element_type=\"widget\" data-e-type=\"widget\" data-settings=\"{&quot;_animation&quot;:&quot;fadeInLeft&quot;}\" data-widget_type=\"image.default\">\n\t\t\t\t\t\t\t\t\t\t\t\t\t\t\t<img decoding=\"async\" width=\"1121\" height=\"1451\" src=\"https:\/\/www.copantalya.com\/wp-content\/uploads\/2026\/02\/53617.jpg\" class=\"attachment-full size-full wp-image-1185\" alt=\"53617\" srcset=\"https:\/\/www.copantalya.com\/wp-content\/uploads\/2026\/02\/53617.jpg 1121w, https:\/\/www.copantalya.com\/wp-content\/uploads\/2026\/02\/53617-232x300.jpg 232w, https:\/\/www.copantalya.com\/wp-content\/uploads\/2026\/02\/53617-791x1024.jpg 791w, https:\/\/www.copantalya.com\/wp-content\/uploads\/2026\/02\/53617-768x994.jpg 768w\" sizes=\"(max-width: 1121px) 100vw, 1121px\" title=\"Tavoitteet, Turkki ja maailmanlaajuinen vaikutus\">\t\t\t\t\t\t\t\t\t\t\t\t\t\t\t<\/div>\n\t\t\t\t\t<\/div>\n\t\t<\/div>\n\t\t\t\t<div class=\"elementor-column elementor-col-50 elementor-top-column elementor-element elementor-element-9de27ad\" data-id=\"9de27ad\" data-element_type=\"column\" data-e-type=\"column\">\n\t\t\t<div class=\"elementor-widget-wrap elementor-element-populated\">\n\t\t\t\t\t\t<div class=\"elementor-element elementor-element-7de0493 elementor-invisible elementor-widget elementor-widget-heading\" data-id=\"7de0493\" data-element_type=\"widget\" data-e-type=\"widget\" data-settings=\"{&quot;_animation&quot;:&quot;fadeInRight&quot;}\" data-widget_type=\"heading.default\">\n\t\t\t\t\t<h2 class=\"elementor-heading-title elementor-size-default\">COP31:n vaikutus Turkkiin ja alueeseen<\/h2>\t\t\t\t<\/div>\n\t\t\t\t<div class=\"elementor-element elementor-element-809538b elementor-invisible elementor-widget elementor-widget-text-editor\" data-id=\"809538b\" data-element_type=\"widget\" data-e-type=\"widget\" data-settings=\"{&quot;_animation&quot;:&quot;fadeInRight&quot;,&quot;_animation_delay&quot;:500}\" data-widget_type=\"text-editor.default\">\n\t\t\t\t\t\t\t\t\t<p class=\"p1\">COP31:n is\u00e4nn\u00f6inti on Turkille strateginen askel. Huippukokous, <span class=\"s1\"><b>2053 Nettonollap\u00e4\u00e4st\u00f6t<\/b><\/span> etenemissuunnitelma ja uusiutuvaan energiaan teht\u00e4v\u00e4t investoinnit maailmanlaajuisesti.<\/p><p class=\"p1\">COP31 on Antalyalle yksi kaupungin historian suurimmista diplomaattisista tapahtumista; se lis\u00e4\u00e4 kansainv\u00e4list\u00e4 n\u00e4kyvyytt\u00e4 ja lis\u00e4\u00e4 kansainv\u00e4list\u00e4 n\u00e4kyvyytt\u00e4. <span class=\"s1\"><b>kest\u00e4v\u00e4 matkailu<\/b><\/span> on eturintamassa. Samalla se nostaa V\u00e4limeren ilmastokriisin, jota uhkaavat tulipalot ja veden niukkuus, maailmanlaajuisen asialistan k\u00e4rkeen.<\/p>\t\t\t\t\t\t\t\t<\/div>\n\t\t\t\t<div class=\"elementor-element elementor-element-03906ff elementor-widget-divider--view-line elementor-invisible elementor-widget elementor-widget-divider\" data-id=\"03906ff\" data-element_type=\"widget\" data-e-type=\"widget\" data-settings=\"{&quot;_animation&quot;:&quot;fadeInRight&quot;,&quot;_animation_delay&quot;:1000}\" data-widget_type=\"divider.default\">\n\t\t\t\t\t\t\t<div class=\"elementor-divider\">\n\t\t\t<span class=\"elementor-divider-separator\">\n\t\t\t\t\t\t<\/span>\n\t\t<\/div>\n\t\t\t\t\t\t<\/div>\n\t\t\t\t<div class=\"elementor-element elementor-element-070510f elementor-invisible elementor-widget elementor-widget-heading\" data-id=\"070510f\" data-element_type=\"widget\" data-e-type=\"widget\" data-settings=\"{&quot;_animation&quot;:&quot;fadeInRight&quot;,&quot;_animation_delay&quot;:1500}\" data-widget_type=\"heading.default\">\n\t\t\t\t\t<h2 class=\"elementor-heading-title elementor-size-default\">TYYNENMEREN ALUEELLA J\u00c4RJESTET\u00c4\u00c4N PRE-COP-KOKOUS<\/h2>\t\t\t\t<\/div>\n\t\t\t\t<div class=\"elementor-element elementor-element-ffb091f elementor-invisible elementor-widget elementor-widget-text-editor\" data-id=\"ffb091f\" data-element_type=\"widget\" data-e-type=\"widget\" data-settings=\"{&quot;_animation&quot;:&quot;fadeInRight&quot;,&quot;_animation_delay&quot;:2000}\" data-widget_type=\"text-editor.default\">\n\t\t\t\t\t\t\t\t\t<p class=\"p1\">Osana COP31-kompromissia, <span class=\"s1\"><b>korkean tason Pre-COP-kokous Tyynell\u00e4merell\u00e4<\/b><\/span> tapahtuu. T\u00e4m\u00e4 Australian ja Tyynenmeren johtajien yhdess\u00e4 j\u00e4rjest\u00e4m\u00e4 kokous on p\u00e4\u00e4huippukokouksen diplomaattinen moottori.<\/p><p class=\"p1\">Tavoitteena on j\u00e4rjest\u00e4\u00e4 pienten saarivaltioiden kokous ennen maailman johtajien tuloa Antalyaan. <span class=\"s1\"><b>Menetykset ja vahingot<\/b><\/span> rahoitus ja merirajojen suojelu olisi otettava neuvottelujen aiheeksi.<\/p>\t\t\t\t\t\t\t\t<\/div>\n\t\t\t\t\t<\/div>\n\t\t<\/div>\n\t\t\t\t\t<\/div>\n\t\t<\/section>\n\t\t<div class=\"elementor-element elementor-element-78a0d0ae e-flex e-con-boxed e-con e-parent\" data-id=\"78a0d0ae\" data-element_type=\"container\" data-e-type=\"container\" data-settings=\"{&quot;background_background&quot;:&quot;classic&quot;,&quot;shape_divider_top&quot;:&quot;mountains&quot;}\">\n\t\t\t\t\t<div class=\"e-con-inner\">\n\t\t\t\t<div class=\"elementor-shape elementor-shape-top\" aria-hidden=\"true\" data-negative=\"false\">\n\t\t\t<svg xmlns=\"http:\/\/www.w3.org\/2000\/svg\" viewbox=\"0 0 1000 100\" preserveaspectratio=\"none\">\n\t<path class=\"elementor-shape-fill\" opacity=\"0.33\" d=\"M473,67.3c-203.9,88.3-263.1-34-320.3,0C66,119.1,0,59.7,0,59.7V0h1000v59.7 c0,0-62.1,26.1-94.9,29.3c-32.8,3.3-62.8-12.3-75.8-22.1C806,49.6,745.3,8.7,694.9,4.7S492.4,59,473,67.3z\"\/>\n\t<path class=\"elementor-shape-fill\" opacity=\"0.66\" d=\"M734,67.3c-45.5,0-77.2-23.2-129.1-39.1c-28.6-8.7-150.3-10.1-254,39.1 s-91.7-34.4-149.2,0C115.7,118.3,0,39.8,0,39.8V0h1000v36.5c0,0-28.2-18.5-92.1-18.5C810.2,18.1,775.7,67.3,734,67.3z\"\/>\n\t<path class=\"elementor-shape-fill\" d=\"M766.1,28.9c-200-57.5-266,65.5-395.1,19.5C242,1.8,242,5.4,184.8,20.6C128,35.8,132.3,44.9,89.9,52.5C28.6,63.7,0,0,0,0 h1000c0,0-9.9,40.9-83.6,48.1S829.6,47,766.1,28.9z\"\/>\n<\/svg>\t\t<\/div>\n\t\t<div class=\"elementor-element elementor-element-7dde02f6 e-con-full e-flex e-con e-child\" data-id=\"7dde02f6\" data-element_type=\"container\" data-e-type=\"container\">\n\t\t\t\t<div class=\"elementor-element elementor-element-2b0e7254 elementor-widget elementor-widget-heading\" data-id=\"2b0e7254\" data-element_type=\"widget\" data-e-type=\"widget\" data-widget_type=\"heading.default\">\n\t\t\t\t\t<div class=\"elementor-heading-title elementor-size-default\">Puhutaan COP31:st\u00e4<\/div>\t\t\t\t<\/div>\n\t\t\t\t<\/div>\n\t\t<div class=\"elementor-element elementor-element-7de46a84 e-con-full e-flex e-con e-child\" data-id=\"7de46a84\" data-element_type=\"container\" data-e-type=\"container\">\n\t\t\t\t<div class=\"elementor-element elementor-element-671200fd elementor-align-left elementor-tablet-align-left elementor-mobile-align-justify elementor-widget__width-inherit elementor-widget elementor-widget-button\" data-id=\"671200fd\" data-element_type=\"widget\" data-e-type=\"widget\" data-widget_type=\"button.default\">\n\t\t\t\t\t\t\t\t\t\t<a class=\"elementor-button elementor-button-link elementor-size-sm\" href=\"https:\/\/globaliscertification.com\/\" target=\"_blank\">\n\t\t\t\t\t\t<span class=\"elementor-button-content-wrapper\">\n\t\t\t\t\t\t\t\t\t<span class=\"elementor-button-text\">Globalis tiedot<\/span>\n\t\t\t\t\t<\/span>\n\t\t\t\t\t<\/a>\n\t\t\t\t\t\t\t\t<\/div>\n\t\t\t\t<\/div>\n\t\t\t\t\t<\/div>\n\t\t\t\t<\/div>\n\t\t\t\t<\/div>","protected":false},"excerpt":{"rendered":"<p>COP31 ANTALYA 2026: HEDEFLER, T\u00dcRK\u0130YE ve K\u00dcRESEL ETK\u0130 COP31\u2019e ev sahipli\u011fi yapmak, T\u00fcrkiye i\u00e7in stratejik bir ad\u0131md\u0131r. Zirve, 2053 Net [&hellip;]<\/p>\n","protected":false},"author":1,"featured_media":0,"parent":0,"menu_order":0,"comment_status":"closed","ping_status":"closed","template":"","meta":{"om_disable_all_campaigns":false,"_monsterinsights_skip_tracking":false,"_monsterinsights_sitenote_active":false,"_monsterinsights_sitenote_note":"","_monsterinsights_sitenote_category":0,"site-sidebar-layout":"no-sidebar","site-content-layout":"page-builder","ast-site-content-layout":"default","site-content-style":"default","site-sidebar-style":"default","ast-global-header-display":"","ast-banner-title-visibility":"","ast-main-header-display":"","ast-hfb-above-header-display":"","ast-hfb-below-header-display":"","ast-hfb-mobile-header-display":"","site-post-title":"disabled","ast-breadcrumbs-content":"","ast-featured-img":"disabled","footer-sml-layout":"","theme-transparent-header-meta":"enabled","adv-header-id-meta":"","stick-header-meta":"","header-above-stick-meta":"","header-main-stick-meta":"","header-below-stick-meta":"","astra-migrate-meta-layouts":"default","ast-page-background-enabled":"default","ast-page-background-meta":{"desktop":{"background-color":"","background-image":"","background-repeat":"repeat","background-position":"center center","background-size":"auto","background-attachment":"scroll","background-type":"","background-media":"","overlay-type":"","overlay-color":"","overlay-opacity":"","overlay-gradient":""},"tablet":{"background-color":"","background-image":"","background-repeat":"repeat","background-position":"center center","background-size":"auto","background-attachment":"scroll","background-type":"","background-media":"","overlay-type":"","overlay-color":"","overlay-opacity":"","overlay-gradient":""},"mobile":{"background-color":"","background-image":"","background-repeat":"repeat","background-position":"center center","background-size":"auto","background-attachment":"scroll","background-type":"","background-media":"","overlay-type":"","overlay-color":"","overlay-opacity":"","overlay-gradient":""}},"ast-content-background-meta":{"desktop":{"background-color":"var(--ast-global-color-5)","background-image":"","background-repeat":"repeat","background-position":"center center","background-size":"auto","background-attachment":"scroll","background-type":"","background-media":"","overlay-type":"","overlay-color":"","overlay-opacity":"","overlay-gradient":""},"tablet":{"background-color":"var(--ast-global-color-5)","background-image":"","background-repeat":"repeat","background-position":"center center","background-size":"auto","background-attachment":"scroll","background-type":"","background-media":"","overlay-type":"","overlay-color":"","overlay-opacity":"","overlay-gradient":""},"mobile":{"background-color":"var(--ast-global-color-5)","background-image":"","background-repeat":"repeat","background-position":"center center","background-size":"auto","background-attachment":"scroll","background-type":"","background-media":"","overlay-type":"","overlay-color":"","overlay-opacity":"","overlay-gradient":""}},"footnotes":""},"class_list":["post-315","page","type-page","status-publish","hentry"],"aioseo_notices":[],"_links":{"self":[{"href":"https:\/\/www.copantalya.com\/fi\/wp-json\/wp\/v2\/pages\/315","targetHints":{"allow":["GET"]}}],"collection":[{"href":"https:\/\/www.copantalya.com\/fi\/wp-json\/wp\/v2\/pages"}],"about":[{"href":"https:\/\/www.copantalya.com\/fi\/wp-json\/wp\/v2\/types\/page"}],"author":[{"embeddable":true,"href":"https:\/\/www.copantalya.com\/fi\/wp-json\/wp\/v2\/users\/1"}],"replies":[{"embeddable":true,"href":"https:\/\/www.copantalya.com\/fi\/wp-json\/wp\/v2\/comments?post=315"}],"version-history":[{"count":31,"href":"https:\/\/www.copantalya.com\/fi\/wp-json\/wp\/v2\/pages\/315\/revisions"}],"predecessor-version":[{"id":1670,"href":"https:\/\/www.copantalya.com\/fi\/wp-json\/wp\/v2\/pages\/315\/revisions\/1670"}],"wp:attachment":[{"href":"https:\/\/www.copantalya.com\/fi\/wp-json\/wp\/v2\/media?parent=315"}],"curies":[{"name":"wp","href":"https:\/\/api.w.org\/{rel}","templated":true}]}}