{"id":1420,"date":"2026-02-18T19:08:50","date_gmt":"2026-02-18T19:08:50","guid":{"rendered":"https:\/\/www.copantalya.com\/?page_id=1420"},"modified":"2026-03-02T19:37:20","modified_gmt":"2026-03-02T19:37:20","slug":"karbon-etkisi","status":"publish","type":"page","link":"https:\/\/www.copantalya.com\/fr\/karbon-etkisi\/","title":{"rendered":"Impact carbone"},"content":{"rendered":"<div data-elementor-type=\"wp-page\" data-elementor-id=\"1420\" class=\"elementor elementor-1420\">\n\t\t\t\t<div class=\"elementor-element elementor-element-262daccf e-flex e-con-boxed e-con e-parent\" data-id=\"262daccf\" data-element_type=\"container\" data-e-type=\"container\" data-settings=\"{&quot;background_background&quot;:&quot;classic&quot;}\">\n\t\t\t\t\t<div class=\"e-con-inner\">\n\t\t<div class=\"elementor-element elementor-element-1e303980 e-con-full e-flex e-con e-child\" data-id=\"1e303980\" data-element_type=\"container\" data-e-type=\"container\">\n\t\t\t\t<div class=\"elementor-element elementor-element-6aa7c23 elementor-widget elementor-widget-heading\" data-id=\"6aa7c23\" data-element_type=\"widget\" data-e-type=\"widget\" data-widget_type=\"heading.default\">\n\t\t\t\t\t<h1 class=\"elementor-heading-title elementor-size-default\">Empreinte carbone des centres de donn\u00e9es dans le processus de num\u00e9risation et son interaction avec la crise climatique<\/h1>\t\t\t\t<\/div>\n\t\t\t\t<\/div>\n\t\t\t\t\t<\/div>\n\t\t\t\t<\/div>\n\t\t\t\t<section class=\"elementor-section elementor-top-section elementor-element elementor-element-1d9728db elementor-section-content-middle elementor-section-boxed elementor-section-height-default elementor-section-height-default\" data-id=\"1d9728db\" data-element_type=\"section\" data-e-type=\"section\" data-settings=\"{&quot;background_background&quot;:&quot;classic&quot;}\">\n\t\t\t\t\t\t<div class=\"elementor-container elementor-column-gap-no\">\n\t\t\t\t\t<div class=\"elementor-column elementor-col-50 elementor-top-column elementor-element elementor-element-29a6ff73\" data-id=\"29a6ff73\" data-element_type=\"column\" data-e-type=\"column\" data-settings=\"{&quot;background_background&quot;:&quot;classic&quot;}\">\n\t\t\t<div class=\"elementor-widget-wrap elementor-element-populated\">\n\t\t\t\t\t\t<div class=\"elementor-element elementor-element-589de755 elementor-widget elementor-widget-image\" data-id=\"589de755\" data-element_type=\"widget\" data-e-type=\"widget\" data-widget_type=\"image.default\">\n\t\t\t\t\t\t\t\t\t\t\t\t\t\t\t<img fetchpriority=\"high\" decoding=\"async\" width=\"1001\" height=\"1500\" src=\"https:\/\/www.copantalya.com\/wp-content\/uploads\/2026\/02\/16472-2.jpg\" class=\"attachment-full size-full wp-image-1269\" alt=\"16472 2\" srcset=\"https:\/\/www.copantalya.com\/wp-content\/uploads\/2026\/02\/16472-2.jpg 1001w, https:\/\/www.copantalya.com\/wp-content\/uploads\/2026\/02\/16472-2-200x300.jpg 200w, https:\/\/www.copantalya.com\/wp-content\/uploads\/2026\/02\/16472-2-683x1024.jpg 683w, https:\/\/www.copantalya.com\/wp-content\/uploads\/2026\/02\/16472-2-768x1151.jpg 768w\" sizes=\"(max-width: 1001px) 100vw, 1001px\" title=\"Impact carbone\">\t\t\t\t\t\t\t\t\t\t\t\t\t\t\t<\/div>\n\t\t\t\t\t<\/div>\n\t\t<\/div>\n\t\t\t\t<div class=\"elementor-column elementor-col-50 elementor-top-column elementor-element elementor-element-6b99767f\" data-id=\"6b99767f\" data-element_type=\"column\" data-e-type=\"column\">\n\t\t\t<div class=\"elementor-widget-wrap elementor-element-populated\">\n\t\t\t\t\t\t<div class=\"elementor-element elementor-element-6fda241 elementor-widget elementor-widget-text-editor\" data-id=\"6fda241\" data-element_type=\"widget\" data-e-type=\"widget\" data-widget_type=\"text-editor.default\">\n\t\t\t\t\t\t\t\t\t<p class=\"p1\">La num\u00e9risation affecte la structure \u00e9conomique, sociale et politique des soci\u00e9t\u00e9s modernes.<br \/>est l'un des processus fondamentaux qui remod\u00e8lent le monde. Intelligence artificielle, plateformes en ligne, informatique en nuage<br \/>et l'analyse des donn\u00e9es (big data) ; des avantages significatifs en termes d'efficacit\u00e9 et d'accessibilit\u00e9 accrues<br \/>\u00e0 l'environnement. Toutefois, ce processus entra\u00eene \u00e9galement des co\u00fbts environnementaux importants qui sont souvent n\u00e9glig\u00e9s.<br \/>\u00e0 la num\u00e9risation. Les centres de donn\u00e9es qui constituent la base de l'infrastructure n\u00e9cessaire \u00e0 la num\u00e9risation,<br \/>L'augmentation de la consommation d'\u00e9nergie et des \u00e9missions de carbone qui en d\u00e9coulent est de plus en plus reconnue dans le cadre de la crise climatique.<br \/>de plus en plus \u00e0 l'ordre du jour.<\/p>\t\t\t\t\t\t\t\t<\/div>\n\t\t\t\t<div class=\"elementor-element elementor-element-1205ac1c elementor-widget-divider--view-line elementor-widget elementor-widget-divider\" data-id=\"1205ac1c\" data-element_type=\"widget\" data-e-type=\"widget\" data-widget_type=\"divider.default\">\n\t\t\t\t\t\t\t<div class=\"elementor-divider\">\n\t\t\t<span class=\"elementor-divider-separator\">\n\t\t\t\t\t\t<\/span>\n\t\t<\/div>\n\t\t\t\t\t\t<\/div>\n\t\t\t\t<div class=\"elementor-element elementor-element-3939d56b elementor-widget elementor-widget-heading\" data-id=\"3939d56b\" data-element_type=\"widget\" data-e-type=\"widget\" data-widget_type=\"heading.default\">\n\t\t\t\t\t<h2 class=\"elementor-heading-title elementor-size-default\">Num\u00e9risation et augmentation de la demande d'\u00e9nergie<\/h2>\t\t\t\t<\/div>\n\t\t\t\t<div class=\"elementor-element elementor-element-11db7874 elementor-widget elementor-widget-text-editor\" data-id=\"11db7874\" data-element_type=\"widget\" data-e-type=\"widget\" data-widget_type=\"text-editor.default\">\n\t\t\t\t\t\t\t\t\t<p class=\"p1\">La demande mondiale de services num\u00e9riques a connu une croissance rapide au cours de la derni\u00e8re d\u00e9cennie. Les logiciels de diffusion vid\u00e9o, les plateformes de m\u00e9dias sociaux et les syst\u00e8mes bas\u00e9s sur l'intelligence artificielle g\u00e9n\u00e8rent de grandes quantit\u00e9s de donn\u00e9es et n\u00e9cessitent une puissance de calcul \u00e9lev\u00e9e pour les traiter. Les centres de donn\u00e9es sont des syst\u00e8mes qui fonctionnent en permanence pour soutenir cette activit\u00e9 num\u00e9rique intensive, ce qui entra\u00eene une consommation d'\u00e9lectricit\u00e9 importante.<\/p><p class=\"p1\">Dans ce processus, la consommation d'\u00e9nergie ne se limite pas aux serveurs : les syst\u00e8mes de refroidissement, de sauvegarde et de s\u00e9curit\u00e9 repr\u00e9sentent \u00e9galement une part importante de la consommation totale. Des \u00e9tudes montrent que les centres de donn\u00e9es repr\u00e9sentent environ %1 \u00e0 2 de la consommation mondiale d'\u00e9lectricit\u00e9. Si la num\u00e9risation se poursuit \u00e0 un rythme rapide, ce ratio devrait encore augmenter dans les ann\u00e9es \u00e0 venir. Cette augmentation de la demande d'\u00e9nergie pose \u00e9galement un s\u00e9rieux probl\u00e8me d'\u00e9missions de carbone, en particulier dans les pays qui d\u00e9pendent des combustibles fossiles pour la production d'\u00e9lectricit\u00e9.<\/p>\t\t\t\t\t\t\t\t<\/div>\n\t\t\t\t<div class=\"elementor-element elementor-element-41ea4fe elementor-widget-divider--view-line elementor-widget elementor-widget-divider\" data-id=\"41ea4fe\" data-element_type=\"widget\" data-e-type=\"widget\" data-widget_type=\"divider.default\">\n\t\t\t\t\t\t\t<div class=\"elementor-divider\">\n\t\t\t<span class=\"elementor-divider-separator\">\n\t\t\t\t\t\t<\/span>\n\t\t<\/div>\n\t\t\t\t\t\t<\/div>\n\t\t\t\t<div class=\"elementor-element elementor-element-5ceb260 elementor-widget elementor-widget-heading\" data-id=\"5ceb260\" data-element_type=\"widget\" data-e-type=\"widget\" data-widget_type=\"heading.default\">\n\t\t\t\t\t<h2 class=\"elementor-heading-title elementor-size-default\">Empreinte carbone des centres de donn\u00e9es<\/h2>\t\t\t\t<\/div>\n\t\t\t\t<div class=\"elementor-element elementor-element-cfed3d8 elementor-widget elementor-widget-text-editor\" data-id=\"cfed3d8\" data-element_type=\"widget\" data-e-type=\"widget\" data-widget_type=\"text-editor.default\">\n\t\t\t\t\t\t\t\t\t<p><span style=\"font-weight: 400;\">L'empreinte carbone des centres de donn\u00e9es d\u00e9pend en grande partie de la nature de la source d'\u00e9nergie utilis\u00e9e. Alors que les centres de donn\u00e9es utilisant des sources d'\u00e9nergie renouvelables ont des niveaux d'\u00e9mission plus faibles, les centres fonctionnant dans des syst\u00e8mes \u00e9nerg\u00e9tiques domin\u00e9s par les combustibles fossiles tels que le charbon et le gaz naturel sont \u00e0 l'origine d'\u00e9missions indirectes \u00e9lev\u00e9es. Cela montre que l'impact de la num\u00e9risation sur le climat est directement li\u00e9 aux politiques \u00e9nerg\u00e9tiques r\u00e9gionales.\u00a0<\/span><\/p><p><span style=\"font-weight: 400;\">En outre, il convient de tenir compte non seulement de la consommation directe d'\u00e9nergie, mais aussi de l'impact environnemental des centres de donn\u00e9es. Les processus de fabrication, de transport et de renouvellement p\u00e9riodique des serveurs sont \u00e0 l'origine d'une grande quantit\u00e9 d'\u00e9missions de carbone.\u00a0<\/span><\/p>\t\t\t\t\t\t\t\t<\/div>\n\t\t\t\t<div class=\"elementor-element elementor-element-2e84cd4 elementor-widget-divider--view-line elementor-widget elementor-widget-divider\" data-id=\"2e84cd4\" data-element_type=\"widget\" data-e-type=\"widget\" data-widget_type=\"divider.default\">\n\t\t\t\t\t\t\t<div class=\"elementor-divider\">\n\t\t\t<span class=\"elementor-divider-separator\">\n\t\t\t\t\t\t<\/span>\n\t\t<\/div>\n\t\t\t\t\t\t<\/div>\n\t\t\t\t<div class=\"elementor-element elementor-element-d557b16 elementor-widget elementor-widget-heading\" data-id=\"d557b16\" data-element_type=\"widget\" data-e-type=\"widget\" data-widget_type=\"heading.default\">\n\t\t\t\t\t<h2 class=\"elementor-heading-title elementor-size-default\">Syst\u00e8mes de refroidissement et consommation d'eau<\/h2>\t\t\t\t<\/div>\n\t\t\t\t<div class=\"elementor-element elementor-element-72b1167 elementor-widget elementor-widget-text-editor\" data-id=\"72b1167\" data-element_type=\"widget\" data-e-type=\"widget\" data-widget_type=\"text-editor.default\">\n\t\t\t\t\t\t\t\t\t<p><span style=\"font-weight: 400;\">Les syst\u00e8mes de refroidissement repr\u00e9sentent une part importante de la consommation d'\u00e9nergie dans les centres de donn\u00e9es. Les serveurs fonctionnant en continu g\u00e9n\u00e8rent de grandes quantit\u00e9s de chaleur et doivent \u00eatre refroidis pour maintenir la chaleur sous contr\u00f4le. Cela augmente la consommation d'\u00e9nergie et donc les \u00e9missions de carbone, en particulier dans les centres de donn\u00e9es situ\u00e9s dans des climats chauds.<\/span><\/p><p><span style=\"font-weight: 400;\">En outre, de nombreux centres de donn\u00e9es utilisent de grandes quantit\u00e9s d'eau dans les processus de refroidissement. Cela peut entra\u00eener des probl\u00e8mes \u00e9cologiques et sociaux, en particulier dans les r\u00e9gions qui connaissent un stress hydrique. C'est pourquoi l'impact environnemental des centres de donn\u00e9es ne doit pas se limiter au changement climatique, mais doit \u00e9galement \u00eatre \u00e9valu\u00e9 en termes de durabilit\u00e9 des ressources naturelles.\u00a0<\/span><\/p>\t\t\t\t\t\t\t\t<\/div>\n\t\t\t\t<div class=\"elementor-element elementor-element-f44f1ad elementor-widget-divider--view-line elementor-widget elementor-widget-divider\" data-id=\"f44f1ad\" data-element_type=\"widget\" data-e-type=\"widget\" data-widget_type=\"divider.default\">\n\t\t\t\t\t\t\t<div class=\"elementor-divider\">\n\t\t\t<span class=\"elementor-divider-separator\">\n\t\t\t\t\t\t<\/span>\n\t\t<\/div>\n\t\t\t\t\t\t<\/div>\n\t\t\t\t<div class=\"elementor-element elementor-element-752c582 elementor-widget elementor-widget-heading\" data-id=\"752c582\" data-element_type=\"widget\" data-e-type=\"widget\" data-widget_type=\"heading.default\">\n\t\t\t\t\t<h2 class=\"elementor-heading-title elementor-size-default\">Politiques climatiques et transformation num\u00e9rique durable<\/h2>\t\t\t\t<\/div>\n\t\t\t\t<div class=\"elementor-element elementor-element-c59bca3 elementor-widget elementor-widget-text-editor\" data-id=\"c59bca3\" data-element_type=\"widget\" data-e-type=\"widget\" data-widget_type=\"text-editor.default\">\n\t\t\t\t\t\t\t\t\t<p><span style=\"font-weight: 400;\">La r\u00e9duction de l'impact carbone des centres de donn\u00e9es est directement li\u00e9e aux objectifs climatiques mondiaux. Les rapports publi\u00e9s par le Programme des Nations unies pour l'environnement (PNUE) soulignent l'importance d'aligner l'infrastructure num\u00e9rique sur les objectifs de durabilit\u00e9. En outre, si l'Accord de Paris vise \u00e0 limiter l'augmentation de la temp\u00e9rature mondiale \u00e0 1 ou 2 \u00b0C, il exige la transformation durable des secteurs \u00e0 forte consommation d'\u00e9nergie. Par cons\u00e9quent, le secteur num\u00e9rique devrait \u00e9galement \u00eatre int\u00e9gr\u00e9 dans les politiques climatiques. Les rapports de l'Agence internationale de l'\u00e9nergie (AIE) soulignent qu'il est essentiel d'orienter les centres de donn\u00e9es vers l'utilisation d'\u00e9nergies renouvelables et de renforcer les normes d'efficacit\u00e9 \u00e9nerg\u00e9tique.\u00a0<\/span><\/p><p><span style=\"font-weight: 400;\">En outre, des pratiques telles que la r\u00e9cup\u00e9ration de la chaleur perdue, des architectures de serveurs plus efficaces et des rapports transparents sur les \u00e9missions figurent parmi les principaux outils d'une num\u00e9risation durable. Au niveau politique, les incitations gouvernementales, les taxes sur le carbone et les m\u00e9canismes de d\u00e9claration obligatoire sont des outils importants pour r\u00e9duire l'impact environnemental du secteur num\u00e9rique. Il est pr\u00e9vu que ces r\u00e9glementations conduisent les entreprises \u00e0 une utilisation plus transparente et plus responsable de l'\u00e9nergie.\u00a0<\/span><\/p>\t\t\t\t\t\t\t\t<\/div>\n\t\t\t\t<div class=\"elementor-element elementor-element-ce87ea4 elementor-widget-divider--view-line elementor-widget elementor-widget-divider\" data-id=\"ce87ea4\" data-element_type=\"widget\" data-e-type=\"widget\" data-widget_type=\"divider.default\">\n\t\t\t\t\t\t\t<div class=\"elementor-divider\">\n\t\t\t<span class=\"elementor-divider-separator\">\n\t\t\t\t\t\t<\/span>\n\t\t<\/div>\n\t\t\t\t\t\t<\/div>\n\t\t\t\t<div class=\"elementor-element elementor-element-1204cb8 elementor-widget elementor-widget-heading\" data-id=\"1204cb8\" data-element_type=\"widget\" data-e-type=\"widget\" data-widget_type=\"heading.default\">\n\t\t\t\t\t<h2 class=\"elementor-heading-title elementor-size-default\">Conclusion<\/h2>\t\t\t\t<\/div>\n\t\t\t\t<div class=\"elementor-element elementor-element-0c62aac elementor-widget elementor-widget-text-editor\" data-id=\"0c62aac\" data-element_type=\"widget\" data-e-type=\"widget\" data-widget_type=\"text-editor.default\">\n\t\t\t\t\t\t\t\t\t<p><span style=\"font-weight: 400;\">Si la num\u00e9risation est un processus indispensable aux soci\u00e9t\u00e9s modernes, elle entra\u00eene \u00e9galement des co\u00fbts environnementaux importants. Les centres de donn\u00e9es sont l'un des domaines les plus importants o\u00f9 ces co\u00fbts s'incarnent. L'augmentation de la consommation d'\u00e9nergie, des \u00e9missions de carbone, de la consommation d'eau et des d\u00e9chets \u00e9lectroniques r\u00e9v\u00e8le clairement la relation entre l'infrastructure num\u00e9rique et la crise climatique.\u00a0<\/span><\/p><p><span style=\"font-weight: 400;\">Par cons\u00e9quent, la num\u00e9risation doit \u00eatre envisag\u00e9e non seulement du point de vue du progr\u00e8s technologique, mais aussi dans le cadre de la durabilit\u00e9 environnementale et de la justice climatique. Sinon, la transformation num\u00e9rique pourrait devenir un facteur qui aggrave la crise climatique au lieu de l'att\u00e9nuer. Pour un avenir durable, il est in\u00e9vitable d'harmoniser le secteur num\u00e9rique avec les politiques climatiques.<\/span><\/p>\t\t\t\t\t\t\t\t<\/div>\n\t\t\t\t\t<\/div>\n\t\t<\/div>\n\t\t\t\t\t<\/div>\n\t\t<\/section>\n\t\t<div class=\"elementor-element elementor-element-6d511678 e-flex e-con-boxed e-con e-parent\" data-id=\"6d511678\" data-element_type=\"container\" data-e-type=\"container\" data-settings=\"{&quot;background_background&quot;:&quot;classic&quot;,&quot;shape_divider_top&quot;:&quot;mountains&quot;}\">\n\t\t\t\t\t<div class=\"e-con-inner\">\n\t\t\t\t<div class=\"elementor-shape elementor-shape-top\" aria-hidden=\"true\" data-negative=\"false\">\n\t\t\t<svg xmlns=\"http:\/\/www.w3.org\/2000\/svg\" viewbox=\"0 0 1000 100\" preserveaspectratio=\"none\">\n\t<path class=\"elementor-shape-fill\" opacity=\"0.33\" d=\"M473,67.3c-203.9,88.3-263.1-34-320.3,0C66,119.1,0,59.7,0,59.7V0h1000v59.7 c0,0-62.1,26.1-94.9,29.3c-32.8,3.3-62.8-12.3-75.8-22.1C806,49.6,745.3,8.7,694.9,4.7S492.4,59,473,67.3z\"\/>\n\t<path class=\"elementor-shape-fill\" opacity=\"0.66\" d=\"M734,67.3c-45.5,0-77.2-23.2-129.1-39.1c-28.6-8.7-150.3-10.1-254,39.1 s-91.7-34.4-149.2,0C115.7,118.3,0,39.8,0,39.8V0h1000v36.5c0,0-28.2-18.5-92.1-18.5C810.2,18.1,775.7,67.3,734,67.3z\"\/>\n\t<path class=\"elementor-shape-fill\" d=\"M766.1,28.9c-200-57.5-266,65.5-395.1,19.5C242,1.8,242,5.4,184.8,20.6C128,35.8,132.3,44.9,89.9,52.5C28.6,63.7,0,0,0,0 h1000c0,0-9.9,40.9-83.6,48.1S829.6,47,766.1,28.9z\"\/>\n<\/svg>\t\t<\/div>\n\t\t<div class=\"elementor-element elementor-element-25894c96 e-con-full e-flex e-con e-child\" data-id=\"25894c96\" data-element_type=\"container\" data-e-type=\"container\">\n\t\t\t\t<div class=\"elementor-element elementor-element-11f696ce elementor-widget elementor-widget-heading\" data-id=\"11f696ce\" data-element_type=\"widget\" data-e-type=\"widget\" data-widget_type=\"heading.default\">\n\t\t\t\t\t<div class=\"elementor-heading-title elementor-size-default\">Parlons de la COP31<\/div>\t\t\t\t<\/div>\n\t\t\t\t<\/div>\n\t\t<div class=\"elementor-element elementor-element-3a105639 e-con-full e-flex e-con e-child\" data-id=\"3a105639\" data-element_type=\"container\" data-e-type=\"container\">\n\t\t\t\t<div class=\"elementor-element elementor-element-491406eb elementor-align-left elementor-tablet-align-left elementor-mobile-align-justify elementor-widget__width-inherit elementor-widget elementor-widget-button\" data-id=\"491406eb\" data-element_type=\"widget\" data-e-type=\"widget\" data-widget_type=\"button.default\">\n\t\t\t\t\t\t\t\t\t\t<a class=\"elementor-button elementor-button-link elementor-size-sm\" href=\"https:\/\/globaliscertification.com\/\" target=\"_blank\">\n\t\t\t\t\t\t<span class=\"elementor-button-content-wrapper\">\n\t\t\t\t\t\t\t\t\t<span class=\"elementor-button-text\">Information Globalis<\/span>\n\t\t\t\t\t<\/span>\n\t\t\t\t\t<\/a>\n\t\t\t\t\t\t\t\t<\/div>\n\t\t\t\t<\/div>\n\t\t\t\t\t<\/div>\n\t\t\t\t<\/div>\n\t\t\t\t<\/div>","protected":false},"excerpt":{"rendered":"<p>Dijitalle\u015fme S\u00fcrecinde Veri Merkezlerinin Karbon Ayak \u0130zi ve \u0130klim Kriziyle Etkile\u015fimi Dijitalle\u015fme; modern toplumlar\u0131n ekonomik, sosyal ve siyasi yap\u0131lanmas\u0131n\u0131 etkileyerekyeniden [&hellip;]<\/p>\n","protected":false},"author":1,"featured_media":0,"parent":0,"menu_order":0,"comment_status":"closed","ping_status":"closed","template":"","meta":{"om_disable_all_campaigns":false,"_monsterinsights_skip_tracking":false,"_monsterinsights_sitenote_active":false,"_monsterinsights_sitenote_note":"","_monsterinsights_sitenote_category":0,"site-sidebar-layout":"no-sidebar","site-content-layout":"page-builder","ast-site-content-layout":"full-width-container","site-content-style":"default","site-sidebar-style":"default","ast-global-header-display":"","ast-banner-title-visibility":"","ast-main-header-display":"","ast-hfb-above-header-display":"","ast-hfb-below-header-display":"","ast-hfb-mobile-header-display":"","site-post-title":"disabled","ast-breadcrumbs-content":"","ast-featured-img":"disabled","footer-sml-layout":"","theme-transparent-header-meta":"","adv-header-id-meta":"","stick-header-meta":"","header-above-stick-meta":"","header-main-stick-meta":"","header-below-stick-meta":"","astra-migrate-meta-layouts":"set","ast-page-background-enabled":"default","ast-page-background-meta":{"desktop":{"background-color":"","background-image":"","background-repeat":"repeat","background-position":"center center","background-size":"auto","background-attachment":"scroll","background-type":"","background-media":"","overlay-type":"","overlay-color":"","overlay-opacity":"","overlay-gradient":""},"tablet":{"background-color":"","background-image":"","background-repeat":"repeat","background-position":"center center","background-size":"auto","background-attachment":"scroll","background-type":"","background-media":"","overlay-type":"","overlay-color":"","overlay-opacity":"","overlay-gradient":""},"mobile":{"background-color":"","background-image":"","background-repeat":"repeat","background-position":"center center","background-size":"auto","background-attachment":"scroll","background-type":"","background-media":"","overlay-type":"","overlay-color":"","overlay-opacity":"","overlay-gradient":""}},"ast-content-background-meta":{"desktop":{"background-color":"var(--ast-global-color-5)","background-image":"","background-repeat":"repeat","background-position":"center center","background-size":"auto","background-attachment":"scroll","background-type":"","background-media":"","overlay-type":"","overlay-color":"","overlay-opacity":"","overlay-gradient":""},"tablet":{"background-color":"var(--ast-global-color-5)","background-image":"","background-repeat":"repeat","background-position":"center center","background-size":"auto","background-attachment":"scroll","background-type":"","background-media":"","overlay-type":"","overlay-color":"","overlay-opacity":"","overlay-gradient":""},"mobile":{"background-color":"var(--ast-global-color-5)","background-image":"","background-repeat":"repeat","background-position":"center center","background-size":"auto","background-attachment":"scroll","background-type":"","background-media":"","overlay-type":"","overlay-color":"","overlay-opacity":"","overlay-gradient":""}},"footnotes":""},"class_list":["post-1420","page","type-page","status-publish","hentry"],"aioseo_notices":[],"_links":{"self":[{"href":"https:\/\/www.copantalya.com\/fr\/wp-json\/wp\/v2\/pages\/1420","targetHints":{"allow":["GET"]}}],"collection":[{"href":"https:\/\/www.copantalya.com\/fr\/wp-json\/wp\/v2\/pages"}],"about":[{"href":"https:\/\/www.copantalya.com\/fr\/wp-json\/wp\/v2\/types\/page"}],"author":[{"embeddable":true,"href":"https:\/\/www.copantalya.com\/fr\/wp-json\/wp\/v2\/users\/1"}],"replies":[{"embeddable":true,"href":"https:\/\/www.copantalya.com\/fr\/wp-json\/wp\/v2\/comments?post=1420"}],"version-history":[{"count":13,"href":"https:\/\/www.copantalya.com\/fr\/wp-json\/wp\/v2\/pages\/1420\/revisions"}],"predecessor-version":[{"id":1707,"href":"https:\/\/www.copantalya.com\/fr\/wp-json\/wp\/v2\/pages\/1420\/revisions\/1707"}],"wp:attachment":[{"href":"https:\/\/www.copantalya.com\/fr\/wp-json\/wp\/v2\/media?parent=1420"}],"curies":[{"name":"wp","href":"https:\/\/api.w.org\/{rel}","templated":true}]}}