{"id":2036,"date":"2026-04-03T19:42:34","date_gmt":"2026-04-03T19:42:34","guid":{"rendered":"https:\/\/www.copantalya.com\/?page_id=2036"},"modified":"2026-04-03T19:47:03","modified_gmt":"2026-04-03T19:47:03","slug":"gizlilik-politikasi","status":"publish","type":"page","link":"https:\/\/www.copantalya.com\/hu\/gizlilik-politikasi\/","title":{"rendered":"TITOKTART\u00c1SI POLITIKA"},"content":{"rendered":"<div data-elementor-type=\"wp-page\" data-elementor-id=\"2036\" class=\"elementor elementor-2036\">\n\t\t\t\t<div class=\"elementor-element elementor-element-9c3ddc6 e-grid e-con-boxed e-con e-parent\" data-id=\"9c3ddc6\" data-element_type=\"container\" data-e-type=\"container\">\n\t\t\t\t\t<div class=\"e-con-inner\">\n\t\t<div class=\"elementor-element elementor-element-5cb0315e e-con-full e-flex e-con e-child\" data-id=\"5cb0315e\" data-element_type=\"container\" data-e-type=\"container\">\n\t\t\t\t<div class=\"elementor-element elementor-element-14681b7f elementor-widget elementor-widget-heading\" data-id=\"14681b7f\" data-element_type=\"widget\" data-e-type=\"widget\" data-widget_type=\"heading.default\">\n\t\t\t\t\t<h3 class=\"elementor-heading-title elementor-size-default\">TITOKTART\u00c1SI POLITIKA<\/h3>\t\t\t\t<\/div>\n\t\t\t\t<div class=\"elementor-element elementor-element-1d7efb6c elementor-widget elementor-widget-text-editor\" data-id=\"1d7efb6c\" data-element_type=\"widget\" data-e-type=\"widget\" data-widget_type=\"text-editor.default\">\n\t\t\t\t\t\t\t\t\t<p data-start=\"337\" data-end=\"449\">Ez az adatv\u00e9delmi szab\u00e1lyzat, <a class=\"decorated-link\" href=\"http:\/\/www.copantalya.com\/hu\/\" target=\"_new\" rel=\"noopener\" data-start=\"361\" data-end=\"379\">www.copantalya.com<\/a> elmagyar\u00e1zza, hogy a weboldal (\u201cWebhely\u201d) hogyan dolgozza fel a felhaszn\u00e1l\u00f3i adatokat.<\/p><p data-start=\"451\" data-end=\"591\">Helysz\u00edn, <span class=\"hover:entity-accent entity-underline inline cursor-pointer align-baseline\"><span class=\"whitespace-normal\">Globalis tan\u00fas\u00edt\u00e1s<\/span><\/span> a COP31 Antalya az\u00e9rt k\u00e9sz\u00edtette, hogy a COP31 Antalya keret\u00e9ben t\u00e1j\u00e9koztat\u00f3 jelleg\u0171 tartalmat ny\u00fajtson.<\/p><p data-start=\"593\" data-end=\"671\">A Webhely haszn\u00e1lat\u00e1val \u00d6n elfogadja a jelen szab\u00e1lyzatban meghat\u00e1rozott felt\u00e9teleket.<\/p><hr data-start=\"673\" data-end=\"676\" \/><h4 data-section-id=\"11tmzvz\" data-start=\"678\" data-end=\"701\">1. Begy\u0171jt\u00f6tt inform\u00e1ci\u00f3k<\/h4><p data-start=\"703\" data-end=\"770\">A Webhely nem k\u00e9ri k\u00f6zvetlen\u00fcl a k\u00f6vetkez\u0151 szem\u00e9lyes adatokat a felhaszn\u00e1l\u00f3t\u00f3l:<\/p><ul data-start=\"772\" data-end=\"825\"><li data-section-id=\"1wfyy1t\" data-start=\"772\" data-end=\"785\">N\u00e9v, vezet\u00e9kn\u00e9v<\/li><li data-section-id=\"1xq9g1d\" data-start=\"786\" data-end=\"804\">E-mail c\u00edm<\/li><li data-section-id=\"b6bu1d\" data-start=\"805\" data-end=\"825\">Telefonsz\u00e1m<\/li><\/ul><hr data-start=\"827\" data-end=\"830\" \/><h4 data-section-id=\"1p32v5l\" data-start=\"832\" data-end=\"870\">2. Automatikusan gy\u0171jt\u00f6tt adatok<\/h4><p data-start=\"872\" data-end=\"950\">A Honlap haszn\u00e1lata sor\u00e1n a k\u00f6vetkez\u0151 technikai adatok automatikusan feldolgoz\u00e1sra ker\u00fclhetnek:<\/p><ul data-start=\"952\" data-end=\"1041\"><li data-section-id=\"yoijyx\" data-start=\"952\" data-end=\"965\">IP-c\u00edm<\/li><li data-section-id=\"1ak22z3\" data-start=\"966\" data-end=\"988\">Szkenner inform\u00e1ci\u00f3<\/li><li data-section-id=\"1aidqqy\" data-start=\"989\" data-end=\"1008\">Eszk\u00f6zinform\u00e1ci\u00f3<\/li><li data-section-id=\"dshcln\" data-start=\"1009\" data-end=\"1041\">Honlap haszn\u00e1lati statisztik\u00e1k<\/li><\/ul><p data-start=\"1043\" data-end=\"1054\">Ez az adat<\/p><ul data-start=\"1056\" data-end=\"1162\"><li data-section-id=\"cq105f\" data-start=\"1056\" data-end=\"1091\">A webhely teljes\u00edtm\u00e9ny\u00e9nek jav\u00edt\u00e1sa<\/li><li data-section-id=\"2t6pom\" data-start=\"1092\" data-end=\"1125\">A m\u0171szaki probl\u00e9m\u00e1k elemz\u00e9se<\/li><li data-section-id=\"1saswlz\" data-start=\"1126\" data-end=\"1162\">A felhaszn\u00e1l\u00f3i \u00e9lm\u00e9ny jav\u00edt\u00e1sa<\/li><\/ul><p data-start=\"1164\" data-end=\"1193\">c\u00e9lokra.<\/p><hr data-start=\"1195\" data-end=\"1198\" \/><h4 data-section-id=\"1c89f7f\" data-start=\"1200\" data-end=\"1229\">3. Harmadik f\u00e9l szolg\u00e1ltat\u00e1sai<\/h4><p data-start=\"1231\" data-end=\"1270\">A Webhely a k\u00f6vetkez\u0151 szolg\u00e1ltat\u00e1sokat veheti ig\u00e9nybe:<\/p><ul data-start=\"1272\" data-end=\"1326\"><li data-section-id=\"3chu1r\" data-start=\"1272\" data-end=\"1292\">Analitikai eszk\u00f6z\u00f6k<\/li><li data-section-id=\"1ilmbwh\" data-start=\"1293\" data-end=\"1326\">Hosting \u00e9s infrastruktur\u00e1lis szolg\u00e1ltat\u00e1sok<\/li><\/ul><p data-start=\"1328\" data-end=\"1397\">Ezek a szolg\u00e1ltat\u00e1sok saj\u00e1t adatv\u00e9delmi szab\u00e1lyzataik alapj\u00e1n dolgozhatnak fel adatokat.<\/p><hr data-start=\"1399\" data-end=\"1402\" \/><h4 data-section-id=\"12e3jb6\" data-start=\"1404\" data-end=\"1424\">4. Adatbiztons\u00e1g<\/h4><p data-start=\"1426\" data-end=\"1524\">A felhaszn\u00e1l\u00f3i adatok biztons\u00e1ga \u00e9rdek\u00e9ben sz\u00fcks\u00e9ges technikai \u00e9s adminisztrat\u00edv int\u00e9zked\u00e9seket tesz\u00fcnk.<\/p><hr data-start=\"1526\" data-end=\"1529\" \/><h4 data-section-id=\"exjyuz\" data-start=\"1531\" data-end=\"1549\">5. FONTOS INFORM\u00c1CI\u00d3K<\/h4><p data-start=\"1551\" data-end=\"1559\">Ez az oldal:<\/p><ul data-start=\"1561\" data-end=\"1729\"><li data-section-id=\"ks9cuh\" data-start=\"1561\" data-end=\"1632\">Egy hivatalos <span class=\"hover:entity-accent entity-underline inline cursor-pointer align-baseline\"><span class=\"whitespace-normal\">COP31<\/span><\/span> nem egy weboldal<\/li><li data-section-id=\"9qbq17\" data-start=\"1633\" data-end=\"1690\">Nem \u00e1llami int\u00e9zm\u00e9ny m\u0171k\u00f6dteti<\/li><li data-section-id=\"17fuc2c\" data-start=\"1691\" data-end=\"1729\">Csak t\u00e1j\u00e9koztat\u00e1sul<\/li><\/ul><hr data-start=\"1731\" data-end=\"1734\" \/><h4 data-section-id=\"13ulew2\" data-start=\"1736\" data-end=\"1755\">6. M\u00f3dos\u00edt\u00e1sok<\/h4><p data-start=\"1757\" data-end=\"1797\">Ez a szab\u00e1lyzat id\u0151r\u0151l id\u0151re friss\u00edthet\u0151.<\/p><hr data-start=\"1799\" data-end=\"1802\" \/><h4 data-section-id=\"aa7fqb\" data-start=\"1804\" data-end=\"1818\">7. Kommunik\u00e1ci\u00f3<\/h4><p data-start=\"1820\" data-end=\"1892\"><span class=\"hover:entity-accent entity-underline inline cursor-pointer align-baseline\"><span class=\"whitespace-normal\">Globalis tan\u00fas\u00edt\u00e1s<\/span><\/span><br data-start=\"1857\" data-end=\"1860\" \/><a class=\"decorated-link cursor-pointer\" rel=\"noopener\" data-start=\"1860\" data-end=\"1890\">info@globaliscertification.com<\/a><\/p>\t\t\t\t\t\t\t\t<\/div>\n\t\t\t\t<\/div>\n\t\t\t\t\t<\/div>\n\t\t\t\t<\/div>\n\t\t\t\t<\/div>","protected":false},"excerpt":{"rendered":"<p>G\u0130ZL\u0130L\u0130K POL\u0130T\u0130KASI Bu Gizlilik Politikas\u0131, www.copantalya.com web sitesinin (\u201cSite\u201d) kullan\u0131c\u0131 verilerini nas\u0131l i\u015fledi\u011fini a\u00e7\u0131klar. Site, Globalis Sertifikasyon taraf\u0131ndan, COP31 Antalya [&hellip;]<\/p>\n","protected":false},"author":1,"featured_media":0,"parent":0,"menu_order":0,"comment_status":"closed","ping_status":"closed","template":"","meta":{"om_disable_all_campaigns":false,"_monsterinsights_skip_tracking":false,"_monsterinsights_sitenote_active":false,"_monsterinsights_sitenote_note":"","_monsterinsights_sitenote_category":0,"site-sidebar-layout":"no-sidebar","site-content-layout":"page-builder","ast-site-content-layout":"full-width-container","site-content-style":"default","site-sidebar-style":"default","ast-global-header-display":"","ast-banner-title-visibility":"","ast-main-header-display":"","ast-hfb-above-header-display":"","ast-hfb-below-header-display":"","ast-hfb-mobile-header-display":"","site-post-title":"","ast-breadcrumbs-content":"","ast-featured-img":"disabled","footer-sml-layout":"","theme-transparent-header-meta":"","adv-header-id-meta":"","stick-header-meta":"","header-above-stick-meta":"","header-main-stick-meta":"","header-below-stick-meta":"","astra-migrate-meta-layouts":"set","ast-page-background-enabled":"default","ast-page-background-meta":{"desktop":{"background-color":"","background-image":"","background-repeat":"repeat","background-position":"center center","background-size":"auto","background-attachment":"scroll","background-type":"","background-media":"","overlay-type":"","overlay-color":"","overlay-opacity":"","overlay-gradient":""},"tablet":{"background-color":"","background-image":"","background-repeat":"repeat","background-position":"center center","background-size":"auto","background-attachment":"scroll","background-type":"","background-media":"","overlay-type":"","overlay-color":"","overlay-opacity":"","overlay-gradient":""},"mobile":{"background-color":"","background-image":"","background-repeat":"repeat","background-position":"center center","background-size":"auto","background-attachment":"scroll","background-type":"","background-media":"","overlay-type":"","overlay-color":"","overlay-opacity":"","overlay-gradient":""}},"ast-content-background-meta":{"desktop":{"background-color":"var(--ast-global-color-5)","background-image":"","background-repeat":"repeat","background-position":"center center","background-size":"auto","background-attachment":"scroll","background-type":"","background-media":"","overlay-type":"","overlay-color":"","overlay-opacity":"","overlay-gradient":""},"tablet":{"background-color":"var(--ast-global-color-5)","background-image":"","background-repeat":"repeat","background-position":"center center","background-size":"auto","background-attachment":"scroll","background-type":"","background-media":"","overlay-type":"","overlay-color":"","overlay-opacity":"","overlay-gradient":""},"mobile":{"background-color":"var(--ast-global-color-5)","background-image":"","background-repeat":"repeat","background-position":"center center","background-size":"auto","background-attachment":"scroll","background-type":"","background-media":"","overlay-type":"","overlay-color":"","overlay-opacity":"","overlay-gradient":""}},"footnotes":""},"class_list":["post-2036","page","type-page","status-publish","hentry"],"aioseo_notices":[],"_links":{"self":[{"href":"https:\/\/www.copantalya.com\/hu\/wp-json\/wp\/v2\/pages\/2036","targetHints":{"allow":["GET"]}}],"collection":[{"href":"https:\/\/www.copantalya.com\/hu\/wp-json\/wp\/v2\/pages"}],"about":[{"href":"https:\/\/www.copantalya.com\/hu\/wp-json\/wp\/v2\/types\/page"}],"author":[{"embeddable":true,"href":"https:\/\/www.copantalya.com\/hu\/wp-json\/wp\/v2\/users\/1"}],"replies":[{"embeddable":true,"href":"https:\/\/www.copantalya.com\/hu\/wp-json\/wp\/v2\/comments?post=2036"}],"version-history":[{"count":4,"href":"https:\/\/www.copantalya.com\/hu\/wp-json\/wp\/v2\/pages\/2036\/revisions"}],"predecessor-version":[{"id":2041,"href":"https:\/\/www.copantalya.com\/hu\/wp-json\/wp\/v2\/pages\/2036\/revisions\/2041"}],"wp:attachment":[{"href":"https:\/\/www.copantalya.com\/hu\/wp-json\/wp\/v2\/media?parent=2036"}],"curies":[{"name":"wp","href":"https:\/\/api.w.org\/{rel}","templated":true}]}}