{"id":2036,"date":"2026-04-03T19:42:34","date_gmt":"2026-04-03T19:42:34","guid":{"rendered":"https:\/\/www.copantalya.com\/?page_id=2036"},"modified":"2026-04-03T19:47:03","modified_gmt":"2026-04-03T19:47:03","slug":"gizlilik-politikasi","status":"publish","type":"page","link":"https:\/\/www.copantalya.com\/is\/gizlilik-politikasi\/","title":{"rendered":"Pers\u00f3nuverndarstefna"},"content":{"rendered":"<div data-elementor-type=\"wp-page\" data-elementor-id=\"2036\" class=\"elementor elementor-2036\">\n\t\t\t\t<div class=\"elementor-element elementor-element-9c3ddc6 e-grid e-con-boxed e-con e-parent\" data-id=\"9c3ddc6\" data-element_type=\"container\" data-e-type=\"container\">\n\t\t\t\t\t<div class=\"e-con-inner\">\n\t\t<div class=\"elementor-element elementor-element-5cb0315e e-con-full e-flex e-con e-child\" data-id=\"5cb0315e\" data-element_type=\"container\" data-e-type=\"container\">\n\t\t\t\t<div class=\"elementor-element elementor-element-14681b7f elementor-widget elementor-widget-heading\" data-id=\"14681b7f\" data-element_type=\"widget\" data-e-type=\"widget\" data-widget_type=\"heading.default\">\n\t\t\t\t\t<h3 class=\"elementor-heading-title elementor-size-default\">Pers\u00f3nuverndarstefna<\/h3>\t\t\t\t<\/div>\n\t\t\t\t<div class=\"elementor-element elementor-element-1d7efb6c elementor-widget elementor-widget-text-editor\" data-id=\"1d7efb6c\" data-element_type=\"widget\" data-e-type=\"widget\" data-widget_type=\"text-editor.default\">\n\t\t\t\t\t\t\t\t\t<p data-start=\"337\" data-end=\"449\">\u00deessi pers\u00f3nuverndarstefna, <a class=\"decorated-link\" href=\"http:\/\/www.copantalya.com\/is\/\" target=\"_new\" rel=\"noopener\" data-start=\"361\" data-end=\"379\">www.copantalya.com<\/a> \u00datsk\u00fdrir hvernig vefs\u00ed\u00f0an (\u201cS\u00ed\u00f0an\u201d) vinnur \u00far notendag\u00f6gnum.<\/p><p data-start=\"451\" data-end=\"591\">Vefs\u00ed\u00f0an, <span class=\"hover:entity-accent entity-underline inline cursor-pointer align-baseline\"><span class=\"whitespace-normal\">Globalis vottun<\/span><\/span> var undirb\u00fai\u00f0 til a\u00f0 veita uppl\u00fdsingar sem hluti af COP31 \u00ed Antalya.<\/p><p data-start=\"593\" data-end=\"671\">Me\u00f0 \u00fev\u00ed a\u00f0 nota \u00feessa vefs\u00ed\u00f0u telst \u00fe\u00fa hafa sam\u00feykkt skilm\u00e1lana sem settir eru fram \u00ed \u00feessari stefnu.<\/p><hr data-start=\"673\" data-end=\"676\" \/><h4 data-section-id=\"11tmzvz\" data-start=\"678\" data-end=\"701\">1. Uppl\u00fdsingar sem safna\u00f0 er<\/h4><p data-start=\"703\" data-end=\"770\">Vefs\u00ed\u00f0an bi\u00f0ur ekki beint um eftirfarandi pers\u00f3nuuppl\u00fdsingar fr\u00e1 notendum:<\/p><ul data-start=\"772\" data-end=\"825\"><li data-section-id=\"1wfyy1t\" data-start=\"772\" data-end=\"785\">Fyrsta nafn, eftirnafn<\/li><li data-section-id=\"1xq9g1d\" data-start=\"786\" data-end=\"804\">Netfang<\/li><li data-section-id=\"b6bu1d\" data-start=\"805\" data-end=\"825\">S\u00edmun\u00famer<\/li><\/ul><hr data-start=\"827\" data-end=\"830\" \/><h4 data-section-id=\"1p32v5l\" data-start=\"832\" data-end=\"870\">2. G\u00f6gn sem safna\u00f0 er sj\u00e1lfkrafa<\/h4><p data-start=\"872\" data-end=\"950\">Eftirfarandi t\u00e6knileg g\u00f6gn kunna a\u00f0 vera unnin sj\u00e1lfkrafa vi\u00f0 notkun vefsins:<\/p><ul data-start=\"952\" data-end=\"1041\"><li data-section-id=\"yoijyx\" data-start=\"952\" data-end=\"965\">IP-tala<\/li><li data-section-id=\"1ak22z3\" data-start=\"966\" data-end=\"988\">Uppl\u00fdsingar um vafrann<\/li><li data-section-id=\"1aidqqy\" data-start=\"989\" data-end=\"1008\">Uppl\u00fdsingar um t\u00e6ki\u00f0<\/li><li data-section-id=\"dshcln\" data-start=\"1009\" data-end=\"1041\">Vefnotkunart\u00f6lfr\u00e6\u00f0i<\/li><\/ul><p data-start=\"1043\" data-end=\"1054\">\u00deessar uppl\u00fdsingar:<\/p><ul data-start=\"1056\" data-end=\"1162\"><li data-section-id=\"cq105f\" data-start=\"1056\" data-end=\"1091\">A\u00f0 b\u00e6ta frammist\u00f6\u00f0u vefs\u00ed\u00f0u<\/li><li data-section-id=\"2t6pom\" data-start=\"1092\" data-end=\"1125\">Greining t\u00e6knilegra vandam\u00e1la<\/li><li data-section-id=\"1saswlz\" data-start=\"1126\" data-end=\"1162\">Til a\u00f0 b\u00e6ta notendaupplifunina<\/li><\/ul><p data-start=\"1164\" data-end=\"1193\">er nota\u00f0 \u00ed \u00feessum tilgangi.<\/p><hr data-start=\"1195\" data-end=\"1198\" \/><h4 data-section-id=\"1c89f7f\" data-start=\"1200\" data-end=\"1229\">3. \u00dej\u00f3nusta \u00feri\u00f0ja a\u00f0ila<\/h4><p data-start=\"1231\" data-end=\"1270\">Vefsv\u00e6\u00f0i\u00f0 getur nota\u00f0 eftirfarandi \u00fej\u00f3nustur:<\/p><ul data-start=\"1272\" data-end=\"1326\"><li data-section-id=\"3chu1r\" data-start=\"1272\" data-end=\"1292\">Greiningart\u00e6ki<\/li><li data-section-id=\"1ilmbwh\" data-start=\"1293\" data-end=\"1326\">H\u00fdsingar- og innvi\u00f0is\u00fej\u00f3nustur<\/li><\/ul><p data-start=\"1328\" data-end=\"1397\">\u00deessar \u00fej\u00f3nustur geta unni\u00f0 \u00far g\u00f6gnum \u00ed samr\u00e6mi vi\u00f0 eigin pers\u00f3nuverndarstefnur.<\/p><hr data-start=\"1399\" data-end=\"1402\" \/><h4 data-section-id=\"12e3jb6\" data-start=\"1404\" data-end=\"1424\">4. Gagna\u00f6ryggi<\/h4><p data-start=\"1426\" data-end=\"1524\">Nau\u00f0synleg t\u00e6knileg og stj\u00f3rns\u00fdsluleg \u00farr\u00e6\u00f0i eru tekin til a\u00f0 tryggja \u00f6ryggi notendagagna.<\/p><hr data-start=\"1526\" data-end=\"1529\" \/><h4 data-section-id=\"exjyuz\" data-start=\"1531\" data-end=\"1549\">5. Mikilv\u00e6gar uppl\u00fdsingar<\/h4><p data-start=\"1551\" data-end=\"1559\">\u00deessi s\u00ed\u00f0a:<\/p><ul data-start=\"1561\" data-end=\"1729\"><li data-section-id=\"ks9cuh\" data-start=\"1561\" data-end=\"1632\">Opinberi <span class=\"hover:entity-accent entity-underline inline cursor-pointer align-baseline\"><span class=\"whitespace-normal\">COP31<\/span><\/span> \u00deetta er ekki vefs\u00ed\u00f0a<\/li><li data-section-id=\"9qbq17\" data-start=\"1633\" data-end=\"1690\">\u00dea\u00f0 er ekki reki\u00f0 af neinni opinberri stofnun.<\/li><li data-section-id=\"17fuc2c\" data-start=\"1691\" data-end=\"1729\">\u00deetta er eing\u00f6ngu til uppl\u00fdsinga.<\/li><\/ul><hr data-start=\"1731\" data-end=\"1734\" \/><h4 data-section-id=\"13ulew2\" data-start=\"1736\" data-end=\"1755\">6. Breytingar<\/h4><p data-start=\"1757\" data-end=\"1797\">\u00deessi stefna getur veri\u00f0 uppf\u00e6r\u00f0 af og til.<\/p><hr data-start=\"1799\" data-end=\"1802\" \/><h4 data-section-id=\"aa7fqb\" data-start=\"1804\" data-end=\"1818\">7. Samskipti<\/h4><p data-start=\"1820\" data-end=\"1892\"><span class=\"hover:entity-accent entity-underline inline cursor-pointer align-baseline\"><span class=\"whitespace-normal\">Globalis vottun<\/span><\/span><br data-start=\"1857\" data-end=\"1860\" \/><a class=\"decorated-link cursor-pointer\" rel=\"noopener\" data-start=\"1860\" data-end=\"1890\">info@globaliscertification.com<\/a><\/p>\t\t\t\t\t\t\t\t<\/div>\n\t\t\t\t<\/div>\n\t\t\t\t\t<\/div>\n\t\t\t\t<\/div>\n\t\t\t\t<\/div>","protected":false},"excerpt":{"rendered":"<p>G\u0130ZL\u0130L\u0130K POL\u0130T\u0130KASI Bu Gizlilik Politikas\u0131, www.copantalya.com web sitesinin (\u201cSite\u201d) kullan\u0131c\u0131 verilerini nas\u0131l i\u015fledi\u011fini a\u00e7\u0131klar. Site, Globalis Sertifikasyon taraf\u0131ndan, COP31 Antalya [&hellip;]<\/p>\n","protected":false},"author":1,"featured_media":0,"parent":0,"menu_order":0,"comment_status":"closed","ping_status":"closed","template":"","meta":{"om_disable_all_campaigns":false,"_monsterinsights_skip_tracking":false,"_monsterinsights_sitenote_active":false,"_monsterinsights_sitenote_note":"","_monsterinsights_sitenote_category":0,"site-sidebar-layout":"no-sidebar","site-content-layout":"page-builder","ast-site-content-layout":"full-width-container","site-content-style":"default","site-sidebar-style":"default","ast-global-header-display":"","ast-banner-title-visibility":"","ast-main-header-display":"","ast-hfb-above-header-display":"","ast-hfb-below-header-display":"","ast-hfb-mobile-header-display":"","site-post-title":"","ast-breadcrumbs-content":"","ast-featured-img":"disabled","footer-sml-layout":"","theme-transparent-header-meta":"","adv-header-id-meta":"","stick-header-meta":"","header-above-stick-meta":"","header-main-stick-meta":"","header-below-stick-meta":"","astra-migrate-meta-layouts":"set","ast-page-background-enabled":"default","ast-page-background-meta":{"desktop":{"background-color":"","background-image":"","background-repeat":"repeat","background-position":"center center","background-size":"auto","background-attachment":"scroll","background-type":"","background-media":"","overlay-type":"","overlay-color":"","overlay-opacity":"","overlay-gradient":""},"tablet":{"background-color":"","background-image":"","background-repeat":"repeat","background-position":"center center","background-size":"auto","background-attachment":"scroll","background-type":"","background-media":"","overlay-type":"","overlay-color":"","overlay-opacity":"","overlay-gradient":""},"mobile":{"background-color":"","background-image":"","background-repeat":"repeat","background-position":"center center","background-size":"auto","background-attachment":"scroll","background-type":"","background-media":"","overlay-type":"","overlay-color":"","overlay-opacity":"","overlay-gradient":""}},"ast-content-background-meta":{"desktop":{"background-color":"var(--ast-global-color-5)","background-image":"","background-repeat":"repeat","background-position":"center center","background-size":"auto","background-attachment":"scroll","background-type":"","background-media":"","overlay-type":"","overlay-color":"","overlay-opacity":"","overlay-gradient":""},"tablet":{"background-color":"var(--ast-global-color-5)","background-image":"","background-repeat":"repeat","background-position":"center center","background-size":"auto","background-attachment":"scroll","background-type":"","background-media":"","overlay-type":"","overlay-color":"","overlay-opacity":"","overlay-gradient":""},"mobile":{"background-color":"var(--ast-global-color-5)","background-image":"","background-repeat":"repeat","background-position":"center center","background-size":"auto","background-attachment":"scroll","background-type":"","background-media":"","overlay-type":"","overlay-color":"","overlay-opacity":"","overlay-gradient":""}},"footnotes":""},"class_list":["post-2036","page","type-page","status-publish","hentry"],"aioseo_notices":[],"_links":{"self":[{"href":"https:\/\/www.copantalya.com\/is\/wp-json\/wp\/v2\/pages\/2036","targetHints":{"allow":["GET"]}}],"collection":[{"href":"https:\/\/www.copantalya.com\/is\/wp-json\/wp\/v2\/pages"}],"about":[{"href":"https:\/\/www.copantalya.com\/is\/wp-json\/wp\/v2\/types\/page"}],"author":[{"embeddable":true,"href":"https:\/\/www.copantalya.com\/is\/wp-json\/wp\/v2\/users\/1"}],"replies":[{"embeddable":true,"href":"https:\/\/www.copantalya.com\/is\/wp-json\/wp\/v2\/comments?post=2036"}],"version-history":[{"count":4,"href":"https:\/\/www.copantalya.com\/is\/wp-json\/wp\/v2\/pages\/2036\/revisions"}],"predecessor-version":[{"id":2041,"href":"https:\/\/www.copantalya.com\/is\/wp-json\/wp\/v2\/pages\/2036\/revisions\/2041"}],"wp:attachment":[{"href":"https:\/\/www.copantalya.com\/is\/wp-json\/wp\/v2\/media?parent=2036"}],"curies":[{"name":"wp","href":"https:\/\/api.w.org\/{rel}","templated":true}]}}