{"id":275,"date":"2026-01-29T18:36:09","date_gmt":"2026-01-29T18:36:09","guid":{"rendered":"https:\/\/www.copantalya.com\/services\/"},"modified":"2026-03-02T19:23:02","modified_gmt":"2026-03-02T19:23:02","slug":"cop-sureci","status":"publish","type":"page","link":"https:\/\/www.copantalya.com\/is\/cop-sureci\/","title":{"rendered":"COP-ferli\u00f0"},"content":{"rendered":"<div data-elementor-type=\"wp-page\" data-elementor-id=\"275\" class=\"elementor elementor-275\">\n\t\t\t\t<div class=\"elementor-element elementor-element-1cc1f8b e-flex e-con-boxed e-con e-parent\" data-id=\"1cc1f8b\" data-element_type=\"container\" data-e-type=\"container\" data-settings=\"{&quot;background_background&quot;:&quot;classic&quot;}\">\n\t\t\t\t\t<div class=\"e-con-inner\">\n\t\t<div class=\"elementor-element elementor-element-8d9be4b e-con-full e-flex e-con e-child\" data-id=\"8d9be4b\" data-element_type=\"container\" data-e-type=\"container\">\n\t\t\t\t<div class=\"elementor-element elementor-element-6b39dbf elementor-widget__width-inherit elementor-widget elementor-widget-heading\" data-id=\"6b39dbf\" data-element_type=\"widget\" data-e-type=\"widget\" data-widget_type=\"heading.default\">\n\t\t\t\t\t<h1 class=\"elementor-heading-title elementor-size-default\">COP S\u00fcrec\u0130<\/h1>\t\t\t\t<\/div>\n\t\t\t\t<div class=\"elementor-element elementor-element-7d279f3 elementor-widget elementor-widget-text-editor\" data-id=\"7d279f3\" data-element_type=\"widget\" data-e-type=\"widget\" data-widget_type=\"text-editor.default\">\n\t\t\t\t\t\t\t\t\t<p class=\"p1\">\u0130lk resmi COP toplant\u0131s\u0131 <span class=\"s1\"><b>1995 y\u0131l\u0131nda Berlin\u2019de (COP1)<\/b><\/span> ger\u00e7ekle\u015ftirilmi\u015ftir. Bu d\u00f6nemde \u00fclkeler, ekonomileri farkl\u0131 \u015fekillerde etkileyen k\u00fcresel bir sorun hakk\u0131nda nas\u0131l ortak bir dil olu\u015fturabileceklerini tart\u0131\u015fm\u0131\u015ft\u0131r.<\/p>\t\t\t\t\t\t\t\t<\/div>\n\t\t\t\t<\/div>\n\t\t\t\t\t<\/div>\n\t\t\t\t<\/div>\n\t\t\t\t<section class=\"elementor-section elementor-top-section elementor-element elementor-element-cwf0qdv elementor-section-content-middle elementor-section-boxed elementor-section-height-default elementor-section-height-default\" data-id=\"cwf0qdv\" data-element_type=\"section\" data-e-type=\"section\" data-settings=\"{&quot;background_background&quot;:&quot;classic&quot;}\">\n\t\t\t\t\t\t<div class=\"elementor-container elementor-column-gap-no\">\n\t\t\t\t\t<div class=\"elementor-column elementor-col-50 elementor-top-column elementor-element elementor-element-ca44c59 elementor-invisible\" data-id=\"ca44c59\" data-element_type=\"column\" data-e-type=\"column\" data-settings=\"{&quot;background_background&quot;:&quot;classic&quot;,&quot;animation&quot;:&quot;fadeInLeft&quot;}\">\n\t\t\t<div class=\"elementor-widget-wrap elementor-element-populated\">\n\t\t\t\t\t\t<div class=\"elementor-element elementor-element-7e01216 elementor-widget elementor-widget-image\" data-id=\"7e01216\" data-element_type=\"widget\" data-e-type=\"widget\" data-widget_type=\"image.default\">\n\t\t\t\t\t\t\t\t\t\t\t\t\t\t\t<img fetchpriority=\"high\" decoding=\"async\" width=\"716\" height=\"922\" src=\"https:\/\/www.copantalya.com\/wp-content\/uploads\/2026\/02\/761.jpg\" class=\"attachment-full size-full wp-image-1146\" alt=\"761\" srcset=\"https:\/\/www.copantalya.com\/wp-content\/uploads\/2026\/02\/761.jpg 716w, https:\/\/www.copantalya.com\/wp-content\/uploads\/2026\/02\/761-233x300.jpg 233w\" sizes=\"(max-width: 716px) 100vw, 716px\" title=\"COP-ferli\u00f0\">\t\t\t\t\t\t\t\t\t\t\t\t\t\t\t<\/div>\n\t\t\t\t\t<\/div>\n\t\t<\/div>\n\t\t\t\t<div class=\"elementor-column elementor-col-50 elementor-top-column elementor-element elementor-element-258231d\" data-id=\"258231d\" data-element_type=\"column\" data-e-type=\"column\">\n\t\t\t<div class=\"elementor-widget-wrap elementor-element-populated\">\n\t\t\t\t\t\t<div class=\"elementor-element elementor-element-1401102 elementor-invisible elementor-widget elementor-widget-heading\" data-id=\"1401102\" data-element_type=\"widget\" data-e-type=\"widget\" data-settings=\"{&quot;_animation&quot;:&quot;fadeInRight&quot;}\" data-widget_type=\"heading.default\">\n\t\t\t\t\t<h2 class=\"elementor-heading-title elementor-size-default\">\u0130KL\u0130M DE\u011e\u0130\u015e\u0130KL\u0130\u011e\u0130 ve COP S\u00dcREC\u0130N\u0130N TAR\u0130HSEL GEL\u0130\u015e\u0130M\u0130<\/h2>\t\t\t\t<\/div>\n\t\t\t\t<div class=\"elementor-element elementor-element-4f6265e elementor-invisible elementor-widget elementor-widget-text-editor\" data-id=\"4f6265e\" data-element_type=\"widget\" data-e-type=\"widget\" data-settings=\"{&quot;_animation&quot;:&quot;fadeInRight&quot;,&quot;_animation_delay&quot;:500}\" data-widget_type=\"text-editor.default\">\n\t\t\t\t\t\t\t\t\t<p class=\"p1\">\u00de\u00f3 a\u00f0 \u00fer\u00f3un hafi \u00e1tt s\u00e9r sta\u00f0 \u00ed gegnum mannkynss\u00f6guna, <span class=\"s1\"><b>\u00deessi ferill hra\u00f0a\u00f0ist eftir i\u00f0nbyltinguna.<\/b><\/span>, \u00c1 sama t\u00edma hefur umhverfisska\u00f0inn aukist. Loftslagsbreytingar og umhverfism\u00e1l hafa komi\u00f0 fram sem aflei\u00f0ing st\u00f3rframlei\u00f0slu og i\u00f0nv\u00e6\u00f0ingar. \u00deessi m\u00e1l eru talin ekki a\u00f0eins umhverfism\u00e1l heldur einnig al\u00fej\u00f3\u00f0leg heilsum\u00e1l, og \u00feau \u00feekkja engin landam\u00e6ri.<\/p><p class=\"p1\">\u0130klim, uzun s\u00fcre yaln\u0131zca bilimsel bir konu olarak ele al\u0131nm\u0131\u015fken, 1970\u2019li y\u0131llar\u0131n ortalar\u0131ndan itibaren siyasi tart\u0131\u015fmalar\u0131n merkezine yerle\u015fmi\u015ftir.<\/p>\t\t\t\t\t\t\t\t<\/div>\n\t\t\t\t\t<\/div>\n\t\t<\/div>\n\t\t\t\t\t<\/div>\n\t\t<\/section>\n\t\t\t\t<section class=\"elementor-section elementor-top-section elementor-element elementor-element-j5bbj48 elementor-section-boxed elementor-section-height-default elementor-section-height-default\" data-id=\"j5bbj48\" data-element_type=\"section\" data-e-type=\"section\" data-settings=\"{&quot;background_background&quot;:&quot;classic&quot;}\">\n\t\t\t\t\t\t<div class=\"elementor-container elementor-column-gap-no\">\n\t\t\t\t\t<div class=\"elementor-column elementor-col-100 elementor-top-column elementor-element elementor-element-01b78b3\" data-id=\"01b78b3\" data-element_type=\"column\" data-e-type=\"column\">\n\t\t\t<div class=\"elementor-widget-wrap elementor-element-populated\">\n\t\t\t\t\t\t<div class=\"elementor-element elementor-element-e611aa3 elementor-invisible elementor-widget elementor-widget-heading\" data-id=\"e611aa3\" data-element_type=\"widget\" data-e-type=\"widget\" data-settings=\"{&quot;_animation&quot;:&quot;fadeInDown&quot;}\" data-widget_type=\"heading.default\">\n\t\t\t\t\t<h2 class=\"elementor-heading-title elementor-size-default\">TAR\u0130HSEL GEL\u0130\u015e\u0130M<\/h2>\t\t\t\t<\/div>\n\t\t\t\t<div class=\"elementor-element elementor-element-ffb5866 elementor-invisible elementor-widget elementor-widget-text-editor\" data-id=\"ffb5866\" data-element_type=\"widget\" data-e-type=\"widget\" data-settings=\"{&quot;_animation&quot;:&quot;fadeInDown&quot;,&quot;_animation_delay&quot;:500}\" data-widget_type=\"text-editor.default\">\n\t\t\t\t\t\t\t\t\t<p class=\"p1\">\u0130lk resmi COP toplant\u0131s\u0131 <span class=\"s1\"><b>1995 y\u0131l\u0131nda Berlin\u2019de (COP1)<\/b><\/span> ger\u00e7ekle\u015ftirilmi\u015ftir. Bu d\u00f6nemde \u00fclkeler, ekonomileri farkl\u0131 \u015fekillerde etkileyen k\u00fcresel bir sorun hakk\u0131nda nas\u0131l ortak bir dil olu\u015fturabileceklerini tart\u0131\u015fm\u0131\u015ft\u0131r.<\/p>\t\t\t\t\t\t\t\t<\/div>\n\t\t\t\t<section class=\"elementor-section elementor-inner-section elementor-element elementor-element-a421628 elementor-section-content-middle elementor-section-boxed elementor-section-height-default elementor-section-height-default\" data-id=\"a421628\" data-element_type=\"section\" data-e-type=\"section\">\n\t\t\t\t\t\t<div class=\"elementor-container elementor-column-gap-no\">\n\t\t\t\t\t<div class=\"elementor-column elementor-col-66 elementor-inner-column elementor-element elementor-element-8a9c345\" data-id=\"8a9c345\" data-element_type=\"column\" data-e-type=\"column\">\n\t\t\t<div class=\"elementor-widget-wrap elementor-element-populated\">\n\t\t\t\t\t\t<div class=\"elementor-element elementor-element-21934a1 elementor-invisible elementor-widget elementor-widget-image\" data-id=\"21934a1\" data-element_type=\"widget\" data-e-type=\"widget\" data-settings=\"{&quot;_animation&quot;:&quot;fadeInLeft&quot;}\" data-widget_type=\"image.default\">\n\t\t\t\t\t\t\t\t\t\t\t\t\t\t\t<img decoding=\"async\" width=\"1024\" height=\"645\" src=\"https:\/\/www.copantalya.com\/wp-content\/uploads\/2026\/02\/2151588022-2-2-1024x645.jpg\" class=\"attachment-large size-large wp-image-1159\" alt=\"2151588022 2\" srcset=\"https:\/\/www.copantalya.com\/wp-content\/uploads\/2026\/02\/2151588022-2-2-1024x645.jpg 1024w, https:\/\/www.copantalya.com\/wp-content\/uploads\/2026\/02\/2151588022-2-2-300x189.jpg 300w, https:\/\/www.copantalya.com\/wp-content\/uploads\/2026\/02\/2151588022-2-2-768x484.jpg 768w, https:\/\/www.copantalya.com\/wp-content\/uploads\/2026\/02\/2151588022-2-2.jpg 1343w\" sizes=\"(max-width: 1024px) 100vw, 1024px\" title=\"COP-ferli\u00f0\">\t\t\t\t\t\t\t\t\t\t\t\t\t\t\t<\/div>\n\t\t\t\t\t<\/div>\n\t\t<\/div>\n\t\t\t\t<div class=\"elementor-column elementor-col-33 elementor-inner-column elementor-element elementor-element-4075b5d elementor-invisible\" data-id=\"4075b5d\" data-element_type=\"column\" data-e-type=\"column\" data-settings=\"{&quot;background_background&quot;:&quot;classic&quot;,&quot;animation&quot;:&quot;fadeInRight&quot;}\">\n\t\t\t<div class=\"elementor-widget-wrap elementor-element-populated\">\n\t\t\t\t\t\t<div class=\"elementor-element elementor-element-0681e6c elementor-widget elementor-widget-heading\" data-id=\"0681e6c\" data-element_type=\"widget\" data-e-type=\"widget\" data-widget_type=\"heading.default\">\n\t\t\t\t\t<h3 class=\"elementor-heading-title elementor-size-default\">Kyoto Protokol\u00fc \u2013 COP3 (1997)<\/h3>\t\t\t\t<\/div>\n\t\t\t\t<div class=\"elementor-element elementor-element-9185a3a elementor-widget-divider--view-line elementor-widget elementor-widget-divider\" data-id=\"9185a3a\" data-element_type=\"widget\" data-e-type=\"widget\" data-widget_type=\"divider.default\">\n\t\t\t\t\t\t\t<div class=\"elementor-divider\">\n\t\t\t<span class=\"elementor-divider-separator\">\n\t\t\t\t\t\t<\/span>\n\t\t<\/div>\n\t\t\t\t\t\t<\/div>\n\t\t\t\t<div class=\"elementor-element elementor-element-139eb10 elementor-widget elementor-widget-text-editor\" data-id=\"139eb10\" data-element_type=\"widget\" data-e-type=\"widget\" data-widget_type=\"text-editor.default\">\n\t\t\t\t\t\t\t\t\t<p class=\"p1\">\u0130lk b\u00fcy\u00fck tarihsel d\u00f6n\u00fcm noktas\u0131, <span class=\"s1\"><b>1997 y\u0131l\u0131nda Japonya\u2019da d\u00fczenlenen COP3<\/b><\/span> ile kabul edilen <span class=\"s1\"><b>Kyoto Protokol\u00fc<\/b><\/span> olmu\u015ftur. Bu protokol, sanayile\u015fmi\u015f \u00fclkelerin sera gaz\u0131 emisyonlar\u0131n\u0131 azaltmak i\u00e7in <span class=\"s1\"><b>hukuken ba\u011flay\u0131c\u0131 hedefler<\/b><\/span> kabul etti\u011fi ilk anla\u015fmad\u0131r.<\/p><p class=\"p1\">Ancak Kyoto\u2019nun \u00f6nemli bir eksikli\u011fi vard\u0131: Y\u00fck\u00fcml\u00fcl\u00fckler yaln\u0131zca geli\u015fmi\u015f \u00fclkelere uygulan\u0131yor, \u00c7in ve Hindistan gibi h\u0131zla b\u00fcy\u00fcyen ekonomiler kapsam d\u0131\u015f\u0131nda kal\u0131yordu. Ayr\u0131ca ABD anla\u015fmay\u0131 hi\u00e7bir zaman onaylamad\u0131.<\/p>\t\t\t\t\t\t\t\t<\/div>\n\t\t\t\t\t<\/div>\n\t\t<\/div>\n\t\t\t\t\t<\/div>\n\t\t<\/section>\n\t\t\t\t<section class=\"elementor-section elementor-inner-section elementor-element elementor-element-e6d634c elementor-section-content-middle elementor-reverse-tablet elementor-reverse-mobile elementor-section-boxed elementor-section-height-default elementor-section-height-default\" data-id=\"e6d634c\" data-element_type=\"section\" data-e-type=\"section\">\n\t\t\t\t\t\t<div class=\"elementor-container elementor-column-gap-no\">\n\t\t\t\t\t<div class=\"elementor-column elementor-col-33 elementor-inner-column elementor-element elementor-element-55e68a4 elementor-invisible\" data-id=\"55e68a4\" data-element_type=\"column\" data-e-type=\"column\" data-settings=\"{&quot;background_background&quot;:&quot;classic&quot;,&quot;animation&quot;:&quot;fadeInLeft&quot;}\">\n\t\t\t<div class=\"elementor-widget-wrap elementor-element-populated\">\n\t\t\t\t\t\t<div class=\"elementor-element elementor-element-547fb7c elementor-widget elementor-widget-heading\" data-id=\"547fb7c\" data-element_type=\"widget\" data-e-type=\"widget\" data-widget_type=\"heading.default\">\n\t\t\t\t\t<h3 class=\"elementor-heading-title elementor-size-default\">KOPENHAG Z\u0130RVES\u0130 \u2013 COP15 (2009)<\/h3>\t\t\t\t<\/div>\n\t\t\t\t<div class=\"elementor-element elementor-element-609a88c elementor-widget-divider--view-line elementor-widget elementor-widget-divider\" data-id=\"609a88c\" data-element_type=\"widget\" data-e-type=\"widget\" data-widget_type=\"divider.default\">\n\t\t\t\t\t\t\t<div class=\"elementor-divider\">\n\t\t\t<span class=\"elementor-divider-separator\">\n\t\t\t\t\t\t<\/span>\n\t\t<\/div>\n\t\t\t\t\t\t<\/div>\n\t\t\t\t<div class=\"elementor-element elementor-element-67a908a elementor-widget elementor-widget-text-editor\" data-id=\"67a908a\" data-element_type=\"widget\" data-e-type=\"widget\" data-widget_type=\"text-editor.default\">\n\t\t\t\t\t\t\t\t\t<p class=\"p1\">D\u00fcnya, Kyoto Protokol\u00fc\u2019n\u00fcn yerini alacak yeni bir anla\u015fma beklentisiyle <span class=\"s1\"><b>COP15 Kopenhag<\/b><\/span> zirvesine b\u00fcy\u00fck umutlarla gitti. Ancak zirve, ba\u011flay\u0131c\u0131l\u0131\u011f\u0131 olmayan ve kaotik bir uzla\u015f\u0131yla sonu\u00e7land\u0131. Bu durum, zengin ve yoksul \u00fclkeler aras\u0131ndaki derin g\u00f6r\u00fc\u015f ayr\u0131l\u0131klar\u0131n\u0131 g\u00f6zler \u00f6n\u00fcne serdi.<\/p><p class=\"p1\">Buna ra\u011fmen zirve tamamen ba\u015far\u0131s\u0131z de\u011fildi. K\u00fcresel s\u0131cakl\u0131k art\u0131\u015f\u0131n\u0131n <span class=\"s1\"><b>2\u00b0C\u2019nin alt\u0131nda tutulmas\u0131<\/b><\/span> hedefi benimsendi ve geli\u015fmekte olan \u00fclkeler i\u00e7in y\u0131ll\u0131k <span class=\"s1\"><b>100 milyar dolar iklim finansman\u0131<\/b><\/span> s\u00f6z\u00fc verildi.<\/p>\t\t\t\t\t\t\t\t<\/div>\n\t\t\t\t\t<\/div>\n\t\t<\/div>\n\t\t\t\t<div class=\"elementor-column elementor-col-66 elementor-inner-column elementor-element elementor-element-087c995\" data-id=\"087c995\" data-element_type=\"column\" data-e-type=\"column\">\n\t\t\t<div class=\"elementor-widget-wrap elementor-element-populated\">\n\t\t\t\t\t\t<div class=\"elementor-element elementor-element-f662e07 elementor-invisible elementor-widget elementor-widget-image\" data-id=\"f662e07\" data-element_type=\"widget\" data-e-type=\"widget\" data-settings=\"{&quot;_animation&quot;:&quot;fadeInRight&quot;}\" data-widget_type=\"image.default\">\n\t\t\t\t\t\t\t\t\t\t\t\t\t\t\t<img decoding=\"async\" width=\"1024\" height=\"645\" src=\"https:\/\/www.copantalya.com\/wp-content\/uploads\/2026\/02\/2151588022-2-3-1024x645.jpg\" class=\"attachment-large size-large wp-image-1163\" alt=\"2151588022 2\" srcset=\"https:\/\/www.copantalya.com\/wp-content\/uploads\/2026\/02\/2151588022-2-3-1024x645.jpg 1024w, https:\/\/www.copantalya.com\/wp-content\/uploads\/2026\/02\/2151588022-2-3-300x189.jpg 300w, https:\/\/www.copantalya.com\/wp-content\/uploads\/2026\/02\/2151588022-2-3-768x484.jpg 768w, https:\/\/www.copantalya.com\/wp-content\/uploads\/2026\/02\/2151588022-2-3.jpg 1343w\" sizes=\"(max-width: 1024px) 100vw, 1024px\" title=\"COP-ferli\u00f0\">\t\t\t\t\t\t\t\t\t\t\t\t\t\t\t<\/div>\n\t\t\t\t\t<\/div>\n\t\t<\/div>\n\t\t\t\t\t<\/div>\n\t\t<\/section>\n\t\t\t\t<section class=\"elementor-section elementor-inner-section elementor-element elementor-element-702f1b5 elementor-section-content-middle elementor-section-boxed elementor-section-height-default elementor-section-height-default\" data-id=\"702f1b5\" data-element_type=\"section\" data-e-type=\"section\">\n\t\t\t\t\t\t<div class=\"elementor-container elementor-column-gap-no\">\n\t\t\t\t\t<div class=\"elementor-column elementor-col-66 elementor-inner-column elementor-element elementor-element-b8f8267\" data-id=\"b8f8267\" data-element_type=\"column\" data-e-type=\"column\">\n\t\t\t<div class=\"elementor-widget-wrap elementor-element-populated\">\n\t\t\t\t\t\t<div class=\"elementor-element elementor-element-6abebed elementor-invisible elementor-widget elementor-widget-image\" data-id=\"6abebed\" data-element_type=\"widget\" data-e-type=\"widget\" data-settings=\"{&quot;_animation&quot;:&quot;fadeInLeft&quot;}\" data-widget_type=\"image.default\">\n\t\t\t\t\t\t\t\t\t\t\t\t\t\t\t<img loading=\"lazy\" decoding=\"async\" width=\"1024\" height=\"645\" src=\"https:\/\/www.copantalya.com\/wp-content\/uploads\/2026\/02\/2151588022-2-4-1024x645.jpg\" class=\"attachment-large size-large wp-image-1164\" alt=\"2151588022 2\" srcset=\"https:\/\/www.copantalya.com\/wp-content\/uploads\/2026\/02\/2151588022-2-4-1024x645.jpg 1024w, https:\/\/www.copantalya.com\/wp-content\/uploads\/2026\/02\/2151588022-2-4-300x189.jpg 300w, https:\/\/www.copantalya.com\/wp-content\/uploads\/2026\/02\/2151588022-2-4-768x484.jpg 768w, https:\/\/www.copantalya.com\/wp-content\/uploads\/2026\/02\/2151588022-2-4.jpg 1343w\" sizes=\"(max-width: 1024px) 100vw, 1024px\" title=\"COP-ferli\u00f0\">\t\t\t\t\t\t\t\t\t\t\t\t\t\t\t<\/div>\n\t\t\t\t\t<\/div>\n\t\t<\/div>\n\t\t\t\t<div class=\"elementor-column elementor-col-33 elementor-inner-column elementor-element elementor-element-73db5a7 elementor-invisible\" data-id=\"73db5a7\" data-element_type=\"column\" data-e-type=\"column\" data-settings=\"{&quot;background_background&quot;:&quot;classic&quot;,&quot;animation&quot;:&quot;fadeInRight&quot;}\">\n\t\t\t<div class=\"elementor-widget-wrap elementor-element-populated\">\n\t\t\t\t\t\t<div class=\"elementor-element elementor-element-75b0dad elementor-widget elementor-widget-heading\" data-id=\"75b0dad\" data-element_type=\"widget\" data-e-type=\"widget\" data-widget_type=\"heading.default\">\n\t\t\t\t\t<h3 class=\"elementor-heading-title elementor-size-default\">PAR\u0130S Anla\u015fmas\u0131 \u2013 COP21 (2015)<\/h3>\t\t\t\t<\/div>\n\t\t\t\t<div class=\"elementor-element elementor-element-54faed3 elementor-widget-divider--view-line elementor-widget elementor-widget-divider\" data-id=\"54faed3\" data-element_type=\"widget\" data-e-type=\"widget\" data-widget_type=\"divider.default\">\n\t\t\t\t\t\t\t<div class=\"elementor-divider\">\n\t\t\t<span class=\"elementor-divider-separator\">\n\t\t\t\t\t\t<\/span>\n\t\t<\/div>\n\t\t\t\t\t\t<\/div>\n\t\t\t\t<div class=\"elementor-element elementor-element-aeb3676 elementor-widget elementor-widget-text-editor\" data-id=\"aeb3676\" data-element_type=\"widget\" data-e-type=\"widget\" data-widget_type=\"text-editor.default\">\n\t\t\t\t\t\t\t\t\t<p class=\"p1\"><span class=\"s1\"><b>2015 y\u0131l\u0131nda Paris\u2019te d\u00fczenlenen COP21<\/b><\/span>, k\u00fcresel iklim y\u00f6neti\u015fiminde bir d\u00f6n\u00fcm noktas\u0131 oldu. <span class=\"s1\"><b>195 \u00fclke Paris Anla\u015fmas\u0131\u2019n\u0131 imzalad\u0131.<\/b><\/span> Kyoto Protokol\u00fc\u2019nden farkl\u0131 olarak bu anla\u015fma, t\u00fcm \u00fclkelerin emisyon azalt\u0131m hedefleri belirlemesini zorunlu k\u0131ld\u0131. Bu hedefler <span class=\"s1\"><b>Lands\u00e1kve\u00f0nar framl\u00f6g (NDCs)<\/b><\/span> olarak adland\u0131r\u0131ld\u0131.<\/p><p class=\"p1\">Ayr\u0131ca k\u00fcresel s\u0131cakl\u0131k art\u0131\u015f\u0131 hedefi 2\u00b0C\u2019den, \u00e7ok daha g\u00fcvenli kabul edilen <span class=\"s1\"><b>1,5\u00b0C<\/b><\/span> seviyesine \u00e7ekildi.<\/p>\t\t\t\t\t\t\t\t<\/div>\n\t\t\t\t\t<\/div>\n\t\t<\/div>\n\t\t\t\t\t<\/div>\n\t\t<\/section>\n\t\t\t\t\t<\/div>\n\t\t<\/div>\n\t\t\t\t\t<\/div>\n\t\t<\/section>\n\t\t<div class=\"elementor-element elementor-element-6d218a4e e-flex e-con-boxed e-con e-parent\" data-id=\"6d218a4e\" data-element_type=\"container\" data-e-type=\"container\" data-settings=\"{&quot;background_background&quot;:&quot;classic&quot;,&quot;shape_divider_top&quot;:&quot;mountains&quot;}\">\n\t\t\t\t\t<div class=\"e-con-inner\">\n\t\t\t\t<div class=\"elementor-shape elementor-shape-top\" aria-hidden=\"true\" data-negative=\"false\">\n\t\t\t<svg xmlns=\"http:\/\/www.w3.org\/2000\/svg\" viewbox=\"0 0 1000 100\" preserveaspectratio=\"none\">\n\t<path class=\"elementor-shape-fill\" opacity=\"0.33\" d=\"M473,67.3c-203.9,88.3-263.1-34-320.3,0C66,119.1,0,59.7,0,59.7V0h1000v59.7 c0,0-62.1,26.1-94.9,29.3c-32.8,3.3-62.8-12.3-75.8-22.1C806,49.6,745.3,8.7,694.9,4.7S492.4,59,473,67.3z\"\/>\n\t<path class=\"elementor-shape-fill\" opacity=\"0.66\" d=\"M734,67.3c-45.5,0-77.2-23.2-129.1-39.1c-28.6-8.7-150.3-10.1-254,39.1 s-91.7-34.4-149.2,0C115.7,118.3,0,39.8,0,39.8V0h1000v36.5c0,0-28.2-18.5-92.1-18.5C810.2,18.1,775.7,67.3,734,67.3z\"\/>\n\t<path class=\"elementor-shape-fill\" d=\"M766.1,28.9c-200-57.5-266,65.5-395.1,19.5C242,1.8,242,5.4,184.8,20.6C128,35.8,132.3,44.9,89.9,52.5C28.6,63.7,0,0,0,0 h1000c0,0-9.9,40.9-83.6,48.1S829.6,47,766.1,28.9z\"\/>\n<\/svg>\t\t<\/div>\n\t\t<div class=\"elementor-element elementor-element-7e647647 e-con-full e-flex e-con e-child\" data-id=\"7e647647\" data-element_type=\"container\" data-e-type=\"container\">\n\t\t\t\t<div class=\"elementor-element elementor-element-65db6c6f elementor-widget elementor-widget-heading\" data-id=\"65db6c6f\" data-element_type=\"widget\" data-e-type=\"widget\" data-widget_type=\"heading.default\">\n\t\t\t\t\t<div class=\"elementor-heading-title elementor-size-default\">R\u00e6\u00f0um COP31<\/div>\t\t\t\t<\/div>\n\t\t\t\t<\/div>\n\t\t<div class=\"elementor-element elementor-element-2c3ec9ac e-con-full e-flex e-con e-child\" data-id=\"2c3ec9ac\" data-element_type=\"container\" data-e-type=\"container\">\n\t\t\t\t<div class=\"elementor-element elementor-element-703e2b81 elementor-align-left elementor-tablet-align-left elementor-mobile-align-justify elementor-widget__width-inherit elementor-widget elementor-widget-button\" data-id=\"703e2b81\" data-element_type=\"widget\" data-e-type=\"widget\" data-widget_type=\"button.default\">\n\t\t\t\t\t\t\t\t\t\t<a class=\"elementor-button elementor-button-link elementor-size-sm\" href=\"https:\/\/globaliscertification.com\/\" target=\"_blank\">\n\t\t\t\t\t\t<span class=\"elementor-button-content-wrapper\">\n\t\t\t\t\t\t\t\t\t<span class=\"elementor-button-text\">Globalis Uppl\u00fdsingar<\/span>\n\t\t\t\t\t<\/span>\n\t\t\t\t\t<\/a>\n\t\t\t\t\t\t\t\t<\/div>\n\t\t\t\t<\/div>\n\t\t\t\t\t<\/div>\n\t\t\t\t<\/div>\n\t\t\t\t<\/div>","protected":false},"excerpt":{"rendered":"<p>COP S\u00fcrec\u0130 \u0130lk resmi COP toplant\u0131s\u0131 1995 y\u0131l\u0131nda Berlin\u2019de (COP1) ger\u00e7ekle\u015ftirilmi\u015ftir. Bu d\u00f6nemde \u00fclkeler, ekonomileri farkl\u0131 \u015fekillerde etkileyen k\u00fcresel bir [&hellip;]<\/p>\n","protected":false},"author":1,"featured_media":0,"parent":0,"menu_order":0,"comment_status":"closed","ping_status":"closed","template":"","meta":{"om_disable_all_campaigns":false,"_monsterinsights_skip_tracking":false,"_monsterinsights_sitenote_active":false,"_monsterinsights_sitenote_note":"","_monsterinsights_sitenote_category":0,"site-sidebar-layout":"no-sidebar","site-content-layout":"page-builder","ast-site-content-layout":"full-width-container","site-content-style":"unboxed","site-sidebar-style":"unboxed","ast-global-header-display":"","ast-banner-title-visibility":"","ast-main-header-display":"","ast-hfb-above-header-display":"","ast-hfb-below-header-display":"","ast-hfb-mobile-header-display":"","site-post-title":"disabled","ast-breadcrumbs-content":"","ast-featured-img":"disabled","footer-sml-layout":"","theme-transparent-header-meta":"enabled","adv-header-id-meta":"","stick-header-meta":"","header-above-stick-meta":"","header-main-stick-meta":"","header-below-stick-meta":"","astra-migrate-meta-layouts":"set","ast-page-background-enabled":"default","ast-page-background-meta":{"desktop":{"background-color":"","background-image":"","background-repeat":"repeat","background-position":"center center","background-size":"auto","background-attachment":"scroll","background-type":"","background-media":"","overlay-type":"","overlay-color":"","overlay-opacity":"","overlay-gradient":""},"tablet":{"background-color":"","background-image":"","background-repeat":"repeat","background-position":"center center","background-size":"auto","background-attachment":"scroll","background-type":"","background-media":"","overlay-type":"","overlay-color":"","overlay-opacity":"","overlay-gradient":""},"mobile":{"background-color":"","background-image":"","background-repeat":"repeat","background-position":"center center","background-size":"auto","background-attachment":"scroll","background-type":"","background-media":"","overlay-type":"","overlay-color":"","overlay-opacity":"","overlay-gradient":""}},"ast-content-background-meta":{"desktop":{"background-color":"var(--ast-global-color-5)","background-image":"","background-repeat":"repeat","background-position":"center center","background-size":"auto","background-attachment":"scroll","background-type":"","background-media":"","overlay-type":"","overlay-color":"","overlay-opacity":"","overlay-gradient":""},"tablet":{"background-color":"var(--ast-global-color-5)","background-image":"","background-repeat":"repeat","background-position":"center center","background-size":"auto","background-attachment":"scroll","background-type":"","background-media":"","overlay-type":"","overlay-color":"","overlay-opacity":"","overlay-gradient":""},"mobile":{"background-color":"var(--ast-global-color-5)","background-image":"","background-repeat":"repeat","background-position":"center center","background-size":"auto","background-attachment":"scroll","background-type":"","background-media":"","overlay-type":"","overlay-color":"","overlay-opacity":"","overlay-gradient":""}},"footnotes":""},"class_list":["post-275","page","type-page","status-publish","hentry"],"aioseo_notices":[],"_links":{"self":[{"href":"https:\/\/www.copantalya.com\/is\/wp-json\/wp\/v2\/pages\/275","targetHints":{"allow":["GET"]}}],"collection":[{"href":"https:\/\/www.copantalya.com\/is\/wp-json\/wp\/v2\/pages"}],"about":[{"href":"https:\/\/www.copantalya.com\/is\/wp-json\/wp\/v2\/types\/page"}],"author":[{"embeddable":true,"href":"https:\/\/www.copantalya.com\/is\/wp-json\/wp\/v2\/users\/1"}],"replies":[{"embeddable":true,"href":"https:\/\/www.copantalya.com\/is\/wp-json\/wp\/v2\/comments?post=275"}],"version-history":[{"count":45,"href":"https:\/\/www.copantalya.com\/is\/wp-json\/wp\/v2\/pages\/275\/revisions"}],"predecessor-version":[{"id":1667,"href":"https:\/\/www.copantalya.com\/is\/wp-json\/wp\/v2\/pages\/275\/revisions\/1667"}],"wp:attachment":[{"href":"https:\/\/www.copantalya.com\/is\/wp-json\/wp\/v2\/media?parent=275"}],"curies":[{"name":"wp","href":"https:\/\/api.w.org\/{rel}","templated":true}]}}