{"id":1420,"date":"2026-02-18T19:08:50","date_gmt":"2026-02-18T19:08:50","guid":{"rendered":"https:\/\/www.copantalya.com\/?page_id=1420"},"modified":"2026-03-02T19:37:20","modified_gmt":"2026-03-02T19:37:20","slug":"karbon-etkisi","status":"publish","type":"page","link":"https:\/\/www.copantalya.com\/it\/karbon-etkisi\/","title":{"rendered":"Impatto del carbonio"},"content":{"rendered":"<div data-elementor-type=\"wp-page\" data-elementor-id=\"1420\" class=\"elementor elementor-1420\">\n\t\t\t\t<div class=\"elementor-element elementor-element-262daccf e-flex e-con-boxed e-con e-parent\" data-id=\"262daccf\" data-element_type=\"container\" data-e-type=\"container\" data-settings=\"{&quot;background_background&quot;:&quot;classic&quot;}\">\n\t\t\t\t\t<div class=\"e-con-inner\">\n\t\t<div class=\"elementor-element elementor-element-1e303980 e-con-full e-flex e-con e-child\" data-id=\"1e303980\" data-element_type=\"container\" data-e-type=\"container\">\n\t\t\t\t<div class=\"elementor-element elementor-element-6aa7c23 elementor-widget elementor-widget-heading\" data-id=\"6aa7c23\" data-element_type=\"widget\" data-e-type=\"widget\" data-widget_type=\"heading.default\">\n\t\t\t\t\t<h1 class=\"elementor-heading-title elementor-size-default\">L'impronta di carbonio dei data center nel processo di digitalizzazione e la sua interazione con la crisi climatica<\/h1>\t\t\t\t<\/div>\n\t\t\t\t<\/div>\n\t\t\t\t\t<\/div>\n\t\t\t\t<\/div>\n\t\t\t\t<section class=\"elementor-section elementor-top-section elementor-element elementor-element-1d9728db elementor-section-content-middle elementor-section-boxed elementor-section-height-default elementor-section-height-default\" data-id=\"1d9728db\" data-element_type=\"section\" data-e-type=\"section\" data-settings=\"{&quot;background_background&quot;:&quot;classic&quot;}\">\n\t\t\t\t\t\t<div class=\"elementor-container elementor-column-gap-no\">\n\t\t\t\t\t<div class=\"elementor-column elementor-col-50 elementor-top-column elementor-element elementor-element-29a6ff73\" data-id=\"29a6ff73\" data-element_type=\"column\" data-e-type=\"column\" data-settings=\"{&quot;background_background&quot;:&quot;classic&quot;}\">\n\t\t\t<div class=\"elementor-widget-wrap elementor-element-populated\">\n\t\t\t\t\t\t<div class=\"elementor-element elementor-element-589de755 elementor-widget elementor-widget-image\" data-id=\"589de755\" data-element_type=\"widget\" data-e-type=\"widget\" data-widget_type=\"image.default\">\n\t\t\t\t\t\t\t\t\t\t\t\t\t\t\t<img fetchpriority=\"high\" decoding=\"async\" width=\"1001\" height=\"1500\" src=\"https:\/\/www.copantalya.com\/wp-content\/uploads\/2026\/02\/16472-2.jpg\" class=\"attachment-full size-full wp-image-1269\" alt=\"16472 2\" srcset=\"https:\/\/www.copantalya.com\/wp-content\/uploads\/2026\/02\/16472-2.jpg 1001w, https:\/\/www.copantalya.com\/wp-content\/uploads\/2026\/02\/16472-2-200x300.jpg 200w, https:\/\/www.copantalya.com\/wp-content\/uploads\/2026\/02\/16472-2-683x1024.jpg 683w, https:\/\/www.copantalya.com\/wp-content\/uploads\/2026\/02\/16472-2-768x1151.jpg 768w\" sizes=\"(max-width: 1001px) 100vw, 1001px\" title=\"Impatto del carbonio\">\t\t\t\t\t\t\t\t\t\t\t\t\t\t\t<\/div>\n\t\t\t\t\t<\/div>\n\t\t<\/div>\n\t\t\t\t<div class=\"elementor-column elementor-col-50 elementor-top-column elementor-element elementor-element-6b99767f\" data-id=\"6b99767f\" data-element_type=\"column\" data-e-type=\"column\">\n\t\t\t<div class=\"elementor-widget-wrap elementor-element-populated\">\n\t\t\t\t\t\t<div class=\"elementor-element elementor-element-6fda241 elementor-widget elementor-widget-text-editor\" data-id=\"6fda241\" data-element_type=\"widget\" data-e-type=\"widget\" data-widget_type=\"text-editor.default\">\n\t\t\t\t\t\t\t\t\t<p class=\"p1\">La digitalizzazione influisce sulla struttura economica, sociale e politica delle societ\u00e0 moderne.<br \/>\u00e8 uno dei processi fondamentali che stanno ridisegnando il mondo. Intelligenza artificiale, piattaforme online, cloud computing<br \/>e big data analytics; vantaggi significativi in termini di maggiore efficienza e accessibilit\u00e0<br \/>all'ambiente. Tuttavia, questo processo comporta anche gravi costi ambientali che spesso vengono trascurati.<br \/>e digitalizzazione. Centri dati che costituiscono la base dell'infrastruttura necessaria per la digitalizzazione,<br \/>L'aumento del consumo di energia e delle relative emissioni di carbonio \u00e8 sempre pi\u00f9 riconosciuto nel quadro della crisi climatica.<br \/>sempre pi\u00f9 all'ordine del giorno.<\/p>\t\t\t\t\t\t\t\t<\/div>\n\t\t\t\t<div class=\"elementor-element elementor-element-1205ac1c elementor-widget-divider--view-line elementor-widget elementor-widget-divider\" data-id=\"1205ac1c\" data-element_type=\"widget\" data-e-type=\"widget\" data-widget_type=\"divider.default\">\n\t\t\t\t\t\t\t<div class=\"elementor-divider\">\n\t\t\t<span class=\"elementor-divider-separator\">\n\t\t\t\t\t\t<\/span>\n\t\t<\/div>\n\t\t\t\t\t\t<\/div>\n\t\t\t\t<div class=\"elementor-element elementor-element-3939d56b elementor-widget elementor-widget-heading\" data-id=\"3939d56b\" data-element_type=\"widget\" data-e-type=\"widget\" data-widget_type=\"heading.default\">\n\t\t\t\t\t<h2 class=\"elementor-heading-title elementor-size-default\">Digitalizzazione e aumento della domanda di energia<\/h2>\t\t\t\t<\/div>\n\t\t\t\t<div class=\"elementor-element elementor-element-11db7874 elementor-widget elementor-widget-text-editor\" data-id=\"11db7874\" data-element_type=\"widget\" data-e-type=\"widget\" data-widget_type=\"text-editor.default\">\n\t\t\t\t\t\t\t\t\t<p class=\"p1\">La domanda globale di servizi digitali \u00e8 cresciuta rapidamente nell'ultimo decennio. Software di streaming video, piattaforme di social media e sistemi basati sull'intelligenza artificiale generano grandi quantit\u00e0 di dati e richiedono un'elevata potenza di calcolo per elaborarli. I data center sono sistemi che operano continuamente per sostenere questa intensa attivit\u00e0 digitale, con un conseguente consumo significativo di elettricit\u00e0.<\/p><p class=\"p1\">In questo processo, il consumo di energia non si limita ai server: anche i sistemi di raffreddamento, backup e sicurezza rappresentano una parte significativa del consumo totale. Le ricerche mostrano che i data center rappresentano circa %1 - 2 del consumo globale di elettricit\u00e0. Se la digitalizzazione continua a ritmo sostenuto, si prevede che questo rapporto aumenter\u00e0 ulteriormente nei prossimi anni. Questo aumento della domanda di energia pone anche un serio problema di emissioni di carbonio, soprattutto nei Paesi che dipendono dai combustibili fossili per la generazione di elettricit\u00e0.<\/p>\t\t\t\t\t\t\t\t<\/div>\n\t\t\t\t<div class=\"elementor-element elementor-element-41ea4fe elementor-widget-divider--view-line elementor-widget elementor-widget-divider\" data-id=\"41ea4fe\" data-element_type=\"widget\" data-e-type=\"widget\" data-widget_type=\"divider.default\">\n\t\t\t\t\t\t\t<div class=\"elementor-divider\">\n\t\t\t<span class=\"elementor-divider-separator\">\n\t\t\t\t\t\t<\/span>\n\t\t<\/div>\n\t\t\t\t\t\t<\/div>\n\t\t\t\t<div class=\"elementor-element elementor-element-5ceb260 elementor-widget elementor-widget-heading\" data-id=\"5ceb260\" data-element_type=\"widget\" data-e-type=\"widget\" data-widget_type=\"heading.default\">\n\t\t\t\t\t<h2 class=\"elementor-heading-title elementor-size-default\">Impronta di carbonio dei centri dati<\/h2>\t\t\t\t<\/div>\n\t\t\t\t<div class=\"elementor-element elementor-element-cfed3d8 elementor-widget elementor-widget-text-editor\" data-id=\"cfed3d8\" data-element_type=\"widget\" data-e-type=\"widget\" data-widget_type=\"text-editor.default\">\n\t\t\t\t\t\t\t\t\t<p><span style=\"font-weight: 400;\">L'impronta di carbonio dei data center dipende in larga misura dalla natura della fonte energetica utilizzata. Mentre i data center che utilizzano fonti di energia rinnovabili hanno livelli di emissioni pi\u00f9 bassi, i centri che operano in sistemi energetici dominati da combustibili fossili come il carbone e il gas naturale causano elevate emissioni indirette. Ci\u00f2 dimostra che l'impatto della digitalizzazione sul clima \u00e8 direttamente collegato alle politiche energetiche regionali.\u00a0<\/span><\/p><p><span style=\"font-weight: 400;\">Inoltre, non bisogna considerare solo il consumo diretto di energia, ma anche l'impatto ambientale dei data center. I processi di produzione, trasporto e rinnovo periodico dei server causano un'elevata quantit\u00e0 di emissioni di carbonio.\u00a0<\/span><\/p>\t\t\t\t\t\t\t\t<\/div>\n\t\t\t\t<div class=\"elementor-element elementor-element-2e84cd4 elementor-widget-divider--view-line elementor-widget elementor-widget-divider\" data-id=\"2e84cd4\" data-element_type=\"widget\" data-e-type=\"widget\" data-widget_type=\"divider.default\">\n\t\t\t\t\t\t\t<div class=\"elementor-divider\">\n\t\t\t<span class=\"elementor-divider-separator\">\n\t\t\t\t\t\t<\/span>\n\t\t<\/div>\n\t\t\t\t\t\t<\/div>\n\t\t\t\t<div class=\"elementor-element elementor-element-d557b16 elementor-widget elementor-widget-heading\" data-id=\"d557b16\" data-element_type=\"widget\" data-e-type=\"widget\" data-widget_type=\"heading.default\">\n\t\t\t\t\t<h2 class=\"elementor-heading-title elementor-size-default\">Sistemi di raffreddamento e consumo di acqua<\/h2>\t\t\t\t<\/div>\n\t\t\t\t<div class=\"elementor-element elementor-element-72b1167 elementor-widget elementor-widget-text-editor\" data-id=\"72b1167\" data-element_type=\"widget\" data-e-type=\"widget\" data-widget_type=\"text-editor.default\">\n\t\t\t\t\t\t\t\t\t<p><span style=\"font-weight: 400;\">Una parte significativa del consumo energetico dei data center \u00e8 destinata ai sistemi di raffreddamento. I server che funzionano continuamente generano elevate quantit\u00e0 di calore e devono essere raffreddati per tenerlo sotto controllo. Soprattutto nei data center situati in climi caldi, questo aumenta il consumo di energia e quindi le emissioni di carbonio.<\/span><\/p><p><span style=\"font-weight: 400;\">Inoltre, molti data center utilizzano grandi quantit\u00e0 di acqua nei processi di raffreddamento. Ci\u00f2 pu\u00f2 causare problemi ecologici e sociali, soprattutto nelle regioni che subiscono uno stress idrico. Per questo motivo, l'impatto ambientale dei data center non dovrebbe limitarsi ai cambiamenti climatici, ma dovrebbe essere valutato anche in termini di sostenibilit\u00e0 delle risorse naturali.\u00a0<\/span><\/p>\t\t\t\t\t\t\t\t<\/div>\n\t\t\t\t<div class=\"elementor-element elementor-element-f44f1ad elementor-widget-divider--view-line elementor-widget elementor-widget-divider\" data-id=\"f44f1ad\" data-element_type=\"widget\" data-e-type=\"widget\" data-widget_type=\"divider.default\">\n\t\t\t\t\t\t\t<div class=\"elementor-divider\">\n\t\t\t<span class=\"elementor-divider-separator\">\n\t\t\t\t\t\t<\/span>\n\t\t<\/div>\n\t\t\t\t\t\t<\/div>\n\t\t\t\t<div class=\"elementor-element elementor-element-752c582 elementor-widget elementor-widget-heading\" data-id=\"752c582\" data-element_type=\"widget\" data-e-type=\"widget\" data-widget_type=\"heading.default\">\n\t\t\t\t\t<h2 class=\"elementor-heading-title elementor-size-default\">Politiche climatiche e trasformazione digitale sostenibile<\/h2>\t\t\t\t<\/div>\n\t\t\t\t<div class=\"elementor-element elementor-element-c59bca3 elementor-widget elementor-widget-text-editor\" data-id=\"c59bca3\" data-element_type=\"widget\" data-e-type=\"widget\" data-widget_type=\"text-editor.default\">\n\t\t\t\t\t\t\t\t\t<p><span style=\"font-weight: 400;\">La riduzione dell'impatto delle emissioni di carbonio dei data center \u00e8 direttamente correlata agli obiettivi climatici globali. I rapporti pubblicati dal Programma delle Nazioni Unite per l'Ambiente (UNEP) sottolineano l'importanza di allineare le infrastrutture digitali agli obiettivi di sostenibilit\u00e0. Inoltre, l'Accordo di Parigi mira a limitare l'aumento della temperatura globale a 1-2\u00b0C, ma richiede una trasformazione sostenibile dei settori ad alta intensit\u00e0 energetica. In questa direzione, anche il settore digitale dovrebbe essere integrato nelle politiche climatiche. I rapporti dell'Agenzia Internazionale dell'Energia (AIE) sottolineano che \u00e8 fondamentale orientare i data center verso l'uso di energia rinnovabile e aumentare gli standard di efficienza energetica.\u00a0<\/span><\/p><p><span style=\"font-weight: 400;\">Inoltre, pratiche come il recupero del calore di scarto, architetture di server pi\u00f9 efficienti e una rendicontazione trasparente delle emissioni sono tra i principali strumenti per una digitalizzazione sostenibile. A livello politico, gli incentivi governativi, le tasse sul carbonio e i meccanismi di rendicontazione obbligatoria sono strumenti importanti per ridurre l'impatto ambientale del settore digitale. Si prevede che tali normative possano condurre le aziende verso un uso pi\u00f9 trasparente e responsabile dell'energia.\u00a0<\/span><\/p>\t\t\t\t\t\t\t\t<\/div>\n\t\t\t\t<div class=\"elementor-element elementor-element-ce87ea4 elementor-widget-divider--view-line elementor-widget elementor-widget-divider\" data-id=\"ce87ea4\" data-element_type=\"widget\" data-e-type=\"widget\" data-widget_type=\"divider.default\">\n\t\t\t\t\t\t\t<div class=\"elementor-divider\">\n\t\t\t<span class=\"elementor-divider-separator\">\n\t\t\t\t\t\t<\/span>\n\t\t<\/div>\n\t\t\t\t\t\t<\/div>\n\t\t\t\t<div class=\"elementor-element elementor-element-1204cb8 elementor-widget elementor-widget-heading\" data-id=\"1204cb8\" data-element_type=\"widget\" data-e-type=\"widget\" data-widget_type=\"heading.default\">\n\t\t\t\t\t<h2 class=\"elementor-heading-title elementor-size-default\">Conclusione<\/h2>\t\t\t\t<\/div>\n\t\t\t\t<div class=\"elementor-element elementor-element-0c62aac elementor-widget elementor-widget-text-editor\" data-id=\"0c62aac\" data-element_type=\"widget\" data-e-type=\"widget\" data-widget_type=\"text-editor.default\">\n\t\t\t\t\t\t\t\t\t<p><span style=\"font-weight: 400;\">La digitalizzazione \u00e8 un processo indispensabile per le societ\u00e0 moderne, ma comporta anche gravi costi ambientali. I centri dati sono una delle aree pi\u00f9 importanti in cui questi costi si concretizzano. L'aumento del consumo di energia, delle emissioni di carbonio, dell'uso di acqua e dei rifiuti elettronici rivela chiaramente la relazione tra le infrastrutture digitali e la crisi climatica.\u00a0<\/span><\/p><p><span style=\"font-weight: 400;\">Pertanto, la digitalizzazione dovrebbe essere considerata non solo dal punto di vista del progresso tecnologico, ma anche nel quadro della sostenibilit\u00e0 ambientale e della giustizia climatica. Altrimenti, la trasformazione digitale potrebbe diventare un fattore che aggrava la crisi climatica anzich\u00e9 mitigarla. Armonizzare il settore digitale con le politiche climatiche \u00e8 inevitabile per un futuro sostenibile<\/span><\/p>\t\t\t\t\t\t\t\t<\/div>\n\t\t\t\t\t<\/div>\n\t\t<\/div>\n\t\t\t\t\t<\/div>\n\t\t<\/section>\n\t\t<div class=\"elementor-element elementor-element-6d511678 e-flex e-con-boxed e-con e-parent\" data-id=\"6d511678\" data-element_type=\"container\" data-e-type=\"container\" data-settings=\"{&quot;background_background&quot;:&quot;classic&quot;,&quot;shape_divider_top&quot;:&quot;mountains&quot;}\">\n\t\t\t\t\t<div class=\"e-con-inner\">\n\t\t\t\t<div class=\"elementor-shape elementor-shape-top\" aria-hidden=\"true\" data-negative=\"false\">\n\t\t\t<svg xmlns=\"http:\/\/www.w3.org\/2000\/svg\" viewbox=\"0 0 1000 100\" preserveaspectratio=\"none\">\n\t<path class=\"elementor-shape-fill\" opacity=\"0.33\" d=\"M473,67.3c-203.9,88.3-263.1-34-320.3,0C66,119.1,0,59.7,0,59.7V0h1000v59.7 c0,0-62.1,26.1-94.9,29.3c-32.8,3.3-62.8-12.3-75.8-22.1C806,49.6,745.3,8.7,694.9,4.7S492.4,59,473,67.3z\"\/>\n\t<path class=\"elementor-shape-fill\" opacity=\"0.66\" d=\"M734,67.3c-45.5,0-77.2-23.2-129.1-39.1c-28.6-8.7-150.3-10.1-254,39.1 s-91.7-34.4-149.2,0C115.7,118.3,0,39.8,0,39.8V0h1000v36.5c0,0-28.2-18.5-92.1-18.5C810.2,18.1,775.7,67.3,734,67.3z\"\/>\n\t<path class=\"elementor-shape-fill\" d=\"M766.1,28.9c-200-57.5-266,65.5-395.1,19.5C242,1.8,242,5.4,184.8,20.6C128,35.8,132.3,44.9,89.9,52.5C28.6,63.7,0,0,0,0 h1000c0,0-9.9,40.9-83.6,48.1S829.6,47,766.1,28.9z\"\/>\n<\/svg>\t\t<\/div>\n\t\t<div class=\"elementor-element elementor-element-25894c96 e-con-full e-flex e-con e-child\" data-id=\"25894c96\" data-element_type=\"container\" data-e-type=\"container\">\n\t\t\t\t<div class=\"elementor-element elementor-element-11f696ce elementor-widget elementor-widget-heading\" data-id=\"11f696ce\" data-element_type=\"widget\" data-e-type=\"widget\" data-widget_type=\"heading.default\">\n\t\t\t\t\t<div class=\"elementor-heading-title elementor-size-default\">Parliamo di COP31<\/div>\t\t\t\t<\/div>\n\t\t\t\t<\/div>\n\t\t<div class=\"elementor-element elementor-element-3a105639 e-con-full e-flex e-con e-child\" data-id=\"3a105639\" data-element_type=\"container\" data-e-type=\"container\">\n\t\t\t\t<div class=\"elementor-element elementor-element-491406eb elementor-align-left elementor-tablet-align-left elementor-mobile-align-justify elementor-widget__width-inherit elementor-widget elementor-widget-button\" data-id=\"491406eb\" data-element_type=\"widget\" data-e-type=\"widget\" data-widget_type=\"button.default\">\n\t\t\t\t\t\t\t\t\t\t<a class=\"elementor-button elementor-button-link elementor-size-sm\" href=\"https:\/\/globaliscertification.com\/\" target=\"_blank\">\n\t\t\t\t\t\t<span class=\"elementor-button-content-wrapper\">\n\t\t\t\t\t\t\t\t\t<span class=\"elementor-button-text\">Informazioni su Globalis<\/span>\n\t\t\t\t\t<\/span>\n\t\t\t\t\t<\/a>\n\t\t\t\t\t\t\t\t<\/div>\n\t\t\t\t<\/div>\n\t\t\t\t\t<\/div>\n\t\t\t\t<\/div>\n\t\t\t\t<\/div>","protected":false},"excerpt":{"rendered":"<p>Dijitalle\u015fme S\u00fcrecinde Veri Merkezlerinin Karbon Ayak \u0130zi ve \u0130klim Kriziyle Etkile\u015fimi Dijitalle\u015fme; modern toplumlar\u0131n ekonomik, sosyal ve siyasi yap\u0131lanmas\u0131n\u0131 etkileyerekyeniden [&hellip;]<\/p>\n","protected":false},"author":1,"featured_media":0,"parent":0,"menu_order":0,"comment_status":"closed","ping_status":"closed","template":"","meta":{"om_disable_all_campaigns":false,"_monsterinsights_skip_tracking":false,"_monsterinsights_sitenote_active":false,"_monsterinsights_sitenote_note":"","_monsterinsights_sitenote_category":0,"site-sidebar-layout":"no-sidebar","site-content-layout":"page-builder","ast-site-content-layout":"full-width-container","site-content-style":"default","site-sidebar-style":"default","ast-global-header-display":"","ast-banner-title-visibility":"","ast-main-header-display":"","ast-hfb-above-header-display":"","ast-hfb-below-header-display":"","ast-hfb-mobile-header-display":"","site-post-title":"disabled","ast-breadcrumbs-content":"","ast-featured-img":"disabled","footer-sml-layout":"","theme-transparent-header-meta":"","adv-header-id-meta":"","stick-header-meta":"","header-above-stick-meta":"","header-main-stick-meta":"","header-below-stick-meta":"","astra-migrate-meta-layouts":"set","ast-page-background-enabled":"default","ast-page-background-meta":{"desktop":{"background-color":"","background-image":"","background-repeat":"repeat","background-position":"center center","background-size":"auto","background-attachment":"scroll","background-type":"","background-media":"","overlay-type":"","overlay-color":"","overlay-opacity":"","overlay-gradient":""},"tablet":{"background-color":"","background-image":"","background-repeat":"repeat","background-position":"center center","background-size":"auto","background-attachment":"scroll","background-type":"","background-media":"","overlay-type":"","overlay-color":"","overlay-opacity":"","overlay-gradient":""},"mobile":{"background-color":"","background-image":"","background-repeat":"repeat","background-position":"center center","background-size":"auto","background-attachment":"scroll","background-type":"","background-media":"","overlay-type":"","overlay-color":"","overlay-opacity":"","overlay-gradient":""}},"ast-content-background-meta":{"desktop":{"background-color":"var(--ast-global-color-5)","background-image":"","background-repeat":"repeat","background-position":"center center","background-size":"auto","background-attachment":"scroll","background-type":"","background-media":"","overlay-type":"","overlay-color":"","overlay-opacity":"","overlay-gradient":""},"tablet":{"background-color":"var(--ast-global-color-5)","background-image":"","background-repeat":"repeat","background-position":"center center","background-size":"auto","background-attachment":"scroll","background-type":"","background-media":"","overlay-type":"","overlay-color":"","overlay-opacity":"","overlay-gradient":""},"mobile":{"background-color":"var(--ast-global-color-5)","background-image":"","background-repeat":"repeat","background-position":"center center","background-size":"auto","background-attachment":"scroll","background-type":"","background-media":"","overlay-type":"","overlay-color":"","overlay-opacity":"","overlay-gradient":""}},"footnotes":""},"class_list":["post-1420","page","type-page","status-publish","hentry"],"aioseo_notices":[],"_links":{"self":[{"href":"https:\/\/www.copantalya.com\/it\/wp-json\/wp\/v2\/pages\/1420","targetHints":{"allow":["GET"]}}],"collection":[{"href":"https:\/\/www.copantalya.com\/it\/wp-json\/wp\/v2\/pages"}],"about":[{"href":"https:\/\/www.copantalya.com\/it\/wp-json\/wp\/v2\/types\/page"}],"author":[{"embeddable":true,"href":"https:\/\/www.copantalya.com\/it\/wp-json\/wp\/v2\/users\/1"}],"replies":[{"embeddable":true,"href":"https:\/\/www.copantalya.com\/it\/wp-json\/wp\/v2\/comments?post=1420"}],"version-history":[{"count":13,"href":"https:\/\/www.copantalya.com\/it\/wp-json\/wp\/v2\/pages\/1420\/revisions"}],"predecessor-version":[{"id":1707,"href":"https:\/\/www.copantalya.com\/it\/wp-json\/wp\/v2\/pages\/1420\/revisions\/1707"}],"wp:attachment":[{"href":"https:\/\/www.copantalya.com\/it\/wp-json\/wp\/v2\/media?parent=1420"}],"curies":[{"name":"wp","href":"https:\/\/api.w.org\/{rel}","templated":true}]}}