{"id":1426,"date":"2026-02-18T19:16:20","date_gmt":"2026-02-18T19:16:20","guid":{"rendered":"https:\/\/www.copantalya.com\/?page_id=1426"},"modified":"2026-03-02T19:57:56","modified_gmt":"2026-03-02T19:57:56","slug":"yeni-nesil-gezginler-ve-iklim-diplomasisi","status":"publish","type":"page","link":"https:\/\/www.copantalya.com\/it\/yeni-nesil-gezginler-ve-iklim-diplomasisi\/","title":{"rendered":"Viaggiatori di nuova generazione e diplomazia del clima"},"content":{"rendered":"<div data-elementor-type=\"wp-page\" data-elementor-id=\"1426\" class=\"elementor elementor-1426\">\n\t\t\t\t<div class=\"elementor-element elementor-element-7dbd4a94 e-flex e-con-boxed e-con e-parent\" data-id=\"7dbd4a94\" data-element_type=\"container\" data-e-type=\"container\" data-settings=\"{&quot;background_background&quot;:&quot;classic&quot;}\">\n\t\t\t\t\t<div class=\"e-con-inner\">\n\t\t<div class=\"elementor-element elementor-element-e129312 e-con-full e-flex e-con e-child\" data-id=\"e129312\" data-element_type=\"container\" data-e-type=\"container\">\n\t\t\t\t<div class=\"elementor-element elementor-element-4ccc6030 elementor-widget elementor-widget-heading\" data-id=\"4ccc6030\" data-element_type=\"widget\" data-e-type=\"widget\" data-widget_type=\"heading.default\">\n\t\t\t\t\t<h1 class=\"elementor-heading-title elementor-size-default\">NUOVA GENERAZIONE DI VIAGGIATORI E DIPLOMAZIA DEL CLIMA<\/h1>\t\t\t\t<\/div>\n\t\t\t\t<\/div>\n\t\t\t\t\t<\/div>\n\t\t\t\t<\/div>\n\t\t\t\t<section class=\"elementor-section elementor-top-section elementor-element elementor-element-4b5e4976 elementor-section-content-middle elementor-section-boxed elementor-section-height-default elementor-section-height-default\" data-id=\"4b5e4976\" data-element_type=\"section\" data-e-type=\"section\" data-settings=\"{&quot;background_background&quot;:&quot;classic&quot;}\">\n\t\t\t\t\t\t<div class=\"elementor-container elementor-column-gap-no\">\n\t\t\t\t\t<div class=\"elementor-column elementor-col-100 elementor-top-column elementor-element elementor-element-63e5eda8\" data-id=\"63e5eda8\" data-element_type=\"column\" data-e-type=\"column\">\n\t\t\t<div class=\"elementor-widget-wrap elementor-element-populated\">\n\t\t\t\t\t\t<div class=\"elementor-element elementor-element-f806ba1 elementor-widget elementor-widget-text-editor\" data-id=\"f806ba1\" data-element_type=\"widget\" data-e-type=\"widget\" data-widget_type=\"text-editor.default\">\n\t\t\t\t\t\t\t\t\t<p data-start=\"118\" data-end=\"705\">Il cambiamento climatico globale non \u00e8 solo un fenomeno che riguarda l'ambiente; \u00e8 anche un processo a pi\u00f9 livelli in cui Stati, organizzazioni internazionali e organizzazioni non governative interagiscono a livello nazionale e internazionale. In questo processo, i giovani sono diventati un attore pi\u00f9 visibile ed efficace, soprattutto negli ultimi anni. I giovani, che sono la generazione che sar\u00e0 pi\u00f9 colpita dalle conseguenze della crisi climatica, non solo hanno puntato a sensibilizzare l'opinione pubblica, ma hanno anche chiesto di partecipare ai processi decisionali e hanno conquistato una posizione di maggior rilievo dando forma ai dibattiti politici.<\/p><p data-start=\"707\" data-end=\"1257\">La partecipazione dei giovani ai processi climatici globali a livello istituzionale \u00e8 visibile nei negoziati internazionali nell'ambito della Convenzione quadro delle Nazioni Unite sui cambiamenti climatici (UNFCCC). Tuttavia, la Conferenza delle Nazioni Unite sui giovani per il cambiamento climatico (COY), che si svolge poco prima della Conferenza annuale delle Nazioni Unite sul clima (COP) ed \u00e8 organizzata sotto l'egida di YOUNGO, la struttura ufficiale di rappresentanza dei giovani dell'UNFCCC, \u00e8 un importante vertice che fornisce informazioni tecniche e politiche per preparare i giovani al processo della COP.<\/p><p data-start=\"1259\" data-end=\"2085\">La struttura globale della COY ha aperto la strada alla nascita di meccanismi simili a livello locale e nazionale. Ad esempio, gli incontri della Conferenza locale dei giovani (LCOY) sono piattaforme in cui i giovani identificano le priorit\u00e0 relative al cambiamento climatico nei loro Paesi, discutono le questioni locali e sviluppano raccomandazioni politiche nazionali. Le dichiarazioni che emergono da questi vertici includono inviti non solo per gli Stati, ma anche per il settore privato. A questo punto, il settore del turismo \u00e8 diventato una delle aree in cui le richieste espresse in COY e LCOY si riflettono direttamente. Perch\u00e9 il turismo \u00e8 direttamente collegato ad aree come i trasporti, l'economia e il consumo di energia. Per questo motivo, le richieste di riduzione delle emissioni di anidride carbonica e di trasparenza espresse dai giovani ai vertici sul clima hanno iniziato a rimodellare le politiche turistiche.<\/p><p data-start=\"2087\" data-end=\"2543\">Le richieste espresse nei processi COY e LCOY non sono solo simboliche, ma includono anche raccomandazioni politiche che guidano i settori economici globali. Il settore del turismo occupa un posto speciale nella diplomazia del clima, poich\u00e9 \u00e8 responsabile di una parte significativa delle emissioni globali di carbonio. Sebbene soprattutto il trasporto aereo costituisca la dimensione ad alta intensit\u00e0 di carbonio del turismo, anche il settore ricettivo crea gravi impatti ambientali in termini di consumo di energia e acqua.<\/p><p data-start=\"2545\" data-end=\"3357\">Il concetto di \u201cgiustizia climatica\u201d, spesso enfatizzato nelle dichiarazioni dei giovani, esprime che nel processo di cambiamento climatico deve essere garantita la giustizia non solo per gli esseri umani, ma anche per tutti gli esseri della natura. Questa concezione comporta una maggiore responsabilit\u00e0 per gli attori e i decisori che contribuiscono al cambiamento climatico. In questo contesto, si dovrebbero prendere in considerazione non solo gli impatti ambientali ma anche quelli sociali degli investimenti turistici. La diplomazia giovanile critica i progetti turistici su larga scala perch\u00e9 riducono gli spazi di vita delle popolazioni locali, limitano l'accesso alle risorse naturali e utilizzano il patrimonio culturale per interessi economici. Si chiede inoltre di riconoscere ed eliminare le disuguaglianze create dal turismo quando viene presentato come strumento di sviluppo.<\/p><p data-start=\"3359\" data-end=\"4156\">Questa prospettiva proposta dalla diplomazia giovanile si riflette anche nelle preferenze dei viaggiatori di nuova generazione nel mercato del turismo. I viaggiatori di nuova generazione non sono solo consumatori alla ricerca di esperienze di vacanza individuali; sono individui che effettuano i loro viaggi nel quadro di una sensibilit\u00e0 etica e ambientale. Gli standard del turismo etico sono principi che mirano a minimizzare gli impatti negativi del turismo sulla societ\u00e0 e sull'ambiente e a sostenere lo sviluppo sostenibile. Questi principi includono l'approccio di beneficiare la comunit\u00e0 locale, sostenere le popolazioni locali e affrontare insieme gli aspetti economici, sociali e ambientali. Ad esempio, tra questi criteri figurano la misurazione delle emissioni di carbonio, l'utilizzo di energie rinnovabili, la divulgazione trasparente dei piani di gestione delle acque e dei rifiuti e l'instaurazione di una cooperazione equa con le comunit\u00e0 locali.<\/p><p data-start=\"4158\" data-end=\"4722\">Oggi le preferenze di viaggio dei giovani non sono determinate solo dal livello di comfort o da criteri economici di prezzo. La trasparenza e la sostenibilit\u00e0 sono diventati fattori chiave che determinano la fedelt\u00e0 al marchio dei viaggiatori di nuova generazione. Il cosiddetto \u201cgreenwashing\u201d, in cui le aziende presentano in modo ingannevole un'immagine ecologica che in realt\u00e0 non hanno, \u00e8 visto come un grave rischio dai giovani viaggiatori. Per questo motivo, i consumatori non si fidano delle aziende che non sono supportate da certificati e rapporti di audit indipendenti.<\/p><p data-start=\"4724\" data-end=\"5128\" data-is-last-node=\"\" data-is-only-node=\"\">In conclusione, il futuro del settore turistico dipende dalla misura in cui riuscir\u00e0 ad armonizzarsi con le aspettative dei giovani COY e LCOY. Le imprese che operano nel settore dovrebbero concretizzare i loro piani di sostenibilit\u00e0 con obiettivi misurabili e relazioni chiare. Questo approccio non solo fornir\u00e0 benefici ambientali, ma contribuir\u00e0 anche a generare benefici sociali rafforzando la fiducia sociale.<\/p>\t\t\t\t\t\t\t\t<\/div>\n\t\t\t\t<div class=\"elementor-element elementor-element-1bda47e0 elementor-widget-divider--view-line elementor-widget elementor-widget-divider\" data-id=\"1bda47e0\" data-element_type=\"widget\" data-e-type=\"widget\" data-widget_type=\"divider.default\">\n\t\t\t\t\t\t\t<div class=\"elementor-divider\">\n\t\t\t<span class=\"elementor-divider-separator\">\n\t\t\t\t\t\t<\/span>\n\t\t<\/div>\n\t\t\t\t\t\t<\/div>\n\t\t\t\t<div class=\"elementor-element elementor-element-325dec64 elementor-widget elementor-widget-heading\" data-id=\"325dec64\" data-element_type=\"widget\" data-e-type=\"widget\" data-widget_type=\"heading.default\">\n\t\t\t\t\t<h5 class=\"elementor-heading-title elementor-size-default\">FONTE:<\/h5>\t\t\t\t<\/div>\n\t\t\t\t<div class=\"elementor-element elementor-element-620c12e5 elementor-widget elementor-widget-text-editor\" data-id=\"620c12e5\" data-element_type=\"widget\" data-e-type=\"widget\" data-widget_type=\"text-editor.default\">\n\t\t\t\t\t\t\t\t\t<p class=\"p1\">https:\/\/unfccc.int\/<br \/>https:\/\/iycforyouth.org\/<br \/>https:\/\/www.greenpeace.org\/global\/<br \/>https:\/\/climatepromise.undp.org\/<br \/>https:\/\/turkiyeturizmansiklopedisi.com\/<br \/>Influenzare i viaggiatori eco-consapevoli: Il ruolo del green marketing nella promozione di destinazioni sostenibili (2025). Acta Psychologica.<br \/>\u00c7avu\u015f, M. N. (2024). Una revisione bibliometrica degli studi accademici pubblicati nel periodo 2000-2024 sull'asse turismo, sostenibilit\u00e0 e cambiamento climatico. Journal of Geographical Sciences, 22(2), 268-293.<br \/>Ceylan, S. (2025). Leggere il turismo verde attraverso l'approccio della sostenibilit\u00e0 e della green economy.<br \/>Onur, M., Soylu, A. G., Yorganc\u0131, B., &amp; K\u0131l\u0131\u00e7han, R. (2026). Una revisione sistematica e tematica del greenwashing nell'industria del turismo e dell'ospitalit\u00e0. Sustainability, 18(3), 1255.ncel Journal of Tourism Research, 9(1), 159-182.<\/p>\t\t\t\t\t\t\t\t<\/div>\n\t\t\t\t\t<\/div>\n\t\t<\/div>\n\t\t\t\t\t<\/div>\n\t\t<\/section>\n\t\t\t\t<\/div>","protected":false},"excerpt":{"rendered":"<p>YEN\u0130 NES\u0130L GEZG\u0130NLER VE \u0130KL\u0130M D\u0130PLOMAS\u0130S\u0130 K\u00fcresel iklim de\u011fi\u015fikli\u011fi yaln\u0131zca \u00e7evreyi etkileyen bir olgu de\u011fildir; ayn\u0131 zamanda ulusal ve uluslararas\u0131 [&hellip;]<\/p>\n","protected":false},"author":1,"featured_media":0,"parent":0,"menu_order":0,"comment_status":"closed","ping_status":"closed","template":"","meta":{"om_disable_all_campaigns":false,"_monsterinsights_skip_tracking":false,"_monsterinsights_sitenote_active":false,"_monsterinsights_sitenote_note":"","_monsterinsights_sitenote_category":0,"site-sidebar-layout":"no-sidebar","site-content-layout":"page-builder","ast-site-content-layout":"full-width-container","site-content-style":"default","site-sidebar-style":"default","ast-global-header-display":"","ast-banner-title-visibility":"","ast-main-header-display":"","ast-hfb-above-header-display":"","ast-hfb-below-header-display":"","ast-hfb-mobile-header-display":"","site-post-title":"disabled","ast-breadcrumbs-content":"","ast-featured-img":"disabled","footer-sml-layout":"","theme-transparent-header-meta":"","adv-header-id-meta":"","stick-header-meta":"","header-above-stick-meta":"","header-main-stick-meta":"","header-below-stick-meta":"","astra-migrate-meta-layouts":"set","ast-page-background-enabled":"default","ast-page-background-meta":{"desktop":{"background-color":"","background-image":"","background-repeat":"repeat","background-position":"center center","background-size":"auto","background-attachment":"scroll","background-type":"","background-media":"","overlay-type":"","overlay-color":"","overlay-opacity":"","overlay-gradient":""},"tablet":{"background-color":"","background-image":"","background-repeat":"repeat","background-position":"center center","background-size":"auto","background-attachment":"scroll","background-type":"","background-media":"","overlay-type":"","overlay-color":"","overlay-opacity":"","overlay-gradient":""},"mobile":{"background-color":"","background-image":"","background-repeat":"repeat","background-position":"center center","background-size":"auto","background-attachment":"scroll","background-type":"","background-media":"","overlay-type":"","overlay-color":"","overlay-opacity":"","overlay-gradient":""}},"ast-content-background-meta":{"desktop":{"background-color":"var(--ast-global-color-5)","background-image":"","background-repeat":"repeat","background-position":"center center","background-size":"auto","background-attachment":"scroll","background-type":"","background-media":"","overlay-type":"","overlay-color":"","overlay-opacity":"","overlay-gradient":""},"tablet":{"background-color":"var(--ast-global-color-5)","background-image":"","background-repeat":"repeat","background-position":"center center","background-size":"auto","background-attachment":"scroll","background-type":"","background-media":"","overlay-type":"","overlay-color":"","overlay-opacity":"","overlay-gradient":""},"mobile":{"background-color":"var(--ast-global-color-5)","background-image":"","background-repeat":"repeat","background-position":"center center","background-size":"auto","background-attachment":"scroll","background-type":"","background-media":"","overlay-type":"","overlay-color":"","overlay-opacity":"","overlay-gradient":""}},"footnotes":""},"class_list":["post-1426","page","type-page","status-publish","hentry"],"aioseo_notices":[],"_links":{"self":[{"href":"https:\/\/www.copantalya.com\/it\/wp-json\/wp\/v2\/pages\/1426","targetHints":{"allow":["GET"]}}],"collection":[{"href":"https:\/\/www.copantalya.com\/it\/wp-json\/wp\/v2\/pages"}],"about":[{"href":"https:\/\/www.copantalya.com\/it\/wp-json\/wp\/v2\/types\/page"}],"author":[{"embeddable":true,"href":"https:\/\/www.copantalya.com\/it\/wp-json\/wp\/v2\/users\/1"}],"replies":[{"embeddable":true,"href":"https:\/\/www.copantalya.com\/it\/wp-json\/wp\/v2\/comments?post=1426"}],"version-history":[{"count":5,"href":"https:\/\/www.copantalya.com\/it\/wp-json\/wp\/v2\/pages\/1426\/revisions"}],"predecessor-version":[{"id":1726,"href":"https:\/\/www.copantalya.com\/it\/wp-json\/wp\/v2\/pages\/1426\/revisions\/1726"}],"wp:attachment":[{"href":"https:\/\/www.copantalya.com\/it\/wp-json\/wp\/v2\/media?parent=1426"}],"curies":[{"name":"wp","href":"https:\/\/api.w.org\/{rel}","templated":true}]}}