{"id":1434,"date":"2026-02-18T19:20:00","date_gmt":"2026-02-18T19:20:00","guid":{"rendered":"https:\/\/www.copantalya.com\/?page_id=1434"},"modified":"2026-03-02T19:25:18","modified_gmt":"2026-03-02T19:25:18","slug":"lcoy-rcoy-coy-cop","status":"publish","type":"page","link":"https:\/\/www.copantalya.com\/it\/lcoy-rcoy-coy-cop\/","title":{"rendered":"LCOY, RCOY, COY, POLIZIOTTO"},"content":{"rendered":"<div data-elementor-type=\"wp-page\" data-elementor-id=\"1434\" class=\"elementor elementor-1434\">\n\t\t\t\t<div class=\"elementor-element elementor-element-8f049ad e-flex e-con-boxed e-con e-parent\" data-id=\"8f049ad\" data-element_type=\"container\" data-e-type=\"container\" data-settings=\"{&quot;background_background&quot;:&quot;classic&quot;}\">\n\t\t\t\t\t<div class=\"e-con-inner\">\n\t\t<div class=\"elementor-element elementor-element-7d172327 e-con-full e-flex e-con e-child\" data-id=\"7d172327\" data-element_type=\"container\" data-e-type=\"container\">\n\t\t\t\t<div class=\"elementor-element elementor-element-43aff9b6 elementor-widget elementor-widget-heading\" data-id=\"43aff9b6\" data-element_type=\"widget\" data-e-type=\"widget\" data-widget_type=\"heading.default\">\n\t\t\t\t\t<h1 class=\"elementor-heading-title elementor-size-default\">LCOy, RCOY, COY, COP<\/h1>\t\t\t\t<\/div>\n\t\t\t\t<\/div>\n\t\t\t\t\t<\/div>\n\t\t\t\t<\/div>\n\t\t\t\t<section class=\"elementor-section elementor-top-section elementor-element elementor-element-222d5159 elementor-section-content-middle elementor-section-boxed elementor-section-height-default elementor-section-height-default\" data-id=\"222d5159\" data-element_type=\"section\" data-e-type=\"section\" data-settings=\"{&quot;background_background&quot;:&quot;classic&quot;}\">\n\t\t\t\t\t\t<div class=\"elementor-container elementor-column-gap-no\">\n\t\t\t\t\t<div class=\"elementor-column elementor-col-50 elementor-top-column elementor-element elementor-element-6f371f66\" data-id=\"6f371f66\" data-element_type=\"column\" data-e-type=\"column\" data-settings=\"{&quot;background_background&quot;:&quot;classic&quot;}\">\n\t\t\t<div class=\"elementor-widget-wrap elementor-element-populated\">\n\t\t\t\t\t\t<div class=\"elementor-element elementor-element-73e470cd elementor-widget elementor-widget-image\" data-id=\"73e470cd\" data-element_type=\"widget\" data-e-type=\"widget\" data-widget_type=\"image.default\">\n\t\t\t\t\t\t\t\t\t\t\t\t\t\t\t<img fetchpriority=\"high\" decoding=\"async\" width=\"1001\" height=\"1500\" src=\"https:\/\/www.copantalya.com\/wp-content\/uploads\/2026\/02\/16472-2.jpg\" class=\"attachment-full size-full wp-image-1269\" alt=\"16472 2\" srcset=\"https:\/\/www.copantalya.com\/wp-content\/uploads\/2026\/02\/16472-2.jpg 1001w, https:\/\/www.copantalya.com\/wp-content\/uploads\/2026\/02\/16472-2-200x300.jpg 200w, https:\/\/www.copantalya.com\/wp-content\/uploads\/2026\/02\/16472-2-683x1024.jpg 683w, https:\/\/www.copantalya.com\/wp-content\/uploads\/2026\/02\/16472-2-768x1151.jpg 768w\" sizes=\"(max-width: 1001px) 100vw, 1001px\" title=\"LCOY, RCOY, COY, POLIZIOTTO\">\t\t\t\t\t\t\t\t\t\t\t\t\t\t\t<\/div>\n\t\t\t\t\t<\/div>\n\t\t<\/div>\n\t\t\t\t<div class=\"elementor-column elementor-col-50 elementor-top-column elementor-element elementor-element-45069128\" data-id=\"45069128\" data-element_type=\"column\" data-e-type=\"column\">\n\t\t\t<div class=\"elementor-widget-wrap elementor-element-populated\">\n\t\t\t\t\t\t<div class=\"elementor-element elementor-element-2f1a7158 elementor-widget elementor-widget-text-editor\" data-id=\"2f1a7158\" data-element_type=\"widget\" data-e-type=\"widget\" data-widget_type=\"text-editor.default\">\n\t\t\t\t\t\t\t\t\t<p class=\"p1\">Il cambiamento climatico rappresenta una delle sfide globali pi\u00f9 urgenti del nostro tempo. L'aumento delle temperature globali, determinato principalmente dalle emissioni antropiche nell'atmosfera, ha portato a conseguenze ambientali significative, come l'innalzamento del livello del mare, la perdita di biodiversit\u00e0 e l'aumento della frequenza e della gravit\u00e0 di eventi meteorologici estremi. La lotta ai cambiamenti climatici richiede quindi un'azione urgente e coordinata.<\/p><p class=\"p1\">La ricerca scientifica e le innovazioni tecnologiche svolgono un ruolo fondamentale nel mitigare gli impatti dei cambiamenti climatici. Allo stesso tempo, una leadership politica efficace e processi decisionali inclusivi sono fondamentali per garantire che le azioni per il clima riflettano prospettive diverse. In questo contesto, la Convenzione quadro delle Nazioni Unite sui cambiamenti climatici (UNFCCC) \u00e8 la principale piattaforma internazionale in cui gli Stati cooperano per affrontare le sfide legate al clima.<\/p><p class=\"p1\">Nell'ambito dell'UNFCCC, sono stati istituiti diversi meccanismi per facilitare il dialogo e i processi decisionali. Questi includono la Conferenza delle Parti (COP), la Conferenza sui giovani (COY), la Conferenza locale sui giovani (LCOY) e la Conferenza regionale sui giovani (RCOY). Insieme, queste piattaforme formano un sistema integrato che collega i processi decisionali intergovernativi e la partecipazione dei giovani a livello locale, regionale e globale.<\/p><p class=\"p1\">Questo rapporto analizza i ruoli e le funzioni di COP, COY, LCOY e RCOY e la loro importanza nella governance climatica globale. Analizza inoltre come queste piattaforme siano interconnesse e contribuiscano insieme alla definizione delle politiche climatiche.<\/p>\t\t\t\t\t\t\t\t<\/div>\n\t\t\t\t<div class=\"elementor-element elementor-element-15e5c8cb elementor-widget-divider--view-line elementor-widget elementor-widget-divider\" data-id=\"15e5c8cb\" data-element_type=\"widget\" data-e-type=\"widget\" data-widget_type=\"divider.default\">\n\t\t\t\t\t\t\t<div class=\"elementor-divider\">\n\t\t\t<span class=\"elementor-divider-separator\">\n\t\t\t\t\t\t<\/span>\n\t\t<\/div>\n\t\t\t\t\t\t<\/div>\n\t\t\t\t<div class=\"elementor-element elementor-element-7935187e elementor-widget elementor-widget-heading\" data-id=\"7935187e\" data-element_type=\"widget\" data-e-type=\"widget\" data-widget_type=\"heading.default\">\n\t\t\t\t\t<h2 class=\"elementor-heading-title elementor-size-default\">Conferenza delle Parti (COP)<\/h2>\t\t\t\t<\/div>\n\t\t\t\t<div class=\"elementor-element elementor-element-704e7c9e elementor-widget elementor-widget-text-editor\" data-id=\"704e7c9e\" data-element_type=\"widget\" data-e-type=\"widget\" data-widget_type=\"text-editor.default\">\n\t\t\t\t\t\t\t\t\t<p class=\"p1\">La Conferenza delle Parti (COP) \u00e8 il massimo organo decisionale della Convenzione quadro delle Nazioni Unite sui cambiamenti climatici (UNFCCC), istituita nel 1992. La prima riunione della COP si \u00e8 tenuta a Berlino nel 1995 e da allora si \u00e8 riunita regolarmente ogni anno.<\/p><p class=\"p1\">Lo scopo principale delle riunioni della COP \u00e8 valutare i progressi compiuti nella lotta ai cambiamenti climatici, negoziare gli impegni internazionali e sviluppare quadri politici e linee guida per sostenere l'azione collettiva per il clima. Le riunioni della COP riuniscono rappresentanti di quasi tutti i Paesi, tra cui capi di Stato, ministri, diplomatici, scienziati e osservatori della societ\u00e0 civile.<\/p><p class=\"p1\">Gli obiettivi principali della COP comprendono la revisione dell'attuazione dell'UNFCCC, la negoziazione degli impegni di riduzione delle emissioni, la creazione di meccanismi di finanziamento per il clima, la promozione di strategie di adattamento e resilienza e il rafforzamento della trasparenza e della responsabilit\u00e0.<\/p><p class=\"p1\">Uno dei risultati pi\u00f9 importanti del processo della COP \u00e8 l'Accordo di Parigi adottato alla COP21 nel 2015. L'Accordo di Parigi mira a mantenere l'aumento della temperatura media globale ben al di sotto dei livelli preindustriali, al di sotto dei 2\u00b0C, e a limitarlo a 1,5\u00b0C se possibile. Dopo l'adozione dell'Accordo di Parigi, le Parti contraenti hanno presentato le loro Dichiarazioni di Contributo Determinato a livello Nazionale (NDC), che stabiliscono i loro impegni di riduzione delle emissioni e di mitigazione del clima. Le riunioni della COP continuano a svolgere un ruolo fondamentale nel coordinamento della lotta internazionale per il clima.<\/p>\t\t\t\t\t\t\t\t<\/div>\n\t\t\t\t<div class=\"elementor-element elementor-element-f2f010d elementor-widget-divider--view-line elementor-widget elementor-widget-divider\" data-id=\"f2f010d\" data-element_type=\"widget\" data-e-type=\"widget\" data-widget_type=\"divider.default\">\n\t\t\t\t\t\t\t<div class=\"elementor-divider\">\n\t\t\t<span class=\"elementor-divider-separator\">\n\t\t\t\t\t\t<\/span>\n\t\t<\/div>\n\t\t\t\t\t\t<\/div>\n\t\t\t\t<div class=\"elementor-element elementor-element-114846d elementor-widget elementor-widget-heading\" data-id=\"114846d\" data-element_type=\"widget\" data-e-type=\"widget\" data-widget_type=\"heading.default\">\n\t\t\t\t\t<h2 class=\"elementor-heading-title elementor-size-default\">Conferenza sui giovani (COY)<\/h2>\t\t\t\t<\/div>\n\t\t\t\t<div class=\"elementor-element elementor-element-eabbd8a elementor-widget elementor-widget-text-editor\" data-id=\"eabbd8a\" data-element_type=\"widget\" data-e-type=\"widget\" data-widget_type=\"text-editor.default\">\n\t\t\t\t\t\t\t\t\t<p class=\"p1\">La Conferenza sui giovani (COY) \u00e8 una conferenza annuale guidata dai giovani che precede le riunioni della COP. La COY \u00e8 organizzata da YOUNGO, la componente giovanile ufficiale dell'UNFCCC.<\/p><p class=\"p1\">Il COY consente ai giovani di tutto il mondo di impegnarsi nelle discussioni sui cambiamenti climatici, di sviluppare le proprie capacit\u00e0 e di contribuire alla definizione delle politiche climatiche. Il COY svolge un ruolo importante nel garantire la rappresentanza dei giovani nei negoziati internazionali sul clima.<\/p><p class=\"p1\">Attraverso i processi di sviluppo delle politiche, i partecipanti contribuiscono alla Dichiarazione Globale dei Giovani, che include richieste e proposte dei giovani e viene presentata alla COP. Il COY pone inoltre l'accento sul rafforzamento delle capacit\u00e0 organizzando workshop e sessioni di formazione sulla scienza del clima, sui processi negoziali e sulle strategie di advocacy. Inoltre, incoraggia la creazione di reti tra organizzazioni giovanili di diversi Paesi e regioni.<\/p>\t\t\t\t\t\t\t\t<\/div>\n\t\t\t\t<div class=\"elementor-element elementor-element-ca3885c elementor-widget-divider--view-line elementor-widget elementor-widget-divider\" data-id=\"ca3885c\" data-element_type=\"widget\" data-e-type=\"widget\" data-widget_type=\"divider.default\">\n\t\t\t\t\t\t\t<div class=\"elementor-divider\">\n\t\t\t<span class=\"elementor-divider-separator\">\n\t\t\t\t\t\t<\/span>\n\t\t<\/div>\n\t\t\t\t\t\t<\/div>\n\t\t\t\t<div class=\"elementor-element elementor-element-f624e34 elementor-widget elementor-widget-heading\" data-id=\"f624e34\" data-element_type=\"widget\" data-e-type=\"widget\" data-widget_type=\"heading.default\">\n\t\t\t\t\t<h2 class=\"elementor-heading-title elementor-size-default\">Conferenza locale sui giovani (LCOY)<\/h2>\t\t\t\t<\/div>\n\t\t\t\t<div class=\"elementor-element elementor-element-8e74b90 elementor-widget elementor-widget-text-editor\" data-id=\"8e74b90\" data-element_type=\"widget\" data-e-type=\"widget\" data-widget_type=\"text-editor.default\">\n\t\t\t\t\t\t\t\t\t<p class=\"p1\">La Conferenza locale dei giovani (LCOY) opera a livello nazionale ed \u00e8 organizzata da gruppi guidati da giovani nei Paesi. L'obiettivo della LCOY \u00e8 localizzare i dibattiti globali sul clima per affrontare le questioni climatiche specifiche di ogni Paese e coinvolgere i giovani nei processi politici nazionali sul clima.<\/p><p class=\"p1\">Gli obiettivi principali di LCOY comprendono l'identificazione delle questioni climatiche nazionali, la sensibilizzazione sulle politiche climatiche, la preparazione di dichiarazioni nazionali dei giovani e il rafforzamento delle reti giovanili sul clima. Le attivit\u00e0 di LCOY includono solitamente sessioni di panel, workshop, programmi di formazione e sessioni di collaborazione che contribuiscono alla difesa dei giovani sia a livello nazionale che globale.<\/p>\t\t\t\t\t\t\t\t<\/div>\n\t\t\t\t<div class=\"elementor-element elementor-element-26e3b67 elementor-widget-divider--view-line elementor-widget elementor-widget-divider\" data-id=\"26e3b67\" data-element_type=\"widget\" data-e-type=\"widget\" data-widget_type=\"divider.default\">\n\t\t\t\t\t\t\t<div class=\"elementor-divider\">\n\t\t\t<span class=\"elementor-divider-separator\">\n\t\t\t\t\t\t<\/span>\n\t\t<\/div>\n\t\t\t\t\t\t<\/div>\n\t\t\t\t<div class=\"elementor-element elementor-element-e535593 elementor-widget elementor-widget-heading\" data-id=\"e535593\" data-element_type=\"widget\" data-e-type=\"widget\" data-widget_type=\"heading.default\">\n\t\t\t\t\t<h2 class=\"elementor-heading-title elementor-size-default\">Conferenza regionale sui giovani (RCOY)<\/h2>\t\t\t\t<\/div>\n\t\t\t\t<div class=\"elementor-element elementor-element-7dfe7b1 elementor-widget elementor-widget-text-editor\" data-id=\"7dfe7b1\" data-element_type=\"widget\" data-e-type=\"widget\" data-widget_type=\"text-editor.default\">\n\t\t\t\t\t\t\t\t\t<p class=\"p1\">La Conferenza regionale dei giovani (RCOY) opera a livello regionale e riunisce i rappresentanti dei giovani di pi\u00f9 Paesi all'interno di una determinata regione geografica. La RCOY facilita la cooperazione e il coordinamento regionale agendo come piattaforma intermedia tra LCOY e COY.<\/p><p class=\"p1\">La RCOY affronta le sfide climatiche regionali comuni, consente la cooperazione transfrontaliera, prepara le dichiarazioni regionali dei giovani e sostiene lo sviluppo di strategie di advocacy regionali. Riunendo le prospettive regionali, RCOY rafforza la partecipazione dei giovani e aumenta l'efficacia della loro rappresentanza nelle piattaforme climatiche globali.<\/p>\t\t\t\t\t\t\t\t<\/div>\n\t\t\t\t\t<\/div>\n\t\t<\/div>\n\t\t\t\t\t<\/div>\n\t\t<\/section>\n\t\t\t\t<section class=\"elementor-section elementor-top-section elementor-element elementor-element-1844ad07 elementor-section-content-middle elementor-section-boxed elementor-section-height-default elementor-section-height-default\" data-id=\"1844ad07\" data-element_type=\"section\" data-e-type=\"section\" data-settings=\"{&quot;background_background&quot;:&quot;classic&quot;}\">\n\t\t\t\t\t\t<div class=\"elementor-container elementor-column-gap-no\">\n\t\t\t\t\t<div class=\"elementor-column elementor-col-50 elementor-top-column elementor-element elementor-element-c52650e\" data-id=\"c52650e\" data-element_type=\"column\" data-e-type=\"column\" data-settings=\"{&quot;background_background&quot;:&quot;classic&quot;}\">\n\t\t\t<div class=\"elementor-widget-wrap elementor-element-populated\">\n\t\t\t\t\t\t<div class=\"elementor-element elementor-element-2918675b elementor-invisible elementor-widget elementor-widget-image\" data-id=\"2918675b\" data-element_type=\"widget\" data-e-type=\"widget\" data-settings=\"{&quot;_animation&quot;:&quot;fadeInLeft&quot;}\" data-widget_type=\"image.default\">\n\t\t\t\t\t\t\t\t\t\t\t\t\t\t\t<img decoding=\"async\" width=\"1333\" height=\"2000\" src=\"https:\/\/www.copantalya.com\/wp-content\/uploads\/2026\/02\/2151587931-2.jpg\" class=\"attachment-full size-full wp-image-1181\" alt=\"2151587931 2\" srcset=\"https:\/\/www.copantalya.com\/wp-content\/uploads\/2026\/02\/2151587931-2.jpg 1333w, https:\/\/www.copantalya.com\/wp-content\/uploads\/2026\/02\/2151587931-2-200x300.jpg 200w, https:\/\/www.copantalya.com\/wp-content\/uploads\/2026\/02\/2151587931-2-682x1024.jpg 682w, https:\/\/www.copantalya.com\/wp-content\/uploads\/2026\/02\/2151587931-2-768x1152.jpg 768w, https:\/\/www.copantalya.com\/wp-content\/uploads\/2026\/02\/2151587931-2-1024x1536.jpg 1024w\" sizes=\"(max-width: 1333px) 100vw, 1333px\" title=\"LCOY, RCOY, COY, POLIZIOTTO\">\t\t\t\t\t\t\t\t\t\t\t\t\t\t\t<\/div>\n\t\t\t\t\t<\/div>\n\t\t<\/div>\n\t\t\t\t<div class=\"elementor-column elementor-col-50 elementor-top-column elementor-element elementor-element-677e2e69\" data-id=\"677e2e69\" data-element_type=\"column\" data-e-type=\"column\">\n\t\t\t<div class=\"elementor-widget-wrap elementor-element-populated\">\n\t\t\t\t\t\t<div class=\"elementor-element elementor-element-44ce0c1e elementor-invisible elementor-widget elementor-widget-heading\" data-id=\"44ce0c1e\" data-element_type=\"widget\" data-e-type=\"widget\" data-settings=\"{&quot;_animation&quot;:&quot;fadeInRight&quot;}\" data-widget_type=\"heading.default\">\n\t\t\t\t\t<h2 class=\"elementor-heading-title elementor-size-default\">La struttura interdipendente della governance climatica giovanile<\/h2>\t\t\t\t<\/div>\n\t\t\t\t<div class=\"elementor-element elementor-element-7d30c689 elementor-invisible elementor-widget elementor-widget-text-editor\" data-id=\"7d30c689\" data-element_type=\"widget\" data-e-type=\"widget\" data-settings=\"{&quot;_animation&quot;:&quot;fadeInRight&quot;,&quot;_animation_delay&quot;:500}\" data-widget_type=\"text-editor.default\">\n\t\t\t\t\t\t\t\t\t<p class=\"p1\">LCOY, RCOY, COY e COP formano una struttura di governance a pi\u00f9 livelli che collega la partecipazione dei giovani locali ai negoziati internazionali sul clima. Le dichiarazioni dei giovani preparate a livello locale vengono integrate a livello regionale e globale e contribuiscono infine alle discussioni della COP. Questo approccio inclusivo aumenta la legittimit\u00e0 e l'efficacia delle politiche climatiche.<\/p>\t\t\t\t\t\t\t\t<\/div>\n\t\t\t\t<div class=\"elementor-element elementor-element-1638a63f elementor-widget-divider--view-line elementor-invisible elementor-widget elementor-widget-divider\" data-id=\"1638a63f\" data-element_type=\"widget\" data-e-type=\"widget\" data-settings=\"{&quot;_animation&quot;:&quot;fadeInRight&quot;,&quot;_animation_delay&quot;:1000}\" data-widget_type=\"divider.default\">\n\t\t\t\t\t\t\t<div class=\"elementor-divider\">\n\t\t\t<span class=\"elementor-divider-separator\">\n\t\t\t\t\t\t<\/span>\n\t\t<\/div>\n\t\t\t\t\t\t<\/div>\n\t\t\t\t<div class=\"elementor-element elementor-element-dd6b734 elementor-invisible elementor-widget elementor-widget-heading\" data-id=\"dd6b734\" data-element_type=\"widget\" data-e-type=\"widget\" data-settings=\"{&quot;_animation&quot;:&quot;fadeInRight&quot;,&quot;_animation_delay&quot;:1500}\" data-widget_type=\"heading.default\">\n\t\t\t\t\t<h2 class=\"elementor-heading-title elementor-size-default\">Importanza e impatto<\/h2>\t\t\t\t<\/div>\n\t\t\t\t<div class=\"elementor-element elementor-element-d41b2ad elementor-invisible elementor-widget elementor-widget-text-editor\" data-id=\"d41b2ad\" data-element_type=\"widget\" data-e-type=\"widget\" data-settings=\"{&quot;_animation&quot;:&quot;fadeInRight&quot;,&quot;_animation_delay&quot;:2000}\" data-widget_type=\"text-editor.default\">\n\t\t\t\t\t\t\t\t\t<p class=\"p1\">L'istituzionalizzazione della partecipazione dei giovani alla governance climatica rivela tendenze importanti come la promozione della giustizia intergenerazionale, l'innovazione nell'advocacy e il rafforzamento della solidariet\u00e0 globale.<\/p><p class=\"p1\">Il coinvolgimento dei giovani garantisce che le politiche climatiche tengano conto degli impatti a lungo termine e riflettano prospettive diverse. Sebbene permangano diverse sfide, piattaforme come LCOY, RCOY e COY rappresentano passi importanti verso una governance del clima pi\u00f9 inclusiva e pi\u00f9 efficace.<\/p>\t\t\t\t\t\t\t\t<\/div>\n\t\t\t\t\t<\/div>\n\t\t<\/div>\n\t\t\t\t\t<\/div>\n\t\t<\/section>\n\t\t\t\t<\/div>","protected":false},"excerpt":{"rendered":"<p>LCOy, RCOY, COY, COP \u0130klim de\u011fi\u015fikli\u011fi, \u00e7a\u011f\u0131m\u0131z\u0131n en acil k\u00fcresel sorunlar\u0131ndan birini temsil etmektedir. Atmosfere sal\u0131nan insan kaynakl\u0131 (antropojenik) emisyonlar\u0131n [&hellip;]<\/p>\n","protected":false},"author":1,"featured_media":0,"parent":0,"menu_order":0,"comment_status":"closed","ping_status":"closed","template":"","meta":{"om_disable_all_campaigns":false,"_monsterinsights_skip_tracking":false,"_monsterinsights_sitenote_active":false,"_monsterinsights_sitenote_note":"","_monsterinsights_sitenote_category":0,"site-sidebar-layout":"no-sidebar","site-content-layout":"page-builder","ast-site-content-layout":"full-width-container","site-content-style":"default","site-sidebar-style":"default","ast-global-header-display":"","ast-banner-title-visibility":"","ast-main-header-display":"","ast-hfb-above-header-display":"","ast-hfb-below-header-display":"","ast-hfb-mobile-header-display":"","site-post-title":"disabled","ast-breadcrumbs-content":"","ast-featured-img":"disabled","footer-sml-layout":"","theme-transparent-header-meta":"enabled","adv-header-id-meta":"","stick-header-meta":"","header-above-stick-meta":"","header-main-stick-meta":"","header-below-stick-meta":"","astra-migrate-meta-layouts":"set","ast-page-background-enabled":"default","ast-page-background-meta":{"desktop":{"background-color":"","background-image":"","background-repeat":"repeat","background-position":"center center","background-size":"auto","background-attachment":"scroll","background-type":"","background-media":"","overlay-type":"","overlay-color":"","overlay-opacity":"","overlay-gradient":""},"tablet":{"background-color":"","background-image":"","background-repeat":"repeat","background-position":"center center","background-size":"auto","background-attachment":"scroll","background-type":"","background-media":"","overlay-type":"","overlay-color":"","overlay-opacity":"","overlay-gradient":""},"mobile":{"background-color":"","background-image":"","background-repeat":"repeat","background-position":"center center","background-size":"auto","background-attachment":"scroll","background-type":"","background-media":"","overlay-type":"","overlay-color":"","overlay-opacity":"","overlay-gradient":""}},"ast-content-background-meta":{"desktop":{"background-color":"var(--ast-global-color-5)","background-image":"","background-repeat":"repeat","background-position":"center center","background-size":"auto","background-attachment":"scroll","background-type":"","background-media":"","overlay-type":"","overlay-color":"","overlay-opacity":"","overlay-gradient":""},"tablet":{"background-color":"var(--ast-global-color-5)","background-image":"","background-repeat":"repeat","background-position":"center center","background-size":"auto","background-attachment":"scroll","background-type":"","background-media":"","overlay-type":"","overlay-color":"","overlay-opacity":"","overlay-gradient":""},"mobile":{"background-color":"var(--ast-global-color-5)","background-image":"","background-repeat":"repeat","background-position":"center center","background-size":"auto","background-attachment":"scroll","background-type":"","background-media":"","overlay-type":"","overlay-color":"","overlay-opacity":"","overlay-gradient":""}},"footnotes":""},"class_list":["post-1434","page","type-page","status-publish","hentry"],"aioseo_notices":[],"_links":{"self":[{"href":"https:\/\/www.copantalya.com\/it\/wp-json\/wp\/v2\/pages\/1434","targetHints":{"allow":["GET"]}}],"collection":[{"href":"https:\/\/www.copantalya.com\/it\/wp-json\/wp\/v2\/pages"}],"about":[{"href":"https:\/\/www.copantalya.com\/it\/wp-json\/wp\/v2\/types\/page"}],"author":[{"embeddable":true,"href":"https:\/\/www.copantalya.com\/it\/wp-json\/wp\/v2\/users\/1"}],"replies":[{"embeddable":true,"href":"https:\/\/www.copantalya.com\/it\/wp-json\/wp\/v2\/comments?post=1434"}],"version-history":[{"count":22,"href":"https:\/\/www.copantalya.com\/it\/wp-json\/wp\/v2\/pages\/1434\/revisions"}],"predecessor-version":[{"id":1673,"href":"https:\/\/www.copantalya.com\/it\/wp-json\/wp\/v2\/pages\/1434\/revisions\/1673"}],"wp:attachment":[{"href":"https:\/\/www.copantalya.com\/it\/wp-json\/wp\/v2\/media?parent=1434"}],"curies":[{"name":"wp","href":"https:\/\/api.w.org\/{rel}","templated":true}]}}