{"id":1573,"date":"2026-03-02T16:53:05","date_gmt":"2026-03-02T16:53:05","guid":{"rendered":"https:\/\/www.copantalya.com\/?page_id=1573"},"modified":"2026-03-06T18:34:54","modified_gmt":"2026-03-06T18:34:54","slug":"1-5c-hedefi","status":"publish","type":"page","link":"https:\/\/www.copantalya.com\/it\/1-5c-hedefi\/","title":{"rendered":"\u00a01,5\u00b0C Obiettivo\u00a0"},"content":{"rendered":"<div data-elementor-type=\"wp-page\" data-elementor-id=\"1573\" class=\"elementor elementor-1573\">\n\t\t\t\t<div class=\"elementor-element elementor-element-1a06fab0 e-flex e-con-boxed e-con e-parent\" data-id=\"1a06fab0\" data-element_type=\"container\" data-e-type=\"container\" data-settings=\"{&quot;background_background&quot;:&quot;classic&quot;}\">\n\t\t\t\t\t<div class=\"e-con-inner\">\n\t\t<div class=\"elementor-element elementor-element-7a60a9b4 e-con-full e-flex e-con e-child\" data-id=\"7a60a9b4\" data-element_type=\"container\" data-e-type=\"container\">\n\t\t\t\t<div class=\"elementor-element elementor-element-3cd5dba2 elementor-widget elementor-widget-heading\" data-id=\"3cd5dba2\" data-element_type=\"widget\" data-e-type=\"widget\" data-widget_type=\"heading.default\">\n\t\t\t\t\t<h1 class=\"elementor-heading-title elementor-size-default\">1,5\u00b0C Obiettivo<\/h1>\t\t\t\t<\/div>\n\t\t\t\t<div class=\"elementor-element elementor-element-7782537b elementor-widget elementor-widget-text-editor\" data-id=\"7782537b\" data-element_type=\"widget\" data-e-type=\"widget\" data-widget_type=\"text-editor.default\">\n\t\t\t\t\t\t\t\t\t<p>L'obiettivo di 1,5\u00b0C \u00e8 stato effettivamente superato? Cosa dice la scienza?<\/p>\t\t\t\t\t\t\t\t<\/div>\n\t\t\t\t<\/div>\n\t\t\t\t\t<\/div>\n\t\t\t\t<\/div>\n\t\t\t\t<section class=\"elementor-section elementor-top-section elementor-element elementor-element-665fdabd elementor-section-content-middle elementor-section-boxed elementor-section-height-default elementor-section-height-default\" data-id=\"665fdabd\" data-element_type=\"section\" data-e-type=\"section\" data-settings=\"{&quot;background_background&quot;:&quot;classic&quot;}\">\n\t\t\t\t\t\t<div class=\"elementor-container elementor-column-gap-no\">\n\t\t\t\t\t<div class=\"elementor-column elementor-col-50 elementor-top-column elementor-element elementor-element-449f5271\" data-id=\"449f5271\" data-element_type=\"column\" data-e-type=\"column\" data-settings=\"{&quot;background_background&quot;:&quot;classic&quot;}\">\n\t\t\t<div class=\"elementor-widget-wrap elementor-element-populated\">\n\t\t\t\t\t\t<div class=\"elementor-element elementor-element-2dc8297f elementor-widget elementor-widget-image\" data-id=\"2dc8297f\" data-element_type=\"widget\" data-e-type=\"widget\" data-widget_type=\"image.default\">\n\t\t\t\t\t\t\t\t\t\t\t\t\t\t\t<img fetchpriority=\"high\" decoding=\"async\" width=\"1558\" height=\"2175\" src=\"https:\/\/www.copantalya.com\/wp-content\/uploads\/2026\/02\/3145-2-1.jpg\" class=\"attachment-full size-full wp-image-1480\" alt=\"3145 2 (1)\" srcset=\"https:\/\/www.copantalya.com\/wp-content\/uploads\/2026\/02\/3145-2-1.jpg 1558w, https:\/\/www.copantalya.com\/wp-content\/uploads\/2026\/02\/3145-2-1-215x300.jpg 215w, https:\/\/www.copantalya.com\/wp-content\/uploads\/2026\/02\/3145-2-1-734x1024.jpg 734w, https:\/\/www.copantalya.com\/wp-content\/uploads\/2026\/02\/3145-2-1-768x1072.jpg 768w, https:\/\/www.copantalya.com\/wp-content\/uploads\/2026\/02\/3145-2-1-1100x1536.jpg 1100w, https:\/\/www.copantalya.com\/wp-content\/uploads\/2026\/02\/3145-2-1-1467x2048.jpg 1467w\" sizes=\"(max-width: 1558px) 100vw, 1558px\" title=\"\u00a01,5\u00b0C Obiettivo\u00a0\">\t\t\t\t\t\t\t\t\t\t\t\t\t\t\t<\/div>\n\t\t\t\t\t<\/div>\n\t\t<\/div>\n\t\t\t\t<div class=\"elementor-column elementor-col-50 elementor-top-column elementor-element elementor-element-110ff62b\" data-id=\"110ff62b\" data-element_type=\"column\" data-e-type=\"column\">\n\t\t\t<div class=\"elementor-widget-wrap elementor-element-populated\">\n\t\t\t\t\t\t<div class=\"elementor-element elementor-element-60756c86 elementor-widget elementor-widget-text-editor\" data-id=\"60756c86\" data-element_type=\"widget\" data-e-type=\"widget\" data-widget_type=\"text-editor.default\">\n\t\t\t\t\t\t\t\t\t<p><span class=\"Apple-converted-space\">\u00a0<\/span>La questione se l'attuale percorso verso l'obiettivo di un grado e mezzo sia stato esaurito \u00e8 in una fase critica alla luce dei risultati presentati dagli esperti. Le misurazioni attuali indicano che questo limite sta per essere superato. L'aumento della temperatura \u00e8 al centro dell'Accordo di Parigi e i dati delle Nazioni Unite lo dimostrano. Questa cifra non \u00e8 solo un obiettivo, ma un limite rigido per la protezione degli ecosistemi. Negli ultimi dodici mesi, questa linea \u00e8 stata molto vicina, e in alcuni periodi anche brevemente superata. La realt\u00e0 \u00e8 che il limite non \u00e8 pi\u00f9 lontano.<span class=\"Apple-converted-space\">\u00a0<\/span><\/p>\t\t\t\t\t\t\t\t<\/div>\n\t\t\t\t<div class=\"elementor-element elementor-element-618e276 elementor-widget-divider--view-line elementor-widget elementor-widget-divider\" data-id=\"618e276\" data-element_type=\"widget\" data-e-type=\"widget\" data-widget_type=\"divider.default\">\n\t\t\t\t\t\t\t<div class=\"elementor-divider\">\n\t\t\t<span class=\"elementor-divider-separator\">\n\t\t\t\t\t\t<\/span>\n\t\t<\/div>\n\t\t\t\t\t\t<\/div>\n\t\t\t\t<div class=\"elementor-element elementor-element-40c11df0 elementor-widget elementor-widget-heading\" data-id=\"40c11df0\" data-element_type=\"widget\" data-e-type=\"widget\" data-widget_type=\"heading.default\">\n\t\t\t\t\t<h2 class=\"elementor-heading-title elementor-size-default\">Che cos'\u00e8 l'obiettivo di 1,5\u00b0C?<\/h2>\t\t\t\t<\/div>\n\t\t\t\t<div class=\"elementor-element elementor-element-42b33c31 elementor-widget elementor-widget-text-editor\" data-id=\"42b33c31\" data-element_type=\"widget\" data-e-type=\"widget\" data-widget_type=\"text-editor.default\">\n\t\t\t\t\t\t\t\t\t<p><span class=\"Apple-converted-space\">\u00a0<\/span>Questo limite di 1,5 gradi, indicato nell'Accordo di Parigi, indica di quanto non dovrebbe aumentare la temperatura globale rispetto agli anni preindustriali. Gli scienziati lo considerano un limite importante per evitare la distruzione degli equilibri naturali. Se le temperature dovessero aumentare oltre questo limite, molte forme di vita sarebbero seriamente compromesse.<span class=\"Apple-converted-space\">\u00a0<\/span><\/p>\t\t\t\t\t\t\t\t<\/div>\n\t\t\t\t<div class=\"elementor-element elementor-element-b29b755 elementor-widget-divider--view-line elementor-widget elementor-widget-divider\" data-id=\"b29b755\" data-element_type=\"widget\" data-e-type=\"widget\" data-widget_type=\"divider.default\">\n\t\t\t\t\t\t\t<div class=\"elementor-divider\">\n\t\t\t<span class=\"elementor-divider-separator\">\n\t\t\t\t\t\t<\/span>\n\t\t<\/div>\n\t\t\t\t\t\t<\/div>\n\t\t\t\t<div class=\"elementor-element elementor-element-548ad0c elementor-widget elementor-widget-heading\" data-id=\"548ad0c\" data-element_type=\"widget\" data-e-type=\"widget\" data-widget_type=\"heading.default\">\n\t\t\t\t\t<h2 class=\"elementor-heading-title elementor-size-default\">Perch\u00e9 1,5 gradi?<\/h2>\t\t\t\t<\/div>\n\t\t\t\t<div class=\"elementor-element elementor-element-52da8e6 elementor-widget elementor-widget-text-editor\" data-id=\"52da8e6\" data-element_type=\"widget\" data-e-type=\"widget\" data-widget_type=\"text-editor.default\">\n\t\t\t\t\t\t\t\t\t<p>Quando si raggiungeranno i punti di rottura, il sistema climatico sar\u00e0 danneggiato in modo irreversibile.<br \/>Si prevede l'avvio di processi che potrebbero influenzare il clima. Con anche solo mezzo grado in pi\u00f9 - 2\u00b0C invece di 1,5\u00b0C - i ghiacciai si sciolgono rapidamente e le zone di siccit\u00e0 si espandono. Con un grado e mezzo di temperatura, il settanta-novanta per cento delle barriere coralline risulterebbe danneggiato, mentre con due gradi Celsius il danno si estenderebbe a quasi tutte le barriere. Il caldo estremo sperimentato da alcune persone diventa molto pi\u00f9 grave con un aumento della temperatura di 2\u00b0C. In questo caso, il numero di persone colpite \u00e8 quasi due volte e mezzo pi\u00f9 alto rispetto a un aumento di 1,5\u00b0C. Un Oceano Artico non ricoperto di ghiaccio in estate pu\u00f2 verificarsi solo una volta ogni cento anni se la temperatura raggiunge 1,5 gradi Celsius; con due gradi Celsius, ci\u00f2 avverrebbe una volta ogni dieci anni.<br \/>\u00e8 previsto.<\/p>\t\t\t\t\t\t\t\t<\/div>\n\t\t\t\t\t<\/div>\n\t\t<\/div>\n\t\t\t\t\t<\/div>\n\t\t<\/section>\n\t\t<div class=\"elementor-element elementor-element-392e95ed e-flex e-con-boxed e-con e-parent\" data-id=\"392e95ed\" data-element_type=\"container\" data-e-type=\"container\">\n\t\t\t\t\t<div class=\"e-con-inner\">\n\t\t<div class=\"elementor-element elementor-element-18520035 e-con-full e-flex e-con e-child\" data-id=\"18520035\" data-element_type=\"container\" data-e-type=\"container\">\n\t\t\t\t<div class=\"elementor-element elementor-element-3de384e0 elementor-invisible elementor-widget elementor-widget-heading\" data-id=\"3de384e0\" data-element_type=\"widget\" data-e-type=\"widget\" data-settings=\"{&quot;_animation&quot;:&quot;fadeInLeft&quot;}\" data-widget_type=\"heading.default\">\n\t\t\t\t\t<h2 class=\"elementor-heading-title elementor-size-default\">Misure scientifiche<\/h2>\t\t\t\t<\/div>\n\t\t\t\t<div class=\"elementor-element elementor-element-167e3cc2 elementor-invisible elementor-widget elementor-widget-text-editor\" data-id=\"167e3cc2\" data-element_type=\"widget\" data-e-type=\"widget\" data-settings=\"{&quot;_animation&quot;:&quot;fadeInLeft&quot;,&quot;_animation_delay&quot;:1000}\" data-widget_type=\"text-editor.default\">\n\t\t\t\t\t\t\t\t\t<p>Gli scienziati hanno da tempo riconosciuto che il clima sta cambiando. Recenti misurazioni mostrano l'aumento delle temperature. Questo aumento \u00e8 in gran parte dovuto alle fabbriche e ai veicoli. Questo processo, intensificatosi soprattutto nell'ultimo secolo, ha avuto un impatto diretto. Secondo i risultati delle misurazioni, la differenza \u00e8 ormai evidente. I valori di temperatura sono chiaramente diversi da quelli precedenti. I gas di origine antropica svolgono un ruolo fondamentale. Il cambiamento osservato non pu\u00f2 essere spiegato solo dai cicli naturali. I dati mostrano anche che il processo sta accelerando rispetto ai decenni precedenti.<span class=\"Apple-converted-space\">\u00a0<\/span><\/p><p>L'aumento \u00e8 di circa 1,1-1,2 gradi Celsius e i principali rapporti lo confermano. Queste cifre sono state ripetutamente verificate nelle fonti.<span class=\"Apple-converted-space\">\u00a0<\/span><\/p>\t\t\t\t\t\t\t\t<\/div>\n\t\t\t\t<div class=\"elementor-element elementor-element-1a5196f elementor-invisible elementor-widget elementor-widget-heading\" data-id=\"1a5196f\" data-element_type=\"widget\" data-e-type=\"widget\" data-settings=\"{&quot;_animation&quot;:&quot;fadeInLeft&quot;}\" data-widget_type=\"heading.default\">\n\t\t\t\t\t<h2 class=\"elementor-heading-title elementor-size-default\">Stato delle emissioni<\/h2>\t\t\t\t<\/div>\n\t\t\t\t<div class=\"elementor-element elementor-element-4f4bc9a elementor-invisible elementor-widget elementor-widget-text-editor\" data-id=\"4f4bc9a\" data-element_type=\"widget\" data-e-type=\"widget\" data-settings=\"{&quot;_animation&quot;:&quot;fadeInLeft&quot;,&quot;_animation_delay&quot;:1000}\" data-widget_type=\"text-editor.default\">\n\t\t\t\t\t\t\t\t\t<p>Dove il carbonio si esaurisce, la temperatura non smette di aumentare. L'anidride carbonica emessa oggi nel mondo, circa quaranta miliardi di tonnellate, provoca ogni anno una rapida diminuzione di questo bacino. Per mantenere il limite di 1,5 gradi Celsius, sembra che quello che abbiamo non sar\u00e0 sufficiente. La frazione utilizzabile probabilmente si azzerer\u00e0 prima o poi, e gli esperti dicono che ci\u00f2 potrebbe accadere prima del 2030. Il tempo scorre e il conteggio continua. In alcuni mesi, soprattutto tra il 2023 e il 2024, le temperature misurate in tutto il mondo hanno brevemente superato gli 1,5 gradi Celsius. Tuttavia, quando gli esperti parlano di questa situazione, si basano sulla media di vent'anni.<span class=\"Apple-converted-space\">\u00a0<\/span><\/p>\t\t\t\t\t\t\t\t<\/div>\n\t\t\t\t<div class=\"elementor-element elementor-element-b968c02 elementor-invisible elementor-widget elementor-widget-heading\" data-id=\"b968c02\" data-element_type=\"widget\" data-e-type=\"widget\" data-settings=\"{&quot;_animation&quot;:&quot;fadeInLeft&quot;}\" data-widget_type=\"heading.default\">\n\t\t\t\t\t<h2 class=\"elementor-heading-title elementor-size-default\">Dati disponibili<\/h2>\t\t\t\t<\/div>\n\t\t\t\t<div class=\"elementor-element elementor-element-79e8998 elementor-invisible elementor-widget elementor-widget-text-editor\" data-id=\"79e8998\" data-element_type=\"widget\" data-e-type=\"widget\" data-settings=\"{&quot;_animation&quot;:&quot;fadeInLeft&quot;,&quot;_animation_delay&quot;:1000}\" data-widget_type=\"text-editor.default\">\n\t\t\t\t\t\t\t\t\t<p>Analizzando gli eventi meteorologici futuri, l'Organizzazione meteorologica mondiale e il Servizio Copernico per i cambiamenti climatici dell'Unione europea hanno confermato che il 2023 sar\u00e0 l'anno pi\u00f9 caldo di sempre. Le informazioni pubblicate si basano sui dati relativi al gennaio 2024. Negli ultimi dodici mesi, le temperature medie globali sono aumentate di 1,52\u00b0C rispetto all'epoca preindustriale. In altre parole, per la prima volta \u00e8 stata superata la soglia di 1,5\u00b0C nel breve periodo. Sebbene la media di vent'anni sia il punto chiave, anche 12 mesi forniscono indizi notevoli. Osservando la tendenza, l'aumento della temperatura sta procedendo ben oltre le aspettative. Nel frattempo, secondo il quadro tracciato dall'IPCC, se le regole attuali non cambieranno, il limite rimarr\u00e0 indietro fino al 2030.<span class=\"Apple-converted-space\">\u00a0<\/span><\/p>\t\t\t\t\t\t\t\t<\/div>\n\t\t\t\t<div class=\"elementor-element elementor-element-ea75b19 elementor-invisible elementor-widget elementor-widget-heading\" data-id=\"ea75b19\" data-element_type=\"widget\" data-e-type=\"widget\" data-settings=\"{&quot;_animation&quot;:&quot;fadeInLeft&quot;}\" data-widget_type=\"heading.default\">\n\t\t\t\t\t<h2 class=\"elementor-heading-title elementor-size-default\">Il divario di emissioni e l'economia<\/h2>\t\t\t\t<\/div>\n\t\t\t\t<div class=\"elementor-element elementor-element-e749593 elementor-invisible elementor-widget elementor-widget-text-editor\" data-id=\"e749593\" data-element_type=\"widget\" data-e-type=\"widget\" data-settings=\"{&quot;_animation&quot;:&quot;fadeInLeft&quot;,&quot;_animation_delay&quot;:1000}\" data-widget_type=\"text-editor.default\">\n\t\t\t\t\t\t\t\t\t<p>K\u00fcresel sal\u0131n\u0131mlar azalmak yerine art\u0131\u015f e\u011filimindedir. Halbuki 2030\u2019a dek bu de\u011ferlerin %43 gerilemesi gerekti\u011fi hesaplanmaktad\u0131r. \u015eu anda y\u00fcr\u00fcrl\u00fckte olan kurallar alt\u0131nda, y\u00fczy\u0131l sonunda d\u00fcnya s\u0131cakl\u0131\u011f\u0131n\u0131n yakla\u015f\u0131k 2.5\u00b0C ile 2.9\u00b0C y\u00fckselmesi beklenmektedir. Bu durum Birle\u015fmi\u015f Milletler\u2019in \u00e7evre kolu taraf\u0131ndan haz\u0131rlanan raporda a\u00e7\u0131k\u00e7a ortaya konmaktad\u0131r. Ekonominin dengesi, 1.5 derece s\u0131n\u0131r\u0131n\u0131n geride kalmas\u0131 halinde ciddi sars\u0131nt\u0131 ya\u015fayacakt\u0131r. 2024 verilerine dayal\u0131 finansal hesaplamalar, do\u011fal afetlerin k\u00fcresel gelire y\u0131ll\u0131k maliyetinin milyarlarca dolara ula\u015ft\u0131\u011f\u0131n\u0131 g\u00f6stermektedir. S\u0131cakl\u0131k iki derece daha t\u0131rman\u0131rsa, GSY\u0130H&#8217;\u0131n onda birinden fazlas\u0131n\u0131 kaybetmek s\u00f6z konusudur.<span class=\"Apple-converted-space\">\u00a0<\/span><\/p>\t\t\t\t\t\t\t\t<\/div>\n\t\t\t\t<div class=\"elementor-element elementor-element-0aa4b6f elementor-invisible elementor-widget elementor-widget-heading\" data-id=\"0aa4b6f\" data-element_type=\"widget\" data-e-type=\"widget\" data-settings=\"{&quot;_animation&quot;:&quot;fadeInLeft&quot;}\" data-widget_type=\"heading.default\">\n\t\t\t\t\t<h2 class=\"elementor-heading-title elementor-size-default\">Processi di intervento e adattamento<\/h2>\t\t\t\t<\/div>\n\t\t\t\t<div class=\"elementor-element elementor-element-7c12c80 elementor-invisible elementor-widget elementor-widget-text-editor\" data-id=\"7c12c80\" data-element_type=\"widget\" data-e-type=\"widget\" data-settings=\"{&quot;_animation&quot;:&quot;fadeInLeft&quot;,&quot;_animation_delay&quot;:1000}\" data-widget_type=\"text-editor.default\">\n\t\t\t\t\t\t\t\t\t<p>Gli scienziati ritengono che un limite di 1,5\u00b0C sia tecnicamente raggiungibile, ma manca lo slancio politico. Per rispettare questa tabella di marcia, i metodi di rimozione del carbonio devono progredire pi\u00f9 rapidamente. Se il sostegno al clima aumenta nelle regioni impoverite, potrebbe essere possibile mantenere l'equilibrio globale. Migliorare i sistemi energetici<span class=\"Apple-converted-space\">\u00a0<\/span><\/p><p>cambiamento \u00e8 diventato una necessit\u00e0 per le generazioni future. Le normative dell'industria non solo proteggono la natura, ma determinano anche la resilienza dell'economia.<span class=\"Apple-converted-space\">\u00a0<\/span><\/p>\t\t\t\t\t\t\t\t<\/div>\n\t\t\t\t<div class=\"elementor-element elementor-element-d274ba1 elementor-invisible elementor-widget elementor-widget-heading\" data-id=\"d274ba1\" data-element_type=\"widget\" data-e-type=\"widget\" data-settings=\"{&quot;_animation&quot;:&quot;fadeInLeft&quot;}\" data-widget_type=\"heading.default\">\n\t\t\t\t\t<h2 class=\"elementor-heading-title elementor-size-default\">Conclusione<\/h2>\t\t\t\t<\/div>\n\t\t\t\t<div class=\"elementor-element elementor-element-ebe836f elementor-invisible elementor-widget elementor-widget-text-editor\" data-id=\"ebe836f\" data-element_type=\"widget\" data-e-type=\"widget\" data-settings=\"{&quot;_animation&quot;:&quot;fadeInLeft&quot;,&quot;_animation_delay&quot;:1000}\" data-widget_type=\"text-editor.default\">\n\t\t\t\t\t\t\t\t\t<p>Alcuni pensano che il limite di 1,5\u00b0C sia gi\u00e0 stato superato, ma scientificamente questo punto non \u00e8 ancora stato raggiunto. Ogni aumento della temperatura aggrava i disastri, indebolisce la natura e sconvolge i processi economici. La questione se i governi agiranno in modo scientifico e lasceranno un mondo abitabile alle generazioni future \u00e8 una responsabilit\u00e0 fondamentale delle strutture decisionali di oggi.<span class=\"Apple-converted-space\">\u00a0<\/span><\/p>\t\t\t\t\t\t\t\t<\/div>\n\t\t\t\t<\/div>\n\t\t\t\t\t<\/div>\n\t\t\t\t<\/div>\n\t\t\t\t<\/div>","protected":false},"excerpt":{"rendered":"<p>1.5\u00b0C Hedefi 1.5\u00b0C Hedefi Fiilen A\u015f\u0131ld\u0131 m\u0131? Bilim Ne Diyor? \u00a0Bir bu\u00e7uk derece hedefine y\u00f6nelik mevcut yolun t\u00fckenip t\u00fckenmedi\u011fi konusu, [&hellip;]<\/p>\n","protected":false},"author":1,"featured_media":0,"parent":0,"menu_order":0,"comment_status":"closed","ping_status":"closed","template":"","meta":{"om_disable_all_campaigns":false,"_monsterinsights_skip_tracking":false,"_monsterinsights_sitenote_active":false,"_monsterinsights_sitenote_note":"","_monsterinsights_sitenote_category":0,"site-sidebar-layout":"no-sidebar","site-content-layout":"page-builder","ast-site-content-layout":"full-width-container","site-content-style":"default","site-sidebar-style":"default","ast-global-header-display":"","ast-banner-title-visibility":"","ast-main-header-display":"","ast-hfb-above-header-display":"","ast-hfb-below-header-display":"","ast-hfb-mobile-header-display":"","site-post-title":"disabled","ast-breadcrumbs-content":"","ast-featured-img":"disabled","footer-sml-layout":"","theme-transparent-header-meta":"enabled","adv-header-id-meta":"","stick-header-meta":"","header-above-stick-meta":"","header-main-stick-meta":"","header-below-stick-meta":"","astra-migrate-meta-layouts":"set","ast-page-background-enabled":"default","ast-page-background-meta":{"desktop":{"background-color":"","background-image":"","background-repeat":"repeat","background-position":"center center","background-size":"auto","background-attachment":"scroll","background-type":"","background-media":"","overlay-type":"","overlay-color":"","overlay-opacity":"","overlay-gradient":""},"tablet":{"background-color":"","background-image":"","background-repeat":"repeat","background-position":"center center","background-size":"auto","background-attachment":"scroll","background-type":"","background-media":"","overlay-type":"","overlay-color":"","overlay-opacity":"","overlay-gradient":""},"mobile":{"background-color":"","background-image":"","background-repeat":"repeat","background-position":"center center","background-size":"auto","background-attachment":"scroll","background-type":"","background-media":"","overlay-type":"","overlay-color":"","overlay-opacity":"","overlay-gradient":""}},"ast-content-background-meta":{"desktop":{"background-color":"var(--ast-global-color-5)","background-image":"","background-repeat":"repeat","background-position":"center center","background-size":"auto","background-attachment":"scroll","background-type":"","background-media":"","overlay-type":"","overlay-color":"","overlay-opacity":"","overlay-gradient":""},"tablet":{"background-color":"var(--ast-global-color-5)","background-image":"","background-repeat":"repeat","background-position":"center center","background-size":"auto","background-attachment":"scroll","background-type":"","background-media":"","overlay-type":"","overlay-color":"","overlay-opacity":"","overlay-gradient":""},"mobile":{"background-color":"var(--ast-global-color-5)","background-image":"","background-repeat":"repeat","background-position":"center center","background-size":"auto","background-attachment":"scroll","background-type":"","background-media":"","overlay-type":"","overlay-color":"","overlay-opacity":"","overlay-gradient":""}},"footnotes":""},"class_list":["post-1573","page","type-page","status-publish","hentry"],"aioseo_notices":[],"_links":{"self":[{"href":"https:\/\/www.copantalya.com\/it\/wp-json\/wp\/v2\/pages\/1573","targetHints":{"allow":["GET"]}}],"collection":[{"href":"https:\/\/www.copantalya.com\/it\/wp-json\/wp\/v2\/pages"}],"about":[{"href":"https:\/\/www.copantalya.com\/it\/wp-json\/wp\/v2\/types\/page"}],"author":[{"embeddable":true,"href":"https:\/\/www.copantalya.com\/it\/wp-json\/wp\/v2\/users\/1"}],"replies":[{"embeddable":true,"href":"https:\/\/www.copantalya.com\/it\/wp-json\/wp\/v2\/comments?post=1573"}],"version-history":[{"count":31,"href":"https:\/\/www.copantalya.com\/it\/wp-json\/wp\/v2\/pages\/1573\/revisions"}],"predecessor-version":[{"id":1730,"href":"https:\/\/www.copantalya.com\/it\/wp-json\/wp\/v2\/pages\/1573\/revisions\/1730"}],"wp:attachment":[{"href":"https:\/\/www.copantalya.com\/it\/wp-json\/wp\/v2\/media?parent=1573"}],"curies":[{"name":"wp","href":"https:\/\/api.w.org\/{rel}","templated":true}]}}