{"id":1731,"date":"2026-03-06T18:40:01","date_gmt":"2026-03-06T18:40:01","guid":{"rendered":"https:\/\/www.copantalya.com\/?page_id=1731"},"modified":"2026-03-06T18:43:51","modified_gmt":"2026-03-06T18:43:51","slug":"iklim-gocu-2050de-sinirlar-nasil-degisecek","status":"publish","type":"page","link":"https:\/\/www.copantalya.com\/it\/iklim-gocu-2050de-sinirlar-nasil-degisecek\/","title":{"rendered":"\u00a0Migrazione climatica: Come cambieranno i confini nel 2050?\u00a0"},"content":{"rendered":"<div data-elementor-type=\"wp-page\" data-elementor-id=\"1731\" class=\"elementor elementor-1731\">\n\t\t\t\t<div class=\"elementor-element elementor-element-405e8f9 e-flex e-con-boxed e-con e-parent\" data-id=\"405e8f9\" data-element_type=\"container\" data-e-type=\"container\" data-settings=\"{&quot;background_background&quot;:&quot;classic&quot;}\">\n\t\t\t\t\t<div class=\"e-con-inner\">\n\t\t<div class=\"elementor-element elementor-element-5268a121 e-con-full e-flex e-con e-child\" data-id=\"5268a121\" data-element_type=\"container\" data-e-type=\"container\">\n\t\t\t\t<div class=\"elementor-element elementor-element-43afef02 elementor-widget elementor-widget-heading\" data-id=\"43afef02\" data-element_type=\"widget\" data-e-type=\"widget\" data-widget_type=\"heading.default\">\n\t\t\t\t\t<h1 class=\"elementor-heading-title elementor-size-default\">Migrazione climatica: Come cambieranno i confini nel 2050?<\/h1>\t\t\t\t<\/div>\n\t\t\t\t<\/div>\n\t\t\t\t\t<\/div>\n\t\t\t\t<\/div>\n\t\t\t\t<section class=\"elementor-section elementor-top-section elementor-element elementor-element-4f737597 elementor-section-content-middle elementor-section-boxed elementor-section-height-default elementor-section-height-default\" data-id=\"4f737597\" data-element_type=\"section\" data-e-type=\"section\" data-settings=\"{&quot;background_background&quot;:&quot;classic&quot;}\">\n\t\t\t\t\t\t<div class=\"elementor-container elementor-column-gap-no\">\n\t\t\t\t\t<div class=\"elementor-column elementor-col-50 elementor-top-column elementor-element elementor-element-710c19d8\" data-id=\"710c19d8\" data-element_type=\"column\" data-e-type=\"column\" data-settings=\"{&quot;background_background&quot;:&quot;classic&quot;}\">\n\t\t\t<div class=\"elementor-widget-wrap elementor-element-populated\">\n\t\t\t\t\t\t<div class=\"elementor-element elementor-element-40cba7f8 elementor-invisible elementor-widget elementor-widget-image\" data-id=\"40cba7f8\" data-element_type=\"widget\" data-e-type=\"widget\" data-settings=\"{&quot;_animation&quot;:&quot;fadeInLeft&quot;}\" data-widget_type=\"image.default\">\n\t\t\t\t\t\t\t\t\t\t\t\t\t\t\t<img fetchpriority=\"high\" decoding=\"async\" width=\"1333\" height=\"2000\" src=\"https:\/\/www.copantalya.com\/wp-content\/uploads\/2026\/02\/2151587931-2.jpg\" class=\"attachment-full size-full wp-image-1181\" alt=\"2151587931 2\" srcset=\"https:\/\/www.copantalya.com\/wp-content\/uploads\/2026\/02\/2151587931-2.jpg 1333w, https:\/\/www.copantalya.com\/wp-content\/uploads\/2026\/02\/2151587931-2-200x300.jpg 200w, https:\/\/www.copantalya.com\/wp-content\/uploads\/2026\/02\/2151587931-2-682x1024.jpg 682w, https:\/\/www.copantalya.com\/wp-content\/uploads\/2026\/02\/2151587931-2-768x1152.jpg 768w, https:\/\/www.copantalya.com\/wp-content\/uploads\/2026\/02\/2151587931-2-1024x1536.jpg 1024w\" sizes=\"(max-width: 1333px) 100vw, 1333px\" title=\"\u00a0Migrazione climatica: Come cambieranno i confini nel 2050?\u00a0\">\t\t\t\t\t\t\t\t\t\t\t\t\t\t\t<\/div>\n\t\t\t\t\t<\/div>\n\t\t<\/div>\n\t\t\t\t<div class=\"elementor-column elementor-col-50 elementor-top-column elementor-element elementor-element-279864f7\" data-id=\"279864f7\" data-element_type=\"column\" data-e-type=\"column\">\n\t\t\t<div class=\"elementor-widget-wrap elementor-element-populated\">\n\t\t\t\t\t\t<div class=\"elementor-element elementor-element-30dc80e4 elementor-invisible elementor-widget elementor-widget-text-editor\" data-id=\"30dc80e4\" data-element_type=\"widget\" data-e-type=\"widget\" data-settings=\"{&quot;_animation&quot;:&quot;fadeInRight&quot;,&quot;_animation_delay&quot;:500}\" data-widget_type=\"text-editor.default\">\n\t\t\t\t\t\t\t\t\t<p><span class=\"Apple-converted-space\">\u00a0<\/span>Il rapporto IPCC pubblicato nel 2023 e i risultati della COP21 hanno rivelato che la soglia di 1,5 gradi fissata nel 2018 sar\u00e0 probabilmente superata nei primi anni 2030 se le attuali tendenze delle emissioni continueranno. Se non si eviter\u00e0 un peggioramento della situazione attuale, si prevedono pericoli come lo scioglimento delle calotte polari, l'innalzamento del livello delle acque e l'inondazione di molte citt\u00e0. Per questo motivo, si prevede che milioni di persone rischieranno di rimanere senza casa. Vediamo i riflessi di questa situazione nel mondo giuridico con la discussione dei concetti di rifugiato climatico e passaporto climatico e, come inevitabile conseguenza, come cambieranno i confini climatici. Soprattutto il bacino del Mediterraneo, definito \u2019hotspot\u2019, \u00e8 tra le regioni che presentano i maggiori pericoli, vista la sua importanza economica e politica.<span class=\"Apple-converted-space\">\u00a0<br \/><\/span><\/p><p><span class=\"Apple-converted-space\">\u00a0<\/span>Secondo la Banca Mondiale, gli spostamenti indotti dal clima potrebbero interessare fino a 143 milioni di persone nel Sud globale entro il 2050 e il Mediterraneo potrebbe fungere da corridoio di transito strategico per i flussi migratori verso nord. In Medio Oriente, la crescente scarsit\u00e0 d'acqua sta gi\u00e0 alimentando la migrazione interna.<span class=\"Apple-converted-space\">\u00a0<\/span><\/p><p>Secondo il Sesto Rapporto di Valutazione del Gruppo Intergovernativo sui Cambiamenti Climatici, il bacino del Mediterraneo corre il rischio di un'esacerbazione della siccit\u00e0 estiva, di una diminuzione dell'umidit\u00e0 del suolo e di un aumento della pressione sulle risorse idriche anche in scenari di emissioni medie. Nella regione del Medio Oriente e del Nord Africa (MENA), la quantit\u00e0 di acqua pro capite \u00e8 gi\u00e0 bassa e si prevede che diminuir\u00e0 ulteriormente con il cambiamento climatico.<span class=\"Apple-converted-space\">\u00a0<\/span><\/p><p><span class=\"Apple-converted-space\">\u00a0<\/span><\/p>\t\t\t\t\t\t\t\t<\/div>\n\t\t\t\t\t<\/div>\n\t\t<\/div>\n\t\t\t\t\t<\/div>\n\t\t<\/section>\n\t\t<div class=\"elementor-element elementor-element-5dfe6cba e-flex e-con-boxed e-con e-parent\" data-id=\"5dfe6cba\" data-element_type=\"container\" data-e-type=\"container\">\n\t\t\t\t\t<div class=\"e-con-inner\">\n\t\t\t\t<div class=\"elementor-element elementor-element-42793d2e elementor-invisible elementor-widget elementor-widget-text-editor\" data-id=\"42793d2e\" data-element_type=\"widget\" data-e-type=\"widget\" data-settings=\"{&quot;_animation&quot;:&quot;fadeInLeft&quot;,&quot;_animation_delay&quot;:1000}\" data-widget_type=\"text-editor.default\">\n\t\t\t\t\t\t\t\t\t<p><span class=\"Apple-converted-space\">\u00a0<\/span>Il rapporto Groundswell pubblicato dalla Banca Mondiale modella le conseguenze demografiche di queste proiezioni ecologiche. Secondo il rapporto, entro il 2050, milioni di persone nella regione MENA potrebbero essere costrette a trasferirsi all'interno del Paese a causa degli impatti climatici. La migrazione avviene per lo pi\u00f9 dalle aree rurali ai centri urbani. In questo caso, il fenomeno dei \u2019rifugiati climatici\u201d \u00e8 all'ordine del giorno.<span class=\"Apple-converted-space\">\u00a0<\/span><\/p><p>Il quadro giuridico internazionale esistente offre una protezione limitata a queste nuove forme di mobilit\u00e0. La Convenzione sui rifugiati del 1951 non riconosce esplicitamente lo spostamento indotto dal clima, lasciando i cosiddetti \u201crifugiati climatici\u201d in un vuoto normativo. Sebbene decisioni come Teitiota contro la Nuova Zelanda abbiano riconosciuto che l'estremo degrado ambientale pu\u00f2 far scattare l'obbligo di non respingimento in alcune circostanze, non \u00e8 stato stabilito uno status giuridico separato per gli sfollati climatici. Sebbene le proposte di ampliare la definizione di rifugiato o di creare una categoria separata di \u201crifugiato climatico\u201d mirino a colmare questa lacuna, non \u00e8 ancora emersa una normativa globale vincolante. Pertanto<span class=\"Apple-converted-space\">\u00a0<\/span>I regimi esistenti in materia di diritti umani non tutelano i diritti dei rifugiati climatici, che sono attualmente e si prevede diventeranno un problema pi\u00f9 grande in futuro.<span class=\"Apple-converted-space\">\u00a0<\/span><\/p><p>Un approccio pi\u00f9 innovativo e lungimirante in questo contesto \u00e8 l'idea di un \u201cpassaporto climatico\u201d. Questo concetto si riferisce a un documento legale che darebbe alle persone provenienti da regioni rese inabitabili dagli impatti climatici il diritto alla mobilit\u00e0 transfrontaliera e potenzialmente all'accesso al mercato del lavoro. Piuttosto che ridisegnare i confini su una mappa, tali accordi mirano a ridefinire il modo in cui le frontiere risponderanno allo sfollamento indotto dal clima che, visti gli scenari attuali, pu\u00f2 essere considerato la soluzione migliore tra quelle legali e politiche.<span class=\"Apple-converted-space\">\u00a0<\/span><\/p><p>In conclusione, entro il 2050 i confini potrebbero non cambiare fisicamente sulla carta geografica, ma il loro significato politico e giuridico potrebbe essere trasformato. L'innalzamento del livello del mare potrebbe portare all'arretramento di alcune coste e alla contrazione delle aree a bassa quota; tuttavia, spostamenti di confini geografici su larga scala nel Mediterraneo e nella regione MENA sembrano improbabili nella prospettiva del 2050. Infatti, nel diritto internazionale, gli Stati tendono a mantenere costanti le loro aree di giurisdizione marittima anche se la linea di costa cambia. Per questo motivo, l'impatto della crisi climatica sui confini si vedr\u00e0 in gran parte non sulla carta geografica, ma sul modo in cui i confini saranno gestiti. Di fronte alla crescente mobilit\u00e0 indotta dal clima, gli Stati possono preferire una delle due strade: O considerare la migrazione come una minaccia per la sicurezza e inasprire i controlli alle frontiere, o adattare i regimi di confine sviluppando nuovi status di protezione e meccanismi di cooperazione regionale. Le tendenze attuali suggeriscono un'applicazione pi\u00f9 rigida delle frontiere nel breve termine. Tuttavia, in vista di ci\u00f2 che il tempo ci riserver\u00e0, gli Stati dovrebbero abbandonare l'approccio tradizionale e adottare nuovi approcci legali, come il passaporto climatico, che sono innovativi e rispondono ai problemi e alle esigenze del tempo.<span class=\"Apple-converted-space\">\u00a0<\/span><\/p>\t\t\t\t\t\t\t\t<\/div>\n\t\t\t\t\t<\/div>\n\t\t\t\t<\/div>\n\t\t\t\t<\/div>","protected":false},"excerpt":{"rendered":"<p>\u0130klim G\u00f6\u00e7\u00fc: 2050\u2019de S\u0131n\u0131rlar Nas\u0131l De\u011fi\u015fecek? \u00a02023\u2019te yay\u0131nlanan IPCC raporu ve COP21 bulgular\u0131; 2018\u2019de belirlenen 1,5 derece e\u015fi\u011finin mevcut emisyon [&hellip;]<\/p>\n","protected":false},"author":1,"featured_media":0,"parent":0,"menu_order":0,"comment_status":"closed","ping_status":"closed","template":"","meta":{"om_disable_all_campaigns":false,"_monsterinsights_skip_tracking":false,"_monsterinsights_sitenote_active":false,"_monsterinsights_sitenote_note":"","_monsterinsights_sitenote_category":0,"site-sidebar-layout":"no-sidebar","site-content-layout":"page-builder","ast-site-content-layout":"full-width-container","site-content-style":"default","site-sidebar-style":"default","ast-global-header-display":"","ast-banner-title-visibility":"","ast-main-header-display":"","ast-hfb-above-header-display":"","ast-hfb-below-header-display":"","ast-hfb-mobile-header-display":"","site-post-title":"disabled","ast-breadcrumbs-content":"","ast-featured-img":"disabled","footer-sml-layout":"","theme-transparent-header-meta":"","adv-header-id-meta":"","stick-header-meta":"","header-above-stick-meta":"","header-main-stick-meta":"","header-below-stick-meta":"","astra-migrate-meta-layouts":"set","ast-page-background-enabled":"default","ast-page-background-meta":{"desktop":{"background-color":"","background-image":"","background-repeat":"repeat","background-position":"center center","background-size":"auto","background-attachment":"scroll","background-type":"","background-media":"","overlay-type":"","overlay-color":"","overlay-opacity":"","overlay-gradient":""},"tablet":{"background-color":"","background-image":"","background-repeat":"repeat","background-position":"center center","background-size":"auto","background-attachment":"scroll","background-type":"","background-media":"","overlay-type":"","overlay-color":"","overlay-opacity":"","overlay-gradient":""},"mobile":{"background-color":"","background-image":"","background-repeat":"repeat","background-position":"center center","background-size":"auto","background-attachment":"scroll","background-type":"","background-media":"","overlay-type":"","overlay-color":"","overlay-opacity":"","overlay-gradient":""}},"ast-content-background-meta":{"desktop":{"background-color":"var(--ast-global-color-5)","background-image":"","background-repeat":"repeat","background-position":"center center","background-size":"auto","background-attachment":"scroll","background-type":"","background-media":"","overlay-type":"","overlay-color":"","overlay-opacity":"","overlay-gradient":""},"tablet":{"background-color":"var(--ast-global-color-5)","background-image":"","background-repeat":"repeat","background-position":"center center","background-size":"auto","background-attachment":"scroll","background-type":"","background-media":"","overlay-type":"","overlay-color":"","overlay-opacity":"","overlay-gradient":""},"mobile":{"background-color":"var(--ast-global-color-5)","background-image":"","background-repeat":"repeat","background-position":"center center","background-size":"auto","background-attachment":"scroll","background-type":"","background-media":"","overlay-type":"","overlay-color":"","overlay-opacity":"","overlay-gradient":""}},"footnotes":""},"class_list":["post-1731","page","type-page","status-publish","hentry"],"aioseo_notices":[],"_links":{"self":[{"href":"https:\/\/www.copantalya.com\/it\/wp-json\/wp\/v2\/pages\/1731","targetHints":{"allow":["GET"]}}],"collection":[{"href":"https:\/\/www.copantalya.com\/it\/wp-json\/wp\/v2\/pages"}],"about":[{"href":"https:\/\/www.copantalya.com\/it\/wp-json\/wp\/v2\/types\/page"}],"author":[{"embeddable":true,"href":"https:\/\/www.copantalya.com\/it\/wp-json\/wp\/v2\/users\/1"}],"replies":[{"embeddable":true,"href":"https:\/\/www.copantalya.com\/it\/wp-json\/wp\/v2\/comments?post=1731"}],"version-history":[{"count":4,"href":"https:\/\/www.copantalya.com\/it\/wp-json\/wp\/v2\/pages\/1731\/revisions"}],"predecessor-version":[{"id":1736,"href":"https:\/\/www.copantalya.com\/it\/wp-json\/wp\/v2\/pages\/1731\/revisions\/1736"}],"wp:attachment":[{"href":"https:\/\/www.copantalya.com\/it\/wp-json\/wp\/v2\/media?parent=1731"}],"curies":[{"name":"wp","href":"https:\/\/api.w.org\/{rel}","templated":true}]}}