{"id":2051,"date":"2026-04-03T20:25:43","date_gmt":"2026-04-03T20:25:43","guid":{"rendered":"https:\/\/www.copantalya.com\/?page_id=2051"},"modified":"2026-04-03T20:27:34","modified_gmt":"2026-04-03T20:27:34","slug":"kvkk-aydinlatma-metni","status":"publish","type":"page","link":"https:\/\/www.copantalya.com\/it\/kvkk-aydinlatma-metni\/","title":{"rendered":"TESTO DI CHIARIMENTO KVKK"},"content":{"rendered":"<div data-elementor-type=\"wp-page\" data-elementor-id=\"2051\" class=\"elementor elementor-2051\">\n\t\t\t\t<div class=\"elementor-element elementor-element-2c907024 e-grid e-con-boxed e-con e-parent\" data-id=\"2c907024\" data-element_type=\"container\" data-e-type=\"container\">\n\t\t\t\t\t<div class=\"e-con-inner\">\n\t\t<div class=\"elementor-element elementor-element-74835745 e-con-full e-flex e-con e-child\" data-id=\"74835745\" data-element_type=\"container\" data-e-type=\"container\">\n\t\t\t\t<div class=\"elementor-element elementor-element-3876b019 elementor-widget elementor-widget-heading\" data-id=\"3876b019\" data-element_type=\"widget\" data-e-type=\"widget\" data-widget_type=\"heading.default\">\n\t\t\t\t\t<h3 class=\"elementor-heading-title elementor-size-default\">TESTO DI CHIARIMENTO KVKK<\/h3>\t\t\t\t<\/div>\n\t\t\t\t<div class=\"elementor-element elementor-element-44ef6508 elementor-widget elementor-widget-text-editor\" data-id=\"44ef6508\" data-element_type=\"widget\" data-e-type=\"widget\" data-widget_type=\"text-editor.default\">\n\t\t\t\t\t\t\t\t\t<p data-start=\"2921\" data-end=\"3007\">Bu metin, 6698 say\u0131l\u0131 <span class=\"hover:entity-accent entity-underline inline cursor-pointer align-baseline\"><span class=\"whitespace-normal\">Ki\u015fisel Verilerin Korunmas\u0131 Kanunu<\/span><\/span> kapsam\u0131nda haz\u0131rlanm\u0131\u015ft\u0131r.<\/p><hr data-start=\"3009\" data-end=\"3012\" \/><h4 data-section-id=\"sfoobf\" data-start=\"3014\" data-end=\"3034\">1. Veri Sorumlusu<\/h4><p data-start=\"3036\" data-end=\"3070\">Bu site kapsam\u0131nda veri sorumlusu:<\/p><p data-start=\"3072\" data-end=\"3109\"><span class=\"hover:entity-accent entity-underline inline cursor-pointer align-baseline\"><span class=\"whitespace-normal\">Certificazione Globalis<\/span><\/span><\/p><hr data-start=\"3111\" data-end=\"3114\" \/><h4 data-section-id=\"1e7rap5\" data-start=\"3116\" data-end=\"3137\">2. \u0130\u015flenen Veriler<\/h4><p data-start=\"3139\" data-end=\"3192\">Site, kullan\u0131c\u0131dan do\u011frudan ki\u015fisel veri talep etmez.<\/p><p data-start=\"3194\" data-end=\"3237\">Ancak a\u015fa\u011f\u0131daki teknik veriler i\u015flenebilir:<\/p><ul data-start=\"3239\" data-end=\"3295\"><li data-section-id=\"yoijyx\" data-start=\"3239\" data-end=\"3252\">IP adresi<\/li><li data-section-id=\"1ak22z3\" data-start=\"3253\" data-end=\"3275\">Taray\u0131c\u0131 bilgileri<\/li><li data-section-id=\"1aidqqy\" data-start=\"3276\" data-end=\"3295\">Cihaz bilgileri<\/li><\/ul><hr data-start=\"3297\" data-end=\"3300\" \/><h4 data-section-id=\"1pyif5m\" data-start=\"3302\" data-end=\"3328\">3. Veri \u0130\u015fleme Ama\u00e7lar\u0131<\/h4><p data-start=\"3330\" data-end=\"3341\">Bu veriler:<\/p><ul data-start=\"3343\" data-end=\"3435\"><li data-section-id=\"cq105f\" data-start=\"3343\" data-end=\"3378\">Site performans\u0131n\u0131 iyile\u015ftirmek<\/li><li data-section-id=\"2t6pom\" data-start=\"3379\" data-end=\"3412\">Teknik sorunlar\u0131 analiz etmek<\/li><li data-section-id=\"6tnk6y\" data-start=\"3413\" data-end=\"3435\">G\u00fcvenli\u011fi sa\u011flamak<\/li><\/ul><p data-start=\"3437\" data-end=\"3457\">ama\u00e7lar\u0131yla i\u015flenir.<\/p><hr data-start=\"3459\" data-end=\"3462\" \/><h4 data-section-id=\"17gi7p3\" data-start=\"3464\" data-end=\"3483\">4. Veri Aktar\u0131m\u0131<\/h4><p data-start=\"3485\" data-end=\"3563\">Teknik veriler, hizmet al\u0131nan altyap\u0131 ve analiz sa\u011flay\u0131c\u0131lar\u0131na aktar\u0131labilir.<\/p><hr data-start=\"3565\" data-end=\"3568\" \/><h4 data-section-id=\"1qzc8h1\" data-start=\"3570\" data-end=\"3591\">5. Hukuki Sebepler<\/h4><ul data-start=\"3593\" data-end=\"3635\"><li data-section-id=\"byts8c\" data-start=\"3593\" data-end=\"3610\">Me\u015fru menfaat<\/li><li data-section-id=\"1o66dsg\" data-start=\"3611\" data-end=\"3635\">Teknik gereklilikler<\/li><\/ul><hr data-start=\"3637\" data-end=\"3640\" \/><h4 data-section-id=\"g4n9c3\" data-start=\"3642\" data-end=\"3665\">6. Kullan\u0131c\u0131 Haklar\u0131<\/h4><p data-start=\"3667\" data-end=\"3696\">KVKK kapsam\u0131nda kullan\u0131c\u0131lar:<\/p><ul data-start=\"3698\" data-end=\"3792\"><li data-section-id=\"1r77ok5\" data-start=\"3698\" data-end=\"3736\">Veri i\u015flenip i\u015flenmedi\u011fini \u00f6\u011frenme<\/li><li data-section-id=\"165ucok\" data-start=\"3737\" data-end=\"3757\">Bilgi talep etme<\/li><li data-section-id=\"7sug73\" data-start=\"3758\" data-end=\"3792\">D\u00fczeltme veya silme talep etme<\/li><\/ul><p data-start=\"3794\" data-end=\"3813\">haklar\u0131na sahiptir.<\/p><hr data-start=\"3815\" data-end=\"3818\" \/><h4 data-section-id=\"aa7fqb\" data-start=\"3820\" data-end=\"3834\">7. \u0130leti\u015fim<\/h4><p data-start=\"3836\" data-end=\"3908\"><span class=\"hover:entity-accent entity-underline inline cursor-pointer align-baseline\"><span class=\"whitespace-normal\">Certificazione Globalis<\/span><\/span><br data-start=\"3873\" data-end=\"3876\" \/><a class=\"decorated-link cursor-pointer\" rel=\"noopener\" data-start=\"3876\" data-end=\"3906\">info@globaliscertification.com<\/a><\/p>\t\t\t\t\t\t\t\t<\/div>\n\t\t\t\t<\/div>\n\t\t\t\t\t<\/div>\n\t\t\t\t<\/div>\n\t\t\t\t<\/div>","protected":false},"excerpt":{"rendered":"<p>KVKK AYDINLATMA METN\u0130 Bu metin, 6698 say\u0131l\u0131 Ki\u015fisel Verilerin Korunmas\u0131 Kanunu kapsam\u0131nda haz\u0131rlanm\u0131\u015ft\u0131r. 1. Veri Sorumlusu Bu site kapsam\u0131nda veri [&hellip;]<\/p>\n","protected":false},"author":1,"featured_media":0,"parent":0,"menu_order":0,"comment_status":"closed","ping_status":"closed","template":"","meta":{"om_disable_all_campaigns":false,"_monsterinsights_skip_tracking":false,"_monsterinsights_sitenote_active":false,"_monsterinsights_sitenote_note":"","_monsterinsights_sitenote_category":0,"site-sidebar-layout":"no-sidebar","site-content-layout":"page-builder","ast-site-content-layout":"full-width-container","site-content-style":"default","site-sidebar-style":"default","ast-global-header-display":"","ast-banner-title-visibility":"","ast-main-header-display":"","ast-hfb-above-header-display":"","ast-hfb-below-header-display":"","ast-hfb-mobile-header-display":"","site-post-title":"","ast-breadcrumbs-content":"","ast-featured-img":"disabled","footer-sml-layout":"","theme-transparent-header-meta":"","adv-header-id-meta":"","stick-header-meta":"","header-above-stick-meta":"","header-main-stick-meta":"","header-below-stick-meta":"","astra-migrate-meta-layouts":"set","ast-page-background-enabled":"default","ast-page-background-meta":{"desktop":{"background-color":"","background-image":"","background-repeat":"repeat","background-position":"center center","background-size":"auto","background-attachment":"scroll","background-type":"","background-media":"","overlay-type":"","overlay-color":"","overlay-opacity":"","overlay-gradient":""},"tablet":{"background-color":"","background-image":"","background-repeat":"repeat","background-position":"center center","background-size":"auto","background-attachment":"scroll","background-type":"","background-media":"","overlay-type":"","overlay-color":"","overlay-opacity":"","overlay-gradient":""},"mobile":{"background-color":"","background-image":"","background-repeat":"repeat","background-position":"center center","background-size":"auto","background-attachment":"scroll","background-type":"","background-media":"","overlay-type":"","overlay-color":"","overlay-opacity":"","overlay-gradient":""}},"ast-content-background-meta":{"desktop":{"background-color":"var(--ast-global-color-5)","background-image":"","background-repeat":"repeat","background-position":"center center","background-size":"auto","background-attachment":"scroll","background-type":"","background-media":"","overlay-type":"","overlay-color":"","overlay-opacity":"","overlay-gradient":""},"tablet":{"background-color":"var(--ast-global-color-5)","background-image":"","background-repeat":"repeat","background-position":"center center","background-size":"auto","background-attachment":"scroll","background-type":"","background-media":"","overlay-type":"","overlay-color":"","overlay-opacity":"","overlay-gradient":""},"mobile":{"background-color":"var(--ast-global-color-5)","background-image":"","background-repeat":"repeat","background-position":"center center","background-size":"auto","background-attachment":"scroll","background-type":"","background-media":"","overlay-type":"","overlay-color":"","overlay-opacity":"","overlay-gradient":""}},"footnotes":""},"class_list":["post-2051","page","type-page","status-publish","hentry"],"aioseo_notices":[],"_links":{"self":[{"href":"https:\/\/www.copantalya.com\/it\/wp-json\/wp\/v2\/pages\/2051","targetHints":{"allow":["GET"]}}],"collection":[{"href":"https:\/\/www.copantalya.com\/it\/wp-json\/wp\/v2\/pages"}],"about":[{"href":"https:\/\/www.copantalya.com\/it\/wp-json\/wp\/v2\/types\/page"}],"author":[{"embeddable":true,"href":"https:\/\/www.copantalya.com\/it\/wp-json\/wp\/v2\/users\/1"}],"replies":[{"embeddable":true,"href":"https:\/\/www.copantalya.com\/it\/wp-json\/wp\/v2\/comments?post=2051"}],"version-history":[{"count":4,"href":"https:\/\/www.copantalya.com\/it\/wp-json\/wp\/v2\/pages\/2051\/revisions"}],"predecessor-version":[{"id":2056,"href":"https:\/\/www.copantalya.com\/it\/wp-json\/wp\/v2\/pages\/2051\/revisions\/2056"}],"wp:attachment":[{"href":"https:\/\/www.copantalya.com\/it\/wp-json\/wp\/v2\/media?parent=2051"}],"curies":[{"name":"wp","href":"https:\/\/api.w.org\/{rel}","templated":true}]}}