{"id":1420,"date":"2026-02-18T19:08:50","date_gmt":"2026-02-18T19:08:50","guid":{"rendered":"https:\/\/www.copantalya.com\/?page_id=1420"},"modified":"2026-03-02T19:37:20","modified_gmt":"2026-03-02T19:37:20","slug":"karbon-etkisi","status":"publish","type":"page","link":"https:\/\/www.copantalya.com\/ko\/karbon-etkisi\/","title":{"rendered":"\ud0c4\uc18c \uc601\ud5a5"},"content":{"rendered":"<div data-elementor-type=\"wp-page\" data-elementor-id=\"1420\" class=\"elementor elementor-1420\">\n\t\t\t\t<div class=\"elementor-element elementor-element-262daccf e-flex e-con-boxed e-con e-parent\" data-id=\"262daccf\" data-element_type=\"container\" data-e-type=\"container\" data-settings=\"{&quot;background_background&quot;:&quot;classic&quot;}\">\n\t\t\t\t\t<div class=\"e-con-inner\">\n\t\t<div class=\"elementor-element elementor-element-1e303980 e-con-full e-flex e-con e-child\" data-id=\"1e303980\" data-element_type=\"container\" data-e-type=\"container\">\n\t\t\t\t<div class=\"elementor-element elementor-element-6aa7c23 elementor-widget elementor-widget-heading\" data-id=\"6aa7c23\" data-element_type=\"widget\" data-e-type=\"widget\" data-widget_type=\"heading.default\">\n\t\t\t\t\t<h1 class=\"elementor-heading-title elementor-size-default\">\ub514\uc9c0\ud138\ud654 \uacfc\uc815\uc5d0\uc11c \ub370\uc774\ud130\uc13c\ud130\uc758 \ud0c4\uc18c \ubc1c\uc790\uad6d\uacfc \uae30\ud6c4 \uc704\uae30\uc640\uc758 \uc0c1\ud638 \uc791\uc6a9<\/h1>\t\t\t\t<\/div>\n\t\t\t\t<\/div>\n\t\t\t\t\t<\/div>\n\t\t\t\t<\/div>\n\t\t\t\t<section class=\"elementor-section elementor-top-section elementor-element elementor-element-1d9728db elementor-section-content-middle elementor-section-boxed elementor-section-height-default elementor-section-height-default\" data-id=\"1d9728db\" data-element_type=\"section\" data-e-type=\"section\" data-settings=\"{&quot;background_background&quot;:&quot;classic&quot;}\">\n\t\t\t\t\t\t<div class=\"elementor-container elementor-column-gap-no\">\n\t\t\t\t\t<div class=\"elementor-column elementor-col-50 elementor-top-column elementor-element elementor-element-29a6ff73\" data-id=\"29a6ff73\" data-element_type=\"column\" data-e-type=\"column\" data-settings=\"{&quot;background_background&quot;:&quot;classic&quot;}\">\n\t\t\t<div class=\"elementor-widget-wrap elementor-element-populated\">\n\t\t\t\t\t\t<div class=\"elementor-element elementor-element-589de755 elementor-widget elementor-widget-image\" data-id=\"589de755\" data-element_type=\"widget\" data-e-type=\"widget\" data-widget_type=\"image.default\">\n\t\t\t\t\t\t\t\t\t\t\t\t\t\t\t<img fetchpriority=\"high\" decoding=\"async\" width=\"1001\" height=\"1500\" src=\"https:\/\/www.copantalya.com\/wp-content\/uploads\/2026\/02\/16472-2.jpg\" class=\"attachment-full size-full wp-image-1269\" alt=\"16472 2\" srcset=\"https:\/\/www.copantalya.com\/wp-content\/uploads\/2026\/02\/16472-2.jpg 1001w, https:\/\/www.copantalya.com\/wp-content\/uploads\/2026\/02\/16472-2-200x300.jpg 200w, https:\/\/www.copantalya.com\/wp-content\/uploads\/2026\/02\/16472-2-683x1024.jpg 683w, https:\/\/www.copantalya.com\/wp-content\/uploads\/2026\/02\/16472-2-768x1151.jpg 768w\" sizes=\"(max-width: 1001px) 100vw, 1001px\" title=\"\ud0c4\uc18c \uc601\ud5a5\">\t\t\t\t\t\t\t\t\t\t\t\t\t\t\t<\/div>\n\t\t\t\t\t<\/div>\n\t\t<\/div>\n\t\t\t\t<div class=\"elementor-column elementor-col-50 elementor-top-column elementor-element elementor-element-6b99767f\" data-id=\"6b99767f\" data-element_type=\"column\" data-e-type=\"column\">\n\t\t\t<div class=\"elementor-widget-wrap elementor-element-populated\">\n\t\t\t\t\t\t<div class=\"elementor-element elementor-element-6fda241 elementor-widget elementor-widget-text-editor\" data-id=\"6fda241\" data-element_type=\"widget\" data-e-type=\"widget\" data-widget_type=\"text-editor.default\">\n\t\t\t\t\t\t\t\t\t<p class=\"p1\">\ub514\uc9c0\ud138\ud654\ub294 \ud604\ub300 \uc0ac\ud68c\uc758 \uacbd\uc81c, \uc0ac\ud68c, \uc815\uce58 \uad6c\uc870\uc5d0 \uc601\ud5a5\uc744 \ubbf8\uce69\ub2c8\ub2e4.<br \/>\ub294 \uc138\uc0c1\uc744 \uc7ac\ud3b8\ud558\ub294 \uadfc\ubcf8\uc801\uc778 \uacfc\uc815 \uc911 \ud558\ub098\uc785\ub2c8\ub2e4. \uc778\uacf5 \uc9c0\ub2a5, \uc628\ub77c\uc778 \ud50c\ub7ab\ud3fc, \ud074\ub77c\uc6b0\ub4dc \ucef4\ud4e8\ud305<br \/>\ube45 \ub370\uc774\ud130 \ubd84\uc11d, \ud6a8\uc728\uc131 \ubc0f \uc811\uadfc\uc131 \ud5a5\uc0c1 \uce21\uba74\uc5d0\uc11c \uc0c1\ub2f9\ud55c \uc774\uc810\uc744 \uc81c\uacf5\ud569\ub2c8\ub2e4.<br \/>\ud658\uacbd \ubcf4\ud638\uc5d0 \uae30\uc5ec\ud558\uace0 \uc788\uc2b5\ub2c8\ub2e4. \uadf8\ub7ec\ub098 \uc774 \uacfc\uc815\uc5d0\ub294 \uc885\uc885 \uac04\uacfc\ub418\ub294 \uc2ec\uac01\ud55c \ud658\uacbd \ube44\uc6a9\ub3c4 \uc218\ubc18\ub429\ub2c8\ub2e4.<br \/>\uadf8\ub9ac\uace0 \ub514\uc9c0\ud138\ud654. \ub514\uc9c0\ud138\ud654\uc5d0 \ud544\uc694\ud55c \uc778\ud504\ub77c\uc758 \uadfc\uac04\uc744 \uc774\ub8e8\ub294 \ub370\uc774\ud130 \uc13c\ud130,<br \/>\uae30\ud6c4 \uc704\uae30\ub85c \uc778\ud574 \uc5d0\ub108\uc9c0 \uc18c\ube44\uc640 \uad00\ub828 \ud0c4\uc18c \ubc30\ucd9c\uc758 \uc99d\uac00\uac00 \uc810\uc810 \ub354 \ud070 \ubb38\uc81c\ub85c \uc778\uc2dd\ub418\uace0 \uc788\uc2b5\ub2c8\ub2e4.<br \/>\uc810\uc810 \ub354 \ub9ce\uc740 \uc758\uc81c\ub97c \ub2e4\ub8e8\uace0 \uc788\uc2b5\ub2c8\ub2e4.<\/p>\t\t\t\t\t\t\t\t<\/div>\n\t\t\t\t<div class=\"elementor-element elementor-element-1205ac1c elementor-widget-divider--view-line elementor-widget elementor-widget-divider\" data-id=\"1205ac1c\" data-element_type=\"widget\" data-e-type=\"widget\" data-widget_type=\"divider.default\">\n\t\t\t\t\t\t\t<div class=\"elementor-divider\">\n\t\t\t<span class=\"elementor-divider-separator\">\n\t\t\t\t\t\t<\/span>\n\t\t<\/div>\n\t\t\t\t\t\t<\/div>\n\t\t\t\t<div class=\"elementor-element elementor-element-3939d56b elementor-widget elementor-widget-heading\" data-id=\"3939d56b\" data-element_type=\"widget\" data-e-type=\"widget\" data-widget_type=\"heading.default\">\n\t\t\t\t\t<h2 class=\"elementor-heading-title elementor-size-default\">\ub514\uc9c0\ud138\ud654\uc640 \uc5d0\ub108\uc9c0 \uc218\uc694 \uc99d\uac00<\/h2>\t\t\t\t<\/div>\n\t\t\t\t<div class=\"elementor-element elementor-element-11db7874 elementor-widget elementor-widget-text-editor\" data-id=\"11db7874\" data-element_type=\"widget\" data-e-type=\"widget\" data-widget_type=\"text-editor.default\">\n\t\t\t\t\t\t\t\t\t<p class=\"p1\">\uc9c0\ub09c 10\ub144 \ub3d9\uc548 \uc804 \uc138\uacc4\uc801\uc73c\ub85c \ub514\uc9c0\ud138 \uc11c\ube44\uc2a4\uc5d0 \ub300\ud55c \uc218\uc694\uac00 \uae09\uaca9\ud788 \uc99d\uac00\ud588\uc2b5\ub2c8\ub2e4. \ube44\ub514\uc624 \uc2a4\ud2b8\ub9ac\ubc0d \uc18c\ud504\ud2b8\uc6e8\uc5b4, \uc18c\uc15c \ubbf8\ub514\uc5b4 \ud50c\ub7ab\ud3fc, \uc778\uacf5 \uc9c0\ub2a5 \uae30\ubc18 \uc2dc\uc2a4\ud15c\uc740 \ub300\ub7c9\uc758 \ub370\uc774\ud130\ub97c \uc0dd\uc131\ud558\uace0 \uc774 \ub370\uc774\ud130\ub97c \ucc98\ub9ac\ud558\uae30 \uc704\ud574 \ub192\uc740 \ucef4\ud4e8\ud305 \uc131\ub2a5\uc744 \ud544\uc694\ub85c \ud569\ub2c8\ub2e4. \ub370\uc774\ud130\uc13c\ud130\ub294 \uc774\ub7ec\ud55c \uc9d1\uc911\uc801\uc778 \ub514\uc9c0\ud138 \ud65c\ub3d9\uc744 \uc720\uc9c0\ud558\uae30 \uc704\ud574 \uc9c0\uc18d\uc801\uc73c\ub85c \uc791\ub3d9\ud558\ub294 \uc2dc\uc2a4\ud15c\uc73c\ub85c, \uc0c1\ub2f9\ud55c \uc804\ub825 \uc18c\ube44\ub97c \ucd08\ub798\ud569\ub2c8\ub2e4.<\/p><p class=\"p1\">\uc774 \uacfc\uc815\uc5d0\uc11c \uc5d0\ub108\uc9c0 \uc18c\ube44\ub294 \uc11c\ubc84\uc5d0\ub9cc \uad6d\ud55c\ub418\uc9c0 \uc54a\uace0 \ub0c9\uac01, \ubc31\uc5c5 \ubc0f \ubcf4\uc548 \uc2dc\uc2a4\ud15c\ub3c4 \uc804\uccb4 \uc18c\ube44\ub7c9\uc758 \uc0c1\ub2f9 \ubd80\ubd84\uc744 \ucc28\uc9c0\ud569\ub2c8\ub2e4. \uc5f0\uad6c\uc5d0 \ub530\ub974\uba74 \ub370\uc774\ud130\uc13c\ud130\ub294 \uc804 \uc138\uacc4 \uc804\ub825 \uc18c\ube44\ub7c9\uc758 \uc57d 3\ubd84\uc758 1\uc5d0\uc11c 2\ubd84\uc758 1\uc744 \ucc28\uc9c0\ud558\ub294 \uac83\uc73c\ub85c \ub098\ud0c0\ub0ac\uc2b5\ub2c8\ub2e4. \ub514\uc9c0\ud138\ud654\uac00 \ube60\ub978 \uc18d\ub3c4\ub85c \uc9c4\ud589\ub418\uba74 \uc774 \ube44\uc728\uc740 \ud5a5\ud6c4 \uba87 \ub144 \ub3d9\uc548 \ub354\uc6b1 \uc99d\uac00\ud560 \uac83\uc73c\ub85c \uc608\uc0c1\ub429\ub2c8\ub2e4. \uc774\ub7ec\ud55c \uc5d0\ub108\uc9c0 \uc218\uc694\uc758 \uc99d\uac00\ub294 \ud2b9\ud788 \ud654\uc11d \uc5f0\ub8cc\uc5d0 \uc758\uc874\ud558\ub294 \uad6d\uac00\uc5d0\uc11c \uc2ec\uac01\ud55c \ud0c4\uc18c \ubc30\ucd9c \ubb38\uc81c\ub97c \uc57c\uae30\ud569\ub2c8\ub2e4.<\/p>\t\t\t\t\t\t\t\t<\/div>\n\t\t\t\t<div class=\"elementor-element elementor-element-41ea4fe elementor-widget-divider--view-line elementor-widget elementor-widget-divider\" data-id=\"41ea4fe\" data-element_type=\"widget\" data-e-type=\"widget\" data-widget_type=\"divider.default\">\n\t\t\t\t\t\t\t<div class=\"elementor-divider\">\n\t\t\t<span class=\"elementor-divider-separator\">\n\t\t\t\t\t\t<\/span>\n\t\t<\/div>\n\t\t\t\t\t\t<\/div>\n\t\t\t\t<div class=\"elementor-element elementor-element-5ceb260 elementor-widget elementor-widget-heading\" data-id=\"5ceb260\" data-element_type=\"widget\" data-e-type=\"widget\" data-widget_type=\"heading.default\">\n\t\t\t\t\t<h2 class=\"elementor-heading-title elementor-size-default\">\ub370\uc774\ud130\uc13c\ud130\uc758 \ud0c4\uc18c \ubc1c\uc790\uad6d<\/h2>\t\t\t\t<\/div>\n\t\t\t\t<div class=\"elementor-element elementor-element-cfed3d8 elementor-widget elementor-widget-text-editor\" data-id=\"cfed3d8\" data-element_type=\"widget\" data-e-type=\"widget\" data-widget_type=\"text-editor.default\">\n\t\t\t\t\t\t\t\t\t<p><span style=\"font-weight: 400;\">\ub370\uc774\ud130\uc13c\ud130\uc758 \ud0c4\uc18c \ubc1c\uc790\uad6d\uc740 \uc8fc\ub85c \uc0ac\uc6a9\ub418\ub294 \uc5d0\ub108\uc9c0\uc6d0\uc758 \ud2b9\uc131\uc5d0 \ub530\ub77c \uacb0\uc815\ub429\ub2c8\ub2e4. \uc7ac\uc0dd \uc5d0\ub108\uc9c0\uc6d0\uc744 \uc0ac\uc6a9\ud558\ub294 \ub370\uc774\ud130\uc13c\ud130\ub294 \ud0c4\uc18c \ubc30\ucd9c\ub7c9\uc774 \ub0ae\uc740 \ubc18\uba74, \uc11d\ud0c4\uacfc \ucc9c\uc5f0\uac00\uc2a4 \ub4f1 \ud654\uc11d \uc5f0\ub8cc\uac00 \uc8fc\ub97c \uc774\ub8e8\ub294 \uc5d0\ub108\uc9c0 \uc2dc\uc2a4\ud15c\uc5d0\uc11c \uc6b4\uc601\ub418\ub294 \ub370\uc774\ud130\uc13c\ud130\ub294 \uac04\uc811 \ubc30\ucd9c\ub7c9\uc774 \ub192\uc2b5\ub2c8\ub2e4. \uc774\ub294 \ub514\uc9c0\ud138\ud654\uac00 \uae30\ud6c4\uc5d0 \ubbf8\uce58\ub294 \uc601\ud5a5\uc774 \uc9c0\uc5ed \uc5d0\ub108\uc9c0 \uc815\ucc45\uacfc \uc9c1\uc811\uc801\uc778 \uad00\ub828\uc774 \uc788\uc74c\uc744 \ubcf4\uc5ec\uc90d\ub2c8\ub2e4.\u00a0<\/span><\/p><p><span style=\"font-weight: 400;\">\ub610\ud55c \uc9c1\uc811\uc801\uc778 \uc5d0\ub108\uc9c0 \uc18c\ube44\ubfd0\ub9cc \uc544\ub2c8\ub77c \ub370\uc774\ud130\uc13c\ud130\uac00 \ud658\uacbd\uc5d0 \ubbf8\uce58\ub294 \uc601\ud5a5\ub3c4 \uace0\ub824\ud574\uc57c \ud569\ub2c8\ub2e4. \uc11c\ubc84\ub97c \uc81c\uc870, \uc6b4\uc1a1 \ubc0f \uc8fc\uae30\uc801\uc73c\ub85c \uad50\uccb4\ud558\ub294 \uacfc\uc815\uc5d0\uc11c \ub9ce\uc740 \uc591\uc758 \ud0c4\uc18c\uac00 \ubc30\ucd9c\ub429\ub2c8\ub2e4.\u00a0<\/span><\/p>\t\t\t\t\t\t\t\t<\/div>\n\t\t\t\t<div class=\"elementor-element elementor-element-2e84cd4 elementor-widget-divider--view-line elementor-widget elementor-widget-divider\" data-id=\"2e84cd4\" data-element_type=\"widget\" data-e-type=\"widget\" data-widget_type=\"divider.default\">\n\t\t\t\t\t\t\t<div class=\"elementor-divider\">\n\t\t\t<span class=\"elementor-divider-separator\">\n\t\t\t\t\t\t<\/span>\n\t\t<\/div>\n\t\t\t\t\t\t<\/div>\n\t\t\t\t<div class=\"elementor-element elementor-element-d557b16 elementor-widget elementor-widget-heading\" data-id=\"d557b16\" data-element_type=\"widget\" data-e-type=\"widget\" data-widget_type=\"heading.default\">\n\t\t\t\t\t<h2 class=\"elementor-heading-title elementor-size-default\">\ub0c9\uac01 \uc2dc\uc2a4\ud15c \ubc0f \ubb3c \uc18c\ube44\ub7c9<\/h2>\t\t\t\t<\/div>\n\t\t\t\t<div class=\"elementor-element elementor-element-72b1167 elementor-widget elementor-widget-text-editor\" data-id=\"72b1167\" data-element_type=\"widget\" data-e-type=\"widget\" data-widget_type=\"text-editor.default\">\n\t\t\t\t\t\t\t\t\t<p><span style=\"font-weight: 400;\">\ub370\uc774\ud130\uc13c\ud130 \uc5d0\ub108\uc9c0 \uc18c\ube44\uc758 \uc0c1\ub2f9 \ubd80\ubd84\uc740 \ub0c9\uac01 \uc2dc\uc2a4\ud15c\uc5d0 \ud560\ub2f9\ub429\ub2c8\ub2e4. \uc9c0\uc18d\uc801\uc73c\ub85c \uc2e4\ud589\ub418\ub294 \uc11c\ubc84\ub294 \ub9ce\uc740 \uc591\uc758 \uc5f4\uc744 \ubc1c\uc0dd\uc2dc\ud0a4\ubbc0\ub85c \uc5f4\uc744 \uc81c\uc5b4\ud558\uae30 \uc704\ud574 \ub0c9\uac01\uc774 \ud544\uc694\ud569\ub2c8\ub2e4. \ud2b9\ud788 \ub354\uc6b4 \uae30\ud6c4\uc5d0 \uc704\uce58\ud55c \ub370\uc774\ud130\uc13c\ud130\uc758 \uacbd\uc6b0 \uc5d0\ub108\uc9c0 \uc18c\ube44\uac00 \uc99d\uac00\ud558\uc5ec \ud0c4\uc18c \ubc30\ucd9c\ub7c9\uc774 \uc99d\uac00\ud569\ub2c8\ub2e4.<\/span><\/p><p><span style=\"font-weight: 400;\">\ub610\ud55c \ub9ce\uc740 \ub370\uc774\ud130 \uc13c\ud130\ub294 \ub0c9\uac01 \uacfc\uc815\uc5d0\uc11c \ub9ce\uc740 \uc591\uc758 \ubb3c\uc744 \uc0ac\uc6a9\ud569\ub2c8\ub2e4. \uc774\ub294 \ud2b9\ud788 \ubb3c \uc2a4\ud2b8\ub808\uc2a4\ub97c \uacaa\uace0 \uc788\ub294 \uc9c0\uc5ed\uc5d0\uc11c \uc0dd\ud0dc \ubc0f \uc0ac\ud68c \ubb38\uc81c\ub97c \uc77c\uc73c\ud0ac \uc218 \uc788\uc2b5\ub2c8\ub2e4. \ub530\ub77c\uc11c \ub370\uc774\ud130\uc13c\ud130\uac00 \ud658\uacbd\uc5d0 \ubbf8\uce58\ub294 \uc601\ud5a5\uc740 \uae30\ud6c4 \ubcc0\ud654\uc5d0\ub9cc \uad6d\ud55c\ub418\uc9c0 \uc54a\uace0 \ucc9c\uc5f0 \uc790\uc6d0\uc758 \uc9c0\uc18d \uac00\ub2a5\uc131 \uce21\uba74\uc5d0\uc11c\ub3c4 \ud3c9\uac00\ub418\uc5b4\uc57c \ud569\ub2c8\ub2e4.\u00a0<\/span><\/p>\t\t\t\t\t\t\t\t<\/div>\n\t\t\t\t<div class=\"elementor-element elementor-element-f44f1ad elementor-widget-divider--view-line elementor-widget elementor-widget-divider\" data-id=\"f44f1ad\" data-element_type=\"widget\" data-e-type=\"widget\" data-widget_type=\"divider.default\">\n\t\t\t\t\t\t\t<div class=\"elementor-divider\">\n\t\t\t<span class=\"elementor-divider-separator\">\n\t\t\t\t\t\t<\/span>\n\t\t<\/div>\n\t\t\t\t\t\t<\/div>\n\t\t\t\t<div class=\"elementor-element elementor-element-752c582 elementor-widget elementor-widget-heading\" data-id=\"752c582\" data-element_type=\"widget\" data-e-type=\"widget\" data-widget_type=\"heading.default\">\n\t\t\t\t\t<h2 class=\"elementor-heading-title elementor-size-default\">\uae30\ud6c4 \uc815\ucc45\uacfc \uc9c0\uc18d \uac00\ub2a5\ud55c \ub514\uc9c0\ud138 \ud601\uc2e0<\/h2>\t\t\t\t<\/div>\n\t\t\t\t<div class=\"elementor-element elementor-element-c59bca3 elementor-widget elementor-widget-text-editor\" data-id=\"c59bca3\" data-element_type=\"widget\" data-e-type=\"widget\" data-widget_type=\"text-editor.default\">\n\t\t\t\t\t\t\t\t\t<p><span style=\"font-weight: 400;\">\ub370\uc774\ud130\uc13c\ud130\uc758 \ud0c4\uc18c \ubc30\ucd9c\ub7c9\uc744 \uc904\uc774\ub294 \uac83\uc740 \uc804 \uc138\uacc4 \uae30\ud6c4 \ubaa9\ud45c\uc640 \uc9c1\uc811\uc801\uc778 \uad00\ub828\uc774 \uc788\uc2b5\ub2c8\ub2e4. \uc720\uc5d4\ud658\uacbd\uacc4\ud68d(UNEP)\uc5d0\uc11c \ubc1c\uac04\ud55c \ubcf4\uace0\uc11c\uc5d0 \ub530\ub974\uba74 \ub514\uc9c0\ud138 \uc778\ud504\ub77c\ub97c \uc9c0\uc18d \uac00\ub2a5\uc131 \ubaa9\ud45c\uc5d0 \ub9de\ucd94\ub294 \uac83\uc774 \uc911\uc694\ud558\ub2e4\uace0 \uac15\uc870\ud569\ub2c8\ub2e4. \ub610\ud55c \ud30c\ub9ac \ud611\uc815\uc740 \uc9c0\uad6c \uc628\ub3c4 \uc0c1\uc2b9\uc744 1~2\u00b0C\ub85c \uc81c\ud55c\ud558\ub294 \uac83\uc744 \ubaa9\ud45c\ub85c \ud558\uace0 \uc788\uc9c0\ub9cc, \uc774\ub97c \uc704\ud574\uc11c\ub294 \uc5d0\ub108\uc9c0 \uc9d1\uc57d\uc801\uc778 \ubd80\ubb38\uc758 \uc9c0\uc18d \uac00\ub2a5\ud55c \uc804\ud658\uc774 \ud544\uc694\ud569\ub2c8\ub2e4. \uc774\uc5d0 \ub530\ub77c \ub514\uc9c0\ud138 \ubd80\ubb38\ub3c4 \uae30\ud6c4 \uc815\ucc45\uc5d0 \ud1b5\ud569\ub418\uc5b4\uc57c \ud569\ub2c8\ub2e4. \uad6d\uc81c\uc5d0\ub108\uc9c0\uae30\uad6c(IEA) \ubcf4\uace0\uc11c\uc5d0 \ub530\ub974\uba74 \ub370\uc774\ud130\uc13c\ud130\uac00 \uc7ac\uc0dd \uc5d0\ub108\uc9c0\ub97c \uc0ac\uc6a9\ud558\uace0 \uc5d0\ub108\uc9c0 \ud6a8\uc728 \uae30\uc900\uc744 \ub192\uc774\ub294 \ubc29\ud5a5\uc73c\ub85c \uc804\ud658\ud558\ub294 \uac83\uc774 \uc911\uc694\ud558\ub2e4\uace0 \uac15\uc870\ud569\ub2c8\ub2e4.\u00a0<\/span><\/p><p><span style=\"font-weight: 400;\">\ub610\ud55c \ud3d0\uc5f4 \ud68c\uc218, \ubcf4\ub2e4 \ud6a8\uc728\uc801\uc778 \uc11c\ubc84 \uc544\ud0a4\ud14d\ucc98, \ud22c\uba85\ud55c \ubc30\ucd9c\ub7c9 \ubcf4\uace0\uc640 \uac19\uc740 \uad00\ud589\uc740 \uc9c0\uc18d \uac00\ub2a5\ud55c \ub514\uc9c0\ud138\ud654\ub97c \uc704\ud55c \uc8fc\uc694 \ub3c4\uad6c \uc911 \ud558\ub098\uc785\ub2c8\ub2e4. \uc815\ucc45\uc801 \ucc28\uc6d0\uc5d0\uc11c\ub294 \uc815\ubd80 \uc778\uc13c\ud2f0\ube0c, \ud0c4\uc18c\uc138, \uc758\ubb34 \ubcf4\uace0 \uba54\ucee4\ub2c8\uc998\uc774 \ub514\uc9c0\ud138 \ubd80\ubb38\uc758 \ud658\uacbd \uc601\ud5a5\uc744 \uc904\uc774\uae30 \uc704\ud55c \uc911\uc694\ud55c \ub3c4\uad6c\ub85c \uc8fc\ubaa9\ubc1b\uace0 \uc788\uc2b5\ub2c8\ub2e4. \uc774\ub7ec\ud55c \uaddc\uc81c\ub294 \uae30\uc5c5\ub4e4\uc774 \ubcf4\ub2e4 \ud22c\uba85\ud558\uace0 \ucc45\uc784\uac10 \uc788\ub294 \uc5d0\ub108\uc9c0 \uc0ac\uc6a9\uc73c\ub85c \ub098\uc544\uac08 \uc218 \uc788\ub3c4\ub85d \uc720\ub3c4\ud560 \uac83\uc73c\ub85c \uc608\uc0c1\ub429\ub2c8\ub2e4.\u00a0<\/span><\/p>\t\t\t\t\t\t\t\t<\/div>\n\t\t\t\t<div class=\"elementor-element elementor-element-ce87ea4 elementor-widget-divider--view-line elementor-widget elementor-widget-divider\" data-id=\"ce87ea4\" data-element_type=\"widget\" data-e-type=\"widget\" data-widget_type=\"divider.default\">\n\t\t\t\t\t\t\t<div class=\"elementor-divider\">\n\t\t\t<span class=\"elementor-divider-separator\">\n\t\t\t\t\t\t<\/span>\n\t\t<\/div>\n\t\t\t\t\t\t<\/div>\n\t\t\t\t<div class=\"elementor-element elementor-element-1204cb8 elementor-widget elementor-widget-heading\" data-id=\"1204cb8\" data-element_type=\"widget\" data-e-type=\"widget\" data-widget_type=\"heading.default\">\n\t\t\t\t\t<h2 class=\"elementor-heading-title elementor-size-default\">\uacb0\ub860<\/h2>\t\t\t\t<\/div>\n\t\t\t\t<div class=\"elementor-element elementor-element-0c62aac elementor-widget elementor-widget-text-editor\" data-id=\"0c62aac\" data-element_type=\"widget\" data-e-type=\"widget\" data-widget_type=\"text-editor.default\">\n\t\t\t\t\t\t\t\t\t<p><span style=\"font-weight: 400;\">\ub514\uc9c0\ud138\ud654\ub294 \ud604\ub300 \uc0ac\ud68c\uc5d0\uc11c \ud544\uc218 \ubd88\uac00\uacb0\ud55c \uacfc\uc815\uc774\uc9c0\ub9cc, \uc2ec\uac01\ud55c \ud658\uacbd \ube44\uc6a9\uc744 \ucd08\ub798\ud558\uae30\ub3c4 \ud569\ub2c8\ub2e4. \ub370\uc774\ud130\uc13c\ud130\ub294 \uc774\ub7ec\ud55c \ube44\uc6a9\uc774 \uad6c\uccb4\ud654\ub418\ub294 \uac00\uc7a5 \uc911\uc694\ud55c \uc601\uc5ed \uc911 \ud558\ub098\uc785\ub2c8\ub2e4. \uc5d0\ub108\uc9c0 \uc18c\ube44, \ud0c4\uc18c \ubc30\ucd9c, \ubb3c \uc0ac\uc6a9, \uc804\uc790 \ud3d0\uae30\ubb3c\uc758 \uc99d\uac00\ub294 \ub514\uc9c0\ud138 \uc778\ud504\ub77c\uc640 \uae30\ud6c4 \uc704\uae30\uc758 \uad00\uacc4\ub97c \uba85\ud655\ud558\uac8c \ub4dc\ub7ec\ub0c5\ub2c8\ub2e4.\u00a0<\/span><\/p><p><span style=\"font-weight: 400;\">\ub530\ub77c\uc11c \ub514\uc9c0\ud138\ud654\ub294 \uae30\uc220 \ubc1c\uc804\uc758 \uad00\uc810\ubfd0\ub9cc \uc544\ub2c8\ub77c \ud658\uacbd \uc9c0\uc18d \uac00\ub2a5\uc131\uacfc \uae30\ud6c4 \uc815\uc758\uc758 \ud2c0 \uc548\uc5d0\uc11c \uace0\ub824\ub418\uc5b4\uc57c \ud569\ub2c8\ub2e4. \uadf8\ub807\uc9c0 \uc54a\uc73c\uba74 \ub514\uc9c0\ud138 \uc804\ud658\uc774 \uae30\ud6c4 \uc704\uae30\ub97c \uc644\ud654\ud558\uae30\ub294\ucee4\ub155 \uc2ec\ud654\uc2dc\ud0a4\ub294 \uc694\uc778\uc774 \ub420 \uc218 \uc788\uc2b5\ub2c8\ub2e4. \uc9c0\uc18d \uac00\ub2a5\ud55c \ubbf8\ub798\ub97c \uc704\ud574\uc11c\ub294 \ub514\uc9c0\ud138 \ubd80\ubb38\uacfc \uae30\ud6c4 \uc815\ucc45\uc758 \uc870\ud654\uac00 \ubd88\uac00\ud53c\ud569\ub2c8\ub2e4.<\/span><\/p>\t\t\t\t\t\t\t\t<\/div>\n\t\t\t\t\t<\/div>\n\t\t<\/div>\n\t\t\t\t\t<\/div>\n\t\t<\/section>\n\t\t<div class=\"elementor-element elementor-element-6d511678 e-flex e-con-boxed e-con e-parent\" data-id=\"6d511678\" data-element_type=\"container\" data-e-type=\"container\" data-settings=\"{&quot;background_background&quot;:&quot;classic&quot;,&quot;shape_divider_top&quot;:&quot;mountains&quot;}\">\n\t\t\t\t\t<div class=\"e-con-inner\">\n\t\t\t\t<div class=\"elementor-shape elementor-shape-top\" aria-hidden=\"true\" data-negative=\"false\">\n\t\t\t<svg xmlns=\"http:\/\/www.w3.org\/2000\/svg\" viewbox=\"0 0 1000 100\" preserveaspectratio=\"none\">\n\t<path class=\"elementor-shape-fill\" opacity=\"0.33\" d=\"M473,67.3c-203.9,88.3-263.1-34-320.3,0C66,119.1,0,59.7,0,59.7V0h1000v59.7 c0,0-62.1,26.1-94.9,29.3c-32.8,3.3-62.8-12.3-75.8-22.1C806,49.6,745.3,8.7,694.9,4.7S492.4,59,473,67.3z\"\/>\n\t<path class=\"elementor-shape-fill\" opacity=\"0.66\" d=\"M734,67.3c-45.5,0-77.2-23.2-129.1-39.1c-28.6-8.7-150.3-10.1-254,39.1 s-91.7-34.4-149.2,0C115.7,118.3,0,39.8,0,39.8V0h1000v36.5c0,0-28.2-18.5-92.1-18.5C810.2,18.1,775.7,67.3,734,67.3z\"\/>\n\t<path class=\"elementor-shape-fill\" d=\"M766.1,28.9c-200-57.5-266,65.5-395.1,19.5C242,1.8,242,5.4,184.8,20.6C128,35.8,132.3,44.9,89.9,52.5C28.6,63.7,0,0,0,0 h1000c0,0-9.9,40.9-83.6,48.1S829.6,47,766.1,28.9z\"\/>\n<\/svg>\t\t<\/div>\n\t\t<div class=\"elementor-element elementor-element-25894c96 e-con-full e-flex e-con e-child\" data-id=\"25894c96\" data-element_type=\"container\" data-e-type=\"container\">\n\t\t\t\t<div class=\"elementor-element elementor-element-11f696ce elementor-widget elementor-widget-heading\" data-id=\"11f696ce\" data-element_type=\"widget\" data-e-type=\"widget\" data-widget_type=\"heading.default\">\n\t\t\t\t\t<div class=\"elementor-heading-title elementor-size-default\">COP31\uc5d0 \ub300\ud574 \uc774\uc57c\uae30\ud574 \ubd05\uc2dc\ub2e4<\/div>\t\t\t\t<\/div>\n\t\t\t\t<\/div>\n\t\t<div class=\"elementor-element elementor-element-3a105639 e-con-full e-flex e-con e-child\" data-id=\"3a105639\" data-element_type=\"container\" data-e-type=\"container\">\n\t\t\t\t<div class=\"elementor-element elementor-element-491406eb elementor-align-left elementor-tablet-align-left elementor-mobile-align-justify elementor-widget__width-inherit elementor-widget elementor-widget-button\" data-id=\"491406eb\" data-element_type=\"widget\" data-e-type=\"widget\" data-widget_type=\"button.default\">\n\t\t\t\t\t\t\t\t\t\t<a class=\"elementor-button elementor-button-link elementor-size-sm\" href=\"https:\/\/globaliscertification.com\/\" target=\"_blank\">\n\t\t\t\t\t\t<span class=\"elementor-button-content-wrapper\">\n\t\t\t\t\t\t\t\t\t<span class=\"elementor-button-text\">Globalis \uc815\ubcf4<\/span>\n\t\t\t\t\t<\/span>\n\t\t\t\t\t<\/a>\n\t\t\t\t\t\t\t\t<\/div>\n\t\t\t\t<\/div>\n\t\t\t\t\t<\/div>\n\t\t\t\t<\/div>\n\t\t\t\t<\/div>","protected":false},"excerpt":{"rendered":"<p>Dijitalle\u015fme S\u00fcrecinde Veri Merkezlerinin Karbon Ayak \u0130zi ve \u0130klim Kriziyle Etkile\u015fimi Dijitalle\u015fme; modern toplumlar\u0131n ekonomik, sosyal ve siyasi yap\u0131lanmas\u0131n\u0131 etkileyerekyeniden [&hellip;]<\/p>\n","protected":false},"author":1,"featured_media":0,"parent":0,"menu_order":0,"comment_status":"closed","ping_status":"closed","template":"","meta":{"om_disable_all_campaigns":false,"_monsterinsights_skip_tracking":false,"_monsterinsights_sitenote_active":false,"_monsterinsights_sitenote_note":"","_monsterinsights_sitenote_category":0,"site-sidebar-layout":"no-sidebar","site-content-layout":"page-builder","ast-site-content-layout":"full-width-container","site-content-style":"default","site-sidebar-style":"default","ast-global-header-display":"","ast-banner-title-visibility":"","ast-main-header-display":"","ast-hfb-above-header-display":"","ast-hfb-below-header-display":"","ast-hfb-mobile-header-display":"","site-post-title":"disabled","ast-breadcrumbs-content":"","ast-featured-img":"disabled","footer-sml-layout":"","theme-transparent-header-meta":"","adv-header-id-meta":"","stick-header-meta":"","header-above-stick-meta":"","header-main-stick-meta":"","header-below-stick-meta":"","astra-migrate-meta-layouts":"set","ast-page-background-enabled":"default","ast-page-background-meta":{"desktop":{"background-color":"","background-image":"","background-repeat":"repeat","background-position":"center center","background-size":"auto","background-attachment":"scroll","background-type":"","background-media":"","overlay-type":"","overlay-color":"","overlay-opacity":"","overlay-gradient":""},"tablet":{"background-color":"","background-image":"","background-repeat":"repeat","background-position":"center center","background-size":"auto","background-attachment":"scroll","background-type":"","background-media":"","overlay-type":"","overlay-color":"","overlay-opacity":"","overlay-gradient":""},"mobile":{"background-color":"","background-image":"","background-repeat":"repeat","background-position":"center center","background-size":"auto","background-attachment":"scroll","background-type":"","background-media":"","overlay-type":"","overlay-color":"","overlay-opacity":"","overlay-gradient":""}},"ast-content-background-meta":{"desktop":{"background-color":"var(--ast-global-color-5)","background-image":"","background-repeat":"repeat","background-position":"center center","background-size":"auto","background-attachment":"scroll","background-type":"","background-media":"","overlay-type":"","overlay-color":"","overlay-opacity":"","overlay-gradient":""},"tablet":{"background-color":"var(--ast-global-color-5)","background-image":"","background-repeat":"repeat","background-position":"center center","background-size":"auto","background-attachment":"scroll","background-type":"","background-media":"","overlay-type":"","overlay-color":"","overlay-opacity":"","overlay-gradient":""},"mobile":{"background-color":"var(--ast-global-color-5)","background-image":"","background-repeat":"repeat","background-position":"center center","background-size":"auto","background-attachment":"scroll","background-type":"","background-media":"","overlay-type":"","overlay-color":"","overlay-opacity":"","overlay-gradient":""}},"footnotes":""},"class_list":["post-1420","page","type-page","status-publish","hentry"],"aioseo_notices":[],"_links":{"self":[{"href":"https:\/\/www.copantalya.com\/ko\/wp-json\/wp\/v2\/pages\/1420","targetHints":{"allow":["GET"]}}],"collection":[{"href":"https:\/\/www.copantalya.com\/ko\/wp-json\/wp\/v2\/pages"}],"about":[{"href":"https:\/\/www.copantalya.com\/ko\/wp-json\/wp\/v2\/types\/page"}],"author":[{"embeddable":true,"href":"https:\/\/www.copantalya.com\/ko\/wp-json\/wp\/v2\/users\/1"}],"replies":[{"embeddable":true,"href":"https:\/\/www.copantalya.com\/ko\/wp-json\/wp\/v2\/comments?post=1420"}],"version-history":[{"count":13,"href":"https:\/\/www.copantalya.com\/ko\/wp-json\/wp\/v2\/pages\/1420\/revisions"}],"predecessor-version":[{"id":1707,"href":"https:\/\/www.copantalya.com\/ko\/wp-json\/wp\/v2\/pages\/1420\/revisions\/1707"}],"wp:attachment":[{"href":"https:\/\/www.copantalya.com\/ko\/wp-json\/wp\/v2\/media?parent=1420"}],"curies":[{"name":"wp","href":"https:\/\/api.w.org\/{rel}","templated":true}]}}