{"id":1426,"date":"2026-02-18T19:16:20","date_gmt":"2026-02-18T19:16:20","guid":{"rendered":"https:\/\/www.copantalya.com\/?page_id=1426"},"modified":"2026-03-02T19:57:56","modified_gmt":"2026-03-02T19:57:56","slug":"yeni-nesil-gezginler-ve-iklim-diplomasisi","status":"publish","type":"page","link":"https:\/\/www.copantalya.com\/ko\/yeni-nesil-gezginler-ve-iklim-diplomasisi\/","title":{"rendered":"\uc2e0\uc138\ub300 \uc5ec\ud589\uac1d\uacfc \uae30\ud6c4 \uc678\uad50"},"content":{"rendered":"<div data-elementor-type=\"wp-page\" data-elementor-id=\"1426\" class=\"elementor elementor-1426\">\n\t\t\t\t<div class=\"elementor-element elementor-element-7dbd4a94 e-flex e-con-boxed e-con e-parent\" data-id=\"7dbd4a94\" data-element_type=\"container\" data-e-type=\"container\" data-settings=\"{&quot;background_background&quot;:&quot;classic&quot;}\">\n\t\t\t\t\t<div class=\"e-con-inner\">\n\t\t<div class=\"elementor-element elementor-element-e129312 e-con-full e-flex e-con e-child\" data-id=\"e129312\" data-element_type=\"container\" data-e-type=\"container\">\n\t\t\t\t<div class=\"elementor-element elementor-element-4ccc6030 elementor-widget elementor-widget-heading\" data-id=\"4ccc6030\" data-element_type=\"widget\" data-e-type=\"widget\" data-widget_type=\"heading.default\">\n\t\t\t\t\t<h1 class=\"elementor-heading-title elementor-size-default\">\uc0c8\ub85c\uc6b4 \uc138\ub300\uc758 \uc5ec\ud589\uac1d\uacfc \uae30\ud6c4 \uc678\uad50<\/h1>\t\t\t\t<\/div>\n\t\t\t\t<\/div>\n\t\t\t\t\t<\/div>\n\t\t\t\t<\/div>\n\t\t\t\t<section class=\"elementor-section elementor-top-section elementor-element elementor-element-4b5e4976 elementor-section-content-middle elementor-section-boxed elementor-section-height-default elementor-section-height-default\" data-id=\"4b5e4976\" data-element_type=\"section\" data-e-type=\"section\" data-settings=\"{&quot;background_background&quot;:&quot;classic&quot;}\">\n\t\t\t\t\t\t<div class=\"elementor-container elementor-column-gap-no\">\n\t\t\t\t\t<div class=\"elementor-column elementor-col-100 elementor-top-column elementor-element elementor-element-63e5eda8\" data-id=\"63e5eda8\" data-element_type=\"column\" data-e-type=\"column\">\n\t\t\t<div class=\"elementor-widget-wrap elementor-element-populated\">\n\t\t\t\t\t\t<div class=\"elementor-element elementor-element-f806ba1 elementor-widget elementor-widget-text-editor\" data-id=\"f806ba1\" data-element_type=\"widget\" data-e-type=\"widget\" data-widget_type=\"text-editor.default\">\n\t\t\t\t\t\t\t\t\t<p data-start=\"118\" data-end=\"705\">\uc9c0\uad6c \uae30\ud6c4 \ubcc0\ud654\ub294 \ud658\uacbd\uc5d0 \uc601\ud5a5\uc744 \ubbf8\uce58\ub294 \ud604\uc0c1\uc77c \ubfd0\ub9cc \uc544\ub2c8\ub77c \uad6d\uac00, \uad6d\uc81c\uae30\uad6c, \ube44\uc815\ubd80\uae30\uad6c\uac00 \uad6d\uac00 \ubc0f \uad6d\uc81c \uc218\uc900\uc5d0\uc11c \uc0c1\ud638\uc791\uc6a9\ud558\ub294 \ub2e4\uce35\uc801\uc778 \uacfc\uc815\uc774\uae30\ub3c4 \ud569\ub2c8\ub2e4. \uc774 \uacfc\uc815\uc5d0\uc11c \ud2b9\ud788 \ucd5c\uadfc \uba87 \ub144 \ub3d9\uc548 \uccad\uc18c\ub144\uc740 \ub354\uc6b1 \ub208\uc5d0 \ub744\uace0 \ud6a8\uacfc\uc801\uc778 \ud589\uc704\uc790\uac00 \ub418\uc5c8\uc2b5\ub2c8\ub2e4. \uae30\ud6c4 \uc704\uae30\uc758 \uacb0\uacfc\ub85c \uac00\uc7a5 \ud070 \uc601\ud5a5\uc744 \ubc1b\uac8c \ub420 \uc138\ub300\uc778 \uccad\uc18c\ub144\ub4e4\uc740 \uc778\uc2dd \uc81c\uace0\ubfd0\ub9cc \uc544\ub2c8\ub77c \uc758\uc0ac \uacb0\uc815 \uacfc\uc815\uc5d0 \ucc38\uc5ec\ub97c \uc694\uad6c\ud558\uace0 \uc815\uce58\uc801 \ub17c\uc7c1\uc744 \ud615\uc131\ud568\uc73c\ub85c\uc368 \ub354\uc6b1 \ub450\ub4dc\ub7ec\uc9c4 \uc704\uce58\ub97c \ud655\ubcf4\ud558\uace0 \uc788\uc2b5\ub2c8\ub2e4.<\/p><p data-start=\"707\" data-end=\"1257\">\uc81c\ub3c4\uc801 \ucc28\uc6d0\uc5d0\uc11c \uccad\uc18c\ub144\uc774 \uae00\ub85c\ubc8c \uae30\ud6c4 \ud504\ub85c\uc138\uc2a4\uc5d0 \ucc38\uc5ec\ud558\ub294 \uac83\uc740 \uc720\uc5d4\uae30\ud6c4\ubcc0\ud654\ud611\uc57d(UNFCCC)\uc5d0 \ub530\ub978 \uad6d\uc81c \ud611\uc0c1\uc5d0\uc11c \ubcfc \uc218 \uc788\uc2b5\ub2c8\ub2e4. \ud558\uc9c0\ub9cc \ub9e4\ub144 \uc720\uc5d4\uae30\ud6c4\ud68c\uc758(COP) \uc9c1\uc804\uc5d0 \uc5f4\ub9ac\uace0 \uc720\uc5d4\uae30\ud6c4\ubcc0\ud654\ud611\uc57d\uc758 \uacf5\uc2dd \uccad\uc18c\ub144 \ub300\ud45c \uae30\uad6c\uc778 YOUNGO \uc0b0\ud558\uc5d0 \uc870\uc9c1\ub418\ub294 \uc720\uc5d4\uae30\ud6c4\ubcc0\ud654\uccad\uc18c\ub144\ud68c\uc758(COY)\ub294 \uccad\uc18c\ub144\ub4e4\uc774 COP \uacfc\uc815\uc744 \uc900\ube44\ud560 \uc218 \uc788\ub3c4\ub85d \uae30\uc220\uc801, \uc815\uce58\uc801 \uc815\ubcf4\ub97c \uc81c\uacf5\ud558\ub294 \uc911\uc694\ud55c \ud68c\uc758\uc785\ub2c8\ub2e4.<\/p><p data-start=\"1259\" data-end=\"2085\">COY\uc758 \uae00\ub85c\ubc8c \uad6c\uc870\ub294 \uc9c0\uc5ed \ubc0f \uad6d\uac00 \ucc28\uc6d0\uc5d0\uc11c \uc720\uc0ac\ud55c \uba54\ucee4\ub2c8\uc998\uc758 \ucd9c\ud604\uc744 \uc704\ud55c \uae38\uc744 \uc5f4\uc5c8\uc2b5\ub2c8\ub2e4. \uc608\ub97c \ub4e4\uc5b4, \uc9c0\uc5ed \uccad\uc18c\ub144 \ud68c\uc758(LCOY)\ub294 \uccad\uc18c\ub144\ub4e4\uc774 \uc790\uad6d\uc758 \uae30\ud6c4 \ubcc0\ud654\uc640 \uad00\ub828\ub41c \uc6b0\uc120\uc21c\uc704\ub97c \ud30c\uc545\ud558\uace0, \uc9c0\uc5ed \ubb38\uc81c\ub97c \ub17c\uc758\ud558\uba70, \uad6d\uac00 \uc815\ucc45 \uad8c\uace0\uc548\uc744 \uac1c\ubc1c\ud558\ub294 \ud50c\ub7ab\ud3fc\uc785\ub2c8\ub2e4. \uc774\ub7ec\ud55c \uc815\uc0c1 \ud68c\uc758\uc5d0\uc11c \ub098\uc624\ub294 \uc120\uc5b8\ubb38\uc5d0\ub294 \uad6d\uac00\ubfd0\ub9cc \uc544\ub2c8\ub77c \ubbfc\uac04 \ubd80\ubb38\uc5d0 \ub300\ud55c \uc694\uad6c\ub3c4 \ud3ec\ud568\ub429\ub2c8\ub2e4. \uc774 \uc2dc\uc810\uc5d0\uc11c \uad00\uad11 \ubd80\ubb38\uc740 COY\uc640 LCOY\uc5d0\uc11c \ud45c\uba85\ub41c \uc694\uad6c\uac00 \uc9c1\uc811\uc801\uc73c\ub85c \ubc18\uc601\ub41c \ubd84\uc57c \uc911 \ud558\ub098\uac00 \ub418\uc5c8\uc2b5\ub2c8\ub2e4. \uad00\uad11\uc740 \uad50\ud1b5, \uacbd\uc81c, \uc5d0\ub108\uc9c0 \uc18c\ube44\uc640 \uac19\uc740 \ubd84\uc57c\uc640 \uc9c1\uc811\uc801\uc73c\ub85c \uc5f0\uad00\ub418\uc5b4 \uc788\uae30 \ub54c\ubb38\uc785\ub2c8\ub2e4. \uc774\ub7ec\ud55c \uc774\uc720\ub85c \uae30\ud6c4 \uc815\uc0c1\ud68c\uc758\uc5d0\uc11c \uc80a\uc740\uc774\ub4e4\uc774 \ud45c\uba85\ud55c \ud0c4\uc18c \uac10\ucd95\uacfc \ud22c\uba85\uc131\uc5d0 \ub300\ud55c \uc694\uad6c\ub294 \uad00\uad11 \uc815\ucc45\uc744 \uc7ac\ud3b8\ud558\uae30 \uc2dc\uc791\ud588\uc2b5\ub2c8\ub2e4.<\/p><p data-start=\"2087\" data-end=\"2543\">COY\uc640 LCOY \ud504\ub85c\uc138\uc2a4\uc5d0\uc11c \uc81c\uc2dc\ub41c \uc694\uad6c\uc0ac\ud56d\uc740 \uc0c1\uc9d5\uc801\uc77c \ubfd0\ub9cc \uc544\ub2c8\ub77c \uae00\ub85c\ubc8c \uacbd\uc81c \ubd80\ubb38\uc744 \uacac\uc778\ud558\ub294 \uc815\ucc45 \uad8c\uace0 \uc0ac\ud56d\ub3c4 \ud3ec\ud568\ud558\uace0 \uc788\uc2b5\ub2c8\ub2e4. \uad00\uad11 \ubd80\ubb38\uc740 \uc804 \uc138\uacc4 \ud0c4\uc18c \ubc30\ucd9c\ub7c9\uc758 \uc0c1\ub2f9 \ubd80\ubd84\uc744 \ucc28\uc9c0\ud558\uae30 \ub54c\ubb38\uc5d0 \uae30\ud6c4 \uc678\uad50\uc5d0\uc11c \ud2b9\ubcc4\ud55c \uc704\uce58\ub97c \ucc28\uc9c0\ud558\uace0 \uc788\uc2b5\ub2c8\ub2e4. \ud2b9\ud788 \ud56d\uacf5 \uc6b4\uc1a1\uc740 \uad00\uad11\uc5c5\uc758 \ud0c4\uc18c \uc9d1\uc57d\uc801\uc778 \uce21\uba74\uc744 \uad6c\uc131\ud558\ub294 \ubc18\uba74, \uc219\ubc15 \ubd80\ubb38\uc740 \uc5d0\ub108\uc9c0\uc640 \ubb3c \uc18c\ube44 \uce21\uba74\uc5d0\uc11c \uc2ec\uac01\ud55c \ud658\uacbd \uc601\ud5a5\uc744 \ucd08\ub798\ud569\ub2c8\ub2e4.<\/p><p data-start=\"2545\" data-end=\"3357\">\uccad\uc18c\ub144 \uc120\uc5b8\ubb38\uc5d0\uc11c \uc790\uc8fc \uac15\uc870\ub418\ub294 \u201c\uae30\ud6c4 \uc815\uc758'\ub77c\ub294 \uac1c\ub150\uc740 \uae30\ud6c4 \ubcc0\ud654 \uacfc\uc815\uc5d0\uc11c \uc778\uac04\ubfd0\ub9cc \uc544\ub2c8\ub77c \uc790\uc5f0\uc758 \ubaa8\ub4e0 \uc874\uc7ac\uc5d0 \ub300\ud55c \uc815\uc758\uac00 \ubcf4\uc7a5\ub418\uc5b4\uc57c \ud55c\ub2e4\ub294 \uac83\uc744 \ud45c\ud604\ud569\ub2c8\ub2e4. \uc774\ub7ec\ud55c \uc774\ud574\ub294 \uae30\ud6c4\ubcc0\ud654\uc5d0 \uae30\uc5ec\ud558\ub294 \ud589\uc704\uc790\uc640 \uc758\uc0ac\uacb0\uc815\uad8c\uc790\uc5d0\uac8c \ub354 \ud070 \ucc45\uc784\uc744 \ubd80\uc5ec\ud569\ub2c8\ub2e4. \uc774\ub7ec\ud55c \ub9e5\ub77d\uc5d0\uc11c \uad00\uad11 \ud22c\uc790\uc758 \ud658\uacbd\uc801 \uc601\ud5a5\ubfd0\ub9cc \uc544\ub2c8\ub77c \uc0ac\ud68c\uc801 \uc601\ud5a5\ub3c4 \uace0\ub824\ud574\uc57c \ud569\ub2c8\ub2e4. \uccad\ub144 \uc678\uad50\ub294 \ub300\uaddc\ubaa8 \uad00\uad11 \ud504\ub85c\uc81d\ud2b8\uac00 \uc9c0\uc5ed \uc8fc\ubbfc\ub4e4\uc758 \uc0dd\ud65c \uacf5\uac04\uc744 \ucd95\uc18c\ud558\uace0, \uc790\uc5f0 \uc790\uc6d0\uc5d0 \ub300\ud55c \uc811\uadfc\uc744 \uc81c\ud55c\ud558\uba70, \uacbd\uc81c\uc801 \uc774\uc775\uc744 \uc704\ud574 \ubb38\ud654\uc720\uc0b0\uc744 \uc774\uc6a9\ud558\ub294 \uac83\uc744 \ube44\ud310\ud569\ub2c8\ub2e4. \ub610\ud55c \uad00\uad11\uc774 \uac1c\ubc1c\uc758 \ub3c4\uad6c\ub85c \uc81c\uc2dc\ub420 \ub54c \ubc1c\uc0dd\ud558\ub294 \ubd88\ud3c9\ub4f1\uc744 \uc778\uc2dd\ud558\uace0 \uc774\ub97c \ud574\uc18c\ud560 \uac83\uc744 \uc694\uad6c\ud569\ub2c8\ub2e4.<\/p><p data-start=\"3359\" data-end=\"4156\">\uccad\ub144 \uc678\uad50\uac00 \uc81c\uc2dc\ud558\ub294 \uc774\ub7ec\ud55c \uad00\uc810\uc740 \uad00\uad11 \uc2dc\uc7a5\uc5d0\uc11c \uc2e0\uc138\ub300 \uc5ec\ud589\uac1d\uc758 \uc120\ud638\ub3c4\uc5d0\ub3c4 \ubc18\uc601\ub418\uc5b4 \uc788\uc2b5\ub2c8\ub2e4. \uc2e0\uc138\ub300 \uc5ec\ud589\uac1d\uc740 \uac1c\ubcc4\uc801\uc778 \ud734\uac00 \uacbd\ud5d8\uc744 \ucc3e\ub294 \uc18c\ube44\uc790\uc77c \ubfd0\ub9cc \uc544\ub2c8\ub77c \uc724\ub9ac\uc801, \ud658\uacbd\uc801 \uac10\uc218\uc131\uc758 \ud2c0 \uc548\uc5d0\uc11c \uc5ec\ud589\ud558\ub294 \uac1c\uc778\uc774\uae30\ub3c4 \ud569\ub2c8\ub2e4. \uc724\ub9ac\uc801 \uad00\uad11 \uae30\uc900\uc740 \uad00\uad11\uc774 \uc0ac\ud68c\uc640 \ud658\uacbd\uc5d0 \ubbf8\uce58\ub294 \ubd80\uc815\uc801\uc778 \uc601\ud5a5\uc744 \ucd5c\uc18c\ud654\ud558\uace0 \uc9c0\uc18d \uac00\ub2a5\ud55c \uac1c\ubc1c\uc744 \uc9c0\uc6d0\ud558\ub294 \uac83\uc744 \ubaa9\ud45c\ub85c \ud558\ub294 \uc6d0\uce59\uc785\ub2c8\ub2e4. \uc774\ub7ec\ud55c \uc6d0\uce59\uc5d0\ub294 \uc9c0\uc5ed \uc0ac\ud68c\uc5d0 \ud61c\ud0dd\uc744 \uc8fc\uace0, \uc9c0\uc5ed \uc8fc\ubbfc\uc744 \uc9c0\uc6d0\ud558\uba70, \uacbd\uc81c\uc801, \uc0ac\ud68c\uc801, \ud658\uacbd\uc801 \uce21\uba74\uc744 \ud568\uaed8 \ub2e4\ub8e8\ub294 \uc811\uadfc \ubc29\uc2dd\uc774 \ud3ec\ud568\ub429\ub2c8\ub2e4. \uc608\ub97c \ub4e4\uc5b4 \ud0c4\uc18c \ubc30\ucd9c\ub7c9 \uce21\uc815, \uc7ac\uc0dd \uc5d0\ub108\uc9c0 \uc0ac\uc6a9, \ubb3c \ubc0f \ud3d0\uae30\ubb3c \uad00\ub9ac \uacc4\ud68d\uc758 \ud22c\uba85\ud55c \uacf5\uac1c, \uc9c0\uc5ed \uc0ac\ud68c\uc640\uc758 \uacf5\uc815\ud55c \ud611\ub825 \uad00\uacc4 \uad6c\ucd95 \ub4f1\uc774 \uc774\ub7ec\ud55c \uae30\uc900\uc5d0 \ud3ec\ud568\ub429\ub2c8\ub2e4.<\/p><p data-start=\"4158\" data-end=\"4722\">\uc624\ub298\ub0a0 \uc80a\uc740\uc774\ub4e4\uc758 \uc5ec\ud589 \uc120\ud638\ub3c4\ub294 \ud3b8\uc548\ud568\uc774\ub098 \uacbd\uc81c\uc801 \uac00\uaca9 \uae30\uc900\ub9cc\uc73c\ub85c \uacb0\uc815\ub418\uc9c0 \uc54a\uc2b5\ub2c8\ub2e4. \ud22c\uba85\uc131\uacfc \uc9c0\uc18d \uac00\ub2a5\uc131\uc740 \uc2e0\uc138\ub300 \uc5ec\ud589\uac1d\uc758 \ube0c\ub79c\ub4dc \ucda9\uc131\ub3c4\ub97c \uacb0\uc815\ud558\ub294 \ud575\uc2ec \uc694\uc18c\uac00 \ub418\uc5c8\uc2b5\ub2c8\ub2e4. \uae30\uc5c5\uc774 \uc2e4\uc81c\ub85c\ub294 \uce5c\ud658\uacbd\uc801\uc774\uc9c0 \uc54a\uc740\ub370\ub3c4 \uce5c\ud658\uacbd\uc801\uc778 \uc774\ubbf8\uc9c0\ub97c \uc798\ubabb \uc81c\uc2dc\ud558\ub294 \uc774\ub978\ubc14 \u201c\uadf8\ub9b0 \uc6cc\uc2f1'\uc740 \uc80a\uc740 \uc5ec\ud589\uac1d\ub4e4\uc5d0\uac8c \uc2ec\uac01\ud55c \uc704\ud5d8\uc73c\ub85c \uc5ec\uaca8\uc9c0\uace0 \uc788\uc2b5\ub2c8\ub2e4. \uc774\ub7ec\ud55c \uc774\uc720\ub85c \uc18c\ube44\uc790\ub4e4\uc740 \ub3c5\ub9bd\uc801\uc778 \uc778\uc99d\uc11c\uc640 \uac10\uc0ac \ubcf4\uace0\uc11c\uac00 \ub4b7\ubc1b\uce68\ub418\uc9c0 \uc54a\ub294 \uc5c5\uccb4\ub97c \uc2e0\ub8b0\ud558\uc9c0 \uc54a\uc2b5\ub2c8\ub2e4.<\/p><p data-start=\"4724\" data-end=\"5128\" data-is-last-node=\"\" data-is-only-node=\"\">\uacb0\ub860\uc801\uc73c\ub85c, \uad00\uad11 \ubd80\ubb38\uc758 \ubbf8\ub798\ub294 COY \ubc0f LCOY \uccad\ub144\uce35\uc758 \uae30\ub300\uc640 \uc5bc\ub9c8\ub098 \uc870\ud654\ub97c \uc774\ub8f0 \uc218 \uc788\ub290\ub0d0\uc5d0 \ub2ec\ub824 \uc788\uc2b5\ub2c8\ub2e4. \uc774 \ubd84\uc57c\uc5d0\uc11c \ud65c\ub3d9\ud558\ub294 \uae30\uc5c5\ub4e4\uc740 \uce21\uc815 \uac00\ub2a5\ud55c \ubaa9\ud45c\uc640 \uba85\ud655\ud55c \ubcf4\uace0\ub97c \ud1b5\ud574 \uc9c0\uc18d\uac00\ub2a5\uc131 \uacc4\ud68d\uc744 \uad6c\uccb4\ud654\ud574\uc57c \ud569\ub2c8\ub2e4. \uc774\ub7ec\ud55c \uc811\uadfc \ubc29\uc2dd\uc740 \ud658\uacbd\uc801 \uc774\uc775\uc744 \uc81c\uacf5\ud560 \ubfd0\ub9cc \uc544\ub2c8\ub77c \uc0ac\ud68c\uc801 \uc2e0\ub8b0\ub97c \uac15\ud654\ud558\uc5ec \uc0ac\ud68c\uc801 \uc774\uc775 \ucc3d\ucd9c\uc5d0\ub3c4 \uae30\uc5ec\ud560 \uac83\uc785\ub2c8\ub2e4.<\/p>\t\t\t\t\t\t\t\t<\/div>\n\t\t\t\t<div class=\"elementor-element elementor-element-1bda47e0 elementor-widget-divider--view-line elementor-widget elementor-widget-divider\" data-id=\"1bda47e0\" data-element_type=\"widget\" data-e-type=\"widget\" data-widget_type=\"divider.default\">\n\t\t\t\t\t\t\t<div class=\"elementor-divider\">\n\t\t\t<span class=\"elementor-divider-separator\">\n\t\t\t\t\t\t<\/span>\n\t\t<\/div>\n\t\t\t\t\t\t<\/div>\n\t\t\t\t<div class=\"elementor-element elementor-element-325dec64 elementor-widget elementor-widget-heading\" data-id=\"325dec64\" data-element_type=\"widget\" data-e-type=\"widget\" data-widget_type=\"heading.default\">\n\t\t\t\t\t<h5 class=\"elementor-heading-title elementor-size-default\">\ucd9c\ucc98:<\/h5>\t\t\t\t<\/div>\n\t\t\t\t<div class=\"elementor-element elementor-element-620c12e5 elementor-widget elementor-widget-text-editor\" data-id=\"620c12e5\" data-element_type=\"widget\" data-e-type=\"widget\" data-widget_type=\"text-editor.default\">\n\t\t\t\t\t\t\t\t\t<p class=\"p1\">https:\/\/unfccc.int\/<br \/>https:\/\/iycforyouth.org\/<br \/>https:\/\/www.greenpeace.org\/global\/<br \/>https:\/\/climatepromise.undp.org\/<br \/>https:\/\/turkiyeturizmansiklopedisi.com\/<br \/>\ud658\uacbd\uc744 \uc0dd\uac01\ud558\ub294 \uc5ec\ud589\uc790\uc5d0\uac8c \uc601\ud5a5\uc744 \ubbf8\uce58\uae30: \uc9c0\uc18d \uac00\ub2a5\ud55c \ubaa9\uc801\uc9c0\ub97c \ud64d\ubcf4\ud558\ub294 \uce5c\ud658\uacbd \ub9c8\ucf00\ud305\uc758 \uc5ed\ud560(2025). Acta Psychologica.<br \/>\u00c7avu\u015f, M. N. (2024). \uad00\uad11, \uc9c0\uc18d \uac00\ub2a5\uc131 \ubc0f \uae30\ud6c4 \ubcc0\ud654\uc758 \ucd95\uc5d0 \ub300\ud574 2000-2024 \ub144\uc5d0 \ubc1c\ud45c \ub41c \ud559\uc220 \uc5f0\uad6c\uc5d0 \ub300\ud55c \uc11c\uc9c0 \uac80\ud1a0. \uc9c0\ub9ac \uacfc\ud559 \uc800\ub110, 22(2), 268-293.<br \/>Ceylan, S. (2025). \uc9c0\uc18d \uac00\ub2a5\uc131\uacfc \ub179\uc0c9 \uacbd\uc81c \uc811\uadfc \ubc29\uc2dd\uc744 \ud1b5\ud55c \ub179\uc0c9 \uad00\uad11 \uc77d\uae30.<br \/>Onur, M., Soylu, A. G., Yorganc\u0131, B., &amp; K\u0131l\u0131\u00e7han, R. (2026). \uad00\uad11 \ubc0f \ud658\ub300 \uc0b0\uc5c5\uc5d0\uc11c \uadf8\ub9b0 \uc6cc\uc2f1\uc5d0 \ub300\ud55c \uccb4\uacc4\uc801\uc774\uace0 \uc8fc\uc81c\ubcc4 \uac80\ud1a0. \uc9c0\uc18d \uac00\ub2a5\uc131, 18(3), 1255.ncel \uad00\uad11 \uc5f0\uad6c \uc800\ub110, 9(1), 159-182.<\/p>\t\t\t\t\t\t\t\t<\/div>\n\t\t\t\t\t<\/div>\n\t\t<\/div>\n\t\t\t\t\t<\/div>\n\t\t<\/section>\n\t\t\t\t<\/div>","protected":false},"excerpt":{"rendered":"<p>YEN\u0130 NES\u0130L GEZG\u0130NLER VE \u0130KL\u0130M D\u0130PLOMAS\u0130S\u0130 K\u00fcresel iklim de\u011fi\u015fikli\u011fi yaln\u0131zca \u00e7evreyi etkileyen bir olgu de\u011fildir; ayn\u0131 zamanda ulusal ve uluslararas\u0131 [&hellip;]<\/p>\n","protected":false},"author":1,"featured_media":0,"parent":0,"menu_order":0,"comment_status":"closed","ping_status":"closed","template":"","meta":{"om_disable_all_campaigns":false,"_monsterinsights_skip_tracking":false,"_monsterinsights_sitenote_active":false,"_monsterinsights_sitenote_note":"","_monsterinsights_sitenote_category":0,"site-sidebar-layout":"no-sidebar","site-content-layout":"page-builder","ast-site-content-layout":"full-width-container","site-content-style":"default","site-sidebar-style":"default","ast-global-header-display":"","ast-banner-title-visibility":"","ast-main-header-display":"","ast-hfb-above-header-display":"","ast-hfb-below-header-display":"","ast-hfb-mobile-header-display":"","site-post-title":"disabled","ast-breadcrumbs-content":"","ast-featured-img":"disabled","footer-sml-layout":"","theme-transparent-header-meta":"","adv-header-id-meta":"","stick-header-meta":"","header-above-stick-meta":"","header-main-stick-meta":"","header-below-stick-meta":"","astra-migrate-meta-layouts":"set","ast-page-background-enabled":"default","ast-page-background-meta":{"desktop":{"background-color":"","background-image":"","background-repeat":"repeat","background-position":"center center","background-size":"auto","background-attachment":"scroll","background-type":"","background-media":"","overlay-type":"","overlay-color":"","overlay-opacity":"","overlay-gradient":""},"tablet":{"background-color":"","background-image":"","background-repeat":"repeat","background-position":"center center","background-size":"auto","background-attachment":"scroll","background-type":"","background-media":"","overlay-type":"","overlay-color":"","overlay-opacity":"","overlay-gradient":""},"mobile":{"background-color":"","background-image":"","background-repeat":"repeat","background-position":"center center","background-size":"auto","background-attachment":"scroll","background-type":"","background-media":"","overlay-type":"","overlay-color":"","overlay-opacity":"","overlay-gradient":""}},"ast-content-background-meta":{"desktop":{"background-color":"var(--ast-global-color-5)","background-image":"","background-repeat":"repeat","background-position":"center center","background-size":"auto","background-attachment":"scroll","background-type":"","background-media":"","overlay-type":"","overlay-color":"","overlay-opacity":"","overlay-gradient":""},"tablet":{"background-color":"var(--ast-global-color-5)","background-image":"","background-repeat":"repeat","background-position":"center center","background-size":"auto","background-attachment":"scroll","background-type":"","background-media":"","overlay-type":"","overlay-color":"","overlay-opacity":"","overlay-gradient":""},"mobile":{"background-color":"var(--ast-global-color-5)","background-image":"","background-repeat":"repeat","background-position":"center center","background-size":"auto","background-attachment":"scroll","background-type":"","background-media":"","overlay-type":"","overlay-color":"","overlay-opacity":"","overlay-gradient":""}},"footnotes":""},"class_list":["post-1426","page","type-page","status-publish","hentry"],"aioseo_notices":[],"_links":{"self":[{"href":"https:\/\/www.copantalya.com\/ko\/wp-json\/wp\/v2\/pages\/1426","targetHints":{"allow":["GET"]}}],"collection":[{"href":"https:\/\/www.copantalya.com\/ko\/wp-json\/wp\/v2\/pages"}],"about":[{"href":"https:\/\/www.copantalya.com\/ko\/wp-json\/wp\/v2\/types\/page"}],"author":[{"embeddable":true,"href":"https:\/\/www.copantalya.com\/ko\/wp-json\/wp\/v2\/users\/1"}],"replies":[{"embeddable":true,"href":"https:\/\/www.copantalya.com\/ko\/wp-json\/wp\/v2\/comments?post=1426"}],"version-history":[{"count":5,"href":"https:\/\/www.copantalya.com\/ko\/wp-json\/wp\/v2\/pages\/1426\/revisions"}],"predecessor-version":[{"id":1726,"href":"https:\/\/www.copantalya.com\/ko\/wp-json\/wp\/v2\/pages\/1426\/revisions\/1726"}],"wp:attachment":[{"href":"https:\/\/www.copantalya.com\/ko\/wp-json\/wp\/v2\/media?parent=1426"}],"curies":[{"name":"wp","href":"https:\/\/api.w.org\/{rel}","templated":true}]}}