{"id":1731,"date":"2026-03-06T18:40:01","date_gmt":"2026-03-06T18:40:01","guid":{"rendered":"https:\/\/www.copantalya.com\/?page_id=1731"},"modified":"2026-03-06T18:43:51","modified_gmt":"2026-03-06T18:43:51","slug":"iklim-gocu-2050de-sinirlar-nasil-degisecek","status":"publish","type":"page","link":"https:\/\/www.copantalya.com\/ko\/iklim-gocu-2050de-sinirlar-nasil-degisecek\/","title":{"rendered":"\u00a0\uae30\ud6c4 \uc774\uc8fc: 2050\ub144 \uad6d\uacbd\uc740 \uc5b4\ub5bb\uac8c \ubcc0\ud654\ud560\uae4c\uc694?\u00a0"},"content":{"rendered":"<div data-elementor-type=\"wp-page\" data-elementor-id=\"1731\" class=\"elementor elementor-1731\">\n\t\t\t\t<div class=\"elementor-element elementor-element-405e8f9 e-flex e-con-boxed e-con e-parent\" data-id=\"405e8f9\" data-element_type=\"container\" data-e-type=\"container\" data-settings=\"{&quot;background_background&quot;:&quot;classic&quot;}\">\n\t\t\t\t\t<div class=\"e-con-inner\">\n\t\t<div class=\"elementor-element elementor-element-5268a121 e-con-full e-flex e-con e-child\" data-id=\"5268a121\" data-element_type=\"container\" data-e-type=\"container\">\n\t\t\t\t<div class=\"elementor-element elementor-element-43afef02 elementor-widget elementor-widget-heading\" data-id=\"43afef02\" data-element_type=\"widget\" data-e-type=\"widget\" data-widget_type=\"heading.default\">\n\t\t\t\t\t<h1 class=\"elementor-heading-title elementor-size-default\">\uae30\ud6c4 \uc774\uc8fc: 2050\ub144 \uad6d\uacbd\uc740 \uc5b4\ub5bb\uac8c \ubcc0\ud654\ud560\uae4c\uc694?<\/h1>\t\t\t\t<\/div>\n\t\t\t\t<\/div>\n\t\t\t\t\t<\/div>\n\t\t\t\t<\/div>\n\t\t\t\t<section class=\"elementor-section elementor-top-section elementor-element elementor-element-4f737597 elementor-section-content-middle elementor-section-boxed elementor-section-height-default elementor-section-height-default\" data-id=\"4f737597\" data-element_type=\"section\" data-e-type=\"section\" data-settings=\"{&quot;background_background&quot;:&quot;classic&quot;}\">\n\t\t\t\t\t\t<div class=\"elementor-container elementor-column-gap-no\">\n\t\t\t\t\t<div class=\"elementor-column elementor-col-50 elementor-top-column elementor-element elementor-element-710c19d8\" data-id=\"710c19d8\" data-element_type=\"column\" data-e-type=\"column\" data-settings=\"{&quot;background_background&quot;:&quot;classic&quot;}\">\n\t\t\t<div class=\"elementor-widget-wrap elementor-element-populated\">\n\t\t\t\t\t\t<div class=\"elementor-element elementor-element-40cba7f8 elementor-invisible elementor-widget elementor-widget-image\" data-id=\"40cba7f8\" data-element_type=\"widget\" data-e-type=\"widget\" data-settings=\"{&quot;_animation&quot;:&quot;fadeInLeft&quot;}\" data-widget_type=\"image.default\">\n\t\t\t\t\t\t\t\t\t\t\t\t\t\t\t<img fetchpriority=\"high\" decoding=\"async\" width=\"1333\" height=\"2000\" src=\"https:\/\/www.copantalya.com\/wp-content\/uploads\/2026\/02\/2151587931-2.jpg\" class=\"attachment-full size-full wp-image-1181\" alt=\"2151587931 2\" srcset=\"https:\/\/www.copantalya.com\/wp-content\/uploads\/2026\/02\/2151587931-2.jpg 1333w, https:\/\/www.copantalya.com\/wp-content\/uploads\/2026\/02\/2151587931-2-200x300.jpg 200w, https:\/\/www.copantalya.com\/wp-content\/uploads\/2026\/02\/2151587931-2-682x1024.jpg 682w, https:\/\/www.copantalya.com\/wp-content\/uploads\/2026\/02\/2151587931-2-768x1152.jpg 768w, https:\/\/www.copantalya.com\/wp-content\/uploads\/2026\/02\/2151587931-2-1024x1536.jpg 1024w\" sizes=\"(max-width: 1333px) 100vw, 1333px\" title=\"\u00a0\uae30\ud6c4 \uc774\uc8fc: 2050\ub144 \uad6d\uacbd\uc740 \uc5b4\ub5bb\uac8c \ubcc0\ud654\ud560\uae4c\uc694?\u00a0\">\t\t\t\t\t\t\t\t\t\t\t\t\t\t\t<\/div>\n\t\t\t\t\t<\/div>\n\t\t<\/div>\n\t\t\t\t<div class=\"elementor-column elementor-col-50 elementor-top-column elementor-element elementor-element-279864f7\" data-id=\"279864f7\" data-element_type=\"column\" data-e-type=\"column\">\n\t\t\t<div class=\"elementor-widget-wrap elementor-element-populated\">\n\t\t\t\t\t\t<div class=\"elementor-element elementor-element-30dc80e4 elementor-invisible elementor-widget elementor-widget-text-editor\" data-id=\"30dc80e4\" data-element_type=\"widget\" data-e-type=\"widget\" data-settings=\"{&quot;_animation&quot;:&quot;fadeInRight&quot;,&quot;_animation_delay&quot;:500}\" data-widget_type=\"text-editor.default\">\n\t\t\t\t\t\t\t\t\t<p><span class=\"Apple-converted-space\">\u00a0<\/span>2023\ub144\uc5d0 \ubc1c\ud45c\ub41c IPCC \ubcf4\uace0\uc11c\uc640 COP21\uc758 \uacb0\uacfc\uc5d0 \ub530\ub974\uba74 \ud604\uc7ac\uc758 \ubc30\ucd9c \ucd94\uc138\uac00 \uc9c0\uc18d\ub41c\ub2e4\uba74 2030\ub144\ub300 \ucd08\uc5d0\ub294 2018\ub144\uc5d0 \uc124\uc815\ud55c 1.5\ub3c4 \uc784\uacc4\uce58\ub97c \ucd08\uacfc\ud560 \uac00\ub2a5\uc131\uc774 \ub192\uc2b5\ub2c8\ub2e4. \ud604\uc7ac \uc0c1\ud669\uc758 \uc545\ud654\ub97c \ub9c9\uc9c0 \ubabb\ud558\uba74 \uadf9\uc9c0\ubc29\uc758 \ube59\ud558\uac00 \ub179\uc544 \ud574\uc218\uba74\uc774 \uc0c1\uc2b9\ud558\uace0 \ub9ce\uc740 \ub3c4\uc2dc\uac00 \uce68\uc218\ub418\ub294 \ub4f1\uc758 \uc704\ud5d8\uc774 \uc608\uc0c1\ub429\ub2c8\ub2e4. \uc774\ub7ec\ud55c \uc774\uc720\ub85c \uc218\ubc31\ub9cc \uba85\uc758 \uc0ac\ub78c\ub4e4\uc774 \ub178\uc219\uc790\uac00 \ub420 \uc704\ud5d8\uc5d0 \uc9c1\uba74 \ud560 \uac83\uc73c\ub85c \uc608\uc0c1\ub429\ub2c8\ub2e4. \ubc95\uc870\uacc4\uc5d0\uc11c\ub294 \uc774\ub7ec\ud55c \uc0c1\ud669\uc744 \ubc18\uc601\ud558\uc5ec \uae30\ud6c4 \ub09c\ubbfc\uacfc \uae30\ud6c4 \uc5ec\uad8c\uc774\ub77c\ub294 \uac1c\ub150\uc774 \ub17c\uc758\ub418\uace0 \uc788\uc73c\uba70, \ud544\uc5f0\uc801\uc778 \uacb0\uacfc\ub85c \uae30\ud6c4 \uad6d\uacbd\uc774 \uc5b4\ub5bb\uac8c \ubcc0\ud654\ud560 \uac83\uc778\uc9c0\uc5d0 \ub300\ud55c \ub17c\uc758\uac00 \uc9c4\ud589\ub418\uace0 \uc788\uc2b5\ub2c8\ub2e4. \ud2b9\ud788 \u2019\ud56b\uc2a4\ud31f'\uc73c\ub85c \ubd88\ub9ac\ub294 \uc9c0\uc911\ud574 \uc720\uc5ed\uc740 \uacbd\uc81c\uc801, \uc815\uce58\uc801 \uc911\uc694\uc131\uc744 \uace0\ub824\ud560 \ub54c \uac00\uc7a5 \ud070 \uc704\ud5d8\uc744 \ucd08\ub798\ud558\ub294 \uc9c0\uc5ed \uc911 \ud558\ub098\uc785\ub2c8\ub2e4.<span class=\"Apple-converted-space\">\u00a0<br \/><\/span><\/p><p><span class=\"Apple-converted-space\">\u00a0<\/span>\uc138\uacc4\uc740\ud589\uc5d0 \ub530\ub974\uba74 \uae30\ud6c4\ub85c \uc778\ud55c \uc774\uc8fc\ub294 2050\ub144\uae4c\uc9c0 \uae00\ub85c\ubc8c \ub0a8\ubd80\uc5d0\uc11c \ucd5c\ub300 1\uc5b5 4,300\ub9cc \uba85\uc758 \uc0ac\ub78c\ub4e4\uc5d0\uac8c \uc601\ud5a5\uc744 \ubbf8\uce60 \uc218 \uc788\uc73c\uba70, \uc9c0\uc911\ud574\ub294 \ubd81\ucabd\uc73c\ub85c \uc774\ub3d9\ud558\ub294 \uc774\uc8fc\uc758 \uc804\ub7b5\uc801 \ud1b5\ub85c \uc5ed\ud560\uc744 \ud560 \uc218 \uc788\uc2b5\ub2c8\ub2e4. \uc911\ub3d9\uc5d0\uc11c\ub294 \ubb3c \ubd80\uc871\uc73c\ub85c \uc778\ud574 \uc774\ubbf8 \ub0b4\ubd80 \uc774\uc8fc\uac00 \uc99d\uac00\ud558\uace0 \uc788\uc2b5\ub2c8\ub2e4.<span class=\"Apple-converted-space\">\u00a0<\/span><\/p><p>\uae30\ud6c4\ubcc0\ud654\uc5d0 \uad00\ud55c \uc815\ubd80 \uac04 \ud611\uc758\uccb4 \uc81c6\ucc28 \ud3c9\uac00\ubcf4\uace0\uc11c\uc5d0 \ub530\ub974\uba74 \uc9c0\uc911\ud574 \uc720\uc5ed\uc740 \uc911\uac04 \ubc30\ucd9c \uc2dc\ub098\ub9ac\uc624\uc5d0\uc11c\ub3c4 \uc5ec\ub984 \uac00\ubb44 \uc545\ud654, \ud1a0\uc591 \uc218\ubd84 \uac10\uc18c, \uc218\uc790\uc6d0\uc5d0 \ub300\ud55c \uc555\ub825 \uc99d\uac00\uc758 \uc704\ud5d8\uc744 \uc548\uace0 \uc788\uc2b5\ub2c8\ub2e4. \uc911\ub3d9 \ubc0f \ubd81\uc544\ud504\ub9ac\uce74(MENA) \uc9c0\uc5ed\uc758 1\uc778\ub2f9 \ubb3c \uc0ac\uc6a9\ub7c9\uc740 \uc774\ubbf8 \ub0ae\uc740 \uc218\uc900\uc774\uba70 \uae30\ud6c4 \ubcc0\ud654\ub85c \uc778\ud574 \ub354\uc6b1 \uac10\uc18c\ud560 \uac83\uc73c\ub85c \uc608\uc0c1\ub429\ub2c8\ub2e4.<span class=\"Apple-converted-space\">\u00a0<\/span><\/p><p><span class=\"Apple-converted-space\">\u00a0<\/span><\/p>\t\t\t\t\t\t\t\t<\/div>\n\t\t\t\t\t<\/div>\n\t\t<\/div>\n\t\t\t\t\t<\/div>\n\t\t<\/section>\n\t\t<div class=\"elementor-element elementor-element-5dfe6cba e-flex e-con-boxed e-con e-parent\" data-id=\"5dfe6cba\" data-element_type=\"container\" data-e-type=\"container\">\n\t\t\t\t\t<div class=\"e-con-inner\">\n\t\t\t\t<div class=\"elementor-element elementor-element-42793d2e elementor-invisible elementor-widget elementor-widget-text-editor\" data-id=\"42793d2e\" data-element_type=\"widget\" data-e-type=\"widget\" data-settings=\"{&quot;_animation&quot;:&quot;fadeInLeft&quot;,&quot;_animation_delay&quot;:1000}\" data-widget_type=\"text-editor.default\">\n\t\t\t\t\t\t\t\t\t<p><span class=\"Apple-converted-space\">\u00a0<\/span>\uc138\uacc4\uc740\ud589\uc5d0\uc11c \ubc1c\uac04\ud55c \uadf8\ub77c\uc6b4\ub4dc\uc2a4\uc6f0 \ubcf4\uace0\uc11c\ub294 \uc774\ub7ec\ud55c \uc0dd\ud0dc\ud559\uc801 \uc608\uce21\uc758 \uc778\uad6c\ud559\uc801 \uacb0\uacfc\ub97c \ubaa8\ub378\ub9c1\ud569\ub2c8\ub2e4. \uc774 \ubcf4\uace0\uc11c\uc5d0 \ub530\ub974\uba74 2050\ub144\uae4c\uc9c0 \uc911\ub3d9 \ubc0f \ubd81\uc544\ud504\ub9ac\uce74 \uc9c0\uc5ed\uc758 \uc218\ubc31\ub9cc \uba85\uc758 \uc0ac\ub78c\ub4e4\uc774 \uae30\ud6c4 \uc601\ud5a5\uc73c\ub85c \uc778\ud574 \uad6d\ub0b4\ub85c \uc774\uc8fc\ud574\uc57c \ud560 \uc218\ub3c4 \uc788\uc2b5\ub2c8\ub2e4. \uc774\uc8fc\ub294 \ub300\ubd80\ubd84 \ub18d\ucd0c \uc9c0\uc5ed\uc5d0\uc11c \ub3c4\uc2ec\uc73c\ub85c \uc774\ub8e8\uc5b4\uc9d1\ub2c8\ub2e4. \uc774 \uacbd\uc6b0 \u2019\uae30\ud6c4 \ub09c\ubbfc'\uc774\ub77c\ub294 \ud604\uc0c1\uc774 \uc758\uc81c\ub85c \ub5a0\uc624\ub985\ub2c8\ub2e4.<span class=\"Apple-converted-space\">\u00a0<\/span><\/p><p>\uae30\uc874\uc758 \uad6d\uc81c\ubc95 \uccb4\uacc4\ub294 \uc774\ub7ec\ud55c \uc0c8\ub85c\uc6b4 \ud615\ud0dc\uc758 \uc774\ub3d9\uc5d0 \ub300\ud574 \uc81c\ud55c\uc801\uc778 \ubcf4\ud638\ub97c \uc81c\uacf5\ud569\ub2c8\ub2e4. 1951\ub144 \ub09c\ubbfc\ud611\uc57d\uc740 \uae30\ud6c4\ub85c \uc778\ud55c \uc774\uc8fc\ub97c \uba85\uc2dc\uc801\uc73c\ub85c \uc778\uc815\ud558\uc9c0 \uc54a\uae30 \ub54c\ubb38\uc5d0 \uc774\ub978\ubc14 \u201c\uae30\ud6c4 \ub09c\ubbfc'\uc740 \uaddc\ubc94\uc801 \uacf5\ubc31 \uc0c1\ud0dc\uc5d0 \ub193\uc5ec \uc788\uc2b5\ub2c8\ub2e4. \ud14c\uc774\ud2f0\uc624\ud0c0 \ub300 \ub274\uc9c8\ub79c\ub4dc \ud310\uacb0\uc5d0\uc11c \uadf9\uc2ec\ud55c \ud658\uacbd \ud30c\uad34\uac00 \ud2b9\uc815 \uc0c1\ud669\uc5d0\uc11c \uc1a1\ud658 \uae08\uc9c0 \uc758\ubb34\ub97c \uc720\ubc1c\ud560 \uc218 \uc788\uc74c\uc744 \uc778\uc815\ud588\uc9c0\ub9cc, \uae30\ud6c4 \uc774\uc7ac\ubbfc\uc5d0 \ub300\ud55c \ubcc4\ub3c4\uc758 \ubc95\uc801 \uc9c0\uc704\ub294 \ud655\ub9bd\ub418\uc9c0 \uc54a\uc558\uc2b5\ub2c8\ub2e4. \ub09c\ubbfc\uc758 \uc815\uc758\ub97c \ud655\ub300\ud558\uac70\ub098 \u201d\uae30\ud6c4 \ub09c\ubbfc'\uc774\ub77c\ub294 \ubcc4\ub3c4\uc758 \ubc94\uc8fc\ub97c \ub9cc\ub4e4\uc790\ub294 \uc81c\uc548\uc774 \uc774\ub7ec\ud55c \uacf5\ubc31\uc744 \uba54\uc6b0\uae30 \uc704\ud55c \uac83\uc774\uc9c0\ub9cc, \uad6c\uc18d\ub825 \uc788\ub294 \uad6d\uc81c \uaddc\uc815\uc740 \uc544\uc9c1 \ub4f1\uc7a5\ud558\uc9c0 \uc54a\uc558\uc2b5\ub2c8\ub2e4. \ub530\ub77c\uc11c<span class=\"Apple-converted-space\">\u00a0<\/span>\uae30\uc874\uc758 \uc778\uad8c \uccb4\uc81c\ub294 \ud604\uc7ac\uc640 \ubbf8\ub798\uc5d0 \ub354 \ud070 \ubb38\uc81c\uac00 \ub420 \uac83\uc73c\ub85c \uc608\uc0c1\ub418\ub294 \uae30\ud6c4 \ub09c\ubbfc\uc758 \uad8c\ub9ac\ub97c \ubcf4\ud638\ud558\uc9c0 \ubabb\ud569\ub2c8\ub2e4.<span class=\"Apple-converted-space\">\u00a0<\/span><\/p><p>\uc774\ub7ec\ud55c \ub9e5\ub77d\uc5d0\uc11c \ubcf4\ub2e4 \ud601\uc2e0\uc801\uc774\uace0 \ubbf8\ub798\uc9c0\ud5a5\uc801\uc778 \uc811\uadfc \ubc29\uc2dd\uc740 \u201c\uae30\ud6c4 \uc5ec\uad8c'\uc774\ub77c\ub294 \uac1c\ub150\uc785\ub2c8\ub2e4. \uc774 \uac1c\ub150\uc740 \uae30\ud6c4 \uc601\ud5a5\uc73c\ub85c \uc778\ud574 \uac70\uc8fc\ud560 \uc218 \uc5c6\uac8c \ub41c \uc9c0\uc5ed\uc758 \uac1c\uc778\uc5d0\uac8c \uad6d\uacbd\uc744 \ub118\ub098\ub4e4 \uc218 \uc788\ub294 \uc774\ub3d9\uad8c\uacfc \uc7a0\uc7ac\uc801\uc73c\ub85c \ub178\ub3d9 \uc2dc\uc7a5\uc5d0 \uc811\uadfc\ud560 \uc218 \uc788\ub294 \uad8c\ub9ac\ub97c \uc81c\uacf5\ud558\ub294 \ubc95\uc801 \ubb38\uc11c\ub97c \ub9d0\ud569\ub2c8\ub2e4. \uc774\ub7ec\ud55c \uc870\uce58\ub294 \uc9c0\ub3c4\uc5d0 \uad6d\uacbd\uc744 \ub2e4\uc2dc \uadf8\ub9ac\ub294 \uac83\uc774 \uc544\ub2c8\ub77c \uae30\ud6c4\ub85c \uc778\ud55c \uc774\uc8fc\uc5d0 \ub300\ud574 \uad6d\uacbd\uc774 \ub300\uc751\ud558\ub294 \ubc29\uc2dd\uc744 \uc7ac\uc815\uc758\ud558\ub294 \uac83\uc744 \ubaa9\ud45c\ub85c \ud558\uba70, \ud604\uc7ac \uc2dc\ub098\ub9ac\uc624\ub97c \uace0\ub824\ud560 \ub54c \ubc95\uc801, \uc815\uce58\uc801 \ud574\uacb0\ucc45 \uc911 \uac00\uc7a5 \uc88b\uc740 \ud574\uacb0\ucc45\uc73c\ub85c \uac04\uc8fc\ub420 \uc218 \uc788\uc2b5\ub2c8\ub2e4.<span class=\"Apple-converted-space\">\u00a0<\/span><\/p><p>\uacb0\ub860\uc801\uc73c\ub85c, 2050\ub144\uae4c\uc9c0 \uad6d\uacbd\uc740 \uc9c0\ub3c4\uc5d0\uc11c \ubb3c\ub9ac\uc801\uc73c\ub85c \ubcc0\ud654\ud558\uc9c0\ub294 \uc54a\uaca0\uc9c0\ub9cc \uc815\uce58\uc801, \ubc95\uc801 \uc758\ubbf8\ub294 \ubcc0\ud654\ud560 \uc218 \uc788\uc2b5\ub2c8\ub2e4. \ud574\uc218\uba74 \uc0c1\uc2b9\uc73c\ub85c \uc778\ud574 \uc77c\ubd80 \ud574\uc548\uc120\uc774 \ud6c4\ud1f4\ud558\uace0 \uace0\ub3c4\uac00 \ub0ae\uc740 \uc9c0\uc5ed\uc774 \ucd95\uc18c\ub420 \uc218 \uc788\uc9c0\ub9cc, 2050\ub144\uc758 \uad00\uc810\uc5d0\uc11c \ubcfc \ub54c \uc9c0\uc911\ud574\uc640 MENA \uc9c0\uc5ed\uc758 \ub300\uaddc\ubaa8 \uc9c0\ub9ac\uc801 \uad6d\uacbd \uc774\ub3d9\uc740 \uac70\uc758 \uc5c6\uc744 \uac83\uc73c\ub85c \ubcf4\uc785\ub2c8\ub2e4. \uc2e4\uc81c\ub85c \uad6d\uc81c\ubc95\uc0c1 \uad6d\uac00\ub294 \ud574\uc548\uc120\uc774 \ubcc0\uacbd\ub418\ub354\ub77c\ub3c4 \ud574\uc591 \uad00\ud560 \uad6c\uc5ed\uc744 \uc77c\uc815\ud558\uac8c \uc720\uc9c0\ud558\ub294 \uacbd\ud5a5\uc774 \uc788\uc2b5\ub2c8\ub2e4. \ub530\ub77c\uc11c \uae30\ud6c4 \uc704\uae30\uac00 \uad6d\uacbd\uc5d0 \ubbf8\uce58\ub294 \uc601\ud5a5\uc740 \uc9c0\ub3c4\uac00 \uc544\ub2c8\ub77c \uad6d\uacbd\uc774 \uc5b4\ub5bb\uac8c \uc6b4\uc601\ub420 \uac83\uc778\uac00\uc5d0 \ub530\ub77c \ud06c\uac8c \ub2ec\ub77c\uc9c8 \uac83\uc785\ub2c8\ub2e4. \uae30\ud6c4\ub85c \uc778\ud55c \uc774\ub3d9\uc131 \uc99d\uac00\uc5d0 \uc9c1\uba74\ud558\uc5ec \uad6d\uac00\ub294 \ub450 \uac00\uc9c0 \ubc29\ubc95 \uc911 \ud558\ub098\ub97c \uc120\ud638\ud560 \uc218 \uc788\uc2b5\ub2c8\ub2e4: \uc774\uc8fc\ub97c \uc548\ubcf4 \uc704\ud611\uc73c\ub85c \uac04\uc8fc\ud558\uace0 \uad6d\uacbd \ud1b5\uc81c\ub97c \uac15\ud654\ud558\uac70\ub098, \uc0c8\ub85c\uc6b4 \ubcf4\ud638 \uc9c0\uc704\uc640 \uc9c0\uc5ed \ud611\ub825 \uba54\ucee4\ub2c8\uc998\uc744 \uac1c\ubc1c\ud558\uc5ec \uad6d\uacbd \uccb4\uc81c\ub97c \uc870\uc815\ud558\ub294 \uac83\uc785\ub2c8\ub2e4. \ud604\uc7ac\uc758 \ucd94\uc138\ub294 \ub2e8\uae30\uc801\uc73c\ub85c \uad6d\uacbd \ub2e8\uc18d\uc744 \uac15\ud654\ud560 \uac83\uc744 \uc2dc\uc0ac\ud569\ub2c8\ub2e4. \uadf8\ub7ec\ub098 \uc55e\uc73c\ub85c \ub2e4\uac00\uc62c \ubbf8\ub798\ub97c \uace0\ub824\ud560 \ub54c \uad6d\uac00\ub294 \uc804\ud1b5\uc801\uc778 \uc811\uadfc \ubc29\uc2dd\uc744 \ubc84\ub9ac\uace0 \uae30\ud6c4 \uc5ec\uad8c\uacfc \uac19\uc774 \ud601\uc2e0\uc801\uc774\uace0 \uc2dc\ub300\uc758 \ubb38\uc81c\uc640 \uc694\uad6c\uc5d0 \ub300\uc751\ud560 \uc218 \uc788\ub294 \uc0c8\ub85c\uc6b4 \ubc95\uc801 \uc811\uadfc \ubc29\uc2dd\uc744 \ucc44\ud0dd\ud574\uc57c \ud569\ub2c8\ub2e4.<span class=\"Apple-converted-space\">\u00a0<\/span><\/p>\t\t\t\t\t\t\t\t<\/div>\n\t\t\t\t\t<\/div>\n\t\t\t\t<\/div>\n\t\t\t\t<\/div>","protected":false},"excerpt":{"rendered":"<p>\u0130klim G\u00f6\u00e7\u00fc: 2050\u2019de S\u0131n\u0131rlar Nas\u0131l De\u011fi\u015fecek? \u00a02023\u2019te yay\u0131nlanan IPCC raporu ve COP21 bulgular\u0131; 2018\u2019de belirlenen 1,5 derece e\u015fi\u011finin mevcut emisyon [&hellip;]<\/p>\n","protected":false},"author":1,"featured_media":0,"parent":0,"menu_order":0,"comment_status":"closed","ping_status":"closed","template":"","meta":{"om_disable_all_campaigns":false,"_monsterinsights_skip_tracking":false,"_monsterinsights_sitenote_active":false,"_monsterinsights_sitenote_note":"","_monsterinsights_sitenote_category":0,"site-sidebar-layout":"no-sidebar","site-content-layout":"page-builder","ast-site-content-layout":"full-width-container","site-content-style":"default","site-sidebar-style":"default","ast-global-header-display":"","ast-banner-title-visibility":"","ast-main-header-display":"","ast-hfb-above-header-display":"","ast-hfb-below-header-display":"","ast-hfb-mobile-header-display":"","site-post-title":"disabled","ast-breadcrumbs-content":"","ast-featured-img":"disabled","footer-sml-layout":"","theme-transparent-header-meta":"","adv-header-id-meta":"","stick-header-meta":"","header-above-stick-meta":"","header-main-stick-meta":"","header-below-stick-meta":"","astra-migrate-meta-layouts":"set","ast-page-background-enabled":"default","ast-page-background-meta":{"desktop":{"background-color":"","background-image":"","background-repeat":"repeat","background-position":"center center","background-size":"auto","background-attachment":"scroll","background-type":"","background-media":"","overlay-type":"","overlay-color":"","overlay-opacity":"","overlay-gradient":""},"tablet":{"background-color":"","background-image":"","background-repeat":"repeat","background-position":"center center","background-size":"auto","background-attachment":"scroll","background-type":"","background-media":"","overlay-type":"","overlay-color":"","overlay-opacity":"","overlay-gradient":""},"mobile":{"background-color":"","background-image":"","background-repeat":"repeat","background-position":"center center","background-size":"auto","background-attachment":"scroll","background-type":"","background-media":"","overlay-type":"","overlay-color":"","overlay-opacity":"","overlay-gradient":""}},"ast-content-background-meta":{"desktop":{"background-color":"var(--ast-global-color-5)","background-image":"","background-repeat":"repeat","background-position":"center center","background-size":"auto","background-attachment":"scroll","background-type":"","background-media":"","overlay-type":"","overlay-color":"","overlay-opacity":"","overlay-gradient":""},"tablet":{"background-color":"var(--ast-global-color-5)","background-image":"","background-repeat":"repeat","background-position":"center center","background-size":"auto","background-attachment":"scroll","background-type":"","background-media":"","overlay-type":"","overlay-color":"","overlay-opacity":"","overlay-gradient":""},"mobile":{"background-color":"var(--ast-global-color-5)","background-image":"","background-repeat":"repeat","background-position":"center center","background-size":"auto","background-attachment":"scroll","background-type":"","background-media":"","overlay-type":"","overlay-color":"","overlay-opacity":"","overlay-gradient":""}},"footnotes":""},"class_list":["post-1731","page","type-page","status-publish","hentry"],"aioseo_notices":[],"_links":{"self":[{"href":"https:\/\/www.copantalya.com\/ko\/wp-json\/wp\/v2\/pages\/1731","targetHints":{"allow":["GET"]}}],"collection":[{"href":"https:\/\/www.copantalya.com\/ko\/wp-json\/wp\/v2\/pages"}],"about":[{"href":"https:\/\/www.copantalya.com\/ko\/wp-json\/wp\/v2\/types\/page"}],"author":[{"embeddable":true,"href":"https:\/\/www.copantalya.com\/ko\/wp-json\/wp\/v2\/users\/1"}],"replies":[{"embeddable":true,"href":"https:\/\/www.copantalya.com\/ko\/wp-json\/wp\/v2\/comments?post=1731"}],"version-history":[{"count":4,"href":"https:\/\/www.copantalya.com\/ko\/wp-json\/wp\/v2\/pages\/1731\/revisions"}],"predecessor-version":[{"id":1736,"href":"https:\/\/www.copantalya.com\/ko\/wp-json\/wp\/v2\/pages\/1731\/revisions\/1736"}],"wp:attachment":[{"href":"https:\/\/www.copantalya.com\/ko\/wp-json\/wp\/v2\/media?parent=1731"}],"curies":[{"name":"wp","href":"https:\/\/api.w.org\/{rel}","templated":true}]}}