{"id":2044,"date":"2026-04-03T19:55:17","date_gmt":"2026-04-03T19:55:17","guid":{"rendered":"https:\/\/www.copantalya.com\/?page_id=2044"},"modified":"2026-04-03T19:59:10","modified_gmt":"2026-04-03T19:59:10","slug":"kullanim-kosullari","status":"publish","type":"page","link":"https:\/\/www.copantalya.com\/ko\/kullanim-kosullari\/","title":{"rendered":"\uc0ac\uc6a9 \uc870\uac74"},"content":{"rendered":"<div data-elementor-type=\"wp-page\" data-elementor-id=\"2044\" class=\"elementor elementor-2044\">\n\t\t\t\t<div class=\"elementor-element elementor-element-1c0e10eb e-grid e-con-boxed e-con e-parent\" data-id=\"1c0e10eb\" data-element_type=\"container\" data-e-type=\"container\">\n\t\t\t\t\t<div class=\"e-con-inner\">\n\t\t<div class=\"elementor-element elementor-element-71eeaa79 e-con-full e-flex e-con e-child\" data-id=\"71eeaa79\" data-element_type=\"container\" data-e-type=\"container\">\n\t\t\t\t<div class=\"elementor-element elementor-element-4fe5a06b elementor-widget elementor-widget-heading\" data-id=\"4fe5a06b\" data-element_type=\"widget\" data-e-type=\"widget\" data-widget_type=\"heading.default\">\n\t\t\t\t\t<h3 class=\"elementor-heading-title elementor-size-default\">\uc0ac\uc6a9 \uc870\uac74<\/h3>\t\t\t\t<\/div>\n\t\t\t\t<div class=\"elementor-element elementor-element-3e164e67 elementor-widget elementor-widget-text-editor\" data-id=\"3e164e67\" data-element_type=\"widget\" data-e-type=\"widget\" data-widget_type=\"text-editor.default\">\n\t\t\t\t\t\t\t\t\t<h4 data-section-id=\"e4hca3\" data-start=\"2020\" data-end=\"2039\">1. \uc11c\ube44\uc2a4 \uc124\uba85<\/h4><p data-start=\"2041\" data-end=\"2046\">\uc0ac\uc774\ud2b8:<\/p><ul data-start=\"2048\" data-end=\"2149\"><li data-section-id=\"11pt68w\" data-start=\"2048\" data-end=\"2105\">COP31 \uc548\ud0c8\ub9ac\uc544\uc5d0 \ub300\ud55c \uc720\uc775\ud55c \ucf58\ud150\uce20 \uc81c\uacf5<\/li><li data-section-id=\"12srfs4\" data-start=\"2106\" data-end=\"2149\">\uc774\ubca4\ud2b8\uc5d0 \ub300\ud55c \uc77c\ubc18\uc801\uc778 \uc815\ubcf4\ub97c \uc81c\uacf5\ud569\ub2c8\ub2e4.<\/li><\/ul><hr data-start=\"2151\" data-end=\"2154\" \/><h4 data-section-id=\"g2v8ka\" data-start=\"2156\" data-end=\"2178\">2. \ucc45\uc784 \uba74\ucc45 \uc870\ud56d<\/h4><p data-start=\"2180\" data-end=\"2185\">\uc0ac\uc774\ud2b8:<\/p><ul data-start=\"2187\" data-end=\"2309\"><li data-section-id=\"1l6ahcy\" data-start=\"2187\" data-end=\"2257\">\uacf5\uc2dd <span class=\"hover:entity-accent entity-underline inline cursor-pointer align-baseline\"><span class=\"whitespace-normal\">COP31<\/span><\/span> \ub294 \ud50c\ub7ab\ud3fc\uc774 \uc544\ub2d9\ub2c8\ub2e4.<\/li><li data-section-id=\"fqru3f\" data-start=\"2258\" data-end=\"2309\">\uacf5\uacf5\uae30\uad00\uacfc \uc9c1\uc811 \uc5f0\uacb0\ub418\uc9c0 \uc54a\uc74c<\/li><\/ul><p data-start=\"2311\" data-end=\"2457\">\uc0ac\uc774\ud2b8 \ucf58\ud150\uce20\ub294 \uc815\ubcf4 \uc81c\uacf5 \ubaa9\uc801\uc73c\ub85c\ub9cc \uc0ac\uc6a9\ub429\ub2c8\ub2e4.<br data-start=\"2357\" data-end=\"2360\" \/><span class=\"hover:entity-accent entity-underline inline cursor-pointer align-baseline\"><span class=\"whitespace-normal\">Globalis \uc778\uc99d<\/span><\/span>, \ub294 \ucf58\ud150\uce20\uc758 \uc815\ud655\uc131\uc774\ub098 \uc644\uc804\uc131\uc744 \ubcf4\uc7a5\ud558\uc9c0 \uc54a\uc2b5\ub2c8\ub2e4.<\/p><hr data-start=\"2459\" data-end=\"2462\" \/><h4 data-section-id=\"12xbq97\" data-start=\"2464\" data-end=\"2494\">3. \ud0c0\uc0ac \ub9c1\ud06c<\/h4><p data-start=\"2496\" data-end=\"2553\">\uc0ac\uc774\ud2b8\uc5d0\ub294 \ud0c0\uc0ac \uc6f9\uc0ac\uc774\ud2b8\ub85c\uc758 \ub9ac\ub514\ub809\uc158\uc774 \ud3ec\ud568\ub420 \uc218 \uc788\uc2b5\ub2c8\ub2e4.<\/p><p data-start=\"2555\" data-end=\"2652\">Globalis \uc778\uc99d\uc740 \uc774\ub7ec\ud55c \uc0ac\uc774\ud2b8\uc758 \ucf58\ud150\uce20 \ubc0f \uac1c\uc778\uc815\ubcf4 \ubcf4\ud638 \uad00\ud589\uc5d0 \ub300\ud574 \ucc45\uc784\uc744 \uc9c0\uc9c0 \uc54a\uc2b5\ub2c8\ub2e4.<\/p><hr data-start=\"2654\" data-end=\"2657\" \/><h4 data-section-id=\"dodojv\" data-start=\"2659\" data-end=\"2686\">4. \ucf58\ud150\uce20 \ubcc0\uacbd<\/h4><p data-start=\"2688\" data-end=\"2749\">\uc0ac\uc774\ud2b8 \ucf58\ud150\uce20\ub294 \uc0ac\uc804 \ud1b5\uc9c0 \uc5c6\uc774 \ubcc0\uacbd\ub420 \uc218 \uc788\uc2b5\ub2c8\ub2e4.<\/p><hr data-start=\"2751\" data-end=\"2754\" \/><h4 data-section-id=\"g38s3z\" data-start=\"2756\" data-end=\"2782\">5. \uc0ac\uc6a9 \ucc45\uc784<\/h4><p data-start=\"2784\" data-end=\"2872\">\uc0ac\uc6a9\uc790\ub294 \uc0ac\uc774\ud2b8\uc758 \uc815\ubcf4\ub97c \uc790\uc2e0\uc758 \ucc45\uc784 \ud558\uc5d0 \uc0ac\uc6a9\ud558\ub294 \ub370 \ub3d9\uc758\ud569\ub2c8\ub2e4.<\/p>\t\t\t\t\t\t\t\t<\/div>\n\t\t\t\t<\/div>\n\t\t\t\t\t<\/div>\n\t\t\t\t<\/div>\n\t\t\t\t<\/div>","protected":false},"excerpt":{"rendered":"<p>KULLANIM KO\u015eULLARI 1. Hizmet Tan\u0131m\u0131 Site: COP31 Antalya hakk\u0131nda bilgilendirme i\u00e7erikleri sunar Etkinliklere ili\u015fkin genel bilgi sa\u011flar 2. Sorumluluk Reddi [&hellip;]<\/p>\n","protected":false},"author":1,"featured_media":0,"parent":0,"menu_order":0,"comment_status":"closed","ping_status":"closed","template":"","meta":{"om_disable_all_campaigns":false,"_monsterinsights_skip_tracking":false,"_monsterinsights_sitenote_active":false,"_monsterinsights_sitenote_note":"","_monsterinsights_sitenote_category":0,"site-sidebar-layout":"no-sidebar","site-content-layout":"page-builder","ast-site-content-layout":"full-width-container","site-content-style":"default","site-sidebar-style":"default","ast-global-header-display":"","ast-banner-title-visibility":"","ast-main-header-display":"","ast-hfb-above-header-display":"","ast-hfb-below-header-display":"","ast-hfb-mobile-header-display":"","site-post-title":"","ast-breadcrumbs-content":"","ast-featured-img":"disabled","footer-sml-layout":"","theme-transparent-header-meta":"","adv-header-id-meta":"","stick-header-meta":"","header-above-stick-meta":"","header-main-stick-meta":"","header-below-stick-meta":"","astra-migrate-meta-layouts":"set","ast-page-background-enabled":"default","ast-page-background-meta":{"desktop":{"background-color":"","background-image":"","background-repeat":"repeat","background-position":"center center","background-size":"auto","background-attachment":"scroll","background-type":"","background-media":"","overlay-type":"","overlay-color":"","overlay-opacity":"","overlay-gradient":""},"tablet":{"background-color":"","background-image":"","background-repeat":"repeat","background-position":"center center","background-size":"auto","background-attachment":"scroll","background-type":"","background-media":"","overlay-type":"","overlay-color":"","overlay-opacity":"","overlay-gradient":""},"mobile":{"background-color":"","background-image":"","background-repeat":"repeat","background-position":"center center","background-size":"auto","background-attachment":"scroll","background-type":"","background-media":"","overlay-type":"","overlay-color":"","overlay-opacity":"","overlay-gradient":""}},"ast-content-background-meta":{"desktop":{"background-color":"var(--ast-global-color-5)","background-image":"","background-repeat":"repeat","background-position":"center center","background-size":"auto","background-attachment":"scroll","background-type":"","background-media":"","overlay-type":"","overlay-color":"","overlay-opacity":"","overlay-gradient":""},"tablet":{"background-color":"var(--ast-global-color-5)","background-image":"","background-repeat":"repeat","background-position":"center center","background-size":"auto","background-attachment":"scroll","background-type":"","background-media":"","overlay-type":"","overlay-color":"","overlay-opacity":"","overlay-gradient":""},"mobile":{"background-color":"var(--ast-global-color-5)","background-image":"","background-repeat":"repeat","background-position":"center center","background-size":"auto","background-attachment":"scroll","background-type":"","background-media":"","overlay-type":"","overlay-color":"","overlay-opacity":"","overlay-gradient":""}},"footnotes":""},"class_list":["post-2044","page","type-page","status-publish","hentry"],"aioseo_notices":[],"_links":{"self":[{"href":"https:\/\/www.copantalya.com\/ko\/wp-json\/wp\/v2\/pages\/2044","targetHints":{"allow":["GET"]}}],"collection":[{"href":"https:\/\/www.copantalya.com\/ko\/wp-json\/wp\/v2\/pages"}],"about":[{"href":"https:\/\/www.copantalya.com\/ko\/wp-json\/wp\/v2\/types\/page"}],"author":[{"embeddable":true,"href":"https:\/\/www.copantalya.com\/ko\/wp-json\/wp\/v2\/users\/1"}],"replies":[{"embeddable":true,"href":"https:\/\/www.copantalya.com\/ko\/wp-json\/wp\/v2\/comments?post=2044"}],"version-history":[{"count":4,"href":"https:\/\/www.copantalya.com\/ko\/wp-json\/wp\/v2\/pages\/2044\/revisions"}],"predecessor-version":[{"id":2049,"href":"https:\/\/www.copantalya.com\/ko\/wp-json\/wp\/v2\/pages\/2044\/revisions\/2049"}],"wp:attachment":[{"href":"https:\/\/www.copantalya.com\/ko\/wp-json\/wp\/v2\/media?parent=2044"}],"curies":[{"name":"wp","href":"https:\/\/api.w.org\/{rel}","templated":true}]}}