{"id":2058,"date":"2026-04-03T20:28:19","date_gmt":"2026-04-03T20:28:19","guid":{"rendered":"https:\/\/www.copantalya.com\/?page_id=2058"},"modified":"2026-04-03T20:29:36","modified_gmt":"2026-04-03T20:29:36","slug":"cerez-politikasi","status":"publish","type":"page","link":"https:\/\/www.copantalya.com\/ko\/cerez-politikasi\/","title":{"rendered":"\ucfe0\ud0a4 \uc815\ucc45"},"content":{"rendered":"<div data-elementor-type=\"wp-page\" data-elementor-id=\"2058\" class=\"elementor elementor-2058\">\n\t\t\t\t<div class=\"elementor-element elementor-element-4e33014e e-grid e-con-boxed e-con e-parent\" data-id=\"4e33014e\" data-element_type=\"container\" data-e-type=\"container\">\n\t\t\t\t\t<div class=\"e-con-inner\">\n\t\t<div class=\"elementor-element elementor-element-8227cd6 e-con-full e-flex e-con e-child\" data-id=\"8227cd6\" data-element_type=\"container\" data-e-type=\"container\">\n\t\t\t\t<div class=\"elementor-element elementor-element-79ea3a2 elementor-widget elementor-widget-heading\" data-id=\"79ea3a2\" data-element_type=\"widget\" data-e-type=\"widget\" data-widget_type=\"heading.default\">\n\t\t\t\t\t<h3 class=\"elementor-heading-title elementor-size-default\">\ucfe0\ud0a4 \uc815\ucc45<\/h3>\t\t\t\t<\/div>\n\t\t\t\t<div class=\"elementor-element elementor-element-7c0fbc9 elementor-widget elementor-widget-text-editor\" data-id=\"7c0fbc9\" data-element_type=\"widget\" data-e-type=\"widget\" data-widget_type=\"text-editor.default\">\n\t\t\t\t\t\t\t\t\t<p data-start=\"3976\" data-end=\"4051\">\uc774 \uc0ac\uc774\ud2b8\ub294 \uc0ac\uc6a9\uc790 \uacbd\ud5d8\uc744 \uac1c\uc120\ud558\uae30 \uc704\ud574 \ucfe0\ud0a4\ub97c \uc0ac\uc6a9\ud569\ub2c8\ub2e4.<\/p><hr data-start=\"4053\" data-end=\"4056\" \/><h4 data-section-id=\"yivttt\" data-start=\"4058\" data-end=\"4085\">\uc0ac\uc6a9\ub418\ub294 \ucfe0\ud0a4\uc758 \uc720\ud615<\/h4><ul data-start=\"4087\" data-end=\"4154\"><li data-section-id=\"14672ux\" data-start=\"4087\" data-end=\"4107\">\ud544\uc218 \ucfe0\ud0a4<\/li><li data-section-id=\"1hzlys8\" data-start=\"4108\" data-end=\"4132\">\uc131\ub2a5 \ucfe0\ud0a4<\/li><li data-section-id=\"1q2c2m9\" data-start=\"4133\" data-end=\"4154\">\ubd84\uc11d \ucfe0\ud0a4<\/li><\/ul><hr data-start=\"4156\" data-end=\"4159\" \/><h4 data-section-id=\"yikai4\" data-start=\"4161\" data-end=\"4181\">\uc0ac\uc6a9 \ubaa9\uc801<\/h4><ul data-start=\"4183\" data-end=\"4255\"><li data-section-id=\"10xgicj\" data-start=\"4183\" data-end=\"4218\">\uc0ac\uc774\ud2b8 \uc131\ub2a5 \ubd84\uc11d<\/li><li data-section-id=\"1saswlz\" data-start=\"4219\" data-end=\"4255\">\uc0ac\uc6a9\uc790 \uacbd\ud5d8 \uac1c\uc120<\/li><\/ul><hr data-start=\"4257\" data-end=\"4260\" \/><h4 data-section-id=\"jkc45z\" data-start=\"4262\" data-end=\"4279\">\ucfe0\ud0a4 \uad00\ub9ac<\/h4><p data-start=\"4281\" data-end=\"4364\">\uc0ac\uc6a9\uc790\ub294 \ube0c\ub77c\uc6b0\uc800 \uc124\uc815\uc744 \ud1b5\ud574 \ucfe0\ud0a4\ub97c \uc81c\uc5b4\ud558\uac70\ub098 \uc0ad\uc81c\ud560 \uc218 \uc788\uc2b5\ub2c8\ub2e4.<\/p>\t\t\t\t\t\t\t\t<\/div>\n\t\t\t\t<\/div>\n\t\t\t\t\t<\/div>\n\t\t\t\t<\/div>\n\t\t\t\t<\/div>","protected":false},"excerpt":{"rendered":"<p>\u00c7EREZ POL\u0130T\u0130KASI Bu site, kullan\u0131c\u0131 deneyimini geli\u015ftirmek amac\u0131yla \u00e7erezler kullanmaktad\u0131r. Kullan\u0131lan \u00c7erez T\u00fcrleri Zorunlu \u00e7erezler Performans \u00e7erezleri Analitik \u00e7erezler Kullan\u0131m [&hellip;]<\/p>\n","protected":false},"author":1,"featured_media":0,"parent":0,"menu_order":0,"comment_status":"closed","ping_status":"closed","template":"","meta":{"om_disable_all_campaigns":false,"_monsterinsights_skip_tracking":false,"_monsterinsights_sitenote_active":false,"_monsterinsights_sitenote_note":"","_monsterinsights_sitenote_category":0,"site-sidebar-layout":"no-sidebar","site-content-layout":"page-builder","ast-site-content-layout":"full-width-container","site-content-style":"default","site-sidebar-style":"default","ast-global-header-display":"","ast-banner-title-visibility":"","ast-main-header-display":"","ast-hfb-above-header-display":"","ast-hfb-below-header-display":"","ast-hfb-mobile-header-display":"","site-post-title":"","ast-breadcrumbs-content":"","ast-featured-img":"disabled","footer-sml-layout":"","theme-transparent-header-meta":"","adv-header-id-meta":"","stick-header-meta":"","header-above-stick-meta":"","header-main-stick-meta":"","header-below-stick-meta":"","astra-migrate-meta-layouts":"set","ast-page-background-enabled":"default","ast-page-background-meta":{"desktop":{"background-color":"","background-image":"","background-repeat":"repeat","background-position":"center center","background-size":"auto","background-attachment":"scroll","background-type":"","background-media":"","overlay-type":"","overlay-color":"","overlay-opacity":"","overlay-gradient":""},"tablet":{"background-color":"","background-image":"","background-repeat":"repeat","background-position":"center center","background-size":"auto","background-attachment":"scroll","background-type":"","background-media":"","overlay-type":"","overlay-color":"","overlay-opacity":"","overlay-gradient":""},"mobile":{"background-color":"","background-image":"","background-repeat":"repeat","background-position":"center center","background-size":"auto","background-attachment":"scroll","background-type":"","background-media":"","overlay-type":"","overlay-color":"","overlay-opacity":"","overlay-gradient":""}},"ast-content-background-meta":{"desktop":{"background-color":"var(--ast-global-color-5)","background-image":"","background-repeat":"repeat","background-position":"center center","background-size":"auto","background-attachment":"scroll","background-type":"","background-media":"","overlay-type":"","overlay-color":"","overlay-opacity":"","overlay-gradient":""},"tablet":{"background-color":"var(--ast-global-color-5)","background-image":"","background-repeat":"repeat","background-position":"center center","background-size":"auto","background-attachment":"scroll","background-type":"","background-media":"","overlay-type":"","overlay-color":"","overlay-opacity":"","overlay-gradient":""},"mobile":{"background-color":"var(--ast-global-color-5)","background-image":"","background-repeat":"repeat","background-position":"center center","background-size":"auto","background-attachment":"scroll","background-type":"","background-media":"","overlay-type":"","overlay-color":"","overlay-opacity":"","overlay-gradient":""}},"footnotes":""},"class_list":["post-2058","page","type-page","status-publish","hentry"],"aioseo_notices":[],"_links":{"self":[{"href":"https:\/\/www.copantalya.com\/ko\/wp-json\/wp\/v2\/pages\/2058","targetHints":{"allow":["GET"]}}],"collection":[{"href":"https:\/\/www.copantalya.com\/ko\/wp-json\/wp\/v2\/pages"}],"about":[{"href":"https:\/\/www.copantalya.com\/ko\/wp-json\/wp\/v2\/types\/page"}],"author":[{"embeddable":true,"href":"https:\/\/www.copantalya.com\/ko\/wp-json\/wp\/v2\/users\/1"}],"replies":[{"embeddable":true,"href":"https:\/\/www.copantalya.com\/ko\/wp-json\/wp\/v2\/comments?post=2058"}],"version-history":[{"count":4,"href":"https:\/\/www.copantalya.com\/ko\/wp-json\/wp\/v2\/pages\/2058\/revisions"}],"predecessor-version":[{"id":2063,"href":"https:\/\/www.copantalya.com\/ko\/wp-json\/wp\/v2\/pages\/2058\/revisions\/2063"}],"wp:attachment":[{"href":"https:\/\/www.copantalya.com\/ko\/wp-json\/wp\/v2\/media?parent=2058"}],"curies":[{"name":"wp","href":"https:\/\/api.w.org\/{rel}","templated":true}]}}