{"id":1420,"date":"2026-02-18T19:08:50","date_gmt":"2026-02-18T19:08:50","guid":{"rendered":"https:\/\/www.copantalya.com\/?page_id=1420"},"modified":"2026-03-02T19:37:20","modified_gmt":"2026-03-02T19:37:20","slug":"karbon-etkisi","status":"publish","type":"page","link":"https:\/\/www.copantalya.com\/ms\/karbon-etkisi\/","title":{"rendered":"Jejak karbon"},"content":{"rendered":"<div data-elementor-type=\"wp-page\" data-elementor-id=\"1420\" class=\"elementor elementor-1420\">\n\t\t\t\t<div class=\"elementor-element elementor-element-262daccf e-flex e-con-boxed e-con e-parent\" data-id=\"262daccf\" data-element_type=\"container\" data-e-type=\"container\" data-settings=\"{&quot;background_background&quot;:&quot;classic&quot;}\">\n\t\t\t\t\t<div class=\"e-con-inner\">\n\t\t<div class=\"elementor-element elementor-element-1e303980 e-con-full e-flex e-con e-child\" data-id=\"1e303980\" data-element_type=\"container\" data-e-type=\"container\">\n\t\t\t\t<div class=\"elementor-element elementor-element-6aa7c23 elementor-widget elementor-widget-heading\" data-id=\"6aa7c23\" data-element_type=\"widget\" data-e-type=\"widget\" data-widget_type=\"heading.default\">\n\t\t\t\t\t<h1 class=\"elementor-heading-title elementor-size-default\">Dijitalle\u015fme S\u00fcrecinde Veri Merkezlerinin Karbon Ayak \u0130zi ve \u0130klim Kriziyle Etkile\u015fimi<\/h1>\t\t\t\t<\/div>\n\t\t\t\t<\/div>\n\t\t\t\t\t<\/div>\n\t\t\t\t<\/div>\n\t\t\t\t<section class=\"elementor-section elementor-top-section elementor-element elementor-element-1d9728db elementor-section-content-middle elementor-section-boxed elementor-section-height-default elementor-section-height-default\" data-id=\"1d9728db\" data-element_type=\"section\" data-e-type=\"section\" data-settings=\"{&quot;background_background&quot;:&quot;classic&quot;}\">\n\t\t\t\t\t\t<div class=\"elementor-container elementor-column-gap-no\">\n\t\t\t\t\t<div class=\"elementor-column elementor-col-50 elementor-top-column elementor-element elementor-element-29a6ff73\" data-id=\"29a6ff73\" data-element_type=\"column\" data-e-type=\"column\" data-settings=\"{&quot;background_background&quot;:&quot;classic&quot;}\">\n\t\t\t<div class=\"elementor-widget-wrap elementor-element-populated\">\n\t\t\t\t\t\t<div class=\"elementor-element elementor-element-589de755 elementor-widget elementor-widget-image\" data-id=\"589de755\" data-element_type=\"widget\" data-e-type=\"widget\" data-widget_type=\"image.default\">\n\t\t\t\t\t\t\t\t\t\t\t\t\t\t\t<img fetchpriority=\"high\" decoding=\"async\" width=\"1001\" height=\"1500\" src=\"https:\/\/www.copantalya.com\/wp-content\/uploads\/2026\/02\/16472-2.jpg\" class=\"attachment-full size-full wp-image-1269\" alt=\"16472 2\" srcset=\"https:\/\/www.copantalya.com\/wp-content\/uploads\/2026\/02\/16472-2.jpg 1001w, https:\/\/www.copantalya.com\/wp-content\/uploads\/2026\/02\/16472-2-200x300.jpg 200w, https:\/\/www.copantalya.com\/wp-content\/uploads\/2026\/02\/16472-2-683x1024.jpg 683w, https:\/\/www.copantalya.com\/wp-content\/uploads\/2026\/02\/16472-2-768x1151.jpg 768w\" sizes=\"(max-width: 1001px) 100vw, 1001px\" title=\"Jejak karbon\">\t\t\t\t\t\t\t\t\t\t\t\t\t\t\t<\/div>\n\t\t\t\t\t<\/div>\n\t\t<\/div>\n\t\t\t\t<div class=\"elementor-column elementor-col-50 elementor-top-column elementor-element elementor-element-6b99767f\" data-id=\"6b99767f\" data-element_type=\"column\" data-e-type=\"column\">\n\t\t\t<div class=\"elementor-widget-wrap elementor-element-populated\">\n\t\t\t\t\t\t<div class=\"elementor-element elementor-element-6fda241 elementor-widget elementor-widget-text-editor\" data-id=\"6fda241\" data-element_type=\"widget\" data-e-type=\"widget\" data-widget_type=\"text-editor.default\">\n\t\t\t\t\t\t\t\t\t<p class=\"p1\">Dijitalle\u015fme; modern toplumlar\u0131n ekonomik, sosyal ve siyasi yap\u0131lanmas\u0131n\u0131 etkileyerek<br \/>yeniden \u015fekillendiren temel s\u00fcre\u00e7lerden biridir. Yapay zeka, online platformlar, bulut bili\u015fim<br \/>ve b\u00fcy\u00fck veri analiti\u011fi; verimlili\u011fin artmas\u0131 ve eri\u015filebilirlik bak\u0131m\u0131ndan \u00f6nemli avantajlar<br \/>sa\u011flamaktad\u0131r. Ancak bu s\u00fcre\u00e7, \u00e7o\u011fu zaman g\u00f6z ard\u0131 edilen ciddi \u00e7evresel maliyetler de<br \/>do\u011furmaktad\u0131r. Dijitalle\u015fme i\u00e7in gerekli olan altyap\u0131n\u0131n temelini olu\u015fturan veri merkezleri,<br \/>artan enerji t\u00fcketimi ve buna ba\u011fl\u0131 karbon sal\u0131m\u0131 nedeniyle iklim krizi \u00e7er\u00e7evesinde giderek<br \/>daha fazla g\u00fcndeme gelmektedir.<\/p>\t\t\t\t\t\t\t\t<\/div>\n\t\t\t\t<div class=\"elementor-element elementor-element-1205ac1c elementor-widget-divider--view-line elementor-widget elementor-widget-divider\" data-id=\"1205ac1c\" data-element_type=\"widget\" data-e-type=\"widget\" data-widget_type=\"divider.default\">\n\t\t\t\t\t\t\t<div class=\"elementor-divider\">\n\t\t\t<span class=\"elementor-divider-separator\">\n\t\t\t\t\t\t<\/span>\n\t\t<\/div>\n\t\t\t\t\t\t<\/div>\n\t\t\t\t<div class=\"elementor-element elementor-element-3939d56b elementor-widget elementor-widget-heading\" data-id=\"3939d56b\" data-element_type=\"widget\" data-e-type=\"widget\" data-widget_type=\"heading.default\">\n\t\t\t\t\t<h2 class=\"elementor-heading-title elementor-size-default\">Dijitalle\u015fme ve Artan Enerji Talebi<\/h2>\t\t\t\t<\/div>\n\t\t\t\t<div class=\"elementor-element elementor-element-11db7874 elementor-widget elementor-widget-text-editor\" data-id=\"11db7874\" data-element_type=\"widget\" data-e-type=\"widget\" data-widget_type=\"text-editor.default\">\n\t\t\t\t\t\t\t\t\t<p class=\"p1\">Dijital hizmetlere olan k\u00fcresel talep, son on y\u0131lda h\u0131zla artm\u0131\u015ft\u0131r. Video ak\u0131\u015f yaz\u0131l\u0131mlar\u0131, sosyal medya platformlar\u0131 ve yapay zeka tabanl\u0131 sistemler b\u00fcy\u00fck miktarda veri \u00fcretirken bu verilerin i\u015flenmesi i\u00e7in y\u00fcksek hesaplama g\u00fcc\u00fc gerekmektedir. Veri merkezleri, bu yo\u011fun dijital faaliyetin s\u00fcreklili\u011fi i\u00e7in kesintisiz olarak \u00e7al\u0131\u015fan sistemler olup \u00f6nemli \u00f6l\u00e7\u00fcde elektrik t\u00fcketimine yol a\u00e7maktad\u0131rlar.<\/p><p class=\"p1\">Bu s\u00fcre\u00e7te enerji t\u00fcketimi yaln\u0131zca sunucularla s\u0131n\u0131rl\u0131 kalmamakta: so\u011futma, yedekleme ve g\u00fcvenlik sistemleri de toplam t\u00fcketimin \u00f6nemli bir b\u00f6l\u00fcm\u00fcn\u00fc olu\u015fturmaktad\u0131r. Ara\u015ft\u0131rmalar, veri merkezlerinin k\u00fcresel elektrik t\u00fcketiminin yakla\u015f\u0131k %1 ila 2\u2019sini olu\u015fturdu\u011funu g\u00f6stermektedir. Dijitalle\u015fmenin h\u0131zla devam etmesi halinde bu oran\u0131n ilerleyen y\u0131llarda daha da y\u00fckselmesi beklenmektedir. Enerji ihtiyac\u0131ndaki bu art\u0131\u015f, \u00f6zellikle elektrik \u00fcretimini fosil yak\u0131tlara ba\u011f\u0131ml\u0131 \u00fclkelerde ciddi bir karbon sal\u0131m\u0131 sorununu da ortaya koymaktad\u0131r.<\/p>\t\t\t\t\t\t\t\t<\/div>\n\t\t\t\t<div class=\"elementor-element elementor-element-41ea4fe elementor-widget-divider--view-line elementor-widget elementor-widget-divider\" data-id=\"41ea4fe\" data-element_type=\"widget\" data-e-type=\"widget\" data-widget_type=\"divider.default\">\n\t\t\t\t\t\t\t<div class=\"elementor-divider\">\n\t\t\t<span class=\"elementor-divider-separator\">\n\t\t\t\t\t\t<\/span>\n\t\t<\/div>\n\t\t\t\t\t\t<\/div>\n\t\t\t\t<div class=\"elementor-element elementor-element-5ceb260 elementor-widget elementor-widget-heading\" data-id=\"5ceb260\" data-element_type=\"widget\" data-e-type=\"widget\" data-widget_type=\"heading.default\">\n\t\t\t\t\t<h2 class=\"elementor-heading-title elementor-size-default\">Veri Merkezlerinin Karbon Ayak \u0130zi<\/h2>\t\t\t\t<\/div>\n\t\t\t\t<div class=\"elementor-element elementor-element-cfed3d8 elementor-widget elementor-widget-text-editor\" data-id=\"cfed3d8\" data-element_type=\"widget\" data-e-type=\"widget\" data-widget_type=\"text-editor.default\">\n\t\t\t\t\t\t\t\t\t<p><span style=\"font-weight: 400;\">Veri merkezlerinin karbon ayak izi, b\u00fcy\u00fck \u00f6l\u00e7\u00fcde kullan\u0131lan enerji kayna\u011f\u0131n\u0131n niteli\u011fine ba\u011fl\u0131 olarak \u015fekillenmektedir. Yenilenebilir enerji kaynaklar\u0131n\u0131 kullanan veri merkezleri daha d\u00fc\u015f\u00fck sal\u0131m d\u00fczeylerine sahipken k\u00f6m\u00fcr ve do\u011fal gaz gibi fosil yak\u0131tlar\u0131n a\u011f\u0131rl\u0131kl\u0131 oldu\u011fu enerji sistemlerinde faaliyet g\u00f6steren merkezler y\u00fcksek dolayl\u0131 sal\u0131mlara yol a\u00e7maktad\u0131r. Bu durum, dijitalle\u015fmenin iklim \u00fczerindeki etkisinin b\u00f6lgesel enerji politikalar\u0131yla do\u011frudan ili\u015fkili oldu\u011funu g\u00f6stermektedir.\u00a0<\/span><\/p><p><span style=\"font-weight: 400;\">Bunlar\u0131n yan\u0131 s\u0131ra veri merkezlerinin yaln\u0131zca do\u011frudan enerji t\u00fcketimi de\u011fil, \u00e7evresel etkileri de dikkate al\u0131nmal\u0131d\u0131r. Sunucular\u0131n \u00fcretimi, ta\u015f\u0131nmas\u0131 ve belirli aral\u0131klarla yenilenmesi s\u00fcre\u00e7leri y\u00fcksek miktarda karbon sal\u0131m\u0131na sebep olmaktad\u0131r.\u00a0<\/span><\/p>\t\t\t\t\t\t\t\t<\/div>\n\t\t\t\t<div class=\"elementor-element elementor-element-2e84cd4 elementor-widget-divider--view-line elementor-widget elementor-widget-divider\" data-id=\"2e84cd4\" data-element_type=\"widget\" data-e-type=\"widget\" data-widget_type=\"divider.default\">\n\t\t\t\t\t\t\t<div class=\"elementor-divider\">\n\t\t\t<span class=\"elementor-divider-separator\">\n\t\t\t\t\t\t<\/span>\n\t\t<\/div>\n\t\t\t\t\t\t<\/div>\n\t\t\t\t<div class=\"elementor-element elementor-element-d557b16 elementor-widget elementor-widget-heading\" data-id=\"d557b16\" data-element_type=\"widget\" data-e-type=\"widget\" data-widget_type=\"heading.default\">\n\t\t\t\t\t<h2 class=\"elementor-heading-title elementor-size-default\">So\u011futma Sistemleri ve Su T\u00fcketimi<\/h2>\t\t\t\t<\/div>\n\t\t\t\t<div class=\"elementor-element elementor-element-72b1167 elementor-widget elementor-widget-text-editor\" data-id=\"72b1167\" data-element_type=\"widget\" data-e-type=\"widget\" data-widget_type=\"text-editor.default\">\n\t\t\t\t\t\t\t\t\t<p><span style=\"font-weight: 400;\">Veri merkezlerinde enerji t\u00fcketiminin \u00f6nemli bir b\u00f6l\u00fcm\u00fc so\u011futma sistemlerine ayr\u0131lmaktad\u0131r. S\u00fcrekli \u00e7al\u0131\u015fan sunucular y\u00fcksek miktarda \u0131s\u0131 \u00fcretmektedir ve \u0131s\u0131n\u0131n kontrol alt\u0131nda tutulmas\u0131 i\u00e7in so\u011futulmas\u0131 gerekmektedir. \u00d6zellikle s\u0131cak iklimlerde bulunan veri merkezlerinde bu durum, enerji t\u00fcketimini ve dolay\u0131s\u0131yla karbon sal\u0131m\u0131n\u0131 art\u0131rmaktad\u0131r.<\/span><\/p><p><span style=\"font-weight: 400;\">Ayr\u0131ca bir\u00e7ok veri merkezi, so\u011futma s\u00fcre\u00e7lerinde b\u00fcy\u00fck miktarda su kullanmaktad\u0131r. \u00d6zellikle su stresi ya\u015fayan b\u00f6lgelerde ekolojik ve toplumsal sorunlara yol a\u00e7abilmektedir. Bu sebeple veri merkezlerinin \u00e7evresel etkisi, yaln\u0131zca iklim de\u011fi\u015fikli\u011fiyle s\u0131n\u0131rl\u0131 olmay\u0131p do\u011fal kaynaklar\u0131n s\u00fcrd\u00fcr\u00fclebilirli\u011fi a\u00e7\u0131s\u0131ndan da de\u011ferlendirilmelidir.\u00a0<\/span><\/p>\t\t\t\t\t\t\t\t<\/div>\n\t\t\t\t<div class=\"elementor-element elementor-element-f44f1ad elementor-widget-divider--view-line elementor-widget elementor-widget-divider\" data-id=\"f44f1ad\" data-element_type=\"widget\" data-e-type=\"widget\" data-widget_type=\"divider.default\">\n\t\t\t\t\t\t\t<div class=\"elementor-divider\">\n\t\t\t<span class=\"elementor-divider-separator\">\n\t\t\t\t\t\t<\/span>\n\t\t<\/div>\n\t\t\t\t\t\t<\/div>\n\t\t\t\t<div class=\"elementor-element elementor-element-752c582 elementor-widget elementor-widget-heading\" data-id=\"752c582\" data-element_type=\"widget\" data-e-type=\"widget\" data-widget_type=\"heading.default\">\n\t\t\t\t\t<h2 class=\"elementor-heading-title elementor-size-default\">\u0130klim Politikalar\u0131 ve S\u00fcrd\u00fcr\u00fclebilir Dijital D\u00f6n\u00fc\u015f\u00fcm<\/h2>\t\t\t\t<\/div>\n\t\t\t\t<div class=\"elementor-element elementor-element-c59bca3 elementor-widget elementor-widget-text-editor\" data-id=\"c59bca3\" data-element_type=\"widget\" data-e-type=\"widget\" data-widget_type=\"text-editor.default\">\n\t\t\t\t\t\t\t\t\t<p><span style=\"font-weight: 400;\">Veri merkezlerinin karbon etkisinin azalt\u0131lmas\u0131, k\u00fcresel iklim hedefleriyle do\u011frudan ili\u015fkilidir. Birle\u015fmi\u015f Milletler \u00c7evre Program\u0131 (UNEP) taraf\u0131ndan yay\u0131mlanan raporlar, dijital altyap\u0131n\u0131n s\u00fcrd\u00fcr\u00fclebilirlik hedefleriyle uyumlu h\u00e2le getirilmesinin \u00f6nemine dikkat \u00e7ekmektedir. Ayr\u0131ca Paris Anla\u015fmas\u0131 k\u00fcresel s\u0131cakl\u0131k art\u0131\u015f\u0131n\u0131 1 ila 2\u00b0C ile s\u0131n\u0131rlamay\u0131 hedeflerken yo\u011fun enerji t\u00fcketen sekt\u00f6rlerin s\u00fcrd\u00fcr\u00fclebilir d\u00f6n\u00fc\u015f\u00fcm\u00fcn\u00fc zorunlu k\u0131lmaktad\u0131r. Bu do\u011frultuda dijital sekt\u00f6r\u00fcn de iklim politikalar\u0131na entegre edilmesi gerekmektedir. Uluslararas\u0131 Enerji Ajans\u0131 (IEA) raporlar\u0131, veri merkezlerinin yenilenebilir enerji kullan\u0131m\u0131na y\u00f6nlendirilmesinin ve enerji verimlili\u011fi standartlar\u0131n\u0131n art\u0131r\u0131lmas\u0131n\u0131n kritik \u00f6nem ta\u015f\u0131d\u0131\u011f\u0131n\u0131 vurgulamaktad\u0131r.\u00a0<\/span><\/p><p><span style=\"font-weight: 400;\">Ayr\u0131ca at\u0131k \u0131s\u0131 geri kazan\u0131m\u0131, daha verimli sunucu mimarileri ve \u015feffaf emisyon raporlamas\u0131 gibi uygulamalar s\u00fcrd\u00fcr\u00fclebilir dijitalle\u015fme i\u00e7in temel ara\u00e7lar aras\u0131nda yer almaktad\u0131r. Politika d\u00fczeyinde ise devlet te\u015fvikleri, karbon vergileri ve zorunlu raporlama mekanizmalar\u0131 dijital sekt\u00f6r\u00fcn \u00e7evresel etkilerini azaltmada \u00f6nemli ara\u00e7lar olarak \u00f6ne \u00e7\u0131kmaktad\u0131r. Bu t\u00fcr d\u00fczenlemeler, \u015firketleri daha \u015feffaf ve sorumlu enerji kullan\u0131m\u0131na y\u00f6nlendirilebilece\u011fi \u00f6ng\u00f6r\u00fclmektedir.\u00a0<\/span><\/p>\t\t\t\t\t\t\t\t<\/div>\n\t\t\t\t<div class=\"elementor-element elementor-element-ce87ea4 elementor-widget-divider--view-line elementor-widget elementor-widget-divider\" data-id=\"ce87ea4\" data-element_type=\"widget\" data-e-type=\"widget\" data-widget_type=\"divider.default\">\n\t\t\t\t\t\t\t<div class=\"elementor-divider\">\n\t\t\t<span class=\"elementor-divider-separator\">\n\t\t\t\t\t\t<\/span>\n\t\t<\/div>\n\t\t\t\t\t\t<\/div>\n\t\t\t\t<div class=\"elementor-element elementor-element-1204cb8 elementor-widget elementor-widget-heading\" data-id=\"1204cb8\" data-element_type=\"widget\" data-e-type=\"widget\" data-widget_type=\"heading.default\">\n\t\t\t\t\t<h2 class=\"elementor-heading-title elementor-size-default\">Keputusan<\/h2>\t\t\t\t<\/div>\n\t\t\t\t<div class=\"elementor-element elementor-element-0c62aac elementor-widget elementor-widget-text-editor\" data-id=\"0c62aac\" data-element_type=\"widget\" data-e-type=\"widget\" data-widget_type=\"text-editor.default\">\n\t\t\t\t\t\t\t\t\t<p><span style=\"font-weight: 400;\">Dijitalle\u015fme, modern toplumlar i\u00e7in vazge\u00e7ilmez bir s\u00fcre\u00e7 olmakla birlikte, ciddi \u00e7evresel maliyetleri de beraberinde getirmektedir. Veri merkezleri, bu maliyetlerin somutla\u015ft\u0131\u011f\u0131 en \u00f6nemli alanlardan biridir. Artan enerji t\u00fcketimi, karbon sal\u0131mlar\u0131, su kullan\u0131m\u0131 ve elektronik at\u0131klar dijital altyap\u0131n\u0131n iklim kriziyle olan ili\u015fkisini a\u00e7\u0131k\u00e7a ortaya koymaktad\u0131r.\u00a0<\/span><\/p><p><span style=\"font-weight: 400;\">Bu nedenle dijitalle\u015fme; yaln\u0131zca teknolojik ilerleme perspektifiyle de\u011fil, ayn\u0131 zamanda \u00e7evresel s\u00fcrd\u00fcr\u00fclebilirlik ve iklim adaleti \u00e7er\u00e7evesinde de ele al\u0131nmal\u0131d\u0131r. Aksi takdirde dijital d\u00f6n\u00fc\u015f\u00fcm, iklim krizini hafifletmek yerine derinle\u015ftiren bir fakt\u00f6r haline gelebilir. S\u00fcrd\u00fcr\u00fclebilir bir gelecek i\u00e7in dijital sekt\u00f6r\u00fcn iklim politikalar\u0131yla uyumlu hale getirilmesi ka\u00e7\u0131n\u0131lmazd\u0131r<\/span><\/p>\t\t\t\t\t\t\t\t<\/div>\n\t\t\t\t\t<\/div>\n\t\t<\/div>\n\t\t\t\t\t<\/div>\n\t\t<\/section>\n\t\t<div class=\"elementor-element elementor-element-6d511678 e-flex e-con-boxed e-con e-parent\" data-id=\"6d511678\" data-element_type=\"container\" data-e-type=\"container\" data-settings=\"{&quot;background_background&quot;:&quot;classic&quot;,&quot;shape_divider_top&quot;:&quot;mountains&quot;}\">\n\t\t\t\t\t<div class=\"e-con-inner\">\n\t\t\t\t<div class=\"elementor-shape elementor-shape-top\" aria-hidden=\"true\" data-negative=\"false\">\n\t\t\t<svg xmlns=\"http:\/\/www.w3.org\/2000\/svg\" viewbox=\"0 0 1000 100\" preserveaspectratio=\"none\">\n\t<path class=\"elementor-shape-fill\" opacity=\"0.33\" d=\"M473,67.3c-203.9,88.3-263.1-34-320.3,0C66,119.1,0,59.7,0,59.7V0h1000v59.7 c0,0-62.1,26.1-94.9,29.3c-32.8,3.3-62.8-12.3-75.8-22.1C806,49.6,745.3,8.7,694.9,4.7S492.4,59,473,67.3z\"\/>\n\t<path class=\"elementor-shape-fill\" opacity=\"0.66\" d=\"M734,67.3c-45.5,0-77.2-23.2-129.1-39.1c-28.6-8.7-150.3-10.1-254,39.1 s-91.7-34.4-149.2,0C115.7,118.3,0,39.8,0,39.8V0h1000v36.5c0,0-28.2-18.5-92.1-18.5C810.2,18.1,775.7,67.3,734,67.3z\"\/>\n\t<path class=\"elementor-shape-fill\" d=\"M766.1,28.9c-200-57.5-266,65.5-395.1,19.5C242,1.8,242,5.4,184.8,20.6C128,35.8,132.3,44.9,89.9,52.5C28.6,63.7,0,0,0,0 h1000c0,0-9.9,40.9-83.6,48.1S829.6,47,766.1,28.9z\"\/>\n<\/svg>\t\t<\/div>\n\t\t<div class=\"elementor-element elementor-element-25894c96 e-con-full e-flex e-con e-child\" data-id=\"25894c96\" data-element_type=\"container\" data-e-type=\"container\">\n\t\t\t\t<div class=\"elementor-element elementor-element-11f696ce elementor-widget elementor-widget-heading\" data-id=\"11f696ce\" data-element_type=\"widget\" data-e-type=\"widget\" data-widget_type=\"heading.default\">\n\t\t\t\t\t<div class=\"elementor-heading-title elementor-size-default\">Mari Bincang Mengenai COP31<\/div>\t\t\t\t<\/div>\n\t\t\t\t<\/div>\n\t\t<div class=\"elementor-element elementor-element-3a105639 e-con-full e-flex e-con e-child\" data-id=\"3a105639\" data-element_type=\"container\" data-e-type=\"container\">\n\t\t\t\t<div class=\"elementor-element elementor-element-491406eb elementor-align-left elementor-tablet-align-left elementor-mobile-align-justify elementor-widget__width-inherit elementor-widget elementor-widget-button\" data-id=\"491406eb\" data-element_type=\"widget\" data-e-type=\"widget\" data-widget_type=\"button.default\">\n\t\t\t\t\t\t\t\t\t\t<a class=\"elementor-button elementor-button-link elementor-size-sm\" href=\"https:\/\/globaliscertification.com\/\" target=\"_blank\">\n\t\t\t\t\t\t<span class=\"elementor-button-content-wrapper\">\n\t\t\t\t\t\t\t\t\t<span class=\"elementor-button-text\">Maklumat Globalis<\/span>\n\t\t\t\t\t<\/span>\n\t\t\t\t\t<\/a>\n\t\t\t\t\t\t\t\t<\/div>\n\t\t\t\t<\/div>\n\t\t\t\t\t<\/div>\n\t\t\t\t<\/div>\n\t\t\t\t<\/div>","protected":false},"excerpt":{"rendered":"<p>Dijitalle\u015fme S\u00fcrecinde Veri Merkezlerinin Karbon Ayak \u0130zi ve \u0130klim Kriziyle Etkile\u015fimi Dijitalle\u015fme; modern toplumlar\u0131n ekonomik, sosyal ve siyasi yap\u0131lanmas\u0131n\u0131 etkileyerekyeniden [&hellip;]<\/p>\n","protected":false},"author":1,"featured_media":0,"parent":0,"menu_order":0,"comment_status":"closed","ping_status":"closed","template":"","meta":{"om_disable_all_campaigns":false,"_monsterinsights_skip_tracking":false,"_monsterinsights_sitenote_active":false,"_monsterinsights_sitenote_note":"","_monsterinsights_sitenote_category":0,"site-sidebar-layout":"no-sidebar","site-content-layout":"page-builder","ast-site-content-layout":"full-width-container","site-content-style":"default","site-sidebar-style":"default","ast-global-header-display":"","ast-banner-title-visibility":"","ast-main-header-display":"","ast-hfb-above-header-display":"","ast-hfb-below-header-display":"","ast-hfb-mobile-header-display":"","site-post-title":"disabled","ast-breadcrumbs-content":"","ast-featured-img":"disabled","footer-sml-layout":"","theme-transparent-header-meta":"","adv-header-id-meta":"","stick-header-meta":"","header-above-stick-meta":"","header-main-stick-meta":"","header-below-stick-meta":"","astra-migrate-meta-layouts":"set","ast-page-background-enabled":"default","ast-page-background-meta":{"desktop":{"background-color":"","background-image":"","background-repeat":"repeat","background-position":"center center","background-size":"auto","background-attachment":"scroll","background-type":"","background-media":"","overlay-type":"","overlay-color":"","overlay-opacity":"","overlay-gradient":""},"tablet":{"background-color":"","background-image":"","background-repeat":"repeat","background-position":"center center","background-size":"auto","background-attachment":"scroll","background-type":"","background-media":"","overlay-type":"","overlay-color":"","overlay-opacity":"","overlay-gradient":""},"mobile":{"background-color":"","background-image":"","background-repeat":"repeat","background-position":"center center","background-size":"auto","background-attachment":"scroll","background-type":"","background-media":"","overlay-type":"","overlay-color":"","overlay-opacity":"","overlay-gradient":""}},"ast-content-background-meta":{"desktop":{"background-color":"var(--ast-global-color-5)","background-image":"","background-repeat":"repeat","background-position":"center center","background-size":"auto","background-attachment":"scroll","background-type":"","background-media":"","overlay-type":"","overlay-color":"","overlay-opacity":"","overlay-gradient":""},"tablet":{"background-color":"var(--ast-global-color-5)","background-image":"","background-repeat":"repeat","background-position":"center center","background-size":"auto","background-attachment":"scroll","background-type":"","background-media":"","overlay-type":"","overlay-color":"","overlay-opacity":"","overlay-gradient":""},"mobile":{"background-color":"var(--ast-global-color-5)","background-image":"","background-repeat":"repeat","background-position":"center center","background-size":"auto","background-attachment":"scroll","background-type":"","background-media":"","overlay-type":"","overlay-color":"","overlay-opacity":"","overlay-gradient":""}},"footnotes":""},"class_list":["post-1420","page","type-page","status-publish","hentry"],"aioseo_notices":[],"_links":{"self":[{"href":"https:\/\/www.copantalya.com\/ms\/wp-json\/wp\/v2\/pages\/1420","targetHints":{"allow":["GET"]}}],"collection":[{"href":"https:\/\/www.copantalya.com\/ms\/wp-json\/wp\/v2\/pages"}],"about":[{"href":"https:\/\/www.copantalya.com\/ms\/wp-json\/wp\/v2\/types\/page"}],"author":[{"embeddable":true,"href":"https:\/\/www.copantalya.com\/ms\/wp-json\/wp\/v2\/users\/1"}],"replies":[{"embeddable":true,"href":"https:\/\/www.copantalya.com\/ms\/wp-json\/wp\/v2\/comments?post=1420"}],"version-history":[{"count":13,"href":"https:\/\/www.copantalya.com\/ms\/wp-json\/wp\/v2\/pages\/1420\/revisions"}],"predecessor-version":[{"id":1707,"href":"https:\/\/www.copantalya.com\/ms\/wp-json\/wp\/v2\/pages\/1420\/revisions\/1707"}],"wp:attachment":[{"href":"https:\/\/www.copantalya.com\/ms\/wp-json\/wp\/v2\/media?parent=1420"}],"curies":[{"name":"wp","href":"https:\/\/api.w.org\/{rel}","templated":true}]}}