{"id":1426,"date":"2026-02-18T19:16:20","date_gmt":"2026-02-18T19:16:20","guid":{"rendered":"https:\/\/www.copantalya.com\/?page_id=1426"},"modified":"2026-03-02T19:57:56","modified_gmt":"2026-03-02T19:57:56","slug":"yeni-nesil-gezginler-ve-iklim-diplomasisi","status":"publish","type":"page","link":"https:\/\/www.copantalya.com\/nl\/yeni-nesil-gezginler-ve-iklim-diplomasisi\/","title":{"rendered":"De nieuwe generatie reizigers en klimaatdiplomatie"},"content":{"rendered":"<div data-elementor-type=\"wp-page\" data-elementor-id=\"1426\" class=\"elementor elementor-1426\">\n\t\t\t\t<div class=\"elementor-element elementor-element-7dbd4a94 e-flex e-con-boxed e-con e-parent\" data-id=\"7dbd4a94\" data-element_type=\"container\" data-e-type=\"container\" data-settings=\"{&quot;background_background&quot;:&quot;classic&quot;}\">\n\t\t\t\t\t<div class=\"e-con-inner\">\n\t\t<div class=\"elementor-element elementor-element-e129312 e-con-full e-flex e-con e-child\" data-id=\"e129312\" data-element_type=\"container\" data-e-type=\"container\">\n\t\t\t\t<div class=\"elementor-element elementor-element-4ccc6030 elementor-widget elementor-widget-heading\" data-id=\"4ccc6030\" data-element_type=\"widget\" data-e-type=\"widget\" data-widget_type=\"heading.default\">\n\t\t\t\t\t<h1 class=\"elementor-heading-title elementor-size-default\">NIEUWE GENERATIE REIZIGERS EN KLIMAATDIPLOMATIE<\/h1>\t\t\t\t<\/div>\n\t\t\t\t<\/div>\n\t\t\t\t\t<\/div>\n\t\t\t\t<\/div>\n\t\t\t\t<section class=\"elementor-section elementor-top-section elementor-element elementor-element-4b5e4976 elementor-section-content-middle elementor-section-boxed elementor-section-height-default elementor-section-height-default\" data-id=\"4b5e4976\" data-element_type=\"section\" data-e-type=\"section\" data-settings=\"{&quot;background_background&quot;:&quot;classic&quot;}\">\n\t\t\t\t\t\t<div class=\"elementor-container elementor-column-gap-no\">\n\t\t\t\t\t<div class=\"elementor-column elementor-col-100 elementor-top-column elementor-element elementor-element-63e5eda8\" data-id=\"63e5eda8\" data-element_type=\"column\" data-e-type=\"column\">\n\t\t\t<div class=\"elementor-widget-wrap elementor-element-populated\">\n\t\t\t\t\t\t<div class=\"elementor-element elementor-element-f806ba1 elementor-widget elementor-widget-text-editor\" data-id=\"f806ba1\" data-element_type=\"widget\" data-e-type=\"widget\" data-widget_type=\"text-editor.default\">\n\t\t\t\t\t\t\t\t\t<p data-start=\"118\" data-end=\"705\">De wereldwijde klimaatverandering is niet alleen een fenomeen dat het milieu be\u00efnvloedt; het is ook een gelaagd proces waarin staten, internationale organisaties en niet-gouvernementele organisaties op nationaal en internationaal niveau op elkaar inwerken. In dit proces is de jeugd een meer zichtbare en effectieve actor geworden, vooral in de afgelopen jaren. Jongeren, de generatie die het meest te maken zal krijgen met de gevolgen van de klimaatcrisis, hebben zich niet alleen gericht op bewustwording, maar eisen ook deelname aan besluitvormingsprocessen en hebben een prominentere positie verworven door politieke debatten vorm te geven.<\/p><p data-start=\"707\" data-end=\"1257\">De deelname van jongeren aan mondiale klimaatprocessen op institutioneel niveau is te zien bij internationale onderhandelingen in het kader van het Raamverdrag van de Verenigde Naties inzake Klimaatverandering (UNFCCC). De Conferentie van de Verenigde Naties over Klimaatverandering voor jongeren (COY), die vlak voor de jaarlijkse Klimaatconferentie van de Verenigde Naties (COP) plaatsvindt en georganiseerd wordt onder de paraplu van YOUNGO, de offici\u00eble jongerenvertegenwoordigingsstructuur van de UNFCCC, is echter een belangrijke top die technische en politieke informatie biedt om jongeren voor te bereiden op het COP-proces.<\/p><p data-start=\"1259\" data-end=\"2085\">De wereldwijde structuur van COY heeft de weg vrijgemaakt voor het ontstaan van soortgelijke mechanismen op lokaal en nationaal niveau. Lokale jongerenconferenties (LCOY) zijn bijvoorbeeld platforms waar jongeren prioriteiten identificeren met betrekking tot klimaatverandering in hun eigen land, lokale problemen bespreken en nationale beleidsaanbevelingen ontwikkelen. De verklaringen van deze topontmoetingen bevatten niet alleen oproepen voor staten, maar ook voor de particuliere sector. Op dit punt is de toeristische sector een van de gebieden geworden waar de in de COY en LCOY geformuleerde eisen direct worden weerspiegeld. Omdat toerisme direct verbonden is met gebieden als transport, economie en energieverbruik. Om deze reden zijn de eisen voor koolstofvermindering en transparantie, die door jongeren op klimaatconferenties zijn geuit, het toerismebeleid opnieuw gaan vormgeven.<\/p><p data-start=\"2087\" data-end=\"2543\">De eisen die worden gesteld in de COY- en LCOY-processen zijn niet alleen symbolisch; ze omvatten ook beleidsaanbevelingen die mondiale economische sectoren aansturen. De toeristische sector neemt een speciale plaats in binnen de klimaatdiplomatie omdat deze verantwoordelijk is voor een aanzienlijk deel van de wereldwijde koolstofuitstoot. Terwijl vooral het luchtvervoer de koolstofintensieve dimensie van het toerisme vormt, heeft de accommodatiesector ook ernstige gevolgen voor het milieu in termen van energie- en waterverbruik.<\/p><p data-start=\"2545\" data-end=\"3357\">Het concept \u201cklimaatrechtvaardigheid\u201d, dat vaak wordt benadrukt in jongerenverklaringen, brengt tot uitdrukking dat in het proces van klimaatverandering rechtvaardigheid moet worden gewaarborgd, niet alleen voor mensen maar ook voor alle wezens in de natuur. Dit begrip schept een grotere verantwoordelijkheid voor actoren en besluitvormers die bijdragen aan klimaatverandering. In deze context moet niet alleen rekening worden gehouden met de milieueffecten, maar ook met de sociale gevolgen van investeringen in toerisme. Jeugddiplomatie bekritiseert grootschalige toeristische projecten omdat ze de leefruimte van de lokale bevolking verkleinen, de toegang tot natuurlijke hulpbronnen beperken en cultureel erfgoed gebruiken voor economische belangen. Er wordt ook ge\u00ebist dat de ongelijkheden die door toerisme worden gecre\u00eberd wanneer het wordt gepresenteerd als een ontwikkelingsinstrument, worden erkend en weggewerkt.<\/p><p data-start=\"3359\" data-end=\"4156\">Dit perspectief van jeugddiplomatie wordt ook weerspiegeld in de voorkeuren van de nieuwe generatie reizigers op de toeristische markt. De nieuwe generatie reizigers zijn niet alleen consumenten die op zoek zijn naar individuele vakantie-ervaringen; het zijn individuen die hun reizen uitvoeren binnen het kader van ethische en milieugevoeligheid. Normen voor ethisch toerisme zijn principes die tot doel hebben de negatieve effecten van toerisme op de maatschappij en het milieu te minimaliseren en duurzame ontwikkeling te ondersteunen. Deze principes omvatten de aanpak van het profiteren van de lokale gemeenschap, het ondersteunen van de lokale bevolking en het samen aanpakken van economische, sociale en milieuaspecten. Het meten van koolstofemissies, het gebruik van hernieuwbare energie, het transparant bekendmaken van water- en afvalbeheersplannen en het tot stand brengen van eerlijke samenwerking met lokale gemeenschappen behoren bijvoorbeeld tot deze criteria.<\/p><p data-start=\"4158\" data-end=\"4722\">Tegenwoordig wordt de reisvoorkeur van jongeren niet alleen bepaald door comfortniveau of economische prijscriteria. Transparantie en duurzaamheid zijn sleutelfactoren geworden die de merkentrouw van de nieuwe generatie reizigers bepalen. Het zogenaamde \u201cgreenwashing\u201d, waarbij bedrijven misleidend een milieuvriendelijk imago presenteren dat ze in werkelijkheid niet hebben, wordt door jonge reizigers als een ernstig risico gezien. Daarom vertrouwen consumenten bedrijven niet die niet worden ondersteund door onafhankelijke certificaten en auditrapporten.<\/p><p data-start=\"4724\" data-end=\"5128\" data-is-last-node=\"\" data-is-only-node=\"\">Concluderend kan worden gesteld dat de toekomst van de toeristische sector afhangt van de mate waarin deze in overeenstemming kan worden gebracht met de verwachtingen van de COY- en LCOY-jongeren. Bedrijven in de sector moeten hun duurzaamheidsplannen concretiseren met meetbare doelen en duidelijke rapportage. Deze aanpak zal niet alleen voordelen opleveren voor het milieu, maar ook bijdragen aan het genereren van sociale voordelen door het sociale vertrouwen te versterken.<\/p>\t\t\t\t\t\t\t\t<\/div>\n\t\t\t\t<div class=\"elementor-element elementor-element-1bda47e0 elementor-widget-divider--view-line elementor-widget elementor-widget-divider\" data-id=\"1bda47e0\" data-element_type=\"widget\" data-e-type=\"widget\" data-widget_type=\"divider.default\">\n\t\t\t\t\t\t\t<div class=\"elementor-divider\">\n\t\t\t<span class=\"elementor-divider-separator\">\n\t\t\t\t\t\t<\/span>\n\t\t<\/div>\n\t\t\t\t\t\t<\/div>\n\t\t\t\t<div class=\"elementor-element elementor-element-325dec64 elementor-widget elementor-widget-heading\" data-id=\"325dec64\" data-element_type=\"widget\" data-e-type=\"widget\" data-widget_type=\"heading.default\">\n\t\t\t\t\t<h5 class=\"elementor-heading-title elementor-size-default\">BRON:<\/h5>\t\t\t\t<\/div>\n\t\t\t\t<div class=\"elementor-element elementor-element-620c12e5 elementor-widget elementor-widget-text-editor\" data-id=\"620c12e5\" data-element_type=\"widget\" data-e-type=\"widget\" data-widget_type=\"text-editor.default\">\n\t\t\t\t\t\t\t\t\t<p class=\"p1\">https:\/\/unfccc.int\/<br \/>https:\/\/iycforyouth.org\/<br \/>https:\/\/www.greenpeace.org\/global\/<br \/>https:\/\/climatepromise.undp.org\/<br \/>https:\/\/turkiyeturizmansiklopedisi.com\/<br \/>Milieubewuste reizigers be\u00efnvloeden: De rol van groene marketing bij het promoten van duurzame bestemmingen (2025). Acta Psychologica.<br \/>\u00c7avu\u015f, M. N. (2024). A bibliometric review of academic studies published in 2000-2024 on the axis of tourism, sustainability and climate change. Tijdschrift voor Geografische Wetenschappen, 22(2), 268-293.<br \/>Ceylan, S. (2025). Lezen van groen toerisme door middel van duurzaamheid en een groene economie.<br \/>Onur, M., Soylu, A. G., Yorganc\u0131, B., &amp; K\u0131l\u0131\u00e7han, R. (2026). A systematic and thematic review of greenwashing in the tourism and hospitality industry. Sustainability, 18(3), 1255.ncel Journal of Tourism Research, 9(1), 159-182.<\/p>\t\t\t\t\t\t\t\t<\/div>\n\t\t\t\t\t<\/div>\n\t\t<\/div>\n\t\t\t\t\t<\/div>\n\t\t<\/section>\n\t\t\t\t<\/div>","protected":false},"excerpt":{"rendered":"<p>YEN\u0130 NES\u0130L GEZG\u0130NLER VE \u0130KL\u0130M D\u0130PLOMAS\u0130S\u0130 K\u00fcresel iklim de\u011fi\u015fikli\u011fi yaln\u0131zca \u00e7evreyi etkileyen bir olgu de\u011fildir; ayn\u0131 zamanda ulusal ve uluslararas\u0131 [&hellip;]<\/p>\n","protected":false},"author":1,"featured_media":0,"parent":0,"menu_order":0,"comment_status":"closed","ping_status":"closed","template":"","meta":{"om_disable_all_campaigns":false,"_monsterinsights_skip_tracking":false,"_monsterinsights_sitenote_active":false,"_monsterinsights_sitenote_note":"","_monsterinsights_sitenote_category":0,"site-sidebar-layout":"no-sidebar","site-content-layout":"page-builder","ast-site-content-layout":"full-width-container","site-content-style":"default","site-sidebar-style":"default","ast-global-header-display":"","ast-banner-title-visibility":"","ast-main-header-display":"","ast-hfb-above-header-display":"","ast-hfb-below-header-display":"","ast-hfb-mobile-header-display":"","site-post-title":"disabled","ast-breadcrumbs-content":"","ast-featured-img":"disabled","footer-sml-layout":"","theme-transparent-header-meta":"","adv-header-id-meta":"","stick-header-meta":"","header-above-stick-meta":"","header-main-stick-meta":"","header-below-stick-meta":"","astra-migrate-meta-layouts":"set","ast-page-background-enabled":"default","ast-page-background-meta":{"desktop":{"background-color":"","background-image":"","background-repeat":"repeat","background-position":"center center","background-size":"auto","background-attachment":"scroll","background-type":"","background-media":"","overlay-type":"","overlay-color":"","overlay-opacity":"","overlay-gradient":""},"tablet":{"background-color":"","background-image":"","background-repeat":"repeat","background-position":"center center","background-size":"auto","background-attachment":"scroll","background-type":"","background-media":"","overlay-type":"","overlay-color":"","overlay-opacity":"","overlay-gradient":""},"mobile":{"background-color":"","background-image":"","background-repeat":"repeat","background-position":"center center","background-size":"auto","background-attachment":"scroll","background-type":"","background-media":"","overlay-type":"","overlay-color":"","overlay-opacity":"","overlay-gradient":""}},"ast-content-background-meta":{"desktop":{"background-color":"var(--ast-global-color-5)","background-image":"","background-repeat":"repeat","background-position":"center center","background-size":"auto","background-attachment":"scroll","background-type":"","background-media":"","overlay-type":"","overlay-color":"","overlay-opacity":"","overlay-gradient":""},"tablet":{"background-color":"var(--ast-global-color-5)","background-image":"","background-repeat":"repeat","background-position":"center center","background-size":"auto","background-attachment":"scroll","background-type":"","background-media":"","overlay-type":"","overlay-color":"","overlay-opacity":"","overlay-gradient":""},"mobile":{"background-color":"var(--ast-global-color-5)","background-image":"","background-repeat":"repeat","background-position":"center center","background-size":"auto","background-attachment":"scroll","background-type":"","background-media":"","overlay-type":"","overlay-color":"","overlay-opacity":"","overlay-gradient":""}},"footnotes":""},"class_list":["post-1426","page","type-page","status-publish","hentry"],"aioseo_notices":[],"_links":{"self":[{"href":"https:\/\/www.copantalya.com\/nl\/wp-json\/wp\/v2\/pages\/1426","targetHints":{"allow":["GET"]}}],"collection":[{"href":"https:\/\/www.copantalya.com\/nl\/wp-json\/wp\/v2\/pages"}],"about":[{"href":"https:\/\/www.copantalya.com\/nl\/wp-json\/wp\/v2\/types\/page"}],"author":[{"embeddable":true,"href":"https:\/\/www.copantalya.com\/nl\/wp-json\/wp\/v2\/users\/1"}],"replies":[{"embeddable":true,"href":"https:\/\/www.copantalya.com\/nl\/wp-json\/wp\/v2\/comments?post=1426"}],"version-history":[{"count":5,"href":"https:\/\/www.copantalya.com\/nl\/wp-json\/wp\/v2\/pages\/1426\/revisions"}],"predecessor-version":[{"id":1726,"href":"https:\/\/www.copantalya.com\/nl\/wp-json\/wp\/v2\/pages\/1426\/revisions\/1726"}],"wp:attachment":[{"href":"https:\/\/www.copantalya.com\/nl\/wp-json\/wp\/v2\/media?parent=1426"}],"curies":[{"name":"wp","href":"https:\/\/api.w.org\/{rel}","templated":true}]}}