{"id":2036,"date":"2026-04-03T19:42:34","date_gmt":"2026-04-03T19:42:34","guid":{"rendered":"https:\/\/www.copantalya.com\/?page_id=2036"},"modified":"2026-04-03T19:47:03","modified_gmt":"2026-04-03T19:47:03","slug":"gizlilik-politikasi","status":"publish","type":"page","link":"https:\/\/www.copantalya.com\/sr\/gizlilik-politikasi\/","title":{"rendered":"\u041f\u041e\u041b\u0418\u0421\u0410 \u041f\u0420\u0418\u0412\u0410\u0422\u041d\u041e\u0421\u0422\u0418"},"content":{"rendered":"<div data-elementor-type=\"wp-page\" data-elementor-id=\"2036\" class=\"elementor elementor-2036\">\n\t\t\t\t<div class=\"elementor-element elementor-element-9c3ddc6 e-grid e-con-boxed e-con e-parent\" data-id=\"9c3ddc6\" data-element_type=\"container\" data-e-type=\"container\">\n\t\t\t\t\t<div class=\"e-con-inner\">\n\t\t<div class=\"elementor-element elementor-element-5cb0315e e-con-full e-flex e-con e-child\" data-id=\"5cb0315e\" data-element_type=\"container\" data-e-type=\"container\">\n\t\t\t\t<div class=\"elementor-element elementor-element-14681b7f elementor-widget elementor-widget-heading\" data-id=\"14681b7f\" data-element_type=\"widget\" data-e-type=\"widget\" data-widget_type=\"heading.default\">\n\t\t\t\t\t<h3 class=\"elementor-heading-title elementor-size-default\">\u041f\u041e\u041b\u0418\u0421\u0410 \u041f\u0420\u0418\u0412\u0410\u0422\u041d\u041e\u0421\u0422\u0418<\/h3>\t\t\t\t<\/div>\n\t\t\t\t<div class=\"elementor-element elementor-element-1d7efb6c elementor-widget elementor-widget-text-editor\" data-id=\"1d7efb6c\" data-element_type=\"widget\" data-e-type=\"widget\" data-widget_type=\"text-editor.default\">\n\t\t\t\t\t\t\t\t\t<p data-start=\"337\" data-end=\"449\">\u041e\u0432\u0430 \u041f\u043e\u043b\u0438\u0442\u0438\u043a\u0430 \u043f\u0440\u0438\u0432\u0430\u0442\u043d\u043e\u0441\u0442\u0438, <a class=\"decorated-link\" href=\"http:\/\/www.copantalya.com\/sr\/\" target=\"_new\" rel=\"noopener\" data-start=\"361\" data-end=\"379\">www.copantalya.com<\/a> \u043e\u0431\u0458\u0430\u0448\u045a\u0430\u0432\u0430 \u043a\u0430\u043a\u043e \u0432\u0435\u0431-\u0441\u0430\u0458\u0442 (\u201c\u0421\u0430\u0458\u0442\u201d) \u043e\u0431\u0440\u0430\u0452\u0443\u0458\u0435 \u043f\u043e\u0434\u0430\u0442\u043a\u0435 \u043a\u043e\u0440\u0438\u0441\u043d\u0438\u043a\u0430.<\/p><p data-start=\"451\" data-end=\"591\">\u0412\u0435\u0431-\u0441\u0430\u0458\u0442, <span class=\"hover:entity-accent entity-underline inline cursor-pointer align-baseline\"><span class=\"whitespace-normal\">\u0413\u043b\u043e\u0431\u0430\u043b\u0438\u0441 \u0421\u0435\u0440\u0442\u0438\u0444\u0438\u043a\u0430\u0446\u0438\u0458\u0430<\/span><\/span> \u041f\u0440\u0438\u043f\u0440\u0435\u043c\u0459\u0435\u043d\u043e \u0458\u0435 \u0434\u0430 \u043f\u0440\u0443\u0436\u0438 \u0438\u043d\u0444\u043e\u0440\u043c\u0430\u0446\u0438\u0458\u0435 \u0443 \u043e\u043a\u0432\u0438\u0440\u0443 COP31 \u0443 \u0410\u043d\u0442\u0430\u0459\u0438.<\/p><p data-start=\"593\" data-end=\"671\">\u041a\u043e\u0440\u0438\u0448\u045b\u0435\u045a\u0435\u043c \u043e\u0432\u043e\u0433 \u0432\u0435\u0431-\u0441\u0430\u0458\u0442\u0430 \u0441\u043c\u0430\u0442\u0440\u0430 \u0441\u0435 \u0434\u0430 \u0441\u0442\u0435 \u043f\u0440\u0438\u0445\u0432\u0430\u0442\u0438\u043b\u0438 \u0443\u0441\u043b\u043e\u0432\u0435 \u043d\u0430\u0432\u0435\u0434\u0435\u043d\u0435 \u0443 \u043e\u0432\u043e\u0458 \u043f\u043e\u043b\u0438\u0442\u0438\u0446\u0438.<\/p><hr data-start=\"673\" data-end=\"676\" \/><h4 data-section-id=\"11tmzvz\" data-start=\"678\" data-end=\"701\">1. \u041f\u0440\u0438\u043a\u0443\u043f\u0459\u0435\u043d\u0435 \u0438\u043d\u0444\u043e\u0440\u043c\u0430\u0446\u0438\u0458\u0435<\/h4><p data-start=\"703\" data-end=\"770\">\u0412\u0435\u0431-\u0441\u0430\u0458\u0442 \u043d\u0435 \u0442\u0440\u0430\u0436\u0438 \u0434\u0438\u0440\u0435\u043a\u0442\u043d\u043e \u043e\u0434 \u043a\u043e\u0440\u0438\u0441\u043d\u0438\u043a\u0430 \u0441\u043b\u0435\u0434\u0435\u045b\u0435 \u043b\u0438\u0447\u043d\u0435 \u043f\u043e\u0434\u0430\u0442\u043a\u0435:<\/p><ul data-start=\"772\" data-end=\"825\"><li data-section-id=\"1wfyy1t\" data-start=\"772\" data-end=\"785\">\u041f\u0440\u0432\u043e \u0438\u043c\u0435, \u043f\u0440\u0435\u0437\u0438\u043c\u0435<\/li><li data-section-id=\"1xq9g1d\" data-start=\"786\" data-end=\"804\">\u0410\u0434\u0440\u0435\u0441\u0430 \u0435\u043b\u0435\u043a\u0442\u0440\u043e\u043d\u0441\u043a\u0435 \u043f\u043e\u0448\u0442\u0435<\/li><li data-section-id=\"b6bu1d\" data-start=\"805\" data-end=\"825\">\u0422\u0435\u043b\u0435\u0444\u043e\u043d\u0441\u043a\u0438 \u0431\u0440\u043e\u0458<\/li><\/ul><hr data-start=\"827\" data-end=\"830\" \/><h4 data-section-id=\"1p32v5l\" data-start=\"832\" data-end=\"870\">2. \u041f\u043e\u0434\u0430\u0446\u0438 \u043f\u0440\u0438\u043a\u0443\u043f\u0459\u0435\u043d\u0438 \u0430\u0443\u0442\u043e\u043c\u0430\u0442\u0441\u043a\u0438<\/h4><p data-start=\"872\" data-end=\"950\">\u0421\u043b\u0435\u0434\u0435\u045b\u0438 \u0442\u0435\u0445\u043d\u0438\u0447\u043a\u0438 \u043f\u043e\u0434\u0430\u0446\u0438 \u043c\u043e\u0433\u0443 \u0431\u0438\u0442\u0438 \u0430\u0443\u0442\u043e\u043c\u0430\u0442\u0441\u043a\u0438 \u043e\u0431\u0440\u0430\u0452\u0435\u043d\u0438 \u043f\u0440\u0438\u043b\u0438\u043a\u043e\u043c \u043a\u043e\u0440\u0438\u0448\u045b\u0435\u045a\u0430 \u0441\u0430\u0458\u0442\u0430:<\/p><ul data-start=\"952\" data-end=\"1041\"><li data-section-id=\"yoijyx\" data-start=\"952\" data-end=\"965\">IP \u0430\u0434\u0440\u0435\u0441\u0430<\/li><li data-section-id=\"1ak22z3\" data-start=\"966\" data-end=\"988\">\u0418\u043d\u0444\u043e\u0440\u043c\u0430\u0446\u0438\u0458\u0435 \u043e \u043f\u0440\u0435\u0433\u043b\u0435\u0434\u0430\u0447\u0443<\/li><li data-section-id=\"1aidqqy\" data-start=\"989\" data-end=\"1008\">\u0418\u043d\u0444\u043e\u0440\u043c\u0430\u0446\u0438\u0458\u0435 \u043e \u0443\u0440\u0435\u0452\u0430\u0458\u0443<\/li><li data-section-id=\"dshcln\" data-start=\"1009\" data-end=\"1041\">\u0421\u0442\u0430\u0442\u0438\u0441\u0442\u0438\u043a\u0430 \u043a\u043e\u0440\u0438\u0448\u045b\u0435\u045a\u0430 \u0432\u0435\u0431-\u0441\u0430\u0458\u0442\u0430<\/li><\/ul><p data-start=\"1043\" data-end=\"1054\">\u041e\u0432\u0438 \u043f\u043e\u0434\u0430\u0446\u0438:<\/p><ul data-start=\"1056\" data-end=\"1162\"><li data-section-id=\"cq105f\" data-start=\"1056\" data-end=\"1091\">\u041f\u043e\u0431\u043e\u0459\u0448\u0430\u045a\u0435 \u043f\u0435\u0440\u0444\u043e\u0440\u043c\u0430\u043d\u0441\u0438 \u0432\u0435\u0431-\u0441\u0430\u0458\u0442\u0430<\/li><li data-section-id=\"2t6pom\" data-start=\"1092\" data-end=\"1125\">\u0410\u043d\u0430\u043b\u0438\u0437\u0438\u0440\u0430\u045a\u0435 \u0442\u0435\u0445\u043d\u0438\u0447\u043a\u0438\u0445 \u043f\u0440\u043e\u0431\u043b\u0435\u043c\u0430<\/li><li data-section-id=\"1saswlz\" data-start=\"1126\" data-end=\"1162\">\u0414\u0430 \u0431\u0438\u0441\u0442\u0435 \u043f\u043e\u0431\u043e\u0459\u0448\u0430\u043b\u0438 \u043a\u043e\u0440\u0438\u0441\u043d\u0438\u0447\u043a\u043e \u0438\u0441\u043a\u0443\u0441\u0442\u0432\u043e<\/li><\/ul><p data-start=\"1164\" data-end=\"1193\">\u0441\u0435 \u043a\u043e\u0440\u0438\u0441\u0442\u0438 \u0437\u0430 \u043e\u0432\u0435 \u0441\u0432\u0440\u0445\u0435.<\/p><hr data-start=\"1195\" data-end=\"1198\" \/><h4 data-section-id=\"1c89f7f\" data-start=\"1200\" data-end=\"1229\">3. \u0423\u0441\u043b\u0443\u0433\u0435 \u0442\u0440\u0435\u045b\u0438\u0445 \u0441\u0442\u0440\u0430\u043d\u0430<\/h4><p data-start=\"1231\" data-end=\"1270\">\u0421\u0430\u0458\u0442 \u043c\u043e\u0436\u0435 \u0434\u0430 \u043a\u043e\u0440\u0438\u0441\u0442\u0438 \u0441\u043b\u0435\u0434\u0435\u045b\u0435 \u0443\u0441\u043b\u0443\u0433\u0435:<\/p><ul data-start=\"1272\" data-end=\"1326\"><li data-section-id=\"3chu1r\" data-start=\"1272\" data-end=\"1292\">\u0410\u043d\u0430\u043b\u0438\u0442\u0438\u0447\u043a\u0438 \u0430\u043b\u0430\u0442\u0438<\/li><li data-section-id=\"1ilmbwh\" data-start=\"1293\" data-end=\"1326\">\u0425\u043e\u0441\u0442\u0438\u043d\u0433 \u0438 \u0438\u043d\u0444\u0440\u0430\u0441\u0442\u0440\u0443\u043a\u0442\u0443\u0440\u043d\u0435 \u0443\u0441\u043b\u0443\u0433\u0435<\/li><\/ul><p data-start=\"1328\" data-end=\"1397\">\u041e\u0432\u0435 \u0443\u0441\u043b\u0443\u0433\u0435 \u043c\u043e\u0433\u0443 \u043e\u0431\u0440\u0430\u0452\u0438\u0432\u0430\u0442\u0438 \u043f\u043e\u0434\u0430\u0442\u043a\u0435 \u0443 \u0441\u043a\u043b\u0430\u0434\u0443 \u0441\u0430 \u0441\u0432\u043e\u0458\u0438\u043c \u043f\u043e\u043b\u0438\u0442\u0438\u043a\u0430\u043c\u0430 \u043f\u0440\u0438\u0432\u0430\u0442\u043d\u043e\u0441\u0442\u0438.<\/p><hr data-start=\"1399\" data-end=\"1402\" \/><h4 data-section-id=\"12e3jb6\" data-start=\"1404\" data-end=\"1424\">4. \u0411\u0435\u0437\u0431\u0435\u0434\u043d\u043e\u0441\u0442 \u043f\u043e\u0434\u0430\u0442\u0430\u043a\u0430<\/h4><p data-start=\"1426\" data-end=\"1524\">\u041f\u043e\u0442\u0440\u0435\u0431\u043d\u0435 \u0442\u0435\u0445\u043d\u0438\u0447\u043a\u0435 \u0438 \u0430\u0434\u043c\u0438\u043d\u0438\u0441\u0442\u0440\u0430\u0442\u0438\u0432\u043d\u0435 \u043c\u0435\u0440\u0435 \u0441\u0435 \u043f\u0440\u0435\u0434\u0443\u0437\u0438\u043c\u0430\u0458\u0443 \u043a\u0430\u043a\u043e \u0431\u0438 \u0441\u0435 \u043e\u0431\u0435\u0437\u0431\u0435\u0434\u0438\u043b\u0430 \u0431\u0435\u0437\u0431\u0435\u0434\u043d\u043e\u0441\u0442 \u043f\u043e\u0434\u0430\u0442\u0430\u043a\u0430 \u043a\u043e\u0440\u0438\u0441\u043d\u0438\u043a\u0430.<\/p><hr data-start=\"1526\" data-end=\"1529\" \/><h4 data-section-id=\"exjyuz\" data-start=\"1531\" data-end=\"1549\">5. \u0412\u0410\u0416\u041d\u0415 \u0418\u041d\u0424\u041e\u0420\u041c\u0410\u0426\u0418\u0408\u0415<\/h4><p data-start=\"1551\" data-end=\"1559\">\u041e\u0432\u0430\u0458 \u0441\u0430\u0458\u0442:<\/p><ul data-start=\"1561\" data-end=\"1729\"><li data-section-id=\"ks9cuh\" data-start=\"1561\" data-end=\"1632\">\u0417\u0432\u0430\u043d\u0438\u0447\u043d\u0438\u043a <span class=\"hover:entity-accent entity-underline inline cursor-pointer align-baseline\"><span class=\"whitespace-normal\">COP31<\/span><\/span> \u0422\u043e \u043d\u0438\u0458\u0435 \u0432\u0435\u0431-\u0441\u0430\u0458\u0442<\/li><li data-section-id=\"9qbq17\" data-start=\"1633\" data-end=\"1690\">\u041d\u0438\u0458\u0435 \u0443 \u043d\u0430\u0434\u043b\u0435\u0436\u043d\u043e\u0441\u0442\u0438 \u043d\u0438\u0458\u0435\u0434\u043d\u043e\u0433 \u0458\u0430\u0432\u043d\u043e\u0433 \u0442\u0435\u043b\u0430.<\/li><li data-section-id=\"17fuc2c\" data-start=\"1691\" data-end=\"1729\">\u041e\u0432\u043e \u0458\u0435 \u0441\u0430\u043c\u043e \u0443 \u0438\u043d\u0444\u043e\u0440\u043c\u0430\u0442\u0438\u0432\u043d\u0435 \u0441\u0432\u0440\u0445\u0435.<\/li><\/ul><hr data-start=\"1731\" data-end=\"1734\" \/><h4 data-section-id=\"13ulew2\" data-start=\"1736\" data-end=\"1755\">6. \u0418\u0437\u043c\u0435\u043d\u0435<\/h4><p data-start=\"1757\" data-end=\"1797\">\u041e\u0432\u0430 \u043f\u043e\u043b\u0438\u0442\u0438\u043a\u0430 \u043c\u043e\u0436\u0435 \u0431\u0438\u0442\u0438 \u0430\u0436\u0443\u0440\u0438\u0440\u0430\u043d\u0430 \u0441 \u0432\u0440\u0435\u043c\u0435\u043d\u0430 \u043d\u0430 \u0432\u0440\u0435\u043c\u0435.<\/p><hr data-start=\"1799\" data-end=\"1802\" \/><h4 data-section-id=\"aa7fqb\" data-start=\"1804\" data-end=\"1818\">7. \u041a\u043e\u043c\u0443\u043d\u0438\u043a\u0430\u0446\u0438\u0458\u0430<\/h4><p data-start=\"1820\" data-end=\"1892\"><span class=\"hover:entity-accent entity-underline inline cursor-pointer align-baseline\"><span class=\"whitespace-normal\">\u0413\u043b\u043e\u0431\u0430\u043b\u0438\u0441 \u0421\u0435\u0440\u0442\u0438\u0444\u0438\u043a\u0430\u0446\u0438\u0458\u0430<\/span><\/span><br data-start=\"1857\" data-end=\"1860\" \/><a class=\"decorated-link cursor-pointer\" rel=\"noopener\" data-start=\"1860\" data-end=\"1890\">info@globaliscertification.com<\/a><\/p>\t\t\t\t\t\t\t\t<\/div>\n\t\t\t\t<\/div>\n\t\t\t\t\t<\/div>\n\t\t\t\t<\/div>\n\t\t\t\t<\/div>","protected":false},"excerpt":{"rendered":"<p>G\u0130ZL\u0130L\u0130K POL\u0130T\u0130KASI Bu Gizlilik Politikas\u0131, www.copantalya.com web sitesinin (\u201cSite\u201d) kullan\u0131c\u0131 verilerini nas\u0131l i\u015fledi\u011fini a\u00e7\u0131klar. Site, Globalis Sertifikasyon taraf\u0131ndan, COP31 Antalya [&hellip;]<\/p>\n","protected":false},"author":1,"featured_media":0,"parent":0,"menu_order":0,"comment_status":"closed","ping_status":"closed","template":"","meta":{"om_disable_all_campaigns":false,"_monsterinsights_skip_tracking":false,"_monsterinsights_sitenote_active":false,"_monsterinsights_sitenote_note":"","_monsterinsights_sitenote_category":0,"site-sidebar-layout":"no-sidebar","site-content-layout":"page-builder","ast-site-content-layout":"full-width-container","site-content-style":"default","site-sidebar-style":"default","ast-global-header-display":"","ast-banner-title-visibility":"","ast-main-header-display":"","ast-hfb-above-header-display":"","ast-hfb-below-header-display":"","ast-hfb-mobile-header-display":"","site-post-title":"","ast-breadcrumbs-content":"","ast-featured-img":"disabled","footer-sml-layout":"","theme-transparent-header-meta":"","adv-header-id-meta":"","stick-header-meta":"","header-above-stick-meta":"","header-main-stick-meta":"","header-below-stick-meta":"","astra-migrate-meta-layouts":"set","ast-page-background-enabled":"default","ast-page-background-meta":{"desktop":{"background-color":"","background-image":"","background-repeat":"repeat","background-position":"center center","background-size":"auto","background-attachment":"scroll","background-type":"","background-media":"","overlay-type":"","overlay-color":"","overlay-opacity":"","overlay-gradient":""},"tablet":{"background-color":"","background-image":"","background-repeat":"repeat","background-position":"center center","background-size":"auto","background-attachment":"scroll","background-type":"","background-media":"","overlay-type":"","overlay-color":"","overlay-opacity":"","overlay-gradient":""},"mobile":{"background-color":"","background-image":"","background-repeat":"repeat","background-position":"center center","background-size":"auto","background-attachment":"scroll","background-type":"","background-media":"","overlay-type":"","overlay-color":"","overlay-opacity":"","overlay-gradient":""}},"ast-content-background-meta":{"desktop":{"background-color":"var(--ast-global-color-5)","background-image":"","background-repeat":"repeat","background-position":"center center","background-size":"auto","background-attachment":"scroll","background-type":"","background-media":"","overlay-type":"","overlay-color":"","overlay-opacity":"","overlay-gradient":""},"tablet":{"background-color":"var(--ast-global-color-5)","background-image":"","background-repeat":"repeat","background-position":"center center","background-size":"auto","background-attachment":"scroll","background-type":"","background-media":"","overlay-type":"","overlay-color":"","overlay-opacity":"","overlay-gradient":""},"mobile":{"background-color":"var(--ast-global-color-5)","background-image":"","background-repeat":"repeat","background-position":"center center","background-size":"auto","background-attachment":"scroll","background-type":"","background-media":"","overlay-type":"","overlay-color":"","overlay-opacity":"","overlay-gradient":""}},"footnotes":""},"class_list":["post-2036","page","type-page","status-publish","hentry"],"aioseo_notices":[],"_links":{"self":[{"href":"https:\/\/www.copantalya.com\/sr\/wp-json\/wp\/v2\/pages\/2036","targetHints":{"allow":["GET"]}}],"collection":[{"href":"https:\/\/www.copantalya.com\/sr\/wp-json\/wp\/v2\/pages"}],"about":[{"href":"https:\/\/www.copantalya.com\/sr\/wp-json\/wp\/v2\/types\/page"}],"author":[{"embeddable":true,"href":"https:\/\/www.copantalya.com\/sr\/wp-json\/wp\/v2\/users\/1"}],"replies":[{"embeddable":true,"href":"https:\/\/www.copantalya.com\/sr\/wp-json\/wp\/v2\/comments?post=2036"}],"version-history":[{"count":4,"href":"https:\/\/www.copantalya.com\/sr\/wp-json\/wp\/v2\/pages\/2036\/revisions"}],"predecessor-version":[{"id":2041,"href":"https:\/\/www.copantalya.com\/sr\/wp-json\/wp\/v2\/pages\/2036\/revisions\/2041"}],"wp:attachment":[{"href":"https:\/\/www.copantalya.com\/sr\/wp-json\/wp\/v2\/media?parent=2036"}],"curies":[{"name":"wp","href":"https:\/\/api.w.org\/{rel}","templated":true}]}}