{"id":2058,"date":"2026-04-03T20:28:19","date_gmt":"2026-04-03T20:28:19","guid":{"rendered":"https:\/\/www.copantalya.com\/?page_id=2058"},"modified":"2026-04-03T20:29:36","modified_gmt":"2026-04-03T20:29:36","slug":"cerez-politikasi","status":"publish","type":"page","link":"https:\/\/www.copantalya.com\/sr\/cerez-politikasi\/","title":{"rendered":"\u041f\u041e\u041b\u0418\u0422\u0418\u041a\u0410 \u041a\u0423\u041a\u0418\u0408\u0410"},"content":{"rendered":"<div data-elementor-type=\"wp-page\" data-elementor-id=\"2058\" class=\"elementor elementor-2058\">\n\t\t\t\t<div class=\"elementor-element elementor-element-4e33014e e-grid e-con-boxed e-con e-parent\" data-id=\"4e33014e\" data-element_type=\"container\" data-e-type=\"container\">\n\t\t\t\t\t<div class=\"e-con-inner\">\n\t\t<div class=\"elementor-element elementor-element-8227cd6 e-con-full e-flex e-con e-child\" data-id=\"8227cd6\" data-element_type=\"container\" data-e-type=\"container\">\n\t\t\t\t<div class=\"elementor-element elementor-element-79ea3a2 elementor-widget elementor-widget-heading\" data-id=\"79ea3a2\" data-element_type=\"widget\" data-e-type=\"widget\" data-widget_type=\"heading.default\">\n\t\t\t\t\t<h3 class=\"elementor-heading-title elementor-size-default\">\u041f\u041e\u041b\u0418\u0422\u0418\u041a\u0410 \u041a\u0423\u041a\u0418\u0408\u0410<\/h3>\t\t\t\t<\/div>\n\t\t\t\t<div class=\"elementor-element elementor-element-7c0fbc9 elementor-widget elementor-widget-text-editor\" data-id=\"7c0fbc9\" data-element_type=\"widget\" data-e-type=\"widget\" data-widget_type=\"text-editor.default\">\n\t\t\t\t\t\t\t\t\t<p data-start=\"3976\" data-end=\"4051\">Bu site, kullan\u0131c\u0131 deneyimini geli\u015ftirmek amac\u0131yla \u00e7erezler kullanmaktad\u0131r.<\/p><hr data-start=\"4053\" data-end=\"4056\" \/><h4 data-section-id=\"yivttt\" data-start=\"4058\" data-end=\"4085\">Kullan\u0131lan \u00c7erez T\u00fcrleri<\/h4><ul data-start=\"4087\" data-end=\"4154\"><li data-section-id=\"14672ux\" data-start=\"4087\" data-end=\"4107\">Zorunlu \u00e7erezler<\/li><li data-section-id=\"1hzlys8\" data-start=\"4108\" data-end=\"4132\">Performans \u00e7erezleri<\/li><li data-section-id=\"1q2c2m9\" data-start=\"4133\" data-end=\"4154\">Analitik \u00e7erezler<\/li><\/ul><hr data-start=\"4156\" data-end=\"4159\" \/><h4 data-section-id=\"yikai4\" data-start=\"4161\" data-end=\"4181\">Kullan\u0131m Ama\u00e7lar\u0131<\/h4><ul data-start=\"4183\" data-end=\"4255\"><li data-section-id=\"10xgicj\" data-start=\"4183\" data-end=\"4218\">Site performans\u0131n\u0131 analiz etmek<\/li><li data-section-id=\"1saswlz\" data-start=\"4219\" data-end=\"4255\">\u0414\u0430 \u0431\u0438\u0441\u0442\u0435 \u043f\u043e\u0431\u043e\u0459\u0448\u0430\u043b\u0438 \u043a\u043e\u0440\u0438\u0441\u043d\u0438\u0447\u043a\u043e \u0438\u0441\u043a\u0443\u0441\u0442\u0432\u043e<\/li><\/ul><hr data-start=\"4257\" data-end=\"4260\" \/><h4 data-section-id=\"jkc45z\" data-start=\"4262\" data-end=\"4279\">\u00c7erez Y\u00f6netimi<\/h4><p data-start=\"4281\" data-end=\"4364\">Kullan\u0131c\u0131lar taray\u0131c\u0131 ayarlar\u0131 \u00fczerinden \u00e7erezleri kontrol edebilir veya silebilir.<\/p>\t\t\t\t\t\t\t\t<\/div>\n\t\t\t\t<\/div>\n\t\t\t\t\t<\/div>\n\t\t\t\t<\/div>\n\t\t\t\t<\/div>","protected":false},"excerpt":{"rendered":"<p>\u00c7EREZ POL\u0130T\u0130KASI Bu site, kullan\u0131c\u0131 deneyimini geli\u015ftirmek amac\u0131yla \u00e7erezler kullanmaktad\u0131r. Kullan\u0131lan \u00c7erez T\u00fcrleri Zorunlu \u00e7erezler Performans \u00e7erezleri Analitik \u00e7erezler Kullan\u0131m [&hellip;]<\/p>\n","protected":false},"author":1,"featured_media":0,"parent":0,"menu_order":0,"comment_status":"closed","ping_status":"closed","template":"","meta":{"om_disable_all_campaigns":false,"_monsterinsights_skip_tracking":false,"_monsterinsights_sitenote_active":false,"_monsterinsights_sitenote_note":"","_monsterinsights_sitenote_category":0,"site-sidebar-layout":"no-sidebar","site-content-layout":"page-builder","ast-site-content-layout":"full-width-container","site-content-style":"default","site-sidebar-style":"default","ast-global-header-display":"","ast-banner-title-visibility":"","ast-main-header-display":"","ast-hfb-above-header-display":"","ast-hfb-below-header-display":"","ast-hfb-mobile-header-display":"","site-post-title":"","ast-breadcrumbs-content":"","ast-featured-img":"disabled","footer-sml-layout":"","theme-transparent-header-meta":"","adv-header-id-meta":"","stick-header-meta":"","header-above-stick-meta":"","header-main-stick-meta":"","header-below-stick-meta":"","astra-migrate-meta-layouts":"set","ast-page-background-enabled":"default","ast-page-background-meta":{"desktop":{"background-color":"","background-image":"","background-repeat":"repeat","background-position":"center center","background-size":"auto","background-attachment":"scroll","background-type":"","background-media":"","overlay-type":"","overlay-color":"","overlay-opacity":"","overlay-gradient":""},"tablet":{"background-color":"","background-image":"","background-repeat":"repeat","background-position":"center center","background-size":"auto","background-attachment":"scroll","background-type":"","background-media":"","overlay-type":"","overlay-color":"","overlay-opacity":"","overlay-gradient":""},"mobile":{"background-color":"","background-image":"","background-repeat":"repeat","background-position":"center center","background-size":"auto","background-attachment":"scroll","background-type":"","background-media":"","overlay-type":"","overlay-color":"","overlay-opacity":"","overlay-gradient":""}},"ast-content-background-meta":{"desktop":{"background-color":"var(--ast-global-color-5)","background-image":"","background-repeat":"repeat","background-position":"center center","background-size":"auto","background-attachment":"scroll","background-type":"","background-media":"","overlay-type":"","overlay-color":"","overlay-opacity":"","overlay-gradient":""},"tablet":{"background-color":"var(--ast-global-color-5)","background-image":"","background-repeat":"repeat","background-position":"center center","background-size":"auto","background-attachment":"scroll","background-type":"","background-media":"","overlay-type":"","overlay-color":"","overlay-opacity":"","overlay-gradient":""},"mobile":{"background-color":"var(--ast-global-color-5)","background-image":"","background-repeat":"repeat","background-position":"center center","background-size":"auto","background-attachment":"scroll","background-type":"","background-media":"","overlay-type":"","overlay-color":"","overlay-opacity":"","overlay-gradient":""}},"footnotes":""},"class_list":["post-2058","page","type-page","status-publish","hentry"],"aioseo_notices":[],"_links":{"self":[{"href":"https:\/\/www.copantalya.com\/sr\/wp-json\/wp\/v2\/pages\/2058","targetHints":{"allow":["GET"]}}],"collection":[{"href":"https:\/\/www.copantalya.com\/sr\/wp-json\/wp\/v2\/pages"}],"about":[{"href":"https:\/\/www.copantalya.com\/sr\/wp-json\/wp\/v2\/types\/page"}],"author":[{"embeddable":true,"href":"https:\/\/www.copantalya.com\/sr\/wp-json\/wp\/v2\/users\/1"}],"replies":[{"embeddable":true,"href":"https:\/\/www.copantalya.com\/sr\/wp-json\/wp\/v2\/comments?post=2058"}],"version-history":[{"count":4,"href":"https:\/\/www.copantalya.com\/sr\/wp-json\/wp\/v2\/pages\/2058\/revisions"}],"predecessor-version":[{"id":2063,"href":"https:\/\/www.copantalya.com\/sr\/wp-json\/wp\/v2\/pages\/2058\/revisions\/2063"}],"wp:attachment":[{"href":"https:\/\/www.copantalya.com\/sr\/wp-json\/wp\/v2\/media?parent=2058"}],"curies":[{"name":"wp","href":"https:\/\/api.w.org\/{rel}","templated":true}]}}