{"id":1426,"date":"2026-02-18T19:16:20","date_gmt":"2026-02-18T19:16:20","guid":{"rendered":"https:\/\/www.copantalya.com\/?page_id=1426"},"modified":"2026-03-02T19:57:56","modified_gmt":"2026-03-02T19:57:56","slug":"yeni-nesil-gezginler-ve-iklim-diplomasisi","status":"publish","type":"page","link":"https:\/\/www.copantalya.com\/sv\/yeni-nesil-gezginler-ve-iklim-diplomasisi\/","title":{"rendered":"Den nya generationens resen\u00e4rer och klimatdiplomati"},"content":{"rendered":"<div data-elementor-type=\"wp-page\" data-elementor-id=\"1426\" class=\"elementor elementor-1426\">\n\t\t\t\t<div class=\"elementor-element elementor-element-7dbd4a94 e-flex e-con-boxed e-con e-parent\" data-id=\"7dbd4a94\" data-element_type=\"container\" data-e-type=\"container\" data-settings=\"{&quot;background_background&quot;:&quot;classic&quot;}\">\n\t\t\t\t\t<div class=\"e-con-inner\">\n\t\t<div class=\"elementor-element elementor-element-e129312 e-con-full e-flex e-con e-child\" data-id=\"e129312\" data-element_type=\"container\" data-e-type=\"container\">\n\t\t\t\t<div class=\"elementor-element elementor-element-4ccc6030 elementor-widget elementor-widget-heading\" data-id=\"4ccc6030\" data-element_type=\"widget\" data-e-type=\"widget\" data-widget_type=\"heading.default\">\n\t\t\t\t\t<h1 class=\"elementor-heading-title elementor-size-default\">NY GENERATION RESEN\u00c4RER OCH KLIMATDIPLOMATI<\/h1>\t\t\t\t<\/div>\n\t\t\t\t<\/div>\n\t\t\t\t\t<\/div>\n\t\t\t\t<\/div>\n\t\t\t\t<section class=\"elementor-section elementor-top-section elementor-element elementor-element-4b5e4976 elementor-section-content-middle elementor-section-boxed elementor-section-height-default elementor-section-height-default\" data-id=\"4b5e4976\" data-element_type=\"section\" data-e-type=\"section\" data-settings=\"{&quot;background_background&quot;:&quot;classic&quot;}\">\n\t\t\t\t\t\t<div class=\"elementor-container elementor-column-gap-no\">\n\t\t\t\t\t<div class=\"elementor-column elementor-col-100 elementor-top-column elementor-element elementor-element-63e5eda8\" data-id=\"63e5eda8\" data-element_type=\"column\" data-e-type=\"column\">\n\t\t\t<div class=\"elementor-widget-wrap elementor-element-populated\">\n\t\t\t\t\t\t<div class=\"elementor-element elementor-element-f806ba1 elementor-widget elementor-widget-text-editor\" data-id=\"f806ba1\" data-element_type=\"widget\" data-e-type=\"widget\" data-widget_type=\"text-editor.default\">\n\t\t\t\t\t\t\t\t\t<p data-start=\"118\" data-end=\"705\">Den globala klimatf\u00f6r\u00e4ndringen \u00e4r inte bara ett fenomen som p\u00e5verkar milj\u00f6n, utan ocks\u00e5 en process med flera lager d\u00e4r stater, internationella organisationer och icke-statliga organisationer samverkar p\u00e5 nationell och internationell niv\u00e5. I denna process har ungdomar blivit en mer synlig och effektiv akt\u00f6r, s\u00e4rskilt under de senaste \u00e5ren. Ungdomar, som \u00e4r den generation som kommer att p\u00e5verkas mest av klimatkrisens konsekvenser, har inte bara str\u00e4vat efter att \u00f6ka medvetenheten, utan ocks\u00e5 kr\u00e4vt att f\u00e5 delta i beslutsprocesser och f\u00e5tt en mer framtr\u00e4dande position genom att forma politiska debatter.<\/p><p data-start=\"707\" data-end=\"1257\">Ungdomars deltagande i globala klimatprocesser p\u00e5 institutionell niv\u00e5 kan ses i internationella f\u00f6rhandlingar inom ramen f\u00f6r FN:s ramkonvention om klimatf\u00f6r\u00e4ndringar (UNFCCC). FN:s ungdomskonferens om klimatf\u00f6r\u00e4ndringar (COY), som \u00e4ger rum strax f\u00f6re FN:s \u00e5rliga klimatkonferens (COP) och organiseras under paraplyet YOUNGO, den officiella ungdomsrepresentationsstrukturen inom UNFCCC, \u00e4r dock ett viktigt toppm\u00f6te som ger teknisk och politisk information f\u00f6r att f\u00f6rbereda ungdomar f\u00f6r COP-processen.<\/p><p data-start=\"1259\" data-end=\"2085\">COY:s globala struktur har banat v\u00e4g f\u00f6r framv\u00e4xten av liknande mekanismer p\u00e5 lokal och nationell niv\u00e5. Lokala ungdomskonferenser (Local Conference of Youth, LCOY) \u00e4r till exempel plattformar d\u00e4r ungdomar identifierar prioriteringar relaterade till klimatf\u00f6r\u00e4ndringar i sina egna l\u00e4nder, diskuterar lokala problem och utvecklar nationella policyrekommendationer. Deklarationerna fr\u00e5n dessa toppm\u00f6ten inneh\u00e5ller uppmaningar inte bara till stater utan \u00e4ven till den privata sektorn. I det h\u00e4r l\u00e4get har turistsektorn blivit ett av de omr\u00e5den d\u00e4r de krav som uttrycks i COY och LCOY direkt \u00e5terspeglas. Turismen \u00e4r n\u00e4mligen direkt kopplad till omr\u00e5den som transport, ekonomi och energif\u00f6rbrukning. D\u00e4rf\u00f6r har de krav p\u00e5 minskade koldioxidutsl\u00e4pp och transparens som unga m\u00e4nniskor har framf\u00f6rt vid klimattoppm\u00f6tena b\u00f6rjat omforma turistpolitiken.<\/p><p data-start=\"2087\" data-end=\"2543\">De krav som uttrycks i COY- och LCOY-processerna \u00e4r inte bara symboliska; de inneh\u00e5ller ocks\u00e5 policyrekommendationer som driver globala ekonomiska sektorer. Turistsektorn har en s\u00e4rskild plats i klimatdiplomatin eftersom den st\u00e5r f\u00f6r en betydande del av de globala koldioxidutsl\u00e4ppen. Det \u00e4r framf\u00f6r allt flygtransporterna som \u00e4r den koldioxidintensiva delen av turismen, men \u00e4ven inkvarteringssektorn ger upphov till allvarliga milj\u00f6effekter i form av energi- och vattenf\u00f6rbrukning.<\/p><p data-start=\"2545\" data-end=\"3357\">Begreppet \u201cklimatr\u00e4ttvisa\u201d, som ofta lyfts fram i ungdomsdeklarationer, uttrycker att r\u00e4ttvisa i klimatf\u00f6r\u00e4ndringsprocessen inte bara b\u00f6r s\u00e4kerst\u00e4llas f\u00f6r m\u00e4nniskor utan ocks\u00e5 f\u00f6r alla varelser i naturen. Denna f\u00f6rst\u00e5else skapar ett st\u00f6rre ansvar f\u00f6r akt\u00f6rer och beslutsfattare som bidrar till klimatf\u00f6r\u00e4ndringarna. I detta sammanhang b\u00f6r man inte bara ta h\u00e4nsyn till de milj\u00f6m\u00e4ssiga utan \u00e4ven de sociala effekterna av turisminvesteringar. Ungdomsdiplomatin kritiserar storskaliga turismprojekt f\u00f6r att minska lokalbefolkningens livsutrymme, begr\u00e4nsa tillg\u00e5ngen till naturresurser och anv\u00e4nda kulturarv f\u00f6r ekonomiska intressen. Man kr\u00e4ver ocks\u00e5 att de oj\u00e4mlikheter som skapas av turismen n\u00e4r den presenteras som ett utvecklingsverktyg ska erk\u00e4nnas och elimineras.<\/p><p data-start=\"3359\" data-end=\"4156\">Det perspektiv som ungdomsdiplomatin f\u00f6r fram \u00e5terspeglas ocks\u00e5 i de preferenser som den nya generationens resen\u00e4rer har p\u00e5 turistmarknaden. Den nya generationens resen\u00e4rer \u00e4r inte bara konsumenter som s\u00f6ker individuella semesterupplevelser; de \u00e4r individer som genomf\u00f6r sina resor inom ramen f\u00f6r etisk och milj\u00f6m\u00e4ssig k\u00e4nslighet. Etiska normer f\u00f6r turism \u00e4r principer som syftar till att minimera turismens negativa inverkan p\u00e5 samh\u00e4llet och milj\u00f6n och st\u00f6dja en h\u00e5llbar utveckling. Principerna inneb\u00e4r bland annat att man ska gynna lokalsamh\u00e4llet, st\u00f6dja lokalbefolkningen och ta h\u00e4nsyn till ekonomiska, sociala och milj\u00f6m\u00e4ssiga aspekter tillsammans. Exempel p\u00e5 s\u00e5dana kriterier \u00e4r m\u00e4tning av koldioxidutsl\u00e4pp, anv\u00e4ndning av f\u00f6rnybar energi, \u00f6ppen redovisning av vatten- och avfallshanteringsplaner och uppr\u00e4ttande av ett r\u00e4ttvist samarbete med lokala samh\u00e4llen.<\/p><p data-start=\"4158\" data-end=\"4722\">Idag styrs unga m\u00e4nniskors resepreferenser inte bara av komfortniv\u00e5 eller ekonomiska priskriterier. \u00d6ppenhet och h\u00e5llbarhet har blivit nyckelfaktorer f\u00f6r den nya generationens resen\u00e4rers varum\u00e4rkeslojalitet. Den s\u00e5 kallade \u201cgreenwashingen\u201d, d\u00e4r f\u00f6retag p\u00e5 ett vilseledande s\u00e4tt presenterar en milj\u00f6v\u00e4nlig image som de i sj\u00e4lva verket inte har, ses som en allvarlig risk av unga resen\u00e4rer. Av denna anledning litar konsumenterna inte p\u00e5 f\u00f6retag som inte st\u00f6ds av oberoende certifikat och revisionsrapporter.<\/p><p data-start=\"4724\" data-end=\"5128\" data-is-last-node=\"\" data-is-only-node=\"\">Sammanfattningsvis beror turistsektorns framtid p\u00e5 i vilken utstr\u00e4ckning den kan harmonisera med f\u00f6rv\u00e4ntningarna hos COY- och LCOY-ungdomarna. F\u00f6retag som verkar inom sektorn b\u00f6r konkretisera sina h\u00e5llbarhetsplaner med m\u00e4tbara m\u00e5l och tydlig rapportering. Detta tillv\u00e4gag\u00e5ngss\u00e4tt kommer inte bara att ge milj\u00f6m\u00e4ssiga f\u00f6rdelar, utan ocks\u00e5 bidra till att skapa sociala f\u00f6rdelar genom att st\u00e4rka det sociala f\u00f6rtroendet.<\/p>\t\t\t\t\t\t\t\t<\/div>\n\t\t\t\t<div class=\"elementor-element elementor-element-1bda47e0 elementor-widget-divider--view-line elementor-widget elementor-widget-divider\" data-id=\"1bda47e0\" data-element_type=\"widget\" data-e-type=\"widget\" data-widget_type=\"divider.default\">\n\t\t\t\t\t\t\t<div class=\"elementor-divider\">\n\t\t\t<span class=\"elementor-divider-separator\">\n\t\t\t\t\t\t<\/span>\n\t\t<\/div>\n\t\t\t\t\t\t<\/div>\n\t\t\t\t<div class=\"elementor-element elementor-element-325dec64 elementor-widget elementor-widget-heading\" data-id=\"325dec64\" data-element_type=\"widget\" data-e-type=\"widget\" data-widget_type=\"heading.default\">\n\t\t\t\t\t<h5 class=\"elementor-heading-title elementor-size-default\">K\u00c4LLA:<\/h5>\t\t\t\t<\/div>\n\t\t\t\t<div class=\"elementor-element elementor-element-620c12e5 elementor-widget elementor-widget-text-editor\" data-id=\"620c12e5\" data-element_type=\"widget\" data-e-type=\"widget\" data-widget_type=\"text-editor.default\">\n\t\t\t\t\t\t\t\t\t<p class=\"p1\">https:\/\/unfccc.int\/<br \/>https:\/\/iycforyouth.org\/<br \/>https:\/\/www.greenpeace.org\/global\/<br \/>https:\/\/climatepromise.undp.org\/<br \/>https:\/\/turkiyeturizmansiklopedisi.com\/<br \/>P\u00e5verka milj\u00f6medvetna resen\u00e4rer: Den gr\u00f6na marknadsf\u00f6ringens roll i fr\u00e4mjandet av h\u00e5llbara destinationer (2025). Acta Psykologica.<br \/>\u00c7avu\u015f, M. N. (2024). En bibliometrisk genomg\u00e5ng av akademiska studier som publicerades 2000-2024 om turism, h\u00e5llbarhet och klimatf\u00f6r\u00e4ndringar. Journal of Geographical Sciences, 22(2), 268-293.<br \/>Ceylan, S. (2025). Att l\u00e4sa gr\u00f6n turism genom h\u00e5llbarhet och gr\u00f6n ekonomi.<br \/>Onur, M., Soylu, A. G., Yorganc\u0131, B., &amp; K\u0131l\u0131\u00e7han, R. (2026). En systematisk och tematisk genomg\u00e5ng av greenwashing inom turism- och bes\u00f6ksn\u00e4ringen. Sustainability, 18(3), 1255.ncel Journal of Tourism Research, 9(1), 159-182.<\/p>\t\t\t\t\t\t\t\t<\/div>\n\t\t\t\t\t<\/div>\n\t\t<\/div>\n\t\t\t\t\t<\/div>\n\t\t<\/section>\n\t\t\t\t<\/div>","protected":false},"excerpt":{"rendered":"<p>YEN\u0130 NES\u0130L GEZG\u0130NLER VE \u0130KL\u0130M D\u0130PLOMAS\u0130S\u0130 K\u00fcresel iklim de\u011fi\u015fikli\u011fi yaln\u0131zca \u00e7evreyi etkileyen bir olgu de\u011fildir; ayn\u0131 zamanda ulusal ve uluslararas\u0131 [&hellip;]<\/p>\n","protected":false},"author":1,"featured_media":0,"parent":0,"menu_order":0,"comment_status":"closed","ping_status":"closed","template":"","meta":{"om_disable_all_campaigns":false,"_monsterinsights_skip_tracking":false,"_monsterinsights_sitenote_active":false,"_monsterinsights_sitenote_note":"","_monsterinsights_sitenote_category":0,"site-sidebar-layout":"no-sidebar","site-content-layout":"page-builder","ast-site-content-layout":"full-width-container","site-content-style":"default","site-sidebar-style":"default","ast-global-header-display":"","ast-banner-title-visibility":"","ast-main-header-display":"","ast-hfb-above-header-display":"","ast-hfb-below-header-display":"","ast-hfb-mobile-header-display":"","site-post-title":"disabled","ast-breadcrumbs-content":"","ast-featured-img":"disabled","footer-sml-layout":"","theme-transparent-header-meta":"","adv-header-id-meta":"","stick-header-meta":"","header-above-stick-meta":"","header-main-stick-meta":"","header-below-stick-meta":"","astra-migrate-meta-layouts":"set","ast-page-background-enabled":"default","ast-page-background-meta":{"desktop":{"background-color":"","background-image":"","background-repeat":"repeat","background-position":"center center","background-size":"auto","background-attachment":"scroll","background-type":"","background-media":"","overlay-type":"","overlay-color":"","overlay-opacity":"","overlay-gradient":""},"tablet":{"background-color":"","background-image":"","background-repeat":"repeat","background-position":"center center","background-size":"auto","background-attachment":"scroll","background-type":"","background-media":"","overlay-type":"","overlay-color":"","overlay-opacity":"","overlay-gradient":""},"mobile":{"background-color":"","background-image":"","background-repeat":"repeat","background-position":"center center","background-size":"auto","background-attachment":"scroll","background-type":"","background-media":"","overlay-type":"","overlay-color":"","overlay-opacity":"","overlay-gradient":""}},"ast-content-background-meta":{"desktop":{"background-color":"var(--ast-global-color-5)","background-image":"","background-repeat":"repeat","background-position":"center center","background-size":"auto","background-attachment":"scroll","background-type":"","background-media":"","overlay-type":"","overlay-color":"","overlay-opacity":"","overlay-gradient":""},"tablet":{"background-color":"var(--ast-global-color-5)","background-image":"","background-repeat":"repeat","background-position":"center center","background-size":"auto","background-attachment":"scroll","background-type":"","background-media":"","overlay-type":"","overlay-color":"","overlay-opacity":"","overlay-gradient":""},"mobile":{"background-color":"var(--ast-global-color-5)","background-image":"","background-repeat":"repeat","background-position":"center center","background-size":"auto","background-attachment":"scroll","background-type":"","background-media":"","overlay-type":"","overlay-color":"","overlay-opacity":"","overlay-gradient":""}},"footnotes":""},"class_list":["post-1426","page","type-page","status-publish","hentry"],"aioseo_notices":[],"_links":{"self":[{"href":"https:\/\/www.copantalya.com\/sv\/wp-json\/wp\/v2\/pages\/1426","targetHints":{"allow":["GET"]}}],"collection":[{"href":"https:\/\/www.copantalya.com\/sv\/wp-json\/wp\/v2\/pages"}],"about":[{"href":"https:\/\/www.copantalya.com\/sv\/wp-json\/wp\/v2\/types\/page"}],"author":[{"embeddable":true,"href":"https:\/\/www.copantalya.com\/sv\/wp-json\/wp\/v2\/users\/1"}],"replies":[{"embeddable":true,"href":"https:\/\/www.copantalya.com\/sv\/wp-json\/wp\/v2\/comments?post=1426"}],"version-history":[{"count":5,"href":"https:\/\/www.copantalya.com\/sv\/wp-json\/wp\/v2\/pages\/1426\/revisions"}],"predecessor-version":[{"id":1726,"href":"https:\/\/www.copantalya.com\/sv\/wp-json\/wp\/v2\/pages\/1426\/revisions\/1726"}],"wp:attachment":[{"href":"https:\/\/www.copantalya.com\/sv\/wp-json\/wp\/v2\/media?parent=1426"}],"curies":[{"name":"wp","href":"https:\/\/api.w.org\/{rel}","templated":true}]}}