{"id":1434,"date":"2026-02-18T19:20:00","date_gmt":"2026-02-18T19:20:00","guid":{"rendered":"https:\/\/www.copantalya.com\/?page_id=1434"},"modified":"2026-03-02T19:25:18","modified_gmt":"2026-03-02T19:25:18","slug":"lcoy-rcoy-coy-cop","status":"publish","type":"page","link":"https:\/\/www.copantalya.com\/sv\/lcoy-rcoy-coy-cop\/","title":{"rendered":"LCOY, RCOY, COY, POLIS"},"content":{"rendered":"<div data-elementor-type=\"wp-page\" data-elementor-id=\"1434\" class=\"elementor elementor-1434\">\n\t\t\t\t<div class=\"elementor-element elementor-element-8f049ad e-flex e-con-boxed e-con e-parent\" data-id=\"8f049ad\" data-element_type=\"container\" data-e-type=\"container\" data-settings=\"{&quot;background_background&quot;:&quot;classic&quot;}\">\n\t\t\t\t\t<div class=\"e-con-inner\">\n\t\t<div class=\"elementor-element elementor-element-7d172327 e-con-full e-flex e-con e-child\" data-id=\"7d172327\" data-element_type=\"container\" data-e-type=\"container\">\n\t\t\t\t<div class=\"elementor-element elementor-element-43aff9b6 elementor-widget elementor-widget-heading\" data-id=\"43aff9b6\" data-element_type=\"widget\" data-e-type=\"widget\" data-widget_type=\"heading.default\">\n\t\t\t\t\t<h1 class=\"elementor-heading-title elementor-size-default\">LCOy, RCOY, COY, COP<\/h1>\t\t\t\t<\/div>\n\t\t\t\t<\/div>\n\t\t\t\t\t<\/div>\n\t\t\t\t<\/div>\n\t\t\t\t<section class=\"elementor-section elementor-top-section elementor-element elementor-element-222d5159 elementor-section-content-middle elementor-section-boxed elementor-section-height-default elementor-section-height-default\" data-id=\"222d5159\" data-element_type=\"section\" data-e-type=\"section\" data-settings=\"{&quot;background_background&quot;:&quot;classic&quot;}\">\n\t\t\t\t\t\t<div class=\"elementor-container elementor-column-gap-no\">\n\t\t\t\t\t<div class=\"elementor-column elementor-col-50 elementor-top-column elementor-element elementor-element-6f371f66\" data-id=\"6f371f66\" data-element_type=\"column\" data-e-type=\"column\" data-settings=\"{&quot;background_background&quot;:&quot;classic&quot;}\">\n\t\t\t<div class=\"elementor-widget-wrap elementor-element-populated\">\n\t\t\t\t\t\t<div class=\"elementor-element elementor-element-73e470cd elementor-widget elementor-widget-image\" data-id=\"73e470cd\" data-element_type=\"widget\" data-e-type=\"widget\" data-widget_type=\"image.default\">\n\t\t\t\t\t\t\t\t\t\t\t\t\t\t\t<img fetchpriority=\"high\" decoding=\"async\" width=\"1001\" height=\"1500\" src=\"https:\/\/www.copantalya.com\/wp-content\/uploads\/2026\/02\/16472-2.jpg\" class=\"attachment-full size-full wp-image-1269\" alt=\"16472 2\" srcset=\"https:\/\/www.copantalya.com\/wp-content\/uploads\/2026\/02\/16472-2.jpg 1001w, https:\/\/www.copantalya.com\/wp-content\/uploads\/2026\/02\/16472-2-200x300.jpg 200w, https:\/\/www.copantalya.com\/wp-content\/uploads\/2026\/02\/16472-2-683x1024.jpg 683w, https:\/\/www.copantalya.com\/wp-content\/uploads\/2026\/02\/16472-2-768x1151.jpg 768w\" sizes=\"(max-width: 1001px) 100vw, 1001px\" title=\"LCOY, RCOY, COY, POLIS\">\t\t\t\t\t\t\t\t\t\t\t\t\t\t\t<\/div>\n\t\t\t\t\t<\/div>\n\t\t<\/div>\n\t\t\t\t<div class=\"elementor-column elementor-col-50 elementor-top-column elementor-element elementor-element-45069128\" data-id=\"45069128\" data-element_type=\"column\" data-e-type=\"column\">\n\t\t\t<div class=\"elementor-widget-wrap elementor-element-populated\">\n\t\t\t\t\t\t<div class=\"elementor-element elementor-element-2f1a7158 elementor-widget elementor-widget-text-editor\" data-id=\"2f1a7158\" data-element_type=\"widget\" data-e-type=\"widget\" data-widget_type=\"text-editor.default\">\n\t\t\t\t\t\t\t\t\t<p class=\"p1\">Klimatf\u00f6r\u00e4ndringarna \u00e4r en av v\u00e5r tids mest akuta globala utmaningar. \u00d6kande globala temperaturer, som fr\u00e4mst drivs av antropogena utsl\u00e4pp i atmosf\u00e4ren, har lett till betydande milj\u00f6konsekvenser som stigande havsniv\u00e5er, f\u00f6rlust av biologisk m\u00e5ngfald och en \u00f6kning av frekvensen och sv\u00e5righetsgraden av extrema v\u00e4derh\u00e4ndelser. F\u00f6r att bek\u00e4mpa klimatf\u00f6r\u00e4ndringarna kr\u00e4vs d\u00e4rf\u00f6r br\u00e5dskande och samordnade \u00e5tg\u00e4rder.<\/p><p class=\"p1\">Vetenskaplig forskning och tekniska innovationer spelar en avg\u00f6rande roll f\u00f6r att mildra effekterna av klimatf\u00f6r\u00e4ndringarna. Samtidigt \u00e4r ett effektivt politiskt ledarskap och inkluderande beslutsprocesser avg\u00f6rande f\u00f6r att s\u00e4kerst\u00e4lla att klimat\u00e5tg\u00e4rderna \u00e5terspeglar olika perspektiv. I detta sammanhang \u00e4r FN:s ramkonvention om klimatf\u00f6r\u00e4ndringar (UNFCCC) den viktigaste internationella plattformen d\u00e4r stater samarbetar f\u00f6r att ta itu med klimatrelaterade utmaningar.<\/p><p class=\"p1\">Inom ramen f\u00f6r UNFCCC har olika mekanismer inr\u00e4ttats f\u00f6r att underl\u00e4tta dialog och beslutsprocesser. Dessa inkluderar partskonferensen (COP), ungdomskonferensen (COY), den lokala ungdomskonferensen (LCOY) och den regionala ungdomskonferensen (RCOY). Tillsammans utg\u00f6r dessa plattformar ett integrerat system som kopplar samman mellanstatliga beslutsprocesser och ungdomars deltagande p\u00e5 lokal, regional och global niv\u00e5.<\/p><p class=\"p1\">I denna rapport analyseras COP:s, COY:s, LCOY:s och RCOY:s roller och funktioner samt deras betydelse f\u00f6r den globala klimatstyrningen. Den analyserar ocks\u00e5 hur dessa plattformar \u00e4r sammankopplade och tillsammans bidrar till utformningen av klimatpolitiken.<\/p>\t\t\t\t\t\t\t\t<\/div>\n\t\t\t\t<div class=\"elementor-element elementor-element-15e5c8cb elementor-widget-divider--view-line elementor-widget elementor-widget-divider\" data-id=\"15e5c8cb\" data-element_type=\"widget\" data-e-type=\"widget\" data-widget_type=\"divider.default\">\n\t\t\t\t\t\t\t<div class=\"elementor-divider\">\n\t\t\t<span class=\"elementor-divider-separator\">\n\t\t\t\t\t\t<\/span>\n\t\t<\/div>\n\t\t\t\t\t\t<\/div>\n\t\t\t\t<div class=\"elementor-element elementor-element-7935187e elementor-widget elementor-widget-heading\" data-id=\"7935187e\" data-element_type=\"widget\" data-e-type=\"widget\" data-widget_type=\"heading.default\">\n\t\t\t\t\t<h2 class=\"elementor-heading-title elementor-size-default\">Partskonferensen (COP)<\/h2>\t\t\t\t<\/div>\n\t\t\t\t<div class=\"elementor-element elementor-element-704e7c9e elementor-widget elementor-widget-text-editor\" data-id=\"704e7c9e\" data-element_type=\"widget\" data-e-type=\"widget\" data-widget_type=\"text-editor.default\">\n\t\t\t\t\t\t\t\t\t<p class=\"p1\">Partskonferensen (COP) \u00e4r det h\u00f6gsta beslutande organet inom FN:s ramkonvention om klimatf\u00f6r\u00e4ndringar (UNFCCC) som inr\u00e4ttades 1992. Det f\u00f6rsta COP-m\u00f6tet h\u00f6lls i Berlin 1995 och COP har sedan dess sammantr\u00e4tt regelbundet varje \u00e5r.<\/p><p class=\"p1\">Huvudsyftet med COP-m\u00f6tena \u00e4r att bed\u00f6ma framstegen i kampen mot klimatf\u00f6r\u00e4ndringarna, f\u00f6rhandla om internationella \u00e5taganden och utveckla politiska ramverk och riktlinjer f\u00f6r att st\u00f6dja kollektiva klimat\u00e5tg\u00e4rder. COP-m\u00f6tena samlar representanter fr\u00e5n n\u00e4stan alla l\u00e4nder, inklusive statschefer, ministrar, diplomater, forskare och observat\u00f6rer fr\u00e5n det civila samh\u00e4llet.<\/p><p class=\"p1\">De viktigaste m\u00e5len f\u00f6r COP \u00e4r att se \u00f6ver genomf\u00f6randet av UNFCCC, f\u00f6rhandla om \u00e5taganden f\u00f6r utsl\u00e4ppsminskningar, inr\u00e4tta mekanismer f\u00f6r klimatfinansiering, fr\u00e4mja strategier f\u00f6r anpassning och motst\u00e5ndskraft samt st\u00e4rka transparens och ansvarighet.<\/p><p class=\"p1\">Ett av de viktigaste resultaten av COP-processen \u00e4r Parisavtalet som antogs vid COP21 2015. Parisavtalet syftar till att h\u00e5lla \u00f6kningen av den globala medeltemperaturen v\u00e4l under de f\u00f6rindustriella niv\u00e5erna, under 2\u00b0C, och att begr\u00e4nsa den till 1,5\u00b0C om m\u00f6jligt. Efter antagandet av Parisavtalet l\u00e4mnade de avtalsslutande parterna in sina deklarationer om nationellt fastst\u00e4llda bidrag (NDC), d\u00e4r de anger sina \u00e5taganden f\u00f6r att minska utsl\u00e4ppen och mildra klimatf\u00f6r\u00e4ndringarna. COP-m\u00f6tena forts\u00e4tter att spela en viktig roll i samordningen av den internationella klimatkampen.<\/p>\t\t\t\t\t\t\t\t<\/div>\n\t\t\t\t<div class=\"elementor-element elementor-element-f2f010d elementor-widget-divider--view-line elementor-widget elementor-widget-divider\" data-id=\"f2f010d\" data-element_type=\"widget\" data-e-type=\"widget\" data-widget_type=\"divider.default\">\n\t\t\t\t\t\t\t<div class=\"elementor-divider\">\n\t\t\t<span class=\"elementor-divider-separator\">\n\t\t\t\t\t\t<\/span>\n\t\t<\/div>\n\t\t\t\t\t\t<\/div>\n\t\t\t\t<div class=\"elementor-element elementor-element-114846d elementor-widget elementor-widget-heading\" data-id=\"114846d\" data-element_type=\"widget\" data-e-type=\"widget\" data-widget_type=\"heading.default\">\n\t\t\t\t\t<h2 class=\"elementor-heading-title elementor-size-default\">Konferens om ungdomar (COY)<\/h2>\t\t\t\t<\/div>\n\t\t\t\t<div class=\"elementor-element elementor-element-eabbd8a elementor-widget elementor-widget-text-editor\" data-id=\"eabbd8a\" data-element_type=\"widget\" data-e-type=\"widget\" data-widget_type=\"text-editor.default\">\n\t\t\t\t\t\t\t\t\t<p class=\"p1\">Ungdomskonferensen (COY) \u00e4r en \u00e5rlig, ungdomsledd konferens som f\u00f6reg\u00e5r COP-m\u00f6tena. COY organiseras av YOUNGO, den officiella ungdomskomponenten i UNFCCC.<\/p><p class=\"p1\">COY g\u00f6r det m\u00f6jligt f\u00f6r ungdomar fr\u00e5n hela v\u00e4rlden att delta i diskussioner om klimatf\u00f6r\u00e4ndringar, bygga upp sin kapacitet och bidra till klimatpolitiskt beslutsfattande. COY spelar en viktig roll n\u00e4r det g\u00e4ller att s\u00e4kerst\u00e4lla att ungdomar \u00e4r representerade i internationella klimatf\u00f6rhandlingar.<\/p><p class=\"p1\">Genom policyutvecklingsprocesser bidrar deltagarna till den globala ungdomsdeklarationen, som inneh\u00e5ller ungdomars krav och f\u00f6rslag, och som presenteras vid COP. COY betonar ocks\u00e5 kapacitetsuppbyggnad genom att anordna workshops och utbildningstillf\u00e4llen om klimatvetenskap, f\u00f6rhandlingsprocesser och p\u00e5verkansstrategier. COY uppmuntrar ocks\u00e5 till n\u00e4tverkande mellan ungdomsorganisationer fr\u00e5n olika l\u00e4nder och regioner.<\/p>\t\t\t\t\t\t\t\t<\/div>\n\t\t\t\t<div class=\"elementor-element elementor-element-ca3885c elementor-widget-divider--view-line elementor-widget elementor-widget-divider\" data-id=\"ca3885c\" data-element_type=\"widget\" data-e-type=\"widget\" data-widget_type=\"divider.default\">\n\t\t\t\t\t\t\t<div class=\"elementor-divider\">\n\t\t\t<span class=\"elementor-divider-separator\">\n\t\t\t\t\t\t<\/span>\n\t\t<\/div>\n\t\t\t\t\t\t<\/div>\n\t\t\t\t<div class=\"elementor-element elementor-element-f624e34 elementor-widget elementor-widget-heading\" data-id=\"f624e34\" data-element_type=\"widget\" data-e-type=\"widget\" data-widget_type=\"heading.default\">\n\t\t\t\t\t<h2 class=\"elementor-heading-title elementor-size-default\">Lokal konferens om ungdomar (LCOY)<\/h2>\t\t\t\t<\/div>\n\t\t\t\t<div class=\"elementor-element elementor-element-8e74b90 elementor-widget elementor-widget-text-editor\" data-id=\"8e74b90\" data-element_type=\"widget\" data-e-type=\"widget\" data-widget_type=\"text-editor.default\">\n\t\t\t\t\t\t\t\t\t<p class=\"p1\">Den lokala ungdomskonferensen (LCOY) verkar p\u00e5 nationell niv\u00e5 och organiseras av ungdomsledda grupper i l\u00e4nderna. Syftet med LCOY \u00e4r att lokalisera de globala klimatdebatterna f\u00f6r att hantera landsspecifika klimatfr\u00e5gor och engagera ungdomar i nationella klimatpolitiska processer.<\/p><p class=\"p1\">De viktigaste m\u00e5len f\u00f6r LCOY \u00e4r att identifiera nationella klimatfr\u00e5gor, \u00f6ka medvetenheten om klimatpolitiken, f\u00f6rbereda nationella ungdomsdeklarationer och st\u00e4rka ungdomars klimatn\u00e4tverk. LCOY:s aktiviteter omfattar vanligtvis panelsessioner, workshops, utbildningsprogram och samarbetsm\u00f6ten som bidrar till b\u00e5de nationellt och globalt ungdomsarbete.<\/p>\t\t\t\t\t\t\t\t<\/div>\n\t\t\t\t<div class=\"elementor-element elementor-element-26e3b67 elementor-widget-divider--view-line elementor-widget elementor-widget-divider\" data-id=\"26e3b67\" data-element_type=\"widget\" data-e-type=\"widget\" data-widget_type=\"divider.default\">\n\t\t\t\t\t\t\t<div class=\"elementor-divider\">\n\t\t\t<span class=\"elementor-divider-separator\">\n\t\t\t\t\t\t<\/span>\n\t\t<\/div>\n\t\t\t\t\t\t<\/div>\n\t\t\t\t<div class=\"elementor-element elementor-element-e535593 elementor-widget elementor-widget-heading\" data-id=\"e535593\" data-element_type=\"widget\" data-e-type=\"widget\" data-widget_type=\"heading.default\">\n\t\t\t\t\t<h2 class=\"elementor-heading-title elementor-size-default\">Regional konferens om ungdomsfr\u00e5gor (RCOY)<\/h2>\t\t\t\t<\/div>\n\t\t\t\t<div class=\"elementor-element elementor-element-7dfe7b1 elementor-widget elementor-widget-text-editor\" data-id=\"7dfe7b1\" data-element_type=\"widget\" data-e-type=\"widget\" data-widget_type=\"text-editor.default\">\n\t\t\t\t\t\t\t\t\t<p class=\"p1\">Den regionala ungdomskonferensen (RCOY) verkar p\u00e5 regional niv\u00e5 och samlar ungdomsrepresentanter fr\u00e5n flera l\u00e4nder inom en viss geografisk region. RCOY underl\u00e4ttar regionalt samarbete och samordning genom att fungera som en f\u00f6rmedlande plattform mellan LCOY och COY.<\/p><p class=\"p1\">RCOY tar itu med gemensamma regionala klimatutmaningar, m\u00f6jligg\u00f6r gr\u00e4ns\u00f6verskridande samarbete, f\u00f6rbereder regionala ungdomsdeklarationer och st\u00f6der utvecklingen av regionala p\u00e5verkansstrategier. Genom att sammanf\u00f6ra regionala perspektiv st\u00e4rker RCOY ungdomars deltagande och \u00f6kar effektiviteten i deras representation i globala klimatplattformar.<\/p>\t\t\t\t\t\t\t\t<\/div>\n\t\t\t\t\t<\/div>\n\t\t<\/div>\n\t\t\t\t\t<\/div>\n\t\t<\/section>\n\t\t\t\t<section class=\"elementor-section elementor-top-section elementor-element elementor-element-1844ad07 elementor-section-content-middle elementor-section-boxed elementor-section-height-default elementor-section-height-default\" data-id=\"1844ad07\" data-element_type=\"section\" data-e-type=\"section\" data-settings=\"{&quot;background_background&quot;:&quot;classic&quot;}\">\n\t\t\t\t\t\t<div class=\"elementor-container elementor-column-gap-no\">\n\t\t\t\t\t<div class=\"elementor-column elementor-col-50 elementor-top-column elementor-element elementor-element-c52650e\" data-id=\"c52650e\" data-element_type=\"column\" data-e-type=\"column\" data-settings=\"{&quot;background_background&quot;:&quot;classic&quot;}\">\n\t\t\t<div class=\"elementor-widget-wrap elementor-element-populated\">\n\t\t\t\t\t\t<div class=\"elementor-element elementor-element-2918675b elementor-invisible elementor-widget elementor-widget-image\" data-id=\"2918675b\" data-element_type=\"widget\" data-e-type=\"widget\" data-settings=\"{&quot;_animation&quot;:&quot;fadeInLeft&quot;}\" data-widget_type=\"image.default\">\n\t\t\t\t\t\t\t\t\t\t\t\t\t\t\t<img decoding=\"async\" width=\"1333\" height=\"2000\" src=\"https:\/\/www.copantalya.com\/wp-content\/uploads\/2026\/02\/2151587931-2.jpg\" class=\"attachment-full size-full wp-image-1181\" alt=\"2151587931 2\" srcset=\"https:\/\/www.copantalya.com\/wp-content\/uploads\/2026\/02\/2151587931-2.jpg 1333w, https:\/\/www.copantalya.com\/wp-content\/uploads\/2026\/02\/2151587931-2-200x300.jpg 200w, https:\/\/www.copantalya.com\/wp-content\/uploads\/2026\/02\/2151587931-2-682x1024.jpg 682w, https:\/\/www.copantalya.com\/wp-content\/uploads\/2026\/02\/2151587931-2-768x1152.jpg 768w, https:\/\/www.copantalya.com\/wp-content\/uploads\/2026\/02\/2151587931-2-1024x1536.jpg 1024w\" sizes=\"(max-width: 1333px) 100vw, 1333px\" title=\"LCOY, RCOY, COY, POLIS\">\t\t\t\t\t\t\t\t\t\t\t\t\t\t\t<\/div>\n\t\t\t\t\t<\/div>\n\t\t<\/div>\n\t\t\t\t<div class=\"elementor-column elementor-col-50 elementor-top-column elementor-element elementor-element-677e2e69\" data-id=\"677e2e69\" data-element_type=\"column\" data-e-type=\"column\">\n\t\t\t<div class=\"elementor-widget-wrap elementor-element-populated\">\n\t\t\t\t\t\t<div class=\"elementor-element elementor-element-44ce0c1e elementor-invisible elementor-widget elementor-widget-heading\" data-id=\"44ce0c1e\" data-element_type=\"widget\" data-e-type=\"widget\" data-settings=\"{&quot;_animation&quot;:&quot;fadeInRight&quot;}\" data-widget_type=\"heading.default\">\n\t\t\t\t\t<h2 class=\"elementor-heading-title elementor-size-default\">Den \u00f6msesidigt beroende strukturen i ungdomars klimatstyrning<\/h2>\t\t\t\t<\/div>\n\t\t\t\t<div class=\"elementor-element elementor-element-7d30c689 elementor-invisible elementor-widget elementor-widget-text-editor\" data-id=\"7d30c689\" data-element_type=\"widget\" data-e-type=\"widget\" data-settings=\"{&quot;_animation&quot;:&quot;fadeInRight&quot;,&quot;_animation_delay&quot;:500}\" data-widget_type=\"text-editor.default\">\n\t\t\t\t\t\t\t\t\t<p class=\"p1\">LCOY, RCOY, COY och COP utg\u00f6r en flerskiktad styrningsstruktur som kopplar samman lokala ungdomars deltagande med internationella klimatf\u00f6rhandlingar. Ungdomars uttalanden p\u00e5 lokal niv\u00e5 integreras p\u00e5 regional och global niv\u00e5 och bidrar i slut\u00e4ndan till diskussionerna vid COP. Detta inkluderande tillv\u00e4gag\u00e5ngss\u00e4tt \u00f6kar klimatpolitikens legitimitet och effektivitet.<\/p>\t\t\t\t\t\t\t\t<\/div>\n\t\t\t\t<div class=\"elementor-element elementor-element-1638a63f elementor-widget-divider--view-line elementor-invisible elementor-widget elementor-widget-divider\" data-id=\"1638a63f\" data-element_type=\"widget\" data-e-type=\"widget\" data-settings=\"{&quot;_animation&quot;:&quot;fadeInRight&quot;,&quot;_animation_delay&quot;:1000}\" data-widget_type=\"divider.default\">\n\t\t\t\t\t\t\t<div class=\"elementor-divider\">\n\t\t\t<span class=\"elementor-divider-separator\">\n\t\t\t\t\t\t<\/span>\n\t\t<\/div>\n\t\t\t\t\t\t<\/div>\n\t\t\t\t<div class=\"elementor-element elementor-element-dd6b734 elementor-invisible elementor-widget elementor-widget-heading\" data-id=\"dd6b734\" data-element_type=\"widget\" data-e-type=\"widget\" data-settings=\"{&quot;_animation&quot;:&quot;fadeInRight&quot;,&quot;_animation_delay&quot;:1500}\" data-widget_type=\"heading.default\">\n\t\t\t\t\t<h2 class=\"elementor-heading-title elementor-size-default\">Betydelse och p\u00e5verkan<\/h2>\t\t\t\t<\/div>\n\t\t\t\t<div class=\"elementor-element elementor-element-d41b2ad elementor-invisible elementor-widget elementor-widget-text-editor\" data-id=\"d41b2ad\" data-element_type=\"widget\" data-e-type=\"widget\" data-settings=\"{&quot;_animation&quot;:&quot;fadeInRight&quot;,&quot;_animation_delay&quot;:2000}\" data-widget_type=\"text-editor.default\">\n\t\t\t\t\t\t\t\t\t<p class=\"p1\">Institutionaliseringen av ungdomars deltagande i klimatstyrningen visar p\u00e5 viktiga trender som att fr\u00e4mja r\u00e4ttvisa mellan generationerna, innovation inom p\u00e5verkansarbete och att st\u00e4rka den globala solidariteten.<\/p><p class=\"p1\">Att engagera unga m\u00e4nniskor s\u00e4kerst\u00e4ller att klimatpolitiken tar h\u00e4nsyn till l\u00e5ngsiktiga effekter och \u00e5terspeglar olika perspektiv. \u00c4ven om flera utmaningar kvarst\u00e5r utg\u00f6r plattformar som LCOY, RCOY och COY viktiga steg mot en mer inkluderande och effektiv klimatstyrning.<\/p>\t\t\t\t\t\t\t\t<\/div>\n\t\t\t\t\t<\/div>\n\t\t<\/div>\n\t\t\t\t\t<\/div>\n\t\t<\/section>\n\t\t\t\t<\/div>","protected":false},"excerpt":{"rendered":"<p>LCOy, RCOY, COY, COP \u0130klim de\u011fi\u015fikli\u011fi, \u00e7a\u011f\u0131m\u0131z\u0131n en acil k\u00fcresel sorunlar\u0131ndan birini temsil etmektedir. Atmosfere sal\u0131nan insan kaynakl\u0131 (antropojenik) emisyonlar\u0131n [&hellip;]<\/p>\n","protected":false},"author":1,"featured_media":0,"parent":0,"menu_order":0,"comment_status":"closed","ping_status":"closed","template":"","meta":{"om_disable_all_campaigns":false,"_monsterinsights_skip_tracking":false,"_monsterinsights_sitenote_active":false,"_monsterinsights_sitenote_note":"","_monsterinsights_sitenote_category":0,"site-sidebar-layout":"no-sidebar","site-content-layout":"page-builder","ast-site-content-layout":"full-width-container","site-content-style":"default","site-sidebar-style":"default","ast-global-header-display":"","ast-banner-title-visibility":"","ast-main-header-display":"","ast-hfb-above-header-display":"","ast-hfb-below-header-display":"","ast-hfb-mobile-header-display":"","site-post-title":"disabled","ast-breadcrumbs-content":"","ast-featured-img":"disabled","footer-sml-layout":"","theme-transparent-header-meta":"enabled","adv-header-id-meta":"","stick-header-meta":"","header-above-stick-meta":"","header-main-stick-meta":"","header-below-stick-meta":"","astra-migrate-meta-layouts":"set","ast-page-background-enabled":"default","ast-page-background-meta":{"desktop":{"background-color":"","background-image":"","background-repeat":"repeat","background-position":"center center","background-size":"auto","background-attachment":"scroll","background-type":"","background-media":"","overlay-type":"","overlay-color":"","overlay-opacity":"","overlay-gradient":""},"tablet":{"background-color":"","background-image":"","background-repeat":"repeat","background-position":"center center","background-size":"auto","background-attachment":"scroll","background-type":"","background-media":"","overlay-type":"","overlay-color":"","overlay-opacity":"","overlay-gradient":""},"mobile":{"background-color":"","background-image":"","background-repeat":"repeat","background-position":"center center","background-size":"auto","background-attachment":"scroll","background-type":"","background-media":"","overlay-type":"","overlay-color":"","overlay-opacity":"","overlay-gradient":""}},"ast-content-background-meta":{"desktop":{"background-color":"var(--ast-global-color-5)","background-image":"","background-repeat":"repeat","background-position":"center center","background-size":"auto","background-attachment":"scroll","background-type":"","background-media":"","overlay-type":"","overlay-color":"","overlay-opacity":"","overlay-gradient":""},"tablet":{"background-color":"var(--ast-global-color-5)","background-image":"","background-repeat":"repeat","background-position":"center center","background-size":"auto","background-attachment":"scroll","background-type":"","background-media":"","overlay-type":"","overlay-color":"","overlay-opacity":"","overlay-gradient":""},"mobile":{"background-color":"var(--ast-global-color-5)","background-image":"","background-repeat":"repeat","background-position":"center center","background-size":"auto","background-attachment":"scroll","background-type":"","background-media":"","overlay-type":"","overlay-color":"","overlay-opacity":"","overlay-gradient":""}},"footnotes":""},"class_list":["post-1434","page","type-page","status-publish","hentry"],"aioseo_notices":[],"_links":{"self":[{"href":"https:\/\/www.copantalya.com\/sv\/wp-json\/wp\/v2\/pages\/1434","targetHints":{"allow":["GET"]}}],"collection":[{"href":"https:\/\/www.copantalya.com\/sv\/wp-json\/wp\/v2\/pages"}],"about":[{"href":"https:\/\/www.copantalya.com\/sv\/wp-json\/wp\/v2\/types\/page"}],"author":[{"embeddable":true,"href":"https:\/\/www.copantalya.com\/sv\/wp-json\/wp\/v2\/users\/1"}],"replies":[{"embeddable":true,"href":"https:\/\/www.copantalya.com\/sv\/wp-json\/wp\/v2\/comments?post=1434"}],"version-history":[{"count":22,"href":"https:\/\/www.copantalya.com\/sv\/wp-json\/wp\/v2\/pages\/1434\/revisions"}],"predecessor-version":[{"id":1673,"href":"https:\/\/www.copantalya.com\/sv\/wp-json\/wp\/v2\/pages\/1434\/revisions\/1673"}],"wp:attachment":[{"href":"https:\/\/www.copantalya.com\/sv\/wp-json\/wp\/v2\/media?parent=1434"}],"curies":[{"name":"wp","href":"https:\/\/api.w.org\/{rel}","templated":true}]}}