{"id":2036,"date":"2026-04-03T19:42:34","date_gmt":"2026-04-03T19:42:34","guid":{"rendered":"https:\/\/www.copantalya.com\/?page_id=2036"},"modified":"2026-04-03T19:47:03","modified_gmt":"2026-04-03T19:47:03","slug":"gizlilik-politikasi","status":"publish","type":"page","link":"https:\/\/www.copantalya.com\/th\/gizlilik-politikasi\/","title":{"rendered":"\u0e19\u0e42\u0e22\u0e1a\u0e32\u0e22\u0e04\u0e27\u0e32\u0e21\u0e40\u0e1b\u0e47\u0e19\u0e2a\u0e48\u0e27\u0e19\u0e15\u0e31\u0e27"},"content":{"rendered":"<div data-elementor-type=\"wp-page\" data-elementor-id=\"2036\" class=\"elementor elementor-2036\">\n\t\t\t\t<div class=\"elementor-element elementor-element-9c3ddc6 e-grid e-con-boxed e-con e-parent\" data-id=\"9c3ddc6\" data-element_type=\"container\" data-e-type=\"container\">\n\t\t\t\t\t<div class=\"e-con-inner\">\n\t\t<div class=\"elementor-element elementor-element-5cb0315e e-con-full e-flex e-con e-child\" data-id=\"5cb0315e\" data-element_type=\"container\" data-e-type=\"container\">\n\t\t\t\t<div class=\"elementor-element elementor-element-14681b7f elementor-widget elementor-widget-heading\" data-id=\"14681b7f\" data-element_type=\"widget\" data-e-type=\"widget\" data-widget_type=\"heading.default\">\n\t\t\t\t\t<h3 class=\"elementor-heading-title elementor-size-default\">\u0e19\u0e42\u0e22\u0e1a\u0e32\u0e22\u0e04\u0e27\u0e32\u0e21\u0e40\u0e1b\u0e47\u0e19\u0e2a\u0e48\u0e27\u0e19\u0e15\u0e31\u0e27<\/h3>\t\t\t\t<\/div>\n\t\t\t\t<div class=\"elementor-element elementor-element-1d7efb6c elementor-widget elementor-widget-text-editor\" data-id=\"1d7efb6c\" data-element_type=\"widget\" data-e-type=\"widget\" data-widget_type=\"text-editor.default\">\n\t\t\t\t\t\t\t\t\t<p data-start=\"337\" data-end=\"449\">\u0e19\u0e42\u0e22\u0e1a\u0e32\u0e22\u0e04\u0e27\u0e32\u0e21\u0e40\u0e1b\u0e47\u0e19\u0e2a\u0e48\u0e27\u0e19\u0e15\u0e31\u0e27\u0e19\u0e35\u0e49, <a class=\"decorated-link\" href=\"http:\/\/www.copantalya.com\/th\/\" target=\"_new\" rel=\"noopener\" data-start=\"361\" data-end=\"379\">www.copantalya.com<\/a> \u0e2d\u0e18\u0e34\u0e1a\u0e32\u0e22\u0e27\u0e34\u0e18\u0e35\u0e01\u0e32\u0e23\u0e17\u0e35\u0e48\u0e40\u0e27\u0e47\u0e1a\u0e44\u0e0b\u0e15\u0e4c (\u201c\u0e44\u0e0b\u0e15\u0e4c\u201d) \u0e14\u0e33\u0e40\u0e19\u0e34\u0e19\u0e01\u0e32\u0e23\u0e01\u0e31\u0e1a\u0e02\u0e49\u0e2d\u0e21\u0e39\u0e25\u0e1c\u0e39\u0e49\u0e43\u0e0a\u0e49.<\/p><p data-start=\"451\" data-end=\"591\">\u0e40\u0e27\u0e47\u0e1a\u0e44\u0e0b\u0e15\u0e4c, <span class=\"hover:entity-accent entity-underline inline cursor-pointer align-baseline\"><span class=\"whitespace-normal\">\u0e01\u0e32\u0e23\u0e23\u0e31\u0e1a\u0e23\u0e2d\u0e07\u0e21\u0e32\u0e15\u0e23\u0e10\u0e32\u0e19\u0e2a\u0e32\u0e01\u0e25<\/span><\/span> \u0e44\u0e14\u0e49\u0e08\u0e31\u0e14\u0e40\u0e15\u0e23\u0e35\u0e22\u0e21\u0e44\u0e27\u0e49\u0e40\u0e1e\u0e37\u0e48\u0e2d\u0e43\u0e2b\u0e49\u0e02\u0e49\u0e2d\u0e21\u0e39\u0e25\u0e40\u0e1b\u0e47\u0e19\u0e2a\u0e48\u0e27\u0e19\u0e2b\u0e19\u0e36\u0e48\u0e07\u0e02\u0e2d\u0e07 COP31 \u0e17\u0e35\u0e48\u0e40\u0e21\u0e37\u0e2d\u0e07\u0e2d\u0e31\u0e19\u0e15\u0e31\u0e25\u0e22\u0e32.<\/p><p data-start=\"593\" data-end=\"671\">\u0e42\u0e14\u0e22\u0e01\u0e32\u0e23\u0e43\u0e0a\u0e49\u0e40\u0e27\u0e47\u0e1a\u0e44\u0e0b\u0e15\u0e4c\u0e19\u0e35\u0e49 \u0e04\u0e38\u0e13\u0e16\u0e37\u0e2d\u0e27\u0e48\u0e32\u0e44\u0e14\u0e49\u0e23\u0e31\u0e1a\u0e17\u0e23\u0e32\u0e1a\u0e41\u0e25\u0e30\u0e22\u0e2d\u0e21\u0e23\u0e31\u0e1a\u0e02\u0e49\u0e2d\u0e01\u0e33\u0e2b\u0e19\u0e14\u0e17\u0e35\u0e48\u0e23\u0e30\u0e1a\u0e38\u0e44\u0e27\u0e49\u0e43\u0e19\u0e19\u0e42\u0e22\u0e1a\u0e32\u0e22\u0e09\u0e1a\u0e31\u0e1a\u0e19\u0e35\u0e49\u0e41\u0e25\u0e49\u0e27.<\/p><hr data-start=\"673\" data-end=\"676\" \/><h4 data-section-id=\"11tmzvz\" data-start=\"678\" data-end=\"701\">1. \u0e02\u0e49\u0e2d\u0e21\u0e39\u0e25\u0e17\u0e35\u0e48\u0e40\u0e01\u0e47\u0e1a\u0e23\u0e27\u0e1a\u0e23\u0e27\u0e21<\/h4><p data-start=\"703\" data-end=\"770\">\u0e40\u0e27\u0e47\u0e1a\u0e44\u0e0b\u0e15\u0e4c\u0e44\u0e21\u0e48\u0e02\u0e2d\u0e02\u0e49\u0e2d\u0e21\u0e39\u0e25\u0e2a\u0e48\u0e27\u0e19\u0e1a\u0e38\u0e04\u0e04\u0e25\u0e15\u0e48\u0e2d\u0e44\u0e1b\u0e19\u0e35\u0e49\u0e08\u0e32\u0e01\u0e1c\u0e39\u0e49\u0e43\u0e0a\u0e49\u0e42\u0e14\u0e22\u0e15\u0e23\u0e07:<\/p><ul data-start=\"772\" data-end=\"825\"><li data-section-id=\"1wfyy1t\" data-start=\"772\" data-end=\"785\">\u0e0a\u0e37\u0e48\u0e2d, \u0e19\u0e32\u0e21\u0e2a\u0e01\u0e38\u0e25<\/li><li data-section-id=\"1xq9g1d\" data-start=\"786\" data-end=\"804\">\u0e17\u0e35\u0e48\u0e2d\u0e22\u0e39\u0e48\u0e2d\u0e35\u0e40\u0e21\u0e25<\/li><li data-section-id=\"b6bu1d\" data-start=\"805\" data-end=\"825\">\u0e2b\u0e21\u0e32\u0e22\u0e40\u0e25\u0e02\u0e42\u0e17\u0e23\u0e28\u0e31\u0e1e\u0e17\u0e4c<\/li><\/ul><hr data-start=\"827\" data-end=\"830\" \/><h4 data-section-id=\"1p32v5l\" data-start=\"832\" data-end=\"870\">2. \u0e02\u0e49\u0e2d\u0e21\u0e39\u0e25\u0e17\u0e35\u0e48\u0e23\u0e27\u0e1a\u0e23\u0e27\u0e21\u0e42\u0e14\u0e22\u0e2d\u0e31\u0e15\u0e42\u0e19\u0e21\u0e31\u0e15\u0e34<\/h4><p data-start=\"872\" data-end=\"950\">\u0e02\u0e49\u0e2d\u0e21\u0e39\u0e25\u0e17\u0e32\u0e07\u0e40\u0e17\u0e04\u0e19\u0e34\u0e04\u0e15\u0e48\u0e2d\u0e44\u0e1b\u0e19\u0e35\u0e49\u0e2d\u0e32\u0e08\u0e16\u0e39\u0e01\u0e1b\u0e23\u0e30\u0e21\u0e27\u0e25\u0e1c\u0e25\u0e42\u0e14\u0e22\u0e2d\u0e31\u0e15\u0e42\u0e19\u0e21\u0e31\u0e15\u0e34\u0e02\u0e13\u0e30\u0e43\u0e0a\u0e49\u0e07\u0e32\u0e19\u0e40\u0e27\u0e47\u0e1a\u0e44\u0e0b\u0e15\u0e4c:<\/p><ul data-start=\"952\" data-end=\"1041\"><li data-section-id=\"yoijyx\" data-start=\"952\" data-end=\"965\">\u0e17\u0e35\u0e48\u0e2d\u0e22\u0e39\u0e48\u0e44\u0e2d\u0e1e\u0e35<\/li><li data-section-id=\"1ak22z3\" data-start=\"966\" data-end=\"988\">\u0e02\u0e49\u0e2d\u0e21\u0e39\u0e25\u0e40\u0e1a\u0e23\u0e32\u0e27\u0e4c\u0e40\u0e0b\u0e2d\u0e23\u0e4c<\/li><li data-section-id=\"1aidqqy\" data-start=\"989\" data-end=\"1008\">\u0e02\u0e49\u0e2d\u0e21\u0e39\u0e25\u0e2d\u0e38\u0e1b\u0e01\u0e23\u0e13\u0e4c<\/li><li data-section-id=\"dshcln\" data-start=\"1009\" data-end=\"1041\">\u0e2a\u0e16\u0e34\u0e15\u0e34\u0e01\u0e32\u0e23\u0e43\u0e0a\u0e49\u0e07\u0e32\u0e19\u0e40\u0e27\u0e47\u0e1a\u0e44\u0e0b\u0e15\u0e4c<\/li><\/ul><p data-start=\"1043\" data-end=\"1054\">\u0e02\u0e49\u0e2d\u0e21\u0e39\u0e25\u0e40\u0e2b\u0e25\u0e48\u0e32\u0e19\u0e35\u0e49:<\/p><ul data-start=\"1056\" data-end=\"1162\"><li data-section-id=\"cq105f\" data-start=\"1056\" data-end=\"1091\">\u0e1b\u0e23\u0e31\u0e1a\u0e1b\u0e23\u0e38\u0e07\u0e1b\u0e23\u0e30\u0e2a\u0e34\u0e17\u0e18\u0e34\u0e20\u0e32\u0e1e\u0e40\u0e27\u0e47\u0e1a\u0e44\u0e0b\u0e15\u0e4c<\/li><li data-section-id=\"2t6pom\" data-start=\"1092\" data-end=\"1125\">\u0e27\u0e34\u0e40\u0e04\u0e23\u0e32\u0e30\u0e2b\u0e4c\u0e1b\u0e31\u0e0d\u0e2b\u0e32\u0e17\u0e32\u0e07\u0e40\u0e17\u0e04\u0e19\u0e34\u0e04<\/li><li data-section-id=\"1saswlz\" data-start=\"1126\" data-end=\"1162\">\u0e40\u0e1e\u0e37\u0e48\u0e2d\u0e1b\u0e23\u0e31\u0e1a\u0e1b\u0e23\u0e38\u0e07\u0e1b\u0e23\u0e30\u0e2a\u0e1a\u0e01\u0e32\u0e23\u0e13\u0e4c\u0e02\u0e2d\u0e07\u0e1c\u0e39\u0e49\u0e43\u0e0a\u0e49<\/li><\/ul><p data-start=\"1164\" data-end=\"1193\">\u0e43\u0e0a\u0e49\u0e2a\u0e33\u0e2b\u0e23\u0e31\u0e1a\u0e27\u0e31\u0e15\u0e16\u0e38\u0e1b\u0e23\u0e30\u0e2a\u0e07\u0e04\u0e4c\u0e40\u0e2b\u0e25\u0e48\u0e32\u0e19\u0e35\u0e49.<\/p><hr data-start=\"1195\" data-end=\"1198\" \/><h4 data-section-id=\"1c89f7f\" data-start=\"1200\" data-end=\"1229\">3. \u0e1a\u0e23\u0e34\u0e01\u0e32\u0e23\u0e08\u0e32\u0e01\u0e1a\u0e38\u0e04\u0e04\u0e25\u0e17\u0e35\u0e48\u0e2a\u0e32\u0e21<\/h4><p data-start=\"1231\" data-end=\"1270\">\u0e40\u0e27\u0e47\u0e1a\u0e44\u0e0b\u0e15\u0e4c\u0e2a\u0e32\u0e21\u0e32\u0e23\u0e16\u0e43\u0e0a\u0e49\u0e1a\u0e23\u0e34\u0e01\u0e32\u0e23\u0e15\u0e48\u0e2d\u0e44\u0e1b\u0e19\u0e35\u0e49\u0e44\u0e14\u0e49:<\/p><ul data-start=\"1272\" data-end=\"1326\"><li data-section-id=\"3chu1r\" data-start=\"1272\" data-end=\"1292\">\u0e40\u0e04\u0e23\u0e37\u0e48\u0e2d\u0e07\u0e21\u0e37\u0e2d\u0e27\u0e34\u0e40\u0e04\u0e23\u0e32\u0e30\u0e2b\u0e4c<\/li><li data-section-id=\"1ilmbwh\" data-start=\"1293\" data-end=\"1326\">\u0e1a\u0e23\u0e34\u0e01\u0e32\u0e23\u0e42\u0e2e\u0e2a\u0e15\u0e34\u0e49\u0e07\u0e41\u0e25\u0e30\u0e42\u0e04\u0e23\u0e07\u0e2a\u0e23\u0e49\u0e32\u0e07\u0e1e\u0e37\u0e49\u0e19\u0e10\u0e32\u0e19<\/li><\/ul><p data-start=\"1328\" data-end=\"1397\">\u0e1a\u0e23\u0e34\u0e01\u0e32\u0e23\u0e40\u0e2b\u0e25\u0e48\u0e32\u0e19\u0e35\u0e49\u0e2d\u0e32\u0e08\u0e1b\u0e23\u0e30\u0e21\u0e27\u0e25\u0e1c\u0e25\u0e02\u0e49\u0e2d\u0e21\u0e39\u0e25\u0e15\u0e32\u0e21\u0e19\u0e42\u0e22\u0e1a\u0e32\u0e22\u0e04\u0e27\u0e32\u0e21\u0e40\u0e1b\u0e47\u0e19\u0e2a\u0e48\u0e27\u0e19\u0e15\u0e31\u0e27\u0e02\u0e2d\u0e07\u0e15\u0e19\u0e40\u0e2d\u0e07.<\/p><hr data-start=\"1399\" data-end=\"1402\" \/><h4 data-section-id=\"12e3jb6\" data-start=\"1404\" data-end=\"1424\">4. \u0e04\u0e27\u0e32\u0e21\u0e1b\u0e25\u0e2d\u0e14\u0e20\u0e31\u0e22\u0e02\u0e2d\u0e07\u0e02\u0e49\u0e2d\u0e21\u0e39\u0e25<\/h4><p data-start=\"1426\" data-end=\"1524\">\u0e01\u0e33\u0e25\u0e31\u0e07\u0e14\u0e33\u0e40\u0e19\u0e34\u0e19\u0e01\u0e32\u0e23\u0e15\u0e32\u0e21\u0e21\u0e32\u0e15\u0e23\u0e01\u0e32\u0e23\u0e17\u0e32\u0e07\u0e40\u0e17\u0e04\u0e19\u0e34\u0e04\u0e41\u0e25\u0e30\u0e01\u0e32\u0e23\u0e1a\u0e23\u0e34\u0e2b\u0e32\u0e23\u0e17\u0e35\u0e48\u0e08\u0e33\u0e40\u0e1b\u0e47\u0e19\u0e40\u0e1e\u0e37\u0e48\u0e2d\u0e43\u0e2b\u0e49\u0e41\u0e19\u0e48\u0e43\u0e08\u0e27\u0e48\u0e32\u0e02\u0e49\u0e2d\u0e21\u0e39\u0e25\u0e02\u0e2d\u0e07\u0e1c\u0e39\u0e49\u0e43\u0e0a\u0e49\u0e21\u0e35\u0e04\u0e27\u0e32\u0e21\u0e1b\u0e25\u0e2d\u0e14\u0e20\u0e31\u0e22.<\/p><hr data-start=\"1526\" data-end=\"1529\" \/><h4 data-section-id=\"exjyuz\" data-start=\"1531\" data-end=\"1549\">5. \u0e02\u0e49\u0e2d\u0e21\u0e39\u0e25\u0e2a\u0e33\u0e04\u0e31\u0e0d<\/h4><p data-start=\"1551\" data-end=\"1559\">\u0e40\u0e27\u0e47\u0e1a\u0e44\u0e0b\u0e15\u0e4c\u0e19\u0e35\u0e49:<\/p><ul data-start=\"1561\" data-end=\"1729\"><li data-section-id=\"ks9cuh\" data-start=\"1561\" data-end=\"1632\">\u0e40\u0e08\u0e49\u0e32\u0e2b\u0e19\u0e49\u0e32\u0e17\u0e35\u0e48 <span class=\"hover:entity-accent entity-underline inline cursor-pointer align-baseline\"><span class=\"whitespace-normal\">COP31<\/span><\/span> \u0e21\u0e31\u0e19\u0e44\u0e21\u0e48\u0e43\u0e0a\u0e48\u0e40\u0e27\u0e47\u0e1a\u0e44\u0e0b\u0e15\u0e4c<\/li><li data-section-id=\"9qbq17\" data-start=\"1633\" data-end=\"1690\">\u0e44\u0e21\u0e48\u0e44\u0e14\u0e49\u0e14\u0e33\u0e40\u0e19\u0e34\u0e19\u0e01\u0e32\u0e23\u0e42\u0e14\u0e22\u0e2b\u0e19\u0e48\u0e27\u0e22\u0e07\u0e32\u0e19\u0e2a\u0e32\u0e18\u0e32\u0e23\u0e13\u0e30\u0e43\u0e14 \u0e46<\/li><li data-section-id=\"17fuc2c\" data-start=\"1691\" data-end=\"1729\">\u0e19\u0e35\u0e48\u0e40\u0e1b\u0e47\u0e19\u0e40\u0e1e\u0e35\u0e22\u0e07\u0e02\u0e49\u0e2d\u0e21\u0e39\u0e25\u0e40\u0e1e\u0e37\u0e48\u0e2d\u0e17\u0e23\u0e32\u0e1a\u0e40\u0e17\u0e48\u0e32\u0e19\u0e31\u0e49\u0e19<\/li><\/ul><hr data-start=\"1731\" data-end=\"1734\" \/><h4 data-section-id=\"13ulew2\" data-start=\"1736\" data-end=\"1755\">6. \u0e01\u0e32\u0e23\u0e41\u0e01\u0e49\u0e44\u0e02\u0e40\u0e1e\u0e34\u0e48\u0e21\u0e40\u0e15\u0e34\u0e21<\/h4><p data-start=\"1757\" data-end=\"1797\">\u0e19\u0e42\u0e22\u0e1a\u0e32\u0e22\u0e19\u0e35\u0e49\u0e2d\u0e32\u0e08\u0e21\u0e35\u0e01\u0e32\u0e23\u0e1b\u0e23\u0e31\u0e1a\u0e1b\u0e23\u0e38\u0e07\u0e40\u0e1b\u0e47\u0e19\u0e04\u0e23\u0e31\u0e49\u0e07\u0e04\u0e23\u0e32\u0e27.<\/p><hr data-start=\"1799\" data-end=\"1802\" \/><h4 data-section-id=\"aa7fqb\" data-start=\"1804\" data-end=\"1818\">7. \u0e01\u0e32\u0e23\u0e2a\u0e37\u0e48\u0e2d\u0e2a\u0e32\u0e23<\/h4><p data-start=\"1820\" data-end=\"1892\"><span class=\"hover:entity-accent entity-underline inline cursor-pointer align-baseline\"><span class=\"whitespace-normal\">\u0e01\u0e32\u0e23\u0e23\u0e31\u0e1a\u0e23\u0e2d\u0e07\u0e21\u0e32\u0e15\u0e23\u0e10\u0e32\u0e19\u0e2a\u0e32\u0e01\u0e25<\/span><\/span><br data-start=\"1857\" data-end=\"1860\" \/><a class=\"decorated-link cursor-pointer\" rel=\"noopener\" data-start=\"1860\" data-end=\"1890\">info@globaliscertification.com<\/a><\/p>\t\t\t\t\t\t\t\t<\/div>\n\t\t\t\t<\/div>\n\t\t\t\t\t<\/div>\n\t\t\t\t<\/div>\n\t\t\t\t<\/div>","protected":false},"excerpt":{"rendered":"<p>G\u0130ZL\u0130L\u0130K POL\u0130T\u0130KASI Bu Gizlilik Politikas\u0131, www.copantalya.com web sitesinin (\u201cSite\u201d) kullan\u0131c\u0131 verilerini nas\u0131l i\u015fledi\u011fini a\u00e7\u0131klar. Site, Globalis Sertifikasyon taraf\u0131ndan, COP31 Antalya [&hellip;]<\/p>\n","protected":false},"author":1,"featured_media":0,"parent":0,"menu_order":0,"comment_status":"closed","ping_status":"closed","template":"","meta":{"om_disable_all_campaigns":false,"_monsterinsights_skip_tracking":false,"_monsterinsights_sitenote_active":false,"_monsterinsights_sitenote_note":"","_monsterinsights_sitenote_category":0,"site-sidebar-layout":"no-sidebar","site-content-layout":"page-builder","ast-site-content-layout":"full-width-container","site-content-style":"default","site-sidebar-style":"default","ast-global-header-display":"","ast-banner-title-visibility":"","ast-main-header-display":"","ast-hfb-above-header-display":"","ast-hfb-below-header-display":"","ast-hfb-mobile-header-display":"","site-post-title":"","ast-breadcrumbs-content":"","ast-featured-img":"disabled","footer-sml-layout":"","theme-transparent-header-meta":"","adv-header-id-meta":"","stick-header-meta":"","header-above-stick-meta":"","header-main-stick-meta":"","header-below-stick-meta":"","astra-migrate-meta-layouts":"set","ast-page-background-enabled":"default","ast-page-background-meta":{"desktop":{"background-color":"","background-image":"","background-repeat":"repeat","background-position":"center center","background-size":"auto","background-attachment":"scroll","background-type":"","background-media":"","overlay-type":"","overlay-color":"","overlay-opacity":"","overlay-gradient":""},"tablet":{"background-color":"","background-image":"","background-repeat":"repeat","background-position":"center center","background-size":"auto","background-attachment":"scroll","background-type":"","background-media":"","overlay-type":"","overlay-color":"","overlay-opacity":"","overlay-gradient":""},"mobile":{"background-color":"","background-image":"","background-repeat":"repeat","background-position":"center center","background-size":"auto","background-attachment":"scroll","background-type":"","background-media":"","overlay-type":"","overlay-color":"","overlay-opacity":"","overlay-gradient":""}},"ast-content-background-meta":{"desktop":{"background-color":"var(--ast-global-color-5)","background-image":"","background-repeat":"repeat","background-position":"center center","background-size":"auto","background-attachment":"scroll","background-type":"","background-media":"","overlay-type":"","overlay-color":"","overlay-opacity":"","overlay-gradient":""},"tablet":{"background-color":"var(--ast-global-color-5)","background-image":"","background-repeat":"repeat","background-position":"center center","background-size":"auto","background-attachment":"scroll","background-type":"","background-media":"","overlay-type":"","overlay-color":"","overlay-opacity":"","overlay-gradient":""},"mobile":{"background-color":"var(--ast-global-color-5)","background-image":"","background-repeat":"repeat","background-position":"center center","background-size":"auto","background-attachment":"scroll","background-type":"","background-media":"","overlay-type":"","overlay-color":"","overlay-opacity":"","overlay-gradient":""}},"footnotes":""},"class_list":["post-2036","page","type-page","status-publish","hentry"],"aioseo_notices":[],"_links":{"self":[{"href":"https:\/\/www.copantalya.com\/th\/wp-json\/wp\/v2\/pages\/2036","targetHints":{"allow":["GET"]}}],"collection":[{"href":"https:\/\/www.copantalya.com\/th\/wp-json\/wp\/v2\/pages"}],"about":[{"href":"https:\/\/www.copantalya.com\/th\/wp-json\/wp\/v2\/types\/page"}],"author":[{"embeddable":true,"href":"https:\/\/www.copantalya.com\/th\/wp-json\/wp\/v2\/users\/1"}],"replies":[{"embeddable":true,"href":"https:\/\/www.copantalya.com\/th\/wp-json\/wp\/v2\/comments?post=2036"}],"version-history":[{"count":4,"href":"https:\/\/www.copantalya.com\/th\/wp-json\/wp\/v2\/pages\/2036\/revisions"}],"predecessor-version":[{"id":2041,"href":"https:\/\/www.copantalya.com\/th\/wp-json\/wp\/v2\/pages\/2036\/revisions\/2041"}],"wp:attachment":[{"href":"https:\/\/www.copantalya.com\/th\/wp-json\/wp\/v2\/media?parent=2036"}],"curies":[{"name":"wp","href":"https:\/\/api.w.org\/{rel}","templated":true}]}}