{"id":2051,"date":"2026-04-03T20:25:43","date_gmt":"2026-04-03T20:25:43","guid":{"rendered":"https:\/\/www.copantalya.com\/?page_id=2051"},"modified":"2026-04-03T20:27:34","modified_gmt":"2026-04-03T20:27:34","slug":"kvkk-aydinlatma-metni","status":"publish","type":"page","link":"https:\/\/www.copantalya.com\/vi\/kvkk-aydinlatma-metni\/","title":{"rendered":"TH\u00d4NG B\u00c1O THEO LU\u1eacT B\u1ea2O V\u1ec6 D\u1eee LI\u1ec6U C\u00c1 NH\u00c2N (KVKK)"},"content":{"rendered":"<div data-elementor-type=\"wp-page\" data-elementor-id=\"2051\" class=\"elementor elementor-2051\">\n\t\t\t\t<div class=\"elementor-element elementor-element-2c907024 e-grid e-con-boxed e-con e-parent\" data-id=\"2c907024\" data-element_type=\"container\" data-e-type=\"container\">\n\t\t\t\t\t<div class=\"e-con-inner\">\n\t\t<div class=\"elementor-element elementor-element-74835745 e-con-full e-flex e-con e-child\" data-id=\"74835745\" data-element_type=\"container\" data-e-type=\"container\">\n\t\t\t\t<div class=\"elementor-element elementor-element-3876b019 elementor-widget elementor-widget-heading\" data-id=\"3876b019\" data-element_type=\"widget\" data-e-type=\"widget\" data-widget_type=\"heading.default\">\n\t\t\t\t\t<h3 class=\"elementor-heading-title elementor-size-default\">TH\u00d4NG B\u00c1O THEO LU\u1eacT B\u1ea2O V\u1ec6 D\u1eee LI\u1ec6U C\u00c1 NH\u00c2N (KVKK)<\/h3>\t\t\t\t<\/div>\n\t\t\t\t<div class=\"elementor-element elementor-element-44ef6508 elementor-widget elementor-widget-text-editor\" data-id=\"44ef6508\" data-element_type=\"widget\" data-e-type=\"widget\" data-widget_type=\"text-editor.default\">\n\t\t\t\t\t\t\t\t\t<p data-start=\"2921\" data-end=\"3007\">V\u0103n b\u1ea3n n\u00e0y, theo Lu\u1eadt s\u1ed1 6698 <span class=\"hover:entity-accent entity-underline inline cursor-pointer align-baseline\"><span class=\"whitespace-normal\">Lu\u1eadt B\u1ea3o v\u1ec7 D\u1eef li\u1ec7u C\u00e1 nh\u00e2n<\/span><\/span> \u0111\u01b0\u1ee3c so\u1ea1n th\u1ea3o trong khu\u00f4n kh\u1ed5.<\/p><hr data-start=\"3009\" data-end=\"3012\" \/><h4 data-section-id=\"sfoobf\" data-start=\"3014\" data-end=\"3034\">1. Ch\u1ee7 th\u1ec3 ch\u1ecbu tr\u00e1ch nhi\u1ec7m v\u1ec1 d\u1eef li\u1ec7u<\/h4><p data-start=\"3036\" data-end=\"3070\">Ch\u1ee7 th\u1ec3 ch\u1ecbu tr\u00e1ch nhi\u1ec7m v\u1ec1 d\u1eef li\u1ec7u trong ph\u1ea1m vi trang web n\u00e0y:<\/p><p data-start=\"3072\" data-end=\"3109\"><span class=\"hover:entity-accent entity-underline inline cursor-pointer align-baseline\"><span class=\"whitespace-normal\">Ch\u1ee9ng nh\u1eadn Globalis<\/span><\/span><\/p><hr data-start=\"3111\" data-end=\"3114\" \/><h4 data-section-id=\"1e7rap5\" data-start=\"3116\" data-end=\"3137\">2. D\u1eef li\u1ec7u \u0111\u01b0\u1ee3c x\u1eed l\u00fd<\/h4><p data-start=\"3139\" data-end=\"3192\">Trang web kh\u00f4ng y\u00eau c\u1ea7u ng\u01b0\u1eddi d\u00f9ng cung c\u1ea5p tr\u1ef1c ti\u1ebfp d\u1eef li\u1ec7u c\u00e1 nh\u00e2n.<\/p><p data-start=\"3194\" data-end=\"3237\">Tuy nhi\u00ean, c\u00e1c d\u1eef li\u1ec7u k\u1ef9 thu\u1eadt sau \u0111\u00e2y c\u00f3 th\u1ec3 \u0111\u01b0\u1ee3c x\u1eed l\u00fd:<\/p><ul data-start=\"3239\" data-end=\"3295\"><li data-section-id=\"yoijyx\" data-start=\"3239\" data-end=\"3252\">\u0110\u1ecba ch\u1ec9 IP<\/li><li data-section-id=\"1ak22z3\" data-start=\"3253\" data-end=\"3275\">Th\u00f4ng tin tr\u00ecnh duy\u1ec7t<\/li><li data-section-id=\"1aidqqy\" data-start=\"3276\" data-end=\"3295\">Th\u00f4ng tin thi\u1ebft b\u1ecb<\/li><\/ul><hr data-start=\"3297\" data-end=\"3300\" \/><h4 data-section-id=\"1pyif5m\" data-start=\"3302\" data-end=\"3328\">3. M\u1ee5c \u0111\u00edch x\u1eed l\u00fd d\u1eef li\u1ec7u<\/h4><p data-start=\"3330\" data-end=\"3341\">C\u00e1c d\u1eef li\u1ec7u n\u00e0y:<\/p><ul data-start=\"3343\" data-end=\"3435\"><li data-section-id=\"cq105f\" data-start=\"3343\" data-end=\"3378\">C\u1ea3i thi\u1ec7n hi\u1ec7u su\u1ea5t trang web<\/li><li data-section-id=\"2t6pom\" data-start=\"3379\" data-end=\"3412\">Ph\u00e2n t\u00edch c\u00e1c v\u1ea5n \u0111\u1ec1 k\u1ef9 thu\u1eadt<\/li><li data-section-id=\"6tnk6y\" data-start=\"3413\" data-end=\"3435\">\u0110\u1ea3m b\u1ea3o an ninh<\/li><\/ul><p data-start=\"3437\" data-end=\"3457\">\u0111\u01b0\u1ee3c x\u1eed l\u00fd nh\u1eb1m m\u1ee5c \u0111\u00edch \u0111\u00f3.<\/p><hr data-start=\"3459\" data-end=\"3462\" \/><h4 data-section-id=\"17gi7p3\" data-start=\"3464\" data-end=\"3483\">4. Truy\u1ec1n d\u1eef li\u1ec7u<\/h4><p data-start=\"3485\" data-end=\"3563\">D\u1eef li\u1ec7u k\u1ef9 thu\u1eadt c\u00f3 th\u1ec3 \u0111\u01b0\u1ee3c chuy\u1ec3n giao cho c\u00e1c nh\u00e0 cung c\u1ea5p h\u1ea1 t\u1ea7ng v\u00e0 d\u1ecbch v\u1ee5 ph\u00e2n t\u00edch.<\/p><hr data-start=\"3565\" data-end=\"3568\" \/><h4 data-section-id=\"1qzc8h1\" data-start=\"3570\" data-end=\"3591\">5. C\u00e1c l\u00fd do ph\u00e1p l\u00fd<\/h4><ul data-start=\"3593\" data-end=\"3635\"><li data-section-id=\"byts8c\" data-start=\"3593\" data-end=\"3610\">L\u1ee3i \u00edch h\u1ee3p ph\u00e1p<\/li><li data-section-id=\"1o66dsg\" data-start=\"3611\" data-end=\"3635\">Y\u00eau c\u1ea7u k\u1ef9 thu\u1eadt<\/li><\/ul><hr data-start=\"3637\" data-end=\"3640\" \/><h4 data-section-id=\"g4n9c3\" data-start=\"3642\" data-end=\"3665\">6. Quy\u1ec1n c\u1ee7a ng\u01b0\u1eddi d\u00f9ng<\/h4><p data-start=\"3667\" data-end=\"3696\">Theo Lu\u1eadt B\u1ea3o v\u1ec7 D\u1eef li\u1ec7u C\u00e1 nh\u00e2n (KVKK), ng\u01b0\u1eddi d\u00f9ng:<\/p><ul data-start=\"3698\" data-end=\"3792\"><li data-section-id=\"1r77ok5\" data-start=\"3698\" data-end=\"3736\">Ki\u1ec3m tra xem d\u1eef li\u1ec7u \u0111\u00e3 \u0111\u01b0\u1ee3c x\u1eed l\u00fd hay ch\u01b0a<\/li><li data-section-id=\"165ucok\" data-start=\"3737\" data-end=\"3757\">Y\u00eau c\u1ea7u th\u00f4ng tin<\/li><li data-section-id=\"7sug73\" data-start=\"3758\" data-end=\"3792\">Y\u00eau c\u1ea7u ch\u1ec9nh s\u1eeda ho\u1eb7c x\u00f3a<\/li><\/ul><p data-start=\"3794\" data-end=\"3813\">c\u00f3 quy\u1ec1n.<\/p><hr data-start=\"3815\" data-end=\"3818\" \/><h4 data-section-id=\"aa7fqb\" data-start=\"3820\" data-end=\"3834\">7. Li\u00ean l\u1ea1c<\/h4><p data-start=\"3836\" data-end=\"3908\"><span class=\"hover:entity-accent entity-underline inline cursor-pointer align-baseline\"><span class=\"whitespace-normal\">Ch\u1ee9ng nh\u1eadn Globalis<\/span><\/span><br data-start=\"3873\" data-end=\"3876\" \/><a class=\"decorated-link cursor-pointer\" rel=\"noopener\" data-start=\"3876\" data-end=\"3906\">info@globaliscertification.com<\/a><\/p>\t\t\t\t\t\t\t\t<\/div>\n\t\t\t\t<\/div>\n\t\t\t\t\t<\/div>\n\t\t\t\t<\/div>\n\t\t\t\t<\/div>","protected":false},"excerpt":{"rendered":"<p>KVKK AYDINLATMA METN\u0130 Bu metin, 6698 say\u0131l\u0131 Ki\u015fisel Verilerin Korunmas\u0131 Kanunu kapsam\u0131nda haz\u0131rlanm\u0131\u015ft\u0131r. 1. Veri Sorumlusu Bu site kapsam\u0131nda veri [&hellip;]<\/p>\n","protected":false},"author":1,"featured_media":0,"parent":0,"menu_order":0,"comment_status":"closed","ping_status":"closed","template":"","meta":{"om_disable_all_campaigns":false,"_monsterinsights_skip_tracking":false,"_monsterinsights_sitenote_active":false,"_monsterinsights_sitenote_note":"","_monsterinsights_sitenote_category":0,"site-sidebar-layout":"no-sidebar","site-content-layout":"page-builder","ast-site-content-layout":"full-width-container","site-content-style":"default","site-sidebar-style":"default","ast-global-header-display":"","ast-banner-title-visibility":"","ast-main-header-display":"","ast-hfb-above-header-display":"","ast-hfb-below-header-display":"","ast-hfb-mobile-header-display":"","site-post-title":"","ast-breadcrumbs-content":"","ast-featured-img":"disabled","footer-sml-layout":"","theme-transparent-header-meta":"","adv-header-id-meta":"","stick-header-meta":"","header-above-stick-meta":"","header-main-stick-meta":"","header-below-stick-meta":"","astra-migrate-meta-layouts":"set","ast-page-background-enabled":"default","ast-page-background-meta":{"desktop":{"background-color":"","background-image":"","background-repeat":"repeat","background-position":"center center","background-size":"auto","background-attachment":"scroll","background-type":"","background-media":"","overlay-type":"","overlay-color":"","overlay-opacity":"","overlay-gradient":""},"tablet":{"background-color":"","background-image":"","background-repeat":"repeat","background-position":"center center","background-size":"auto","background-attachment":"scroll","background-type":"","background-media":"","overlay-type":"","overlay-color":"","overlay-opacity":"","overlay-gradient":""},"mobile":{"background-color":"","background-image":"","background-repeat":"repeat","background-position":"center center","background-size":"auto","background-attachment":"scroll","background-type":"","background-media":"","overlay-type":"","overlay-color":"","overlay-opacity":"","overlay-gradient":""}},"ast-content-background-meta":{"desktop":{"background-color":"var(--ast-global-color-5)","background-image":"","background-repeat":"repeat","background-position":"center center","background-size":"auto","background-attachment":"scroll","background-type":"","background-media":"","overlay-type":"","overlay-color":"","overlay-opacity":"","overlay-gradient":""},"tablet":{"background-color":"var(--ast-global-color-5)","background-image":"","background-repeat":"repeat","background-position":"center center","background-size":"auto","background-attachment":"scroll","background-type":"","background-media":"","overlay-type":"","overlay-color":"","overlay-opacity":"","overlay-gradient":""},"mobile":{"background-color":"var(--ast-global-color-5)","background-image":"","background-repeat":"repeat","background-position":"center center","background-size":"auto","background-attachment":"scroll","background-type":"","background-media":"","overlay-type":"","overlay-color":"","overlay-opacity":"","overlay-gradient":""}},"footnotes":""},"class_list":["post-2051","page","type-page","status-publish","hentry"],"aioseo_notices":[],"_links":{"self":[{"href":"https:\/\/www.copantalya.com\/vi\/wp-json\/wp\/v2\/pages\/2051","targetHints":{"allow":["GET"]}}],"collection":[{"href":"https:\/\/www.copantalya.com\/vi\/wp-json\/wp\/v2\/pages"}],"about":[{"href":"https:\/\/www.copantalya.com\/vi\/wp-json\/wp\/v2\/types\/page"}],"author":[{"embeddable":true,"href":"https:\/\/www.copantalya.com\/vi\/wp-json\/wp\/v2\/users\/1"}],"replies":[{"embeddable":true,"href":"https:\/\/www.copantalya.com\/vi\/wp-json\/wp\/v2\/comments?post=2051"}],"version-history":[{"count":4,"href":"https:\/\/www.copantalya.com\/vi\/wp-json\/wp\/v2\/pages\/2051\/revisions"}],"predecessor-version":[{"id":2056,"href":"https:\/\/www.copantalya.com\/vi\/wp-json\/wp\/v2\/pages\/2051\/revisions\/2056"}],"wp:attachment":[{"href":"https:\/\/www.copantalya.com\/vi\/wp-json\/wp\/v2\/media?parent=2051"}],"curies":[{"name":"wp","href":"https:\/\/api.w.org\/{rel}","templated":true}]}}