{"id":1426,"date":"2026-02-18T19:16:20","date_gmt":"2026-02-18T19:16:20","guid":{"rendered":"https:\/\/www.copantalya.com\/?page_id=1426"},"modified":"2026-03-02T19:57:56","modified_gmt":"2026-03-02T19:57:56","slug":"yeni-nesil-gezginler-ve-iklim-diplomasisi","status":"publish","type":"page","link":"https:\/\/www.copantalya.com\/zh\/yeni-nesil-gezginler-ve-iklim-diplomasisi\/","title":{"rendered":"\u65b0\u4e00\u4ee3\u65c5\u884c\u8005\u4e0e\u6c14\u5019\u5916\u4ea4"},"content":{"rendered":"<div data-elementor-type=\"wp-page\" data-elementor-id=\"1426\" class=\"elementor elementor-1426\">\n\t\t\t\t<div class=\"elementor-element elementor-element-7dbd4a94 e-flex e-con-boxed e-con e-parent\" data-id=\"7dbd4a94\" data-element_type=\"container\" data-e-type=\"container\" data-settings=\"{&quot;background_background&quot;:&quot;classic&quot;}\">\n\t\t\t\t\t<div class=\"e-con-inner\">\n\t\t<div class=\"elementor-element elementor-element-e129312 e-con-full e-flex e-con e-child\" data-id=\"e129312\" data-element_type=\"container\" data-e-type=\"container\">\n\t\t\t\t<div class=\"elementor-element elementor-element-4ccc6030 elementor-widget elementor-widget-heading\" data-id=\"4ccc6030\" data-element_type=\"widget\" data-e-type=\"widget\" data-widget_type=\"heading.default\">\n\t\t\t\t\t<h1 class=\"elementor-heading-title elementor-size-default\">\u65b0\u4e00\u4ee3\u65c5\u884c\u8005\u4e0e\u6c14\u5019\u5916\u4ea4<\/h1>\t\t\t\t<\/div>\n\t\t\t\t<\/div>\n\t\t\t\t\t<\/div>\n\t\t\t\t<\/div>\n\t\t\t\t<section class=\"elementor-section elementor-top-section elementor-element elementor-element-4b5e4976 elementor-section-content-middle elementor-section-boxed elementor-section-height-default elementor-section-height-default\" data-id=\"4b5e4976\" data-element_type=\"section\" data-e-type=\"section\" data-settings=\"{&quot;background_background&quot;:&quot;classic&quot;}\">\n\t\t\t\t\t\t<div class=\"elementor-container elementor-column-gap-no\">\n\t\t\t\t\t<div class=\"elementor-column elementor-col-100 elementor-top-column elementor-element elementor-element-63e5eda8\" data-id=\"63e5eda8\" data-element_type=\"column\" data-e-type=\"column\">\n\t\t\t<div class=\"elementor-widget-wrap elementor-element-populated\">\n\t\t\t\t\t\t<div class=\"elementor-element elementor-element-f806ba1 elementor-widget elementor-widget-text-editor\" data-id=\"f806ba1\" data-element_type=\"widget\" data-e-type=\"widget\" data-widget_type=\"text-editor.default\">\n\t\t\t\t\t\t\t\t\t<p data-start=\"118\" data-end=\"705\">\u5168\u7403\u6c14\u5019\u53d8\u5316\u4e0d\u4ec5\u662f\u4e00\u4e2a\u5f71\u54cd\u73af\u5883\u7684\u73b0\u8c61\uff0c\u4e5f\u662f\u4e00\u4e2a\u56fd\u5bb6\u3001\u56fd\u9645\u7ec4\u7ec7\u548c\u975e\u653f\u5e9c\u7ec4\u7ec7\u5728\u56fd\u5bb6\u548c\u56fd\u9645\u5c42\u9762\u4e92\u52a8\u7684\u591a\u5c42\u6b21\u8fc7\u7a0b\u3002\u5728\u8fd9\u4e00\u8fc7\u7a0b\u4e2d\uff0c\u9752\u5e74\u5df2\u6210\u4e3a\u4e00\u4e2a\u66f4\u52a0\u660e\u663e\u548c\u6709\u6548\u7684\u884c\u52a8\u8005\uff0c\u5c24\u5176\u662f\u5728\u6700\u8fd1\u51e0\u5e74\u3002\u9752\u5e74\u662f\u53d7\u6c14\u5019\u5371\u673a\u5f71\u54cd\u6700\u5927\u7684\u4e00\u4ee3\u4eba\uff0c\u4ed6\u4eec\u4e0d\u4ec5\u81f4\u529b\u4e8e\u63d0\u9ad8\u8ba4\u8bc6\uff0c\u8fd8\u8981\u6c42\u53c2\u4e0e\u51b3\u7b56\u8fc7\u7a0b\uff0c\u5e76\u901a\u8fc7\u5f71\u54cd\u653f\u6cbb\u8fa9\u8bba\u83b7\u5f97\u66f4\u7a81\u51fa\u7684\u5730\u4f4d\u3002.<\/p><p data-start=\"707\" data-end=\"1257\">\u5728\u300a\u8054\u5408\u56fd\u6c14\u5019\u53d8\u5316\u6846\u67b6\u516c\u7ea6\u300b\uff08UNFCCC\uff09\u7684\u56fd\u9645\u8c08\u5224\u4e2d\uff0c\u53ef\u4ee5\u770b\u5230\u9752\u5e74\u5728\u673a\u6784\u5c42\u9762\u53c2\u4e0e\u5168\u7403\u6c14\u5019\u8fdb\u7a0b\u7684\u60c5\u51b5\u3002\u7136\u800c\uff0c\u8054\u5408\u56fd\u6c14\u5019\u53d8\u5316\u9752\u5e74\u4f1a\u8bae\uff08COY\uff09\u662f\u5728\u6bcf\u5e74\u7684\u8054\u5408\u56fd\u6c14\u5019\u5927\u4f1a\uff08COP\uff09\u4e4b\u524d\u4e3e\u884c\u7684\uff0c\u7531\u8054\u5408\u56fd\u6c14\u5019\u53d8\u5316\u6846\u67b6\u516c\u7ea6\uff08UNFCCC\uff09\u7684\u5b98\u65b9\u9752\u5e74\u4ee3\u8868\u673a\u6784--\u9752\u5e74\u975e\u653f\u5e9c\u7ec4\u7ec7\uff08YOUNGO\uff09\u7ec4\u7ec7\uff0c\u5b83\u662f\u4e00\u4e2a\u91cd\u8981\u7684\u5cf0\u4f1a\uff0c\u63d0\u4f9b\u6280\u672f\u548c\u653f\u6cbb\u4fe1\u606f\uff0c\u5e2e\u52a9\u9752\u5e74\u4e3aCOP\u8fdb\u7a0b\u505a\u597d\u51c6\u5907\u3002.<\/p><p data-start=\"1259\" data-end=\"2085\">\u9752\u5e74\u4f1a\u8bae\u7684\u5168\u7403\u7ed3\u6784\u4e3a\u5730\u65b9\u548c\u56fd\u5bb6\u5c42\u9762\u7c7b\u4f3c\u673a\u5236\u7684\u51fa\u73b0\u94fa\u5e73\u4e86\u9053\u8def\u3002\u4f8b\u5982\uff0c\u5730\u65b9\u9752\u5e74\u4f1a\u8bae\uff08LCOY\uff09\u662f\u4e00\u4e2a\u5e73\u53f0\uff0c\u9752\u5e74\u4eba\u5728\u8fd9\u91cc\u786e\u5b9a\u672c\u56fd\u4e0e\u6c14\u5019\u53d8\u5316\u6709\u5173\u7684\u4f18\u5148\u4e8b\u9879\uff0c\u8ba8\u8bba\u5730\u65b9\u95ee\u9898\u5e76\u5236\u5b9a\u56fd\u5bb6\u653f\u7b56\u5efa\u8bae\u3002\u8fd9\u4e9b\u5cf0\u4f1a\u4ea7\u751f\u7684\u5ba3\u8a00\u4e0d\u4ec5\u5305\u62ec\u5bf9\u56fd\u5bb6\u7684\u547c\u5401\uff0c\u4e5f\u5305\u62ec\u5bf9\u79c1\u8425\u90e8\u95e8\u7684\u547c\u5401\u3002\u5728\u8fd9\u4e00\u70b9\u4e0a\uff0c\u65c5\u6e38\u90e8\u95e8\u5df2\u6210\u4e3a\u76f4\u63a5\u53cd\u6620 COY \u548c LCOY \u8981\u6c42\u7684\u9886\u57df\u4e4b\u4e00\u3002\u56e0\u4e3a\u65c5\u6e38\u4e1a\u4e0e\u4ea4\u901a\u3001\u7ecf\u6d4e\u548c\u80fd\u6e90\u6d88\u8017\u7b49\u9886\u57df\u76f4\u63a5\u76f8\u5173\u3002\u56e0\u6b64\uff0c\u5e74\u8f7b\u4eba\u5728\u6c14\u5019\u5cf0\u4f1a\u4e0a\u63d0\u51fa\u7684\u51cf\u5c11\u78b3\u6392\u653e\u548c\u63d0\u9ad8\u900f\u660e\u5ea6\u7684\u8981\u6c42\u5df2\u5f00\u59cb\u91cd\u5851\u65c5\u6e38\u4e1a\u653f\u7b56\u3002.<\/p><p data-start=\"2087\" data-end=\"2543\">COY \u548c LCOY \u8fdb\u7a0b\u6240\u8868\u8fbe\u7684\u8981\u6c42\u4e0d\u4ec5\u5177\u6709\u8c61\u5f81\u610f\u4e49\uff0c\u8fd8\u5305\u62ec\u63a8\u52a8\u5168\u7403\u7ecf\u6d4e\u90e8\u95e8\u53d1\u5c55\u7684\u653f\u7b56\u5efa\u8bae\u3002\u65c5\u6e38\u90e8\u95e8\u5728\u6c14\u5019\u5916\u4ea4\u4e2d\u5360\u6709\u7279\u6b8a\u5730\u4f4d\uff0c\u56e0\u4e3a\u5b83\u5728\u5168\u7403\u78b3\u6392\u653e\u4e2d\u5360\u5f88\u5927\u6bd4\u91cd\u3002\u867d\u7136\u822a\u7a7a\u8fd0\u8f93\u662f\u65c5\u6e38\u4e1a\u7684\u78b3\u5bc6\u96c6\u578b\u4ea7\u4e1a\uff0c\u4f46\u4f4f\u5bbf\u4e1a\u5728\u80fd\u6e90\u548c\u6c34\u6d88\u8017\u65b9\u9762\u4e5f\u5bf9\u73af\u5883\u9020\u6210\u4e86\u4e25\u91cd\u5f71\u54cd\u3002.<\/p><p data-start=\"2545\" data-end=\"3357\">\u9752\u5e74\u5ba3\u8a00\u4e2d\u7ecf\u5e38\u5f3a\u8c03\u7684 \u201c\u6c14\u5019\u516c\u6b63 \u201d\u6982\u5ff5\u8868\u660e\uff0c\u5728\u6c14\u5019\u53d8\u5316\u8fc7\u7a0b\u4e2d\uff0c\u4e0d\u4ec5\u8981\u786e\u4fdd\u4eba\u7c7b\u7684\u516c\u6b63\uff0c\u800c\u4e14\u8981\u786e\u4fdd\u81ea\u7136\u754c\u6240\u6709\u751f\u547d\u7684\u516c\u6b63\u3002\u8fd9\u79cd\u8ba4\u8bc6\u4f7f\u90a3\u4e9b\u9020\u6210\u6c14\u5019\u53d8\u5316\u7684\u884c\u52a8\u8005\u548c\u51b3\u7b56\u8005\u627f\u62c5\u4e86\u66f4\u5927\u7684\u8d23\u4efb\u3002\u5728\u8fd9\u79cd\u60c5\u51b5\u4e0b\uff0c\u65c5\u6e38\u6295\u8d44\u4e0d\u4ec5\u5e94\u8003\u8651\u73af\u5883\u5f71\u54cd\uff0c\u8fd8\u5e94\u8003\u8651\u793e\u4f1a\u5f71\u54cd\u3002\u9752\u5e74\u5916\u4ea4\u6279\u8bc4\u5927\u578b\u65c5\u6e38\u9879\u76ee\u7f29\u5c0f\u4e86\u5f53\u5730\u4eba\u6c11\u7684\u751f\u6d3b\u7a7a\u95f4\uff0c\u9650\u5236\u4e86\u81ea\u7136\u8d44\u6e90\u7684\u4f7f\u7528\uff0c\u5e76\u5229\u7528\u6587\u5316\u9057\u4ea7\u8c0b\u53d6\u7ecf\u6d4e\u5229\u76ca\u3002\u9752\u5e74\u5916\u4ea4\u8fd8\u8981\u6c42\u627f\u8ba4\u5e76\u6d88\u9664\u65c5\u6e38\u4e1a\u4f5c\u4e3a\u53d1\u5c55\u5de5\u5177\u6240\u9020\u6210\u7684\u4e0d\u5e73\u7b49\u3002.<\/p><p data-start=\"3359\" data-end=\"4156\">\u9752\u5e74\u5916\u4ea4\u63d0\u51fa\u7684\u8fd9\u4e00\u89c2\u70b9\u4e5f\u53cd\u6620\u5728\u65c5\u6e38\u5e02\u573a\u65b0\u4e00\u4ee3\u6e38\u5ba2\u7684\u504f\u597d\u4e0a\u3002\u65b0\u751f\u4ee3\u6e38\u5ba2\u4e0d\u4ec5\u662f\u8ffd\u6c42\u4e2a\u6027\u5316\u5ea6\u5047\u4f53\u9a8c\u7684\u6d88\u8d39\u8005\uff0c\u4e5f\u662f\u5728\u9053\u5fb7\u548c\u73af\u5883\u654f\u611f\u6027\u6846\u67b6\u5185\u5f00\u5c55\u65c5\u884c\u7684\u4e2a\u4eba\u3002\u9053\u5fb7\u65c5\u6e38\u6807\u51c6\u662f\u65e8\u5728\u5c06\u65c5\u6e38\u4e1a\u5bf9\u793e\u4f1a\u548c\u73af\u5883\u7684\u8d1f\u9762\u5f71\u54cd\u964d\u81f3\u6700\u4f4e\u5e76\u652f\u6301\u53ef\u6301\u7eed\u53d1\u5c55\u7684\u539f\u5219\u3002\u8fd9\u4e9b\u539f\u5219\u5305\u62ec\u9020\u798f\u5f53\u5730\u793e\u533a\u3001\u652f\u6301\u5f53\u5730\u4eba\u6c11\u3001\u5171\u540c\u89e3\u51b3\u7ecf\u6d4e\u3001\u793e\u4f1a\u548c\u73af\u5883\u95ee\u9898\u7b49\u65b9\u6cd5\u3002\u4f8b\u5982\uff0c\u8861\u91cf\u78b3\u6392\u653e\u91cf\u3001\u4f7f\u7528\u53ef\u518d\u751f\u80fd\u6e90\u3001\u900f\u660e\u5730\u62ab\u9732\u6c34\u548c\u5e9f\u7269\u7ba1\u7406\u8ba1\u5212\u3001\u4e0e\u5f53\u5730\u793e\u533a\u5efa\u7acb\u516c\u5e73\u5408\u4f5c\u5173\u7cfb\u7b49\u90fd\u5c5e\u4e8e\u8fd9\u4e9b\u6807\u51c6\u3002.<\/p><p data-start=\"4158\" data-end=\"4722\">\u5982\u4eca\uff0c\u5e74\u8f7b\u4eba\u7684\u65c5\u884c\u504f\u597d\u4e0d\u4ec5\u53d6\u51b3\u4e8e\u8212\u9002\u5ea6\u6216\u7ecf\u6d4e\u4ef7\u683c\u6807\u51c6\u3002\u900f\u660e\u5ea6\u548c\u53ef\u6301\u7eed\u6027\u5df2\u6210\u4e3a\u51b3\u5b9a\u65b0\u4e00\u4ee3\u65c5\u884c\u8005\u54c1\u724c\u5fe0\u8bda\u5ea6\u7684\u5173\u952e\u56e0\u7d20\u3002\u6240\u8c13 \u201c\u6d17\u7eff\u201d\uff0c\u5373\u4f01\u4e1a\u8bef\u5bfc\u6027\u5730\u5c55\u793a\u5176\u5b9e\u9645\u4e0a\u5e76\u4e0d\u5177\u5907\u7684\u73af\u4fdd\u5f62\u8c61\uff0c\u88ab\u5e74\u8f7b\u6e38\u5ba2\u89c6\u4e3a\u4e00\u79cd\u4e25\u91cd\u7684\u98ce\u9669\u3002\u56e0\u6b64\uff0c\u6d88\u8d39\u8005\u4e0d\u4fe1\u4efb\u6ca1\u6709\u72ec\u7acb\u8bc1\u4e66\u548c\u5ba1\u8ba1\u62a5\u544a\u652f\u6301\u7684\u4f01\u4e1a\u3002.<\/p><p data-start=\"4724\" data-end=\"5128\" data-is-last-node=\"\" data-is-only-node=\"\">\u603b\u4e4b\uff0c\u65c5\u6e38\u4e1a\u7684\u672a\u6765\u53d6\u51b3\u4e8e\u5b83\u80fd\u5728\u591a\u5927\u7a0b\u5ea6\u4e0a\u4e0e COY \u548c LCOY \u9752\u5e74\u7684\u671f\u671b\u76f8\u534f\u8c03\u3002\u8be5\u884c\u4e1a\u7684\u4f01\u4e1a\u5e94\u5c06\u5176\u53ef\u6301\u7eed\u53d1\u5c55\u8ba1\u5212\u5177\u4f53\u5316\uff0c\u5236\u5b9a\u53ef\u8861\u91cf\u7684\u76ee\u6807\u548c\u660e\u786e\u7684\u62a5\u544a\u3002\u8fd9\u79cd\u505a\u6cd5\u4e0d\u4ec5\u80fd\u5e26\u6765\u73af\u5883\u6548\u76ca\uff0c\u8fd8\u80fd\u901a\u8fc7\u52a0\u5f3a\u793e\u4f1a\u4fe1\u4efb\u6765\u521b\u9020\u793e\u4f1a\u6548\u76ca\u3002.<\/p>\t\t\t\t\t\t\t\t<\/div>\n\t\t\t\t<div class=\"elementor-element elementor-element-1bda47e0 elementor-widget-divider--view-line elementor-widget elementor-widget-divider\" data-id=\"1bda47e0\" data-element_type=\"widget\" data-e-type=\"widget\" data-widget_type=\"divider.default\">\n\t\t\t\t\t\t\t<div class=\"elementor-divider\">\n\t\t\t<span class=\"elementor-divider-separator\">\n\t\t\t\t\t\t<\/span>\n\t\t<\/div>\n\t\t\t\t\t\t<\/div>\n\t\t\t\t<div class=\"elementor-element elementor-element-325dec64 elementor-widget elementor-widget-heading\" data-id=\"325dec64\" data-element_type=\"widget\" data-e-type=\"widget\" data-widget_type=\"heading.default\">\n\t\t\t\t\t<h5 class=\"elementor-heading-title elementor-size-default\">\u8d44\u6599\u6765\u6e90<\/h5>\t\t\t\t<\/div>\n\t\t\t\t<div class=\"elementor-element elementor-element-620c12e5 elementor-widget elementor-widget-text-editor\" data-id=\"620c12e5\" data-element_type=\"widget\" data-e-type=\"widget\" data-widget_type=\"text-editor.default\">\n\t\t\t\t\t\t\t\t\t<p class=\"p1\">https:\/\/unfccc.int\/<br \/>https:\/\/iycforyouth.org\/<br \/>https:\/\/www.greenpeace.org\/global\/<br \/>https:\/\/climatepromise.undp.org\/<br \/>https:\/\/turkiyeturizmansiklopedisi.com\/<br \/>\u5f71\u54cd\u5177\u6709\u751f\u6001\u610f\u8bc6\u7684\u65c5\u884c\u8005\uff1a\u7eff\u8272\u8425\u9500\u5728\u63a8\u5e7f\u53ef\u6301\u7eed\u65c5\u6e38\u76ee\u7684\u5730\u4e2d\u7684\u4f5c\u7528\uff082025 \u5e74\uff09\u300b\u3002Acta Psychologica.<br \/>\u00c7avu\u015f, M. N. (2024).2000-2024 \u5e74\u51fa\u7248\u7684\u4ee5\u65c5\u6e38\u4e1a\u3001\u53ef\u6301\u7eed\u6027\u548c\u6c14\u5019\u53d8\u5316\u4e3a\u8f74\u5fc3\u7684\u5b66\u672f\u7814\u7a76\u6587\u732e\u8ba1\u91cf\u7efc\u8ff0\u3002\u5730\u7406\u79d1\u5b66\u6742\u5fd7\u300b\uff0c22\uff082\uff09\uff0c268-293\u3002.<br \/>Ceylan, S. (2025).\u901a\u8fc7\u53ef\u6301\u7eed\u6027\u548c\u7eff\u8272\u7ecf\u6d4e\u65b9\u6cd5\u89e3\u8bfb\u7eff\u8272\u65c5\u6e38\u3002.<br \/>Onur, M., Soylu, A. G., Yorganc\u0131, B., &amp; K\u0131l\u0131\u00e7han, R. (2026).\u65c5\u6e38\u4e1a\u548c\u9152\u5e97\u4e1a \"\u6d17\u7eff \"\u7684\u7cfb\u7edf\u6027\u4e13\u9898\u56de\u987e\u3002Sustainability, 18(3), 1255.ncel Journal of Tourism Research, 9(1), 159-182.<\/p>\t\t\t\t\t\t\t\t<\/div>\n\t\t\t\t\t<\/div>\n\t\t<\/div>\n\t\t\t\t\t<\/div>\n\t\t<\/section>\n\t\t\t\t<\/div>","protected":false},"excerpt":{"rendered":"<p>YEN\u0130 NES\u0130L GEZG\u0130NLER VE \u0130KL\u0130M D\u0130PLOMAS\u0130S\u0130 K\u00fcresel iklim de\u011fi\u015fikli\u011fi yaln\u0131zca \u00e7evreyi etkileyen bir olgu de\u011fildir; ayn\u0131 zamanda ulusal ve uluslararas\u0131 [&hellip;]<\/p>\n","protected":false},"author":1,"featured_media":0,"parent":0,"menu_order":0,"comment_status":"closed","ping_status":"closed","template":"","meta":{"om_disable_all_campaigns":false,"_monsterinsights_skip_tracking":false,"_monsterinsights_sitenote_active":false,"_monsterinsights_sitenote_note":"","_monsterinsights_sitenote_category":0,"site-sidebar-layout":"no-sidebar","site-content-layout":"page-builder","ast-site-content-layout":"full-width-container","site-content-style":"default","site-sidebar-style":"default","ast-global-header-display":"","ast-banner-title-visibility":"","ast-main-header-display":"","ast-hfb-above-header-display":"","ast-hfb-below-header-display":"","ast-hfb-mobile-header-display":"","site-post-title":"disabled","ast-breadcrumbs-content":"","ast-featured-img":"disabled","footer-sml-layout":"","theme-transparent-header-meta":"","adv-header-id-meta":"","stick-header-meta":"","header-above-stick-meta":"","header-main-stick-meta":"","header-below-stick-meta":"","astra-migrate-meta-layouts":"set","ast-page-background-enabled":"default","ast-page-background-meta":{"desktop":{"background-color":"","background-image":"","background-repeat":"repeat","background-position":"center center","background-size":"auto","background-attachment":"scroll","background-type":"","background-media":"","overlay-type":"","overlay-color":"","overlay-opacity":"","overlay-gradient":""},"tablet":{"background-color":"","background-image":"","background-repeat":"repeat","background-position":"center center","background-size":"auto","background-attachment":"scroll","background-type":"","background-media":"","overlay-type":"","overlay-color":"","overlay-opacity":"","overlay-gradient":""},"mobile":{"background-color":"","background-image":"","background-repeat":"repeat","background-position":"center center","background-size":"auto","background-attachment":"scroll","background-type":"","background-media":"","overlay-type":"","overlay-color":"","overlay-opacity":"","overlay-gradient":""}},"ast-content-background-meta":{"desktop":{"background-color":"var(--ast-global-color-5)","background-image":"","background-repeat":"repeat","background-position":"center center","background-size":"auto","background-attachment":"scroll","background-type":"","background-media":"","overlay-type":"","overlay-color":"","overlay-opacity":"","overlay-gradient":""},"tablet":{"background-color":"var(--ast-global-color-5)","background-image":"","background-repeat":"repeat","background-position":"center center","background-size":"auto","background-attachment":"scroll","background-type":"","background-media":"","overlay-type":"","overlay-color":"","overlay-opacity":"","overlay-gradient":""},"mobile":{"background-color":"var(--ast-global-color-5)","background-image":"","background-repeat":"repeat","background-position":"center center","background-size":"auto","background-attachment":"scroll","background-type":"","background-media":"","overlay-type":"","overlay-color":"","overlay-opacity":"","overlay-gradient":""}},"footnotes":""},"class_list":["post-1426","page","type-page","status-publish","hentry"],"aioseo_notices":[],"_links":{"self":[{"href":"https:\/\/www.copantalya.com\/zh\/wp-json\/wp\/v2\/pages\/1426","targetHints":{"allow":["GET"]}}],"collection":[{"href":"https:\/\/www.copantalya.com\/zh\/wp-json\/wp\/v2\/pages"}],"about":[{"href":"https:\/\/www.copantalya.com\/zh\/wp-json\/wp\/v2\/types\/page"}],"author":[{"embeddable":true,"href":"https:\/\/www.copantalya.com\/zh\/wp-json\/wp\/v2\/users\/1"}],"replies":[{"embeddable":true,"href":"https:\/\/www.copantalya.com\/zh\/wp-json\/wp\/v2\/comments?post=1426"}],"version-history":[{"count":5,"href":"https:\/\/www.copantalya.com\/zh\/wp-json\/wp\/v2\/pages\/1426\/revisions"}],"predecessor-version":[{"id":1726,"href":"https:\/\/www.copantalya.com\/zh\/wp-json\/wp\/v2\/pages\/1426\/revisions\/1726"}],"wp:attachment":[{"href":"https:\/\/www.copantalya.com\/zh\/wp-json\/wp\/v2\/media?parent=1426"}],"curies":[{"name":"wp","href":"https:\/\/api.w.org\/{rel}","templated":true}]}}