{"id":1573,"date":"2026-03-02T16:53:05","date_gmt":"2026-03-02T16:53:05","guid":{"rendered":"https:\/\/www.copantalya.com\/?page_id=1573"},"modified":"2026-03-06T18:34:54","modified_gmt":"2026-03-06T18:34:54","slug":"1-5c-hedefi","status":"publish","type":"page","link":"https:\/\/www.copantalya.com\/zh\/1-5c-hedefi\/","title":{"rendered":"\u00a01.5\u00b0C \u76ee\u6807\u00a0"},"content":{"rendered":"<div data-elementor-type=\"wp-page\" data-elementor-id=\"1573\" class=\"elementor elementor-1573\">\n\t\t\t\t<div class=\"elementor-element elementor-element-1a06fab0 e-flex e-con-boxed e-con e-parent\" data-id=\"1a06fab0\" data-element_type=\"container\" data-e-type=\"container\" data-settings=\"{&quot;background_background&quot;:&quot;classic&quot;}\">\n\t\t\t\t\t<div class=\"e-con-inner\">\n\t\t<div class=\"elementor-element elementor-element-7a60a9b4 e-con-full e-flex e-con e-child\" data-id=\"7a60a9b4\" data-element_type=\"container\" data-e-type=\"container\">\n\t\t\t\t<div class=\"elementor-element elementor-element-3cd5dba2 elementor-widget elementor-widget-heading\" data-id=\"3cd5dba2\" data-element_type=\"widget\" data-e-type=\"widget\" data-widget_type=\"heading.default\">\n\t\t\t\t\t<h1 class=\"elementor-heading-title elementor-size-default\">1.5\u00b0C \u76ee\u6807<\/h1>\t\t\t\t<\/div>\n\t\t\t\t<div class=\"elementor-element elementor-element-7782537b elementor-widget elementor-widget-text-editor\" data-id=\"7782537b\" data-element_type=\"widget\" data-e-type=\"widget\" data-widget_type=\"text-editor.default\">\n\t\t\t\t\t\t\t\t\t<p>1.5\u00b0C \u76ee\u6807\u662f\u5426\u5df2\u7ecf\u8d85\u6807\uff1f \u79d1\u5b66\u600e\u4e48\u8bf4\uff1f<\/p>\t\t\t\t\t\t\t\t<\/div>\n\t\t\t\t<\/div>\n\t\t\t\t\t<\/div>\n\t\t\t\t<\/div>\n\t\t\t\t<section class=\"elementor-section elementor-top-section elementor-element elementor-element-665fdabd elementor-section-content-middle elementor-section-boxed elementor-section-height-default elementor-section-height-default\" data-id=\"665fdabd\" data-element_type=\"section\" data-e-type=\"section\" data-settings=\"{&quot;background_background&quot;:&quot;classic&quot;}\">\n\t\t\t\t\t\t<div class=\"elementor-container elementor-column-gap-no\">\n\t\t\t\t\t<div class=\"elementor-column elementor-col-50 elementor-top-column elementor-element elementor-element-449f5271\" data-id=\"449f5271\" data-element_type=\"column\" data-e-type=\"column\" data-settings=\"{&quot;background_background&quot;:&quot;classic&quot;}\">\n\t\t\t<div class=\"elementor-widget-wrap elementor-element-populated\">\n\t\t\t\t\t\t<div class=\"elementor-element elementor-element-2dc8297f elementor-widget elementor-widget-image\" data-id=\"2dc8297f\" data-element_type=\"widget\" data-e-type=\"widget\" data-widget_type=\"image.default\">\n\t\t\t\t\t\t\t\t\t\t\t\t\t\t\t<img fetchpriority=\"high\" decoding=\"async\" width=\"1558\" height=\"2175\" src=\"https:\/\/www.copantalya.com\/wp-content\/uploads\/2026\/02\/3145-2-1.jpg\" class=\"attachment-full size-full wp-image-1480\" alt=\"3145 2 (1)\" srcset=\"https:\/\/www.copantalya.com\/wp-content\/uploads\/2026\/02\/3145-2-1.jpg 1558w, https:\/\/www.copantalya.com\/wp-content\/uploads\/2026\/02\/3145-2-1-215x300.jpg 215w, https:\/\/www.copantalya.com\/wp-content\/uploads\/2026\/02\/3145-2-1-734x1024.jpg 734w, https:\/\/www.copantalya.com\/wp-content\/uploads\/2026\/02\/3145-2-1-768x1072.jpg 768w, https:\/\/www.copantalya.com\/wp-content\/uploads\/2026\/02\/3145-2-1-1100x1536.jpg 1100w, https:\/\/www.copantalya.com\/wp-content\/uploads\/2026\/02\/3145-2-1-1467x2048.jpg 1467w\" sizes=\"(max-width: 1558px) 100vw, 1558px\" title=\"\u00a01.5\u00b0C \u76ee\u6807\u00a0\">\t\t\t\t\t\t\t\t\t\t\t\t\t\t\t<\/div>\n\t\t\t\t\t<\/div>\n\t\t<\/div>\n\t\t\t\t<div class=\"elementor-column elementor-col-50 elementor-top-column elementor-element elementor-element-110ff62b\" data-id=\"110ff62b\" data-element_type=\"column\" data-e-type=\"column\">\n\t\t\t<div class=\"elementor-widget-wrap elementor-element-populated\">\n\t\t\t\t\t\t<div class=\"elementor-element elementor-element-60756c86 elementor-widget elementor-widget-text-editor\" data-id=\"60756c86\" data-element_type=\"widget\" data-e-type=\"widget\" data-widget_type=\"text-editor.default\">\n\t\t\t\t\t\t\t\t\t<p><span class=\"Apple-converted-space\">\u00a0<\/span>\u6839\u636e\u4e13\u5bb6\u4eec\u7684\u7814\u7a76\u7ed3\u679c\uff0c\u76ee\u524d\u5b9e\u73b0 1.5 \u5ea6\u76ee\u6807\u7684\u9053\u8def\u662f\u5426\u5df2\u7ecf\u8d70\u5b8c\u7684\u95ee\u9898\u6b63\u5904\u4e8e\u5173\u952e\u9636\u6bb5\u3002\u76ee\u524d\u7684\u6d4b\u91cf\u7ed3\u679c\u8868\u660e\uff0c\u8fd9\u4e00\u6781\u9650\u5373\u5c06\u8de8\u8fc7\u3002\u6c14\u6e29\u4e0a\u5347\u662f\u300a\u5df4\u9ece\u534f\u5b9a\u300b\u7684\u6838\u5fc3\uff0c\u8054\u5408\u56fd\u7684\u6570\u636e\u8bc1\u660e\u4e86\u8fd9\u4e00\u70b9\u3002\u8fd9\u4e2a\u6570\u5b57\u4e0d\u4ec5\u4ec5\u662f\u4e00\u4e2a\u76ee\u6807\uff0c\u66f4\u662f\u4fdd\u62a4\u751f\u6001\u7cfb\u7edf\u7684\u786c\u6027\u9650\u5236\u3002\u5728\u8fc7\u53bb\u7684 12 \u4e2a\u6708\u91cc\uff0c\u8fd9\u6761\u7ebf\u5df2\u7ecf\u975e\u5e38\u63a5\u8fd1\uff0c\u5728\u67d0\u4e9b\u65f6\u671f\u751a\u81f3\u88ab\u77ed\u6682\u629b\u5728\u540e\u9762\u3002\u73b0\u5b9e\u60c5\u51b5\u662f\uff0c\u8fd9\u4e00\u754c\u9650\u5df2\u4e0d\u518d\u9065\u8fdc\u3002.<span class=\"Apple-converted-space\">\u00a0<\/span><\/p>\t\t\t\t\t\t\t\t<\/div>\n\t\t\t\t<div class=\"elementor-element elementor-element-618e276 elementor-widget-divider--view-line elementor-widget elementor-widget-divider\" data-id=\"618e276\" data-element_type=\"widget\" data-e-type=\"widget\" data-widget_type=\"divider.default\">\n\t\t\t\t\t\t\t<div class=\"elementor-divider\">\n\t\t\t<span class=\"elementor-divider-separator\">\n\t\t\t\t\t\t<\/span>\n\t\t<\/div>\n\t\t\t\t\t\t<\/div>\n\t\t\t\t<div class=\"elementor-element elementor-element-40c11df0 elementor-widget elementor-widget-heading\" data-id=\"40c11df0\" data-element_type=\"widget\" data-e-type=\"widget\" data-widget_type=\"heading.default\">\n\t\t\t\t\t<h2 class=\"elementor-heading-title elementor-size-default\">\u4ec0\u4e48\u662f 1.5\u00b0C \u76ee\u6807\uff1f<\/h2>\t\t\t\t<\/div>\n\t\t\t\t<div class=\"elementor-element elementor-element-42b33c31 elementor-widget elementor-widget-text-editor\" data-id=\"42b33c31\" data-element_type=\"widget\" data-e-type=\"widget\" data-widget_type=\"text-editor.default\">\n\t\t\t\t\t\t\t\t\t<p><span class=\"Apple-converted-space\">\u00a0<\/span>1.5 \u5ea6\u662f\u300a\u5df4\u9ece\u534f\u5b9a\u300b\u4e2d\u89c4\u5b9a\u7684\u4e0a\u9650\uff0c\u8868\u660e\u4e0e\u5de5\u4e1a\u5316\u524d\u76f8\u6bd4\uff0c\u5168\u7403\u6c14\u6e29\u4e0d\u5e94\u4e0a\u5347\u591a\u5c11\u3002\u79d1\u5b66\u5bb6\u4eec\u8ba4\u4e3a\uff0c\u8fd9\u662f\u9632\u6b62\u81ea\u7136\u5e73\u8861\u906d\u5230\u7834\u574f\u7684\u91cd\u8981\u754c\u9650\u3002\u5982\u679c\u6c14\u6e29\u5347\u5e45\u8d85\u8fc7\u8fd9\u4e00\u754c\u9650\uff0c\u8bb8\u591a\u751f\u547d\u5f62\u5f0f\u5c06\u53d7\u5230\u4e25\u91cd\u5a01\u80c1\u3002.<span class=\"Apple-converted-space\">\u00a0<\/span><\/p>\t\t\t\t\t\t\t\t<\/div>\n\t\t\t\t<div class=\"elementor-element elementor-element-b29b755 elementor-widget-divider--view-line elementor-widget elementor-widget-divider\" data-id=\"b29b755\" data-element_type=\"widget\" data-e-type=\"widget\" data-widget_type=\"divider.default\">\n\t\t\t\t\t\t\t<div class=\"elementor-divider\">\n\t\t\t<span class=\"elementor-divider-separator\">\n\t\t\t\t\t\t<\/span>\n\t\t<\/div>\n\t\t\t\t\t\t<\/div>\n\t\t\t\t<div class=\"elementor-element elementor-element-548ad0c elementor-widget elementor-widget-heading\" data-id=\"548ad0c\" data-element_type=\"widget\" data-e-type=\"widget\" data-widget_type=\"heading.default\">\n\t\t\t\t\t<h2 class=\"elementor-heading-title elementor-size-default\">\u4e3a\u4ec0\u4e48\u662f 1.5 \u5ea6\uff1f<\/h2>\t\t\t\t<\/div>\n\t\t\t\t<div class=\"elementor-element elementor-element-52da8e6 elementor-widget elementor-widget-text-editor\" data-id=\"52da8e6\" data-element_type=\"widget\" data-e-type=\"widget\" data-widget_type=\"text-editor.default\">\n\t\t\t\t\t\t\t\t\t<p>\u5f53\u8fbe\u5230\u7a81\u7834\u70b9\u65f6\uff0c\u6c14\u5019\u7cfb\u7edf\u5c06\u53d7\u5230\u4e0d\u53ef\u9006\u8f6c\u7684\u7834\u574f\u3002<br \/>\u636e\u9884\u6d4b\uff0c\u53ef\u80fd\u4f1a\u5f71\u54cd\u6c14\u5019\u7684\u8fdb\u7a0b\u5c06\u4f1a\u5f00\u59cb\u3002\u5982\u679c\u6e29\u5ea6\u518d\u4e0a\u5347\u534a\u5ea6\uff0c\u5373 2 \u6444\u6c0f\u5ea6\u800c\u4e0d\u662f 1.5 \u6444\u6c0f\u5ea6\uff0c\u51b0\u5ddd\u5c31\u4f1a\u8fc5\u901f\u878d\u5316\uff0c\u5e72\u65f1\u5730\u533a\u5c31\u4f1a\u6269\u5927\u3002\u6444\u6c0f 1.5 \u5ea6\u65f6\uff0c\u767e\u5206\u4e4b\u4e03\u5341\u5230\u4e5d\u5341\u7684\u73ca\u745a\u7901\u5c06\u53d7\u5230\u7834\u574f\uff0c\u800c\u6444\u6c0f 2 \u5ea6\u65f6\uff0c\u7834\u574f\u5c06\u8513\u5ef6\u5230\u51e0\u4e4e\u6240\u6709\u73ca\u745a\u7901\u3002\u6c14\u6e29\u5347\u9ad8 2 \u6444\u6c0f\u5ea6\uff0c\u4e00\u4e9b\u4eba\u7ecf\u5386\u7684\u6781\u7aef\u9ad8\u6e29\u4f1a\u53d8\u5f97\u66f4\u52a0\u4e25\u91cd\u3002\u5728\u8fd9\u79cd\u60c5\u51b5\u4e0b\uff0c\u53d7\u5f71\u54cd\u7684\u4eba\u6570\u51e0\u4e4e\u662f\u6c14\u6e29\u4e0a\u5347 1.5 \u6444\u6c0f\u5ea6\u65f6\u7684\u4e24\u500d\u534a\u3002\u5982\u679c\u6c14\u6e29\u8fbe\u5230 1.5 \u6444\u6c0f\u5ea6\uff0c\u5317\u51b0\u6d0b\u590f\u5b63\u4e0d\u7ed3\u51b0\u7684\u60c5\u51b5\u53ef\u80fd\u4e00\u767e\u5e74\u624d\u4f1a\u51fa\u73b0\u4e00\u6b21\uff1b\u5982\u679c\u6c14\u6e29\u8fbe\u5230 2 \u6444\u6c0f\u5ea6\uff0c\u5219\u6bcf\u5341\u5e74\u624d\u4f1a\u51fa\u73b0\u4e00\u6b21\u3002<br \/>\u9884\u671f\u3002.<\/p>\t\t\t\t\t\t\t\t<\/div>\n\t\t\t\t\t<\/div>\n\t\t<\/div>\n\t\t\t\t\t<\/div>\n\t\t<\/section>\n\t\t<div class=\"elementor-element elementor-element-392e95ed e-flex e-con-boxed e-con e-parent\" data-id=\"392e95ed\" data-element_type=\"container\" data-e-type=\"container\">\n\t\t\t\t\t<div class=\"e-con-inner\">\n\t\t<div class=\"elementor-element elementor-element-18520035 e-con-full e-flex e-con e-child\" data-id=\"18520035\" data-element_type=\"container\" data-e-type=\"container\">\n\t\t\t\t<div class=\"elementor-element elementor-element-3de384e0 elementor-invisible elementor-widget elementor-widget-heading\" data-id=\"3de384e0\" data-element_type=\"widget\" data-e-type=\"widget\" data-settings=\"{&quot;_animation&quot;:&quot;fadeInLeft&quot;}\" data-widget_type=\"heading.default\">\n\t\t\t\t\t<h2 class=\"elementor-heading-title elementor-size-default\">\u79d1\u5b66\u6d4b\u91cf<\/h2>\t\t\t\t<\/div>\n\t\t\t\t<div class=\"elementor-element elementor-element-167e3cc2 elementor-invisible elementor-widget elementor-widget-text-editor\" data-id=\"167e3cc2\" data-element_type=\"widget\" data-e-type=\"widget\" data-settings=\"{&quot;_animation&quot;:&quot;fadeInLeft&quot;,&quot;_animation_delay&quot;:1000}\" data-widget_type=\"text-editor.default\">\n\t\t\t\t\t\t\t\t\t<p>\u79d1\u5b66\u5bb6\u4eec\u65e9\u5c31\u8ba4\u8bc6\u5230\u6c14\u5019\u6b63\u5728\u53d1\u751f\u53d8\u5316\u3002\u6700\u8fd1\u7684\u6d4b\u91cf\u663e\u793a\uff0c\u6c14\u6e29\u5df2\u7ecf\u4e0a\u5347\u4e86\u5f88\u591a\u3002\u6c14\u6e29\u4e0a\u5347\u7684\u4e3b\u8981\u539f\u56e0\u662f\u5de5\u5382\u548c\u8f66\u8f86\u9020\u6210\u7684\u3002\u7279\u522b\u662f\u5728\u4e0a\u4e2a\u4e16\u7eaa\uff0c\u8fd9\u4e00\u8fc7\u7a0b\u6108\u6f14\u6108\u70c8\uff0c\u4ea7\u751f\u4e86\u76f4\u63a5\u5f71\u54cd\u3002\u6839\u636e\u6d4b\u91cf\u7ed3\u679c\uff0c\u73b0\u5728\u7684\u5dee\u5f02\u975e\u5e38\u660e\u663e\u3002\u6e29\u5ea6\u503c\u660e\u663e\u4e0d\u540c\u4e8e\u4ee5\u5f80\u3002\u4eba\u4e3a\u6c14\u4f53\u5728\u5176\u4e2d\u8d77\u5230\u4e86\u5173\u952e\u4f5c\u7528\u3002\u89c2\u6d4b\u5230\u7684\u53d8\u5316\u4e0d\u80fd\u5b8c\u5168\u7528\u81ea\u7136\u5468\u671f\u6765\u89e3\u91ca\u3002\u6570\u636e\u8fd8\u663e\u793a\uff0c\u4e0e\u524d\u51e0\u5341\u5e74\u76f8\u6bd4\uff0c\u8fd9\u4e00\u8fc7\u7a0b\u6b63\u5728\u52a0\u901f\u3002.<span class=\"Apple-converted-space\">\u00a0<\/span><\/p><p>\u4e3b\u8981\u62a5\u544a\u90fd\u8bc1\u5b9e\u4e86\u8fd9\u4e00\u70b9\u3002\u8fd9\u4e9b\u6570\u5b57\u5df2\u5728\u8d44\u6599\u6765\u6e90\u4e2d\u53cd\u590d\u6838\u5b9e\u3002.<span class=\"Apple-converted-space\">\u00a0<\/span><\/p>\t\t\t\t\t\t\t\t<\/div>\n\t\t\t\t<div class=\"elementor-element elementor-element-1a5196f elementor-invisible elementor-widget elementor-widget-heading\" data-id=\"1a5196f\" data-element_type=\"widget\" data-e-type=\"widget\" data-settings=\"{&quot;_animation&quot;:&quot;fadeInLeft&quot;}\" data-widget_type=\"heading.default\">\n\t\t\t\t\t<h2 class=\"elementor-heading-title elementor-size-default\">\u6392\u653e\u72b6\u6001<\/h2>\t\t\t\t<\/div>\n\t\t\t\t<div class=\"elementor-element elementor-element-4f4bc9a elementor-invisible elementor-widget elementor-widget-text-editor\" data-id=\"4f4bc9a\" data-element_type=\"widget\" data-e-type=\"widget\" data-settings=\"{&quot;_animation&quot;:&quot;fadeInLeft&quot;,&quot;_animation_delay&quot;:1000}\" data-widget_type=\"text-editor.default\">\n\t\t\t\t\t\t\t\t\t<p>\u5728\u78b3\u8017\u5c3d\u7684\u5730\u65b9\uff0c\u6e29\u5ea6\u4e0d\u4f1a\u505c\u6b62\u4e0a\u5347\u3002\u5f53\u4eca\u4e16\u754c\u6392\u653e\u7684\u4e8c\u6c27\u5316\u78b3\u7ea6\u4e3a 400 \u4ebf\u5428\uff0c\u5bfc\u81f4\u78b3\u5e93\u6bcf\u5e74\u8fc5\u901f\u51cf\u5c11\u3002\u4e3a\u4e86\u7ef4\u6301 1.5 \u6444\u6c0f\u5ea6\u7684\u6781\u9650\uff0c\u6211\u4eec\u6240\u62e5\u6709\u7684\u4f3c\u4e4e\u8fd8\u4e0d\u591f\u3002\u53ef\u5229\u7528\u7684\u90e8\u5206\u8fdf\u65e9\u4f1a\u5f52\u96f6\uff0c\u4e13\u5bb6\u79f0\u8fd9\u53ef\u80fd\u4f1a\u5728 2030 \u5e74\u524d\u53d1\u751f\u3002\u65f6\u95f4\u5728\u6d41\u901d\uff0c\u8ba1\u6570\u5728\u7ee7\u7eed\u3002\u5728\u67d0\u4e9b\u6708\u4efd\uff0c\u5c24\u5176\u662f 2023 \u5e74\u81f3 2024 \u5e74\u671f\u95f4\uff0c\u5168\u7403\u6d4b\u5f97\u7684\u6c14\u6e29\u66fe\u77ed\u6682\u8d85\u8fc7 1.5 \u6444\u6c0f\u5ea6\u3002\u7136\u800c\uff0c\u5f53\u4e13\u5bb6\u4eec\u8c08\u5230\u8fd9\u79cd\u60c5\u51b5\u65f6\uff0c\u4ed6\u4eec\u662f\u4ee5\u4e8c\u5341\u5e74\u7684\u5e73\u5747\u6c14\u6e29\u4e3a\u57fa\u7840\u7684\u3002.<span class=\"Apple-converted-space\">\u00a0<\/span><\/p>\t\t\t\t\t\t\t\t<\/div>\n\t\t\t\t<div class=\"elementor-element elementor-element-b968c02 elementor-invisible elementor-widget elementor-widget-heading\" data-id=\"b968c02\" data-element_type=\"widget\" data-e-type=\"widget\" data-settings=\"{&quot;_animation&quot;:&quot;fadeInLeft&quot;}\" data-widget_type=\"heading.default\">\n\t\t\t\t\t<h2 class=\"elementor-heading-title elementor-size-default\">\u53ef\u7528\u6570\u636e<\/h2>\t\t\t\t<\/div>\n\t\t\t\t<div class=\"elementor-element elementor-element-79e8998 elementor-invisible elementor-widget elementor-widget-text-editor\" data-id=\"79e8998\" data-element_type=\"widget\" data-e-type=\"widget\" data-settings=\"{&quot;_animation&quot;:&quot;fadeInLeft&quot;,&quot;_animation_delay&quot;:1000}\" data-widget_type=\"text-editor.default\">\n\t\t\t\t\t\t\t\t\t<p>\u4e16\u754c\u6c14\u8c61\u7ec4\u7ec7\u548c\u6b27\u76df\u54e5\u767d\u5c3c\u6c14\u5019\u53d8\u5316\u670d\u52a1\u673a\u6784\u5728\u5206\u6790\u672a\u6765\u5929\u6c14\u4e8b\u4ef6\u65f6\u786e\u8ba4\uff0c2023 \u5e74\u5c06\u662f\u6709\u53f2\u4ee5\u6765\u6700\u70ed\u7684\u4e00\u5e74\u3002\u516c\u5e03\u7684\u4fe1\u606f\u57fa\u4e8e 2024 \u5e74 1 \u6708\u7684\u6570\u636e\u3002\u5728\u8fc7\u53bb\u7684 12 \u4e2a\u6708\u91cc\uff0c\u5168\u7403\u5e73\u5747\u6c14\u6e29\u6bd4\u5de5\u4e1a\u5316\u524d\u4e0a\u5347\u4e86 1.52\u00b0C\u3002\u6362\u53e5\u8bdd\u8bf4\uff0c\u5728\u77ed\u671f\u5185\u9996\u6b21\u8d85\u8fc7\u4e86 1.5\u00b0C \u7684\u4e34\u754c\u503c\u3002\u867d\u7136\u4e8c\u5341\u5e74\u7684\u5e73\u5747\u503c\u662f\u5173\u952e\u70b9\uff0c\u4f46\u5373\u4f7f\u662f 12 \u4e2a\u6708\u4e5f\u80fd\u63d0\u4f9b\u663e\u8457\u7684\u7ebf\u7d22\u3002\u4ece\u8d8b\u52bf\u4e0a\u770b\uff0c\u6c14\u6e29\u4e0a\u5347\u7684\u901f\u5ea6\u8fdc\u8fdc\u8d85\u8fc7\u9884\u671f\u3002\u540c\u65f6\uff0c\u6839\u636e\u653f\u5e9c\u95f4\u6c14\u5019\u53d8\u5316\u4e13\u95e8\u59d4\u5458\u4f1a\uff08IPCC\uff09\u7ed8\u5236\u7684\u56fe\u666f\uff0c\u5982\u679c\u4e0d\u6539\u53d8\u5f53\u524d\u7684\u89c4\u5219\uff0c\u5230 2030 \u5e74\uff0c\u6c14\u6e29\u4e0a\u5347\u7684\u6781\u9650\u4ecd\u5c06\u843d\u540e\u3002.<span class=\"Apple-converted-space\">\u00a0<\/span><\/p>\t\t\t\t\t\t\t\t<\/div>\n\t\t\t\t<div class=\"elementor-element elementor-element-ea75b19 elementor-invisible elementor-widget elementor-widget-heading\" data-id=\"ea75b19\" data-element_type=\"widget\" data-e-type=\"widget\" data-settings=\"{&quot;_animation&quot;:&quot;fadeInLeft&quot;}\" data-widget_type=\"heading.default\">\n\t\t\t\t\t<h2 class=\"elementor-heading-title elementor-size-default\">\u6392\u653e\u5dee\u8ddd\u4e0e\u7ecf\u6d4e<\/h2>\t\t\t\t<\/div>\n\t\t\t\t<div class=\"elementor-element elementor-element-e749593 elementor-invisible elementor-widget elementor-widget-text-editor\" data-id=\"e749593\" data-element_type=\"widget\" data-e-type=\"widget\" data-settings=\"{&quot;_animation&quot;:&quot;fadeInLeft&quot;,&quot;_animation_delay&quot;:1000}\" data-widget_type=\"text-editor.default\">\n\t\t\t\t\t\t\t\t\t<p>K\u00fcresel sal\u0131n\u0131mlar azalmak yerine art\u0131\u015f e\u011filimindedir. Halbuki 2030\u2019a dek bu de\u011ferlerin %43 gerilemesi gerekti\u011fi hesaplanmaktad\u0131r. \u015eu anda y\u00fcr\u00fcrl\u00fckte olan kurallar alt\u0131nda, y\u00fczy\u0131l sonunda d\u00fcnya s\u0131cakl\u0131\u011f\u0131n\u0131n yakla\u015f\u0131k 2.5\u00b0C ile 2.9\u00b0C y\u00fckselmesi beklenmektedir. Bu durum Birle\u015fmi\u015f Milletler\u2019in \u00e7evre kolu taraf\u0131ndan haz\u0131rlanan raporda a\u00e7\u0131k\u00e7a ortaya konmaktad\u0131r. Ekonominin dengesi, 1.5 derece s\u0131n\u0131r\u0131n\u0131n geride kalmas\u0131 halinde ciddi sars\u0131nt\u0131 ya\u015fayacakt\u0131r. 2024 verilerine dayal\u0131 finansal hesaplamalar, do\u011fal afetlerin k\u00fcresel gelire y\u0131ll\u0131k maliyetinin milyarlarca dolara ula\u015ft\u0131\u011f\u0131n\u0131 g\u00f6stermektedir. S\u0131cakl\u0131k iki derece daha t\u0131rman\u0131rsa, GSY\u0130H&#8217;\u0131n onda birinden fazlas\u0131n\u0131 kaybetmek s\u00f6z konusudur.<span class=\"Apple-converted-space\">\u00a0<\/span><\/p>\t\t\t\t\t\t\t\t<\/div>\n\t\t\t\t<div class=\"elementor-element elementor-element-0aa4b6f elementor-invisible elementor-widget elementor-widget-heading\" data-id=\"0aa4b6f\" data-element_type=\"widget\" data-e-type=\"widget\" data-settings=\"{&quot;_animation&quot;:&quot;fadeInLeft&quot;}\" data-widget_type=\"heading.default\">\n\t\t\t\t\t<h2 class=\"elementor-heading-title elementor-size-default\">\u5e72\u9884\u548c\u9002\u5e94\u8fc7\u7a0b<\/h2>\t\t\t\t<\/div>\n\t\t\t\t<div class=\"elementor-element elementor-element-7c12c80 elementor-invisible elementor-widget elementor-widget-text-editor\" data-id=\"7c12c80\" data-element_type=\"widget\" data-e-type=\"widget\" data-settings=\"{&quot;_animation&quot;:&quot;fadeInLeft&quot;,&quot;_animation_delay&quot;:1000}\" data-widget_type=\"text-editor.default\">\n\t\t\t\t\t\t\t\t\t<p>\u79d1\u5b66\u5bb6\u4eec\u8ba4\u4e3a\uff0c1.5\u00b0C \u7684\u9650\u5236\u5728\u6280\u672f\u4e0a\u662f\u53ef\u4ee5\u5b9e\u73b0\u7684\uff0c\u4f46\u7f3a\u4e4f\u653f\u7b56\u52a8\u529b\u3002\u8981\u575a\u6301\u8fd9\u4e00\u8def\u7ebf\u56fe\uff0c\u5fc5\u987b\u52a0\u5feb\u78b3\u6e05\u9664\u65b9\u6cd5\u7684\u53d1\u5c55\u3002\u5982\u679c\u8d2b\u56f0\u5730\u533a\u80fd\u591f\u589e\u52a0\u5bf9\u6c14\u5019\u7684\u652f\u6301\uff0c\u5c31\u6709\u53ef\u80fd\u7ef4\u6301\u5168\u7403\u5e73\u8861\u3002\u6539\u5584\u80fd\u6e90\u7cfb\u7edf<span class=\"Apple-converted-space\">\u00a0<\/span><\/p><p>\u4e3a\u4e86\u5b50\u5b59\u540e\u4ee3\uff0c\u6539\u53d8\u5df2\u6210\u4e3a\u4e00\u79cd\u5fc5\u7136\u3002\u5de5\u4e1a\u6cd5\u89c4\u4e0d\u4ec5\u4fdd\u62a4\u81ea\u7136\uff0c\u4e5f\u51b3\u5b9a\u7740\u7ecf\u6d4e\u7684\u5f39\u6027\u3002.<span class=\"Apple-converted-space\">\u00a0<\/span><\/p>\t\t\t\t\t\t\t\t<\/div>\n\t\t\t\t<div class=\"elementor-element elementor-element-d274ba1 elementor-invisible elementor-widget elementor-widget-heading\" data-id=\"d274ba1\" data-element_type=\"widget\" data-e-type=\"widget\" data-settings=\"{&quot;_animation&quot;:&quot;fadeInLeft&quot;}\" data-widget_type=\"heading.default\">\n\t\t\t\t\t<h2 class=\"elementor-heading-title elementor-size-default\">\u7ed3\u8bba<\/h2>\t\t\t\t<\/div>\n\t\t\t\t<div class=\"elementor-element elementor-element-ebe836f elementor-invisible elementor-widget elementor-widget-text-editor\" data-id=\"ebe836f\" data-element_type=\"widget\" data-e-type=\"widget\" data-settings=\"{&quot;_animation&quot;:&quot;fadeInLeft&quot;,&quot;_animation_delay&quot;:1000}\" data-widget_type=\"text-editor.default\">\n\t\t\t\t\t\t\t\t\t<p>\u6709\u4e9b\u4eba\u8ba4\u4e3a\uff0c1.5\u00b0C \u7684\u6781\u9650\u5df2\u7ecf\u8de8\u8fc7\uff0c\u4f46\u4ece\u79d1\u5b66\u89d2\u5ea6\u6765\u770b\uff0c\u8fd9\u4e00\u70b9\u5c1a\u672a\u8fbe\u5230\u3002\u6bcf\u4e00\u6b21\u6c14\u6e29\u5347\u9ad8\u90fd\u4f1a\u52a0\u5267\u707e\u5bb3\u3001\u524a\u5f31\u81ea\u7136\u548c\u6270\u4e71\u7ecf\u6d4e\u8fdb\u7a0b\u3002\u653f\u5e9c\u662f\u5426\u4f1a\u4ee5\u79d1\u5b66\u4e3a\u4f9d\u636e\uff0c\u4e3a\u5b50\u5b59\u540e\u4ee3\u7559\u4e0b\u4e00\u4e2a\u9002\u5b9c\u5c45\u4f4f\u7684\u4e16\u754c\uff0c\u8fd9\u662f\u5f53\u4eca\u51b3\u7b56\u673a\u6784\u7684\u57fa\u672c\u8d23\u4efb\u3002.<span class=\"Apple-converted-space\">\u00a0<\/span><\/p>\t\t\t\t\t\t\t\t<\/div>\n\t\t\t\t<\/div>\n\t\t\t\t\t<\/div>\n\t\t\t\t<\/div>\n\t\t\t\t<\/div>","protected":false},"excerpt":{"rendered":"<p>1.5\u00b0C Hedefi 1.5\u00b0C Hedefi Fiilen A\u015f\u0131ld\u0131 m\u0131? Bilim Ne Diyor? \u00a0Bir bu\u00e7uk derece hedefine y\u00f6nelik mevcut yolun t\u00fckenip t\u00fckenmedi\u011fi konusu, [&hellip;]<\/p>\n","protected":false},"author":1,"featured_media":0,"parent":0,"menu_order":0,"comment_status":"closed","ping_status":"closed","template":"","meta":{"om_disable_all_campaigns":false,"_monsterinsights_skip_tracking":false,"_monsterinsights_sitenote_active":false,"_monsterinsights_sitenote_note":"","_monsterinsights_sitenote_category":0,"site-sidebar-layout":"no-sidebar","site-content-layout":"page-builder","ast-site-content-layout":"full-width-container","site-content-style":"default","site-sidebar-style":"default","ast-global-header-display":"","ast-banner-title-visibility":"","ast-main-header-display":"","ast-hfb-above-header-display":"","ast-hfb-below-header-display":"","ast-hfb-mobile-header-display":"","site-post-title":"disabled","ast-breadcrumbs-content":"","ast-featured-img":"disabled","footer-sml-layout":"","theme-transparent-header-meta":"enabled","adv-header-id-meta":"","stick-header-meta":"","header-above-stick-meta":"","header-main-stick-meta":"","header-below-stick-meta":"","astra-migrate-meta-layouts":"set","ast-page-background-enabled":"default","ast-page-background-meta":{"desktop":{"background-color":"","background-image":"","background-repeat":"repeat","background-position":"center center","background-size":"auto","background-attachment":"scroll","background-type":"","background-media":"","overlay-type":"","overlay-color":"","overlay-opacity":"","overlay-gradient":""},"tablet":{"background-color":"","background-image":"","background-repeat":"repeat","background-position":"center center","background-size":"auto","background-attachment":"scroll","background-type":"","background-media":"","overlay-type":"","overlay-color":"","overlay-opacity":"","overlay-gradient":""},"mobile":{"background-color":"","background-image":"","background-repeat":"repeat","background-position":"center center","background-size":"auto","background-attachment":"scroll","background-type":"","background-media":"","overlay-type":"","overlay-color":"","overlay-opacity":"","overlay-gradient":""}},"ast-content-background-meta":{"desktop":{"background-color":"var(--ast-global-color-5)","background-image":"","background-repeat":"repeat","background-position":"center center","background-size":"auto","background-attachment":"scroll","background-type":"","background-media":"","overlay-type":"","overlay-color":"","overlay-opacity":"","overlay-gradient":""},"tablet":{"background-color":"var(--ast-global-color-5)","background-image":"","background-repeat":"repeat","background-position":"center center","background-size":"auto","background-attachment":"scroll","background-type":"","background-media":"","overlay-type":"","overlay-color":"","overlay-opacity":"","overlay-gradient":""},"mobile":{"background-color":"var(--ast-global-color-5)","background-image":"","background-repeat":"repeat","background-position":"center center","background-size":"auto","background-attachment":"scroll","background-type":"","background-media":"","overlay-type":"","overlay-color":"","overlay-opacity":"","overlay-gradient":""}},"footnotes":""},"class_list":["post-1573","page","type-page","status-publish","hentry"],"aioseo_notices":[],"_links":{"self":[{"href":"https:\/\/www.copantalya.com\/zh\/wp-json\/wp\/v2\/pages\/1573","targetHints":{"allow":["GET"]}}],"collection":[{"href":"https:\/\/www.copantalya.com\/zh\/wp-json\/wp\/v2\/pages"}],"about":[{"href":"https:\/\/www.copantalya.com\/zh\/wp-json\/wp\/v2\/types\/page"}],"author":[{"embeddable":true,"href":"https:\/\/www.copantalya.com\/zh\/wp-json\/wp\/v2\/users\/1"}],"replies":[{"embeddable":true,"href":"https:\/\/www.copantalya.com\/zh\/wp-json\/wp\/v2\/comments?post=1573"}],"version-history":[{"count":31,"href":"https:\/\/www.copantalya.com\/zh\/wp-json\/wp\/v2\/pages\/1573\/revisions"}],"predecessor-version":[{"id":1730,"href":"https:\/\/www.copantalya.com\/zh\/wp-json\/wp\/v2\/pages\/1573\/revisions\/1730"}],"wp:attachment":[{"href":"https:\/\/www.copantalya.com\/zh\/wp-json\/wp\/v2\/media?parent=1573"}],"curies":[{"name":"wp","href":"https:\/\/api.w.org\/{rel}","templated":true}]}}